{"id":33518,"date":"2026-03-04T03:49:39","date_gmt":"2026-03-04T03:49:39","guid":{"rendered":"https:\/\/vitablanca.ma\/produit\/vaseline-healthy-bright-gluta-hya-dewy-radiance-330ml\/"},"modified":"2026-03-11T01:05:25","modified_gmt":"2026-03-11T01:05:25","slug":"vaseline-healthy-bright-gluta-hya-dewy-radiance-330ml","status":"publish","type":"product","link":"https:\/\/vitablanca.ma\/en\/product\/vaseline-healthy-bright-gluta-hya-dewy-radiance-330ml\/","title":{"rendered":"Vaseline &#8211; Healthy Bright &#8211; Gluta-Hya Dewy Radiance 330ml"},"content":{"rendered":"<p data-end=\"723\" data-start=\"251\"><strong>Le Vaseline Healthy Bright Gluta-Hya Dewy Radiance<\/strong> est un s\u00e9rum-en-lotion hydratant et illuminateur, sp\u00e9cialement formul\u00e9 pour offrir \u00e0 la peau un \u00e9clat naturel et une hydratation intense. Sa formule combine\u00a0<strong data-end=\"492\" data-start=\"479\">GlutaGlow<\/strong>,\u00a0<strong data-end=\"516\" data-start=\"494\">hyaluronic acid<\/strong>\u00a0And\u00a0<strong data-end=\"535\" data-start=\"520\">niacinamide<\/strong>\u00a0pour agir en profondeur sur l\u2019\u00e9clat et l\u2019homog\u00e9n\u00e9it\u00e9 du teint. Plus puissant que la vitamine C, ce soin aide \u00e0 r\u00e9duire les taches sombres et \u00e0 r\u00e9v\u00e9ler une peau plus lumineuse et radieuse.<\/p>\n<p data-end=\"742\" data-start=\"725\"><strong data-end=\"740\" data-start=\"725\">Benefits:<\/strong><\/p>\n<ul data-end=\"1341\" data-start=\"743\">\n<li data-end=\"829\" data-start=\"743\">\n<p data-end=\"829\" data-start=\"745\"><strong data-end=\"765\" data-start=\"745\">\u00c9clat renforc\u00e9 :<\/strong>\u00a0le GlutaGlow illumine la peau et aide \u00e0 uniformiser le teint.<\/p>\n<\/li>\n<li data-end=\"933\" data-start=\"830\">\n<p data-end=\"933\" data-start=\"832\"><strong data-end=\"858\" data-start=\"832\">Deep hydration:<\/strong>\u00a0l\u2019acide hyaluronique retient l\u2019humidit\u00e9 pour une peau repulp\u00e9e et douce.<\/p>\n<\/li>\n<li data-end=\"1036\" data-start=\"934\">\n<p data-end=\"1036\" data-start=\"936\"><strong data-end=\"962\" data-start=\"936\">R\u00e9duction des taches :<\/strong>\u00a0la niacinamide agit sur l\u2019hyperpigmentation et affine le grain de peau.<\/p>\n<\/li>\n<li data-end=\"1118\" data-start=\"1037\">\n<p data-end=\"1118\" data-start=\"1039\"><strong data-end=\"1065\" data-start=\"1039\">Texture non collante :<\/strong>\u00a0p\u00e9n\u00e8tre rapidement et procure un confort imm\u00e9diat.<\/p>\n<\/li>\n<li data-end=\"1228\" data-start=\"1119\">\n<p data-end=\"1228\" data-start=\"1121\"><strong data-end=\"1147\" data-start=\"1121\">Action anti-oxydante :<\/strong>\u00a0prot\u00e8ge la peau contre les agressions ext\u00e9rieures responsables du teint terne.<\/p>\n<\/li>\n<li data-end=\"1341\" data-start=\"1229\">\n<p data-end=\"1341\" data-start=\"1231\"><strong data-end=\"1261\" data-start=\"1231\">Peau \u00e9clatante et souple :<\/strong>\u00a0am\u00e9liore la luminosit\u00e9 et la sant\u00e9 g\u00e9n\u00e9rale de la peau au fil des applications.<\/p>\n<\/li>\n<\/ul>\n<p data-end=\"1520\" data-start=\"1343\"><strong data-end=\"1371\" data-start=\"1343\">Directions for use:<\/strong><br data-end=\"1374\" data-start=\"1371\" \/>Appliquer sur tout le corps matin et soir, apr\u00e8s la douche, sur peau propre et l\u00e9g\u00e8rement humide. Utiliser r\u00e9guli\u00e8rement pour un r\u00e9sultat optimal.<\/p>\n<p data-end=\"1612\" data-start=\"1522\"><strong data-end=\"1540\" data-start=\"1522\">Skin type:<\/strong><br data-end=\"1543\" data-start=\"1540\" \/>Convient \u00e0 tous les types de peaux, y compris ternes ou d\u00e9shydrat\u00e9es.<\/p>\n<p data-end=\"1638\" data-start=\"1614\"><strong data-end=\"1630\" data-start=\"1614\">Capacity:<\/strong><br data-end=\"1633\" data-start=\"1630\" \/>330 ml<\/p>\n<p data-end=\"1665\" data-start=\"1640\"><strong data-end=\"1653\" data-start=\"1640\">Origine :<\/strong><br data-end=\"1656\" data-start=\"1653\" \/>Tha\u00eflande<\/p>","protected":false},"excerpt":{"rendered":"<p>Le Vaseline Healthy Bright Gluta-Hya Dewy Radiance est un s\u00e9rum-en-lotion hydratant et illuminateur, sp\u00e9cialement formul\u00e9 pour offrir \u00e0 la peau un \u00e9clat naturel et une hydratation intense. Sa formule combine\u00a0GlutaGlow,\u00a0acide hyaluronique\u00a0et\u00a0niacinamide\u00a0pour agir en profondeur sur l\u2019\u00e9clat et l\u2019homog\u00e9n\u00e9it\u00e9 du teint. Plus puissant que la vitamine C, ce soin aide \u00e0 r\u00e9duire les taches sombres et [&hellip;]<\/p>\n","protected":false},"featured_media":33513,"template":"","meta":[],"product_brand":[],"product_cat":[18,15],"product_tag":[11827,11831,11830,3474,6810,6416,11828,6304,8135,11829],"class_list":{"0":"post-33518","1":"product","2":"type-product","3":"status-publish","4":"has-post-thumbnail","6":"product_cat-beaute-sante","7":"product_cat-beaute-sante-complements-alimentaires-soins-et-bien-etre-au-meilleur-prix","8":"product_tag-body-care","9":"product_tag-body-lotion","10":"product_tag-gluta-hya","11":"product_tag-hydratation-peau","12":"product_tag-lotion-corps","13":"product_tag-peau-eclatante","14":"product_tag-skincare","15":"product_tag-soin-corps","16":"product_tag-vaseline","17":"product_tag-vaseline-healthy-bright","19":"first","20":"instock","21":"taxable","22":"shipping-taxable","23":"purchasable","24":"product-type-simple"},"yoast_head":"<!-- This site is optimized with the Yoast SEO plugin v27.6 - https:\/\/yoast.com\/product\/yoast-seo-wordpress\/ -->\n<title>Vaseline - Healthy Bright - Gluta-Hya Radiance 330ml - Maroc Prix<\/title>\n<meta name=\"description\" content=\"Lotion corps Vaseline Healthy Bright Gluta-Hya Dewy Radiance 330ml pour une peau lumineuse et hydrat\u00e9e. Formule au Gluta-Glow et acide hyaluronique .\" \/>\n<meta name=\"robots\" content=\"index, follow, max-snippet:-1, max-image-preview:large, max-video-preview:-1\" \/>\n<link rel=\"canonical\" href=\"https:\/\/vitablanca.ma\/en\/product\/vaseline-healthy-bright-gluta-hya-dewy-radiance-330ml\/\" \/>\n<meta property=\"og:locale\" content=\"en_US\" \/>\n<meta property=\"og:type\" content=\"article\" \/>\n<meta property=\"og:title\" content=\"Vaseline - Healthy Bright - Gluta-Hya Radiance 330ml - Maroc Prix\" \/>\n<meta property=\"og:description\" content=\"Lotion corps Vaseline Healthy Bright Gluta-Hya Dewy Radiance 330ml pour une peau lumineuse et hydrat\u00e9e. Formule au Gluta-Glow et acide hyaluronique .\" \/>\n<meta property=\"og:url\" content=\"https:\/\/vitablanca.ma\/en\/product\/vaseline-healthy-bright-gluta-hya-dewy-radiance-330ml\/\" \/>\n<meta property=\"og:site_name\" content=\"Vitablanca.ma &ndash; Sant&eacute;, vitalit&eacute; et bien-&ecirc;tre pour tous les Marocains\" \/>\n<meta property=\"article:publisher\" content=\"https:\/\/www.facebook.com\/profile.php?id=61576678196717\" \/>\n<meta property=\"article:modified_time\" content=\"2026-03-11T01:05:25+00:00\" \/>\n<meta property=\"og:image\" content=\"https:\/\/vitablanca.ma\/wp-content\/uploads\/2026\/03\/VaselineHealthyBright_Gluta-HyaDewyRadiance1.jpg\" \/>\n\t<meta property=\"og:image:width\" content=\"1080\" \/>\n\t<meta property=\"og:image:height\" content=\"1080\" \/>\n\t<meta property=\"og:image:type\" content=\"image\/jpeg\" \/>\n<meta name=\"twitter:card\" content=\"summary_large_image\" \/>\n<meta name=\"twitter:label1\" content=\"Est. reading time\" \/>\n\t<meta name=\"twitter:data1\" content=\"2 minutes\" \/>\n<script type=\"application\/ld+json\" class=\"yoast-schema-graph\">{\"@context\":\"https:\\\/\\\/schema.org\",\"@graph\":[{\"@type\":[\"WebPage\",\"ItemPage\"],\"@id\":\"https:\\\/\\\/vitablanca.ma\\\/produit\\\/vaseline-healthy-bright-gluta-hya-dewy-radiance-330ml\\\/\",\"url\":\"https:\\\/\\\/vitablanca.ma\\\/produit\\\/vaseline-healthy-bright-gluta-hya-dewy-radiance-330ml\\\/\",\"name\":\"Vaseline - Healthy Bright - Gluta-Hya Radiance 330ml - Maroc Prix\",\"isPartOf\":{\"@id\":\"https:\\\/\\\/vitablanca.ma\\\/#website\"},\"primaryImageOfPage\":{\"@id\":\"https:\\\/\\\/vitablanca.ma\\\/produit\\\/vaseline-healthy-bright-gluta-hya-dewy-radiance-330ml\\\/#primaryimage\"},\"image\":{\"@id\":\"https:\\\/\\\/vitablanca.ma\\\/produit\\\/vaseline-healthy-bright-gluta-hya-dewy-radiance-330ml\\\/#primaryimage\"},\"thumbnailUrl\":\"https:\\\/\\\/vitablanca.ma\\\/wp-content\\\/uploads\\\/2026\\\/03\\\/VaselineHealthyBright_Gluta-HyaDewyRadiance1.jpg\",\"datePublished\":\"2026-03-04T03:49:39+00:00\",\"dateModified\":\"2026-03-11T01:05:25+00:00\",\"description\":\"Lotion corps Vaseline Healthy Bright Gluta-Hya Dewy Radiance 330ml pour une peau lumineuse et hydrat\u00e9e. Formule au Gluta-Glow et acide hyaluronique .\",\"breadcrumb\":{\"@id\":\"https:\\\/\\\/vitablanca.ma\\\/produit\\\/vaseline-healthy-bright-gluta-hya-dewy-radiance-330ml\\\/#breadcrumb\"},\"inLanguage\":\"en-US\",\"potentialAction\":[{\"@type\":\"ReadAction\",\"target\":[\"https:\\\/\\\/vitablanca.ma\\\/produit\\\/vaseline-healthy-bright-gluta-hya-dewy-radiance-330ml\\\/\"]}]},{\"@type\":\"ImageObject\",\"inLanguage\":\"en-US\",\"@id\":\"https:\\\/\\\/vitablanca.ma\\\/produit\\\/vaseline-healthy-bright-gluta-hya-dewy-radiance-330ml\\\/#primaryimage\",\"url\":\"https:\\\/\\\/vitablanca.ma\\\/wp-content\\\/uploads\\\/2026\\\/03\\\/VaselineHealthyBright_Gluta-HyaDewyRadiance1.jpg\",\"contentUrl\":\"https:\\\/\\\/vitablanca.ma\\\/wp-content\\\/uploads\\\/2026\\\/03\\\/VaselineHealthyBright_Gluta-HyaDewyRadiance1.jpg\",\"width\":1080,\"height\":1080},{\"@type\":\"BreadcrumbList\",\"@id\":\"https:\\\/\\\/vitablanca.ma\\\/produit\\\/vaseline-healthy-bright-gluta-hya-dewy-radiance-330ml\\\/#breadcrumb\",\"itemListElement\":[{\"@type\":\"ListItem\",\"position\":1,\"name\":\"Home\",\"item\":\"https:\\\/\\\/vitablanca.ma\\\/\"},{\"@type\":\"ListItem\",\"position\":2,\"name\":\"Tous Les Produits\",\"item\":\"https:\\\/\\\/vitablanca.ma\\\/tous-les-produits\\\/\"},{\"@type\":\"ListItem\",\"position\":3,\"name\":\"Vaseline &#8211; Healthy Bright &#8211; Gluta-Hya Dewy Radiance 330ml\"}]},{\"@type\":\"WebSite\",\"@id\":\"https:\\\/\\\/vitablanca.ma\\\/#website\",\"url\":\"https:\\\/\\\/vitablanca.ma\\\/\",\"name\":\"VitaBlanca.ma | Compl\u00e9ments alimentaires, sant\u00e9 & beaut\u00e9 au Maroc\",\"description\":\"vendre vitamines et compl\u00e9ments premium des USA &amp; Canada, Nouvelle Z\u00e9lande,Maroc (NOW Foods, Solgar, Manuka). Livraison rapide partout au Maroc.\",\"publisher\":{\"@id\":\"https:\\\/\\\/vitablanca.ma\\\/#organization\"},\"alternateName\":\"VitaBlanca.ma\",\"potentialAction\":[{\"@type\":\"SearchAction\",\"target\":{\"@type\":\"EntryPoint\",\"urlTemplate\":\"https:\\\/\\\/vitablanca.ma\\\/?s={search_term_string}\"},\"query-input\":{\"@type\":\"PropertyValueSpecification\",\"valueRequired\":true,\"valueName\":\"search_term_string\"}}],\"inLanguage\":\"en-US\"},{\"@type\":\"Organization\",\"@id\":\"https:\\\/\\\/vitablanca.ma\\\/#organization\",\"name\":\"VitaBlanca\",\"url\":\"https:\\\/\\\/vitablanca.ma\\\/\",\"logo\":{\"@type\":\"ImageObject\",\"inLanguage\":\"en-US\",\"@id\":\"https:\\\/\\\/vitablanca.ma\\\/#\\\/schema\\\/logo\\\/image\\\/\",\"url\":\"https:\\\/\\\/vitablanca.ma\\\/wp-content\\\/uploads\\\/2025\\\/05\\\/cropped-vitablanca.png\",\"contentUrl\":\"https:\\\/\\\/vitablanca.ma\\\/wp-content\\\/uploads\\\/2025\\\/05\\\/cropped-vitablanca.png\",\"width\":360,\"height\":67,\"caption\":\"VitaBlanca\"},\"image\":{\"@id\":\"https:\\\/\\\/vitablanca.ma\\\/#\\\/schema\\\/logo\\\/image\\\/\"},\"sameAs\":[\"https:\\\/\\\/www.facebook.com\\\/profile.php?id=61576678196717\",\"https:\\\/\\\/www.tiktok.com\\\/@vitablanca.ma\",\"https:\\\/\\\/www.instagram.com\\\/vitablanca.ma\\\/\"]}]}<\/script>\n<!-- \/ Yoast SEO plugin. -->","yoast_head_json":{"title":"Vaseline - Healthy Bright - Gluta-Hya Radiance 330ml - Maroc Prix","description":"Lotion corps Vaseline Healthy Bright Gluta-Hya Dewy Radiance 330ml pour une peau lumineuse et hydrat\u00e9e. Formule au Gluta-Glow et acide hyaluronique .","robots":{"index":"index","follow":"follow","max-snippet":"max-snippet:-1","max-image-preview":"max-image-preview:large","max-video-preview":"max-video-preview:-1"},"canonical":"https:\/\/vitablanca.ma\/en\/product\/vaseline-healthy-bright-gluta-hya-dewy-radiance-330ml\/","og_locale":"en_US","og_type":"article","og_title":"Vaseline - Healthy Bright - Gluta-Hya Radiance 330ml - Maroc Prix","og_description":"Lotion corps Vaseline Healthy Bright Gluta-Hya Dewy Radiance 330ml pour une peau lumineuse et hydrat\u00e9e. Formule au Gluta-Glow et acide hyaluronique .","og_url":"https:\/\/vitablanca.ma\/en\/product\/vaseline-healthy-bright-gluta-hya-dewy-radiance-330ml\/","og_site_name":"Vitablanca.ma &ndash; Sant&eacute;, vitalit&eacute; et bien-&ecirc;tre pour tous les Marocains","article_publisher":"https:\/\/www.facebook.com\/profile.php?id=61576678196717","article_modified_time":"2026-03-11T01:05:25+00:00","og_image":[{"width":1080,"height":1080,"url":"https:\/\/vitablanca.ma\/wp-content\/uploads\/2026\/03\/VaselineHealthyBright_Gluta-HyaDewyRadiance1.jpg","type":"image\/jpeg"}],"twitter_card":"summary_large_image","twitter_misc":{"Est. reading time":"2 minutes"},"schema":{"@context":"https:\/\/schema.org","@graph":[{"@type":["WebPage","ItemPage"],"@id":"https:\/\/vitablanca.ma\/produit\/vaseline-healthy-bright-gluta-hya-dewy-radiance-330ml\/","url":"https:\/\/vitablanca.ma\/produit\/vaseline-healthy-bright-gluta-hya-dewy-radiance-330ml\/","name":"Vaseline - Healthy Bright - Gluta-Hya Radiance 330ml - Maroc Prix","isPartOf":{"@id":"https:\/\/vitablanca.ma\/#website"},"primaryImageOfPage":{"@id":"https:\/\/vitablanca.ma\/produit\/vaseline-healthy-bright-gluta-hya-dewy-radiance-330ml\/#primaryimage"},"image":{"@id":"https:\/\/vitablanca.ma\/produit\/vaseline-healthy-bright-gluta-hya-dewy-radiance-330ml\/#primaryimage"},"thumbnailUrl":"https:\/\/vitablanca.ma\/wp-content\/uploads\/2026\/03\/VaselineHealthyBright_Gluta-HyaDewyRadiance1.jpg","datePublished":"2026-03-04T03:49:39+00:00","dateModified":"2026-03-11T01:05:25+00:00","description":"Lotion corps Vaseline Healthy Bright Gluta-Hya Dewy Radiance 330ml pour une peau lumineuse et hydrat\u00e9e. Formule au Gluta-Glow et acide hyaluronique .","breadcrumb":{"@id":"https:\/\/vitablanca.ma\/produit\/vaseline-healthy-bright-gluta-hya-dewy-radiance-330ml\/#breadcrumb"},"inLanguage":"en-US","potentialAction":[{"@type":"ReadAction","target":["https:\/\/vitablanca.ma\/produit\/vaseline-healthy-bright-gluta-hya-dewy-radiance-330ml\/"]}]},{"@type":"ImageObject","inLanguage":"en-US","@id":"https:\/\/vitablanca.ma\/produit\/vaseline-healthy-bright-gluta-hya-dewy-radiance-330ml\/#primaryimage","url":"https:\/\/vitablanca.ma\/wp-content\/uploads\/2026\/03\/VaselineHealthyBright_Gluta-HyaDewyRadiance1.jpg","contentUrl":"https:\/\/vitablanca.ma\/wp-content\/uploads\/2026\/03\/VaselineHealthyBright_Gluta-HyaDewyRadiance1.jpg","width":1080,"height":1080},{"@type":"BreadcrumbList","@id":"https:\/\/vitablanca.ma\/produit\/vaseline-healthy-bright-gluta-hya-dewy-radiance-330ml\/#breadcrumb","itemListElement":[{"@type":"ListItem","position":1,"name":"Home","item":"https:\/\/vitablanca.ma\/"},{"@type":"ListItem","position":2,"name":"Tous Les Produits","item":"https:\/\/vitablanca.ma\/tous-les-produits\/"},{"@type":"ListItem","position":3,"name":"Vaseline &#8211; Healthy Bright &#8211; Gluta-Hya Dewy Radiance 330ml"}]},{"@type":"WebSite","@id":"https:\/\/vitablanca.ma\/#website","url":"https:\/\/vitablanca.ma\/","name":"VitaBlanca.ma | Food supplements, health &amp; beauty in Morocco","description":"sell premium vitamins and supplements from USA &amp; Canada, New Zealand, Morocco (NOW Foods, Solgar, Manuka). Fast delivery anywhere in Morocco.","publisher":{"@id":"https:\/\/vitablanca.ma\/#organization"},"alternateName":"VitaBlanca.ma","potentialAction":[{"@type":"SearchAction","target":{"@type":"EntryPoint","urlTemplate":"https:\/\/vitablanca.ma\/?s={search_term_string}"},"query-input":{"@type":"PropertyValueSpecification","valueRequired":true,"valueName":"search_term_string"}}],"inLanguage":"en-US"},{"@type":"Organization","@id":"https:\/\/vitablanca.ma\/#organization","name":"VitaBlanca","url":"https:\/\/vitablanca.ma\/","logo":{"@type":"ImageObject","inLanguage":"en-US","@id":"https:\/\/vitablanca.ma\/#\/schema\/logo\/image\/","url":"https:\/\/vitablanca.ma\/wp-content\/uploads\/2025\/05\/cropped-vitablanca.png","contentUrl":"https:\/\/vitablanca.ma\/wp-content\/uploads\/2025\/05\/cropped-vitablanca.png","width":360,"height":67,"caption":"VitaBlanca"},"image":{"@id":"https:\/\/vitablanca.ma\/#\/schema\/logo\/image\/"},"sameAs":["https:\/\/www.facebook.com\/profile.php?id=61576678196717","https:\/\/www.tiktok.com\/@vitablanca.ma","https:\/\/www.instagram.com\/vitablanca.ma\/"]}]}},"jetpack_sharing_enabled":true,"_links":{"self":[{"href":"https:\/\/vitablanca.ma\/en\/wp-json\/wp\/v2\/product\/33518","targetHints":{"allow":["GET"]}}],"collection":[{"href":"https:\/\/vitablanca.ma\/en\/wp-json\/wp\/v2\/product"}],"about":[{"href":"https:\/\/vitablanca.ma\/en\/wp-json\/wp\/v2\/types\/product"}],"wp:featuredmedia":[{"embeddable":true,"href":"https:\/\/vitablanca.ma\/en\/wp-json\/wp\/v2\/media\/33513"}],"wp:attachment":[{"href":"https:\/\/vitablanca.ma\/en\/wp-json\/wp\/v2\/media?parent=33518"}],"wp:term":[{"taxonomy":"product_brand","embeddable":true,"href":"https:\/\/vitablanca.ma\/en\/wp-json\/wp\/v2\/product_brand?post=33518"},{"taxonomy":"product_cat","embeddable":true,"href":"https:\/\/vitablanca.ma\/en\/wp-json\/wp\/v2\/product_cat?post=33518"},{"taxonomy":"product_tag","embeddable":true,"href":"https:\/\/vitablanca.ma\/en\/wp-json\/wp\/v2\/product_tag?post=33518"}],"curies":[{"name":"wp","href":"https:\/\/api.w.org\/{rel}","templated":true}]}}