{"id":33476,"date":"2026-03-04T03:43:24","date_gmt":"2026-03-04T03:43:24","guid":{"rendered":"https:\/\/vitablanca.ma\/produit\/babylisspro-advanced-curl-boucles-19-mm\/"},"modified":"2026-03-06T03:38:38","modified_gmt":"2026-03-06T03:38:38","slug":"babylisspro-advanced-curl-boucles-19-mm","status":"publish","type":"product","link":"https:\/\/vitablanca.ma\/en\/product\/babylisspro-advanced-curl-boucles-19-mm\/","title":{"rendered":"BaBylissPRO ADVANCED CURL boucles 19 mm"},"content":{"rendered":"<p class=\"MsoNormal\"><strong><span style=\"font-family: 'Arial','sans-serif';color: #262626\">BaByliss PRO BAB2472TDE \u2013 Fer \u00e0 Boucler Professionnel 19 mm \u2013 Boucleur Advanced Curl \u2013 Titane Diamond \u2013 Boucles Serr\u00e9es.<\/span><\/strong><\/p>\n<p class=\"MsoNormal\"><span style=\"font-family: 'Arial','sans-serif';color: #262626\"><span>\u00a0<\/span>Le fer \u00e0 <strong>boucler BaByliss PRO BAB2472TDE<\/strong> avec un diam\u00e8tre de <strong>19 mm <\/strong>est con\u00e7u pour les stylistes professionnels et les amateurs de boucles pr\u00e9cises et serr\u00e9es qui durent toute la journ\u00e9e. \u00c9quip\u00e9 de la technologie avanc\u00e9e Titanium Diamond, il garantit un coiffage ultra-lisse avec une durabilit\u00e9 exceptionnelle et une r\u00e9sistance \u00e9lev\u00e9e \u00e0 la chaleur.<\/span><\/p>\n<p class=\"MsoNormal\"><span style=\"font-family: 'Arial','sans-serif';color: #262626\">Son long fer de 19 cm permet de boucler facilement m\u00eame les m\u00e8ches les plus longues, offrant une chaleur constante de la racine jusqu\u2019\u00e0 la pointe. L\u2019appareil dispose de 7 r\u00e9glages de temp\u00e9rature, de 135\u00b0C \u00e0 220\u00b0C, adapt\u00e9s \u00e0 tous les types de cheveux, des plus fins aux plus \u00e9pais, tout en prot\u00e9geant la sant\u00e9 des cheveux.<\/span><\/p>\n<p class=\"MsoNormal\"><span style=\"font-family: 'Arial','sans-serif';color: #262626\">Le syst\u00e8me avanc\u00e9 de gestion de la chaleur garantit un chauffage rapide et un contr\u00f4le constant de la temp\u00e9rature, assurant des boucles parfaites \u00e0 chaque utilisation. Parmi les autres caract\u00e9ristiques, on trouve un cordon rotatif de 2,7 m pour faciliter les mouvements, une extinction automatique pour la s\u00e9curit\u00e9, et une pointe froide pour un coiffage confortable.<\/span><\/p>\n<p class=\"MsoNormal\"><strong><span style=\"font-family: 'Arial','sans-serif';color: #262626\">Main features:<\/span><\/strong><\/p>\n<ul>\n<li class=\"MsoNormal\"><span style=\"font-family: 'Arial','sans-serif';color: #262626\">Cylindre professionnel de 19 mm pour des boucles serr\u00e9es et d\u00e9finies<\/span><\/li>\n<li class=\"MsoNormal\"><span style=\"font-family: 'Arial','sans-serif';color: #262626\">Rev\u00eatement en titane diamant pour une glisse fluide et une durabilit\u00e9<\/span><\/li>\n<li class=\"MsoNormal\"><span style=\"font-family: 'Arial','sans-serif';color: #262626\">Cylindre extra-long de 19 cm id\u00e9al pour les cheveux longs<\/span><\/li>\n<li class=\"MsoNormal\"><span style=\"font-family: 'Arial','sans-serif';color: #262626\">7 r\u00e9glages de temp\u00e9rature (de 135\u00b0C \u00e0 220\u00b0C)<\/span><\/li>\n<li class=\"MsoNormal\"><span style=\"font-family: 'Arial','sans-serif';color: #262626\">Syst\u00e8me de gestion avanc\u00e9e de la chaleur\u2122<\/span><\/li>\n<li class=\"MsoNormal\"><span style=\"font-family: 'Arial','sans-serif';color: #262626\">Arr\u00eat automatique pour plus de s\u00e9curit\u00e9<\/span><\/li>\n<li class=\"MsoNormal\"><span style=\"font-family: 'Arial','sans-serif';color: #262626\">Cordon rotatif de 2,7 m de longueur salon<\/span><\/li>\n<li class=\"MsoNormal\"><span style=\"font-family: 'Arial','sans-serif';color: #262626\">Pointe froide pour une manipulation en toute s\u00e9curit\u00e9<\/span><\/li>\n<\/ul>\n<p class=\"MsoNormal\"><b><span style=\"font-family: 'Arial','sans-serif';color: #262626\">How to use<\/span><\/b><\/p>\n<ol>\n<li><span style=\"font-family: 'Arial','sans-serif';color: #262626\">Branchez l\u2019appareil et s\u00e9lectionnez la temp\u00e9rature souhait\u00e9e entre 135\u00b0C et 220\u00b0C.<\/span><\/li>\n<li><span style=\"font-family: 'Arial','sans-serif';color: #262626\">Laissez le fer chauffer compl\u00e8tement avant utilisation.<\/span><\/li>\n<li><span style=\"font-family: 'Arial','sans-serif';color: #262626\">S\u00e9parez les cheveux secs en sections et enroulez les m\u00e8ches autour du fer de 19 mm.<\/span><\/li>\n<li><span style=\"font-family: 'Arial','sans-serif';color: #262626\">Maintenez quelques secondes puis rel\u00e2chez pour des boucles serr\u00e9es et d\u00e9finies.<\/span><\/li>\n<li><span style=\"font-family: 'Arial','sans-serif';color: #262626\">Utilisez la pointe froide pour manipuler le fer en toute s\u00e9curit\u00e9.<\/span><\/li>\n<li><span style=\"font-family: 'Arial','sans-serif';color: #262626\">\u00c9teignez l\u2019appareil et laissez-le refroidir apr\u00e8s le coiffage.<\/span><\/li>\n<\/ol>","protected":false},"excerpt":{"rendered":"<p>BaByliss PRO BAB2472TDE \u2013 Fer \u00e0 Boucler Professionnel 19 mm \u2013 Boucleur Advanced Curl \u2013 Titane Diamond \u2013 Boucles Serr\u00e9es. \u00a0Le fer \u00e0 boucler BaByliss PRO BAB2472TDE avec un diam\u00e8tre de 19 mm est con\u00e7u pour les stylistes professionnels et les amateurs de boucles pr\u00e9cises et serr\u00e9es qui durent toute la journ\u00e9e. \u00c9quip\u00e9 de la [&hellip;]<\/p>\n","protected":false},"featured_media":33470,"template":"","meta":{"om_disable_all_campaigns":false},"product_brand":[],"product_cat":[18,15],"product_tag":[],"class_list":{"0":"post-33476","1":"product","2":"type-product","3":"status-publish","4":"has-post-thumbnail","6":"product_cat-beaute-sante","7":"product_cat-beaute-sante-complements-alimentaires-soins-et-bien-etre-au-meilleur-prix","9":"first","10":"instock","11":"taxable","12":"shipping-taxable","13":"purchasable","14":"product-type-simple"},"yoast_head":"<!-- This site is optimized with the Yoast SEO plugin v27.3 - https:\/\/yoast.com\/product\/yoast-seo-wordpress\/ -->\n<title>BaBylissPRO ADVANCED CURL boucles 19 mm - Maroc Prix<\/title>\n<meta name=\"description\" content=\"BaBylissPRO ADVANCED CURL boucles 19 mm\" \/>\n<meta name=\"robots\" content=\"index, follow, max-snippet:-1, max-image-preview:large, max-video-preview:-1\" \/>\n<link rel=\"canonical\" href=\"https:\/\/vitablanca.ma\/en\/product\/babylisspro-advanced-curl-boucles-19-mm\/\" \/>\n<meta property=\"og:locale\" content=\"en_US\" \/>\n<meta property=\"og:type\" content=\"article\" \/>\n<meta property=\"og:title\" content=\"BaBylissPRO ADVANCED CURL boucles 19 mm - Maroc Prix\" \/>\n<meta property=\"og:description\" content=\"BaBylissPRO ADVANCED CURL boucles 19 mm\" \/>\n<meta property=\"og:url\" content=\"https:\/\/vitablanca.ma\/en\/product\/babylisspro-advanced-curl-boucles-19-mm\/\" \/>\n<meta property=\"og:site_name\" content=\"Vitablanca.ma &ndash; Sant&eacute;, vitalit&eacute; et bien-&ecirc;tre pour tous les Marocains\" \/>\n<meta property=\"article:publisher\" content=\"https:\/\/www.facebook.com\/profile.php?id=61576678196717\" \/>\n<meta property=\"article:modified_time\" content=\"2026-03-06T03:38:38+00:00\" \/>\n<meta property=\"og:image\" content=\"https:\/\/vitablanca.ma\/wp-content\/uploads\/2026\/03\/BaBylissPROADVANCEDCURLboucles19mm6.jpg\" \/>\n\t<meta property=\"og:image:width\" content=\"1080\" \/>\n\t<meta property=\"og:image:height\" content=\"1080\" \/>\n\t<meta property=\"og:image:type\" content=\"image\/jpeg\" \/>\n<meta name=\"twitter:card\" content=\"summary_large_image\" \/>\n<meta name=\"twitter:label1\" content=\"Est. reading time\" \/>\n\t<meta name=\"twitter:data1\" content=\"2 minutes\" \/>\n<script type=\"application\/ld+json\" class=\"yoast-schema-graph\">{\"@context\":\"https:\\\/\\\/schema.org\",\"@graph\":[{\"@type\":[\"WebPage\",\"ItemPage\"],\"@id\":\"https:\\\/\\\/vitablanca.ma\\\/produit\\\/babylisspro-advanced-curl-boucles-19-mm\\\/\",\"url\":\"https:\\\/\\\/vitablanca.ma\\\/produit\\\/babylisspro-advanced-curl-boucles-19-mm\\\/\",\"name\":\"BaBylissPRO ADVANCED CURL boucles 19 mm - Maroc Prix\",\"isPartOf\":{\"@id\":\"https:\\\/\\\/vitablanca.ma\\\/#website\"},\"primaryImageOfPage\":{\"@id\":\"https:\\\/\\\/vitablanca.ma\\\/produit\\\/babylisspro-advanced-curl-boucles-19-mm\\\/#primaryimage\"},\"image\":{\"@id\":\"https:\\\/\\\/vitablanca.ma\\\/produit\\\/babylisspro-advanced-curl-boucles-19-mm\\\/#primaryimage\"},\"thumbnailUrl\":\"https:\\\/\\\/vitablanca.ma\\\/wp-content\\\/uploads\\\/2026\\\/03\\\/BaBylissPROADVANCEDCURLboucles19mm6.jpg\",\"datePublished\":\"2026-03-04T03:43:24+00:00\",\"dateModified\":\"2026-03-06T03:38:38+00:00\",\"description\":\"BaBylissPRO ADVANCED CURL boucles 19 mm\",\"breadcrumb\":{\"@id\":\"https:\\\/\\\/vitablanca.ma\\\/produit\\\/babylisspro-advanced-curl-boucles-19-mm\\\/#breadcrumb\"},\"inLanguage\":\"en-US\",\"potentialAction\":[{\"@type\":\"ReadAction\",\"target\":[\"https:\\\/\\\/vitablanca.ma\\\/produit\\\/babylisspro-advanced-curl-boucles-19-mm\\\/\"]}]},{\"@type\":\"ImageObject\",\"inLanguage\":\"en-US\",\"@id\":\"https:\\\/\\\/vitablanca.ma\\\/produit\\\/babylisspro-advanced-curl-boucles-19-mm\\\/#primaryimage\",\"url\":\"https:\\\/\\\/vitablanca.ma\\\/wp-content\\\/uploads\\\/2026\\\/03\\\/BaBylissPROADVANCEDCURLboucles19mm6.jpg\",\"contentUrl\":\"https:\\\/\\\/vitablanca.ma\\\/wp-content\\\/uploads\\\/2026\\\/03\\\/BaBylissPROADVANCEDCURLboucles19mm6.jpg\",\"width\":1080,\"height\":1080},{\"@type\":\"BreadcrumbList\",\"@id\":\"https:\\\/\\\/vitablanca.ma\\\/produit\\\/babylisspro-advanced-curl-boucles-19-mm\\\/#breadcrumb\",\"itemListElement\":[{\"@type\":\"ListItem\",\"position\":1,\"name\":\"Home\",\"item\":\"https:\\\/\\\/vitablanca.ma\\\/\"},{\"@type\":\"ListItem\",\"position\":2,\"name\":\"Tous Les Produits\",\"item\":\"https:\\\/\\\/vitablanca.ma\\\/tous-les-produits\\\/\"},{\"@type\":\"ListItem\",\"position\":3,\"name\":\"BaBylissPRO ADVANCED CURL boucles 19 mm\"}]},{\"@type\":\"WebSite\",\"@id\":\"https:\\\/\\\/vitablanca.ma\\\/#website\",\"url\":\"https:\\\/\\\/vitablanca.ma\\\/\",\"name\":\"VitaBlanca.ma | Compl\u00e9ments alimentaires, sant\u00e9 & beaut\u00e9 au Maroc\",\"description\":\"vendre vitamines et compl\u00e9ments premium des USA &amp; Canada, Nouvelle Z\u00e9lande,Maroc (NOW Foods, Solgar, Manuka). Livraison rapide partout au Maroc.\",\"publisher\":{\"@id\":\"https:\\\/\\\/vitablanca.ma\\\/#organization\"},\"alternateName\":\"VitaBlanca.ma\",\"potentialAction\":[{\"@type\":\"SearchAction\",\"target\":{\"@type\":\"EntryPoint\",\"urlTemplate\":\"https:\\\/\\\/vitablanca.ma\\\/?s={search_term_string}\"},\"query-input\":{\"@type\":\"PropertyValueSpecification\",\"valueRequired\":true,\"valueName\":\"search_term_string\"}}],\"inLanguage\":\"en-US\"},{\"@type\":\"Organization\",\"@id\":\"https:\\\/\\\/vitablanca.ma\\\/#organization\",\"name\":\"VitaBlanca\",\"url\":\"https:\\\/\\\/vitablanca.ma\\\/\",\"logo\":{\"@type\":\"ImageObject\",\"inLanguage\":\"en-US\",\"@id\":\"https:\\\/\\\/vitablanca.ma\\\/#\\\/schema\\\/logo\\\/image\\\/\",\"url\":\"https:\\\/\\\/vitablanca.ma\\\/wp-content\\\/uploads\\\/2025\\\/05\\\/cropped-vitablanca.png\",\"contentUrl\":\"https:\\\/\\\/vitablanca.ma\\\/wp-content\\\/uploads\\\/2025\\\/05\\\/cropped-vitablanca.png\",\"width\":360,\"height\":67,\"caption\":\"VitaBlanca\"},\"image\":{\"@id\":\"https:\\\/\\\/vitablanca.ma\\\/#\\\/schema\\\/logo\\\/image\\\/\"},\"sameAs\":[\"https:\\\/\\\/www.facebook.com\\\/profile.php?id=61576678196717\",\"https:\\\/\\\/www.tiktok.com\\\/@vitablanca.ma\",\"https:\\\/\\\/www.instagram.com\\\/vitablanca.ma\\\/\"]}]}<\/script>\n<!-- \/ Yoast SEO plugin. -->","yoast_head_json":{"title":"BaBylissPRO ADVANCED CURL boucles 19 mm - Maroc Prix","description":"BaBylissPRO ADVANCED CURL boucles 19 mm","robots":{"index":"index","follow":"follow","max-snippet":"max-snippet:-1","max-image-preview":"max-image-preview:large","max-video-preview":"max-video-preview:-1"},"canonical":"https:\/\/vitablanca.ma\/en\/product\/babylisspro-advanced-curl-boucles-19-mm\/","og_locale":"en_US","og_type":"article","og_title":"BaBylissPRO ADVANCED CURL boucles 19 mm - Maroc Prix","og_description":"BaBylissPRO ADVANCED CURL boucles 19 mm","og_url":"https:\/\/vitablanca.ma\/en\/product\/babylisspro-advanced-curl-boucles-19-mm\/","og_site_name":"Vitablanca.ma &ndash; Sant&eacute;, vitalit&eacute; et bien-&ecirc;tre pour tous les Marocains","article_publisher":"https:\/\/www.facebook.com\/profile.php?id=61576678196717","article_modified_time":"2026-03-06T03:38:38+00:00","og_image":[{"width":1080,"height":1080,"url":"https:\/\/vitablanca.ma\/wp-content\/uploads\/2026\/03\/BaBylissPROADVANCEDCURLboucles19mm6.jpg","type":"image\/jpeg"}],"twitter_card":"summary_large_image","twitter_misc":{"Est. reading time":"2 minutes"},"schema":{"@context":"https:\/\/schema.org","@graph":[{"@type":["WebPage","ItemPage"],"@id":"https:\/\/vitablanca.ma\/produit\/babylisspro-advanced-curl-boucles-19-mm\/","url":"https:\/\/vitablanca.ma\/produit\/babylisspro-advanced-curl-boucles-19-mm\/","name":"BaBylissPRO ADVANCED CURL boucles 19 mm - Maroc Prix","isPartOf":{"@id":"https:\/\/vitablanca.ma\/#website"},"primaryImageOfPage":{"@id":"https:\/\/vitablanca.ma\/produit\/babylisspro-advanced-curl-boucles-19-mm\/#primaryimage"},"image":{"@id":"https:\/\/vitablanca.ma\/produit\/babylisspro-advanced-curl-boucles-19-mm\/#primaryimage"},"thumbnailUrl":"https:\/\/vitablanca.ma\/wp-content\/uploads\/2026\/03\/BaBylissPROADVANCEDCURLboucles19mm6.jpg","datePublished":"2026-03-04T03:43:24+00:00","dateModified":"2026-03-06T03:38:38+00:00","description":"BaBylissPRO ADVANCED CURL boucles 19 mm","breadcrumb":{"@id":"https:\/\/vitablanca.ma\/produit\/babylisspro-advanced-curl-boucles-19-mm\/#breadcrumb"},"inLanguage":"en-US","potentialAction":[{"@type":"ReadAction","target":["https:\/\/vitablanca.ma\/produit\/babylisspro-advanced-curl-boucles-19-mm\/"]}]},{"@type":"ImageObject","inLanguage":"en-US","@id":"https:\/\/vitablanca.ma\/produit\/babylisspro-advanced-curl-boucles-19-mm\/#primaryimage","url":"https:\/\/vitablanca.ma\/wp-content\/uploads\/2026\/03\/BaBylissPROADVANCEDCURLboucles19mm6.jpg","contentUrl":"https:\/\/vitablanca.ma\/wp-content\/uploads\/2026\/03\/BaBylissPROADVANCEDCURLboucles19mm6.jpg","width":1080,"height":1080},{"@type":"BreadcrumbList","@id":"https:\/\/vitablanca.ma\/produit\/babylisspro-advanced-curl-boucles-19-mm\/#breadcrumb","itemListElement":[{"@type":"ListItem","position":1,"name":"Home","item":"https:\/\/vitablanca.ma\/"},{"@type":"ListItem","position":2,"name":"Tous Les Produits","item":"https:\/\/vitablanca.ma\/tous-les-produits\/"},{"@type":"ListItem","position":3,"name":"BaBylissPRO ADVANCED CURL boucles 19 mm"}]},{"@type":"WebSite","@id":"https:\/\/vitablanca.ma\/#website","url":"https:\/\/vitablanca.ma\/","name":"VitaBlanca.ma | Food supplements, health &amp; beauty in Morocco","description":"sell premium vitamins and supplements from USA &amp; Canada, New Zealand, Morocco (NOW Foods, Solgar, Manuka). Fast delivery anywhere in Morocco.","publisher":{"@id":"https:\/\/vitablanca.ma\/#organization"},"alternateName":"VitaBlanca.ma","potentialAction":[{"@type":"SearchAction","target":{"@type":"EntryPoint","urlTemplate":"https:\/\/vitablanca.ma\/?s={search_term_string}"},"query-input":{"@type":"PropertyValueSpecification","valueRequired":true,"valueName":"search_term_string"}}],"inLanguage":"en-US"},{"@type":"Organization","@id":"https:\/\/vitablanca.ma\/#organization","name":"VitaBlanca","url":"https:\/\/vitablanca.ma\/","logo":{"@type":"ImageObject","inLanguage":"en-US","@id":"https:\/\/vitablanca.ma\/#\/schema\/logo\/image\/","url":"https:\/\/vitablanca.ma\/wp-content\/uploads\/2025\/05\/cropped-vitablanca.png","contentUrl":"https:\/\/vitablanca.ma\/wp-content\/uploads\/2025\/05\/cropped-vitablanca.png","width":360,"height":67,"caption":"VitaBlanca"},"image":{"@id":"https:\/\/vitablanca.ma\/#\/schema\/logo\/image\/"},"sameAs":["https:\/\/www.facebook.com\/profile.php?id=61576678196717","https:\/\/www.tiktok.com\/@vitablanca.ma","https:\/\/www.instagram.com\/vitablanca.ma\/"]}]}},"jetpack_sharing_enabled":true,"_links":{"self":[{"href":"https:\/\/vitablanca.ma\/en\/wp-json\/wp\/v2\/product\/33476","targetHints":{"allow":["GET"]}}],"collection":[{"href":"https:\/\/vitablanca.ma\/en\/wp-json\/wp\/v2\/product"}],"about":[{"href":"https:\/\/vitablanca.ma\/en\/wp-json\/wp\/v2\/types\/product"}],"wp:featuredmedia":[{"embeddable":true,"href":"https:\/\/vitablanca.ma\/en\/wp-json\/wp\/v2\/media\/33470"}],"wp:attachment":[{"href":"https:\/\/vitablanca.ma\/en\/wp-json\/wp\/v2\/media?parent=33476"}],"wp:term":[{"taxonomy":"product_brand","embeddable":true,"href":"https:\/\/vitablanca.ma\/en\/wp-json\/wp\/v2\/product_brand?post=33476"},{"taxonomy":"product_cat","embeddable":true,"href":"https:\/\/vitablanca.ma\/en\/wp-json\/wp\/v2\/product_cat?post=33476"},{"taxonomy":"product_tag","embeddable":true,"href":"https:\/\/vitablanca.ma\/en\/wp-json\/wp\/v2\/product_tag?post=33476"}],"curies":[{"name":"wp","href":"https:\/\/api.w.org\/{rel}","templated":true}]}}