{"id":33437,"date":"2026-03-04T03:42:25","date_gmt":"2026-03-04T03:42:25","guid":{"rendered":"https:\/\/vitablanca.ma\/produit\/babyliss-pro-lisseur-the-straightener-nano-ceramique-230-c\/"},"modified":"2026-03-06T03:38:39","modified_gmt":"2026-03-06T03:38:39","slug":"babyliss-pro-lisseur-the-straightener-nano-ceramique-230-c","status":"publish","type":"product","link":"https:\/\/vitablanca.ma\/en\/product\/babyliss-pro-lisseur-the-straightener-nano-ceramique-230-c\/","title":{"rendered":"BaByliss PRO LISSEUR THE STRAIGHTENER &#8211; Nano C\u00e9ramique \u2013 230\u202f\u00b0C"},"content":{"rendered":"<p class=\"MsoNormal\"><b><span style=\"font-family: 'Arial','sans-serif';color: #262626\">Lisseur BaByliss PRO Nano-C\u00e9ramique \u2013 230\u202f\u00b0C | Chauffe rapide &amp; coiffage sans frisottis<\/span><\/b><\/p>\n<p class=\"MsoNormal\"><span style=\"font-family: 'Arial','sans-serif';color: #262626\"><span>\u00a0<\/span>D\u00e9couvrez un coiffage de niveau professionnel avec le lisseur <b>BaByliss PRO Nano-C\u00e9ramique<\/b>. Con\u00e7u avec des plaques nano-c\u00e9ramiques de haute technologie, ce fer \u00e0 lisser offre une glisse ultra-souple pour \u00e9liminer les frisottis et sublimer la brillance. <\/span><\/p>\n<p class=\"MsoNormal\"><span style=\"font-family: 'Arial','sans-serif';color: #262626\">Son syst\u00e8me de chauffe rapide atteint jusqu\u2019\u00e0 230\u202f\u00b0C, assurant un coiffage rapide avec une r\u00e9partition uniforme de la chaleur. La technologie ionique int\u00e9gr\u00e9e renforce la douceur, r\u00e9duit les dommages caus\u00e9s par la chaleur et prot\u00e8ge les cheveux contre le dess\u00e8chement.<\/span><\/p>\n<p class=\"MsoNormal\"><span style=\"font-family: 'Arial','sans-serif';color: #262626\">Parfait pour tous les types de cheveux \u2013 des plus fins aux plus \u00e9pais et boucl\u00e9s \u2013 ce lisseur est id\u00e9al pour un coiffage quotidien, que vous souhaitiez un look lisse et soign\u00e9 ou des ondulations naturelles.<\/span><\/p>\n<p class=\"MsoNormal\"><b><span style=\"font-family: 'Arial','sans-serif';color: #262626\">Principaux Bienfaits<\/span><\/b><\/p>\n<ul>\n<li class=\"MsoNormal\"><span style=\"font-family: 'Arial','sans-serif';color: #262626\">Chauffe rapide \u2013 Atteint jusqu\u2019\u00e0 230\u202f\u00b0C pour un coiffage express<\/span><\/li>\n<li class=\"MsoNormal\"><span style=\"font-family: 'Arial','sans-serif';color: #262626\">Plaques nano-c\u00e9ramiques \u2013 Ultra-lisses pour une chaleur uniforme et des r\u00e9sultats sans frisottis<\/span><\/li>\n<li class=\"MsoNormal\"><span style=\"font-family: 'Arial','sans-serif';color: #262626\">Technologie ionique \u2013 R\u00e9duit l\u2019\u00e9lectricit\u00e9 statique et renforce la brillance naturelle<\/span><\/li>\n<li class=\"MsoNormal\"><span style=\"font-family: 'Arial','sans-serif';color: #262626\">Protection thermique \u2013 R\u00e9duit les dommages caus\u00e9s par la chaleur pour des cheveux plus sains<\/span><\/li>\n<li class=\"MsoNormal\"><span style=\"font-family: 'Arial','sans-serif';color: #262626\">Compatibilit\u00e9 universelle \u2013 Convient \u00e0 tous les types et textures de cheveux<\/span><\/li>\n<li class=\"MsoNormal\"><span style=\"font-family: 'Arial','sans-serif';color: #262626\">Design l\u00e9ger et ergonomique \u2013 Confortable pour une utilisation quotidienne ou professionnelle<\/span><\/li>\n<li class=\"MsoNormal\"><span style=\"font-family: 'Arial','sans-serif';color: #262626\">Coiffage polyvalent \u2013 Parfait pour les styles lisses, ondul\u00e9s ou relev\u00e9s<\/span><\/li>\n<\/ul>\n<p class=\"MsoNormal\"><b><span style=\"font-family: 'Arial','sans-serif';color: #262626\">How to use<\/span><\/b><\/p>\n<ol>\n<li class=\"MsoNormal\"><span style=\"font-family: 'Arial','sans-serif';color: #262626\">Branchez l\u2019appareil et s\u00e9lectionnez la temp\u00e9rature souhait\u00e9e.<\/span><\/li>\n<li class=\"MsoNormal\"><span style=\"font-family: 'Arial','sans-serif';color: #262626\">Attendez que l\u2019appareil atteigne la temp\u00e9rature optimale (chauffe en quelques secondes).<\/span><\/li>\n<li class=\"MsoNormal\"><span style=\"font-family: 'Arial','sans-serif';color: #262626\">Faites glisser le lisseur de la racine \u00e0 la pointe, en travaillant par petites sections.<\/span><\/li>\n<li class=\"MsoNormal\"><span style=\"font-family: 'Arial','sans-serif';color: #262626\">Utilisez uniquement sur cheveux secs pour de meilleurs r\u00e9sultats.<\/span><\/li>\n<li class=\"MsoNormal\"><span style=\"font-family: 'Arial','sans-serif';color: #262626\">\u00c9teignez apr\u00e8s utilisation et laissez refroidir avant de ranger.<\/span><\/li>\n<\/ol>","protected":false},"excerpt":{"rendered":"<p>Lisseur BaByliss PRO Nano-C\u00e9ramique \u2013 230\u202f\u00b0C | Chauffe rapide &amp; coiffage sans frisottis \u00a0D\u00e9couvrez un coiffage de niveau professionnel avec le lisseur BaByliss PRO Nano-C\u00e9ramique. Con\u00e7u avec des plaques nano-c\u00e9ramiques de haute technologie, ce fer \u00e0 lisser offre une glisse ultra-souple pour \u00e9liminer les frisottis et sublimer la brillance. Son syst\u00e8me de chauffe rapide atteint [&hellip;]<\/p>\n","protected":false},"featured_media":33431,"template":"","meta":{"om_disable_all_campaigns":false},"product_brand":[],"product_cat":[18,15],"product_tag":[],"class_list":{"0":"post-33437","1":"product","2":"type-product","3":"status-publish","4":"has-post-thumbnail","6":"product_cat-beaute-sante","7":"product_cat-beaute-sante-complements-alimentaires-soins-et-bien-etre-au-meilleur-prix","9":"first","10":"instock","11":"taxable","12":"shipping-taxable","13":"purchasable","14":"product-type-simple"},"yoast_head":"<!-- This site is optimized with the Yoast SEO plugin v27.3 - https:\/\/yoast.com\/product\/yoast-seo-wordpress\/ -->\n<title>BaByliss PRO LISSEUR THE STRAIGHTENER - Nano C\u00e9ramique \u2013 230\u202f\u00b0C - Maroc Prix<\/title>\n<meta name=\"description\" content=\"BaByliss PRO LISSEUR THE STRAIGHTENER - Nano C\u00e9ramique \u2013 230\u202f\u00b0C\" \/>\n<meta name=\"robots\" content=\"index, follow, max-snippet:-1, max-image-preview:large, max-video-preview:-1\" \/>\n<link rel=\"canonical\" href=\"https:\/\/vitablanca.ma\/en\/product\/babyliss-pro-lisseur-the-straightener-nano-ceramique-230-c\/\" \/>\n<meta property=\"og:locale\" content=\"en_US\" \/>\n<meta property=\"og:type\" content=\"article\" \/>\n<meta property=\"og:title\" content=\"BaByliss PRO LISSEUR THE STRAIGHTENER - Nano C\u00e9ramique \u2013 230\u202f\u00b0C - Maroc Prix\" \/>\n<meta property=\"og:description\" content=\"BaByliss PRO LISSEUR THE STRAIGHTENER - Nano C\u00e9ramique \u2013 230\u202f\u00b0C\" \/>\n<meta property=\"og:url\" content=\"https:\/\/vitablanca.ma\/en\/product\/babyliss-pro-lisseur-the-straightener-nano-ceramique-230-c\/\" \/>\n<meta property=\"og:site_name\" content=\"Vitablanca.ma &ndash; Sant&eacute;, vitalit&eacute; et bien-&ecirc;tre pour tous les Marocains\" \/>\n<meta property=\"article:publisher\" content=\"https:\/\/www.facebook.com\/profile.php?id=61576678196717\" \/>\n<meta property=\"article:modified_time\" content=\"2026-03-06T03:38:39+00:00\" \/>\n<meta property=\"og:image\" content=\"https:\/\/vitablanca.ma\/wp-content\/uploads\/2026\/03\/BaByliss_PRO_LISSEUR_THE_STRAIGHTENER_-_Nano_Ceramique_235_C_2.jpg\" \/>\n\t<meta property=\"og:image:width\" content=\"1080\" \/>\n\t<meta property=\"og:image:height\" content=\"1080\" \/>\n\t<meta property=\"og:image:type\" content=\"image\/jpeg\" \/>\n<meta name=\"twitter:card\" content=\"summary_large_image\" \/>\n<meta name=\"twitter:label1\" content=\"Est. reading time\" \/>\n\t<meta name=\"twitter:data1\" content=\"1 minute\" \/>\n<script type=\"application\/ld+json\" class=\"yoast-schema-graph\">{\"@context\":\"https:\\\/\\\/schema.org\",\"@graph\":[{\"@type\":[\"WebPage\",\"ItemPage\"],\"@id\":\"https:\\\/\\\/vitablanca.ma\\\/produit\\\/babyliss-pro-lisseur-the-straightener-nano-ceramique-230-c\\\/\",\"url\":\"https:\\\/\\\/vitablanca.ma\\\/produit\\\/babyliss-pro-lisseur-the-straightener-nano-ceramique-230-c\\\/\",\"name\":\"BaByliss PRO LISSEUR THE STRAIGHTENER - Nano C\u00e9ramique \u2013 230\u202f\u00b0C - Maroc Prix\",\"isPartOf\":{\"@id\":\"https:\\\/\\\/vitablanca.ma\\\/#website\"},\"primaryImageOfPage\":{\"@id\":\"https:\\\/\\\/vitablanca.ma\\\/produit\\\/babyliss-pro-lisseur-the-straightener-nano-ceramique-230-c\\\/#primaryimage\"},\"image\":{\"@id\":\"https:\\\/\\\/vitablanca.ma\\\/produit\\\/babyliss-pro-lisseur-the-straightener-nano-ceramique-230-c\\\/#primaryimage\"},\"thumbnailUrl\":\"https:\\\/\\\/vitablanca.ma\\\/wp-content\\\/uploads\\\/2026\\\/03\\\/BaByliss_PRO_LISSEUR_THE_STRAIGHTENER_-_Nano_Ceramique_235_C_2.jpg\",\"datePublished\":\"2026-03-04T03:42:25+00:00\",\"dateModified\":\"2026-03-06T03:38:39+00:00\",\"description\":\"BaByliss PRO LISSEUR THE STRAIGHTENER - Nano C\u00e9ramique \u2013 230\u202f\u00b0C\",\"breadcrumb\":{\"@id\":\"https:\\\/\\\/vitablanca.ma\\\/produit\\\/babyliss-pro-lisseur-the-straightener-nano-ceramique-230-c\\\/#breadcrumb\"},\"inLanguage\":\"en-US\",\"potentialAction\":[{\"@type\":\"ReadAction\",\"target\":[\"https:\\\/\\\/vitablanca.ma\\\/produit\\\/babyliss-pro-lisseur-the-straightener-nano-ceramique-230-c\\\/\"]}]},{\"@type\":\"ImageObject\",\"inLanguage\":\"en-US\",\"@id\":\"https:\\\/\\\/vitablanca.ma\\\/produit\\\/babyliss-pro-lisseur-the-straightener-nano-ceramique-230-c\\\/#primaryimage\",\"url\":\"https:\\\/\\\/vitablanca.ma\\\/wp-content\\\/uploads\\\/2026\\\/03\\\/BaByliss_PRO_LISSEUR_THE_STRAIGHTENER_-_Nano_Ceramique_235_C_2.jpg\",\"contentUrl\":\"https:\\\/\\\/vitablanca.ma\\\/wp-content\\\/uploads\\\/2026\\\/03\\\/BaByliss_PRO_LISSEUR_THE_STRAIGHTENER_-_Nano_Ceramique_235_C_2.jpg\",\"width\":1080,\"height\":1080},{\"@type\":\"BreadcrumbList\",\"@id\":\"https:\\\/\\\/vitablanca.ma\\\/produit\\\/babyliss-pro-lisseur-the-straightener-nano-ceramique-230-c\\\/#breadcrumb\",\"itemListElement\":[{\"@type\":\"ListItem\",\"position\":1,\"name\":\"Home\",\"item\":\"https:\\\/\\\/vitablanca.ma\\\/\"},{\"@type\":\"ListItem\",\"position\":2,\"name\":\"Tous Les Produits\",\"item\":\"https:\\\/\\\/vitablanca.ma\\\/tous-les-produits\\\/\"},{\"@type\":\"ListItem\",\"position\":3,\"name\":\"BaByliss PRO LISSEUR THE STRAIGHTENER &#8211; Nano C\u00e9ramique \u2013 230\u202f\u00b0C\"}]},{\"@type\":\"WebSite\",\"@id\":\"https:\\\/\\\/vitablanca.ma\\\/#website\",\"url\":\"https:\\\/\\\/vitablanca.ma\\\/\",\"name\":\"VitaBlanca.ma | Compl\u00e9ments alimentaires, sant\u00e9 & beaut\u00e9 au Maroc\",\"description\":\"vendre vitamines et compl\u00e9ments premium des USA &amp; Canada, Nouvelle Z\u00e9lande,Maroc (NOW Foods, Solgar, Manuka). Livraison rapide partout au Maroc.\",\"publisher\":{\"@id\":\"https:\\\/\\\/vitablanca.ma\\\/#organization\"},\"alternateName\":\"VitaBlanca.ma\",\"potentialAction\":[{\"@type\":\"SearchAction\",\"target\":{\"@type\":\"EntryPoint\",\"urlTemplate\":\"https:\\\/\\\/vitablanca.ma\\\/?s={search_term_string}\"},\"query-input\":{\"@type\":\"PropertyValueSpecification\",\"valueRequired\":true,\"valueName\":\"search_term_string\"}}],\"inLanguage\":\"en-US\"},{\"@type\":\"Organization\",\"@id\":\"https:\\\/\\\/vitablanca.ma\\\/#organization\",\"name\":\"VitaBlanca\",\"url\":\"https:\\\/\\\/vitablanca.ma\\\/\",\"logo\":{\"@type\":\"ImageObject\",\"inLanguage\":\"en-US\",\"@id\":\"https:\\\/\\\/vitablanca.ma\\\/#\\\/schema\\\/logo\\\/image\\\/\",\"url\":\"https:\\\/\\\/vitablanca.ma\\\/wp-content\\\/uploads\\\/2025\\\/05\\\/cropped-vitablanca.png\",\"contentUrl\":\"https:\\\/\\\/vitablanca.ma\\\/wp-content\\\/uploads\\\/2025\\\/05\\\/cropped-vitablanca.png\",\"width\":360,\"height\":67,\"caption\":\"VitaBlanca\"},\"image\":{\"@id\":\"https:\\\/\\\/vitablanca.ma\\\/#\\\/schema\\\/logo\\\/image\\\/\"},\"sameAs\":[\"https:\\\/\\\/www.facebook.com\\\/profile.php?id=61576678196717\",\"https:\\\/\\\/www.tiktok.com\\\/@vitablanca.ma\",\"https:\\\/\\\/www.instagram.com\\\/vitablanca.ma\\\/\"]}]}<\/script>\n<!-- \/ Yoast SEO plugin. -->","yoast_head_json":{"title":"BaByliss PRO LISSEUR THE STRAIGHTENER - Nano C\u00e9ramique \u2013 230\u202f\u00b0C - Maroc Prix","description":"BaByliss PRO LISSEUR THE STRAIGHTENER - Nano C\u00e9ramique \u2013 230\u202f\u00b0C","robots":{"index":"index","follow":"follow","max-snippet":"max-snippet:-1","max-image-preview":"max-image-preview:large","max-video-preview":"max-video-preview:-1"},"canonical":"https:\/\/vitablanca.ma\/en\/product\/babyliss-pro-lisseur-the-straightener-nano-ceramique-230-c\/","og_locale":"en_US","og_type":"article","og_title":"BaByliss PRO LISSEUR THE STRAIGHTENER - Nano C\u00e9ramique \u2013 230\u202f\u00b0C - Maroc Prix","og_description":"BaByliss PRO LISSEUR THE STRAIGHTENER - Nano C\u00e9ramique \u2013 230\u202f\u00b0C","og_url":"https:\/\/vitablanca.ma\/en\/product\/babyliss-pro-lisseur-the-straightener-nano-ceramique-230-c\/","og_site_name":"Vitablanca.ma &ndash; Sant&eacute;, vitalit&eacute; et bien-&ecirc;tre pour tous les Marocains","article_publisher":"https:\/\/www.facebook.com\/profile.php?id=61576678196717","article_modified_time":"2026-03-06T03:38:39+00:00","og_image":[{"width":1080,"height":1080,"url":"https:\/\/vitablanca.ma\/wp-content\/uploads\/2026\/03\/BaByliss_PRO_LISSEUR_THE_STRAIGHTENER_-_Nano_Ceramique_235_C_2.jpg","type":"image\/jpeg"}],"twitter_card":"summary_large_image","twitter_misc":{"Est. reading time":"1 minute"},"schema":{"@context":"https:\/\/schema.org","@graph":[{"@type":["WebPage","ItemPage"],"@id":"https:\/\/vitablanca.ma\/produit\/babyliss-pro-lisseur-the-straightener-nano-ceramique-230-c\/","url":"https:\/\/vitablanca.ma\/produit\/babyliss-pro-lisseur-the-straightener-nano-ceramique-230-c\/","name":"BaByliss PRO LISSEUR THE STRAIGHTENER - Nano C\u00e9ramique \u2013 230\u202f\u00b0C - Maroc Prix","isPartOf":{"@id":"https:\/\/vitablanca.ma\/#website"},"primaryImageOfPage":{"@id":"https:\/\/vitablanca.ma\/produit\/babyliss-pro-lisseur-the-straightener-nano-ceramique-230-c\/#primaryimage"},"image":{"@id":"https:\/\/vitablanca.ma\/produit\/babyliss-pro-lisseur-the-straightener-nano-ceramique-230-c\/#primaryimage"},"thumbnailUrl":"https:\/\/vitablanca.ma\/wp-content\/uploads\/2026\/03\/BaByliss_PRO_LISSEUR_THE_STRAIGHTENER_-_Nano_Ceramique_235_C_2.jpg","datePublished":"2026-03-04T03:42:25+00:00","dateModified":"2026-03-06T03:38:39+00:00","description":"BaByliss PRO LISSEUR THE STRAIGHTENER - Nano C\u00e9ramique \u2013 230\u202f\u00b0C","breadcrumb":{"@id":"https:\/\/vitablanca.ma\/produit\/babyliss-pro-lisseur-the-straightener-nano-ceramique-230-c\/#breadcrumb"},"inLanguage":"en-US","potentialAction":[{"@type":"ReadAction","target":["https:\/\/vitablanca.ma\/produit\/babyliss-pro-lisseur-the-straightener-nano-ceramique-230-c\/"]}]},{"@type":"ImageObject","inLanguage":"en-US","@id":"https:\/\/vitablanca.ma\/produit\/babyliss-pro-lisseur-the-straightener-nano-ceramique-230-c\/#primaryimage","url":"https:\/\/vitablanca.ma\/wp-content\/uploads\/2026\/03\/BaByliss_PRO_LISSEUR_THE_STRAIGHTENER_-_Nano_Ceramique_235_C_2.jpg","contentUrl":"https:\/\/vitablanca.ma\/wp-content\/uploads\/2026\/03\/BaByliss_PRO_LISSEUR_THE_STRAIGHTENER_-_Nano_Ceramique_235_C_2.jpg","width":1080,"height":1080},{"@type":"BreadcrumbList","@id":"https:\/\/vitablanca.ma\/produit\/babyliss-pro-lisseur-the-straightener-nano-ceramique-230-c\/#breadcrumb","itemListElement":[{"@type":"ListItem","position":1,"name":"Home","item":"https:\/\/vitablanca.ma\/"},{"@type":"ListItem","position":2,"name":"Tous Les Produits","item":"https:\/\/vitablanca.ma\/tous-les-produits\/"},{"@type":"ListItem","position":3,"name":"BaByliss PRO LISSEUR THE STRAIGHTENER &#8211; Nano C\u00e9ramique \u2013 230\u202f\u00b0C"}]},{"@type":"WebSite","@id":"https:\/\/vitablanca.ma\/#website","url":"https:\/\/vitablanca.ma\/","name":"VitaBlanca.ma | Food supplements, health &amp; beauty in Morocco","description":"sell premium vitamins and supplements from USA &amp; Canada, New Zealand, Morocco (NOW Foods, Solgar, Manuka). Fast delivery anywhere in Morocco.","publisher":{"@id":"https:\/\/vitablanca.ma\/#organization"},"alternateName":"VitaBlanca.ma","potentialAction":[{"@type":"SearchAction","target":{"@type":"EntryPoint","urlTemplate":"https:\/\/vitablanca.ma\/?s={search_term_string}"},"query-input":{"@type":"PropertyValueSpecification","valueRequired":true,"valueName":"search_term_string"}}],"inLanguage":"en-US"},{"@type":"Organization","@id":"https:\/\/vitablanca.ma\/#organization","name":"VitaBlanca","url":"https:\/\/vitablanca.ma\/","logo":{"@type":"ImageObject","inLanguage":"en-US","@id":"https:\/\/vitablanca.ma\/#\/schema\/logo\/image\/","url":"https:\/\/vitablanca.ma\/wp-content\/uploads\/2025\/05\/cropped-vitablanca.png","contentUrl":"https:\/\/vitablanca.ma\/wp-content\/uploads\/2025\/05\/cropped-vitablanca.png","width":360,"height":67,"caption":"VitaBlanca"},"image":{"@id":"https:\/\/vitablanca.ma\/#\/schema\/logo\/image\/"},"sameAs":["https:\/\/www.facebook.com\/profile.php?id=61576678196717","https:\/\/www.tiktok.com\/@vitablanca.ma","https:\/\/www.instagram.com\/vitablanca.ma\/"]}]}},"jetpack_sharing_enabled":true,"_links":{"self":[{"href":"https:\/\/vitablanca.ma\/en\/wp-json\/wp\/v2\/product\/33437","targetHints":{"allow":["GET"]}}],"collection":[{"href":"https:\/\/vitablanca.ma\/en\/wp-json\/wp\/v2\/product"}],"about":[{"href":"https:\/\/vitablanca.ma\/en\/wp-json\/wp\/v2\/types\/product"}],"wp:featuredmedia":[{"embeddable":true,"href":"https:\/\/vitablanca.ma\/en\/wp-json\/wp\/v2\/media\/33431"}],"wp:attachment":[{"href":"https:\/\/vitablanca.ma\/en\/wp-json\/wp\/v2\/media?parent=33437"}],"wp:term":[{"taxonomy":"product_brand","embeddable":true,"href":"https:\/\/vitablanca.ma\/en\/wp-json\/wp\/v2\/product_brand?post=33437"},{"taxonomy":"product_cat","embeddable":true,"href":"https:\/\/vitablanca.ma\/en\/wp-json\/wp\/v2\/product_cat?post=33437"},{"taxonomy":"product_tag","embeddable":true,"href":"https:\/\/vitablanca.ma\/en\/wp-json\/wp\/v2\/product_tag?post=33437"}],"curies":[{"name":"wp","href":"https:\/\/api.w.org\/{rel}","templated":true}]}}