{"id":33409,"date":"2026-03-04T03:41:15","date_gmt":"2026-03-04T03:41:15","guid":{"rendered":"https:\/\/vitablanca.ma\/produit\/skala-expert-dona-skala-1kg\/"},"modified":"2026-03-06T03:38:40","modified_gmt":"2026-03-06T03:38:40","slug":"skala-expert-dona-skala-1kg","status":"publish","type":"product","link":"https:\/\/vitablanca.ma\/en\/product\/skala-expert-dona-skala-1kg\/","title":{"rendered":"skala expert dona skala 1kg"},"content":{"rendered":"<div id=\"shopify-section-sections--18354715066593__header\" class=\"shopify-section shopify-section-group-header-group section-header scrolled-past-header shopify-section-header-sticky animate shopify-section-header-hidden\">\n<div class=\"cart-notification-wrapper page-width\">\n<div id=\"cart-notification\" class=\"cart-notification focus-inset color-background-2 gradient\" aria-label=\"Article ajout\u00e9 au panier\" role=\"dialog\">\n<div class=\"cart-notification__links\"><\/div>\n<\/div>\n<\/div>\n<\/div>\n<p><main id=\"MainContent\" class=\"content-for-layout focus-none\" role=\"main\"><\/p>\n<section id=\"shopify-section-template--18354714738913__main\" class=\"shopify-section section\">\n<div class=\"page-width\">\n<div class=\"product product--small product--left product--thumbnail_slider product--mobile-hide grid grid--1-col grid--2-col-tablet\">\n<div class=\"product__info-wrapper grid__item product__info-wrapper--extra-padding scroll-trigger animate--slide-in\">\n<section id=\"ProductInfo-template--18354714738913__main\" class=\"product__info-container product__column-sticky\">\n<div class=\"product-header\">\n<div><\/div>\n<div class=\"product__description rte quick-add-hidden\">\n<p data-start=\"101\" data-end=\"163\"><strong data-start=\"101\" data-end=\"161\">\ud83c\udf1f Skala Expert Dona Skala \u2013 Soin Capillaire Intensif \ud83c\udf1f<\/strong><\/p>\n<p data-start=\"165\" data-end=\"418\">Offrez \u00e0 vos cheveux le soin qu&rsquo;ils m\u00e9ritent avec<span>\u00a0<\/span><strong data-start=\"215\" data-end=\"242\">Skala Expert Dona Skala<\/strong><span>\u00a0<\/span>! Con\u00e7u sp\u00e9cialement pour nourrir, hydrater et revitaliser vos cheveux en profondeur, ce traitement est id\u00e9al pour redonner brillance, douceur et vitalit\u00e9 \u00e0 votre chevelu<span style=\"font-size: 1rem\">\u00a0la fibre capillaire pour une hydratation durable.<\/span><\/p>\n<p data-start=\"420\" data-end=\"807\">\u2705<span>\u00a0<\/span><strong data-start=\"566\" data-end=\"595\">R\u00e9paration &amp; Protection :<\/strong><span>\u00a0<\/span>Aide \u00e0 r\u00e9parer les cheveux ab\u00eem\u00e9s, tout en prot\u00e9geant contre les agressions ext\u00e9rieures.<br data-start=\"684\" data-end=\"687\">\u2705<span>\u00a0<\/span><strong data-start=\"689\" data-end=\"707\">Sans Cruaut\u00e9 :<\/strong><span>\u00a0<\/span>Produit 100 % vegan, non test\u00e9 sur les animaux, respectueux de vos cheveux et de l&rsquo;environnement.<\/p>\n<p data-start=\"809\" data-end=\"899\"><strong data-start=\"809\" data-end=\"825\">Ideal for:<\/strong><span>\u00a0<\/span>Tous types de cheveux, y compris les cheveux boucl\u00e9s, fris\u00e9s et cr\u00e9pus.<\/p>\n<p data-start=\"901\" data-end=\"1014\">\u2728<span>\u00a0<\/span><strong data-start=\"903\" data-end=\"1012\">Offrez \u00e0 vos cheveux un soin expert avec Skala Expert Dona Skala \u2013 Une chevelure \u00e9clatante au quotidien !<\/strong><\/p>\n<\/div>\n<\/div>\n<\/section>\n<\/div>\n<\/div>\n<\/div>\n<\/section>\n<p><\/main><\/p>","protected":false},"excerpt":{"rendered":"<p>\ud83c\udf1f Skala Expert Dona Skala \u2013 Soin Capillaire Intensif \ud83c\udf1f Offrez \u00e0 vos cheveux le soin qu&rsquo;ils m\u00e9ritent avec\u00a0Skala Expert Dona Skala\u00a0! Con\u00e7u sp\u00e9cialement pour nourrir, hydrater et revitaliser vos cheveux en profondeur, ce traitement est id\u00e9al pour redonner brillance, douceur et vitalit\u00e9 \u00e0 votre chevelu\u00a0la fibre capillaire pour une hydratation durable. \u2705\u00a0R\u00e9paration &amp; Protection [&hellip;]<\/p>\n","protected":false},"featured_media":33408,"template":"","meta":{"om_disable_all_campaigns":false},"product_brand":[],"product_cat":[18,15],"product_tag":[],"class_list":{"0":"post-33409","1":"product","2":"type-product","3":"status-publish","4":"has-post-thumbnail","6":"product_cat-beaute-sante","7":"product_cat-beaute-sante-complements-alimentaires-soins-et-bien-etre-au-meilleur-prix","9":"first","10":"instock","11":"taxable","12":"shipping-taxable","13":"purchasable","14":"product-type-simple"},"yoast_head":"<!-- This site is optimized with the Yoast SEO plugin v27.3 - https:\/\/yoast.com\/product\/yoast-seo-wordpress\/ -->\n<title>skala expert dona skala 1kg - Maroc Prix<\/title>\n<meta name=\"description\" content=\"skala expert dona skala 1kg\" \/>\n<meta name=\"robots\" content=\"index, follow, max-snippet:-1, max-image-preview:large, max-video-preview:-1\" \/>\n<link rel=\"canonical\" href=\"https:\/\/vitablanca.ma\/en\/product\/skala-expert-dona-skala-1kg\/\" \/>\n<meta property=\"og:locale\" content=\"en_US\" \/>\n<meta property=\"og:type\" content=\"article\" \/>\n<meta property=\"og:title\" content=\"skala expert dona skala 1kg - Maroc Prix\" \/>\n<meta property=\"og:description\" content=\"skala expert dona skala 1kg\" \/>\n<meta property=\"og:url\" content=\"https:\/\/vitablanca.ma\/en\/product\/skala-expert-dona-skala-1kg\/\" \/>\n<meta property=\"og:site_name\" content=\"Vitablanca.ma &ndash; Sant&eacute;, vitalit&eacute; et bien-&ecirc;tre pour tous les Marocains\" \/>\n<meta property=\"article:publisher\" content=\"https:\/\/www.facebook.com\/profile.php?id=61576678196717\" \/>\n<meta property=\"article:modified_time\" content=\"2026-03-06T03:38:40+00:00\" \/>\n<meta property=\"og:image\" content=\"https:\/\/vitablanca.ma\/wp-content\/uploads\/2026\/03\/SKALA-Expert-Dona-Skala-_-Traitement-2-en-1-Bouclage-et-Hydratation.jpg\" \/>\n\t<meta property=\"og:image:width\" content=\"800\" \/>\n\t<meta property=\"og:image:height\" content=\"800\" \/>\n\t<meta property=\"og:image:type\" content=\"image\/jpeg\" \/>\n<meta name=\"twitter:card\" content=\"summary_large_image\" \/>\n<meta name=\"twitter:label1\" content=\"Est. reading time\" \/>\n\t<meta name=\"twitter:data1\" content=\"1 minute\" \/>\n<script type=\"application\/ld+json\" class=\"yoast-schema-graph\">{\"@context\":\"https:\\\/\\\/schema.org\",\"@graph\":[{\"@type\":[\"WebPage\",\"ItemPage\"],\"@id\":\"https:\\\/\\\/vitablanca.ma\\\/produit\\\/skala-expert-dona-skala-1kg\\\/\",\"url\":\"https:\\\/\\\/vitablanca.ma\\\/produit\\\/skala-expert-dona-skala-1kg\\\/\",\"name\":\"skala expert dona skala 1kg - Maroc Prix\",\"isPartOf\":{\"@id\":\"https:\\\/\\\/vitablanca.ma\\\/#website\"},\"primaryImageOfPage\":{\"@id\":\"https:\\\/\\\/vitablanca.ma\\\/produit\\\/skala-expert-dona-skala-1kg\\\/#primaryimage\"},\"image\":{\"@id\":\"https:\\\/\\\/vitablanca.ma\\\/produit\\\/skala-expert-dona-skala-1kg\\\/#primaryimage\"},\"thumbnailUrl\":\"https:\\\/\\\/vitablanca.ma\\\/wp-content\\\/uploads\\\/2026\\\/03\\\/SKALA-Expert-Dona-Skala-_-Traitement-2-en-1-Bouclage-et-Hydratation.jpg\",\"datePublished\":\"2026-03-04T03:41:15+00:00\",\"dateModified\":\"2026-03-06T03:38:40+00:00\",\"description\":\"skala expert dona skala 1kg\",\"breadcrumb\":{\"@id\":\"https:\\\/\\\/vitablanca.ma\\\/produit\\\/skala-expert-dona-skala-1kg\\\/#breadcrumb\"},\"inLanguage\":\"en-US\",\"potentialAction\":[{\"@type\":\"ReadAction\",\"target\":[\"https:\\\/\\\/vitablanca.ma\\\/produit\\\/skala-expert-dona-skala-1kg\\\/\"]}]},{\"@type\":\"ImageObject\",\"inLanguage\":\"en-US\",\"@id\":\"https:\\\/\\\/vitablanca.ma\\\/produit\\\/skala-expert-dona-skala-1kg\\\/#primaryimage\",\"url\":\"https:\\\/\\\/vitablanca.ma\\\/wp-content\\\/uploads\\\/2026\\\/03\\\/SKALA-Expert-Dona-Skala-_-Traitement-2-en-1-Bouclage-et-Hydratation.jpg\",\"contentUrl\":\"https:\\\/\\\/vitablanca.ma\\\/wp-content\\\/uploads\\\/2026\\\/03\\\/SKALA-Expert-Dona-Skala-_-Traitement-2-en-1-Bouclage-et-Hydratation.jpg\",\"width\":800,\"height\":800},{\"@type\":\"BreadcrumbList\",\"@id\":\"https:\\\/\\\/vitablanca.ma\\\/produit\\\/skala-expert-dona-skala-1kg\\\/#breadcrumb\",\"itemListElement\":[{\"@type\":\"ListItem\",\"position\":1,\"name\":\"Home\",\"item\":\"https:\\\/\\\/vitablanca.ma\\\/\"},{\"@type\":\"ListItem\",\"position\":2,\"name\":\"Tous Les Produits\",\"item\":\"https:\\\/\\\/vitablanca.ma\\\/tous-les-produits\\\/\"},{\"@type\":\"ListItem\",\"position\":3,\"name\":\"skala expert dona skala 1kg\"}]},{\"@type\":\"WebSite\",\"@id\":\"https:\\\/\\\/vitablanca.ma\\\/#website\",\"url\":\"https:\\\/\\\/vitablanca.ma\\\/\",\"name\":\"VitaBlanca.ma | Compl\u00e9ments alimentaires, sant\u00e9 & beaut\u00e9 au Maroc\",\"description\":\"vendre vitamines et compl\u00e9ments premium des USA &amp; Canada, Nouvelle Z\u00e9lande,Maroc (NOW Foods, Solgar, Manuka). Livraison rapide partout au Maroc.\",\"publisher\":{\"@id\":\"https:\\\/\\\/vitablanca.ma\\\/#organization\"},\"alternateName\":\"VitaBlanca.ma\",\"potentialAction\":[{\"@type\":\"SearchAction\",\"target\":{\"@type\":\"EntryPoint\",\"urlTemplate\":\"https:\\\/\\\/vitablanca.ma\\\/?s={search_term_string}\"},\"query-input\":{\"@type\":\"PropertyValueSpecification\",\"valueRequired\":true,\"valueName\":\"search_term_string\"}}],\"inLanguage\":\"en-US\"},{\"@type\":\"Organization\",\"@id\":\"https:\\\/\\\/vitablanca.ma\\\/#organization\",\"name\":\"VitaBlanca\",\"url\":\"https:\\\/\\\/vitablanca.ma\\\/\",\"logo\":{\"@type\":\"ImageObject\",\"inLanguage\":\"en-US\",\"@id\":\"https:\\\/\\\/vitablanca.ma\\\/#\\\/schema\\\/logo\\\/image\\\/\",\"url\":\"https:\\\/\\\/vitablanca.ma\\\/wp-content\\\/uploads\\\/2025\\\/05\\\/cropped-vitablanca.png\",\"contentUrl\":\"https:\\\/\\\/vitablanca.ma\\\/wp-content\\\/uploads\\\/2025\\\/05\\\/cropped-vitablanca.png\",\"width\":360,\"height\":67,\"caption\":\"VitaBlanca\"},\"image\":{\"@id\":\"https:\\\/\\\/vitablanca.ma\\\/#\\\/schema\\\/logo\\\/image\\\/\"},\"sameAs\":[\"https:\\\/\\\/www.facebook.com\\\/profile.php?id=61576678196717\",\"https:\\\/\\\/www.tiktok.com\\\/@vitablanca.ma\",\"https:\\\/\\\/www.instagram.com\\\/vitablanca.ma\\\/\"]}]}<\/script>\n<!-- \/ Yoast SEO plugin. -->","yoast_head_json":{"title":"skala expert dona skala 1kg - Maroc Prix","description":"skala expert dona skala 1kg","robots":{"index":"index","follow":"follow","max-snippet":"max-snippet:-1","max-image-preview":"max-image-preview:large","max-video-preview":"max-video-preview:-1"},"canonical":"https:\/\/vitablanca.ma\/en\/product\/skala-expert-dona-skala-1kg\/","og_locale":"en_US","og_type":"article","og_title":"skala expert dona skala 1kg - Maroc Prix","og_description":"skala expert dona skala 1kg","og_url":"https:\/\/vitablanca.ma\/en\/product\/skala-expert-dona-skala-1kg\/","og_site_name":"Vitablanca.ma &ndash; Sant&eacute;, vitalit&eacute; et bien-&ecirc;tre pour tous les Marocains","article_publisher":"https:\/\/www.facebook.com\/profile.php?id=61576678196717","article_modified_time":"2026-03-06T03:38:40+00:00","og_image":[{"width":800,"height":800,"url":"https:\/\/vitablanca.ma\/wp-content\/uploads\/2026\/03\/SKALA-Expert-Dona-Skala-_-Traitement-2-en-1-Bouclage-et-Hydratation.jpg","type":"image\/jpeg"}],"twitter_card":"summary_large_image","twitter_misc":{"Est. reading time":"1 minute"},"schema":{"@context":"https:\/\/schema.org","@graph":[{"@type":["WebPage","ItemPage"],"@id":"https:\/\/vitablanca.ma\/produit\/skala-expert-dona-skala-1kg\/","url":"https:\/\/vitablanca.ma\/produit\/skala-expert-dona-skala-1kg\/","name":"skala expert dona skala 1kg - Maroc Prix","isPartOf":{"@id":"https:\/\/vitablanca.ma\/#website"},"primaryImageOfPage":{"@id":"https:\/\/vitablanca.ma\/produit\/skala-expert-dona-skala-1kg\/#primaryimage"},"image":{"@id":"https:\/\/vitablanca.ma\/produit\/skala-expert-dona-skala-1kg\/#primaryimage"},"thumbnailUrl":"https:\/\/vitablanca.ma\/wp-content\/uploads\/2026\/03\/SKALA-Expert-Dona-Skala-_-Traitement-2-en-1-Bouclage-et-Hydratation.jpg","datePublished":"2026-03-04T03:41:15+00:00","dateModified":"2026-03-06T03:38:40+00:00","description":"skala expert dona skala 1kg","breadcrumb":{"@id":"https:\/\/vitablanca.ma\/produit\/skala-expert-dona-skala-1kg\/#breadcrumb"},"inLanguage":"en-US","potentialAction":[{"@type":"ReadAction","target":["https:\/\/vitablanca.ma\/produit\/skala-expert-dona-skala-1kg\/"]}]},{"@type":"ImageObject","inLanguage":"en-US","@id":"https:\/\/vitablanca.ma\/produit\/skala-expert-dona-skala-1kg\/#primaryimage","url":"https:\/\/vitablanca.ma\/wp-content\/uploads\/2026\/03\/SKALA-Expert-Dona-Skala-_-Traitement-2-en-1-Bouclage-et-Hydratation.jpg","contentUrl":"https:\/\/vitablanca.ma\/wp-content\/uploads\/2026\/03\/SKALA-Expert-Dona-Skala-_-Traitement-2-en-1-Bouclage-et-Hydratation.jpg","width":800,"height":800},{"@type":"BreadcrumbList","@id":"https:\/\/vitablanca.ma\/produit\/skala-expert-dona-skala-1kg\/#breadcrumb","itemListElement":[{"@type":"ListItem","position":1,"name":"Home","item":"https:\/\/vitablanca.ma\/"},{"@type":"ListItem","position":2,"name":"Tous Les Produits","item":"https:\/\/vitablanca.ma\/tous-les-produits\/"},{"@type":"ListItem","position":3,"name":"skala expert dona skala 1kg"}]},{"@type":"WebSite","@id":"https:\/\/vitablanca.ma\/#website","url":"https:\/\/vitablanca.ma\/","name":"VitaBlanca.ma | Food supplements, health &amp; beauty in Morocco","description":"sell premium vitamins and supplements from USA &amp; Canada, New Zealand, Morocco (NOW Foods, Solgar, Manuka). Fast delivery anywhere in Morocco.","publisher":{"@id":"https:\/\/vitablanca.ma\/#organization"},"alternateName":"VitaBlanca.ma","potentialAction":[{"@type":"SearchAction","target":{"@type":"EntryPoint","urlTemplate":"https:\/\/vitablanca.ma\/?s={search_term_string}"},"query-input":{"@type":"PropertyValueSpecification","valueRequired":true,"valueName":"search_term_string"}}],"inLanguage":"en-US"},{"@type":"Organization","@id":"https:\/\/vitablanca.ma\/#organization","name":"VitaBlanca","url":"https:\/\/vitablanca.ma\/","logo":{"@type":"ImageObject","inLanguage":"en-US","@id":"https:\/\/vitablanca.ma\/#\/schema\/logo\/image\/","url":"https:\/\/vitablanca.ma\/wp-content\/uploads\/2025\/05\/cropped-vitablanca.png","contentUrl":"https:\/\/vitablanca.ma\/wp-content\/uploads\/2025\/05\/cropped-vitablanca.png","width":360,"height":67,"caption":"VitaBlanca"},"image":{"@id":"https:\/\/vitablanca.ma\/#\/schema\/logo\/image\/"},"sameAs":["https:\/\/www.facebook.com\/profile.php?id=61576678196717","https:\/\/www.tiktok.com\/@vitablanca.ma","https:\/\/www.instagram.com\/vitablanca.ma\/"]}]}},"jetpack_sharing_enabled":true,"_links":{"self":[{"href":"https:\/\/vitablanca.ma\/en\/wp-json\/wp\/v2\/product\/33409","targetHints":{"allow":["GET"]}}],"collection":[{"href":"https:\/\/vitablanca.ma\/en\/wp-json\/wp\/v2\/product"}],"about":[{"href":"https:\/\/vitablanca.ma\/en\/wp-json\/wp\/v2\/types\/product"}],"wp:featuredmedia":[{"embeddable":true,"href":"https:\/\/vitablanca.ma\/en\/wp-json\/wp\/v2\/media\/33408"}],"wp:attachment":[{"href":"https:\/\/vitablanca.ma\/en\/wp-json\/wp\/v2\/media?parent=33409"}],"wp:term":[{"taxonomy":"product_brand","embeddable":true,"href":"https:\/\/vitablanca.ma\/en\/wp-json\/wp\/v2\/product_brand?post=33409"},{"taxonomy":"product_cat","embeddable":true,"href":"https:\/\/vitablanca.ma\/en\/wp-json\/wp\/v2\/product_cat?post=33409"},{"taxonomy":"product_tag","embeddable":true,"href":"https:\/\/vitablanca.ma\/en\/wp-json\/wp\/v2\/product_tag?post=33409"}],"curies":[{"name":"wp","href":"https:\/\/api.w.org\/{rel}","templated":true}]}}