{"id":33397,"date":"2026-03-04T03:39:00","date_gmt":"2026-03-04T03:39:00","guid":{"rendered":"https:\/\/vitablanca.ma\/produit\/lisseur-lizze-extreme-slim-250c\/"},"modified":"2026-03-06T03:38:40","modified_gmt":"2026-03-06T03:38:40","slug":"lisseur-lizze-extreme-slim-250c","status":"publish","type":"product","link":"https:\/\/vitablanca.ma\/en\/product\/lisseur-lizze-extreme-slim-250c\/","title":{"rendered":"LISSEUR LIZZE EXTREME SLIM 250\u00b0C"},"content":{"rendered":"<h3 style=\"text-align: center\" data-mce-fragment=\"1\" data-mce-style=\"text-align: center;\">LISSEUR LIZZE EXTREME SLIM 250\u00b0C<\/h3>\n<p>\u00a0Le\u00a0lisseur\u00a0<em><strong>Extreme<span>\u00a0<\/span><\/strong>Slim Tit\u00e2nio 250\u00b0 C<\/em><span>\u00a0<\/span>of<span>\u00a0<\/span><strong>Lizze<\/strong>,\u00a0marque\u00a0br\u00e9silienne est actuellement le meilleur lisseur fin du monde. Selon les salons,<span>\u00a0<\/span><strong>l&rsquo;achat de ce lisseur devient rentable en 1 \u00e0 3 lissages<\/strong>.<\/p>\n<p>En plus de permettre l&rsquo;excellence pour les lissages, sa planche \u00e9troite permet de travailler les boucles avec une grande maniabilit\u00e9.<\/p>\n<p>It offers real working comfort thanks to its advantages:<\/p>\n<ul>\n<li>Pesant 300 grammes, il est l\u00e9ger.<\/li>\n<li>La longueur de ses plaques permet de saisir de longues m\u00e8ches<\/li>\n<li>La largeur\u00a0\u00e9troite permet, elle, de travailler les boucles avec aisance<\/li>\n<li>Ses plaques l\u00e9g\u00e8rement sur ressort offrent une saisie stable de la m\u00e8che<\/li>\n<li>La technologie nano titane garantit une chaleur mieux diffus\u00e9e, une temp\u00e9rature constante, c&rsquo;est-\u00e0-dire sans perte de temp\u00e9rature pendant le lissage<\/li>\n<\/ul>\n<p><strong>Tableau de comparaison des performances<\/strong><\/p>\n<p><img decoding=\"async\" alt=\"\" src=\"https:\/\/cdn.shopify.com\/s\/files\/1\/0614\/8066\/5261\/files\/Untitled-1_480x480.png?v=1684259965\" width=\"524\" height=\"83\"><\/p>\n<p>*<em><span>\u00a0<\/span>Ne pas d\u00e9passer le nombre de passage prescrit sous peine de perdre du temps inutilement<\/em>\u00a0<\/p>\n<p>La technologie titane du lisseur\u00a0<strong>Lizze<\/strong><strong>\u00a0<em>Extreme<\/em><\/strong>\u00a0<em>Slim<\/em><span>\u00a0<\/span>permet de travailler le cheveu plus rapidement y compris lors de l&rsquo;utilisation \u00e0 temp\u00e9rature r\u00e9duite comme pour le travail sur les cheveux fins, fragiles, m\u00e9ch\u00e9s, color\u00e9s, d\u00e9color\u00e9s. En effet, les performances thermiques du lisseur\u00a0<strong>Lizze<\/strong><strong>\u00a0<em>Extreme<\/em><\/strong><span>\u00a0<\/span><em>Slim<\/em>\u00a0ne sont\u00a0pas les seules raisons qui permettent de r\u00e9duire autant le nombre de passages des plaques. La\u00a0technologie exclusive et le choix des mat\u00e9riaux de ce lisseur contribuent \u00e9galement \u00e0 rendre si facile son utilisation.<\/p>\n<p><strong>Tableau de conversion des degr\u00e9s Fahrenheit \/ Celsius<\/strong><\/p>\n<table style=\"width: 282px\" data-mce-fragment=\"1\" data-mce-style=\"width: 282px;\" data-mce-selected=\"1\">\n<tbody data-mce-fragment=\"1\">\n<tr style=\"text-align: center\" data-mce-fragment=\"1\" data-mce-style=\"text-align: center;\">\n<td style=\"width: 125.167px\" data-mce-fragment=\"1\" data-mce-style=\"width: 125.167px;\" data-mce-selected=\"1\"><span style=\"color: #a91010\" data-mce-fragment=\"1\" data-mce-style=\"color: #a91010;\"><strong data-mce-fragment=\"1\">480\u00b0 F<\/strong><\/span><\/td>\n<td style=\"width: 136.833px\" data-mce-fragment=\"1\" data-mce-style=\"width: 136.833px;\" data-mce-selected=\"1\"><span style=\"color: #a91010\" data-mce-fragment=\"1\" data-mce-style=\"color: #a91010;\"><strong data-mce-fragment=\"1\">250\u00b0 C<\/strong><\/span><\/td>\n<\/tr>\n<tr style=\"text-align: center\" data-mce-fragment=\"1\" data-mce-style=\"text-align: center;\">\n<td style=\"width: 125.167px\" data-mce-fragment=\"1\" data-mce-style=\"width: 125.167px;\" data-mce-selected=\"1\"><span style=\"color: #d20c0c\" data-mce-fragment=\"1\" data-mce-style=\"color: #d20c0c;\"><strong data-mce-fragment=\"1\">410\u00b0 F<\/strong><\/span><\/td>\n<td style=\"width: 136.833px\" data-mce-fragment=\"1\" data-mce-style=\"width: 136.833px;\" data-mce-selected=\"1\"><span style=\"color: #e20d0d\" data-mce-fragment=\"1\" data-mce-style=\"color: #e20d0d;\"><strong data-mce-fragment=\"1\">210\u00b0 C<\/strong><\/span><\/td>\n<\/tr>\n<tr style=\"text-align: center\" data-mce-fragment=\"1\" data-mce-style=\"text-align: center;\">\n<td style=\"width: 125.167px\" data-mce-fragment=\"1\" data-mce-style=\"width: 125.167px;\" data-mce-selected=\"1\"><span style=\"color: #e2650d\" data-mce-fragment=\"1\" data-mce-style=\"color: #e2650d;\"><strong data-mce-fragment=\"1\">375\u00b0 F<\/strong><\/span><\/td>\n<td style=\"width: 136.833px\" data-mce-fragment=\"1\" data-mce-style=\"width: 136.833px;\" data-mce-selected=\"1\"><span style=\"color: #e2650d\" data-mce-fragment=\"1\" data-mce-style=\"color: #e2650d;\"><strong data-mce-fragment=\"1\">190\u00b0 C<\/strong><\/span><\/td>\n<\/tr>\n<tr style=\"text-align: center\" data-mce-fragment=\"1\" data-mce-style=\"text-align: center;\">\n<td style=\"width: 125.167px\" data-mce-fragment=\"1\" data-mce-style=\"width: 125.167px;\" data-mce-selected=\"1\"><span style=\"color: #f2c70b\" data-mce-fragment=\"1\" data-mce-style=\"color: #f2c70b;\"><strong data-mce-fragment=\"1\">340\u00b0 F<\/strong><\/span><\/td>\n<td style=\"width: 136.833px\" data-mce-fragment=\"1\" data-mce-style=\"width: 136.833px;\" data-mce-selected=\"1\"><span style=\"color: #f2c70b\" data-mce-fragment=\"1\" data-mce-style=\"color: #f2c70b;\"><strong data-mce-fragment=\"1\">170\u00b0 C<\/strong><\/span><\/td>\n<\/tr>\n<tr data-mce-fragment=\"1\">\n<td style=\"text-align: center;width: 125.167px\" data-mce-fragment=\"1\" data-mce-style=\"text-align: center; width: 125.167px;\" data-mce-selected=\"1\"><span style=\"color: #14c708\" data-mce-fragment=\"1\" data-mce-style=\"color: #14c708;\"><strong data-mce-fragment=\"1\">300\u00b0 F<\/strong><\/span><\/td>\n<td style=\"text-align: center;width: 136.833px\" data-mce-fragment=\"1\" data-mce-style=\"text-align: center; width: 136.833px;\" data-mce-selected=\"1\"><span style=\"color: #14c708\" data-mce-fragment=\"1\" data-mce-style=\"color: #14c708;\"><strong data-mce-fragment=\"1\">150\u00b0 C<\/strong><\/span><\/td>\n<\/tr>\n<\/tbody>\n<\/table>\n<p><\/p>\n<p><strong>Pour en savoir plus :\u00a0<\/strong><\/p>\n<p>Il prot\u00e8ge la fibre capillaire du contact direct avec la plaque d&rsquo;aluminium ce qui rend la glisse encore plus facile. Cela rend le processus de redressement plus rapide, plus pr\u00e9cis et uniforme.<\/p>\n<p><strong>70 % plus rapide :<\/strong><span>\u00a0<\/span>il permet en effet d&rsquo;\u00e9conomiser 70 % du temps avec la planche en titane la plus chaude du march\u00e9. Le meilleur r\u00e9sultat, la meilleure brillance et le meilleur lissage en un seul produit.<\/p>\n<p>Les plaques s&rsquo;adaptent parfaitement aux m\u00e8ches,\u00a0lissent et glissent plus facilement sans endommager les cheveux.<\/p>\n<p>La temp\u00e9rature peut monter jusqu&rsquo;\u00e0 250\u00b0 C, temp\u00e9rature id\u00e9ale pour les professionnels de la coiffure**.<\/p>\n<p>Sa conception b\u00e9n\u00e9ficie de l&rsquo;apport de la derni\u00e8re g\u00e9n\u00e9ration de technologies afin de fournir confort et r\u00e9sultats au\u00a0professionnel sans endommager le cheveu.<\/p>\n<p>Son pouvoir thermique est renforc\u00e9 par sa conduction maximale pour une efficacit\u00e9 optimale.<\/p>\n<p>La technologie MCH offre une c\u00e9ramique tr\u00e8s r\u00e9sistante sans perte de temp\u00e9rature. Cela permet au professionnel de r\u00e9ussir son lissage.<\/p>\n<p>Ses plaques rev\u00eatues de titane ont plusieurs avantage\u00a0:<\/p>\n<ul>\n<li>Cela permet de prot\u00e9ger les cheveux<\/li>\n<li>Le processus de lissage devient :\n<ul>\n<li>plus rapide<\/li>\n<li>plus pr\u00e9cis<\/li>\n<li>uniforme<\/li>\n<\/ul>\n<\/li>\n<li>Cela apporte aux cheveux :\n<ul>\n<li>plus de brillance<\/li>\n<li>plus de douceur<\/li>\n<\/ul>\n<\/li>\n<\/ul>\n<p>Le lisseur<strong>\u00a0<\/strong><strong>Lizze\u00a0<\/strong><strong><em>Extreme<span>\u00a0<\/span><\/em><\/strong><em>Slim<\/em><span>\u00a0<\/span>a un \u00e9cran \u00e0 LED (affichage en degr\u00e9s Fahrenheit) et c\u00e2ble rotatif pour un meilleur confort d&rsquo;utilisation.<\/p>\n<p>** La temp\u00e9rature 250\u00b0 C est r\u00e9serv\u00e9e uniquement au processus de lissage br\u00e9silien, cor\u00e9en ou japonais car le produit utilis\u00e9 contient des agents protecteurs. De plus,\u00a0la temp\u00e9rature de 250\u00b0 C (480\u00b0 F) est r\u00e9serv\u00e9e\u00a0aux cheveux \u00e9pais et naturels n&rsquo;ayant subi ni coloration ni d\u00e9coloration.<\/p>\n<p><strong>Pour un usage quotidien, ne pas d\u00e9passer 180\u00b0 C<\/strong>. Il vaut mieux, en effet, passer plusieurs fois le lisseur \u00e0 une temp\u00e9rature plus douce sur une m\u00e8che en s&rsquo;arr\u00eatant d\u00e8s l&rsquo;effet obtenu qu&rsquo;\u00e0 temp\u00e9rature maximum en risquant d&rsquo;ab\u00eemer les cheveux voire la peau.\u00a0<\/p>\n<p><span style=\"color: #f51111\"><strong>AVERTISSEMENT :\u00a0NE PAS UTILISER SUR LES CHEVEUX SYNTH\u00c9TIQUES\u00a0NON ADAPT\u00c9S\u00a0OU MOUILL\u00c9S.<\/strong><\/span><\/p>","protected":false},"excerpt":{"rendered":"<p>LISSEUR LIZZE EXTREME SLIM 250\u00b0C \u00a0Le\u00a0lisseur\u00a0Extreme\u00a0Slim Tit\u00e2nio 250\u00b0 C\u00a0de\u00a0Lizze,\u00a0marque\u00a0br\u00e9silienne est actuellement le meilleur lisseur fin du monde. Selon les salons,\u00a0l&rsquo;achat de ce lisseur devient rentable en 1 \u00e0 3 lissages. En plus de permettre l&rsquo;excellence pour les lissages, sa planche \u00e9troite permet de travailler les boucles avec une grande maniabilit\u00e9. Il offre un v\u00e9ritable confort [&hellip;]<\/p>\n","protected":false},"featured_media":33395,"template":"","meta":{"om_disable_all_campaigns":false},"product_brand":[],"product_cat":[18,15],"product_tag":[],"class_list":{"0":"post-33397","1":"product","2":"type-product","3":"status-publish","4":"has-post-thumbnail","6":"product_cat-beaute-sante","7":"product_cat-beaute-sante-complements-alimentaires-soins-et-bien-etre-au-meilleur-prix","9":"first","10":"instock","11":"taxable","12":"shipping-taxable","13":"purchasable","14":"product-type-simple"},"yoast_head":"<!-- This site is optimized with the Yoast SEO plugin v27.4 - https:\/\/yoast.com\/product\/yoast-seo-wordpress\/ -->\n<title>LISSEUR LIZZE EXTREME SLIM 250\u00b0C - Maroc Prix<\/title>\n<meta name=\"description\" content=\"LISSEUR LIZZE EXTREME SLIM 250\u00b0C\" \/>\n<meta name=\"robots\" content=\"index, follow, max-snippet:-1, max-image-preview:large, max-video-preview:-1\" \/>\n<link rel=\"canonical\" href=\"https:\/\/vitablanca.ma\/en\/product\/lisseur-lizze-extreme-slim-250c\/\" \/>\n<meta property=\"og:locale\" content=\"en_US\" \/>\n<meta property=\"og:type\" content=\"article\" \/>\n<meta property=\"og:title\" content=\"LISSEUR LIZZE EXTREME SLIM 250\u00b0C - Maroc Prix\" \/>\n<meta property=\"og:description\" content=\"LISSEUR LIZZE EXTREME SLIM 250\u00b0C\" \/>\n<meta property=\"og:url\" content=\"https:\/\/vitablanca.ma\/en\/product\/lisseur-lizze-extreme-slim-250c\/\" \/>\n<meta property=\"og:site_name\" content=\"Vitablanca.ma &ndash; Sant&eacute;, vitalit&eacute; et bien-&ecirc;tre pour tous les Marocains\" \/>\n<meta property=\"article:publisher\" content=\"https:\/\/www.facebook.com\/profile.php?id=61576678196717\" \/>\n<meta property=\"article:modified_time\" content=\"2026-03-06T03:38:40+00:00\" \/>\n<meta property=\"og:image\" content=\"https:\/\/vitablanca.ma\/wp-content\/uploads\/2026\/03\/estremeslime2.png\" \/>\n\t<meta property=\"og:image:width\" content=\"800\" \/>\n\t<meta property=\"og:image:height\" content=\"800\" \/>\n\t<meta property=\"og:image:type\" content=\"image\/png\" \/>\n<meta name=\"twitter:card\" content=\"summary_large_image\" \/>\n<meta name=\"twitter:label1\" content=\"Est. reading time\" \/>\n\t<meta name=\"twitter:data1\" content=\"3 minutes\" \/>\n<script type=\"application\/ld+json\" class=\"yoast-schema-graph\">{\"@context\":\"https:\\\/\\\/schema.org\",\"@graph\":[{\"@type\":[\"WebPage\",\"ItemPage\"],\"@id\":\"https:\\\/\\\/vitablanca.ma\\\/produit\\\/lisseur-lizze-extreme-slim-250c\\\/\",\"url\":\"https:\\\/\\\/vitablanca.ma\\\/produit\\\/lisseur-lizze-extreme-slim-250c\\\/\",\"name\":\"LISSEUR LIZZE EXTREME SLIM 250\u00b0C - Maroc Prix\",\"isPartOf\":{\"@id\":\"https:\\\/\\\/vitablanca.ma\\\/#website\"},\"primaryImageOfPage\":{\"@id\":\"https:\\\/\\\/vitablanca.ma\\\/produit\\\/lisseur-lizze-extreme-slim-250c\\\/#primaryimage\"},\"image\":{\"@id\":\"https:\\\/\\\/vitablanca.ma\\\/produit\\\/lisseur-lizze-extreme-slim-250c\\\/#primaryimage\"},\"thumbnailUrl\":\"https:\\\/\\\/vitablanca.ma\\\/wp-content\\\/uploads\\\/2026\\\/03\\\/estremeslime2.png\",\"datePublished\":\"2026-03-04T03:39:00+00:00\",\"dateModified\":\"2026-03-06T03:38:40+00:00\",\"description\":\"LISSEUR LIZZE EXTREME SLIM 250\u00b0C\",\"breadcrumb\":{\"@id\":\"https:\\\/\\\/vitablanca.ma\\\/produit\\\/lisseur-lizze-extreme-slim-250c\\\/#breadcrumb\"},\"inLanguage\":\"en-US\",\"potentialAction\":[{\"@type\":\"ReadAction\",\"target\":[\"https:\\\/\\\/vitablanca.ma\\\/produit\\\/lisseur-lizze-extreme-slim-250c\\\/\"]}]},{\"@type\":\"ImageObject\",\"inLanguage\":\"en-US\",\"@id\":\"https:\\\/\\\/vitablanca.ma\\\/produit\\\/lisseur-lizze-extreme-slim-250c\\\/#primaryimage\",\"url\":\"https:\\\/\\\/vitablanca.ma\\\/wp-content\\\/uploads\\\/2026\\\/03\\\/estremeslime2.png\",\"contentUrl\":\"https:\\\/\\\/vitablanca.ma\\\/wp-content\\\/uploads\\\/2026\\\/03\\\/estremeslime2.png\",\"width\":800,\"height\":800},{\"@type\":\"BreadcrumbList\",\"@id\":\"https:\\\/\\\/vitablanca.ma\\\/produit\\\/lisseur-lizze-extreme-slim-250c\\\/#breadcrumb\",\"itemListElement\":[{\"@type\":\"ListItem\",\"position\":1,\"name\":\"Home\",\"item\":\"https:\\\/\\\/vitablanca.ma\\\/\"},{\"@type\":\"ListItem\",\"position\":2,\"name\":\"Tous Les Produits\",\"item\":\"https:\\\/\\\/vitablanca.ma\\\/tous-les-produits\\\/\"},{\"@type\":\"ListItem\",\"position\":3,\"name\":\"LISSEUR LIZZE EXTREME SLIM 250\u00b0C\"}]},{\"@type\":\"WebSite\",\"@id\":\"https:\\\/\\\/vitablanca.ma\\\/#website\",\"url\":\"https:\\\/\\\/vitablanca.ma\\\/\",\"name\":\"VitaBlanca.ma | Compl\u00e9ments alimentaires, sant\u00e9 & beaut\u00e9 au Maroc\",\"description\":\"vendre vitamines et compl\u00e9ments premium des USA &amp; Canada, Nouvelle Z\u00e9lande,Maroc (NOW Foods, Solgar, Manuka). Livraison rapide partout au Maroc.\",\"publisher\":{\"@id\":\"https:\\\/\\\/vitablanca.ma\\\/#organization\"},\"alternateName\":\"VitaBlanca.ma\",\"potentialAction\":[{\"@type\":\"SearchAction\",\"target\":{\"@type\":\"EntryPoint\",\"urlTemplate\":\"https:\\\/\\\/vitablanca.ma\\\/?s={search_term_string}\"},\"query-input\":{\"@type\":\"PropertyValueSpecification\",\"valueRequired\":true,\"valueName\":\"search_term_string\"}}],\"inLanguage\":\"en-US\"},{\"@type\":\"Organization\",\"@id\":\"https:\\\/\\\/vitablanca.ma\\\/#organization\",\"name\":\"VitaBlanca\",\"url\":\"https:\\\/\\\/vitablanca.ma\\\/\",\"logo\":{\"@type\":\"ImageObject\",\"inLanguage\":\"en-US\",\"@id\":\"https:\\\/\\\/vitablanca.ma\\\/#\\\/schema\\\/logo\\\/image\\\/\",\"url\":\"https:\\\/\\\/vitablanca.ma\\\/wp-content\\\/uploads\\\/2025\\\/05\\\/cropped-vitablanca.png\",\"contentUrl\":\"https:\\\/\\\/vitablanca.ma\\\/wp-content\\\/uploads\\\/2025\\\/05\\\/cropped-vitablanca.png\",\"width\":360,\"height\":67,\"caption\":\"VitaBlanca\"},\"image\":{\"@id\":\"https:\\\/\\\/vitablanca.ma\\\/#\\\/schema\\\/logo\\\/image\\\/\"},\"sameAs\":[\"https:\\\/\\\/www.facebook.com\\\/profile.php?id=61576678196717\",\"https:\\\/\\\/www.tiktok.com\\\/@vitablanca.ma\",\"https:\\\/\\\/www.instagram.com\\\/vitablanca.ma\\\/\"]}]}<\/script>\n<!-- \/ Yoast SEO plugin. -->","yoast_head_json":{"title":"LISSEUR LIZZE EXTREME SLIM 250\u00b0C - Maroc Prix","description":"LISSEUR LIZZE EXTREME SLIM 250\u00b0C","robots":{"index":"index","follow":"follow","max-snippet":"max-snippet:-1","max-image-preview":"max-image-preview:large","max-video-preview":"max-video-preview:-1"},"canonical":"https:\/\/vitablanca.ma\/en\/product\/lisseur-lizze-extreme-slim-250c\/","og_locale":"en_US","og_type":"article","og_title":"LISSEUR LIZZE EXTREME SLIM 250\u00b0C - Maroc Prix","og_description":"LISSEUR LIZZE EXTREME SLIM 250\u00b0C","og_url":"https:\/\/vitablanca.ma\/en\/product\/lisseur-lizze-extreme-slim-250c\/","og_site_name":"Vitablanca.ma &ndash; Sant&eacute;, vitalit&eacute; et bien-&ecirc;tre pour tous les Marocains","article_publisher":"https:\/\/www.facebook.com\/profile.php?id=61576678196717","article_modified_time":"2026-03-06T03:38:40+00:00","og_image":[{"width":800,"height":800,"url":"https:\/\/vitablanca.ma\/wp-content\/uploads\/2026\/03\/estremeslime2.png","type":"image\/png"}],"twitter_card":"summary_large_image","twitter_misc":{"Est. reading time":"3 minutes"},"schema":{"@context":"https:\/\/schema.org","@graph":[{"@type":["WebPage","ItemPage"],"@id":"https:\/\/vitablanca.ma\/produit\/lisseur-lizze-extreme-slim-250c\/","url":"https:\/\/vitablanca.ma\/produit\/lisseur-lizze-extreme-slim-250c\/","name":"LISSEUR LIZZE EXTREME SLIM 250\u00b0C - Maroc Prix","isPartOf":{"@id":"https:\/\/vitablanca.ma\/#website"},"primaryImageOfPage":{"@id":"https:\/\/vitablanca.ma\/produit\/lisseur-lizze-extreme-slim-250c\/#primaryimage"},"image":{"@id":"https:\/\/vitablanca.ma\/produit\/lisseur-lizze-extreme-slim-250c\/#primaryimage"},"thumbnailUrl":"https:\/\/vitablanca.ma\/wp-content\/uploads\/2026\/03\/estremeslime2.png","datePublished":"2026-03-04T03:39:00+00:00","dateModified":"2026-03-06T03:38:40+00:00","description":"LISSEUR LIZZE EXTREME SLIM 250\u00b0C","breadcrumb":{"@id":"https:\/\/vitablanca.ma\/produit\/lisseur-lizze-extreme-slim-250c\/#breadcrumb"},"inLanguage":"en-US","potentialAction":[{"@type":"ReadAction","target":["https:\/\/vitablanca.ma\/produit\/lisseur-lizze-extreme-slim-250c\/"]}]},{"@type":"ImageObject","inLanguage":"en-US","@id":"https:\/\/vitablanca.ma\/produit\/lisseur-lizze-extreme-slim-250c\/#primaryimage","url":"https:\/\/vitablanca.ma\/wp-content\/uploads\/2026\/03\/estremeslime2.png","contentUrl":"https:\/\/vitablanca.ma\/wp-content\/uploads\/2026\/03\/estremeslime2.png","width":800,"height":800},{"@type":"BreadcrumbList","@id":"https:\/\/vitablanca.ma\/produit\/lisseur-lizze-extreme-slim-250c\/#breadcrumb","itemListElement":[{"@type":"ListItem","position":1,"name":"Home","item":"https:\/\/vitablanca.ma\/"},{"@type":"ListItem","position":2,"name":"Tous Les Produits","item":"https:\/\/vitablanca.ma\/tous-les-produits\/"},{"@type":"ListItem","position":3,"name":"LISSEUR LIZZE EXTREME SLIM 250\u00b0C"}]},{"@type":"WebSite","@id":"https:\/\/vitablanca.ma\/#website","url":"https:\/\/vitablanca.ma\/","name":"VitaBlanca.ma | Food supplements, health &amp; beauty in Morocco","description":"sell premium vitamins and supplements from USA &amp; Canada, New Zealand, Morocco (NOW Foods, Solgar, Manuka). Fast delivery anywhere in Morocco.","publisher":{"@id":"https:\/\/vitablanca.ma\/#organization"},"alternateName":"VitaBlanca.ma","potentialAction":[{"@type":"SearchAction","target":{"@type":"EntryPoint","urlTemplate":"https:\/\/vitablanca.ma\/?s={search_term_string}"},"query-input":{"@type":"PropertyValueSpecification","valueRequired":true,"valueName":"search_term_string"}}],"inLanguage":"en-US"},{"@type":"Organization","@id":"https:\/\/vitablanca.ma\/#organization","name":"VitaBlanca","url":"https:\/\/vitablanca.ma\/","logo":{"@type":"ImageObject","inLanguage":"en-US","@id":"https:\/\/vitablanca.ma\/#\/schema\/logo\/image\/","url":"https:\/\/vitablanca.ma\/wp-content\/uploads\/2025\/05\/cropped-vitablanca.png","contentUrl":"https:\/\/vitablanca.ma\/wp-content\/uploads\/2025\/05\/cropped-vitablanca.png","width":360,"height":67,"caption":"VitaBlanca"},"image":{"@id":"https:\/\/vitablanca.ma\/#\/schema\/logo\/image\/"},"sameAs":["https:\/\/www.facebook.com\/profile.php?id=61576678196717","https:\/\/www.tiktok.com\/@vitablanca.ma","https:\/\/www.instagram.com\/vitablanca.ma\/"]}]}},"jetpack_sharing_enabled":true,"_links":{"self":[{"href":"https:\/\/vitablanca.ma\/en\/wp-json\/wp\/v2\/product\/33397","targetHints":{"allow":["GET"]}}],"collection":[{"href":"https:\/\/vitablanca.ma\/en\/wp-json\/wp\/v2\/product"}],"about":[{"href":"https:\/\/vitablanca.ma\/en\/wp-json\/wp\/v2\/types\/product"}],"wp:featuredmedia":[{"embeddable":true,"href":"https:\/\/vitablanca.ma\/en\/wp-json\/wp\/v2\/media\/33395"}],"wp:attachment":[{"href":"https:\/\/vitablanca.ma\/en\/wp-json\/wp\/v2\/media?parent=33397"}],"wp:term":[{"taxonomy":"product_brand","embeddable":true,"href":"https:\/\/vitablanca.ma\/en\/wp-json\/wp\/v2\/product_brand?post=33397"},{"taxonomy":"product_cat","embeddable":true,"href":"https:\/\/vitablanca.ma\/en\/wp-json\/wp\/v2\/product_cat?post=33397"},{"taxonomy":"product_tag","embeddable":true,"href":"https:\/\/vitablanca.ma\/en\/wp-json\/wp\/v2\/product_tag?post=33397"}],"curies":[{"name":"wp","href":"https:\/\/api.w.org\/{rel}","templated":true}]}}