{"id":33372,"date":"2026-03-04T03:36:46","date_gmt":"2026-03-04T03:36:46","guid":{"rendered":"https:\/\/vitablanca.ma\/produit\/eqqual-berry-huile-nettoyante-lissante-pour-les-pores-au-riz-violet-200-ml\/"},"modified":"2026-03-06T03:38:41","modified_gmt":"2026-03-06T03:38:41","slug":"eqqual-berry-huile-nettoyante-lissante-pour-les-pores-au-riz-violet-200-ml","status":"publish","type":"product","link":"https:\/\/vitablanca.ma\/en\/product\/eqqual-berry-huile-nettoyante-lissante-pour-les-pores-au-riz-violet-200-ml\/","title":{"rendered":"EQQUAL BERRY &#8211; Huile Nettoyante Lissante pour les pores au Riz Violet &#8211; 200 ml"},"content":{"rendered":"<p class=\"MsoNormal\" style=\"line-height: normal\"><b><span style=\"font-family: 'Arial','sans-serif';color: #262626;background: white\">L\u2019huile d\u00e9maquillante lissante au riz violet d\u2019EQQUALBERRY<\/span><\/b><span style=\"font-family: 'Arial','sans-serif';color: #262626;background: white\"> est une huile nettoyante douce et efficace qui \u00e9limine le maquillage, les impuret\u00e9s et l\u2019exc\u00e8s de s\u00e9bum tout en laissant votre peau douce et lisse. Formul\u00e9e \u00e0 base d\u2019huile de riz violet, de centella asiatica et d\u2019houttuynia cordata, elle apaise les irritations, resserre les pores et am\u00e9liore le grain de peau sans les obstruer ni dess\u00e9cher la peau.<\/span><span style=\"font-family: 'Arial','sans-serif';color: #262626\"><br style=\"text-align: start\"><br style=\"text-align: start\"><b><span style=\"background: white\">Principaux bienfaits<\/span> <span style=\"background: white\">:<\/span><\/b><span style=\"background: white\"> <\/span><\/span><\/p>\n<ul>\n<li class=\"MsoNormal\" style=\"line-height: normal\">\n<span style=\"font-family: 'Arial','sans-serif';color: #262626;background: white\">Nettoyage en profondeur : \u00c9limine le maquillage, les impuret\u00e9s et l\u2019exc\u00e8s de s\u00e9bum sans dess\u00e9cher la peau.<\/span><span style=\"font-family: 'Arial','sans-serif';color: #262626\"><\/span>\n<\/li>\n<li class=\"MsoNormal\" style=\"line-height: normal\">\n<span style=\"font-family: 'Arial','sans-serif';color: #262626;background: white\">Huile de riz violet : Resserre les pores et lisse la peau.<\/span><span style=\"font-family: 'Arial','sans-serif';color: #262626\"><\/span>\n<\/li>\n<li class=\"MsoNormal\" style=\"line-height: normal\">\n<span style=\"font-family: 'Arial','sans-serif';color: #262626;background: white\">Hydratation : Contient des huiles v\u00e9g\u00e9tales et des c\u00e9ramides qui laissent la peau douce et hydrat\u00e9e.<\/span><span style=\"font-family: 'Arial','sans-serif';color: #262626\"><\/span>\n<\/li>\n<li class=\"MsoNormal\" style=\"line-height: normal\">\n<span style=\"font-family: 'Arial','sans-serif';color: #262626;background: white\">Formule respectueuse de la peau : Non com\u00e9dog\u00e8ne et adapt\u00e9e \u00e0 tous les types de peau, m\u00eame les plus sensibles et \u00e0 tendance acn\u00e9ique.<\/span><span style=\"font-family: 'Arial','sans-serif';color: #262626\"><br style=\"text-align: start\"><br style=\"text-align: start\"><b><span style=\"background: white\">Directions for use<\/span> <span style=\"background: white\">:<\/span><\/b><span style=\"background: white\"><\/span><\/span>\n<\/li>\n<li class=\"MsoNormal\" style=\"line-height: normal\"><span style=\"font-family: 'Arial','sans-serif';color: #262626;background: white\">Appliquez l\u2019huile sur le visage sec et massez d\u00e9licatement. <\/span><\/li>\n<li class=\"MsoNormal\" style=\"line-height: normal\">\n<span style=\"font-family: 'Arial','sans-serif';color: #262626;background: white\">Ajoutez un peu d\u2019eau pour \u00e9mulsionner et massez \u00e0 nouveau.<\/span><span style=\"font-family: 'Arial','sans-serif';color: #262626\"><\/span>\n<\/li>\n<li class=\"MsoNormal\" style=\"line-height: normal\"><span style=\"font-family: 'Arial','sans-serif';color: #262626;background: white\">Rincez abondamment \u00e0 l\u2019eau ti\u00e8de.<\/span><\/li>\n<\/ul>","protected":false},"excerpt":{"rendered":"<p>L\u2019huile d\u00e9maquillante lissante au riz violet d\u2019EQQUALBERRY est une huile nettoyante douce et efficace qui \u00e9limine le maquillage, les impuret\u00e9s et l\u2019exc\u00e8s de s\u00e9bum tout en laissant votre peau douce et lisse. Formul\u00e9e \u00e0 base d\u2019huile de riz violet, de centella asiatica et d\u2019houttuynia cordata, elle apaise les irritations, resserre les pores et am\u00e9liore le [&hellip;]<\/p>\n","protected":false},"featured_media":33366,"template":"","meta":{"om_disable_all_campaigns":false},"product_brand":[],"product_cat":[18,15],"product_tag":[],"class_list":{"0":"post-33372","1":"product","2":"type-product","3":"status-publish","4":"has-post-thumbnail","6":"product_cat-beaute-sante","7":"product_cat-beaute-sante-complements-alimentaires-soins-et-bien-etre-au-meilleur-prix","9":"first","10":"instock","11":"taxable","12":"shipping-taxable","13":"purchasable","14":"product-type-simple"},"yoast_head":"<!-- This site is optimized with the Yoast SEO plugin v27.5 - https:\/\/yoast.com\/product\/yoast-seo-wordpress\/ -->\n<title>EQQUAL BERRY - Huile Nettoyante Lissante pour les pores au Riz Violet - 200 ml - Maroc Prix<\/title>\n<meta name=\"description\" content=\"EQQUAL BERRY - Huile Nettoyante Lissante pour les pores au Riz Violet - 200 ml\" \/>\n<meta name=\"robots\" content=\"index, follow, max-snippet:-1, max-image-preview:large, max-video-preview:-1\" \/>\n<link rel=\"canonical\" href=\"https:\/\/vitablanca.ma\/en\/product\/eqqual-berry-huile-nettoyante-lissante-pour-les-pores-au-riz-violet-200-ml\/\" \/>\n<meta property=\"og:locale\" content=\"en_US\" \/>\n<meta property=\"og:type\" content=\"article\" \/>\n<meta property=\"og:title\" content=\"EQQUAL BERRY - Huile Nettoyante Lissante pour les pores au Riz Violet - 200 ml - Maroc Prix\" \/>\n<meta property=\"og:description\" content=\"EQQUAL BERRY - Huile Nettoyante Lissante pour les pores au Riz Violet - 200 ml\" \/>\n<meta property=\"og:url\" content=\"https:\/\/vitablanca.ma\/en\/product\/eqqual-berry-huile-nettoyante-lissante-pour-les-pores-au-riz-violet-200-ml\/\" \/>\n<meta property=\"og:site_name\" content=\"Vitablanca.ma &ndash; Sant&eacute;, vitalit&eacute; et bien-&ecirc;tre pour tous les Marocains\" \/>\n<meta property=\"article:publisher\" content=\"https:\/\/www.facebook.com\/profile.php?id=61576678196717\" \/>\n<meta property=\"article:modified_time\" content=\"2026-03-06T03:38:41+00:00\" \/>\n<meta property=\"og:image\" content=\"https:\/\/vitablanca.ma\/wp-content\/uploads\/2026\/03\/EQQUALBERRY-HuileNettoyanteLissantepourlesporesauRizViolet-200ml6.jpg\" \/>\n\t<meta property=\"og:image:width\" content=\"1080\" \/>\n\t<meta property=\"og:image:height\" content=\"1080\" \/>\n\t<meta property=\"og:image:type\" content=\"image\/jpeg\" \/>\n<meta name=\"twitter:card\" content=\"summary_large_image\" \/>\n<meta name=\"twitter:label1\" content=\"Est. reading time\" \/>\n\t<meta name=\"twitter:data1\" content=\"1 minute\" \/>\n<script type=\"application\/ld+json\" class=\"yoast-schema-graph\">{\"@context\":\"https:\\\/\\\/schema.org\",\"@graph\":[{\"@type\":[\"WebPage\",\"ItemPage\"],\"@id\":\"https:\\\/\\\/vitablanca.ma\\\/produit\\\/eqqual-berry-huile-nettoyante-lissante-pour-les-pores-au-riz-violet-200-ml\\\/\",\"url\":\"https:\\\/\\\/vitablanca.ma\\\/produit\\\/eqqual-berry-huile-nettoyante-lissante-pour-les-pores-au-riz-violet-200-ml\\\/\",\"name\":\"EQQUAL BERRY - Huile Nettoyante Lissante pour les pores au Riz Violet - 200 ml - Maroc Prix\",\"isPartOf\":{\"@id\":\"https:\\\/\\\/vitablanca.ma\\\/#website\"},\"primaryImageOfPage\":{\"@id\":\"https:\\\/\\\/vitablanca.ma\\\/produit\\\/eqqual-berry-huile-nettoyante-lissante-pour-les-pores-au-riz-violet-200-ml\\\/#primaryimage\"},\"image\":{\"@id\":\"https:\\\/\\\/vitablanca.ma\\\/produit\\\/eqqual-berry-huile-nettoyante-lissante-pour-les-pores-au-riz-violet-200-ml\\\/#primaryimage\"},\"thumbnailUrl\":\"https:\\\/\\\/vitablanca.ma\\\/wp-content\\\/uploads\\\/2026\\\/03\\\/EQQUALBERRY-HuileNettoyanteLissantepourlesporesauRizViolet-200ml6.jpg\",\"datePublished\":\"2026-03-04T03:36:46+00:00\",\"dateModified\":\"2026-03-06T03:38:41+00:00\",\"description\":\"EQQUAL BERRY - Huile Nettoyante Lissante pour les pores au Riz Violet - 200 ml\",\"breadcrumb\":{\"@id\":\"https:\\\/\\\/vitablanca.ma\\\/produit\\\/eqqual-berry-huile-nettoyante-lissante-pour-les-pores-au-riz-violet-200-ml\\\/#breadcrumb\"},\"inLanguage\":\"en-US\",\"potentialAction\":[{\"@type\":\"ReadAction\",\"target\":[\"https:\\\/\\\/vitablanca.ma\\\/produit\\\/eqqual-berry-huile-nettoyante-lissante-pour-les-pores-au-riz-violet-200-ml\\\/\"]}]},{\"@type\":\"ImageObject\",\"inLanguage\":\"en-US\",\"@id\":\"https:\\\/\\\/vitablanca.ma\\\/produit\\\/eqqual-berry-huile-nettoyante-lissante-pour-les-pores-au-riz-violet-200-ml\\\/#primaryimage\",\"url\":\"https:\\\/\\\/vitablanca.ma\\\/wp-content\\\/uploads\\\/2026\\\/03\\\/EQQUALBERRY-HuileNettoyanteLissantepourlesporesauRizViolet-200ml6.jpg\",\"contentUrl\":\"https:\\\/\\\/vitablanca.ma\\\/wp-content\\\/uploads\\\/2026\\\/03\\\/EQQUALBERRY-HuileNettoyanteLissantepourlesporesauRizViolet-200ml6.jpg\",\"width\":1080,\"height\":1080},{\"@type\":\"BreadcrumbList\",\"@id\":\"https:\\\/\\\/vitablanca.ma\\\/produit\\\/eqqual-berry-huile-nettoyante-lissante-pour-les-pores-au-riz-violet-200-ml\\\/#breadcrumb\",\"itemListElement\":[{\"@type\":\"ListItem\",\"position\":1,\"name\":\"Home\",\"item\":\"https:\\\/\\\/vitablanca.ma\\\/\"},{\"@type\":\"ListItem\",\"position\":2,\"name\":\"Tous Les Produits\",\"item\":\"https:\\\/\\\/vitablanca.ma\\\/tous-les-produits\\\/\"},{\"@type\":\"ListItem\",\"position\":3,\"name\":\"EQQUAL BERRY &#8211; Huile Nettoyante Lissante pour les pores au Riz Violet &#8211; 200 ml\"}]},{\"@type\":\"WebSite\",\"@id\":\"https:\\\/\\\/vitablanca.ma\\\/#website\",\"url\":\"https:\\\/\\\/vitablanca.ma\\\/\",\"name\":\"VitaBlanca.ma | Compl\u00e9ments alimentaires, sant\u00e9 & beaut\u00e9 au Maroc\",\"description\":\"vendre vitamines et compl\u00e9ments premium des USA &amp; Canada, Nouvelle Z\u00e9lande,Maroc (NOW Foods, Solgar, Manuka). Livraison rapide partout au Maroc.\",\"publisher\":{\"@id\":\"https:\\\/\\\/vitablanca.ma\\\/#organization\"},\"alternateName\":\"VitaBlanca.ma\",\"potentialAction\":[{\"@type\":\"SearchAction\",\"target\":{\"@type\":\"EntryPoint\",\"urlTemplate\":\"https:\\\/\\\/vitablanca.ma\\\/?s={search_term_string}\"},\"query-input\":{\"@type\":\"PropertyValueSpecification\",\"valueRequired\":true,\"valueName\":\"search_term_string\"}}],\"inLanguage\":\"en-US\"},{\"@type\":\"Organization\",\"@id\":\"https:\\\/\\\/vitablanca.ma\\\/#organization\",\"name\":\"VitaBlanca\",\"url\":\"https:\\\/\\\/vitablanca.ma\\\/\",\"logo\":{\"@type\":\"ImageObject\",\"inLanguage\":\"en-US\",\"@id\":\"https:\\\/\\\/vitablanca.ma\\\/#\\\/schema\\\/logo\\\/image\\\/\",\"url\":\"https:\\\/\\\/vitablanca.ma\\\/wp-content\\\/uploads\\\/2025\\\/05\\\/cropped-vitablanca.png\",\"contentUrl\":\"https:\\\/\\\/vitablanca.ma\\\/wp-content\\\/uploads\\\/2025\\\/05\\\/cropped-vitablanca.png\",\"width\":360,\"height\":67,\"caption\":\"VitaBlanca\"},\"image\":{\"@id\":\"https:\\\/\\\/vitablanca.ma\\\/#\\\/schema\\\/logo\\\/image\\\/\"},\"sameAs\":[\"https:\\\/\\\/www.facebook.com\\\/profile.php?id=61576678196717\",\"https:\\\/\\\/www.tiktok.com\\\/@vitablanca.ma\",\"https:\\\/\\\/www.instagram.com\\\/vitablanca.ma\\\/\"]}]}<\/script>\n<!-- \/ Yoast SEO plugin. -->","yoast_head_json":{"title":"EQQUAL BERRY - Huile Nettoyante Lissante pour les pores au Riz Violet - 200 ml - Maroc Prix","description":"EQQUAL BERRY - Huile Nettoyante Lissante pour les pores au Riz Violet - 200 ml","robots":{"index":"index","follow":"follow","max-snippet":"max-snippet:-1","max-image-preview":"max-image-preview:large","max-video-preview":"max-video-preview:-1"},"canonical":"https:\/\/vitablanca.ma\/en\/product\/eqqual-berry-huile-nettoyante-lissante-pour-les-pores-au-riz-violet-200-ml\/","og_locale":"en_US","og_type":"article","og_title":"EQQUAL BERRY - Huile Nettoyante Lissante pour les pores au Riz Violet - 200 ml - Maroc Prix","og_description":"EQQUAL BERRY - Huile Nettoyante Lissante pour les pores au Riz Violet - 200 ml","og_url":"https:\/\/vitablanca.ma\/en\/product\/eqqual-berry-huile-nettoyante-lissante-pour-les-pores-au-riz-violet-200-ml\/","og_site_name":"Vitablanca.ma &ndash; Sant&eacute;, vitalit&eacute; et bien-&ecirc;tre pour tous les Marocains","article_publisher":"https:\/\/www.facebook.com\/profile.php?id=61576678196717","article_modified_time":"2026-03-06T03:38:41+00:00","og_image":[{"width":1080,"height":1080,"url":"https:\/\/vitablanca.ma\/wp-content\/uploads\/2026\/03\/EQQUALBERRY-HuileNettoyanteLissantepourlesporesauRizViolet-200ml6.jpg","type":"image\/jpeg"}],"twitter_card":"summary_large_image","twitter_misc":{"Est. reading time":"1 minute"},"schema":{"@context":"https:\/\/schema.org","@graph":[{"@type":["WebPage","ItemPage"],"@id":"https:\/\/vitablanca.ma\/produit\/eqqual-berry-huile-nettoyante-lissante-pour-les-pores-au-riz-violet-200-ml\/","url":"https:\/\/vitablanca.ma\/produit\/eqqual-berry-huile-nettoyante-lissante-pour-les-pores-au-riz-violet-200-ml\/","name":"EQQUAL BERRY - Huile Nettoyante Lissante pour les pores au Riz Violet - 200 ml - Maroc Prix","isPartOf":{"@id":"https:\/\/vitablanca.ma\/#website"},"primaryImageOfPage":{"@id":"https:\/\/vitablanca.ma\/produit\/eqqual-berry-huile-nettoyante-lissante-pour-les-pores-au-riz-violet-200-ml\/#primaryimage"},"image":{"@id":"https:\/\/vitablanca.ma\/produit\/eqqual-berry-huile-nettoyante-lissante-pour-les-pores-au-riz-violet-200-ml\/#primaryimage"},"thumbnailUrl":"https:\/\/vitablanca.ma\/wp-content\/uploads\/2026\/03\/EQQUALBERRY-HuileNettoyanteLissantepourlesporesauRizViolet-200ml6.jpg","datePublished":"2026-03-04T03:36:46+00:00","dateModified":"2026-03-06T03:38:41+00:00","description":"EQQUAL BERRY - Huile Nettoyante Lissante pour les pores au Riz Violet - 200 ml","breadcrumb":{"@id":"https:\/\/vitablanca.ma\/produit\/eqqual-berry-huile-nettoyante-lissante-pour-les-pores-au-riz-violet-200-ml\/#breadcrumb"},"inLanguage":"en-US","potentialAction":[{"@type":"ReadAction","target":["https:\/\/vitablanca.ma\/produit\/eqqual-berry-huile-nettoyante-lissante-pour-les-pores-au-riz-violet-200-ml\/"]}]},{"@type":"ImageObject","inLanguage":"en-US","@id":"https:\/\/vitablanca.ma\/produit\/eqqual-berry-huile-nettoyante-lissante-pour-les-pores-au-riz-violet-200-ml\/#primaryimage","url":"https:\/\/vitablanca.ma\/wp-content\/uploads\/2026\/03\/EQQUALBERRY-HuileNettoyanteLissantepourlesporesauRizViolet-200ml6.jpg","contentUrl":"https:\/\/vitablanca.ma\/wp-content\/uploads\/2026\/03\/EQQUALBERRY-HuileNettoyanteLissantepourlesporesauRizViolet-200ml6.jpg","width":1080,"height":1080},{"@type":"BreadcrumbList","@id":"https:\/\/vitablanca.ma\/produit\/eqqual-berry-huile-nettoyante-lissante-pour-les-pores-au-riz-violet-200-ml\/#breadcrumb","itemListElement":[{"@type":"ListItem","position":1,"name":"Home","item":"https:\/\/vitablanca.ma\/"},{"@type":"ListItem","position":2,"name":"Tous Les Produits","item":"https:\/\/vitablanca.ma\/tous-les-produits\/"},{"@type":"ListItem","position":3,"name":"EQQUAL BERRY &#8211; Huile Nettoyante Lissante pour les pores au Riz Violet &#8211; 200 ml"}]},{"@type":"WebSite","@id":"https:\/\/vitablanca.ma\/#website","url":"https:\/\/vitablanca.ma\/","name":"VitaBlanca.ma | Food supplements, health &amp; beauty in Morocco","description":"sell premium vitamins and supplements from USA &amp; Canada, New Zealand, Morocco (NOW Foods, Solgar, Manuka). Fast delivery anywhere in Morocco.","publisher":{"@id":"https:\/\/vitablanca.ma\/#organization"},"alternateName":"VitaBlanca.ma","potentialAction":[{"@type":"SearchAction","target":{"@type":"EntryPoint","urlTemplate":"https:\/\/vitablanca.ma\/?s={search_term_string}"},"query-input":{"@type":"PropertyValueSpecification","valueRequired":true,"valueName":"search_term_string"}}],"inLanguage":"en-US"},{"@type":"Organization","@id":"https:\/\/vitablanca.ma\/#organization","name":"VitaBlanca","url":"https:\/\/vitablanca.ma\/","logo":{"@type":"ImageObject","inLanguage":"en-US","@id":"https:\/\/vitablanca.ma\/#\/schema\/logo\/image\/","url":"https:\/\/vitablanca.ma\/wp-content\/uploads\/2025\/05\/cropped-vitablanca.png","contentUrl":"https:\/\/vitablanca.ma\/wp-content\/uploads\/2025\/05\/cropped-vitablanca.png","width":360,"height":67,"caption":"VitaBlanca"},"image":{"@id":"https:\/\/vitablanca.ma\/#\/schema\/logo\/image\/"},"sameAs":["https:\/\/www.facebook.com\/profile.php?id=61576678196717","https:\/\/www.tiktok.com\/@vitablanca.ma","https:\/\/www.instagram.com\/vitablanca.ma\/"]}]}},"jetpack_sharing_enabled":true,"_links":{"self":[{"href":"https:\/\/vitablanca.ma\/en\/wp-json\/wp\/v2\/product\/33372","targetHints":{"allow":["GET"]}}],"collection":[{"href":"https:\/\/vitablanca.ma\/en\/wp-json\/wp\/v2\/product"}],"about":[{"href":"https:\/\/vitablanca.ma\/en\/wp-json\/wp\/v2\/types\/product"}],"wp:featuredmedia":[{"embeddable":true,"href":"https:\/\/vitablanca.ma\/en\/wp-json\/wp\/v2\/media\/33366"}],"wp:attachment":[{"href":"https:\/\/vitablanca.ma\/en\/wp-json\/wp\/v2\/media?parent=33372"}],"wp:term":[{"taxonomy":"product_brand","embeddable":true,"href":"https:\/\/vitablanca.ma\/en\/wp-json\/wp\/v2\/product_brand?post=33372"},{"taxonomy":"product_cat","embeddable":true,"href":"https:\/\/vitablanca.ma\/en\/wp-json\/wp\/v2\/product_cat?post=33372"},{"taxonomy":"product_tag","embeddable":true,"href":"https:\/\/vitablanca.ma\/en\/wp-json\/wp\/v2\/product_tag?post=33372"}],"curies":[{"name":"wp","href":"https:\/\/api.w.org\/{rel}","templated":true}]}}