{"id":33333,"date":"2026-03-04T03:35:57","date_gmt":"2026-03-04T03:35:57","guid":{"rendered":"https:\/\/vitablanca.ma\/produit\/eqqual-berry-nad-peptide-boosting-serum-30ml\/"},"modified":"2026-03-08T18:16:12","modified_gmt":"2026-03-08T18:16:12","slug":"eqqual-berry-nad-peptide-boosting-serum-30ml","status":"publish","type":"product","link":"https:\/\/vitablanca.ma\/en\/product\/eqqual-berry-nad-peptide-boosting-serum-30ml\/","title":{"rendered":"EQQUAL BERRY NAD+ Peptide Boosting Serum 30ml"},"content":{"rendered":"<p class=\"MsoListParagraphCxSpFirst\" style=\"margin-left: 54.0pt; text-indent: -18.0pt; line-height: 115%; background: white;\"><!-- [if !supportLists]--><span style=\"font-family: Symbol; color: black;\">\u00b7<span style=\"font: 7.0pt 'Times New Roman';\">\u00a0\u00a0\u00a0\u00a0\u00a0\u00a0 <\/span><\/span><!--[endif]--><span style=\"font-family: 'Arial','sans-serif'; color: black;\">\u00c9nergie cellulaire et boost de collag\u00e8ne : Un d\u00e9licieux m\u00e9lange de NAD+ et de peptides aide \u00e0 dynamiser la peau au niveau cellulaire tout en signalant la production de collag\u00e8ne. Soutient une peau plus ferme, plus lisse et plus r\u00e9sistante \u00e0 chaque goutte.<\/span><\/p>\n<p class=\"MsoListParagraphCxSpMiddle\" style=\"margin-left: 54.0pt; text-indent: -18.0pt; line-height: 115%; background: white;\"><!-- [if !supportLists]--><span style=\"font-family: Symbol; color: black;\">\u00b7<span style=\"font: 7.0pt 'Times New Roman';\">\u00a0\u00a0\u00a0\u00a0\u00a0\u00a0 <\/span><\/span><!--[endif]--><span style=\"font-family: 'Arial','sans-serif'; color: black;\">M\u00e9lange de beaut\u00e9 anti-\u00e2ge : Reconstitue les niveaux de NAD+ pour contrer le d\u00e9clin cutan\u00e9 li\u00e9 au vieillissement. Il aide \u00e0 bloquer la formation des rides, \u00e0 restaurer la vitalit\u00e9 de la peau et \u00e0 maintenir l\u2019\u00e9lasticit\u00e9 \u00e0 long terme et le rebond de la jeunesse.<\/span><\/p>\n<p class=\"MsoListParagraphCxSpMiddle\" style=\"margin-left: 54.0pt; text-indent: -18.0pt; line-height: 115%; background: white;\"><!-- [if !supportLists]--><span style=\"font-family: Symbol; color: black;\">\u00b7<span style=\"font: 7.0pt 'Times New Roman';\">\u00a0\u00a0\u00a0\u00a0\u00a0\u00a0 <\/span><\/span><!--[endif]--><span style=\"font-family: 'Arial','sans-serif'; color: black;\">Soin d\u2019hydratation et de radiation : Infus\u00e9 d\u2019extrait de grenade riche en antioxydants pour combattre les radicaux libres, prot\u00e9ger contre le teint terne et encourager le renouvellement du collag\u00e8ne. Laisse la peau fra\u00eeche, \u00e9clatante et pr\u00eate pour les smoothies avec un teint \u00e9clatant et uniforme.<\/span><\/p>\n<p class=\"MsoListParagraphCxSpMiddle\" style=\"margin-left: 54.0pt; text-indent: -18.0pt; line-height: 115%; background: white;\"><!-- [if !supportLists]--><span style=\"font-family: Symbol; color: black;\">\u00b7<span style=\"font: 7.0pt 'Times New Roman';\">\u00a0\u00a0\u00a0\u00a0\u00a0\u00a0 <\/span><\/span><!--[endif]--><span style=\"font-family: 'Arial','sans-serif'; color: black;\">R\u00c9SISTANCE DE LA BARRI\u00c8RE CUTAN\u00c9E AUX C\u00c9RAMIDES : Cinq c\u00e9ramides essentiels (NP, AP, AS, NG, EOP) ainsi que du collag\u00e8ne v\u00e9g\u00e9talien hydratent en profondeur, restaurent le bouclier d\u2019hydratation de la peau et la d\u00e9fendent contre la s\u00e9cheresse et les facteurs de stress environnementaux.<\/span><\/p>\n<p class=\"MsoListParagraphCxSpLast\" style=\"margin-left: 54.0pt; text-indent: -18.0pt; line-height: 115%; background: white;\"><!-- [if !supportLists]--><span style=\"font-family: Symbol; color: black;\">\u00b7<span style=\"font: 7.0pt 'Times New Roman';\">\u00a0\u00a0\u00a0\u00a0\u00a0\u00a0 <\/span><\/span><!--[endif]--><span style=\"font-family: 'Arial','sans-serif'; color: black;\">Finition l\u00e9g\u00e8re et antiadh\u00e9sive : la texture rafra\u00eechissante et \u00e0 absorption rapide p\u00e9n\u00e8tre dans la peau sans laisser de r\u00e9sidus. Id\u00e9al pour une utilisation quotidienne sur le visage, le cou et le d\u00e9collet\u00e9 pour un fini moelleux, \u00e9clatant et brillant.<\/span><\/p>\n<p class=\"MsoNormal\" style=\"line-height: normal;\"><b><span style=\"font-family: 'Arial','sans-serif'; color: black;\">\u00a0Mode d\u2019emploi :<\/span><\/b><\/p>\n<p class=\"MsoNormal\" style=\"line-height: normal;\"><span style=\"font-family: 'Arial','sans-serif'; color: black;\">\u00a0Chaque matin et soir, apr\u00e8s vous \u00eatre lav\u00e9 le visage, pr\u00e9levez une quantit\u00e9 appropri\u00e9e de toner \u00e0 l\u2019\u00e9tape suivante, \u00e9talez-le uniform\u00e9ment et tapotez-le pour l\u2019absorber.<\/span><\/p>\n<p class=\"MsoNormal\"><span style=\"font-family: 'Arial','sans-serif'; color: black;\">\u00a0<\/span><\/p>\n","protected":false},"excerpt":{"rendered":"<p>\u00b7\u00a0\u00a0\u00a0\u00a0\u00a0\u00a0 \u00c9nergie cellulaire et boost de collag\u00e8ne : Un d\u00e9licieux m\u00e9lange de NAD+ et de peptides aide \u00e0 dynamiser la peau au niveau cellulaire tout en signalant la production de collag\u00e8ne. Soutient une peau plus ferme, plus lisse et plus r\u00e9sistante \u00e0 chaque goutte. \u00b7\u00a0\u00a0\u00a0\u00a0\u00a0\u00a0 M\u00e9lange de beaut\u00e9 anti-\u00e2ge : Reconstitue les niveaux de NAD+ [&hellip;]<\/p>\n","protected":false},"featured_media":33324,"template":"","meta":{"om_disable_all_campaigns":false},"product_brand":[],"product_cat":[18,15],"product_tag":[11563,11557,11543,11561,11558,11564,11562,11559,11560,11547],"class_list":{"0":"post-33333","1":"product","2":"type-product","3":"status-publish","4":"has-post-thumbnail","6":"product_cat-beaute-sante","7":"product_cat-beaute-sante-complements-alimentaires-soins-et-bien-etre-au-meilleur-prix","8":"product_tag-eqqual-berry-nad-peptide-boosting-serum","9":"product_tag-eqqual-berry-nad-serum","10":"product_tag-eqqual-skincare","11":"product_tag-k-beauty-serum-anti-age","12":"product_tag-serum-anti-age-visage","13":"product_tag-serum-peau-eclatante","14":"product_tag-serum-peau-mature","15":"product_tag-serum-peptides-visage","16":"product_tag-serum-regenerant-peau","17":"product_tag-serum-repulpant-visage","19":"first","20":"instock","21":"taxable","22":"shipping-taxable","23":"purchasable","24":"product-type-simple"},"yoast_head":"<!-- This site is optimized with the Yoast SEO plugin v27.4 - https:\/\/yoast.com\/product\/yoast-seo-wordpress\/ -->\n<title>EQQUAL Berry NAD+ Peptide Boosting Serum 30ml - Maroc Prix<\/title>\n<meta name=\"description\" content=\"D\u00e9couvrez EQQUAL Berry NAD+ Peptide Boosting Serum 30ml, un s\u00e9rum visage enrichi en NAD+,et extraits de baies pour stimuler la r\u00e9g\u00e9n\u00e9ration cellulaire,\" \/>\n<meta name=\"robots\" content=\"index, follow, max-snippet:-1, max-image-preview:large, max-video-preview:-1\" \/>\n<link rel=\"canonical\" href=\"https:\/\/vitablanca.ma\/en\/product\/eqqual-berry-nad-peptide-boosting-serum-30ml\/\" \/>\n<meta property=\"og:locale\" content=\"en_US\" \/>\n<meta property=\"og:type\" content=\"article\" \/>\n<meta property=\"og:title\" content=\"EQQUAL Berry NAD+ Peptide Boosting Serum 30ml - Maroc Prix\" \/>\n<meta property=\"og:description\" content=\"D\u00e9couvrez EQQUAL Berry NAD+ Peptide Boosting Serum 30ml, un s\u00e9rum visage enrichi en NAD+,et extraits de baies pour stimuler la r\u00e9g\u00e9n\u00e9ration cellulaire,\" \/>\n<meta property=\"og:url\" content=\"https:\/\/vitablanca.ma\/en\/product\/eqqual-berry-nad-peptide-boosting-serum-30ml\/\" \/>\n<meta property=\"og:site_name\" content=\"Vitablanca.ma &ndash; Sant&eacute;, vitalit&eacute; et bien-&ecirc;tre pour tous les Marocains\" \/>\n<meta property=\"article:publisher\" content=\"https:\/\/www.facebook.com\/profile.php?id=61576678196717\" \/>\n<meta property=\"article:modified_time\" content=\"2026-03-08T18:16:12+00:00\" \/>\n<meta property=\"og:image\" content=\"https:\/\/vitablanca.ma\/wp-content\/uploads\/2026\/03\/Eqqualberry_NAD_Peptide_Boosting_Serum_30ml_7.jpg\" \/>\n\t<meta property=\"og:image:width\" content=\"1080\" \/>\n\t<meta property=\"og:image:height\" content=\"1080\" \/>\n\t<meta property=\"og:image:type\" content=\"image\/jpeg\" \/>\n<meta name=\"twitter:card\" content=\"summary_large_image\" \/>\n<meta name=\"twitter:label1\" content=\"Est. reading time\" \/>\n\t<meta name=\"twitter:data1\" content=\"2 minutes\" \/>\n<script type=\"application\/ld+json\" class=\"yoast-schema-graph\">{\"@context\":\"https:\\\/\\\/schema.org\",\"@graph\":[{\"@type\":[\"WebPage\",\"ItemPage\"],\"@id\":\"https:\\\/\\\/vitablanca.ma\\\/produit\\\/eqqual-berry-nad-peptide-boosting-serum-30ml\\\/\",\"url\":\"https:\\\/\\\/vitablanca.ma\\\/produit\\\/eqqual-berry-nad-peptide-boosting-serum-30ml\\\/\",\"name\":\"EQQUAL Berry NAD+ Peptide Boosting Serum 30ml - Maroc Prix\",\"isPartOf\":{\"@id\":\"https:\\\/\\\/vitablanca.ma\\\/#website\"},\"primaryImageOfPage\":{\"@id\":\"https:\\\/\\\/vitablanca.ma\\\/produit\\\/eqqual-berry-nad-peptide-boosting-serum-30ml\\\/#primaryimage\"},\"image\":{\"@id\":\"https:\\\/\\\/vitablanca.ma\\\/produit\\\/eqqual-berry-nad-peptide-boosting-serum-30ml\\\/#primaryimage\"},\"thumbnailUrl\":\"https:\\\/\\\/vitablanca.ma\\\/wp-content\\\/uploads\\\/2026\\\/03\\\/Eqqualberry_NAD_Peptide_Boosting_Serum_30ml_7.jpg\",\"datePublished\":\"2026-03-04T03:35:57+00:00\",\"dateModified\":\"2026-03-08T18:16:12+00:00\",\"description\":\"D\u00e9couvrez EQQUAL Berry NAD+ Peptide Boosting Serum 30ml, un s\u00e9rum visage enrichi en NAD+,et extraits de baies pour stimuler la r\u00e9g\u00e9n\u00e9ration cellulaire,\",\"breadcrumb\":{\"@id\":\"https:\\\/\\\/vitablanca.ma\\\/produit\\\/eqqual-berry-nad-peptide-boosting-serum-30ml\\\/#breadcrumb\"},\"inLanguage\":\"en-US\",\"potentialAction\":[{\"@type\":\"ReadAction\",\"target\":[\"https:\\\/\\\/vitablanca.ma\\\/produit\\\/eqqual-berry-nad-peptide-boosting-serum-30ml\\\/\"]}]},{\"@type\":\"ImageObject\",\"inLanguage\":\"en-US\",\"@id\":\"https:\\\/\\\/vitablanca.ma\\\/produit\\\/eqqual-berry-nad-peptide-boosting-serum-30ml\\\/#primaryimage\",\"url\":\"https:\\\/\\\/vitablanca.ma\\\/wp-content\\\/uploads\\\/2026\\\/03\\\/Eqqualberry_NAD_Peptide_Boosting_Serum_30ml_7.jpg\",\"contentUrl\":\"https:\\\/\\\/vitablanca.ma\\\/wp-content\\\/uploads\\\/2026\\\/03\\\/Eqqualberry_NAD_Peptide_Boosting_Serum_30ml_7.jpg\",\"width\":1080,\"height\":1080},{\"@type\":\"BreadcrumbList\",\"@id\":\"https:\\\/\\\/vitablanca.ma\\\/produit\\\/eqqual-berry-nad-peptide-boosting-serum-30ml\\\/#breadcrumb\",\"itemListElement\":[{\"@type\":\"ListItem\",\"position\":1,\"name\":\"Home\",\"item\":\"https:\\\/\\\/vitablanca.ma\\\/\"},{\"@type\":\"ListItem\",\"position\":2,\"name\":\"Tous Les Produits\",\"item\":\"https:\\\/\\\/vitablanca.ma\\\/tous-les-produits\\\/\"},{\"@type\":\"ListItem\",\"position\":3,\"name\":\"EQQUAL BERRY NAD+ Peptide Boosting Serum 30ml\"}]},{\"@type\":\"WebSite\",\"@id\":\"https:\\\/\\\/vitablanca.ma\\\/#website\",\"url\":\"https:\\\/\\\/vitablanca.ma\\\/\",\"name\":\"VitaBlanca.ma | Compl\u00e9ments alimentaires, sant\u00e9 & beaut\u00e9 au Maroc\",\"description\":\"vendre vitamines et compl\u00e9ments premium des USA &amp; Canada, Nouvelle Z\u00e9lande,Maroc (NOW Foods, Solgar, Manuka). Livraison rapide partout au Maroc.\",\"publisher\":{\"@id\":\"https:\\\/\\\/vitablanca.ma\\\/#organization\"},\"alternateName\":\"VitaBlanca.ma\",\"potentialAction\":[{\"@type\":\"SearchAction\",\"target\":{\"@type\":\"EntryPoint\",\"urlTemplate\":\"https:\\\/\\\/vitablanca.ma\\\/?s={search_term_string}\"},\"query-input\":{\"@type\":\"PropertyValueSpecification\",\"valueRequired\":true,\"valueName\":\"search_term_string\"}}],\"inLanguage\":\"en-US\"},{\"@type\":\"Organization\",\"@id\":\"https:\\\/\\\/vitablanca.ma\\\/#organization\",\"name\":\"VitaBlanca\",\"url\":\"https:\\\/\\\/vitablanca.ma\\\/\",\"logo\":{\"@type\":\"ImageObject\",\"inLanguage\":\"en-US\",\"@id\":\"https:\\\/\\\/vitablanca.ma\\\/#\\\/schema\\\/logo\\\/image\\\/\",\"url\":\"https:\\\/\\\/vitablanca.ma\\\/wp-content\\\/uploads\\\/2025\\\/05\\\/cropped-vitablanca.png\",\"contentUrl\":\"https:\\\/\\\/vitablanca.ma\\\/wp-content\\\/uploads\\\/2025\\\/05\\\/cropped-vitablanca.png\",\"width\":360,\"height\":67,\"caption\":\"VitaBlanca\"},\"image\":{\"@id\":\"https:\\\/\\\/vitablanca.ma\\\/#\\\/schema\\\/logo\\\/image\\\/\"},\"sameAs\":[\"https:\\\/\\\/www.facebook.com\\\/profile.php?id=61576678196717\",\"https:\\\/\\\/www.tiktok.com\\\/@vitablanca.ma\",\"https:\\\/\\\/www.instagram.com\\\/vitablanca.ma\\\/\"]}]}<\/script>\n<!-- \/ Yoast SEO plugin. -->","yoast_head_json":{"title":"EQQUAL Berry NAD+ Peptide Boosting Serum 30ml - Maroc Prix","description":"D\u00e9couvrez EQQUAL Berry NAD+ Peptide Boosting Serum 30ml, un s\u00e9rum visage enrichi en NAD+,et extraits de baies pour stimuler la r\u00e9g\u00e9n\u00e9ration cellulaire,","robots":{"index":"index","follow":"follow","max-snippet":"max-snippet:-1","max-image-preview":"max-image-preview:large","max-video-preview":"max-video-preview:-1"},"canonical":"https:\/\/vitablanca.ma\/en\/product\/eqqual-berry-nad-peptide-boosting-serum-30ml\/","og_locale":"en_US","og_type":"article","og_title":"EQQUAL Berry NAD+ Peptide Boosting Serum 30ml - Maroc Prix","og_description":"D\u00e9couvrez EQQUAL Berry NAD+ Peptide Boosting Serum 30ml, un s\u00e9rum visage enrichi en NAD+,et extraits de baies pour stimuler la r\u00e9g\u00e9n\u00e9ration cellulaire,","og_url":"https:\/\/vitablanca.ma\/en\/product\/eqqual-berry-nad-peptide-boosting-serum-30ml\/","og_site_name":"Vitablanca.ma &ndash; Sant&eacute;, vitalit&eacute; et bien-&ecirc;tre pour tous les Marocains","article_publisher":"https:\/\/www.facebook.com\/profile.php?id=61576678196717","article_modified_time":"2026-03-08T18:16:12+00:00","og_image":[{"width":1080,"height":1080,"url":"https:\/\/vitablanca.ma\/wp-content\/uploads\/2026\/03\/Eqqualberry_NAD_Peptide_Boosting_Serum_30ml_7.jpg","type":"image\/jpeg"}],"twitter_card":"summary_large_image","twitter_misc":{"Est. reading time":"2 minutes"},"schema":{"@context":"https:\/\/schema.org","@graph":[{"@type":["WebPage","ItemPage"],"@id":"https:\/\/vitablanca.ma\/produit\/eqqual-berry-nad-peptide-boosting-serum-30ml\/","url":"https:\/\/vitablanca.ma\/produit\/eqqual-berry-nad-peptide-boosting-serum-30ml\/","name":"EQQUAL Berry NAD+ Peptide Boosting Serum 30ml - Maroc Prix","isPartOf":{"@id":"https:\/\/vitablanca.ma\/#website"},"primaryImageOfPage":{"@id":"https:\/\/vitablanca.ma\/produit\/eqqual-berry-nad-peptide-boosting-serum-30ml\/#primaryimage"},"image":{"@id":"https:\/\/vitablanca.ma\/produit\/eqqual-berry-nad-peptide-boosting-serum-30ml\/#primaryimage"},"thumbnailUrl":"https:\/\/vitablanca.ma\/wp-content\/uploads\/2026\/03\/Eqqualberry_NAD_Peptide_Boosting_Serum_30ml_7.jpg","datePublished":"2026-03-04T03:35:57+00:00","dateModified":"2026-03-08T18:16:12+00:00","description":"D\u00e9couvrez EQQUAL Berry NAD+ Peptide Boosting Serum 30ml, un s\u00e9rum visage enrichi en NAD+,et extraits de baies pour stimuler la r\u00e9g\u00e9n\u00e9ration cellulaire,","breadcrumb":{"@id":"https:\/\/vitablanca.ma\/produit\/eqqual-berry-nad-peptide-boosting-serum-30ml\/#breadcrumb"},"inLanguage":"en-US","potentialAction":[{"@type":"ReadAction","target":["https:\/\/vitablanca.ma\/produit\/eqqual-berry-nad-peptide-boosting-serum-30ml\/"]}]},{"@type":"ImageObject","inLanguage":"en-US","@id":"https:\/\/vitablanca.ma\/produit\/eqqual-berry-nad-peptide-boosting-serum-30ml\/#primaryimage","url":"https:\/\/vitablanca.ma\/wp-content\/uploads\/2026\/03\/Eqqualberry_NAD_Peptide_Boosting_Serum_30ml_7.jpg","contentUrl":"https:\/\/vitablanca.ma\/wp-content\/uploads\/2026\/03\/Eqqualberry_NAD_Peptide_Boosting_Serum_30ml_7.jpg","width":1080,"height":1080},{"@type":"BreadcrumbList","@id":"https:\/\/vitablanca.ma\/produit\/eqqual-berry-nad-peptide-boosting-serum-30ml\/#breadcrumb","itemListElement":[{"@type":"ListItem","position":1,"name":"Home","item":"https:\/\/vitablanca.ma\/"},{"@type":"ListItem","position":2,"name":"Tous Les Produits","item":"https:\/\/vitablanca.ma\/tous-les-produits\/"},{"@type":"ListItem","position":3,"name":"EQQUAL BERRY NAD+ Peptide Boosting Serum 30ml"}]},{"@type":"WebSite","@id":"https:\/\/vitablanca.ma\/#website","url":"https:\/\/vitablanca.ma\/","name":"VitaBlanca.ma | Food supplements, health &amp; beauty in Morocco","description":"sell premium vitamins and supplements from USA &amp; Canada, New Zealand, Morocco (NOW Foods, Solgar, Manuka). Fast delivery anywhere in Morocco.","publisher":{"@id":"https:\/\/vitablanca.ma\/#organization"},"alternateName":"VitaBlanca.ma","potentialAction":[{"@type":"SearchAction","target":{"@type":"EntryPoint","urlTemplate":"https:\/\/vitablanca.ma\/?s={search_term_string}"},"query-input":{"@type":"PropertyValueSpecification","valueRequired":true,"valueName":"search_term_string"}}],"inLanguage":"en-US"},{"@type":"Organization","@id":"https:\/\/vitablanca.ma\/#organization","name":"VitaBlanca","url":"https:\/\/vitablanca.ma\/","logo":{"@type":"ImageObject","inLanguage":"en-US","@id":"https:\/\/vitablanca.ma\/#\/schema\/logo\/image\/","url":"https:\/\/vitablanca.ma\/wp-content\/uploads\/2025\/05\/cropped-vitablanca.png","contentUrl":"https:\/\/vitablanca.ma\/wp-content\/uploads\/2025\/05\/cropped-vitablanca.png","width":360,"height":67,"caption":"VitaBlanca"},"image":{"@id":"https:\/\/vitablanca.ma\/#\/schema\/logo\/image\/"},"sameAs":["https:\/\/www.facebook.com\/profile.php?id=61576678196717","https:\/\/www.tiktok.com\/@vitablanca.ma","https:\/\/www.instagram.com\/vitablanca.ma\/"]}]}},"jetpack_sharing_enabled":true,"_links":{"self":[{"href":"https:\/\/vitablanca.ma\/en\/wp-json\/wp\/v2\/product\/33333","targetHints":{"allow":["GET"]}}],"collection":[{"href":"https:\/\/vitablanca.ma\/en\/wp-json\/wp\/v2\/product"}],"about":[{"href":"https:\/\/vitablanca.ma\/en\/wp-json\/wp\/v2\/types\/product"}],"wp:featuredmedia":[{"embeddable":true,"href":"https:\/\/vitablanca.ma\/en\/wp-json\/wp\/v2\/media\/33324"}],"wp:attachment":[{"href":"https:\/\/vitablanca.ma\/en\/wp-json\/wp\/v2\/media?parent=33333"}],"wp:term":[{"taxonomy":"product_brand","embeddable":true,"href":"https:\/\/vitablanca.ma\/en\/wp-json\/wp\/v2\/product_brand?post=33333"},{"taxonomy":"product_cat","embeddable":true,"href":"https:\/\/vitablanca.ma\/en\/wp-json\/wp\/v2\/product_cat?post=33333"},{"taxonomy":"product_tag","embeddable":true,"href":"https:\/\/vitablanca.ma\/en\/wp-json\/wp\/v2\/product_tag?post=33333"}],"curies":[{"name":"wp","href":"https:\/\/api.w.org\/{rel}","templated":true}]}}