{"id":33305,"date":"2026-03-04T03:30:15","date_gmt":"2026-03-04T03:30:15","guid":{"rendered":"https:\/\/vitablanca.ma\/produit\/power-detox-shampoo-et-conditioner-300ml\/"},"modified":"2026-03-06T03:38:42","modified_gmt":"2026-03-06T03:38:42","slug":"power-detox-shampoo-et-conditioner-300ml","status":"publish","type":"product","link":"https:\/\/vitablanca.ma\/en\/product\/power-detox-shampoo-et-conditioner-300ml\/","title":{"rendered":"POWER DETOX SHAMPOO ET CONDITIONER  300ML"},"content":{"rendered":"<h3 style=\"text-align: center\" data-mce-fragment=\"1\" data-mce-style=\"text-align: center;\">POWER DETOX SHAMPOO ET CONDITIONER\u00a0 300ML<\/h3>\n<p data-mce-fragment=\"1\"><span>La gamme Nutrition Power Detox de Brazil Protein Pour les Cheveux tr\u00e8s gras et trait\u00e9s chimiquement shampoing sans sulfate\u00a0e<\/span>t\u00a0apr\u00e8s-shampoing<span> \u2013 2 x 300ml<\/span><\/p>\n<p>La gamme Nutrition Power Homecare Brazil Protein a \u00e9t\u00e9 sp\u00e9cialement d\u00e9velopp\u00e9e pour les cheveux tr\u00e8s gras et trait\u00e9s chimiquement. Dans sa formulation, nous avons l\u2019actif de nutrition profonde et son utilisation continue aide au nettoyage rafra\u00eechissant des m\u00e8ches agissant du cortex jusqu\u2019aux cuticules, en r\u00e9cup\u00e9rant toutes les propri\u00e9t\u00e9s du cheveu. Indiqu\u00e9 pour r\u00e9duire l\u2019huile des cheveux, en les gardant doux et hydrat\u00e9s car le shampooing stabilise le PH des cheveux et le revitalisant aide \u00e0 l\u2019hydratation qui maintient l\u2019humidit\u00e9 n\u00e9cessaire et nourrit les cheveux.<\/p>\n<p><\/p>\n<p>Notre nouvelle gamme Nutrition Power Homecare Brazil Protein : Indiqu\u00e9 pour r\u00e9duire l\u2019huile des cheveux, les garder doux et hydrat\u00e9s pendant que le shampooing stabilise le pH des cheveux et le revitalisant aide \u00e0 l\u2019hydratation qui maintient l\u2019hydratation n\u00e9cessaire et nourrit les cheveux.<\/p>","protected":false},"excerpt":{"rendered":"<p>POWER DETOX SHAMPOO ET CONDITIONER\u00a0 300ML La gamme Nutrition Power Detox de Brazil Protein Pour les Cheveux tr\u00e8s gras et trait\u00e9s chimiquement shampoing sans sulfate\u00a0et\u00a0apr\u00e8s-shampoing \u2013 2 x 300ml La gamme Nutrition Power Homecare Brazil Protein a \u00e9t\u00e9 sp\u00e9cialement d\u00e9velopp\u00e9e pour les cheveux tr\u00e8s gras et trait\u00e9s chimiquement. Dans sa formulation, nous avons l\u2019actif de [&hellip;]<\/p>\n","protected":false},"featured_media":33301,"template":"","meta":{"om_disable_all_campaigns":false},"product_brand":[],"product_cat":[18,15],"product_tag":[],"class_list":{"0":"post-33305","1":"product","2":"type-product","3":"status-publish","4":"has-post-thumbnail","6":"product_cat-beaute-sante","7":"product_cat-beaute-sante-complements-alimentaires-soins-et-bien-etre-au-meilleur-prix","9":"first","10":"instock","11":"taxable","12":"shipping-taxable","13":"purchasable","14":"product-type-simple"},"yoast_head":"<!-- This site is optimized with the Yoast SEO plugin v27.5 - https:\/\/yoast.com\/product\/yoast-seo-wordpress\/ -->\n<title>POWER DETOX SHAMPOO ET CONDITIONER 300ML - Maroc Prix<\/title>\n<meta name=\"description\" content=\"POWER DETOX SHAMPOO ET CONDITIONER 300ML\" \/>\n<meta name=\"robots\" content=\"index, follow, max-snippet:-1, max-image-preview:large, max-video-preview:-1\" \/>\n<link rel=\"canonical\" href=\"https:\/\/vitablanca.ma\/en\/product\/power-detox-shampoo-et-conditioner-300ml\/\" \/>\n<meta property=\"og:locale\" content=\"en_US\" \/>\n<meta property=\"og:type\" content=\"article\" \/>\n<meta property=\"og:title\" content=\"POWER DETOX SHAMPOO ET CONDITIONER 300ML - Maroc Prix\" \/>\n<meta property=\"og:description\" content=\"POWER DETOX SHAMPOO ET CONDITIONER 300ML\" \/>\n<meta property=\"og:url\" content=\"https:\/\/vitablanca.ma\/en\/product\/power-detox-shampoo-et-conditioner-300ml\/\" \/>\n<meta property=\"og:site_name\" content=\"Vitablanca.ma &ndash; Sant&eacute;, vitalit&eacute; et bien-&ecirc;tre pour tous les Marocains\" \/>\n<meta property=\"article:publisher\" content=\"https:\/\/www.facebook.com\/profile.php?id=61576678196717\" \/>\n<meta property=\"article:modified_time\" content=\"2026-03-06T03:38:42+00:00\" \/>\n<meta property=\"og:image\" content=\"https:\/\/vitablanca.ma\/wp-content\/uploads\/2026\/03\/NUTRITION-POWER-2.png\" \/>\n\t<meta property=\"og:image:width\" content=\"1500\" \/>\n\t<meta property=\"og:image:height\" content=\"1500\" \/>\n\t<meta property=\"og:image:type\" content=\"image\/png\" \/>\n<meta name=\"twitter:card\" content=\"summary_large_image\" \/>\n<meta name=\"twitter:label1\" content=\"Est. reading time\" \/>\n\t<meta name=\"twitter:data1\" content=\"1 minute\" \/>\n<script type=\"application\/ld+json\" class=\"yoast-schema-graph\">{\"@context\":\"https:\\\/\\\/schema.org\",\"@graph\":[{\"@type\":[\"WebPage\",\"ItemPage\"],\"@id\":\"https:\\\/\\\/vitablanca.ma\\\/produit\\\/power-detox-shampoo-et-conditioner-300ml\\\/\",\"url\":\"https:\\\/\\\/vitablanca.ma\\\/produit\\\/power-detox-shampoo-et-conditioner-300ml\\\/\",\"name\":\"POWER DETOX SHAMPOO ET CONDITIONER 300ML - Maroc Prix\",\"isPartOf\":{\"@id\":\"https:\\\/\\\/vitablanca.ma\\\/#website\"},\"primaryImageOfPage\":{\"@id\":\"https:\\\/\\\/vitablanca.ma\\\/produit\\\/power-detox-shampoo-et-conditioner-300ml\\\/#primaryimage\"},\"image\":{\"@id\":\"https:\\\/\\\/vitablanca.ma\\\/produit\\\/power-detox-shampoo-et-conditioner-300ml\\\/#primaryimage\"},\"thumbnailUrl\":\"https:\\\/\\\/vitablanca.ma\\\/wp-content\\\/uploads\\\/2026\\\/03\\\/NUTRITION-POWER-2.png\",\"datePublished\":\"2026-03-04T03:30:15+00:00\",\"dateModified\":\"2026-03-06T03:38:42+00:00\",\"description\":\"POWER DETOX SHAMPOO ET CONDITIONER 300ML\",\"breadcrumb\":{\"@id\":\"https:\\\/\\\/vitablanca.ma\\\/produit\\\/power-detox-shampoo-et-conditioner-300ml\\\/#breadcrumb\"},\"inLanguage\":\"en-US\",\"potentialAction\":[{\"@type\":\"ReadAction\",\"target\":[\"https:\\\/\\\/vitablanca.ma\\\/produit\\\/power-detox-shampoo-et-conditioner-300ml\\\/\"]}]},{\"@type\":\"ImageObject\",\"inLanguage\":\"en-US\",\"@id\":\"https:\\\/\\\/vitablanca.ma\\\/produit\\\/power-detox-shampoo-et-conditioner-300ml\\\/#primaryimage\",\"url\":\"https:\\\/\\\/vitablanca.ma\\\/wp-content\\\/uploads\\\/2026\\\/03\\\/NUTRITION-POWER-2.png\",\"contentUrl\":\"https:\\\/\\\/vitablanca.ma\\\/wp-content\\\/uploads\\\/2026\\\/03\\\/NUTRITION-POWER-2.png\",\"width\":1500,\"height\":1500},{\"@type\":\"BreadcrumbList\",\"@id\":\"https:\\\/\\\/vitablanca.ma\\\/produit\\\/power-detox-shampoo-et-conditioner-300ml\\\/#breadcrumb\",\"itemListElement\":[{\"@type\":\"ListItem\",\"position\":1,\"name\":\"Home\",\"item\":\"https:\\\/\\\/vitablanca.ma\\\/\"},{\"@type\":\"ListItem\",\"position\":2,\"name\":\"Tous Les Produits\",\"item\":\"https:\\\/\\\/vitablanca.ma\\\/tous-les-produits\\\/\"},{\"@type\":\"ListItem\",\"position\":3,\"name\":\"POWER DETOX SHAMPOO ET CONDITIONER 300ML\"}]},{\"@type\":\"WebSite\",\"@id\":\"https:\\\/\\\/vitablanca.ma\\\/#website\",\"url\":\"https:\\\/\\\/vitablanca.ma\\\/\",\"name\":\"VitaBlanca.ma | Compl\u00e9ments alimentaires, sant\u00e9 & beaut\u00e9 au Maroc\",\"description\":\"vendre vitamines et compl\u00e9ments premium des USA &amp; Canada, Nouvelle Z\u00e9lande,Maroc (NOW Foods, Solgar, Manuka). Livraison rapide partout au Maroc.\",\"publisher\":{\"@id\":\"https:\\\/\\\/vitablanca.ma\\\/#organization\"},\"alternateName\":\"VitaBlanca.ma\",\"potentialAction\":[{\"@type\":\"SearchAction\",\"target\":{\"@type\":\"EntryPoint\",\"urlTemplate\":\"https:\\\/\\\/vitablanca.ma\\\/?s={search_term_string}\"},\"query-input\":{\"@type\":\"PropertyValueSpecification\",\"valueRequired\":true,\"valueName\":\"search_term_string\"}}],\"inLanguage\":\"en-US\"},{\"@type\":\"Organization\",\"@id\":\"https:\\\/\\\/vitablanca.ma\\\/#organization\",\"name\":\"VitaBlanca\",\"url\":\"https:\\\/\\\/vitablanca.ma\\\/\",\"logo\":{\"@type\":\"ImageObject\",\"inLanguage\":\"en-US\",\"@id\":\"https:\\\/\\\/vitablanca.ma\\\/#\\\/schema\\\/logo\\\/image\\\/\",\"url\":\"https:\\\/\\\/vitablanca.ma\\\/wp-content\\\/uploads\\\/2025\\\/05\\\/cropped-vitablanca.png\",\"contentUrl\":\"https:\\\/\\\/vitablanca.ma\\\/wp-content\\\/uploads\\\/2025\\\/05\\\/cropped-vitablanca.png\",\"width\":360,\"height\":67,\"caption\":\"VitaBlanca\"},\"image\":{\"@id\":\"https:\\\/\\\/vitablanca.ma\\\/#\\\/schema\\\/logo\\\/image\\\/\"},\"sameAs\":[\"https:\\\/\\\/www.facebook.com\\\/profile.php?id=61576678196717\",\"https:\\\/\\\/www.tiktok.com\\\/@vitablanca.ma\",\"https:\\\/\\\/www.instagram.com\\\/vitablanca.ma\\\/\"]}]}<\/script>\n<!-- \/ Yoast SEO plugin. -->","yoast_head_json":{"title":"POWER DETOX SHAMPOO ET CONDITIONER 300ML - Maroc Prix","description":"POWER DETOX SHAMPOO ET CONDITIONER 300ML","robots":{"index":"index","follow":"follow","max-snippet":"max-snippet:-1","max-image-preview":"max-image-preview:large","max-video-preview":"max-video-preview:-1"},"canonical":"https:\/\/vitablanca.ma\/en\/product\/power-detox-shampoo-et-conditioner-300ml\/","og_locale":"en_US","og_type":"article","og_title":"POWER DETOX SHAMPOO ET CONDITIONER 300ML - Maroc Prix","og_description":"POWER DETOX SHAMPOO ET CONDITIONER 300ML","og_url":"https:\/\/vitablanca.ma\/en\/product\/power-detox-shampoo-et-conditioner-300ml\/","og_site_name":"Vitablanca.ma &ndash; Sant&eacute;, vitalit&eacute; et bien-&ecirc;tre pour tous les Marocains","article_publisher":"https:\/\/www.facebook.com\/profile.php?id=61576678196717","article_modified_time":"2026-03-06T03:38:42+00:00","og_image":[{"width":1500,"height":1500,"url":"https:\/\/vitablanca.ma\/wp-content\/uploads\/2026\/03\/NUTRITION-POWER-2.png","type":"image\/png"}],"twitter_card":"summary_large_image","twitter_misc":{"Est. reading time":"1 minute"},"schema":{"@context":"https:\/\/schema.org","@graph":[{"@type":["WebPage","ItemPage"],"@id":"https:\/\/vitablanca.ma\/produit\/power-detox-shampoo-et-conditioner-300ml\/","url":"https:\/\/vitablanca.ma\/produit\/power-detox-shampoo-et-conditioner-300ml\/","name":"POWER DETOX SHAMPOO ET CONDITIONER 300ML - Maroc Prix","isPartOf":{"@id":"https:\/\/vitablanca.ma\/#website"},"primaryImageOfPage":{"@id":"https:\/\/vitablanca.ma\/produit\/power-detox-shampoo-et-conditioner-300ml\/#primaryimage"},"image":{"@id":"https:\/\/vitablanca.ma\/produit\/power-detox-shampoo-et-conditioner-300ml\/#primaryimage"},"thumbnailUrl":"https:\/\/vitablanca.ma\/wp-content\/uploads\/2026\/03\/NUTRITION-POWER-2.png","datePublished":"2026-03-04T03:30:15+00:00","dateModified":"2026-03-06T03:38:42+00:00","description":"POWER DETOX SHAMPOO ET CONDITIONER 300ML","breadcrumb":{"@id":"https:\/\/vitablanca.ma\/produit\/power-detox-shampoo-et-conditioner-300ml\/#breadcrumb"},"inLanguage":"en-US","potentialAction":[{"@type":"ReadAction","target":["https:\/\/vitablanca.ma\/produit\/power-detox-shampoo-et-conditioner-300ml\/"]}]},{"@type":"ImageObject","inLanguage":"en-US","@id":"https:\/\/vitablanca.ma\/produit\/power-detox-shampoo-et-conditioner-300ml\/#primaryimage","url":"https:\/\/vitablanca.ma\/wp-content\/uploads\/2026\/03\/NUTRITION-POWER-2.png","contentUrl":"https:\/\/vitablanca.ma\/wp-content\/uploads\/2026\/03\/NUTRITION-POWER-2.png","width":1500,"height":1500},{"@type":"BreadcrumbList","@id":"https:\/\/vitablanca.ma\/produit\/power-detox-shampoo-et-conditioner-300ml\/#breadcrumb","itemListElement":[{"@type":"ListItem","position":1,"name":"Home","item":"https:\/\/vitablanca.ma\/"},{"@type":"ListItem","position":2,"name":"Tous Les Produits","item":"https:\/\/vitablanca.ma\/tous-les-produits\/"},{"@type":"ListItem","position":3,"name":"POWER DETOX SHAMPOO ET CONDITIONER 300ML"}]},{"@type":"WebSite","@id":"https:\/\/vitablanca.ma\/#website","url":"https:\/\/vitablanca.ma\/","name":"VitaBlanca.ma | Food supplements, health &amp; beauty in Morocco","description":"sell premium vitamins and supplements from USA &amp; Canada, New Zealand, Morocco (NOW Foods, Solgar, Manuka). Fast delivery anywhere in Morocco.","publisher":{"@id":"https:\/\/vitablanca.ma\/#organization"},"alternateName":"VitaBlanca.ma","potentialAction":[{"@type":"SearchAction","target":{"@type":"EntryPoint","urlTemplate":"https:\/\/vitablanca.ma\/?s={search_term_string}"},"query-input":{"@type":"PropertyValueSpecification","valueRequired":true,"valueName":"search_term_string"}}],"inLanguage":"en-US"},{"@type":"Organization","@id":"https:\/\/vitablanca.ma\/#organization","name":"VitaBlanca","url":"https:\/\/vitablanca.ma\/","logo":{"@type":"ImageObject","inLanguage":"en-US","@id":"https:\/\/vitablanca.ma\/#\/schema\/logo\/image\/","url":"https:\/\/vitablanca.ma\/wp-content\/uploads\/2025\/05\/cropped-vitablanca.png","contentUrl":"https:\/\/vitablanca.ma\/wp-content\/uploads\/2025\/05\/cropped-vitablanca.png","width":360,"height":67,"caption":"VitaBlanca"},"image":{"@id":"https:\/\/vitablanca.ma\/#\/schema\/logo\/image\/"},"sameAs":["https:\/\/www.facebook.com\/profile.php?id=61576678196717","https:\/\/www.tiktok.com\/@vitablanca.ma","https:\/\/www.instagram.com\/vitablanca.ma\/"]}]}},"jetpack_sharing_enabled":true,"_links":{"self":[{"href":"https:\/\/vitablanca.ma\/en\/wp-json\/wp\/v2\/product\/33305","targetHints":{"allow":["GET"]}}],"collection":[{"href":"https:\/\/vitablanca.ma\/en\/wp-json\/wp\/v2\/product"}],"about":[{"href":"https:\/\/vitablanca.ma\/en\/wp-json\/wp\/v2\/types\/product"}],"wp:featuredmedia":[{"embeddable":true,"href":"https:\/\/vitablanca.ma\/en\/wp-json\/wp\/v2\/media\/33301"}],"wp:attachment":[{"href":"https:\/\/vitablanca.ma\/en\/wp-json\/wp\/v2\/media?parent=33305"}],"wp:term":[{"taxonomy":"product_brand","embeddable":true,"href":"https:\/\/vitablanca.ma\/en\/wp-json\/wp\/v2\/product_brand?post=33305"},{"taxonomy":"product_cat","embeddable":true,"href":"https:\/\/vitablanca.ma\/en\/wp-json\/wp\/v2\/product_cat?post=33305"},{"taxonomy":"product_tag","embeddable":true,"href":"https:\/\/vitablanca.ma\/en\/wp-json\/wp\/v2\/product_tag?post=33305"}],"curies":[{"name":"wp","href":"https:\/\/api.w.org\/{rel}","templated":true}]}}