{"id":33300,"date":"2026-03-04T03:29:56","date_gmt":"2026-03-04T03:29:56","guid":{"rendered":"https:\/\/vitablanca.ma\/produit\/power-detox-kit-duo-300ml-serum-60ml\/"},"modified":"2026-03-06T03:38:42","modified_gmt":"2026-03-06T03:38:42","slug":"power-detox-kit-duo-300ml-serum-60ml","status":"publish","type":"product","link":"https:\/\/vitablanca.ma\/en\/product\/power-detox-kit-duo-300ml-serum-60ml\/","title":{"rendered":"POWER DETOX KIT DUO  300ML &amp; SERUM 60ML"},"content":{"rendered":"<h3 style=\"text-align: center\" data-mce-style=\"text-align: center;\" data-mce-fragment=\"1\"><span data-mce-fragment=\"1\">POWER DETOX SHAMPOO ET CONDITIONER 300ML<\/span><\/h3>\n<p data-mce-fragment=\"1\"><span data-mce-fragment=\"1\">La gamme Nutrition Power Detox de Brazil Protein Pour les Cheveux tr\u00e8s gras et trait\u00e9s chimiquement d\u2019un shampooing sans sulfate et d\u2019un apr\u00e8s-shampooing \u2013 2 x 300ml<\/span><\/p>\n<p data-mce-fragment=\"1\">La gamme Nutrition Power Homecare Brazil Protein a \u00e9t\u00e9 sp\u00e9cialement d\u00e9velopp\u00e9e pour les cheveux tr\u00e8s gras et trait\u00e9s chimiquement. Dans sa formulation, nous avons l\u2019actif de nutrition profonde et son utilisation continue aide au nettoyage rafra\u00eechissant des m\u00e8ches agissant du cortex jusqu\u2019aux cuticules, en r\u00e9cup\u00e9rant toutes les propri\u00e9t\u00e9s du cheveu. Indiqu\u00e9 pour r\u00e9duire l\u2019huile des cheveux, en les gardant doux et hydrat\u00e9s car le shampooing stabilise le PH des cheveux et le revitalisant aide \u00e0 l\u2019hydratation qui maintient l\u2019humidit\u00e9 n\u00e9cessaire et nourrit les cheveux.<\/p>\n<p data-mce-fragment=\"1\">Notre nouvelle gamme Nutrition Power Homecare Brazil Protein : Indiqu\u00e9 pour r\u00e9duire l\u2019huile des cheveux, les garder doux et hydrat\u00e9s pendant que le shampooing stabilise le pH des cheveux et le revitalisant aide \u00e0 l\u2019hydratation qui maintient l\u2019hydratation n\u00e9cessaire et nourrit les cheveux.<\/p>\n<h3 style=\"text-align: center\" data-mce-style=\"text-align: center;\" data-mce-fragment=\"1\">BRAZIL PROTEIN SERUM 60ML<br \/>\n<\/h3>\n<p style=\"text-align: left\" data-mce-style=\"text-align: center;\" data-mce-fragment=\"1\">Mix Brazilian Oil favorise le renouvellement de la fibre capillaire, redonne brillance et souplesse et prot\u00e8ge les m\u00e8ches pendant et apr\u00e8s tous les processus chimiques. Ces r\u00e9sultats sont obtenus gr\u00e2ce \u00e0 son m\u00e9lange d\u2019huiles naturelles extraites d\u2019avocat, d\u2019argan et de noix de coco.<\/p>\n<p><\/p>","protected":false},"excerpt":{"rendered":"<p>POWER DETOX SHAMPOO ET CONDITIONER 300ML La gamme Nutrition Power Detox de Brazil Protein Pour les Cheveux tr\u00e8s gras et trait\u00e9s chimiquement d\u2019un shampooing sans sulfate et d\u2019un apr\u00e8s-shampooing \u2013 2 x 300ml La gamme Nutrition Power Homecare Brazil Protein a \u00e9t\u00e9 sp\u00e9cialement d\u00e9velopp\u00e9e pour les cheveux tr\u00e8s gras et trait\u00e9s chimiquement. Dans sa formulation, [&hellip;]<\/p>\n","protected":false},"featured_media":33298,"template":"","meta":{"om_disable_all_campaigns":false},"product_brand":[],"product_cat":[18,15],"product_tag":[],"class_list":{"0":"post-33300","1":"product","2":"type-product","3":"status-publish","4":"has-post-thumbnail","6":"product_cat-beaute-sante","7":"product_cat-beaute-sante-complements-alimentaires-soins-et-bien-etre-au-meilleur-prix","9":"first","10":"instock","11":"sale","12":"taxable","13":"shipping-taxable","14":"purchasable","15":"product-type-simple"},"yoast_head":"<!-- This site is optimized with the Yoast SEO plugin v27.5 - https:\/\/yoast.com\/product\/yoast-seo-wordpress\/ -->\n<title>POWER DETOX KIT DUO 300ML &amp; SERUM 60ML - Maroc Prix<\/title>\n<meta name=\"description\" content=\"POWER DETOX KIT DUO 300ML &amp; SERUM 60ML\" \/>\n<meta name=\"robots\" content=\"index, follow, max-snippet:-1, max-image-preview:large, max-video-preview:-1\" \/>\n<link rel=\"canonical\" href=\"https:\/\/vitablanca.ma\/en\/product\/power-detox-kit-duo-300ml-serum-60ml\/\" \/>\n<meta property=\"og:locale\" content=\"en_US\" \/>\n<meta property=\"og:type\" content=\"article\" \/>\n<meta property=\"og:title\" content=\"POWER DETOX KIT DUO 300ML &amp; SERUM 60ML - Maroc Prix\" \/>\n<meta property=\"og:description\" content=\"POWER DETOX KIT DUO 300ML &amp; SERUM 60ML\" \/>\n<meta property=\"og:url\" content=\"https:\/\/vitablanca.ma\/en\/product\/power-detox-kit-duo-300ml-serum-60ml\/\" \/>\n<meta property=\"og:site_name\" content=\"Vitablanca.ma &ndash; Sant&eacute;, vitalit&eacute; et bien-&ecirc;tre pour tous les Marocains\" \/>\n<meta property=\"article:publisher\" content=\"https:\/\/www.facebook.com\/profile.php?id=61576678196717\" \/>\n<meta property=\"article:modified_time\" content=\"2026-03-06T03:38:42+00:00\" \/>\n<meta property=\"og:image\" content=\"https:\/\/vitablanca.ma\/wp-content\/uploads\/2026\/03\/KITDETOX.png\" \/>\n\t<meta property=\"og:image:width\" content=\"800\" \/>\n\t<meta property=\"og:image:height\" content=\"800\" \/>\n\t<meta property=\"og:image:type\" content=\"image\/png\" \/>\n<meta name=\"twitter:card\" content=\"summary_large_image\" \/>\n<meta name=\"twitter:label1\" content=\"Est. reading time\" \/>\n\t<meta name=\"twitter:data1\" content=\"1 minute\" \/>\n<script type=\"application\/ld+json\" class=\"yoast-schema-graph\">{\"@context\":\"https:\\\/\\\/schema.org\",\"@graph\":[{\"@type\":[\"WebPage\",\"ItemPage\"],\"@id\":\"https:\\\/\\\/vitablanca.ma\\\/produit\\\/power-detox-kit-duo-300ml-serum-60ml\\\/\",\"url\":\"https:\\\/\\\/vitablanca.ma\\\/produit\\\/power-detox-kit-duo-300ml-serum-60ml\\\/\",\"name\":\"POWER DETOX KIT DUO 300ML &amp; SERUM 60ML - Maroc Prix\",\"isPartOf\":{\"@id\":\"https:\\\/\\\/vitablanca.ma\\\/#website\"},\"primaryImageOfPage\":{\"@id\":\"https:\\\/\\\/vitablanca.ma\\\/produit\\\/power-detox-kit-duo-300ml-serum-60ml\\\/#primaryimage\"},\"image\":{\"@id\":\"https:\\\/\\\/vitablanca.ma\\\/produit\\\/power-detox-kit-duo-300ml-serum-60ml\\\/#primaryimage\"},\"thumbnailUrl\":\"https:\\\/\\\/vitablanca.ma\\\/wp-content\\\/uploads\\\/2026\\\/03\\\/KITDETOX.png\",\"datePublished\":\"2026-03-04T03:29:56+00:00\",\"dateModified\":\"2026-03-06T03:38:42+00:00\",\"description\":\"POWER DETOX KIT DUO 300ML &amp; SERUM 60ML\",\"breadcrumb\":{\"@id\":\"https:\\\/\\\/vitablanca.ma\\\/produit\\\/power-detox-kit-duo-300ml-serum-60ml\\\/#breadcrumb\"},\"inLanguage\":\"en-US\",\"potentialAction\":[{\"@type\":\"ReadAction\",\"target\":[\"https:\\\/\\\/vitablanca.ma\\\/produit\\\/power-detox-kit-duo-300ml-serum-60ml\\\/\"]}]},{\"@type\":\"ImageObject\",\"inLanguage\":\"en-US\",\"@id\":\"https:\\\/\\\/vitablanca.ma\\\/produit\\\/power-detox-kit-duo-300ml-serum-60ml\\\/#primaryimage\",\"url\":\"https:\\\/\\\/vitablanca.ma\\\/wp-content\\\/uploads\\\/2026\\\/03\\\/KITDETOX.png\",\"contentUrl\":\"https:\\\/\\\/vitablanca.ma\\\/wp-content\\\/uploads\\\/2026\\\/03\\\/KITDETOX.png\",\"width\":800,\"height\":800},{\"@type\":\"BreadcrumbList\",\"@id\":\"https:\\\/\\\/vitablanca.ma\\\/produit\\\/power-detox-kit-duo-300ml-serum-60ml\\\/#breadcrumb\",\"itemListElement\":[{\"@type\":\"ListItem\",\"position\":1,\"name\":\"Home\",\"item\":\"https:\\\/\\\/vitablanca.ma\\\/\"},{\"@type\":\"ListItem\",\"position\":2,\"name\":\"Tous Les Produits\",\"item\":\"https:\\\/\\\/vitablanca.ma\\\/tous-les-produits\\\/\"},{\"@type\":\"ListItem\",\"position\":3,\"name\":\"POWER DETOX KIT DUO 300ML &amp; SERUM 60ML\"}]},{\"@type\":\"WebSite\",\"@id\":\"https:\\\/\\\/vitablanca.ma\\\/#website\",\"url\":\"https:\\\/\\\/vitablanca.ma\\\/\",\"name\":\"VitaBlanca.ma | Compl\u00e9ments alimentaires, sant\u00e9 & beaut\u00e9 au Maroc\",\"description\":\"vendre vitamines et compl\u00e9ments premium des USA &amp; Canada, Nouvelle Z\u00e9lande,Maroc (NOW Foods, Solgar, Manuka). Livraison rapide partout au Maroc.\",\"publisher\":{\"@id\":\"https:\\\/\\\/vitablanca.ma\\\/#organization\"},\"alternateName\":\"VitaBlanca.ma\",\"potentialAction\":[{\"@type\":\"SearchAction\",\"target\":{\"@type\":\"EntryPoint\",\"urlTemplate\":\"https:\\\/\\\/vitablanca.ma\\\/?s={search_term_string}\"},\"query-input\":{\"@type\":\"PropertyValueSpecification\",\"valueRequired\":true,\"valueName\":\"search_term_string\"}}],\"inLanguage\":\"en-US\"},{\"@type\":\"Organization\",\"@id\":\"https:\\\/\\\/vitablanca.ma\\\/#organization\",\"name\":\"VitaBlanca\",\"url\":\"https:\\\/\\\/vitablanca.ma\\\/\",\"logo\":{\"@type\":\"ImageObject\",\"inLanguage\":\"en-US\",\"@id\":\"https:\\\/\\\/vitablanca.ma\\\/#\\\/schema\\\/logo\\\/image\\\/\",\"url\":\"https:\\\/\\\/vitablanca.ma\\\/wp-content\\\/uploads\\\/2025\\\/05\\\/cropped-vitablanca.png\",\"contentUrl\":\"https:\\\/\\\/vitablanca.ma\\\/wp-content\\\/uploads\\\/2025\\\/05\\\/cropped-vitablanca.png\",\"width\":360,\"height\":67,\"caption\":\"VitaBlanca\"},\"image\":{\"@id\":\"https:\\\/\\\/vitablanca.ma\\\/#\\\/schema\\\/logo\\\/image\\\/\"},\"sameAs\":[\"https:\\\/\\\/www.facebook.com\\\/profile.php?id=61576678196717\",\"https:\\\/\\\/www.tiktok.com\\\/@vitablanca.ma\",\"https:\\\/\\\/www.instagram.com\\\/vitablanca.ma\\\/\"]}]}<\/script>\n<!-- \/ Yoast SEO plugin. -->","yoast_head_json":{"title":"POWER DETOX KIT DUO 300ML &amp; SERUM 60ML - Maroc Prix","description":"POWER DETOX KIT DUO 300ML &amp; SERUM 60ML","robots":{"index":"index","follow":"follow","max-snippet":"max-snippet:-1","max-image-preview":"max-image-preview:large","max-video-preview":"max-video-preview:-1"},"canonical":"https:\/\/vitablanca.ma\/en\/product\/power-detox-kit-duo-300ml-serum-60ml\/","og_locale":"en_US","og_type":"article","og_title":"POWER DETOX KIT DUO 300ML &amp; SERUM 60ML - Maroc Prix","og_description":"POWER DETOX KIT DUO 300ML &amp; SERUM 60ML","og_url":"https:\/\/vitablanca.ma\/en\/product\/power-detox-kit-duo-300ml-serum-60ml\/","og_site_name":"Vitablanca.ma &ndash; Sant&eacute;, vitalit&eacute; et bien-&ecirc;tre pour tous les Marocains","article_publisher":"https:\/\/www.facebook.com\/profile.php?id=61576678196717","article_modified_time":"2026-03-06T03:38:42+00:00","og_image":[{"width":800,"height":800,"url":"https:\/\/vitablanca.ma\/wp-content\/uploads\/2026\/03\/KITDETOX.png","type":"image\/png"}],"twitter_card":"summary_large_image","twitter_misc":{"Est. reading time":"1 minute"},"schema":{"@context":"https:\/\/schema.org","@graph":[{"@type":["WebPage","ItemPage"],"@id":"https:\/\/vitablanca.ma\/produit\/power-detox-kit-duo-300ml-serum-60ml\/","url":"https:\/\/vitablanca.ma\/produit\/power-detox-kit-duo-300ml-serum-60ml\/","name":"POWER DETOX KIT DUO 300ML &amp; SERUM 60ML - Maroc Prix","isPartOf":{"@id":"https:\/\/vitablanca.ma\/#website"},"primaryImageOfPage":{"@id":"https:\/\/vitablanca.ma\/produit\/power-detox-kit-duo-300ml-serum-60ml\/#primaryimage"},"image":{"@id":"https:\/\/vitablanca.ma\/produit\/power-detox-kit-duo-300ml-serum-60ml\/#primaryimage"},"thumbnailUrl":"https:\/\/vitablanca.ma\/wp-content\/uploads\/2026\/03\/KITDETOX.png","datePublished":"2026-03-04T03:29:56+00:00","dateModified":"2026-03-06T03:38:42+00:00","description":"POWER DETOX KIT DUO 300ML &amp; SERUM 60ML","breadcrumb":{"@id":"https:\/\/vitablanca.ma\/produit\/power-detox-kit-duo-300ml-serum-60ml\/#breadcrumb"},"inLanguage":"en-US","potentialAction":[{"@type":"ReadAction","target":["https:\/\/vitablanca.ma\/produit\/power-detox-kit-duo-300ml-serum-60ml\/"]}]},{"@type":"ImageObject","inLanguage":"en-US","@id":"https:\/\/vitablanca.ma\/produit\/power-detox-kit-duo-300ml-serum-60ml\/#primaryimage","url":"https:\/\/vitablanca.ma\/wp-content\/uploads\/2026\/03\/KITDETOX.png","contentUrl":"https:\/\/vitablanca.ma\/wp-content\/uploads\/2026\/03\/KITDETOX.png","width":800,"height":800},{"@type":"BreadcrumbList","@id":"https:\/\/vitablanca.ma\/produit\/power-detox-kit-duo-300ml-serum-60ml\/#breadcrumb","itemListElement":[{"@type":"ListItem","position":1,"name":"Home","item":"https:\/\/vitablanca.ma\/"},{"@type":"ListItem","position":2,"name":"Tous Les Produits","item":"https:\/\/vitablanca.ma\/tous-les-produits\/"},{"@type":"ListItem","position":3,"name":"POWER DETOX KIT DUO 300ML &amp; SERUM 60ML"}]},{"@type":"WebSite","@id":"https:\/\/vitablanca.ma\/#website","url":"https:\/\/vitablanca.ma\/","name":"VitaBlanca.ma | Food supplements, health &amp; beauty in Morocco","description":"sell premium vitamins and supplements from USA &amp; Canada, New Zealand, Morocco (NOW Foods, Solgar, Manuka). Fast delivery anywhere in Morocco.","publisher":{"@id":"https:\/\/vitablanca.ma\/#organization"},"alternateName":"VitaBlanca.ma","potentialAction":[{"@type":"SearchAction","target":{"@type":"EntryPoint","urlTemplate":"https:\/\/vitablanca.ma\/?s={search_term_string}"},"query-input":{"@type":"PropertyValueSpecification","valueRequired":true,"valueName":"search_term_string"}}],"inLanguage":"en-US"},{"@type":"Organization","@id":"https:\/\/vitablanca.ma\/#organization","name":"VitaBlanca","url":"https:\/\/vitablanca.ma\/","logo":{"@type":"ImageObject","inLanguage":"en-US","@id":"https:\/\/vitablanca.ma\/#\/schema\/logo\/image\/","url":"https:\/\/vitablanca.ma\/wp-content\/uploads\/2025\/05\/cropped-vitablanca.png","contentUrl":"https:\/\/vitablanca.ma\/wp-content\/uploads\/2025\/05\/cropped-vitablanca.png","width":360,"height":67,"caption":"VitaBlanca"},"image":{"@id":"https:\/\/vitablanca.ma\/#\/schema\/logo\/image\/"},"sameAs":["https:\/\/www.facebook.com\/profile.php?id=61576678196717","https:\/\/www.tiktok.com\/@vitablanca.ma","https:\/\/www.instagram.com\/vitablanca.ma\/"]}]}},"jetpack_sharing_enabled":true,"_links":{"self":[{"href":"https:\/\/vitablanca.ma\/en\/wp-json\/wp\/v2\/product\/33300","targetHints":{"allow":["GET"]}}],"collection":[{"href":"https:\/\/vitablanca.ma\/en\/wp-json\/wp\/v2\/product"}],"about":[{"href":"https:\/\/vitablanca.ma\/en\/wp-json\/wp\/v2\/types\/product"}],"wp:featuredmedia":[{"embeddable":true,"href":"https:\/\/vitablanca.ma\/en\/wp-json\/wp\/v2\/media\/33298"}],"wp:attachment":[{"href":"https:\/\/vitablanca.ma\/en\/wp-json\/wp\/v2\/media?parent=33300"}],"wp:term":[{"taxonomy":"product_brand","embeddable":true,"href":"https:\/\/vitablanca.ma\/en\/wp-json\/wp\/v2\/product_brand?post=33300"},{"taxonomy":"product_cat","embeddable":true,"href":"https:\/\/vitablanca.ma\/en\/wp-json\/wp\/v2\/product_cat?post=33300"},{"taxonomy":"product_tag","embeddable":true,"href":"https:\/\/vitablanca.ma\/en\/wp-json\/wp\/v2\/product_tag?post=33300"}],"curies":[{"name":"wp","href":"https:\/\/api.w.org\/{rel}","templated":true}]}}