{"id":33297,"date":"2026-03-04T03:29:50","date_gmt":"2026-03-04T03:29:50","guid":{"rendered":"https:\/\/vitablanca.ma\/produit\/day-by-day-shampoo-et-conditioner-500ml\/"},"modified":"2026-03-06T03:38:42","modified_gmt":"2026-03-06T03:38:42","slug":"day-by-day-shampoo-et-conditioner-500ml","status":"publish","type":"product","link":"https:\/\/vitablanca.ma\/en\/product\/day-by-day-shampoo-et-conditioner-500ml\/","title":{"rendered":"DAY BY DAY SHAMPOO ET CONDITIONER 500ML"},"content":{"rendered":"<div class=\"more-info\" data-mce-fragment=\"1\">\n<div class=\"tab-content\" data-mce-fragment=\"1\">\n<section id=\"idTab1\" class=\"page-product-box\" data-mce-fragment=\"1\">\n<div class=\"rte\" data-mce-fragment=\"1\">\n<h1 style=\"text-align: center\">DAY BY DAY SHAMPOO ET CONDITIONER 500ML<\/h1>\n<p style=\"text-align: left\" data-mce-fragment=\"1\">Day by Day Homecare Line, d\u00e9velopp\u00e9e sp\u00e9cialement pour votre quotidien ! La ligne est compos\u00e9e d\u2019un shampoing sans sulfate et d\u2019un apr\u00e8s-shampooing, enrichis en huile de lin et en multivitamines, qui permettent de restaurer les cheveux souvent alt\u00e9r\u00e9s en raison d\u2019agents externes de la vie quotidienne, tels que la chaleur du soleil et la pollution de l\u2019air. Suivez nos prochains articles pour d\u00e9couvrir les avantages que Day by Day Line apporte \u00e0 vos m\u00e8ches !<\/p>\n<p>1 \u2013 Lavez vos cheveux deux fois ou plus avec le shampooing Day By Day ;<br \/>2 \u2013 Rincer abondamment ;<br \/>3 \u2013 Enlevez l\u2019exc\u00e8s d\u2019eau avec une serviette ;<br \/>4 \u2013 Appliquez l\u2019apr\u00e8s-shampooing Day by Day ;<br \/>5 \u2013 Pause 5 \u00e0 3 minutes ;<br \/>6 \u2013 Rincez abondamment ;<br \/>7 \u2013 S\u00e9chez comme d\u2019habitude.<\/p>\n<p>Pr\u00eat! C\u2019est simple et rapide ! Avec la ligne Day by Day, il est tr\u00e8s facile d\u2019apporter le soin que vos cheveux m\u00e9ritent pour la routine quotidienne !<\/p>\n<\/div>\n<\/section>\n<\/div>\n<\/div>\n<div class=\"row\" data-mce-fragment=\"1\">\n<div class=\"laberthemes\" data-mce-fragment=\"1\">\n<div class=\"page-product-box blockproductscategory lablistproducts\" data-mce-fragment=\"1\"><\/div>\n<\/div>\n<\/div>","protected":false},"excerpt":{"rendered":"<p>DAY BY DAY SHAMPOO ET CONDITIONER 500ML Day by Day Homecare Line, d\u00e9velopp\u00e9e sp\u00e9cialement pour votre quotidien ! La ligne est compos\u00e9e d\u2019un shampoing sans sulfate et d\u2019un apr\u00e8s-shampooing, enrichis en huile de lin et en multivitamines, qui permettent de restaurer les cheveux souvent alt\u00e9r\u00e9s en raison d\u2019agents externes de la vie quotidienne, tels que [&hellip;]<\/p>\n","protected":false},"featured_media":33293,"template":"","meta":{"om_disable_all_campaigns":false},"product_brand":[],"product_cat":[18,15],"product_tag":[],"class_list":{"0":"post-33297","1":"product","2":"type-product","3":"status-publish","4":"has-post-thumbnail","6":"product_cat-beaute-sante","7":"product_cat-beaute-sante-complements-alimentaires-soins-et-bien-etre-au-meilleur-prix","9":"first","10":"instock","11":"taxable","12":"shipping-taxable","13":"purchasable","14":"product-type-simple"},"yoast_head":"<!-- This site is optimized with the Yoast SEO plugin v27.5 - https:\/\/yoast.com\/product\/yoast-seo-wordpress\/ -->\n<title>DAY BY DAY SHAMPOO ET CONDITIONER 500ML - Maroc Prix<\/title>\n<meta name=\"description\" content=\"DAY BY DAY SHAMPOO ET CONDITIONER 500ML\" \/>\n<meta name=\"robots\" content=\"index, follow, max-snippet:-1, max-image-preview:large, max-video-preview:-1\" \/>\n<link rel=\"canonical\" href=\"https:\/\/vitablanca.ma\/en\/product\/day-by-day-shampoo-et-conditioner-500ml\/\" \/>\n<meta property=\"og:locale\" content=\"en_US\" \/>\n<meta property=\"og:type\" content=\"article\" \/>\n<meta property=\"og:title\" content=\"DAY BY DAY SHAMPOO ET CONDITIONER 500ML - Maroc Prix\" \/>\n<meta property=\"og:description\" content=\"DAY BY DAY SHAMPOO ET CONDITIONER 500ML\" \/>\n<meta property=\"og:url\" content=\"https:\/\/vitablanca.ma\/en\/product\/day-by-day-shampoo-et-conditioner-500ml\/\" \/>\n<meta property=\"og:site_name\" content=\"Vitablanca.ma &ndash; Sant&eacute;, vitalit&eacute; et bien-&ecirc;tre pour tous les Marocains\" \/>\n<meta property=\"article:publisher\" content=\"https:\/\/www.facebook.com\/profile.php?id=61576678196717\" \/>\n<meta property=\"article:modified_time\" content=\"2026-03-06T03:38:42+00:00\" \/>\n<meta property=\"og:image\" content=\"https:\/\/vitablanca.ma\/wp-content\/uploads\/2026\/03\/DY-BY-DY-2.png\" \/>\n\t<meta property=\"og:image:width\" content=\"1500\" \/>\n\t<meta property=\"og:image:height\" content=\"1500\" \/>\n\t<meta property=\"og:image:type\" content=\"image\/png\" \/>\n<meta name=\"twitter:card\" content=\"summary_large_image\" \/>\n<meta name=\"twitter:label1\" content=\"Est. reading time\" \/>\n\t<meta name=\"twitter:data1\" content=\"1 minute\" \/>\n<script type=\"application\/ld+json\" class=\"yoast-schema-graph\">{\"@context\":\"https:\\\/\\\/schema.org\",\"@graph\":[{\"@type\":[\"WebPage\",\"ItemPage\"],\"@id\":\"https:\\\/\\\/vitablanca.ma\\\/produit\\\/day-by-day-shampoo-et-conditioner-500ml\\\/\",\"url\":\"https:\\\/\\\/vitablanca.ma\\\/produit\\\/day-by-day-shampoo-et-conditioner-500ml\\\/\",\"name\":\"DAY BY DAY SHAMPOO ET CONDITIONER 500ML - Maroc Prix\",\"isPartOf\":{\"@id\":\"https:\\\/\\\/vitablanca.ma\\\/#website\"},\"primaryImageOfPage\":{\"@id\":\"https:\\\/\\\/vitablanca.ma\\\/produit\\\/day-by-day-shampoo-et-conditioner-500ml\\\/#primaryimage\"},\"image\":{\"@id\":\"https:\\\/\\\/vitablanca.ma\\\/produit\\\/day-by-day-shampoo-et-conditioner-500ml\\\/#primaryimage\"},\"thumbnailUrl\":\"https:\\\/\\\/vitablanca.ma\\\/wp-content\\\/uploads\\\/2026\\\/03\\\/DY-BY-DY-2.png\",\"datePublished\":\"2026-03-04T03:29:50+00:00\",\"dateModified\":\"2026-03-06T03:38:42+00:00\",\"description\":\"DAY BY DAY SHAMPOO ET CONDITIONER 500ML\",\"breadcrumb\":{\"@id\":\"https:\\\/\\\/vitablanca.ma\\\/produit\\\/day-by-day-shampoo-et-conditioner-500ml\\\/#breadcrumb\"},\"inLanguage\":\"en-US\",\"potentialAction\":[{\"@type\":\"ReadAction\",\"target\":[\"https:\\\/\\\/vitablanca.ma\\\/produit\\\/day-by-day-shampoo-et-conditioner-500ml\\\/\"]}]},{\"@type\":\"ImageObject\",\"inLanguage\":\"en-US\",\"@id\":\"https:\\\/\\\/vitablanca.ma\\\/produit\\\/day-by-day-shampoo-et-conditioner-500ml\\\/#primaryimage\",\"url\":\"https:\\\/\\\/vitablanca.ma\\\/wp-content\\\/uploads\\\/2026\\\/03\\\/DY-BY-DY-2.png\",\"contentUrl\":\"https:\\\/\\\/vitablanca.ma\\\/wp-content\\\/uploads\\\/2026\\\/03\\\/DY-BY-DY-2.png\",\"width\":1500,\"height\":1500},{\"@type\":\"BreadcrumbList\",\"@id\":\"https:\\\/\\\/vitablanca.ma\\\/produit\\\/day-by-day-shampoo-et-conditioner-500ml\\\/#breadcrumb\",\"itemListElement\":[{\"@type\":\"ListItem\",\"position\":1,\"name\":\"Home\",\"item\":\"https:\\\/\\\/vitablanca.ma\\\/\"},{\"@type\":\"ListItem\",\"position\":2,\"name\":\"Tous Les Produits\",\"item\":\"https:\\\/\\\/vitablanca.ma\\\/tous-les-produits\\\/\"},{\"@type\":\"ListItem\",\"position\":3,\"name\":\"DAY BY DAY SHAMPOO ET CONDITIONER 500ML\"}]},{\"@type\":\"WebSite\",\"@id\":\"https:\\\/\\\/vitablanca.ma\\\/#website\",\"url\":\"https:\\\/\\\/vitablanca.ma\\\/\",\"name\":\"VitaBlanca.ma | Compl\u00e9ments alimentaires, sant\u00e9 & beaut\u00e9 au Maroc\",\"description\":\"vendre vitamines et compl\u00e9ments premium des USA &amp; Canada, Nouvelle Z\u00e9lande,Maroc (NOW Foods, Solgar, Manuka). Livraison rapide partout au Maroc.\",\"publisher\":{\"@id\":\"https:\\\/\\\/vitablanca.ma\\\/#organization\"},\"alternateName\":\"VitaBlanca.ma\",\"potentialAction\":[{\"@type\":\"SearchAction\",\"target\":{\"@type\":\"EntryPoint\",\"urlTemplate\":\"https:\\\/\\\/vitablanca.ma\\\/?s={search_term_string}\"},\"query-input\":{\"@type\":\"PropertyValueSpecification\",\"valueRequired\":true,\"valueName\":\"search_term_string\"}}],\"inLanguage\":\"en-US\"},{\"@type\":\"Organization\",\"@id\":\"https:\\\/\\\/vitablanca.ma\\\/#organization\",\"name\":\"VitaBlanca\",\"url\":\"https:\\\/\\\/vitablanca.ma\\\/\",\"logo\":{\"@type\":\"ImageObject\",\"inLanguage\":\"en-US\",\"@id\":\"https:\\\/\\\/vitablanca.ma\\\/#\\\/schema\\\/logo\\\/image\\\/\",\"url\":\"https:\\\/\\\/vitablanca.ma\\\/wp-content\\\/uploads\\\/2025\\\/05\\\/cropped-vitablanca.png\",\"contentUrl\":\"https:\\\/\\\/vitablanca.ma\\\/wp-content\\\/uploads\\\/2025\\\/05\\\/cropped-vitablanca.png\",\"width\":360,\"height\":67,\"caption\":\"VitaBlanca\"},\"image\":{\"@id\":\"https:\\\/\\\/vitablanca.ma\\\/#\\\/schema\\\/logo\\\/image\\\/\"},\"sameAs\":[\"https:\\\/\\\/www.facebook.com\\\/profile.php?id=61576678196717\",\"https:\\\/\\\/www.tiktok.com\\\/@vitablanca.ma\",\"https:\\\/\\\/www.instagram.com\\\/vitablanca.ma\\\/\"]}]}<\/script>\n<!-- \/ Yoast SEO plugin. -->","yoast_head_json":{"title":"DAY BY DAY SHAMPOO ET CONDITIONER 500ML - Maroc Prix","description":"DAY BY DAY SHAMPOO ET CONDITIONER 500ML","robots":{"index":"index","follow":"follow","max-snippet":"max-snippet:-1","max-image-preview":"max-image-preview:large","max-video-preview":"max-video-preview:-1"},"canonical":"https:\/\/vitablanca.ma\/en\/product\/day-by-day-shampoo-et-conditioner-500ml\/","og_locale":"en_US","og_type":"article","og_title":"DAY BY DAY SHAMPOO ET CONDITIONER 500ML - Maroc Prix","og_description":"DAY BY DAY SHAMPOO ET CONDITIONER 500ML","og_url":"https:\/\/vitablanca.ma\/en\/product\/day-by-day-shampoo-et-conditioner-500ml\/","og_site_name":"Vitablanca.ma &ndash; Sant&eacute;, vitalit&eacute; et bien-&ecirc;tre pour tous les Marocains","article_publisher":"https:\/\/www.facebook.com\/profile.php?id=61576678196717","article_modified_time":"2026-03-06T03:38:42+00:00","og_image":[{"width":1500,"height":1500,"url":"https:\/\/vitablanca.ma\/wp-content\/uploads\/2026\/03\/DY-BY-DY-2.png","type":"image\/png"}],"twitter_card":"summary_large_image","twitter_misc":{"Est. reading time":"1 minute"},"schema":{"@context":"https:\/\/schema.org","@graph":[{"@type":["WebPage","ItemPage"],"@id":"https:\/\/vitablanca.ma\/produit\/day-by-day-shampoo-et-conditioner-500ml\/","url":"https:\/\/vitablanca.ma\/produit\/day-by-day-shampoo-et-conditioner-500ml\/","name":"DAY BY DAY SHAMPOO ET CONDITIONER 500ML - Maroc Prix","isPartOf":{"@id":"https:\/\/vitablanca.ma\/#website"},"primaryImageOfPage":{"@id":"https:\/\/vitablanca.ma\/produit\/day-by-day-shampoo-et-conditioner-500ml\/#primaryimage"},"image":{"@id":"https:\/\/vitablanca.ma\/produit\/day-by-day-shampoo-et-conditioner-500ml\/#primaryimage"},"thumbnailUrl":"https:\/\/vitablanca.ma\/wp-content\/uploads\/2026\/03\/DY-BY-DY-2.png","datePublished":"2026-03-04T03:29:50+00:00","dateModified":"2026-03-06T03:38:42+00:00","description":"DAY BY DAY SHAMPOO ET CONDITIONER 500ML","breadcrumb":{"@id":"https:\/\/vitablanca.ma\/produit\/day-by-day-shampoo-et-conditioner-500ml\/#breadcrumb"},"inLanguage":"en-US","potentialAction":[{"@type":"ReadAction","target":["https:\/\/vitablanca.ma\/produit\/day-by-day-shampoo-et-conditioner-500ml\/"]}]},{"@type":"ImageObject","inLanguage":"en-US","@id":"https:\/\/vitablanca.ma\/produit\/day-by-day-shampoo-et-conditioner-500ml\/#primaryimage","url":"https:\/\/vitablanca.ma\/wp-content\/uploads\/2026\/03\/DY-BY-DY-2.png","contentUrl":"https:\/\/vitablanca.ma\/wp-content\/uploads\/2026\/03\/DY-BY-DY-2.png","width":1500,"height":1500},{"@type":"BreadcrumbList","@id":"https:\/\/vitablanca.ma\/produit\/day-by-day-shampoo-et-conditioner-500ml\/#breadcrumb","itemListElement":[{"@type":"ListItem","position":1,"name":"Home","item":"https:\/\/vitablanca.ma\/"},{"@type":"ListItem","position":2,"name":"Tous Les Produits","item":"https:\/\/vitablanca.ma\/tous-les-produits\/"},{"@type":"ListItem","position":3,"name":"DAY BY DAY SHAMPOO ET CONDITIONER 500ML"}]},{"@type":"WebSite","@id":"https:\/\/vitablanca.ma\/#website","url":"https:\/\/vitablanca.ma\/","name":"VitaBlanca.ma | Food supplements, health &amp; beauty in Morocco","description":"sell premium vitamins and supplements from USA &amp; Canada, New Zealand, Morocco (NOW Foods, Solgar, Manuka). Fast delivery anywhere in Morocco.","publisher":{"@id":"https:\/\/vitablanca.ma\/#organization"},"alternateName":"VitaBlanca.ma","potentialAction":[{"@type":"SearchAction","target":{"@type":"EntryPoint","urlTemplate":"https:\/\/vitablanca.ma\/?s={search_term_string}"},"query-input":{"@type":"PropertyValueSpecification","valueRequired":true,"valueName":"search_term_string"}}],"inLanguage":"en-US"},{"@type":"Organization","@id":"https:\/\/vitablanca.ma\/#organization","name":"VitaBlanca","url":"https:\/\/vitablanca.ma\/","logo":{"@type":"ImageObject","inLanguage":"en-US","@id":"https:\/\/vitablanca.ma\/#\/schema\/logo\/image\/","url":"https:\/\/vitablanca.ma\/wp-content\/uploads\/2025\/05\/cropped-vitablanca.png","contentUrl":"https:\/\/vitablanca.ma\/wp-content\/uploads\/2025\/05\/cropped-vitablanca.png","width":360,"height":67,"caption":"VitaBlanca"},"image":{"@id":"https:\/\/vitablanca.ma\/#\/schema\/logo\/image\/"},"sameAs":["https:\/\/www.facebook.com\/profile.php?id=61576678196717","https:\/\/www.tiktok.com\/@vitablanca.ma","https:\/\/www.instagram.com\/vitablanca.ma\/"]}]}},"jetpack_sharing_enabled":true,"_links":{"self":[{"href":"https:\/\/vitablanca.ma\/en\/wp-json\/wp\/v2\/product\/33297","targetHints":{"allow":["GET"]}}],"collection":[{"href":"https:\/\/vitablanca.ma\/en\/wp-json\/wp\/v2\/product"}],"about":[{"href":"https:\/\/vitablanca.ma\/en\/wp-json\/wp\/v2\/types\/product"}],"wp:featuredmedia":[{"embeddable":true,"href":"https:\/\/vitablanca.ma\/en\/wp-json\/wp\/v2\/media\/33293"}],"wp:attachment":[{"href":"https:\/\/vitablanca.ma\/en\/wp-json\/wp\/v2\/media?parent=33297"}],"wp:term":[{"taxonomy":"product_brand","embeddable":true,"href":"https:\/\/vitablanca.ma\/en\/wp-json\/wp\/v2\/product_brand?post=33297"},{"taxonomy":"product_cat","embeddable":true,"href":"https:\/\/vitablanca.ma\/en\/wp-json\/wp\/v2\/product_cat?post=33297"},{"taxonomy":"product_tag","embeddable":true,"href":"https:\/\/vitablanca.ma\/en\/wp-json\/wp\/v2\/product_tag?post=33297"}],"curies":[{"name":"wp","href":"https:\/\/api.w.org\/{rel}","templated":true}]}}