{"id":33264,"date":"2026-03-04T03:26:57","date_gmt":"2026-03-04T03:26:57","guid":{"rendered":"https:\/\/vitablanca.ma\/produit\/brazil-protein-biolamination-1l\/"},"modified":"2026-03-06T03:38:43","modified_gmt":"2026-03-06T03:38:43","slug":"brazil-protein-biolamination-1l","status":"publish","type":"product","link":"https:\/\/vitablanca.ma\/en\/product\/brazil-protein-biolamination-1l\/","title":{"rendered":"BRAZIL PROTEIN BIOLAMINATION 1L"},"content":{"rendered":"<h3 data-mce-fragment=\"1\" style=\"text-align: center\">\n<strong>BRAZIL PROTEIN\u00a0BIOLAMINATION 1L<\/strong><br \/>\n<\/h3>\n<p data-mce-fragment=\"1\">Brazil Protein Biolamination est le premier lissage br\u00e9silien sans formol sp\u00e9cialement \u00e9tudi\u00e9 pour les chevelures afros.Sa formule exclusive sans formol et enrichie aux extraits de noix de coco et de babassu,permet de lisser les cheveux les plus rebelles tout en leur procurant r\u00e9duction du volume, hydratation profonde et brillance naturelle.<\/p>\n<p data-mce-fragment=\"1\"><span data-mce-fragment=\"1\">Le lissage br\u00e9silien\u00a0<\/span>Brazil protein bio \u00ab BIO LAMINATION \u00bb est la nouvelle formule de lissage br\u00e9silien issue d\u2019une technologie compl\u00e9tement r\u00e9volutionnaire bas\u00e9e sur la synergie entre les prot\u00e9ines, les acide amin\u00e9s et le kukui nut oil (omega3 et omega 6), biocompatibles avec les fibres des cheveux.<\/p>\n<p data-mce-fragment=\"1\"><span data-mce-fragment=\"1\">Un traitement effet lissant bioactive naturel ne contient pas de formol Cela permet une modification temporaire de la structure du cheveu, facilitant le coiffage, diminuant et contr\u00f4lant le volume, \u00e9liminant les frisures tout en donnant de la lumi\u00e8re, de la brillance et un mouvement tr\u00e8s naturel. Sant\u00e9 et naturel garantis !<\/span><\/p>\n<p data-mce-fragment=\"1\"><span data-mce-fragment=\"1\">Il n\u2019y a donc aucun danger \u00e0 son utilisation que ce soit pour les professionnels ou pour les clients, BRAZIL PROTEIN BIOLAMINATION\u00a0peut d\u00e9sormais s\u2019utiliser sans gant ni masque.<\/span><\/p>\n<p data-mce-fragment=\"1\">BRAZIL PROTEIN BIOLAMINATION<span data-mce-fragment=\"1\">\u00a0peut \u00e9galement \u00eatre utilis\u00e9 sur les femmes enceintes et sur les enfants (adolescents). Ce produit optimal est d\u2019usage facile, compatible avec toute chimie pr\u00e9existante et convenant a tous types de cheveux.<\/span><\/p>\n<p data-mce-fragment=\"1\"><strong>BRAZIL PROTEIN BIOLAMINATION\u00a0Bouteille de\u00a01\u00a0L pour environ\u00a010 applications<\/strong><\/p>\n<p data-mce-fragment=\"1\"><strong>How to use:<\/strong><\/p>\n<p data-mce-fragment=\"1\"><\/p>\n<ul>\n<li>Appliquer le produit directement \u00a0m\u00e8che par m\u00e8che sur cheveux sec<\/li>\n<li>laisser poser minimum<span>\u00a0<\/span>50 min<\/li>\n<li>rincer le produit \u00e0<span>\u00a0<\/span>40 % \u00e0 l\u2019eau<\/li>\n<li>S\u00e9cher les cheveux<\/li>\n<li>passer les plaques m\u00e8che par m\u00e8che environ 8 fois<\/li>\n<\/ul>","protected":false},"excerpt":{"rendered":"<p>BRAZIL PROTEIN\u00a0BIOLAMINATION 1L Brazil Protein Biolamination est le premier lissage br\u00e9silien sans formol sp\u00e9cialement \u00e9tudi\u00e9 pour les chevelures afros.Sa formule exclusive sans formol et enrichie aux extraits de noix de coco et de babassu,permet de lisser les cheveux les plus rebelles tout en leur procurant r\u00e9duction du volume, hydratation profonde et brillance naturelle. Le lissage [&hellip;]<\/p>\n","protected":false},"featured_media":33261,"template":"","meta":{"om_disable_all_campaigns":false},"product_brand":[],"product_cat":[18,15],"product_tag":[],"class_list":{"0":"post-33264","1":"product","2":"type-product","3":"status-publish","4":"has-post-thumbnail","6":"product_cat-beaute-sante","7":"product_cat-beaute-sante-complements-alimentaires-soins-et-bien-etre-au-meilleur-prix","9":"first","10":"instock","11":"taxable","12":"shipping-taxable","13":"purchasable","14":"product-type-simple"},"yoast_head":"<!-- This site is optimized with the Yoast SEO plugin v27.5 - https:\/\/yoast.com\/product\/yoast-seo-wordpress\/ -->\n<title>BRAZIL PROTEIN BIOLAMINATION 1L - Maroc Prix<\/title>\n<meta name=\"description\" content=\"BRAZIL PROTEIN BIOLAMINATION 1L\" \/>\n<meta name=\"robots\" content=\"index, follow, max-snippet:-1, max-image-preview:large, max-video-preview:-1\" \/>\n<link rel=\"canonical\" href=\"https:\/\/vitablanca.ma\/en\/product\/brazil-protein-biolamination-1l\/\" \/>\n<meta property=\"og:locale\" content=\"en_US\" \/>\n<meta property=\"og:type\" content=\"article\" \/>\n<meta property=\"og:title\" content=\"BRAZIL PROTEIN BIOLAMINATION 1L - Maroc Prix\" \/>\n<meta property=\"og:description\" content=\"BRAZIL PROTEIN BIOLAMINATION 1L\" \/>\n<meta property=\"og:url\" content=\"https:\/\/vitablanca.ma\/en\/product\/brazil-protein-biolamination-1l\/\" \/>\n<meta property=\"og:site_name\" content=\"Vitablanca.ma &ndash; Sant&eacute;, vitalit&eacute; et bien-&ecirc;tre pour tous les Marocains\" \/>\n<meta property=\"article:publisher\" content=\"https:\/\/www.facebook.com\/profile.php?id=61576678196717\" \/>\n<meta property=\"article:modified_time\" content=\"2026-03-06T03:38:43+00:00\" \/>\n<meta property=\"og:image\" content=\"https:\/\/vitablanca.ma\/wp-content\/uploads\/2026\/03\/BIOLAMINATION1L1.png\" \/>\n\t<meta property=\"og:image:width\" content=\"800\" \/>\n\t<meta property=\"og:image:height\" content=\"800\" \/>\n\t<meta property=\"og:image:type\" content=\"image\/png\" \/>\n<meta name=\"twitter:card\" content=\"summary_large_image\" \/>\n<meta name=\"twitter:label1\" content=\"Est. reading time\" \/>\n\t<meta name=\"twitter:data1\" content=\"1 minute\" \/>\n<script type=\"application\/ld+json\" class=\"yoast-schema-graph\">{\"@context\":\"https:\\\/\\\/schema.org\",\"@graph\":[{\"@type\":[\"WebPage\",\"ItemPage\"],\"@id\":\"https:\\\/\\\/vitablanca.ma\\\/produit\\\/brazil-protein-biolamination-1l\\\/\",\"url\":\"https:\\\/\\\/vitablanca.ma\\\/produit\\\/brazil-protein-biolamination-1l\\\/\",\"name\":\"BRAZIL PROTEIN BIOLAMINATION 1L - Maroc Prix\",\"isPartOf\":{\"@id\":\"https:\\\/\\\/vitablanca.ma\\\/#website\"},\"primaryImageOfPage\":{\"@id\":\"https:\\\/\\\/vitablanca.ma\\\/produit\\\/brazil-protein-biolamination-1l\\\/#primaryimage\"},\"image\":{\"@id\":\"https:\\\/\\\/vitablanca.ma\\\/produit\\\/brazil-protein-biolamination-1l\\\/#primaryimage\"},\"thumbnailUrl\":\"https:\\\/\\\/vitablanca.ma\\\/wp-content\\\/uploads\\\/2026\\\/03\\\/BIOLAMINATION1L1.png\",\"datePublished\":\"2026-03-04T03:26:57+00:00\",\"dateModified\":\"2026-03-06T03:38:43+00:00\",\"description\":\"BRAZIL PROTEIN BIOLAMINATION 1L\",\"breadcrumb\":{\"@id\":\"https:\\\/\\\/vitablanca.ma\\\/produit\\\/brazil-protein-biolamination-1l\\\/#breadcrumb\"},\"inLanguage\":\"en-US\",\"potentialAction\":[{\"@type\":\"ReadAction\",\"target\":[\"https:\\\/\\\/vitablanca.ma\\\/produit\\\/brazil-protein-biolamination-1l\\\/\"]}]},{\"@type\":\"ImageObject\",\"inLanguage\":\"en-US\",\"@id\":\"https:\\\/\\\/vitablanca.ma\\\/produit\\\/brazil-protein-biolamination-1l\\\/#primaryimage\",\"url\":\"https:\\\/\\\/vitablanca.ma\\\/wp-content\\\/uploads\\\/2026\\\/03\\\/BIOLAMINATION1L1.png\",\"contentUrl\":\"https:\\\/\\\/vitablanca.ma\\\/wp-content\\\/uploads\\\/2026\\\/03\\\/BIOLAMINATION1L1.png\",\"width\":800,\"height\":800},{\"@type\":\"BreadcrumbList\",\"@id\":\"https:\\\/\\\/vitablanca.ma\\\/produit\\\/brazil-protein-biolamination-1l\\\/#breadcrumb\",\"itemListElement\":[{\"@type\":\"ListItem\",\"position\":1,\"name\":\"Home\",\"item\":\"https:\\\/\\\/vitablanca.ma\\\/\"},{\"@type\":\"ListItem\",\"position\":2,\"name\":\"Tous Les Produits\",\"item\":\"https:\\\/\\\/vitablanca.ma\\\/tous-les-produits\\\/\"},{\"@type\":\"ListItem\",\"position\":3,\"name\":\"BRAZIL PROTEIN BIOLAMINATION 1L\"}]},{\"@type\":\"WebSite\",\"@id\":\"https:\\\/\\\/vitablanca.ma\\\/#website\",\"url\":\"https:\\\/\\\/vitablanca.ma\\\/\",\"name\":\"VitaBlanca.ma | Compl\u00e9ments alimentaires, sant\u00e9 & beaut\u00e9 au Maroc\",\"description\":\"vendre vitamines et compl\u00e9ments premium des USA &amp; Canada, Nouvelle Z\u00e9lande,Maroc (NOW Foods, Solgar, Manuka). Livraison rapide partout au Maroc.\",\"publisher\":{\"@id\":\"https:\\\/\\\/vitablanca.ma\\\/#organization\"},\"alternateName\":\"VitaBlanca.ma\",\"potentialAction\":[{\"@type\":\"SearchAction\",\"target\":{\"@type\":\"EntryPoint\",\"urlTemplate\":\"https:\\\/\\\/vitablanca.ma\\\/?s={search_term_string}\"},\"query-input\":{\"@type\":\"PropertyValueSpecification\",\"valueRequired\":true,\"valueName\":\"search_term_string\"}}],\"inLanguage\":\"en-US\"},{\"@type\":\"Organization\",\"@id\":\"https:\\\/\\\/vitablanca.ma\\\/#organization\",\"name\":\"VitaBlanca\",\"url\":\"https:\\\/\\\/vitablanca.ma\\\/\",\"logo\":{\"@type\":\"ImageObject\",\"inLanguage\":\"en-US\",\"@id\":\"https:\\\/\\\/vitablanca.ma\\\/#\\\/schema\\\/logo\\\/image\\\/\",\"url\":\"https:\\\/\\\/vitablanca.ma\\\/wp-content\\\/uploads\\\/2025\\\/05\\\/cropped-vitablanca.png\",\"contentUrl\":\"https:\\\/\\\/vitablanca.ma\\\/wp-content\\\/uploads\\\/2025\\\/05\\\/cropped-vitablanca.png\",\"width\":360,\"height\":67,\"caption\":\"VitaBlanca\"},\"image\":{\"@id\":\"https:\\\/\\\/vitablanca.ma\\\/#\\\/schema\\\/logo\\\/image\\\/\"},\"sameAs\":[\"https:\\\/\\\/www.facebook.com\\\/profile.php?id=61576678196717\",\"https:\\\/\\\/www.tiktok.com\\\/@vitablanca.ma\",\"https:\\\/\\\/www.instagram.com\\\/vitablanca.ma\\\/\"]}]}<\/script>\n<!-- \/ Yoast SEO plugin. -->","yoast_head_json":{"title":"BRAZIL PROTEIN BIOLAMINATION 1L - Maroc Prix","description":"BRAZIL PROTEIN BIOLAMINATION 1L","robots":{"index":"index","follow":"follow","max-snippet":"max-snippet:-1","max-image-preview":"max-image-preview:large","max-video-preview":"max-video-preview:-1"},"canonical":"https:\/\/vitablanca.ma\/en\/product\/brazil-protein-biolamination-1l\/","og_locale":"en_US","og_type":"article","og_title":"BRAZIL PROTEIN BIOLAMINATION 1L - Maroc Prix","og_description":"BRAZIL PROTEIN BIOLAMINATION 1L","og_url":"https:\/\/vitablanca.ma\/en\/product\/brazil-protein-biolamination-1l\/","og_site_name":"Vitablanca.ma &ndash; Sant&eacute;, vitalit&eacute; et bien-&ecirc;tre pour tous les Marocains","article_publisher":"https:\/\/www.facebook.com\/profile.php?id=61576678196717","article_modified_time":"2026-03-06T03:38:43+00:00","og_image":[{"width":800,"height":800,"url":"https:\/\/vitablanca.ma\/wp-content\/uploads\/2026\/03\/BIOLAMINATION1L1.png","type":"image\/png"}],"twitter_card":"summary_large_image","twitter_misc":{"Est. reading time":"1 minute"},"schema":{"@context":"https:\/\/schema.org","@graph":[{"@type":["WebPage","ItemPage"],"@id":"https:\/\/vitablanca.ma\/produit\/brazil-protein-biolamination-1l\/","url":"https:\/\/vitablanca.ma\/produit\/brazil-protein-biolamination-1l\/","name":"BRAZIL PROTEIN BIOLAMINATION 1L - Maroc Prix","isPartOf":{"@id":"https:\/\/vitablanca.ma\/#website"},"primaryImageOfPage":{"@id":"https:\/\/vitablanca.ma\/produit\/brazil-protein-biolamination-1l\/#primaryimage"},"image":{"@id":"https:\/\/vitablanca.ma\/produit\/brazil-protein-biolamination-1l\/#primaryimage"},"thumbnailUrl":"https:\/\/vitablanca.ma\/wp-content\/uploads\/2026\/03\/BIOLAMINATION1L1.png","datePublished":"2026-03-04T03:26:57+00:00","dateModified":"2026-03-06T03:38:43+00:00","description":"BRAZIL PROTEIN BIOLAMINATION 1L","breadcrumb":{"@id":"https:\/\/vitablanca.ma\/produit\/brazil-protein-biolamination-1l\/#breadcrumb"},"inLanguage":"en-US","potentialAction":[{"@type":"ReadAction","target":["https:\/\/vitablanca.ma\/produit\/brazil-protein-biolamination-1l\/"]}]},{"@type":"ImageObject","inLanguage":"en-US","@id":"https:\/\/vitablanca.ma\/produit\/brazil-protein-biolamination-1l\/#primaryimage","url":"https:\/\/vitablanca.ma\/wp-content\/uploads\/2026\/03\/BIOLAMINATION1L1.png","contentUrl":"https:\/\/vitablanca.ma\/wp-content\/uploads\/2026\/03\/BIOLAMINATION1L1.png","width":800,"height":800},{"@type":"BreadcrumbList","@id":"https:\/\/vitablanca.ma\/produit\/brazil-protein-biolamination-1l\/#breadcrumb","itemListElement":[{"@type":"ListItem","position":1,"name":"Home","item":"https:\/\/vitablanca.ma\/"},{"@type":"ListItem","position":2,"name":"Tous Les Produits","item":"https:\/\/vitablanca.ma\/tous-les-produits\/"},{"@type":"ListItem","position":3,"name":"BRAZIL PROTEIN BIOLAMINATION 1L"}]},{"@type":"WebSite","@id":"https:\/\/vitablanca.ma\/#website","url":"https:\/\/vitablanca.ma\/","name":"VitaBlanca.ma | Food supplements, health &amp; beauty in Morocco","description":"sell premium vitamins and supplements from USA &amp; Canada, New Zealand, Morocco (NOW Foods, Solgar, Manuka). Fast delivery anywhere in Morocco.","publisher":{"@id":"https:\/\/vitablanca.ma\/#organization"},"alternateName":"VitaBlanca.ma","potentialAction":[{"@type":"SearchAction","target":{"@type":"EntryPoint","urlTemplate":"https:\/\/vitablanca.ma\/?s={search_term_string}"},"query-input":{"@type":"PropertyValueSpecification","valueRequired":true,"valueName":"search_term_string"}}],"inLanguage":"en-US"},{"@type":"Organization","@id":"https:\/\/vitablanca.ma\/#organization","name":"VitaBlanca","url":"https:\/\/vitablanca.ma\/","logo":{"@type":"ImageObject","inLanguage":"en-US","@id":"https:\/\/vitablanca.ma\/#\/schema\/logo\/image\/","url":"https:\/\/vitablanca.ma\/wp-content\/uploads\/2025\/05\/cropped-vitablanca.png","contentUrl":"https:\/\/vitablanca.ma\/wp-content\/uploads\/2025\/05\/cropped-vitablanca.png","width":360,"height":67,"caption":"VitaBlanca"},"image":{"@id":"https:\/\/vitablanca.ma\/#\/schema\/logo\/image\/"},"sameAs":["https:\/\/www.facebook.com\/profile.php?id=61576678196717","https:\/\/www.tiktok.com\/@vitablanca.ma","https:\/\/www.instagram.com\/vitablanca.ma\/"]}]}},"jetpack_sharing_enabled":true,"_links":{"self":[{"href":"https:\/\/vitablanca.ma\/en\/wp-json\/wp\/v2\/product\/33264","targetHints":{"allow":["GET"]}}],"collection":[{"href":"https:\/\/vitablanca.ma\/en\/wp-json\/wp\/v2\/product"}],"about":[{"href":"https:\/\/vitablanca.ma\/en\/wp-json\/wp\/v2\/types\/product"}],"wp:featuredmedia":[{"embeddable":true,"href":"https:\/\/vitablanca.ma\/en\/wp-json\/wp\/v2\/media\/33261"}],"wp:attachment":[{"href":"https:\/\/vitablanca.ma\/en\/wp-json\/wp\/v2\/media?parent=33264"}],"wp:term":[{"taxonomy":"product_brand","embeddable":true,"href":"https:\/\/vitablanca.ma\/en\/wp-json\/wp\/v2\/product_brand?post=33264"},{"taxonomy":"product_cat","embeddable":true,"href":"https:\/\/vitablanca.ma\/en\/wp-json\/wp\/v2\/product_cat?post=33264"},{"taxonomy":"product_tag","embeddable":true,"href":"https:\/\/vitablanca.ma\/en\/wp-json\/wp\/v2\/product_tag?post=33264"}],"curies":[{"name":"wp","href":"https:\/\/api.w.org\/{rel}","templated":true}]}}