{"id":33202,"date":"2026-03-04T03:17:51","date_gmt":"2026-03-04T03:17:51","guid":{"rendered":"https:\/\/vitablanca.ma\/produit\/numbuzin-no-5-glutathione-c-facial-spa-cleanser-5-200-ml\/"},"modified":"2026-03-06T03:38:44","modified_gmt":"2026-03-06T03:38:44","slug":"numbuzin-no-5-glutathione-c-facial-spa-cleanser-5-200-ml","status":"publish","type":"product","link":"https:\/\/vitablanca.ma\/en\/product\/numbuzin-no-5-glutathione-c-facial-spa-cleanser-5-200-ml\/","title":{"rendered":"NUMBUZIN No.5 Glutathione C Facial Spa Cleanser 5+ \u2013 200 ML"},"content":{"rendered":"<p class=\"MsoNormal\"><b><span style=\"font-family: 'Arial','sans-serif'\">NUMBUZIN No.5 Glutathione C Facial Spa Cleanser 5+ 200 ML<\/span><\/b><span style=\"font-family: 'Arial','sans-serif'\"> Une huile d\u00e9maquillante riche en huiles naturelles (jojoba, olive, tournesol) qui \u00e9limine les impuret\u00e9s, le maquillage waterproof, l\u2019exc\u00e8s de s\u00e9bum et les points noirs, tout en nourrissant la peau. Enrichi en glutathion, vitamine C et niacinamide, il aide \u00e0 unifier le teint, r\u00e9duit l\u2019hyperpigmentation, les taches et marques d\u2019acn\u00e9. Sans parfum ni colorants artificiels, il offre une action douce mais efficace. Convient \u00e0 tous les types de peaux, m\u00eame sensibles ou acn\u00e9iques.<\/span><\/p>\n<p class=\"MsoNormal\"><b><span style=\"font-family: 'Arial','sans-serif'\">\u2022<\/span><\/b><span style=\"font-family: 'Arial','sans-serif'\"> A <b>huile d\u00e9maquillante<\/b> riche en huiles naturelles (jojoba, olive, tournesol) qui \u00e9limine les impuret\u00e9s, le maquillage waterproof, l\u2019exc\u00e8s de s\u00e9bum et les points noirs, tout en nourrissant la peau. Enrichi en glutathion, vitamine C et niacinamide, il aide \u00e0 unifier le teint, r\u00e9duit l\u2019hyperpigmentation, les taches et marques d\u2019acn\u00e9. Sans parfum ni colorants artificiels, il offre une action douce mais efficace. Convient \u00e0 tous les types de peaux, m\u00eame sensibles ou acn\u00e9iques.<\/span><\/p>\n<p class=\"MsoNormal\"><b><span style=\"font-family: 'Arial','sans-serif'\">\u2022<\/span><\/b><span style=\"font-family: 'Arial','sans-serif'\"> THE <b>glutathion <\/b>est un compl\u00e9ment alimentaire r\u00e9put\u00e9, notamment en Cor\u00e9e, pour am\u00e9liorer le teint terne et irr\u00e9gulier et att\u00e9nuer l\u2019hyperpigmentation, les taches brunes et les marques d\u2019acn\u00e9. Ce puissant antioxydant inhibe la surproduction et l\u2019accumulation de m\u00e9lanine, principales causes d\u2019hyperpigmentation. Les soins enrichis en glutathion offrent une alternative plus douce et plus efficace aux compl\u00e9ments alimentaires.<\/span><\/p>\n<p class=\"MsoNormal\"><b><span style=\"font-family: 'Arial','sans-serif'\">\u2022 <\/span><\/b><span style=\"font-family: 'Arial','sans-serif'\">Cliniquement prouv\u00e9 pour am\u00e9liorer le teint de 51,05 % et l\u2019exc\u00e8s de s\u00e9bum de 25,07 % apr\u00e8s utilisation, et r\u00e9duire les points noirs de 51,46 % apr\u00e8s 7 jours d\u2019utilisation. Tests d\u2019irritation cutan\u00e9e et oculaire r\u00e9alis\u00e9s, ce produit est sans danger pour les peaux sensibles et \u00e0 tendance acn\u00e9ique, sans irritation oculaire.<\/span><\/p>\n<p class=\"MsoNormal\"><b><span style=\"font-family: 'Arial','sans-serif'\">\u2022 <\/span><\/b><span style=\"font-family: 'Arial','sans-serif'\">Recommand\u00e9 pour tous les types de peau : grasses, s\u00e8ches, mixtes, \u00e0 tendance acn\u00e9ique et sensibles. Particuli\u00e8rement recommand\u00e9 pour les probl\u00e8mes de peau suivants : teint terne et fatigu\u00e9, peau stress\u00e9e, points noirs, hyperpigmentation et taches brunes.<\/span><\/p>\n<p class=\"MsoNormal\"><b><span style=\"font-family: 'Arial','sans-serif'\">Instructions for use:<\/span><\/b><\/p>\n<p class=\"MsoNormal\"><span style=\"font-family: 'Arial','sans-serif'\">Apr\u00e8s le nettoyage, appliquez une quantit\u00e9 appropri\u00e9e sur le visage sec et massez doucement pour dissoudre le maquillage. Humidifiez vos mains avec un peu d\u2019eau et massez \u00e0 nouveau pendant environ 30 secondes, puis rincez abondamment \u00e0 l\u2019eau ti\u00e8de. Apr\u00e8s avoir pomp\u00e9, maintenez votre ensemble pendant 5 secondes pour les r\u00e9chauffer et obtenir un massage plus doux.<\/span><\/p>\n<p class=\"MsoNormal\"><b><span style=\"font-family: 'Arial','sans-serif'\">Pr\u00e9caution d\u2019usage :<\/span><\/b><\/p>\n<p class=\"MsoNormal\"><b><span style=\"font-family: 'Arial','sans-serif'\">1)<\/span><\/b><span style=\"font-family: 'Arial','sans-serif'\"> Consultez un sp\u00e9cialiste si vous pr\u00e9sentez des sympt\u00f4mes anormaux ou des effets secondaires tels qu\u2019une \u00e9ruption cutan\u00e9e, un gonflement ou des d\u00e9mangeaisons pendant l\u2019utilisation ou suite \u00e0 une exposition directe au soleil apr\u00e8s utilisation.<\/span><\/p>\n<p class=\"MsoNormal\"><b><span style=\"font-family: 'Arial','sans-serif'\">2)<\/span><\/b><span style=\"font-family: 'Arial','sans-serif'\"> Ne pas utiliser sur des plaies ou d\u2019autres zones affect\u00e9es.<\/span><\/p>\n<p class=\"MsoNormal\"><b><span style=\"font-family: 'Arial','sans-serif'\">3)<\/span><\/b><span style=\"font-family: 'Arial','sans-serif'\"> Instructions de stockage et de manipulation a) Tenir hors de port\u00e9e des enfants. b) Tenir \u00e0 l\u2019abri de la lumi\u00e8re directe du soleil.<\/span><\/p>","protected":false},"excerpt":{"rendered":"<p>NUMBUZIN No.5 Glutathione C Facial Spa Cleanser 5+ 200 ML Une huile d\u00e9maquillante riche en huiles naturelles (jojoba, olive, tournesol) qui \u00e9limine les impuret\u00e9s, le maquillage waterproof, l\u2019exc\u00e8s de s\u00e9bum et les points noirs, tout en nourrissant la peau. Enrichi en glutathion, vitamine C et niacinamide, il aide \u00e0 unifier le teint, r\u00e9duit l\u2019hyperpigmentation, les [&hellip;]<\/p>\n","protected":false},"featured_media":33197,"template":"","meta":{"om_disable_all_campaigns":false},"product_brand":[],"product_cat":[18,15],"product_tag":[],"class_list":{"0":"post-33202","1":"product","2":"type-product","3":"status-publish","4":"has-post-thumbnail","6":"product_cat-beaute-sante","7":"product_cat-beaute-sante-complements-alimentaires-soins-et-bien-etre-au-meilleur-prix","9":"first","10":"instock","11":"taxable","12":"shipping-taxable","13":"purchasable","14":"product-type-simple"},"yoast_head":"<!-- This site is optimized with the Yoast SEO plugin v27.5 - https:\/\/yoast.com\/product\/yoast-seo-wordpress\/ -->\n<title>NUMBUZIN No.5 Glutathione C Facial Spa Cleanser 5+ \u2013 200 ML - Maroc Prix<\/title>\n<meta name=\"description\" content=\"NUMBUZIN No.5 Glutathione C Facial Spa Cleanser 5+ \u2013 200 ML\" \/>\n<meta name=\"robots\" content=\"index, follow, max-snippet:-1, max-image-preview:large, max-video-preview:-1\" \/>\n<link rel=\"canonical\" href=\"https:\/\/vitablanca.ma\/en\/product\/numbuzin-no-5-glutathione-c-facial-spa-cleanser-5-200-ml\/\" \/>\n<meta property=\"og:locale\" content=\"en_US\" \/>\n<meta property=\"og:type\" content=\"article\" \/>\n<meta property=\"og:title\" content=\"NUMBUZIN No.5 Glutathione C Facial Spa Cleanser 5+ \u2013 200 ML - Maroc Prix\" \/>\n<meta property=\"og:description\" content=\"NUMBUZIN No.5 Glutathione C Facial Spa Cleanser 5+ \u2013 200 ML\" \/>\n<meta property=\"og:url\" content=\"https:\/\/vitablanca.ma\/en\/product\/numbuzin-no-5-glutathione-c-facial-spa-cleanser-5-200-ml\/\" \/>\n<meta property=\"og:site_name\" content=\"Vitablanca.ma &ndash; Sant&eacute;, vitalit&eacute; et bien-&ecirc;tre pour tous les Marocains\" \/>\n<meta property=\"article:publisher\" content=\"https:\/\/www.facebook.com\/profile.php?id=61576678196717\" \/>\n<meta property=\"article:modified_time\" content=\"2026-03-06T03:38:44+00:00\" \/>\n<meta property=\"og:image\" content=\"https:\/\/vitablanca.ma\/wp-content\/uploads\/2026\/03\/NUMBUZINNo.5GlutathioneCFacialSpaCleanser5_200ML1.jpg\" \/>\n\t<meta property=\"og:image:width\" content=\"1080\" \/>\n\t<meta property=\"og:image:height\" content=\"1080\" \/>\n\t<meta property=\"og:image:type\" content=\"image\/jpeg\" \/>\n<meta name=\"twitter:card\" content=\"summary_large_image\" \/>\n<meta name=\"twitter:label1\" content=\"Est. reading time\" \/>\n\t<meta name=\"twitter:data1\" content=\"2 minutes\" \/>\n<script type=\"application\/ld+json\" class=\"yoast-schema-graph\">{\"@context\":\"https:\\\/\\\/schema.org\",\"@graph\":[{\"@type\":[\"WebPage\",\"ItemPage\"],\"@id\":\"https:\\\/\\\/vitablanca.ma\\\/produit\\\/numbuzin-no-5-glutathione-c-facial-spa-cleanser-5-200-ml\\\/\",\"url\":\"https:\\\/\\\/vitablanca.ma\\\/produit\\\/numbuzin-no-5-glutathione-c-facial-spa-cleanser-5-200-ml\\\/\",\"name\":\"NUMBUZIN No.5 Glutathione C Facial Spa Cleanser 5+ \u2013 200 ML - Maroc Prix\",\"isPartOf\":{\"@id\":\"https:\\\/\\\/vitablanca.ma\\\/#website\"},\"primaryImageOfPage\":{\"@id\":\"https:\\\/\\\/vitablanca.ma\\\/produit\\\/numbuzin-no-5-glutathione-c-facial-spa-cleanser-5-200-ml\\\/#primaryimage\"},\"image\":{\"@id\":\"https:\\\/\\\/vitablanca.ma\\\/produit\\\/numbuzin-no-5-glutathione-c-facial-spa-cleanser-5-200-ml\\\/#primaryimage\"},\"thumbnailUrl\":\"https:\\\/\\\/vitablanca.ma\\\/wp-content\\\/uploads\\\/2026\\\/03\\\/NUMBUZINNo.5GlutathioneCFacialSpaCleanser5_200ML1.jpg\",\"datePublished\":\"2026-03-04T03:17:51+00:00\",\"dateModified\":\"2026-03-06T03:38:44+00:00\",\"description\":\"NUMBUZIN No.5 Glutathione C Facial Spa Cleanser 5+ \u2013 200 ML\",\"breadcrumb\":{\"@id\":\"https:\\\/\\\/vitablanca.ma\\\/produit\\\/numbuzin-no-5-glutathione-c-facial-spa-cleanser-5-200-ml\\\/#breadcrumb\"},\"inLanguage\":\"en-US\",\"potentialAction\":[{\"@type\":\"ReadAction\",\"target\":[\"https:\\\/\\\/vitablanca.ma\\\/produit\\\/numbuzin-no-5-glutathione-c-facial-spa-cleanser-5-200-ml\\\/\"]}]},{\"@type\":\"ImageObject\",\"inLanguage\":\"en-US\",\"@id\":\"https:\\\/\\\/vitablanca.ma\\\/produit\\\/numbuzin-no-5-glutathione-c-facial-spa-cleanser-5-200-ml\\\/#primaryimage\",\"url\":\"https:\\\/\\\/vitablanca.ma\\\/wp-content\\\/uploads\\\/2026\\\/03\\\/NUMBUZINNo.5GlutathioneCFacialSpaCleanser5_200ML1.jpg\",\"contentUrl\":\"https:\\\/\\\/vitablanca.ma\\\/wp-content\\\/uploads\\\/2026\\\/03\\\/NUMBUZINNo.5GlutathioneCFacialSpaCleanser5_200ML1.jpg\",\"width\":1080,\"height\":1080},{\"@type\":\"BreadcrumbList\",\"@id\":\"https:\\\/\\\/vitablanca.ma\\\/produit\\\/numbuzin-no-5-glutathione-c-facial-spa-cleanser-5-200-ml\\\/#breadcrumb\",\"itemListElement\":[{\"@type\":\"ListItem\",\"position\":1,\"name\":\"Home\",\"item\":\"https:\\\/\\\/vitablanca.ma\\\/\"},{\"@type\":\"ListItem\",\"position\":2,\"name\":\"Tous Les Produits\",\"item\":\"https:\\\/\\\/vitablanca.ma\\\/tous-les-produits\\\/\"},{\"@type\":\"ListItem\",\"position\":3,\"name\":\"NUMBUZIN No.5 Glutathione C Facial Spa Cleanser 5+ \u2013 200 ML\"}]},{\"@type\":\"WebSite\",\"@id\":\"https:\\\/\\\/vitablanca.ma\\\/#website\",\"url\":\"https:\\\/\\\/vitablanca.ma\\\/\",\"name\":\"VitaBlanca.ma | Compl\u00e9ments alimentaires, sant\u00e9 & beaut\u00e9 au Maroc\",\"description\":\"vendre vitamines et compl\u00e9ments premium des USA &amp; Canada, Nouvelle Z\u00e9lande,Maroc (NOW Foods, Solgar, Manuka). Livraison rapide partout au Maroc.\",\"publisher\":{\"@id\":\"https:\\\/\\\/vitablanca.ma\\\/#organization\"},\"alternateName\":\"VitaBlanca.ma\",\"potentialAction\":[{\"@type\":\"SearchAction\",\"target\":{\"@type\":\"EntryPoint\",\"urlTemplate\":\"https:\\\/\\\/vitablanca.ma\\\/?s={search_term_string}\"},\"query-input\":{\"@type\":\"PropertyValueSpecification\",\"valueRequired\":true,\"valueName\":\"search_term_string\"}}],\"inLanguage\":\"en-US\"},{\"@type\":\"Organization\",\"@id\":\"https:\\\/\\\/vitablanca.ma\\\/#organization\",\"name\":\"VitaBlanca\",\"url\":\"https:\\\/\\\/vitablanca.ma\\\/\",\"logo\":{\"@type\":\"ImageObject\",\"inLanguage\":\"en-US\",\"@id\":\"https:\\\/\\\/vitablanca.ma\\\/#\\\/schema\\\/logo\\\/image\\\/\",\"url\":\"https:\\\/\\\/vitablanca.ma\\\/wp-content\\\/uploads\\\/2025\\\/05\\\/cropped-vitablanca.png\",\"contentUrl\":\"https:\\\/\\\/vitablanca.ma\\\/wp-content\\\/uploads\\\/2025\\\/05\\\/cropped-vitablanca.png\",\"width\":360,\"height\":67,\"caption\":\"VitaBlanca\"},\"image\":{\"@id\":\"https:\\\/\\\/vitablanca.ma\\\/#\\\/schema\\\/logo\\\/image\\\/\"},\"sameAs\":[\"https:\\\/\\\/www.facebook.com\\\/profile.php?id=61576678196717\",\"https:\\\/\\\/www.tiktok.com\\\/@vitablanca.ma\",\"https:\\\/\\\/www.instagram.com\\\/vitablanca.ma\\\/\"]}]}<\/script>\n<!-- \/ Yoast SEO plugin. -->","yoast_head_json":{"title":"NUMBUZIN No.5 Glutathione C Facial Spa Cleanser 5+ \u2013 200 ML - Maroc Prix","description":"NUMBUZIN No.5 Glutathione C Facial Spa Cleanser 5+ \u2013 200 ML","robots":{"index":"index","follow":"follow","max-snippet":"max-snippet:-1","max-image-preview":"max-image-preview:large","max-video-preview":"max-video-preview:-1"},"canonical":"https:\/\/vitablanca.ma\/en\/product\/numbuzin-no-5-glutathione-c-facial-spa-cleanser-5-200-ml\/","og_locale":"en_US","og_type":"article","og_title":"NUMBUZIN No.5 Glutathione C Facial Spa Cleanser 5+ \u2013 200 ML - Maroc Prix","og_description":"NUMBUZIN No.5 Glutathione C Facial Spa Cleanser 5+ \u2013 200 ML","og_url":"https:\/\/vitablanca.ma\/en\/product\/numbuzin-no-5-glutathione-c-facial-spa-cleanser-5-200-ml\/","og_site_name":"Vitablanca.ma &ndash; Sant&eacute;, vitalit&eacute; et bien-&ecirc;tre pour tous les Marocains","article_publisher":"https:\/\/www.facebook.com\/profile.php?id=61576678196717","article_modified_time":"2026-03-06T03:38:44+00:00","og_image":[{"width":1080,"height":1080,"url":"https:\/\/vitablanca.ma\/wp-content\/uploads\/2026\/03\/NUMBUZINNo.5GlutathioneCFacialSpaCleanser5_200ML1.jpg","type":"image\/jpeg"}],"twitter_card":"summary_large_image","twitter_misc":{"Est. reading time":"2 minutes"},"schema":{"@context":"https:\/\/schema.org","@graph":[{"@type":["WebPage","ItemPage"],"@id":"https:\/\/vitablanca.ma\/produit\/numbuzin-no-5-glutathione-c-facial-spa-cleanser-5-200-ml\/","url":"https:\/\/vitablanca.ma\/produit\/numbuzin-no-5-glutathione-c-facial-spa-cleanser-5-200-ml\/","name":"NUMBUZIN No.5 Glutathione C Facial Spa Cleanser 5+ \u2013 200 ML - Maroc Prix","isPartOf":{"@id":"https:\/\/vitablanca.ma\/#website"},"primaryImageOfPage":{"@id":"https:\/\/vitablanca.ma\/produit\/numbuzin-no-5-glutathione-c-facial-spa-cleanser-5-200-ml\/#primaryimage"},"image":{"@id":"https:\/\/vitablanca.ma\/produit\/numbuzin-no-5-glutathione-c-facial-spa-cleanser-5-200-ml\/#primaryimage"},"thumbnailUrl":"https:\/\/vitablanca.ma\/wp-content\/uploads\/2026\/03\/NUMBUZINNo.5GlutathioneCFacialSpaCleanser5_200ML1.jpg","datePublished":"2026-03-04T03:17:51+00:00","dateModified":"2026-03-06T03:38:44+00:00","description":"NUMBUZIN No.5 Glutathione C Facial Spa Cleanser 5+ \u2013 200 ML","breadcrumb":{"@id":"https:\/\/vitablanca.ma\/produit\/numbuzin-no-5-glutathione-c-facial-spa-cleanser-5-200-ml\/#breadcrumb"},"inLanguage":"en-US","potentialAction":[{"@type":"ReadAction","target":["https:\/\/vitablanca.ma\/produit\/numbuzin-no-5-glutathione-c-facial-spa-cleanser-5-200-ml\/"]}]},{"@type":"ImageObject","inLanguage":"en-US","@id":"https:\/\/vitablanca.ma\/produit\/numbuzin-no-5-glutathione-c-facial-spa-cleanser-5-200-ml\/#primaryimage","url":"https:\/\/vitablanca.ma\/wp-content\/uploads\/2026\/03\/NUMBUZINNo.5GlutathioneCFacialSpaCleanser5_200ML1.jpg","contentUrl":"https:\/\/vitablanca.ma\/wp-content\/uploads\/2026\/03\/NUMBUZINNo.5GlutathioneCFacialSpaCleanser5_200ML1.jpg","width":1080,"height":1080},{"@type":"BreadcrumbList","@id":"https:\/\/vitablanca.ma\/produit\/numbuzin-no-5-glutathione-c-facial-spa-cleanser-5-200-ml\/#breadcrumb","itemListElement":[{"@type":"ListItem","position":1,"name":"Home","item":"https:\/\/vitablanca.ma\/"},{"@type":"ListItem","position":2,"name":"Tous Les Produits","item":"https:\/\/vitablanca.ma\/tous-les-produits\/"},{"@type":"ListItem","position":3,"name":"NUMBUZIN No.5 Glutathione C Facial Spa Cleanser 5+ \u2013 200 ML"}]},{"@type":"WebSite","@id":"https:\/\/vitablanca.ma\/#website","url":"https:\/\/vitablanca.ma\/","name":"VitaBlanca.ma | Food supplements, health &amp; beauty in Morocco","description":"sell premium vitamins and supplements from USA &amp; Canada, New Zealand, Morocco (NOW Foods, Solgar, Manuka). Fast delivery anywhere in Morocco.","publisher":{"@id":"https:\/\/vitablanca.ma\/#organization"},"alternateName":"VitaBlanca.ma","potentialAction":[{"@type":"SearchAction","target":{"@type":"EntryPoint","urlTemplate":"https:\/\/vitablanca.ma\/?s={search_term_string}"},"query-input":{"@type":"PropertyValueSpecification","valueRequired":true,"valueName":"search_term_string"}}],"inLanguage":"en-US"},{"@type":"Organization","@id":"https:\/\/vitablanca.ma\/#organization","name":"VitaBlanca","url":"https:\/\/vitablanca.ma\/","logo":{"@type":"ImageObject","inLanguage":"en-US","@id":"https:\/\/vitablanca.ma\/#\/schema\/logo\/image\/","url":"https:\/\/vitablanca.ma\/wp-content\/uploads\/2025\/05\/cropped-vitablanca.png","contentUrl":"https:\/\/vitablanca.ma\/wp-content\/uploads\/2025\/05\/cropped-vitablanca.png","width":360,"height":67,"caption":"VitaBlanca"},"image":{"@id":"https:\/\/vitablanca.ma\/#\/schema\/logo\/image\/"},"sameAs":["https:\/\/www.facebook.com\/profile.php?id=61576678196717","https:\/\/www.tiktok.com\/@vitablanca.ma","https:\/\/www.instagram.com\/vitablanca.ma\/"]}]}},"jetpack_sharing_enabled":true,"_links":{"self":[{"href":"https:\/\/vitablanca.ma\/en\/wp-json\/wp\/v2\/product\/33202","targetHints":{"allow":["GET"]}}],"collection":[{"href":"https:\/\/vitablanca.ma\/en\/wp-json\/wp\/v2\/product"}],"about":[{"href":"https:\/\/vitablanca.ma\/en\/wp-json\/wp\/v2\/types\/product"}],"wp:featuredmedia":[{"embeddable":true,"href":"https:\/\/vitablanca.ma\/en\/wp-json\/wp\/v2\/media\/33197"}],"wp:attachment":[{"href":"https:\/\/vitablanca.ma\/en\/wp-json\/wp\/v2\/media?parent=33202"}],"wp:term":[{"taxonomy":"product_brand","embeddable":true,"href":"https:\/\/vitablanca.ma\/en\/wp-json\/wp\/v2\/product_brand?post=33202"},{"taxonomy":"product_cat","embeddable":true,"href":"https:\/\/vitablanca.ma\/en\/wp-json\/wp\/v2\/product_cat?post=33202"},{"taxonomy":"product_tag","embeddable":true,"href":"https:\/\/vitablanca.ma\/en\/wp-json\/wp\/v2\/product_tag?post=33202"}],"curies":[{"name":"wp","href":"https:\/\/api.w.org\/{rel}","templated":true}]}}