{"id":33196,"date":"2026-03-04T03:17:42","date_gmt":"2026-03-04T03:17:42","guid":{"rendered":"https:\/\/vitablanca.ma\/produit\/numbuzin-5-vitamin-concentrated-serum-vitamin-c-30-ml\/"},"modified":"2026-03-11T01:16:02","modified_gmt":"2026-03-11T01:16:02","slug":"numbuzin-5-vitamin-concentrated-serum-vitamin-c-30-ml","status":"publish","type":"product","link":"https:\/\/vitablanca.ma\/en\/product\/numbuzin-5-vitamin-concentrated-serum-vitamin-c-30-ml\/","title":{"rendered":"NUMBUZIN 5+ Vitamin Concentrated Serum VITAMIN C &#8211; 30 ml"},"content":{"rendered":"<p class=\"MsoNormal\"><span style=\"font-family: 'Arial','sans-serif'; color: #262626;\">Ce s\u00e9rum gorg\u00e9 de vitamines antioxydants qui aide \u00e0 restaurer l\u2019\u00e9clat naturel de la peau. <\/span><\/p>\n<p class=\"MsoNormal\"><span style=\"font-family: 'Arial','sans-serif'; color: #262626;\">Sa formule \u00e9claircissante \u00e0 base de glutathion, de niacinamide et d\u2019alpha-arbutine offre un v\u00e9ritable coup d\u2019\u00e9clat. <\/span><\/p>\n<p class=\"MsoNormal\"><span style=\"font-family: 'Arial','sans-serif'; color: #262626;\">Les extraits v\u00e9g\u00e9taux de canne \u00e0 sucre, de racine de curcuma et de champignon minimisent l\u2019irritation.<\/span><\/p>\n<p class=\"MsoNormal\"><b><span style=\"font-family: 'Arial','sans-serif'; color: #262626;\">HOW TO USE<\/span><\/b><\/p>\n<p class=\"MsoNormal\"><span style=\"font-family: 'Arial','sans-serif'; color: #262626;\">Apr\u00e8s le nettoyage et la tonification, pr\u00e9levez 3 \u00e0 5 gouttes de s\u00e9rum et \u00e9talez-les d\u00e9licatement sur l\u2019ensemble du visage.<\/span><\/p>","protected":false},"excerpt":{"rendered":"<p>Ce s\u00e9rum gorg\u00e9 de vitamines antioxydants qui aide \u00e0 restaurer l\u2019\u00e9clat naturel de la peau. Sa formule \u00e9claircissante \u00e0 base de glutathion, de niacinamide et d\u2019alpha-arbutine offre un v\u00e9ritable coup d\u2019\u00e9clat. Les extraits v\u00e9g\u00e9taux de canne \u00e0 sucre, de racine de curcuma et de champignon minimisent l\u2019irritation. COMMENT UTILISER Apr\u00e8s le nettoyage et la tonification, [&hellip;]<\/p>\n","protected":false},"featured_media":33193,"template":"","meta":{"om_disable_all_campaigns":false},"product_brand":[],"product_cat":[18,15],"product_tag":[6188,11836,6405,6404,11833,7452,6186,11828,6722,470],"class_list":{"0":"post-33196","1":"product","2":"type-product","3":"status-publish","4":"has-post-thumbnail","6":"product_cat-beaute-sante","7":"product_cat-beaute-sante-complements-alimentaires-soins-et-bien-etre-au-meilleur-prix","8":"product_tag-anti-taches","9":"product_tag-beauty-care","10":"product_tag-eclat-peau","11":"product_tag-hydratation-visage","12":"product_tag-numbuzin","13":"product_tag-serum-concentre","14":"product_tag-serum-visage","15":"product_tag-skincare","16":"product_tag-soin-peau","17":"product_tag-vitamine-c","19":"first","20":"instock","21":"taxable","22":"shipping-taxable","23":"purchasable","24":"product-type-simple"},"yoast_head":"<!-- This site is optimized with the Yoast SEO plugin v27.5 - https:\/\/yoast.com\/product\/yoast-seo-wordpress\/ -->\n<title>NUMBUZIN 5+ Vitamin Concentrated Serum - Maroc Prix<\/title>\n<meta name=\"description\" content=\"S\u00e9rum concentr\u00e9 Numbuzin 5+ \u00e0 la vitamine C 30ml pour illuminer le teint, r\u00e9duire les taches et prot\u00e9ger la peau des signes de fatigue.\" \/>\n<meta name=\"robots\" content=\"index, follow, max-snippet:-1, max-image-preview:large, max-video-preview:-1\" \/>\n<link rel=\"canonical\" href=\"https:\/\/vitablanca.ma\/en\/product\/numbuzin-5-vitamin-concentrated-serum-vitamin-c-30-ml\/\" \/>\n<meta property=\"og:locale\" content=\"en_US\" \/>\n<meta property=\"og:type\" content=\"article\" \/>\n<meta property=\"og:title\" content=\"NUMBUZIN 5+ Vitamin Concentrated Serum - Maroc Prix\" \/>\n<meta property=\"og:description\" content=\"S\u00e9rum concentr\u00e9 Numbuzin 5+ \u00e0 la vitamine C 30ml pour illuminer le teint, r\u00e9duire les taches et prot\u00e9ger la peau des signes de fatigue.\" \/>\n<meta property=\"og:url\" content=\"https:\/\/vitablanca.ma\/en\/product\/numbuzin-5-vitamin-concentrated-serum-vitamin-c-30-ml\/\" \/>\n<meta property=\"og:site_name\" content=\"Vitablanca.ma &ndash; Sant&eacute;, vitalit&eacute; et bien-&ecirc;tre pour tous les Marocains\" \/>\n<meta property=\"article:publisher\" content=\"https:\/\/www.facebook.com\/profile.php?id=61576678196717\" \/>\n<meta property=\"article:modified_time\" content=\"2026-03-11T01:16:02+00:00\" \/>\n<meta property=\"og:image\" content=\"https:\/\/vitablanca.ma\/wp-content\/uploads\/2026\/03\/NUMBUZIN5_VitaminConcentratedSerumVITAMINC-30ml2.jpg\" \/>\n\t<meta property=\"og:image:width\" content=\"1080\" \/>\n\t<meta property=\"og:image:height\" content=\"1080\" \/>\n\t<meta property=\"og:image:type\" content=\"image\/jpeg\" \/>\n<meta name=\"twitter:card\" content=\"summary_large_image\" \/>\n<meta name=\"twitter:label1\" content=\"Est. reading time\" \/>\n\t<meta name=\"twitter:data1\" content=\"1 minute\" \/>\n<script type=\"application\/ld+json\" class=\"yoast-schema-graph\">{\"@context\":\"https:\\\/\\\/schema.org\",\"@graph\":[{\"@type\":[\"WebPage\",\"ItemPage\"],\"@id\":\"https:\\\/\\\/vitablanca.ma\\\/produit\\\/numbuzin-5-vitamin-concentrated-serum-vitamin-c-30-ml\\\/\",\"url\":\"https:\\\/\\\/vitablanca.ma\\\/produit\\\/numbuzin-5-vitamin-concentrated-serum-vitamin-c-30-ml\\\/\",\"name\":\"NUMBUZIN 5+ Vitamin Concentrated Serum - Maroc Prix\",\"isPartOf\":{\"@id\":\"https:\\\/\\\/vitablanca.ma\\\/#website\"},\"primaryImageOfPage\":{\"@id\":\"https:\\\/\\\/vitablanca.ma\\\/produit\\\/numbuzin-5-vitamin-concentrated-serum-vitamin-c-30-ml\\\/#primaryimage\"},\"image\":{\"@id\":\"https:\\\/\\\/vitablanca.ma\\\/produit\\\/numbuzin-5-vitamin-concentrated-serum-vitamin-c-30-ml\\\/#primaryimage\"},\"thumbnailUrl\":\"https:\\\/\\\/vitablanca.ma\\\/wp-content\\\/uploads\\\/2026\\\/03\\\/NUMBUZIN5_VitaminConcentratedSerumVITAMINC-30ml2.jpg\",\"datePublished\":\"2026-03-04T03:17:42+00:00\",\"dateModified\":\"2026-03-11T01:16:02+00:00\",\"description\":\"S\u00e9rum concentr\u00e9 Numbuzin 5+ \u00e0 la vitamine C 30ml pour illuminer le teint, r\u00e9duire les taches et prot\u00e9ger la peau des signes de fatigue.\",\"breadcrumb\":{\"@id\":\"https:\\\/\\\/vitablanca.ma\\\/produit\\\/numbuzin-5-vitamin-concentrated-serum-vitamin-c-30-ml\\\/#breadcrumb\"},\"inLanguage\":\"en-US\",\"potentialAction\":[{\"@type\":\"ReadAction\",\"target\":[\"https:\\\/\\\/vitablanca.ma\\\/produit\\\/numbuzin-5-vitamin-concentrated-serum-vitamin-c-30-ml\\\/\"]}]},{\"@type\":\"ImageObject\",\"inLanguage\":\"en-US\",\"@id\":\"https:\\\/\\\/vitablanca.ma\\\/produit\\\/numbuzin-5-vitamin-concentrated-serum-vitamin-c-30-ml\\\/#primaryimage\",\"url\":\"https:\\\/\\\/vitablanca.ma\\\/wp-content\\\/uploads\\\/2026\\\/03\\\/NUMBUZIN5_VitaminConcentratedSerumVITAMINC-30ml2.jpg\",\"contentUrl\":\"https:\\\/\\\/vitablanca.ma\\\/wp-content\\\/uploads\\\/2026\\\/03\\\/NUMBUZIN5_VitaminConcentratedSerumVITAMINC-30ml2.jpg\",\"width\":1080,\"height\":1080},{\"@type\":\"BreadcrumbList\",\"@id\":\"https:\\\/\\\/vitablanca.ma\\\/produit\\\/numbuzin-5-vitamin-concentrated-serum-vitamin-c-30-ml\\\/#breadcrumb\",\"itemListElement\":[{\"@type\":\"ListItem\",\"position\":1,\"name\":\"Home\",\"item\":\"https:\\\/\\\/vitablanca.ma\\\/\"},{\"@type\":\"ListItem\",\"position\":2,\"name\":\"Tous Les Produits\",\"item\":\"https:\\\/\\\/vitablanca.ma\\\/tous-les-produits\\\/\"},{\"@type\":\"ListItem\",\"position\":3,\"name\":\"NUMBUZIN 5+ Vitamin Concentrated Serum VITAMIN C &#8211; 30 ml\"}]},{\"@type\":\"WebSite\",\"@id\":\"https:\\\/\\\/vitablanca.ma\\\/#website\",\"url\":\"https:\\\/\\\/vitablanca.ma\\\/\",\"name\":\"VitaBlanca.ma | Compl\u00e9ments alimentaires, sant\u00e9 & beaut\u00e9 au Maroc\",\"description\":\"vendre vitamines et compl\u00e9ments premium des USA &amp; Canada, Nouvelle Z\u00e9lande,Maroc (NOW Foods, Solgar, Manuka). Livraison rapide partout au Maroc.\",\"publisher\":{\"@id\":\"https:\\\/\\\/vitablanca.ma\\\/#organization\"},\"alternateName\":\"VitaBlanca.ma\",\"potentialAction\":[{\"@type\":\"SearchAction\",\"target\":{\"@type\":\"EntryPoint\",\"urlTemplate\":\"https:\\\/\\\/vitablanca.ma\\\/?s={search_term_string}\"},\"query-input\":{\"@type\":\"PropertyValueSpecification\",\"valueRequired\":true,\"valueName\":\"search_term_string\"}}],\"inLanguage\":\"en-US\"},{\"@type\":\"Organization\",\"@id\":\"https:\\\/\\\/vitablanca.ma\\\/#organization\",\"name\":\"VitaBlanca\",\"url\":\"https:\\\/\\\/vitablanca.ma\\\/\",\"logo\":{\"@type\":\"ImageObject\",\"inLanguage\":\"en-US\",\"@id\":\"https:\\\/\\\/vitablanca.ma\\\/#\\\/schema\\\/logo\\\/image\\\/\",\"url\":\"https:\\\/\\\/vitablanca.ma\\\/wp-content\\\/uploads\\\/2025\\\/05\\\/cropped-vitablanca.png\",\"contentUrl\":\"https:\\\/\\\/vitablanca.ma\\\/wp-content\\\/uploads\\\/2025\\\/05\\\/cropped-vitablanca.png\",\"width\":360,\"height\":67,\"caption\":\"VitaBlanca\"},\"image\":{\"@id\":\"https:\\\/\\\/vitablanca.ma\\\/#\\\/schema\\\/logo\\\/image\\\/\"},\"sameAs\":[\"https:\\\/\\\/www.facebook.com\\\/profile.php?id=61576678196717\",\"https:\\\/\\\/www.tiktok.com\\\/@vitablanca.ma\",\"https:\\\/\\\/www.instagram.com\\\/vitablanca.ma\\\/\"]}]}<\/script>\n<!-- \/ Yoast SEO plugin. -->","yoast_head_json":{"title":"NUMBUZIN 5+ Vitamin Concentrated Serum - Maroc Prix","description":"S\u00e9rum concentr\u00e9 Numbuzin 5+ \u00e0 la vitamine C 30ml pour illuminer le teint, r\u00e9duire les taches et prot\u00e9ger la peau des signes de fatigue.","robots":{"index":"index","follow":"follow","max-snippet":"max-snippet:-1","max-image-preview":"max-image-preview:large","max-video-preview":"max-video-preview:-1"},"canonical":"https:\/\/vitablanca.ma\/en\/product\/numbuzin-5-vitamin-concentrated-serum-vitamin-c-30-ml\/","og_locale":"en_US","og_type":"article","og_title":"NUMBUZIN 5+ Vitamin Concentrated Serum - Maroc Prix","og_description":"S\u00e9rum concentr\u00e9 Numbuzin 5+ \u00e0 la vitamine C 30ml pour illuminer le teint, r\u00e9duire les taches et prot\u00e9ger la peau des signes de fatigue.","og_url":"https:\/\/vitablanca.ma\/en\/product\/numbuzin-5-vitamin-concentrated-serum-vitamin-c-30-ml\/","og_site_name":"Vitablanca.ma &ndash; Sant&eacute;, vitalit&eacute; et bien-&ecirc;tre pour tous les Marocains","article_publisher":"https:\/\/www.facebook.com\/profile.php?id=61576678196717","article_modified_time":"2026-03-11T01:16:02+00:00","og_image":[{"width":1080,"height":1080,"url":"https:\/\/vitablanca.ma\/wp-content\/uploads\/2026\/03\/NUMBUZIN5_VitaminConcentratedSerumVITAMINC-30ml2.jpg","type":"image\/jpeg"}],"twitter_card":"summary_large_image","twitter_misc":{"Est. reading time":"1 minute"},"schema":{"@context":"https:\/\/schema.org","@graph":[{"@type":["WebPage","ItemPage"],"@id":"https:\/\/vitablanca.ma\/produit\/numbuzin-5-vitamin-concentrated-serum-vitamin-c-30-ml\/","url":"https:\/\/vitablanca.ma\/produit\/numbuzin-5-vitamin-concentrated-serum-vitamin-c-30-ml\/","name":"NUMBUZIN 5+ Vitamin Concentrated Serum - Maroc Prix","isPartOf":{"@id":"https:\/\/vitablanca.ma\/#website"},"primaryImageOfPage":{"@id":"https:\/\/vitablanca.ma\/produit\/numbuzin-5-vitamin-concentrated-serum-vitamin-c-30-ml\/#primaryimage"},"image":{"@id":"https:\/\/vitablanca.ma\/produit\/numbuzin-5-vitamin-concentrated-serum-vitamin-c-30-ml\/#primaryimage"},"thumbnailUrl":"https:\/\/vitablanca.ma\/wp-content\/uploads\/2026\/03\/NUMBUZIN5_VitaminConcentratedSerumVITAMINC-30ml2.jpg","datePublished":"2026-03-04T03:17:42+00:00","dateModified":"2026-03-11T01:16:02+00:00","description":"S\u00e9rum concentr\u00e9 Numbuzin 5+ \u00e0 la vitamine C 30ml pour illuminer le teint, r\u00e9duire les taches et prot\u00e9ger la peau des signes de fatigue.","breadcrumb":{"@id":"https:\/\/vitablanca.ma\/produit\/numbuzin-5-vitamin-concentrated-serum-vitamin-c-30-ml\/#breadcrumb"},"inLanguage":"en-US","potentialAction":[{"@type":"ReadAction","target":["https:\/\/vitablanca.ma\/produit\/numbuzin-5-vitamin-concentrated-serum-vitamin-c-30-ml\/"]}]},{"@type":"ImageObject","inLanguage":"en-US","@id":"https:\/\/vitablanca.ma\/produit\/numbuzin-5-vitamin-concentrated-serum-vitamin-c-30-ml\/#primaryimage","url":"https:\/\/vitablanca.ma\/wp-content\/uploads\/2026\/03\/NUMBUZIN5_VitaminConcentratedSerumVITAMINC-30ml2.jpg","contentUrl":"https:\/\/vitablanca.ma\/wp-content\/uploads\/2026\/03\/NUMBUZIN5_VitaminConcentratedSerumVITAMINC-30ml2.jpg","width":1080,"height":1080},{"@type":"BreadcrumbList","@id":"https:\/\/vitablanca.ma\/produit\/numbuzin-5-vitamin-concentrated-serum-vitamin-c-30-ml\/#breadcrumb","itemListElement":[{"@type":"ListItem","position":1,"name":"Home","item":"https:\/\/vitablanca.ma\/"},{"@type":"ListItem","position":2,"name":"Tous Les Produits","item":"https:\/\/vitablanca.ma\/tous-les-produits\/"},{"@type":"ListItem","position":3,"name":"NUMBUZIN 5+ Vitamin Concentrated Serum VITAMIN C &#8211; 30 ml"}]},{"@type":"WebSite","@id":"https:\/\/vitablanca.ma\/#website","url":"https:\/\/vitablanca.ma\/","name":"VitaBlanca.ma | Food supplements, health &amp; beauty in Morocco","description":"sell premium vitamins and supplements from USA &amp; Canada, New Zealand, Morocco (NOW Foods, Solgar, Manuka). Fast delivery anywhere in Morocco.","publisher":{"@id":"https:\/\/vitablanca.ma\/#organization"},"alternateName":"VitaBlanca.ma","potentialAction":[{"@type":"SearchAction","target":{"@type":"EntryPoint","urlTemplate":"https:\/\/vitablanca.ma\/?s={search_term_string}"},"query-input":{"@type":"PropertyValueSpecification","valueRequired":true,"valueName":"search_term_string"}}],"inLanguage":"en-US"},{"@type":"Organization","@id":"https:\/\/vitablanca.ma\/#organization","name":"VitaBlanca","url":"https:\/\/vitablanca.ma\/","logo":{"@type":"ImageObject","inLanguage":"en-US","@id":"https:\/\/vitablanca.ma\/#\/schema\/logo\/image\/","url":"https:\/\/vitablanca.ma\/wp-content\/uploads\/2025\/05\/cropped-vitablanca.png","contentUrl":"https:\/\/vitablanca.ma\/wp-content\/uploads\/2025\/05\/cropped-vitablanca.png","width":360,"height":67,"caption":"VitaBlanca"},"image":{"@id":"https:\/\/vitablanca.ma\/#\/schema\/logo\/image\/"},"sameAs":["https:\/\/www.facebook.com\/profile.php?id=61576678196717","https:\/\/www.tiktok.com\/@vitablanca.ma","https:\/\/www.instagram.com\/vitablanca.ma\/"]}]}},"jetpack_sharing_enabled":true,"_links":{"self":[{"href":"https:\/\/vitablanca.ma\/en\/wp-json\/wp\/v2\/product\/33196","targetHints":{"allow":["GET"]}}],"collection":[{"href":"https:\/\/vitablanca.ma\/en\/wp-json\/wp\/v2\/product"}],"about":[{"href":"https:\/\/vitablanca.ma\/en\/wp-json\/wp\/v2\/types\/product"}],"wp:featuredmedia":[{"embeddable":true,"href":"https:\/\/vitablanca.ma\/en\/wp-json\/wp\/v2\/media\/33193"}],"wp:attachment":[{"href":"https:\/\/vitablanca.ma\/en\/wp-json\/wp\/v2\/media?parent=33196"}],"wp:term":[{"taxonomy":"product_brand","embeddable":true,"href":"https:\/\/vitablanca.ma\/en\/wp-json\/wp\/v2\/product_brand?post=33196"},{"taxonomy":"product_cat","embeddable":true,"href":"https:\/\/vitablanca.ma\/en\/wp-json\/wp\/v2\/product_cat?post=33196"},{"taxonomy":"product_tag","embeddable":true,"href":"https:\/\/vitablanca.ma\/en\/wp-json\/wp\/v2\/product_tag?post=33196"}],"curies":[{"name":"wp","href":"https:\/\/api.w.org\/{rel}","templated":true}]}}