{"id":33141,"date":"2026-03-04T03:02:36","date_gmt":"2026-03-04T03:02:36","guid":{"rendered":"https:\/\/vitablanca.ma\/produit\/st-dalfour-secret-underarms-whitening-cream-50ml\/"},"modified":"2026-03-06T03:38:45","modified_gmt":"2026-03-06T03:38:45","slug":"st-dalfour-secret-underarms-whitening-cream-50ml","status":"publish","type":"product","link":"https:\/\/vitablanca.ma\/en\/product\/st-dalfour-secret-underarms-whitening-cream-50ml\/","title":{"rendered":"ST. DALFOUR &#8211; Secret Underarms Whitening Cream &#8211; 50ml"},"content":{"rendered":"<p style=\"line-height: normal\" class=\"MsoNormal\"><span style=\"font-family: 'Arial','sans-serif';color: #262626\">Discover the\u00a0<b>Cr\u00e8me \u00c9claircissante pour Aisselles Secret<\/b>\u00a0of\u00a0<b>ST. DALFOUR<\/b>, une formule naturelle con\u00e7ue pour \u00e9claircir et adoucir la peau des aisselles. Cette cr\u00e8me, riche en ingr\u00e9dients naturels, aide \u00e0 r\u00e9duire les taches sombres et uniformise le teint de vos aisselles. Gr\u00e2ce \u00e0 son action hydratante, vos aisselles deviennent plus douces et lisses, vous permettant de montrer vos bras en toute confiance.<\/span><\/p>\n<p style=\"line-height: normal\" class=\"MsoNormal\"><b><span style=\"font-family: 'Arial','sans-serif';color: #262626\">Instructions for use:<\/span><\/b><\/p>\n<ol type=\"1\" start=\"1\">\n<li style=\"color: black;line-height: normal\" class=\"MsoNormal\">\n<b><span style=\"font-family: 'Arial','sans-serif';color: #262626\"><span style=\"color: windowtext\">Nettoyer vos aisselles<\/span><\/span><\/b><span style=\"font-family: 'Arial','sans-serif';color: #262626\"><span style=\"color: windowtext\">\u00a0: Commencez avec des aisselles propres et s\u00e8ches. Utilisez un savon doux ou un nettoyant d\u00e9licat pour enlever la salet\u00e9 et la sueur.<\/span><\/span>\n<\/li>\n<li style=\"color: black;line-height: normal\" class=\"MsoNormal\">\n<b><span style=\"font-family: 'Arial','sans-serif';color: #262626\"><span style=\"color: windowtext\">Appliquer une fine couche<\/span><\/span><\/b><span style=\"font-family: 'Arial','sans-serif';color: #262626\"><span style=\"color: windowtext\">\u00a0: D\u00e9posez une petite quantit\u00e9 de\u00a0<b>Cr\u00e8me \u00c9claircissante pour Aisselles ST. DALFOUR<\/b>\u00a0sur le bout de vos doigts et appliquez-la en couche fine sur vos aisselles.<\/span><\/span>\n<\/li>\n<li style=\"color: black;line-height: normal\" class=\"MsoNormal\">\n<b><span style=\"font-family: 'Arial','sans-serif';color: #262626\"><span style=\"color: windowtext\">Massage gently<\/span><\/span><\/b><span style=\"font-family: 'Arial','sans-serif';color: #262626\"><span style=\"color: windowtext\">\u00a0: Massez doucement la cr\u00e8me dans la peau avec des mouvements circulaires pour une absorption optimale.<\/span><\/span>\n<\/li>\n<li style=\"color: black;line-height: normal\" class=\"MsoNormal\">\n<b><span style=\"font-family: 'Arial','sans-serif';color: #262626\"><span style=\"color: windowtext\">Laisser absorber<\/span><\/span><\/b><span style=\"font-family: 'Arial','sans-serif';color: #262626\"><span style=\"color: windowtext\">\u00a0: Laissez la cr\u00e8me p\u00e9n\u00e9trer compl\u00e8tement avant de vous habiller.<\/span><\/span>\n<\/li>\n<li style=\"color: black;line-height: normal\" class=\"MsoNormal\">\n<b><span style=\"font-family: 'Arial','sans-serif';color: #262626\"><span style=\"color: windowtext\">Utilisation quotidienne<\/span><\/span><\/b><span style=\"font-family: 'Arial','sans-serif';color: #262626\"><span style=\"color: windowtext\">\u00a0: Pour des r\u00e9sultats optimaux, appliquez deux fois par jour, matin et soir.<\/span><\/span>\n<\/li>\n<li style=\"color: black;line-height: normal\" class=\"MsoNormal\">\n<b><span style=\"font-family: 'Arial','sans-serif';color: #262626\"><span style=\"color: windowtext\">Precautions<\/span><\/span><\/b><span style=\"font-family: 'Arial','sans-serif';color: #262626\"><span style=\"color: windowtext\">\u00a0: \u00c9vitez tout contact avec les yeux et les muqueuses. En cas d&rsquo;irritation, arr\u00eatez l&rsquo;utilisation imm\u00e9diatement et consultez un dermatologue si n\u00e9cessaire.<\/span><\/span>\n<\/li>\n<\/ol>\n<p style=\"line-height: normal\" class=\"MsoNormal\"><span style=\"font-family: 'Arial','sans-serif';color: #262626\">Redonnez \u00e0 vos aisselles leur \u00e9clat naturel avec la\u00a0<b>Cr\u00e8me \u00c9claircissante pour Aisselles Secret de ST. DALFOUR<\/b>. Profitez d&rsquo;une peau plus claire, plus douce et plus uniforme jour apr\u00e8s jour.<\/span><\/p>","protected":false},"excerpt":{"rendered":"<p>D\u00e9couvrez la\u00a0Cr\u00e8me \u00c9claircissante pour Aisselles Secret\u00a0de\u00a0ST. DALFOUR, une formule naturelle con\u00e7ue pour \u00e9claircir et adoucir la peau des aisselles. Cette cr\u00e8me, riche en ingr\u00e9dients naturels, aide \u00e0 r\u00e9duire les taches sombres et uniformise le teint de vos aisselles. Gr\u00e2ce \u00e0 son action hydratante, vos aisselles deviennent plus douces et lisses, vous permettant de montrer vos [&hellip;]<\/p>\n","protected":false},"featured_media":33134,"template":"","meta":{"om_disable_all_campaigns":false},"product_brand":[],"product_cat":[18,15],"product_tag":[],"class_list":{"0":"post-33141","1":"product","2":"type-product","3":"status-publish","4":"has-post-thumbnail","6":"product_cat-beaute-sante","7":"product_cat-beaute-sante-complements-alimentaires-soins-et-bien-etre-au-meilleur-prix","9":"first","10":"instock","11":"taxable","12":"shipping-taxable","13":"purchasable","14":"product-type-simple"},"yoast_head":"<!-- This site is optimized with the Yoast SEO plugin v27.3 - https:\/\/yoast.com\/product\/yoast-seo-wordpress\/ -->\n<title>ST. DALFOUR - Secret Underarms Whitening Cream - 50ml - Maroc Prix<\/title>\n<meta name=\"description\" content=\"ST. DALFOUR - Secret Underarms Whitening Cream - 50ml\" \/>\n<meta name=\"robots\" content=\"index, follow, max-snippet:-1, max-image-preview:large, max-video-preview:-1\" \/>\n<link rel=\"canonical\" href=\"https:\/\/vitablanca.ma\/en\/product\/st-dalfour-secret-underarms-whitening-cream-50ml\/\" \/>\n<meta property=\"og:locale\" content=\"en_US\" \/>\n<meta property=\"og:type\" content=\"article\" \/>\n<meta property=\"og:title\" content=\"ST. DALFOUR - Secret Underarms Whitening Cream - 50ml - Maroc Prix\" \/>\n<meta property=\"og:description\" content=\"ST. DALFOUR - Secret Underarms Whitening Cream - 50ml\" \/>\n<meta property=\"og:url\" content=\"https:\/\/vitablanca.ma\/en\/product\/st-dalfour-secret-underarms-whitening-cream-50ml\/\" \/>\n<meta property=\"og:site_name\" content=\"Vitablanca.ma &ndash; Sant&eacute;, vitalit&eacute; et bien-&ecirc;tre pour tous les Marocains\" \/>\n<meta property=\"article:publisher\" content=\"https:\/\/www.facebook.com\/profile.php?id=61576678196717\" \/>\n<meta property=\"article:modified_time\" content=\"2026-03-06T03:38:45+00:00\" \/>\n<meta property=\"og:image\" content=\"https:\/\/vitablanca.ma\/wp-content\/uploads\/2026\/03\/ST._DALFOUR_-_Secret_Underarms_Whitening_Cream_-_50ml_6.jpg\" \/>\n\t<meta property=\"og:image:width\" content=\"1080\" \/>\n\t<meta property=\"og:image:height\" content=\"1080\" \/>\n\t<meta property=\"og:image:type\" content=\"image\/jpeg\" \/>\n<meta name=\"twitter:card\" content=\"summary_large_image\" \/>\n<meta name=\"twitter:label1\" content=\"Est. reading time\" \/>\n\t<meta name=\"twitter:data1\" content=\"1 minute\" \/>\n<script type=\"application\/ld+json\" class=\"yoast-schema-graph\">{\"@context\":\"https:\\\/\\\/schema.org\",\"@graph\":[{\"@type\":[\"WebPage\",\"ItemPage\"],\"@id\":\"https:\\\/\\\/vitablanca.ma\\\/produit\\\/st-dalfour-secret-underarms-whitening-cream-50ml\\\/\",\"url\":\"https:\\\/\\\/vitablanca.ma\\\/produit\\\/st-dalfour-secret-underarms-whitening-cream-50ml\\\/\",\"name\":\"ST. DALFOUR - Secret Underarms Whitening Cream - 50ml - Maroc Prix\",\"isPartOf\":{\"@id\":\"https:\\\/\\\/vitablanca.ma\\\/#website\"},\"primaryImageOfPage\":{\"@id\":\"https:\\\/\\\/vitablanca.ma\\\/produit\\\/st-dalfour-secret-underarms-whitening-cream-50ml\\\/#primaryimage\"},\"image\":{\"@id\":\"https:\\\/\\\/vitablanca.ma\\\/produit\\\/st-dalfour-secret-underarms-whitening-cream-50ml\\\/#primaryimage\"},\"thumbnailUrl\":\"https:\\\/\\\/vitablanca.ma\\\/wp-content\\\/uploads\\\/2026\\\/03\\\/ST._DALFOUR_-_Secret_Underarms_Whitening_Cream_-_50ml_6.jpg\",\"datePublished\":\"2026-03-04T03:02:36+00:00\",\"dateModified\":\"2026-03-06T03:38:45+00:00\",\"description\":\"ST. DALFOUR - Secret Underarms Whitening Cream - 50ml\",\"breadcrumb\":{\"@id\":\"https:\\\/\\\/vitablanca.ma\\\/produit\\\/st-dalfour-secret-underarms-whitening-cream-50ml\\\/#breadcrumb\"},\"inLanguage\":\"en-US\",\"potentialAction\":[{\"@type\":\"ReadAction\",\"target\":[\"https:\\\/\\\/vitablanca.ma\\\/produit\\\/st-dalfour-secret-underarms-whitening-cream-50ml\\\/\"]}]},{\"@type\":\"ImageObject\",\"inLanguage\":\"en-US\",\"@id\":\"https:\\\/\\\/vitablanca.ma\\\/produit\\\/st-dalfour-secret-underarms-whitening-cream-50ml\\\/#primaryimage\",\"url\":\"https:\\\/\\\/vitablanca.ma\\\/wp-content\\\/uploads\\\/2026\\\/03\\\/ST._DALFOUR_-_Secret_Underarms_Whitening_Cream_-_50ml_6.jpg\",\"contentUrl\":\"https:\\\/\\\/vitablanca.ma\\\/wp-content\\\/uploads\\\/2026\\\/03\\\/ST._DALFOUR_-_Secret_Underarms_Whitening_Cream_-_50ml_6.jpg\",\"width\":1080,\"height\":1080},{\"@type\":\"BreadcrumbList\",\"@id\":\"https:\\\/\\\/vitablanca.ma\\\/produit\\\/st-dalfour-secret-underarms-whitening-cream-50ml\\\/#breadcrumb\",\"itemListElement\":[{\"@type\":\"ListItem\",\"position\":1,\"name\":\"Home\",\"item\":\"https:\\\/\\\/vitablanca.ma\\\/\"},{\"@type\":\"ListItem\",\"position\":2,\"name\":\"Tous Les Produits\",\"item\":\"https:\\\/\\\/vitablanca.ma\\\/tous-les-produits\\\/\"},{\"@type\":\"ListItem\",\"position\":3,\"name\":\"ST. DALFOUR &#8211; Secret Underarms Whitening Cream &#8211; 50ml\"}]},{\"@type\":\"WebSite\",\"@id\":\"https:\\\/\\\/vitablanca.ma\\\/#website\",\"url\":\"https:\\\/\\\/vitablanca.ma\\\/\",\"name\":\"VitaBlanca.ma | Compl\u00e9ments alimentaires, sant\u00e9 & beaut\u00e9 au Maroc\",\"description\":\"vendre vitamines et compl\u00e9ments premium des USA &amp; Canada, Nouvelle Z\u00e9lande,Maroc (NOW Foods, Solgar, Manuka). Livraison rapide partout au Maroc.\",\"publisher\":{\"@id\":\"https:\\\/\\\/vitablanca.ma\\\/#organization\"},\"alternateName\":\"VitaBlanca.ma\",\"potentialAction\":[{\"@type\":\"SearchAction\",\"target\":{\"@type\":\"EntryPoint\",\"urlTemplate\":\"https:\\\/\\\/vitablanca.ma\\\/?s={search_term_string}\"},\"query-input\":{\"@type\":\"PropertyValueSpecification\",\"valueRequired\":true,\"valueName\":\"search_term_string\"}}],\"inLanguage\":\"en-US\"},{\"@type\":\"Organization\",\"@id\":\"https:\\\/\\\/vitablanca.ma\\\/#organization\",\"name\":\"VitaBlanca\",\"url\":\"https:\\\/\\\/vitablanca.ma\\\/\",\"logo\":{\"@type\":\"ImageObject\",\"inLanguage\":\"en-US\",\"@id\":\"https:\\\/\\\/vitablanca.ma\\\/#\\\/schema\\\/logo\\\/image\\\/\",\"url\":\"https:\\\/\\\/vitablanca.ma\\\/wp-content\\\/uploads\\\/2025\\\/05\\\/cropped-vitablanca.png\",\"contentUrl\":\"https:\\\/\\\/vitablanca.ma\\\/wp-content\\\/uploads\\\/2025\\\/05\\\/cropped-vitablanca.png\",\"width\":360,\"height\":67,\"caption\":\"VitaBlanca\"},\"image\":{\"@id\":\"https:\\\/\\\/vitablanca.ma\\\/#\\\/schema\\\/logo\\\/image\\\/\"},\"sameAs\":[\"https:\\\/\\\/www.facebook.com\\\/profile.php?id=61576678196717\",\"https:\\\/\\\/www.tiktok.com\\\/@vitablanca.ma\",\"https:\\\/\\\/www.instagram.com\\\/vitablanca.ma\\\/\"]}]}<\/script>\n<!-- \/ Yoast SEO plugin. -->","yoast_head_json":{"title":"ST. DALFOUR - Secret Underarms Whitening Cream - 50ml - Maroc Prix","description":"ST. DALFOUR - Secret Underarms Whitening Cream - 50ml","robots":{"index":"index","follow":"follow","max-snippet":"max-snippet:-1","max-image-preview":"max-image-preview:large","max-video-preview":"max-video-preview:-1"},"canonical":"https:\/\/vitablanca.ma\/en\/product\/st-dalfour-secret-underarms-whitening-cream-50ml\/","og_locale":"en_US","og_type":"article","og_title":"ST. DALFOUR - Secret Underarms Whitening Cream - 50ml - Maroc Prix","og_description":"ST. DALFOUR - Secret Underarms Whitening Cream - 50ml","og_url":"https:\/\/vitablanca.ma\/en\/product\/st-dalfour-secret-underarms-whitening-cream-50ml\/","og_site_name":"Vitablanca.ma &ndash; Sant&eacute;, vitalit&eacute; et bien-&ecirc;tre pour tous les Marocains","article_publisher":"https:\/\/www.facebook.com\/profile.php?id=61576678196717","article_modified_time":"2026-03-06T03:38:45+00:00","og_image":[{"width":1080,"height":1080,"url":"https:\/\/vitablanca.ma\/wp-content\/uploads\/2026\/03\/ST._DALFOUR_-_Secret_Underarms_Whitening_Cream_-_50ml_6.jpg","type":"image\/jpeg"}],"twitter_card":"summary_large_image","twitter_misc":{"Est. reading time":"1 minute"},"schema":{"@context":"https:\/\/schema.org","@graph":[{"@type":["WebPage","ItemPage"],"@id":"https:\/\/vitablanca.ma\/produit\/st-dalfour-secret-underarms-whitening-cream-50ml\/","url":"https:\/\/vitablanca.ma\/produit\/st-dalfour-secret-underarms-whitening-cream-50ml\/","name":"ST. DALFOUR - Secret Underarms Whitening Cream - 50ml - Maroc Prix","isPartOf":{"@id":"https:\/\/vitablanca.ma\/#website"},"primaryImageOfPage":{"@id":"https:\/\/vitablanca.ma\/produit\/st-dalfour-secret-underarms-whitening-cream-50ml\/#primaryimage"},"image":{"@id":"https:\/\/vitablanca.ma\/produit\/st-dalfour-secret-underarms-whitening-cream-50ml\/#primaryimage"},"thumbnailUrl":"https:\/\/vitablanca.ma\/wp-content\/uploads\/2026\/03\/ST._DALFOUR_-_Secret_Underarms_Whitening_Cream_-_50ml_6.jpg","datePublished":"2026-03-04T03:02:36+00:00","dateModified":"2026-03-06T03:38:45+00:00","description":"ST. DALFOUR - Secret Underarms Whitening Cream - 50ml","breadcrumb":{"@id":"https:\/\/vitablanca.ma\/produit\/st-dalfour-secret-underarms-whitening-cream-50ml\/#breadcrumb"},"inLanguage":"en-US","potentialAction":[{"@type":"ReadAction","target":["https:\/\/vitablanca.ma\/produit\/st-dalfour-secret-underarms-whitening-cream-50ml\/"]}]},{"@type":"ImageObject","inLanguage":"en-US","@id":"https:\/\/vitablanca.ma\/produit\/st-dalfour-secret-underarms-whitening-cream-50ml\/#primaryimage","url":"https:\/\/vitablanca.ma\/wp-content\/uploads\/2026\/03\/ST._DALFOUR_-_Secret_Underarms_Whitening_Cream_-_50ml_6.jpg","contentUrl":"https:\/\/vitablanca.ma\/wp-content\/uploads\/2026\/03\/ST._DALFOUR_-_Secret_Underarms_Whitening_Cream_-_50ml_6.jpg","width":1080,"height":1080},{"@type":"BreadcrumbList","@id":"https:\/\/vitablanca.ma\/produit\/st-dalfour-secret-underarms-whitening-cream-50ml\/#breadcrumb","itemListElement":[{"@type":"ListItem","position":1,"name":"Home","item":"https:\/\/vitablanca.ma\/"},{"@type":"ListItem","position":2,"name":"Tous Les Produits","item":"https:\/\/vitablanca.ma\/tous-les-produits\/"},{"@type":"ListItem","position":3,"name":"ST. DALFOUR &#8211; Secret Underarms Whitening Cream &#8211; 50ml"}]},{"@type":"WebSite","@id":"https:\/\/vitablanca.ma\/#website","url":"https:\/\/vitablanca.ma\/","name":"VitaBlanca.ma | Food supplements, health &amp; beauty in Morocco","description":"sell premium vitamins and supplements from USA &amp; Canada, New Zealand, Morocco (NOW Foods, Solgar, Manuka). Fast delivery anywhere in Morocco.","publisher":{"@id":"https:\/\/vitablanca.ma\/#organization"},"alternateName":"VitaBlanca.ma","potentialAction":[{"@type":"SearchAction","target":{"@type":"EntryPoint","urlTemplate":"https:\/\/vitablanca.ma\/?s={search_term_string}"},"query-input":{"@type":"PropertyValueSpecification","valueRequired":true,"valueName":"search_term_string"}}],"inLanguage":"en-US"},{"@type":"Organization","@id":"https:\/\/vitablanca.ma\/#organization","name":"VitaBlanca","url":"https:\/\/vitablanca.ma\/","logo":{"@type":"ImageObject","inLanguage":"en-US","@id":"https:\/\/vitablanca.ma\/#\/schema\/logo\/image\/","url":"https:\/\/vitablanca.ma\/wp-content\/uploads\/2025\/05\/cropped-vitablanca.png","contentUrl":"https:\/\/vitablanca.ma\/wp-content\/uploads\/2025\/05\/cropped-vitablanca.png","width":360,"height":67,"caption":"VitaBlanca"},"image":{"@id":"https:\/\/vitablanca.ma\/#\/schema\/logo\/image\/"},"sameAs":["https:\/\/www.facebook.com\/profile.php?id=61576678196717","https:\/\/www.tiktok.com\/@vitablanca.ma","https:\/\/www.instagram.com\/vitablanca.ma\/"]}]}},"jetpack_sharing_enabled":true,"_links":{"self":[{"href":"https:\/\/vitablanca.ma\/en\/wp-json\/wp\/v2\/product\/33141","targetHints":{"allow":["GET"]}}],"collection":[{"href":"https:\/\/vitablanca.ma\/en\/wp-json\/wp\/v2\/product"}],"about":[{"href":"https:\/\/vitablanca.ma\/en\/wp-json\/wp\/v2\/types\/product"}],"wp:featuredmedia":[{"embeddable":true,"href":"https:\/\/vitablanca.ma\/en\/wp-json\/wp\/v2\/media\/33134"}],"wp:attachment":[{"href":"https:\/\/vitablanca.ma\/en\/wp-json\/wp\/v2\/media?parent=33141"}],"wp:term":[{"taxonomy":"product_brand","embeddable":true,"href":"https:\/\/vitablanca.ma\/en\/wp-json\/wp\/v2\/product_brand?post=33141"},{"taxonomy":"product_cat","embeddable":true,"href":"https:\/\/vitablanca.ma\/en\/wp-json\/wp\/v2\/product_cat?post=33141"},{"taxonomy":"product_tag","embeddable":true,"href":"https:\/\/vitablanca.ma\/en\/wp-json\/wp\/v2\/product_tag?post=33141"}],"curies":[{"name":"wp","href":"https:\/\/api.w.org\/{rel}","templated":true}]}}