{"id":33133,"date":"2026-03-04T03:02:14","date_gmt":"2026-03-04T03:02:14","guid":{"rendered":"https:\/\/vitablanca.ma\/produit\/st-dalfour-beauty-whitening-cream-50g\/"},"modified":"2026-03-06T03:38:45","modified_gmt":"2026-03-06T03:38:45","slug":"st-dalfour-beauty-whitening-cream-50g","status":"publish","type":"product","link":"https:\/\/vitablanca.ma\/en\/product\/st-dalfour-beauty-whitening-cream-50g\/","title":{"rendered":"ST. DALFOUR &#8211; Beauty Whitening Cream &#8211; 50g"},"content":{"rendered":"<p style=\"line-height: normal;background: white\" class=\"MsoNormal\"><span style=\"font-family: 'Arial','sans-serif';color: #262626\">Transformez votre routine beaut\u00e9 avec la\u00a0<b>Cr\u00e8me St. Dalfour<\/b>, un soin complet qui fait bien plus qu\u2019hydrater. Cette cr\u00e8me combat activement les\u00a0<b>wrinkles<\/b>, traite l\u2019<b>hyperpigmentation<\/b>\u00a0and the\u00a0<b>taches de rousseur<\/b>, tout en \u00e9claircissant et unifiant le teint pour une peau radieuse.<\/span><\/p>\n<p style=\"line-height: normal;background: white\" class=\"MsoNormal\"><b><span style=\"font-family: 'Arial','sans-serif';color: #262626\">Les points forts de la cr\u00e8me :<\/span><\/b><span style=\"font-family: 'Arial','sans-serif';color: #262626\"><\/span><\/p>\n<ul>\n<li style=\"line-height: normal;background: white\" class=\"MsoNormal\"><span style=\"font-family: 'Arial','sans-serif';color: #262626\">R\u00e9duit les imperfections depuis leur source.<\/span><\/li>\n<li style=\"line-height: normal;background: white\" class=\"MsoNormal\"><span style=\"font-family: 'Arial','sans-serif';color: #262626\">Pr\u00e9vient et estompe les taches brunes.<\/span><\/li>\n<li style=\"line-height: normal;background: white\" class=\"MsoNormal\"><span style=\"font-family: 'Arial','sans-serif';color: #262626\">Procure un teint lumineux et uniforme.<\/span><\/li>\n<li style=\"line-height: normal;background: white\" class=\"MsoNormal\"><span style=\"font-family: 'Arial','sans-serif';color: #262626\">Formule avanc\u00e9e, l\u00e9g\u00e8re et non grasse.<\/span><\/li>\n<\/ul>\n<p style=\"line-height: normal;background: white\" class=\"MsoNormal\"><b><span style=\"font-family: 'Arial','sans-serif';color: #262626\">Directions for use:<\/span><\/b><span style=\"font-family: 'Arial','sans-serif';color: #262626\"><\/span><\/p>\n<ol>\n<li style=\"line-height: normal;background: white\" class=\"MsoNormal\"><span style=\"font-family: 'Arial','sans-serif';color: #262626\">N\u2019associez pas la cr\u00e8me avec d\u2019autres produits blanchissants.<\/span><\/li>\n<li style=\"line-height: normal;background: white\" class=\"MsoNormal\"><span style=\"font-family: 'Arial','sans-serif';color: #262626\">Limitez votre exposition au soleil et appliquez un \u00e9cran solaire 30 minutes avant toute exposition.<\/span><\/li>\n<li style=\"line-height: normal;background: white\" class=\"MsoNormal\"><span style=\"font-family: 'Arial','sans-serif';color: #262626\">N\u2019utilisez pas la cr\u00e8me pendant plus de 2 mois cons\u00e9cutifs en usage quotidien.<\/span><\/li>\n<\/ol>","protected":false},"excerpt":{"rendered":"<p>Transformez votre routine beaut\u00e9 avec la\u00a0Cr\u00e8me St. Dalfour, un soin complet qui fait bien plus qu\u2019hydrater. Cette cr\u00e8me combat activement les\u00a0rides, traite l\u2019hyperpigmentation\u00a0et les\u00a0taches de rousseur, tout en \u00e9claircissant et unifiant le teint pour une peau radieuse. Les points forts de la cr\u00e8me : R\u00e9duit les imperfections depuis leur source. Pr\u00e9vient et estompe les taches [&hellip;]<\/p>\n","protected":false},"featured_media":33130,"template":"","meta":{"om_disable_all_campaigns":false},"product_brand":[],"product_cat":[18,15],"product_tag":[],"class_list":{"0":"post-33133","1":"product","2":"type-product","3":"status-publish","4":"has-post-thumbnail","6":"product_cat-beaute-sante","7":"product_cat-beaute-sante-complements-alimentaires-soins-et-bien-etre-au-meilleur-prix","9":"first","10":"instock","11":"sale","12":"taxable","13":"shipping-taxable","14":"purchasable","15":"product-type-simple"},"yoast_head":"<!-- This site is optimized with the Yoast SEO plugin v27.3 - https:\/\/yoast.com\/product\/yoast-seo-wordpress\/ -->\n<title>ST. DALFOUR - Beauty Whitening Cream - 50g - Maroc Prix<\/title>\n<meta name=\"description\" content=\"ST. DALFOUR - Beauty Whitening Cream - 50g\" \/>\n<meta name=\"robots\" content=\"index, follow, max-snippet:-1, max-image-preview:large, max-video-preview:-1\" \/>\n<link rel=\"canonical\" href=\"https:\/\/vitablanca.ma\/en\/product\/st-dalfour-beauty-whitening-cream-50g\/\" \/>\n<meta property=\"og:locale\" content=\"en_US\" \/>\n<meta property=\"og:type\" content=\"article\" \/>\n<meta property=\"og:title\" content=\"ST. DALFOUR - Beauty Whitening Cream - 50g - Maroc Prix\" \/>\n<meta property=\"og:description\" content=\"ST. DALFOUR - Beauty Whitening Cream - 50g\" \/>\n<meta property=\"og:url\" content=\"https:\/\/vitablanca.ma\/en\/product\/st-dalfour-beauty-whitening-cream-50g\/\" \/>\n<meta property=\"og:site_name\" content=\"Vitablanca.ma &ndash; Sant&eacute;, vitalit&eacute; et bien-&ecirc;tre pour tous les Marocains\" \/>\n<meta property=\"article:publisher\" content=\"https:\/\/www.facebook.com\/profile.php?id=61576678196717\" \/>\n<meta property=\"article:modified_time\" content=\"2026-03-06T03:38:45+00:00\" \/>\n<meta property=\"og:image\" content=\"https:\/\/vitablanca.ma\/wp-content\/uploads\/2026\/03\/ST._DALFOUR_-_Beauty_Whitening_Cream_-_50g_1.jpg\" \/>\n\t<meta property=\"og:image:width\" content=\"1080\" \/>\n\t<meta property=\"og:image:height\" content=\"1080\" \/>\n\t<meta property=\"og:image:type\" content=\"image\/jpeg\" \/>\n<meta name=\"twitter:card\" content=\"summary_large_image\" \/>\n<meta name=\"twitter:label1\" content=\"Est. reading time\" \/>\n\t<meta name=\"twitter:data1\" content=\"1 minute\" \/>\n<script type=\"application\/ld+json\" class=\"yoast-schema-graph\">{\"@context\":\"https:\\\/\\\/schema.org\",\"@graph\":[{\"@type\":[\"WebPage\",\"ItemPage\"],\"@id\":\"https:\\\/\\\/vitablanca.ma\\\/produit\\\/st-dalfour-beauty-whitening-cream-50g\\\/\",\"url\":\"https:\\\/\\\/vitablanca.ma\\\/produit\\\/st-dalfour-beauty-whitening-cream-50g\\\/\",\"name\":\"ST. DALFOUR - Beauty Whitening Cream - 50g - Maroc Prix\",\"isPartOf\":{\"@id\":\"https:\\\/\\\/vitablanca.ma\\\/#website\"},\"primaryImageOfPage\":{\"@id\":\"https:\\\/\\\/vitablanca.ma\\\/produit\\\/st-dalfour-beauty-whitening-cream-50g\\\/#primaryimage\"},\"image\":{\"@id\":\"https:\\\/\\\/vitablanca.ma\\\/produit\\\/st-dalfour-beauty-whitening-cream-50g\\\/#primaryimage\"},\"thumbnailUrl\":\"https:\\\/\\\/vitablanca.ma\\\/wp-content\\\/uploads\\\/2026\\\/03\\\/ST._DALFOUR_-_Beauty_Whitening_Cream_-_50g_1.jpg\",\"datePublished\":\"2026-03-04T03:02:14+00:00\",\"dateModified\":\"2026-03-06T03:38:45+00:00\",\"description\":\"ST. DALFOUR - Beauty Whitening Cream - 50g\",\"breadcrumb\":{\"@id\":\"https:\\\/\\\/vitablanca.ma\\\/produit\\\/st-dalfour-beauty-whitening-cream-50g\\\/#breadcrumb\"},\"inLanguage\":\"en-US\",\"potentialAction\":[{\"@type\":\"ReadAction\",\"target\":[\"https:\\\/\\\/vitablanca.ma\\\/produit\\\/st-dalfour-beauty-whitening-cream-50g\\\/\"]}]},{\"@type\":\"ImageObject\",\"inLanguage\":\"en-US\",\"@id\":\"https:\\\/\\\/vitablanca.ma\\\/produit\\\/st-dalfour-beauty-whitening-cream-50g\\\/#primaryimage\",\"url\":\"https:\\\/\\\/vitablanca.ma\\\/wp-content\\\/uploads\\\/2026\\\/03\\\/ST._DALFOUR_-_Beauty_Whitening_Cream_-_50g_1.jpg\",\"contentUrl\":\"https:\\\/\\\/vitablanca.ma\\\/wp-content\\\/uploads\\\/2026\\\/03\\\/ST._DALFOUR_-_Beauty_Whitening_Cream_-_50g_1.jpg\",\"width\":1080,\"height\":1080},{\"@type\":\"BreadcrumbList\",\"@id\":\"https:\\\/\\\/vitablanca.ma\\\/produit\\\/st-dalfour-beauty-whitening-cream-50g\\\/#breadcrumb\",\"itemListElement\":[{\"@type\":\"ListItem\",\"position\":1,\"name\":\"Home\",\"item\":\"https:\\\/\\\/vitablanca.ma\\\/\"},{\"@type\":\"ListItem\",\"position\":2,\"name\":\"Tous Les Produits\",\"item\":\"https:\\\/\\\/vitablanca.ma\\\/tous-les-produits\\\/\"},{\"@type\":\"ListItem\",\"position\":3,\"name\":\"ST. DALFOUR &#8211; Beauty Whitening Cream &#8211; 50g\"}]},{\"@type\":\"WebSite\",\"@id\":\"https:\\\/\\\/vitablanca.ma\\\/#website\",\"url\":\"https:\\\/\\\/vitablanca.ma\\\/\",\"name\":\"VitaBlanca.ma | Compl\u00e9ments alimentaires, sant\u00e9 & beaut\u00e9 au Maroc\",\"description\":\"vendre vitamines et compl\u00e9ments premium des USA &amp; Canada, Nouvelle Z\u00e9lande,Maroc (NOW Foods, Solgar, Manuka). Livraison rapide partout au Maroc.\",\"publisher\":{\"@id\":\"https:\\\/\\\/vitablanca.ma\\\/#organization\"},\"alternateName\":\"VitaBlanca.ma\",\"potentialAction\":[{\"@type\":\"SearchAction\",\"target\":{\"@type\":\"EntryPoint\",\"urlTemplate\":\"https:\\\/\\\/vitablanca.ma\\\/?s={search_term_string}\"},\"query-input\":{\"@type\":\"PropertyValueSpecification\",\"valueRequired\":true,\"valueName\":\"search_term_string\"}}],\"inLanguage\":\"en-US\"},{\"@type\":\"Organization\",\"@id\":\"https:\\\/\\\/vitablanca.ma\\\/#organization\",\"name\":\"VitaBlanca\",\"url\":\"https:\\\/\\\/vitablanca.ma\\\/\",\"logo\":{\"@type\":\"ImageObject\",\"inLanguage\":\"en-US\",\"@id\":\"https:\\\/\\\/vitablanca.ma\\\/#\\\/schema\\\/logo\\\/image\\\/\",\"url\":\"https:\\\/\\\/vitablanca.ma\\\/wp-content\\\/uploads\\\/2025\\\/05\\\/cropped-vitablanca.png\",\"contentUrl\":\"https:\\\/\\\/vitablanca.ma\\\/wp-content\\\/uploads\\\/2025\\\/05\\\/cropped-vitablanca.png\",\"width\":360,\"height\":67,\"caption\":\"VitaBlanca\"},\"image\":{\"@id\":\"https:\\\/\\\/vitablanca.ma\\\/#\\\/schema\\\/logo\\\/image\\\/\"},\"sameAs\":[\"https:\\\/\\\/www.facebook.com\\\/profile.php?id=61576678196717\",\"https:\\\/\\\/www.tiktok.com\\\/@vitablanca.ma\",\"https:\\\/\\\/www.instagram.com\\\/vitablanca.ma\\\/\"]}]}<\/script>\n<!-- \/ Yoast SEO plugin. -->","yoast_head_json":{"title":"ST. DALFOUR - Beauty Whitening Cream - 50g - Maroc Prix","description":"ST. DALFOUR - Beauty Whitening Cream - 50g","robots":{"index":"index","follow":"follow","max-snippet":"max-snippet:-1","max-image-preview":"max-image-preview:large","max-video-preview":"max-video-preview:-1"},"canonical":"https:\/\/vitablanca.ma\/en\/product\/st-dalfour-beauty-whitening-cream-50g\/","og_locale":"en_US","og_type":"article","og_title":"ST. DALFOUR - Beauty Whitening Cream - 50g - Maroc Prix","og_description":"ST. DALFOUR - Beauty Whitening Cream - 50g","og_url":"https:\/\/vitablanca.ma\/en\/product\/st-dalfour-beauty-whitening-cream-50g\/","og_site_name":"Vitablanca.ma &ndash; Sant&eacute;, vitalit&eacute; et bien-&ecirc;tre pour tous les Marocains","article_publisher":"https:\/\/www.facebook.com\/profile.php?id=61576678196717","article_modified_time":"2026-03-06T03:38:45+00:00","og_image":[{"width":1080,"height":1080,"url":"https:\/\/vitablanca.ma\/wp-content\/uploads\/2026\/03\/ST._DALFOUR_-_Beauty_Whitening_Cream_-_50g_1.jpg","type":"image\/jpeg"}],"twitter_card":"summary_large_image","twitter_misc":{"Est. reading time":"1 minute"},"schema":{"@context":"https:\/\/schema.org","@graph":[{"@type":["WebPage","ItemPage"],"@id":"https:\/\/vitablanca.ma\/produit\/st-dalfour-beauty-whitening-cream-50g\/","url":"https:\/\/vitablanca.ma\/produit\/st-dalfour-beauty-whitening-cream-50g\/","name":"ST. DALFOUR - Beauty Whitening Cream - 50g - Maroc Prix","isPartOf":{"@id":"https:\/\/vitablanca.ma\/#website"},"primaryImageOfPage":{"@id":"https:\/\/vitablanca.ma\/produit\/st-dalfour-beauty-whitening-cream-50g\/#primaryimage"},"image":{"@id":"https:\/\/vitablanca.ma\/produit\/st-dalfour-beauty-whitening-cream-50g\/#primaryimage"},"thumbnailUrl":"https:\/\/vitablanca.ma\/wp-content\/uploads\/2026\/03\/ST._DALFOUR_-_Beauty_Whitening_Cream_-_50g_1.jpg","datePublished":"2026-03-04T03:02:14+00:00","dateModified":"2026-03-06T03:38:45+00:00","description":"ST. DALFOUR - Beauty Whitening Cream - 50g","breadcrumb":{"@id":"https:\/\/vitablanca.ma\/produit\/st-dalfour-beauty-whitening-cream-50g\/#breadcrumb"},"inLanguage":"en-US","potentialAction":[{"@type":"ReadAction","target":["https:\/\/vitablanca.ma\/produit\/st-dalfour-beauty-whitening-cream-50g\/"]}]},{"@type":"ImageObject","inLanguage":"en-US","@id":"https:\/\/vitablanca.ma\/produit\/st-dalfour-beauty-whitening-cream-50g\/#primaryimage","url":"https:\/\/vitablanca.ma\/wp-content\/uploads\/2026\/03\/ST._DALFOUR_-_Beauty_Whitening_Cream_-_50g_1.jpg","contentUrl":"https:\/\/vitablanca.ma\/wp-content\/uploads\/2026\/03\/ST._DALFOUR_-_Beauty_Whitening_Cream_-_50g_1.jpg","width":1080,"height":1080},{"@type":"BreadcrumbList","@id":"https:\/\/vitablanca.ma\/produit\/st-dalfour-beauty-whitening-cream-50g\/#breadcrumb","itemListElement":[{"@type":"ListItem","position":1,"name":"Home","item":"https:\/\/vitablanca.ma\/"},{"@type":"ListItem","position":2,"name":"Tous Les Produits","item":"https:\/\/vitablanca.ma\/tous-les-produits\/"},{"@type":"ListItem","position":3,"name":"ST. DALFOUR &#8211; Beauty Whitening Cream &#8211; 50g"}]},{"@type":"WebSite","@id":"https:\/\/vitablanca.ma\/#website","url":"https:\/\/vitablanca.ma\/","name":"VitaBlanca.ma | Food supplements, health &amp; beauty in Morocco","description":"sell premium vitamins and supplements from USA &amp; Canada, New Zealand, Morocco (NOW Foods, Solgar, Manuka). Fast delivery anywhere in Morocco.","publisher":{"@id":"https:\/\/vitablanca.ma\/#organization"},"alternateName":"VitaBlanca.ma","potentialAction":[{"@type":"SearchAction","target":{"@type":"EntryPoint","urlTemplate":"https:\/\/vitablanca.ma\/?s={search_term_string}"},"query-input":{"@type":"PropertyValueSpecification","valueRequired":true,"valueName":"search_term_string"}}],"inLanguage":"en-US"},{"@type":"Organization","@id":"https:\/\/vitablanca.ma\/#organization","name":"VitaBlanca","url":"https:\/\/vitablanca.ma\/","logo":{"@type":"ImageObject","inLanguage":"en-US","@id":"https:\/\/vitablanca.ma\/#\/schema\/logo\/image\/","url":"https:\/\/vitablanca.ma\/wp-content\/uploads\/2025\/05\/cropped-vitablanca.png","contentUrl":"https:\/\/vitablanca.ma\/wp-content\/uploads\/2025\/05\/cropped-vitablanca.png","width":360,"height":67,"caption":"VitaBlanca"},"image":{"@id":"https:\/\/vitablanca.ma\/#\/schema\/logo\/image\/"},"sameAs":["https:\/\/www.facebook.com\/profile.php?id=61576678196717","https:\/\/www.tiktok.com\/@vitablanca.ma","https:\/\/www.instagram.com\/vitablanca.ma\/"]}]}},"jetpack_sharing_enabled":true,"_links":{"self":[{"href":"https:\/\/vitablanca.ma\/en\/wp-json\/wp\/v2\/product\/33133","targetHints":{"allow":["GET"]}}],"collection":[{"href":"https:\/\/vitablanca.ma\/en\/wp-json\/wp\/v2\/product"}],"about":[{"href":"https:\/\/vitablanca.ma\/en\/wp-json\/wp\/v2\/types\/product"}],"wp:featuredmedia":[{"embeddable":true,"href":"https:\/\/vitablanca.ma\/en\/wp-json\/wp\/v2\/media\/33130"}],"wp:attachment":[{"href":"https:\/\/vitablanca.ma\/en\/wp-json\/wp\/v2\/media?parent=33133"}],"wp:term":[{"taxonomy":"product_brand","embeddable":true,"href":"https:\/\/vitablanca.ma\/en\/wp-json\/wp\/v2\/product_brand?post=33133"},{"taxonomy":"product_cat","embeddable":true,"href":"https:\/\/vitablanca.ma\/en\/wp-json\/wp\/v2\/product_cat?post=33133"},{"taxonomy":"product_tag","embeddable":true,"href":"https:\/\/vitablanca.ma\/en\/wp-json\/wp\/v2\/product_tag?post=33133"}],"curies":[{"name":"wp","href":"https:\/\/api.w.org\/{rel}","templated":true}]}}