{"id":33123,"date":"2026-03-04T03:01:23","date_gmt":"2026-03-04T03:01:23","guid":{"rendered":"https:\/\/vitablanca.ma\/produit\/st-dalfour-skin-cream-clobetasol-propionate-cream-usp\/"},"modified":"2026-03-06T03:38:45","modified_gmt":"2026-03-06T03:38:45","slug":"st-dalfour-skin-cream-clobetasol-propionate-cream-usp","status":"publish","type":"product","link":"https:\/\/vitablanca.ma\/en\/product\/st-dalfour-skin-cream-clobetasol-propionate-cream-usp\/","title":{"rendered":"ST DALFOUR &#8211; SKIN CREAM CLOBETASOL PROPIONATE CREAM USP"},"content":{"rendered":"<p class=\"MsoNormal\" style=\"margin-bottom: 11.25pt;line-height: normal;background: white\"><b><span style=\"font-family: 'Arial','sans-serif';color: #262626\">ST.DALFOUR Skin Cream<\/span><\/b><span style=\"font-family: 'Arial','sans-serif';color: #262626\">\u00a0est une cr\u00e8me puissante con\u00e7ue pour aider \u00e0\u00a0<b>r\u00e9duire l\u2019apparence des taches pigmentaires<\/b>, unifier le teint et am\u00e9liorer la texture de la peau. Formul\u00e9e avec du\u00a0<b>clob\u00e9tasol propionate<\/b>, un actif dermatologique connu pour ses propri\u00e9t\u00e9s anti-inflammatoires, cette cr\u00e8me agit de fa\u00e7on cibl\u00e9e sur les zones \u00e0 probl\u00e8mes pour r\u00e9v\u00e9ler un teint visiblement plus clair et plus homog\u00e8ne.<\/span><\/p>\n<p class=\"MsoNormal\" style=\"margin-bottom: 11.25pt;line-height: normal;background: white\"><b><span style=\"font-family: 'Arial','sans-serif';color: #262626\">Main benefits:<\/span><\/b><\/p>\n<ul type=\"disc\">\n<li class=\"MsoNormal\" style=\"color: black;line-height: normal;background: white\">\n<b><span style=\"font-family: 'Arial','sans-serif';color: #262626\"><span style=\"color: windowtext\">Att\u00e9nue les taches sombres<\/span><\/span><\/b><span style=\"font-family: 'Arial','sans-serif';color: #262626\"><span style=\"color: windowtext\">\u00a0: hyperpigmentation, taches de soleil, taches post-acn\u00e9.<\/span><\/span>\n<\/li>\n<li class=\"MsoNormal\" style=\"color: black;line-height: normal;background: white\">\n<b><span style=\"font-family: 'Arial','sans-serif';color: #262626\"><span style=\"color: windowtext\">Evens out the complexion<\/span><\/span><\/b><span style=\"font-family: 'Arial','sans-serif';color: #262626\"><span style=\"color: windowtext\">\u00a0: pour une peau plus lumineuse, uniforme et sans irr\u00e9gularit\u00e9s.<\/span><\/span>\n<\/li>\n<li class=\"MsoNormal\" style=\"color: black;line-height: normal;background: white\">\n<b><span style=\"font-family: 'Arial','sans-serif';color: #262626\"><span style=\"color: windowtext\">Action cibl\u00e9e et intense<\/span><\/span><\/b><span style=\"font-family: 'Arial','sans-serif';color: #262626\"><span style=\"color: windowtext\">\u00a0: p\u00e9n\u00e8tre en profondeur pour r\u00e9duire l\u2019apparence des imperfections.<\/span><\/span>\n<\/li>\n<li class=\"MsoNormal\" style=\"color: black;margin-bottom: .0001pt;line-height: normal;background: white\">\n<b><span style=\"font-family: 'Arial','sans-serif';color: #262626\"><span style=\"color: windowtext\">Hydratation et confort<\/span><\/span><\/b><span style=\"font-family: 'Arial','sans-serif';color: #262626\"><span style=\"color: windowtext\">\u00a0: texture riche qui nourrit et adoucit la peau.<\/span><\/span>\n<\/li>\n<\/ul>\n<p class=\"MsoNormal\" style=\"margin-bottom: 11.25pt;line-height: normal;background: white\"><b><span style=\"font-family: 'Arial','sans-serif';color: #262626\">Id\u00e9al pour les peaux\u00a0:<\/span><\/b><\/p>\n<ul type=\"disc\">\n<li class=\"MsoNormal\" style=\"color: black;line-height: normal;background: white\"><span style=\"font-family: 'Arial','sans-serif';color: #262626\"><span style=\"color: windowtext\">Soumises aux taches pigmentaires (m\u00e9lasma, soleil, acn\u00e9).<\/span><\/span><\/li>\n<li class=\"MsoNormal\" style=\"color: black;line-height: normal;background: white\"><span style=\"font-family: 'Arial','sans-serif';color: #262626\"><span style=\"color: windowtext\">\u00c0 la recherche d\u2019un soin intensif du teint.<\/span><\/span><\/li>\n<li class=\"MsoNormal\" style=\"color: black;margin-bottom: .0001pt;line-height: normal;background: white\"><span style=\"font-family: 'Arial','sans-serif';color: #262626\"><span style=\"color: windowtext\">Qui n\u00e9cessitent un traitement localis\u00e9 \u00e0 court terme.<\/span><\/span><\/li>\n<\/ul>","protected":false},"excerpt":{"rendered":"<p>ST.DALFOUR Skin Cream\u00a0est une cr\u00e8me puissante con\u00e7ue pour aider \u00e0\u00a0r\u00e9duire l\u2019apparence des taches pigmentaires, unifier le teint et am\u00e9liorer la texture de la peau. Formul\u00e9e avec du\u00a0clob\u00e9tasol propionate, un actif dermatologique connu pour ses propri\u00e9t\u00e9s anti-inflammatoires, cette cr\u00e8me agit de fa\u00e7on cibl\u00e9e sur les zones \u00e0 probl\u00e8mes pour r\u00e9v\u00e9ler un teint visiblement plus clair et [&hellip;]<\/p>\n","protected":false},"featured_media":33119,"template":"","meta":{"om_disable_all_campaigns":false},"product_brand":[],"product_cat":[18,15],"product_tag":[],"class_list":{"0":"post-33123","1":"product","2":"type-product","3":"status-publish","4":"has-post-thumbnail","6":"product_cat-beaute-sante","7":"product_cat-beaute-sante-complements-alimentaires-soins-et-bien-etre-au-meilleur-prix","9":"first","10":"instock","11":"sale","12":"taxable","13":"shipping-taxable","14":"purchasable","15":"product-type-simple"},"yoast_head":"<!-- This site is optimized with the Yoast SEO plugin v27.3 - https:\/\/yoast.com\/product\/yoast-seo-wordpress\/ -->\n<title>ST DALFOUR - SKIN CREAM CLOBETASOL PROPIONATE CREAM USP - Maroc Prix<\/title>\n<meta name=\"description\" content=\"ST DALFOUR - SKIN CREAM CLOBETASOL PROPIONATE CREAM USP\" \/>\n<meta name=\"robots\" content=\"index, follow, max-snippet:-1, max-image-preview:large, max-video-preview:-1\" \/>\n<link rel=\"canonical\" href=\"https:\/\/vitablanca.ma\/en\/product\/st-dalfour-skin-cream-clobetasol-propionate-cream-usp\/\" \/>\n<meta property=\"og:locale\" content=\"en_US\" \/>\n<meta property=\"og:type\" content=\"article\" \/>\n<meta property=\"og:title\" content=\"ST DALFOUR - SKIN CREAM CLOBETASOL PROPIONATE CREAM USP - Maroc Prix\" \/>\n<meta property=\"og:description\" content=\"ST DALFOUR - SKIN CREAM CLOBETASOL PROPIONATE CREAM USP\" \/>\n<meta property=\"og:url\" content=\"https:\/\/vitablanca.ma\/en\/product\/st-dalfour-skin-cream-clobetasol-propionate-cream-usp\/\" \/>\n<meta property=\"og:site_name\" content=\"Vitablanca.ma &ndash; Sant&eacute;, vitalit&eacute; et bien-&ecirc;tre pour tous les Marocains\" \/>\n<meta property=\"article:publisher\" content=\"https:\/\/www.facebook.com\/profile.php?id=61576678196717\" \/>\n<meta property=\"article:modified_time\" content=\"2026-03-06T03:38:45+00:00\" \/>\n<meta property=\"og:image\" content=\"https:\/\/vitablanca.ma\/wp-content\/uploads\/2026\/03\/ST_DALFOUR_-_SKIN_CREAM_CLOBETASOL_PROPIONATE_CREAM_USP.jpg\" \/>\n\t<meta property=\"og:image:width\" content=\"1080\" \/>\n\t<meta property=\"og:image:height\" content=\"1080\" \/>\n\t<meta property=\"og:image:type\" content=\"image\/jpeg\" \/>\n<meta name=\"twitter:card\" content=\"summary_large_image\" \/>\n<meta name=\"twitter:label1\" content=\"Est. reading time\" \/>\n\t<meta name=\"twitter:data1\" content=\"1 minute\" \/>\n<script type=\"application\/ld+json\" class=\"yoast-schema-graph\">{\"@context\":\"https:\\\/\\\/schema.org\",\"@graph\":[{\"@type\":[\"WebPage\",\"ItemPage\"],\"@id\":\"https:\\\/\\\/vitablanca.ma\\\/produit\\\/st-dalfour-skin-cream-clobetasol-propionate-cream-usp\\\/\",\"url\":\"https:\\\/\\\/vitablanca.ma\\\/produit\\\/st-dalfour-skin-cream-clobetasol-propionate-cream-usp\\\/\",\"name\":\"ST DALFOUR - SKIN CREAM CLOBETASOL PROPIONATE CREAM USP - Maroc Prix\",\"isPartOf\":{\"@id\":\"https:\\\/\\\/vitablanca.ma\\\/#website\"},\"primaryImageOfPage\":{\"@id\":\"https:\\\/\\\/vitablanca.ma\\\/produit\\\/st-dalfour-skin-cream-clobetasol-propionate-cream-usp\\\/#primaryimage\"},\"image\":{\"@id\":\"https:\\\/\\\/vitablanca.ma\\\/produit\\\/st-dalfour-skin-cream-clobetasol-propionate-cream-usp\\\/#primaryimage\"},\"thumbnailUrl\":\"https:\\\/\\\/vitablanca.ma\\\/wp-content\\\/uploads\\\/2026\\\/03\\\/ST_DALFOUR_-_SKIN_CREAM_CLOBETASOL_PROPIONATE_CREAM_USP.jpg\",\"datePublished\":\"2026-03-04T03:01:23+00:00\",\"dateModified\":\"2026-03-06T03:38:45+00:00\",\"description\":\"ST DALFOUR - SKIN CREAM CLOBETASOL PROPIONATE CREAM USP\",\"breadcrumb\":{\"@id\":\"https:\\\/\\\/vitablanca.ma\\\/produit\\\/st-dalfour-skin-cream-clobetasol-propionate-cream-usp\\\/#breadcrumb\"},\"inLanguage\":\"en-US\",\"potentialAction\":[{\"@type\":\"ReadAction\",\"target\":[\"https:\\\/\\\/vitablanca.ma\\\/produit\\\/st-dalfour-skin-cream-clobetasol-propionate-cream-usp\\\/\"]}]},{\"@type\":\"ImageObject\",\"inLanguage\":\"en-US\",\"@id\":\"https:\\\/\\\/vitablanca.ma\\\/produit\\\/st-dalfour-skin-cream-clobetasol-propionate-cream-usp\\\/#primaryimage\",\"url\":\"https:\\\/\\\/vitablanca.ma\\\/wp-content\\\/uploads\\\/2026\\\/03\\\/ST_DALFOUR_-_SKIN_CREAM_CLOBETASOL_PROPIONATE_CREAM_USP.jpg\",\"contentUrl\":\"https:\\\/\\\/vitablanca.ma\\\/wp-content\\\/uploads\\\/2026\\\/03\\\/ST_DALFOUR_-_SKIN_CREAM_CLOBETASOL_PROPIONATE_CREAM_USP.jpg\",\"width\":1080,\"height\":1080},{\"@type\":\"BreadcrumbList\",\"@id\":\"https:\\\/\\\/vitablanca.ma\\\/produit\\\/st-dalfour-skin-cream-clobetasol-propionate-cream-usp\\\/#breadcrumb\",\"itemListElement\":[{\"@type\":\"ListItem\",\"position\":1,\"name\":\"Home\",\"item\":\"https:\\\/\\\/vitablanca.ma\\\/\"},{\"@type\":\"ListItem\",\"position\":2,\"name\":\"Tous Les Produits\",\"item\":\"https:\\\/\\\/vitablanca.ma\\\/tous-les-produits\\\/\"},{\"@type\":\"ListItem\",\"position\":3,\"name\":\"ST DALFOUR &#8211; SKIN CREAM CLOBETASOL PROPIONATE CREAM USP\"}]},{\"@type\":\"WebSite\",\"@id\":\"https:\\\/\\\/vitablanca.ma\\\/#website\",\"url\":\"https:\\\/\\\/vitablanca.ma\\\/\",\"name\":\"VitaBlanca.ma | Compl\u00e9ments alimentaires, sant\u00e9 & beaut\u00e9 au Maroc\",\"description\":\"vendre vitamines et compl\u00e9ments premium des USA &amp; Canada, Nouvelle Z\u00e9lande,Maroc (NOW Foods, Solgar, Manuka). Livraison rapide partout au Maroc.\",\"publisher\":{\"@id\":\"https:\\\/\\\/vitablanca.ma\\\/#organization\"},\"alternateName\":\"VitaBlanca.ma\",\"potentialAction\":[{\"@type\":\"SearchAction\",\"target\":{\"@type\":\"EntryPoint\",\"urlTemplate\":\"https:\\\/\\\/vitablanca.ma\\\/?s={search_term_string}\"},\"query-input\":{\"@type\":\"PropertyValueSpecification\",\"valueRequired\":true,\"valueName\":\"search_term_string\"}}],\"inLanguage\":\"en-US\"},{\"@type\":\"Organization\",\"@id\":\"https:\\\/\\\/vitablanca.ma\\\/#organization\",\"name\":\"VitaBlanca\",\"url\":\"https:\\\/\\\/vitablanca.ma\\\/\",\"logo\":{\"@type\":\"ImageObject\",\"inLanguage\":\"en-US\",\"@id\":\"https:\\\/\\\/vitablanca.ma\\\/#\\\/schema\\\/logo\\\/image\\\/\",\"url\":\"https:\\\/\\\/vitablanca.ma\\\/wp-content\\\/uploads\\\/2025\\\/05\\\/cropped-vitablanca.png\",\"contentUrl\":\"https:\\\/\\\/vitablanca.ma\\\/wp-content\\\/uploads\\\/2025\\\/05\\\/cropped-vitablanca.png\",\"width\":360,\"height\":67,\"caption\":\"VitaBlanca\"},\"image\":{\"@id\":\"https:\\\/\\\/vitablanca.ma\\\/#\\\/schema\\\/logo\\\/image\\\/\"},\"sameAs\":[\"https:\\\/\\\/www.facebook.com\\\/profile.php?id=61576678196717\",\"https:\\\/\\\/www.tiktok.com\\\/@vitablanca.ma\",\"https:\\\/\\\/www.instagram.com\\\/vitablanca.ma\\\/\"]}]}<\/script>\n<!-- \/ Yoast SEO plugin. -->","yoast_head_json":{"title":"ST DALFOUR - SKIN CREAM CLOBETASOL PROPIONATE CREAM USP - Maroc Prix","description":"ST DALFOUR - SKIN CREAM CLOBETASOL PROPIONATE CREAM USP","robots":{"index":"index","follow":"follow","max-snippet":"max-snippet:-1","max-image-preview":"max-image-preview:large","max-video-preview":"max-video-preview:-1"},"canonical":"https:\/\/vitablanca.ma\/en\/product\/st-dalfour-skin-cream-clobetasol-propionate-cream-usp\/","og_locale":"en_US","og_type":"article","og_title":"ST DALFOUR - SKIN CREAM CLOBETASOL PROPIONATE CREAM USP - Maroc Prix","og_description":"ST DALFOUR - SKIN CREAM CLOBETASOL PROPIONATE CREAM USP","og_url":"https:\/\/vitablanca.ma\/en\/product\/st-dalfour-skin-cream-clobetasol-propionate-cream-usp\/","og_site_name":"Vitablanca.ma &ndash; Sant&eacute;, vitalit&eacute; et bien-&ecirc;tre pour tous les Marocains","article_publisher":"https:\/\/www.facebook.com\/profile.php?id=61576678196717","article_modified_time":"2026-03-06T03:38:45+00:00","og_image":[{"width":1080,"height":1080,"url":"https:\/\/vitablanca.ma\/wp-content\/uploads\/2026\/03\/ST_DALFOUR_-_SKIN_CREAM_CLOBETASOL_PROPIONATE_CREAM_USP.jpg","type":"image\/jpeg"}],"twitter_card":"summary_large_image","twitter_misc":{"Est. reading time":"1 minute"},"schema":{"@context":"https:\/\/schema.org","@graph":[{"@type":["WebPage","ItemPage"],"@id":"https:\/\/vitablanca.ma\/produit\/st-dalfour-skin-cream-clobetasol-propionate-cream-usp\/","url":"https:\/\/vitablanca.ma\/produit\/st-dalfour-skin-cream-clobetasol-propionate-cream-usp\/","name":"ST DALFOUR - SKIN CREAM CLOBETASOL PROPIONATE CREAM USP - Maroc Prix","isPartOf":{"@id":"https:\/\/vitablanca.ma\/#website"},"primaryImageOfPage":{"@id":"https:\/\/vitablanca.ma\/produit\/st-dalfour-skin-cream-clobetasol-propionate-cream-usp\/#primaryimage"},"image":{"@id":"https:\/\/vitablanca.ma\/produit\/st-dalfour-skin-cream-clobetasol-propionate-cream-usp\/#primaryimage"},"thumbnailUrl":"https:\/\/vitablanca.ma\/wp-content\/uploads\/2026\/03\/ST_DALFOUR_-_SKIN_CREAM_CLOBETASOL_PROPIONATE_CREAM_USP.jpg","datePublished":"2026-03-04T03:01:23+00:00","dateModified":"2026-03-06T03:38:45+00:00","description":"ST DALFOUR - SKIN CREAM CLOBETASOL PROPIONATE CREAM USP","breadcrumb":{"@id":"https:\/\/vitablanca.ma\/produit\/st-dalfour-skin-cream-clobetasol-propionate-cream-usp\/#breadcrumb"},"inLanguage":"en-US","potentialAction":[{"@type":"ReadAction","target":["https:\/\/vitablanca.ma\/produit\/st-dalfour-skin-cream-clobetasol-propionate-cream-usp\/"]}]},{"@type":"ImageObject","inLanguage":"en-US","@id":"https:\/\/vitablanca.ma\/produit\/st-dalfour-skin-cream-clobetasol-propionate-cream-usp\/#primaryimage","url":"https:\/\/vitablanca.ma\/wp-content\/uploads\/2026\/03\/ST_DALFOUR_-_SKIN_CREAM_CLOBETASOL_PROPIONATE_CREAM_USP.jpg","contentUrl":"https:\/\/vitablanca.ma\/wp-content\/uploads\/2026\/03\/ST_DALFOUR_-_SKIN_CREAM_CLOBETASOL_PROPIONATE_CREAM_USP.jpg","width":1080,"height":1080},{"@type":"BreadcrumbList","@id":"https:\/\/vitablanca.ma\/produit\/st-dalfour-skin-cream-clobetasol-propionate-cream-usp\/#breadcrumb","itemListElement":[{"@type":"ListItem","position":1,"name":"Home","item":"https:\/\/vitablanca.ma\/"},{"@type":"ListItem","position":2,"name":"Tous Les Produits","item":"https:\/\/vitablanca.ma\/tous-les-produits\/"},{"@type":"ListItem","position":3,"name":"ST DALFOUR &#8211; SKIN CREAM CLOBETASOL PROPIONATE CREAM USP"}]},{"@type":"WebSite","@id":"https:\/\/vitablanca.ma\/#website","url":"https:\/\/vitablanca.ma\/","name":"VitaBlanca.ma | Food supplements, health &amp; beauty in Morocco","description":"sell premium vitamins and supplements from USA &amp; Canada, New Zealand, Morocco (NOW Foods, Solgar, Manuka). Fast delivery anywhere in Morocco.","publisher":{"@id":"https:\/\/vitablanca.ma\/#organization"},"alternateName":"VitaBlanca.ma","potentialAction":[{"@type":"SearchAction","target":{"@type":"EntryPoint","urlTemplate":"https:\/\/vitablanca.ma\/?s={search_term_string}"},"query-input":{"@type":"PropertyValueSpecification","valueRequired":true,"valueName":"search_term_string"}}],"inLanguage":"en-US"},{"@type":"Organization","@id":"https:\/\/vitablanca.ma\/#organization","name":"VitaBlanca","url":"https:\/\/vitablanca.ma\/","logo":{"@type":"ImageObject","inLanguage":"en-US","@id":"https:\/\/vitablanca.ma\/#\/schema\/logo\/image\/","url":"https:\/\/vitablanca.ma\/wp-content\/uploads\/2025\/05\/cropped-vitablanca.png","contentUrl":"https:\/\/vitablanca.ma\/wp-content\/uploads\/2025\/05\/cropped-vitablanca.png","width":360,"height":67,"caption":"VitaBlanca"},"image":{"@id":"https:\/\/vitablanca.ma\/#\/schema\/logo\/image\/"},"sameAs":["https:\/\/www.facebook.com\/profile.php?id=61576678196717","https:\/\/www.tiktok.com\/@vitablanca.ma","https:\/\/www.instagram.com\/vitablanca.ma\/"]}]}},"jetpack_sharing_enabled":true,"_links":{"self":[{"href":"https:\/\/vitablanca.ma\/en\/wp-json\/wp\/v2\/product\/33123","targetHints":{"allow":["GET"]}}],"collection":[{"href":"https:\/\/vitablanca.ma\/en\/wp-json\/wp\/v2\/product"}],"about":[{"href":"https:\/\/vitablanca.ma\/en\/wp-json\/wp\/v2\/types\/product"}],"wp:featuredmedia":[{"embeddable":true,"href":"https:\/\/vitablanca.ma\/en\/wp-json\/wp\/v2\/media\/33119"}],"wp:attachment":[{"href":"https:\/\/vitablanca.ma\/en\/wp-json\/wp\/v2\/media?parent=33123"}],"wp:term":[{"taxonomy":"product_brand","embeddable":true,"href":"https:\/\/vitablanca.ma\/en\/wp-json\/wp\/v2\/product_brand?post=33123"},{"taxonomy":"product_cat","embeddable":true,"href":"https:\/\/vitablanca.ma\/en\/wp-json\/wp\/v2\/product_cat?post=33123"},{"taxonomy":"product_tag","embeddable":true,"href":"https:\/\/vitablanca.ma\/en\/wp-json\/wp\/v2\/product_tag?post=33123"}],"curies":[{"name":"wp","href":"https:\/\/api.w.org\/{rel}","templated":true}]}}