{"id":33091,"date":"2026-03-04T02:57:43","date_gmt":"2026-03-04T02:57:43","guid":{"rendered":"https:\/\/vitablanca.ma\/produit\/keratine-queen-moisturizing-protein-brazilian-mask-800ml\/"},"modified":"2026-03-06T03:38:46","modified_gmt":"2026-03-06T03:38:46","slug":"keratine-queen-moisturizing-protein-brazilian-mask-800ml","status":"publish","type":"product","link":"https:\/\/vitablanca.ma\/en\/product\/keratine-queen-moisturizing-protein-brazilian-mask-800ml\/","title":{"rendered":"Keratine Queen Moisturizing Protein Brazilian Mask 800ml"},"content":{"rendered":"<div class=\"woocommerce-product-details__short-description\">\n<p>Keratine Queen Moisturizing Protein Brazilian Mask 800ml<\/p>\n<p>Ce masque riche en actifs nourrissants p\u00e9n\u00e8tre en profondeur dans la fibre capillaire pour r\u00e9parer les dommages et apporter une hydratation intense.<\/p>\n<ul class=\"marker:text-textOff list-disc marker:font-mono marker:text-sm pl-8\">\n<li>\n<strong>Key ingredients<\/strong>: K\u00e9ratine, vitamine E, om\u00e9ga 3 et 9.<\/li>\n<li>\n<strong>Functions<\/strong>: Ce masque revitalise les cheveux, restaure leur brillance et \u00e9lasticit\u00e9, et prot\u00e8ge contre les dommages caus\u00e9s par les traitements chimiques. Il est particuli\u00e8rement efficace pour les cheveux secs, ab\u00eem\u00e9s et color\u00e9s.<\/li>\n<li style=\"text-align: left\">Color Free<\/li>\n<li style=\"text-align: left\">Sulfate Free<\/li>\n<li style=\"text-align: left\">Paraben Free\u00a0<\/li>\n<li>pour les gens qui ont fait\u00a0 un traitement k\u00e9ratine ou prot\u00e9ine<\/li>\n<\/ul>\n<\/div>","protected":false},"excerpt":{"rendered":"<p>Keratine Queen Moisturizing Protein Brazilian Mask 800ml Ce masque riche en actifs nourrissants p\u00e9n\u00e8tre en profondeur dans la fibre capillaire pour r\u00e9parer les dommages et apporter une hydratation intense. Ingr\u00e9dients cl\u00e9s: K\u00e9ratine, vitamine E, om\u00e9ga 3 et 9. Fonctions: Ce masque revitalise les cheveux, restaure leur brillance et \u00e9lasticit\u00e9, et prot\u00e8ge contre les dommages caus\u00e9s [&hellip;]<\/p>\n","protected":false},"featured_media":33089,"template":"","meta":{"om_disable_all_campaigns":false},"product_brand":[],"product_cat":[18,15],"product_tag":[],"class_list":{"0":"post-33091","1":"product","2":"type-product","3":"status-publish","4":"has-post-thumbnail","6":"product_cat-beaute-sante","7":"product_cat-beaute-sante-complements-alimentaires-soins-et-bien-etre-au-meilleur-prix","9":"first","10":"instock","11":"taxable","12":"shipping-taxable","13":"purchasable","14":"product-type-simple"},"yoast_head":"<!-- This site is optimized with the Yoast SEO plugin v27.3 - https:\/\/yoast.com\/product\/yoast-seo-wordpress\/ -->\n<title>Keratine Queen Moisturizing Protein Brazilian Mask 800ml - Maroc Prix<\/title>\n<meta name=\"description\" content=\"Keratine Queen Moisturizing Protein Brazilian Mask 800ml\" \/>\n<meta name=\"robots\" content=\"index, follow, max-snippet:-1, max-image-preview:large, max-video-preview:-1\" \/>\n<link rel=\"canonical\" href=\"https:\/\/vitablanca.ma\/en\/product\/keratine-queen-moisturizing-protein-brazilian-mask-800ml\/\" \/>\n<meta property=\"og:locale\" content=\"en_US\" \/>\n<meta property=\"og:type\" content=\"article\" \/>\n<meta property=\"og:title\" content=\"Keratine Queen Moisturizing Protein Brazilian Mask 800ml - Maroc Prix\" \/>\n<meta property=\"og:description\" content=\"Keratine Queen Moisturizing Protein Brazilian Mask 800ml\" \/>\n<meta property=\"og:url\" content=\"https:\/\/vitablanca.ma\/en\/product\/keratine-queen-moisturizing-protein-brazilian-mask-800ml\/\" \/>\n<meta property=\"og:site_name\" content=\"Vitablanca.ma &ndash; Sant&eacute;, vitalit&eacute; et bien-&ecirc;tre pour tous les Marocains\" \/>\n<meta property=\"article:publisher\" content=\"https:\/\/www.facebook.com\/profile.php?id=61576678196717\" \/>\n<meta property=\"article:modified_time\" content=\"2026-03-06T03:38:46+00:00\" \/>\n<meta property=\"og:image\" content=\"https:\/\/vitablanca.ma\/wp-content\/uploads\/2026\/03\/1.KeratineQueenMoisturizingProteinBrazilianMask800ml.jpg\" \/>\n\t<meta property=\"og:image:width\" content=\"1024\" \/>\n\t<meta property=\"og:image:height\" content=\"1024\" \/>\n\t<meta property=\"og:image:type\" content=\"image\/jpeg\" \/>\n<meta name=\"twitter:card\" content=\"summary_large_image\" \/>\n<meta name=\"twitter:label1\" content=\"Est. reading time\" \/>\n\t<meta name=\"twitter:data1\" content=\"1 minute\" \/>\n<script type=\"application\/ld+json\" class=\"yoast-schema-graph\">{\"@context\":\"https:\\\/\\\/schema.org\",\"@graph\":[{\"@type\":[\"WebPage\",\"ItemPage\"],\"@id\":\"https:\\\/\\\/vitablanca.ma\\\/produit\\\/keratine-queen-moisturizing-protein-brazilian-mask-800ml\\\/\",\"url\":\"https:\\\/\\\/vitablanca.ma\\\/produit\\\/keratine-queen-moisturizing-protein-brazilian-mask-800ml\\\/\",\"name\":\"Keratine Queen Moisturizing Protein Brazilian Mask 800ml - Maroc Prix\",\"isPartOf\":{\"@id\":\"https:\\\/\\\/vitablanca.ma\\\/#website\"},\"primaryImageOfPage\":{\"@id\":\"https:\\\/\\\/vitablanca.ma\\\/produit\\\/keratine-queen-moisturizing-protein-brazilian-mask-800ml\\\/#primaryimage\"},\"image\":{\"@id\":\"https:\\\/\\\/vitablanca.ma\\\/produit\\\/keratine-queen-moisturizing-protein-brazilian-mask-800ml\\\/#primaryimage\"},\"thumbnailUrl\":\"https:\\\/\\\/vitablanca.ma\\\/wp-content\\\/uploads\\\/2026\\\/03\\\/1.KeratineQueenMoisturizingProteinBrazilianMask800ml.jpg\",\"datePublished\":\"2026-03-04T02:57:43+00:00\",\"dateModified\":\"2026-03-06T03:38:46+00:00\",\"description\":\"Keratine Queen Moisturizing Protein Brazilian Mask 800ml\",\"breadcrumb\":{\"@id\":\"https:\\\/\\\/vitablanca.ma\\\/produit\\\/keratine-queen-moisturizing-protein-brazilian-mask-800ml\\\/#breadcrumb\"},\"inLanguage\":\"en-US\",\"potentialAction\":[{\"@type\":\"ReadAction\",\"target\":[\"https:\\\/\\\/vitablanca.ma\\\/produit\\\/keratine-queen-moisturizing-protein-brazilian-mask-800ml\\\/\"]}]},{\"@type\":\"ImageObject\",\"inLanguage\":\"en-US\",\"@id\":\"https:\\\/\\\/vitablanca.ma\\\/produit\\\/keratine-queen-moisturizing-protein-brazilian-mask-800ml\\\/#primaryimage\",\"url\":\"https:\\\/\\\/vitablanca.ma\\\/wp-content\\\/uploads\\\/2026\\\/03\\\/1.KeratineQueenMoisturizingProteinBrazilianMask800ml.jpg\",\"contentUrl\":\"https:\\\/\\\/vitablanca.ma\\\/wp-content\\\/uploads\\\/2026\\\/03\\\/1.KeratineQueenMoisturizingProteinBrazilianMask800ml.jpg\",\"width\":1024,\"height\":1024},{\"@type\":\"BreadcrumbList\",\"@id\":\"https:\\\/\\\/vitablanca.ma\\\/produit\\\/keratine-queen-moisturizing-protein-brazilian-mask-800ml\\\/#breadcrumb\",\"itemListElement\":[{\"@type\":\"ListItem\",\"position\":1,\"name\":\"Home\",\"item\":\"https:\\\/\\\/vitablanca.ma\\\/\"},{\"@type\":\"ListItem\",\"position\":2,\"name\":\"Tous Les Produits\",\"item\":\"https:\\\/\\\/vitablanca.ma\\\/tous-les-produits\\\/\"},{\"@type\":\"ListItem\",\"position\":3,\"name\":\"Keratine Queen Moisturizing Protein Brazilian Mask 800ml\"}]},{\"@type\":\"WebSite\",\"@id\":\"https:\\\/\\\/vitablanca.ma\\\/#website\",\"url\":\"https:\\\/\\\/vitablanca.ma\\\/\",\"name\":\"VitaBlanca.ma | Compl\u00e9ments alimentaires, sant\u00e9 & beaut\u00e9 au Maroc\",\"description\":\"vendre vitamines et compl\u00e9ments premium des USA &amp; Canada, Nouvelle Z\u00e9lande,Maroc (NOW Foods, Solgar, Manuka). Livraison rapide partout au Maroc.\",\"publisher\":{\"@id\":\"https:\\\/\\\/vitablanca.ma\\\/#organization\"},\"alternateName\":\"VitaBlanca.ma\",\"potentialAction\":[{\"@type\":\"SearchAction\",\"target\":{\"@type\":\"EntryPoint\",\"urlTemplate\":\"https:\\\/\\\/vitablanca.ma\\\/?s={search_term_string}\"},\"query-input\":{\"@type\":\"PropertyValueSpecification\",\"valueRequired\":true,\"valueName\":\"search_term_string\"}}],\"inLanguage\":\"en-US\"},{\"@type\":\"Organization\",\"@id\":\"https:\\\/\\\/vitablanca.ma\\\/#organization\",\"name\":\"VitaBlanca\",\"url\":\"https:\\\/\\\/vitablanca.ma\\\/\",\"logo\":{\"@type\":\"ImageObject\",\"inLanguage\":\"en-US\",\"@id\":\"https:\\\/\\\/vitablanca.ma\\\/#\\\/schema\\\/logo\\\/image\\\/\",\"url\":\"https:\\\/\\\/vitablanca.ma\\\/wp-content\\\/uploads\\\/2025\\\/05\\\/cropped-vitablanca.png\",\"contentUrl\":\"https:\\\/\\\/vitablanca.ma\\\/wp-content\\\/uploads\\\/2025\\\/05\\\/cropped-vitablanca.png\",\"width\":360,\"height\":67,\"caption\":\"VitaBlanca\"},\"image\":{\"@id\":\"https:\\\/\\\/vitablanca.ma\\\/#\\\/schema\\\/logo\\\/image\\\/\"},\"sameAs\":[\"https:\\\/\\\/www.facebook.com\\\/profile.php?id=61576678196717\",\"https:\\\/\\\/www.tiktok.com\\\/@vitablanca.ma\",\"https:\\\/\\\/www.instagram.com\\\/vitablanca.ma\\\/\"]}]}<\/script>\n<!-- \/ Yoast SEO plugin. -->","yoast_head_json":{"title":"Keratine Queen Moisturizing Protein Brazilian Mask 800ml - Maroc Prix","description":"Keratine Queen Moisturizing Protein Brazilian Mask 800ml","robots":{"index":"index","follow":"follow","max-snippet":"max-snippet:-1","max-image-preview":"max-image-preview:large","max-video-preview":"max-video-preview:-1"},"canonical":"https:\/\/vitablanca.ma\/en\/product\/keratine-queen-moisturizing-protein-brazilian-mask-800ml\/","og_locale":"en_US","og_type":"article","og_title":"Keratine Queen Moisturizing Protein Brazilian Mask 800ml - Maroc Prix","og_description":"Keratine Queen Moisturizing Protein Brazilian Mask 800ml","og_url":"https:\/\/vitablanca.ma\/en\/product\/keratine-queen-moisturizing-protein-brazilian-mask-800ml\/","og_site_name":"Vitablanca.ma &ndash; Sant&eacute;, vitalit&eacute; et bien-&ecirc;tre pour tous les Marocains","article_publisher":"https:\/\/www.facebook.com\/profile.php?id=61576678196717","article_modified_time":"2026-03-06T03:38:46+00:00","og_image":[{"width":1024,"height":1024,"url":"https:\/\/vitablanca.ma\/wp-content\/uploads\/2026\/03\/1.KeratineQueenMoisturizingProteinBrazilianMask800ml.jpg","type":"image\/jpeg"}],"twitter_card":"summary_large_image","twitter_misc":{"Est. reading time":"1 minute"},"schema":{"@context":"https:\/\/schema.org","@graph":[{"@type":["WebPage","ItemPage"],"@id":"https:\/\/vitablanca.ma\/produit\/keratine-queen-moisturizing-protein-brazilian-mask-800ml\/","url":"https:\/\/vitablanca.ma\/produit\/keratine-queen-moisturizing-protein-brazilian-mask-800ml\/","name":"Keratine Queen Moisturizing Protein Brazilian Mask 800ml - Maroc Prix","isPartOf":{"@id":"https:\/\/vitablanca.ma\/#website"},"primaryImageOfPage":{"@id":"https:\/\/vitablanca.ma\/produit\/keratine-queen-moisturizing-protein-brazilian-mask-800ml\/#primaryimage"},"image":{"@id":"https:\/\/vitablanca.ma\/produit\/keratine-queen-moisturizing-protein-brazilian-mask-800ml\/#primaryimage"},"thumbnailUrl":"https:\/\/vitablanca.ma\/wp-content\/uploads\/2026\/03\/1.KeratineQueenMoisturizingProteinBrazilianMask800ml.jpg","datePublished":"2026-03-04T02:57:43+00:00","dateModified":"2026-03-06T03:38:46+00:00","description":"Keratine Queen Moisturizing Protein Brazilian Mask 800ml","breadcrumb":{"@id":"https:\/\/vitablanca.ma\/produit\/keratine-queen-moisturizing-protein-brazilian-mask-800ml\/#breadcrumb"},"inLanguage":"en-US","potentialAction":[{"@type":"ReadAction","target":["https:\/\/vitablanca.ma\/produit\/keratine-queen-moisturizing-protein-brazilian-mask-800ml\/"]}]},{"@type":"ImageObject","inLanguage":"en-US","@id":"https:\/\/vitablanca.ma\/produit\/keratine-queen-moisturizing-protein-brazilian-mask-800ml\/#primaryimage","url":"https:\/\/vitablanca.ma\/wp-content\/uploads\/2026\/03\/1.KeratineQueenMoisturizingProteinBrazilianMask800ml.jpg","contentUrl":"https:\/\/vitablanca.ma\/wp-content\/uploads\/2026\/03\/1.KeratineQueenMoisturizingProteinBrazilianMask800ml.jpg","width":1024,"height":1024},{"@type":"BreadcrumbList","@id":"https:\/\/vitablanca.ma\/produit\/keratine-queen-moisturizing-protein-brazilian-mask-800ml\/#breadcrumb","itemListElement":[{"@type":"ListItem","position":1,"name":"Home","item":"https:\/\/vitablanca.ma\/"},{"@type":"ListItem","position":2,"name":"Tous Les Produits","item":"https:\/\/vitablanca.ma\/tous-les-produits\/"},{"@type":"ListItem","position":3,"name":"Keratine Queen Moisturizing Protein Brazilian Mask 800ml"}]},{"@type":"WebSite","@id":"https:\/\/vitablanca.ma\/#website","url":"https:\/\/vitablanca.ma\/","name":"VitaBlanca.ma | Food supplements, health &amp; beauty in Morocco","description":"sell premium vitamins and supplements from USA &amp; Canada, New Zealand, Morocco (NOW Foods, Solgar, Manuka). Fast delivery anywhere in Morocco.","publisher":{"@id":"https:\/\/vitablanca.ma\/#organization"},"alternateName":"VitaBlanca.ma","potentialAction":[{"@type":"SearchAction","target":{"@type":"EntryPoint","urlTemplate":"https:\/\/vitablanca.ma\/?s={search_term_string}"},"query-input":{"@type":"PropertyValueSpecification","valueRequired":true,"valueName":"search_term_string"}}],"inLanguage":"en-US"},{"@type":"Organization","@id":"https:\/\/vitablanca.ma\/#organization","name":"VitaBlanca","url":"https:\/\/vitablanca.ma\/","logo":{"@type":"ImageObject","inLanguage":"en-US","@id":"https:\/\/vitablanca.ma\/#\/schema\/logo\/image\/","url":"https:\/\/vitablanca.ma\/wp-content\/uploads\/2025\/05\/cropped-vitablanca.png","contentUrl":"https:\/\/vitablanca.ma\/wp-content\/uploads\/2025\/05\/cropped-vitablanca.png","width":360,"height":67,"caption":"VitaBlanca"},"image":{"@id":"https:\/\/vitablanca.ma\/#\/schema\/logo\/image\/"},"sameAs":["https:\/\/www.facebook.com\/profile.php?id=61576678196717","https:\/\/www.tiktok.com\/@vitablanca.ma","https:\/\/www.instagram.com\/vitablanca.ma\/"]}]}},"jetpack_sharing_enabled":true,"_links":{"self":[{"href":"https:\/\/vitablanca.ma\/en\/wp-json\/wp\/v2\/product\/33091","targetHints":{"allow":["GET"]}}],"collection":[{"href":"https:\/\/vitablanca.ma\/en\/wp-json\/wp\/v2\/product"}],"about":[{"href":"https:\/\/vitablanca.ma\/en\/wp-json\/wp\/v2\/types\/product"}],"wp:featuredmedia":[{"embeddable":true,"href":"https:\/\/vitablanca.ma\/en\/wp-json\/wp\/v2\/media\/33089"}],"wp:attachment":[{"href":"https:\/\/vitablanca.ma\/en\/wp-json\/wp\/v2\/media?parent=33091"}],"wp:term":[{"taxonomy":"product_brand","embeddable":true,"href":"https:\/\/vitablanca.ma\/en\/wp-json\/wp\/v2\/product_brand?post=33091"},{"taxonomy":"product_cat","embeddable":true,"href":"https:\/\/vitablanca.ma\/en\/wp-json\/wp\/v2\/product_cat?post=33091"},{"taxonomy":"product_tag","embeddable":true,"href":"https:\/\/vitablanca.ma\/en\/wp-json\/wp\/v2\/product_tag?post=33091"}],"curies":[{"name":"wp","href":"https:\/\/api.w.org\/{rel}","templated":true}]}}