{"id":33085,"date":"2026-03-04T02:57:17","date_gmt":"2026-03-04T02:57:17","guid":{"rendered":"https:\/\/vitablanca.ma\/produit\/keratine-queen-ensemble-protein-brazilian-shampoing-et-apres-shampoing-professionnels\/"},"modified":"2026-03-06T03:38:46","modified_gmt":"2026-03-06T03:38:46","slug":"keratine-queen-ensemble-protein-brazilian-shampoing-et-apres-shampoing-professionnels","status":"publish","type":"product","link":"https:\/\/vitablanca.ma\/en\/product\/keratine-queen-ensemble-protein-brazilian-shampoing-et-apres-shampoing-professionnels\/","title":{"rendered":"Keratine queen ensemble protein brazilian, shampoing et apr\u00e8s-shampoing professionnels"},"content":{"rendered":"<p><span>Keratine Queen : Soin complet pour des cheveux sublimes<\/span><\/p>\n<p><span>Shampoing hydratant<\/span><\/p>\n<p><span>Nettoie en profondeur: Elimine impuret\u00e9s et r\u00e9sidus<\/span><br \/><span>Hydrate en profondeur: Nourrit les cheveux et le cuir chevelu<\/span><br \/><span>Adoucit: Laisse les cheveux doux et faciles \u00e0 coiffer<\/span><br \/><span>Augmente la brillance: Pour des cheveux \u00e9clatants de sant\u00e9<\/span><br \/><span>Suitable for all hair types<\/span><\/p>\n<p><strong>Apr\u00e8s-shampoing<\/strong><\/p>\n<p><span>Nourrit et hydrate: Apporte douceur et souplesse<\/span><br \/><span>R\u00e9pare et fortifie: Prot\u00e8ge des dommages et de la casse<\/span><br \/><span>Lisse: Discipline les frisottis et facilite le d\u00e9m\u00ealage<\/span><br \/><span>Suitable for all hair types<\/span><\/p>\n<p><strong>Key ingredients<\/strong><\/p>\n<p><span>K\u00e9ratine: Renforce et restructure la fibre capillaire<\/span><br \/><span>Vitamine B5: Hydrate et nourrit en profondeur<\/span><br \/><span>Huile d\u2019argan: Nourrissante et protectrice<\/span><br \/><span>Collag\u00e8ne: R\u00e9pare et pr\u00e9vient la casse<\/span><br \/><span>Huile de jojoba: R\u00e9gule le s\u00e9bum et stimule la croissance<\/span><\/p>\n<ul>\n<li style=\"text-align: left\">Color Free<\/li>\n<li style=\"text-align: left\">Sulfate Free<\/li>\n<li style=\"text-align: left\">Paraben Free\n<\/li>\n<li>pour les gens qui ont fait\u00a0 un traitement k\u00e9ratine ou prot\u00e9ine<\/li>\n<\/ul>","protected":false},"excerpt":{"rendered":"<p>Keratine Queen : Soin complet pour des cheveux sublimes Shampoing hydratant Nettoie en profondeur: Elimine impuret\u00e9s et r\u00e9sidusHydrate en profondeur: Nourrit les cheveux et le cuir cheveluAdoucit: Laisse les cheveux doux et faciles \u00e0 coifferAugmente la brillance: Pour des cheveux \u00e9clatants de sant\u00e9Convient \u00e0 tous les types de cheveux Apr\u00e8s-shampoing Nourrit et hydrate: Apporte douceur [&hellip;]<\/p>\n","protected":false},"featured_media":33081,"template":"","meta":{"om_disable_all_campaigns":false},"product_brand":[],"product_cat":[18,15],"product_tag":[],"class_list":{"0":"post-33085","1":"product","2":"type-product","3":"status-publish","4":"has-post-thumbnail","6":"product_cat-beaute-sante","7":"product_cat-beaute-sante-complements-alimentaires-soins-et-bien-etre-au-meilleur-prix","9":"first","10":"instock","11":"taxable","12":"shipping-taxable","13":"purchasable","14":"product-type-simple"},"yoast_head":"<!-- This site is optimized with the Yoast SEO plugin v27.5 - https:\/\/yoast.com\/product\/yoast-seo-wordpress\/ -->\n<title>Keratine queen ensemble protein brazilian, shampoing et apr\u00e8s-shampoing professionnels - Maroc Prix<\/title>\n<meta name=\"description\" content=\"Keratine queen ensemble protein brazilian, shampoing et apr\u00e8s-shampoing professionnels\" \/>\n<meta name=\"robots\" content=\"index, follow, max-snippet:-1, max-image-preview:large, max-video-preview:-1\" \/>\n<link rel=\"canonical\" href=\"https:\/\/vitablanca.ma\/en\/product\/keratine-queen-ensemble-protein-brazilian-shampoing-et-apres-shampoing-professionnels\/\" \/>\n<meta property=\"og:locale\" content=\"en_US\" \/>\n<meta property=\"og:type\" content=\"article\" \/>\n<meta property=\"og:title\" content=\"Keratine queen ensemble protein brazilian, shampoing et apr\u00e8s-shampoing professionnels - Maroc Prix\" \/>\n<meta property=\"og:description\" content=\"Keratine queen ensemble protein brazilian, shampoing et apr\u00e8s-shampoing professionnels\" \/>\n<meta property=\"og:url\" content=\"https:\/\/vitablanca.ma\/en\/product\/keratine-queen-ensemble-protein-brazilian-shampoing-et-apres-shampoing-professionnels\/\" \/>\n<meta property=\"og:site_name\" content=\"Vitablanca.ma &ndash; Sant&eacute;, vitalit&eacute; et bien-&ecirc;tre pour tous les Marocains\" \/>\n<meta property=\"article:publisher\" content=\"https:\/\/www.facebook.com\/profile.php?id=61576678196717\" \/>\n<meta property=\"article:modified_time\" content=\"2026-03-06T03:38:46+00:00\" \/>\n<meta property=\"og:image\" content=\"https:\/\/vitablanca.ma\/wp-content\/uploads\/2026\/03\/pdt2_8_2_7_1_700x700_AAAME60827.jpg\" \/>\n\t<meta property=\"og:image:width\" content=\"700\" \/>\n\t<meta property=\"og:image:height\" content=\"700\" \/>\n\t<meta property=\"og:image:type\" content=\"image\/jpeg\" \/>\n<meta name=\"twitter:card\" content=\"summary_large_image\" \/>\n<meta name=\"twitter:label1\" content=\"Est. reading time\" \/>\n\t<meta name=\"twitter:data1\" content=\"1 minute\" \/>\n<script type=\"application\/ld+json\" class=\"yoast-schema-graph\">{\"@context\":\"https:\\\/\\\/schema.org\",\"@graph\":[{\"@type\":[\"WebPage\",\"ItemPage\"],\"@id\":\"https:\\\/\\\/vitablanca.ma\\\/produit\\\/keratine-queen-ensemble-protein-brazilian-shampoing-et-apres-shampoing-professionnels\\\/\",\"url\":\"https:\\\/\\\/vitablanca.ma\\\/produit\\\/keratine-queen-ensemble-protein-brazilian-shampoing-et-apres-shampoing-professionnels\\\/\",\"name\":\"Keratine queen ensemble protein brazilian, shampoing et apr\u00e8s-shampoing professionnels - Maroc Prix\",\"isPartOf\":{\"@id\":\"https:\\\/\\\/vitablanca.ma\\\/#website\"},\"primaryImageOfPage\":{\"@id\":\"https:\\\/\\\/vitablanca.ma\\\/produit\\\/keratine-queen-ensemble-protein-brazilian-shampoing-et-apres-shampoing-professionnels\\\/#primaryimage\"},\"image\":{\"@id\":\"https:\\\/\\\/vitablanca.ma\\\/produit\\\/keratine-queen-ensemble-protein-brazilian-shampoing-et-apres-shampoing-professionnels\\\/#primaryimage\"},\"thumbnailUrl\":\"https:\\\/\\\/vitablanca.ma\\\/wp-content\\\/uploads\\\/2026\\\/03\\\/pdt2_8_2_7_1_700x700_AAAME60827.jpg\",\"datePublished\":\"2026-03-04T02:57:17+00:00\",\"dateModified\":\"2026-03-06T03:38:46+00:00\",\"description\":\"Keratine queen ensemble protein brazilian, shampoing et apr\u00e8s-shampoing professionnels\",\"breadcrumb\":{\"@id\":\"https:\\\/\\\/vitablanca.ma\\\/produit\\\/keratine-queen-ensemble-protein-brazilian-shampoing-et-apres-shampoing-professionnels\\\/#breadcrumb\"},\"inLanguage\":\"en-US\",\"potentialAction\":[{\"@type\":\"ReadAction\",\"target\":[\"https:\\\/\\\/vitablanca.ma\\\/produit\\\/keratine-queen-ensemble-protein-brazilian-shampoing-et-apres-shampoing-professionnels\\\/\"]}]},{\"@type\":\"ImageObject\",\"inLanguage\":\"en-US\",\"@id\":\"https:\\\/\\\/vitablanca.ma\\\/produit\\\/keratine-queen-ensemble-protein-brazilian-shampoing-et-apres-shampoing-professionnels\\\/#primaryimage\",\"url\":\"https:\\\/\\\/vitablanca.ma\\\/wp-content\\\/uploads\\\/2026\\\/03\\\/pdt2_8_2_7_1_700x700_AAAME60827.jpg\",\"contentUrl\":\"https:\\\/\\\/vitablanca.ma\\\/wp-content\\\/uploads\\\/2026\\\/03\\\/pdt2_8_2_7_1_700x700_AAAME60827.jpg\",\"width\":700,\"height\":700},{\"@type\":\"BreadcrumbList\",\"@id\":\"https:\\\/\\\/vitablanca.ma\\\/produit\\\/keratine-queen-ensemble-protein-brazilian-shampoing-et-apres-shampoing-professionnels\\\/#breadcrumb\",\"itemListElement\":[{\"@type\":\"ListItem\",\"position\":1,\"name\":\"Home\",\"item\":\"https:\\\/\\\/vitablanca.ma\\\/\"},{\"@type\":\"ListItem\",\"position\":2,\"name\":\"Tous Les Produits\",\"item\":\"https:\\\/\\\/vitablanca.ma\\\/tous-les-produits\\\/\"},{\"@type\":\"ListItem\",\"position\":3,\"name\":\"Keratine queen ensemble protein brazilian, shampoing et apr\u00e8s-shampoing professionnels\"}]},{\"@type\":\"WebSite\",\"@id\":\"https:\\\/\\\/vitablanca.ma\\\/#website\",\"url\":\"https:\\\/\\\/vitablanca.ma\\\/\",\"name\":\"VitaBlanca.ma | Compl\u00e9ments alimentaires, sant\u00e9 & beaut\u00e9 au Maroc\",\"description\":\"vendre vitamines et compl\u00e9ments premium des USA &amp; Canada, Nouvelle Z\u00e9lande,Maroc (NOW Foods, Solgar, Manuka). Livraison rapide partout au Maroc.\",\"publisher\":{\"@id\":\"https:\\\/\\\/vitablanca.ma\\\/#organization\"},\"alternateName\":\"VitaBlanca.ma\",\"potentialAction\":[{\"@type\":\"SearchAction\",\"target\":{\"@type\":\"EntryPoint\",\"urlTemplate\":\"https:\\\/\\\/vitablanca.ma\\\/?s={search_term_string}\"},\"query-input\":{\"@type\":\"PropertyValueSpecification\",\"valueRequired\":true,\"valueName\":\"search_term_string\"}}],\"inLanguage\":\"en-US\"},{\"@type\":\"Organization\",\"@id\":\"https:\\\/\\\/vitablanca.ma\\\/#organization\",\"name\":\"VitaBlanca\",\"url\":\"https:\\\/\\\/vitablanca.ma\\\/\",\"logo\":{\"@type\":\"ImageObject\",\"inLanguage\":\"en-US\",\"@id\":\"https:\\\/\\\/vitablanca.ma\\\/#\\\/schema\\\/logo\\\/image\\\/\",\"url\":\"https:\\\/\\\/vitablanca.ma\\\/wp-content\\\/uploads\\\/2025\\\/05\\\/cropped-vitablanca.png\",\"contentUrl\":\"https:\\\/\\\/vitablanca.ma\\\/wp-content\\\/uploads\\\/2025\\\/05\\\/cropped-vitablanca.png\",\"width\":360,\"height\":67,\"caption\":\"VitaBlanca\"},\"image\":{\"@id\":\"https:\\\/\\\/vitablanca.ma\\\/#\\\/schema\\\/logo\\\/image\\\/\"},\"sameAs\":[\"https:\\\/\\\/www.facebook.com\\\/profile.php?id=61576678196717\",\"https:\\\/\\\/www.tiktok.com\\\/@vitablanca.ma\",\"https:\\\/\\\/www.instagram.com\\\/vitablanca.ma\\\/\"]}]}<\/script>\n<!-- \/ Yoast SEO plugin. -->","yoast_head_json":{"title":"Keratine queen ensemble protein brazilian, shampoing et apr\u00e8s-shampoing professionnels - Maroc Prix","description":"Keratine queen ensemble protein brazilian, shampoing et apr\u00e8s-shampoing professionnels","robots":{"index":"index","follow":"follow","max-snippet":"max-snippet:-1","max-image-preview":"max-image-preview:large","max-video-preview":"max-video-preview:-1"},"canonical":"https:\/\/vitablanca.ma\/en\/product\/keratine-queen-ensemble-protein-brazilian-shampoing-et-apres-shampoing-professionnels\/","og_locale":"en_US","og_type":"article","og_title":"Keratine queen ensemble protein brazilian, shampoing et apr\u00e8s-shampoing professionnels - Maroc Prix","og_description":"Keratine queen ensemble protein brazilian, shampoing et apr\u00e8s-shampoing professionnels","og_url":"https:\/\/vitablanca.ma\/en\/product\/keratine-queen-ensemble-protein-brazilian-shampoing-et-apres-shampoing-professionnels\/","og_site_name":"Vitablanca.ma &ndash; Sant&eacute;, vitalit&eacute; et bien-&ecirc;tre pour tous les Marocains","article_publisher":"https:\/\/www.facebook.com\/profile.php?id=61576678196717","article_modified_time":"2026-03-06T03:38:46+00:00","og_image":[{"width":700,"height":700,"url":"https:\/\/vitablanca.ma\/wp-content\/uploads\/2026\/03\/pdt2_8_2_7_1_700x700_AAAME60827.jpg","type":"image\/jpeg"}],"twitter_card":"summary_large_image","twitter_misc":{"Est. reading time":"1 minute"},"schema":{"@context":"https:\/\/schema.org","@graph":[{"@type":["WebPage","ItemPage"],"@id":"https:\/\/vitablanca.ma\/produit\/keratine-queen-ensemble-protein-brazilian-shampoing-et-apres-shampoing-professionnels\/","url":"https:\/\/vitablanca.ma\/produit\/keratine-queen-ensemble-protein-brazilian-shampoing-et-apres-shampoing-professionnels\/","name":"Keratine queen ensemble protein brazilian, shampoing et apr\u00e8s-shampoing professionnels - Maroc Prix","isPartOf":{"@id":"https:\/\/vitablanca.ma\/#website"},"primaryImageOfPage":{"@id":"https:\/\/vitablanca.ma\/produit\/keratine-queen-ensemble-protein-brazilian-shampoing-et-apres-shampoing-professionnels\/#primaryimage"},"image":{"@id":"https:\/\/vitablanca.ma\/produit\/keratine-queen-ensemble-protein-brazilian-shampoing-et-apres-shampoing-professionnels\/#primaryimage"},"thumbnailUrl":"https:\/\/vitablanca.ma\/wp-content\/uploads\/2026\/03\/pdt2_8_2_7_1_700x700_AAAME60827.jpg","datePublished":"2026-03-04T02:57:17+00:00","dateModified":"2026-03-06T03:38:46+00:00","description":"Keratine queen ensemble protein brazilian, shampoing et apr\u00e8s-shampoing professionnels","breadcrumb":{"@id":"https:\/\/vitablanca.ma\/produit\/keratine-queen-ensemble-protein-brazilian-shampoing-et-apres-shampoing-professionnels\/#breadcrumb"},"inLanguage":"en-US","potentialAction":[{"@type":"ReadAction","target":["https:\/\/vitablanca.ma\/produit\/keratine-queen-ensemble-protein-brazilian-shampoing-et-apres-shampoing-professionnels\/"]}]},{"@type":"ImageObject","inLanguage":"en-US","@id":"https:\/\/vitablanca.ma\/produit\/keratine-queen-ensemble-protein-brazilian-shampoing-et-apres-shampoing-professionnels\/#primaryimage","url":"https:\/\/vitablanca.ma\/wp-content\/uploads\/2026\/03\/pdt2_8_2_7_1_700x700_AAAME60827.jpg","contentUrl":"https:\/\/vitablanca.ma\/wp-content\/uploads\/2026\/03\/pdt2_8_2_7_1_700x700_AAAME60827.jpg","width":700,"height":700},{"@type":"BreadcrumbList","@id":"https:\/\/vitablanca.ma\/produit\/keratine-queen-ensemble-protein-brazilian-shampoing-et-apres-shampoing-professionnels\/#breadcrumb","itemListElement":[{"@type":"ListItem","position":1,"name":"Home","item":"https:\/\/vitablanca.ma\/"},{"@type":"ListItem","position":2,"name":"Tous Les Produits","item":"https:\/\/vitablanca.ma\/tous-les-produits\/"},{"@type":"ListItem","position":3,"name":"Keratine queen ensemble protein brazilian, shampoing et apr\u00e8s-shampoing professionnels"}]},{"@type":"WebSite","@id":"https:\/\/vitablanca.ma\/#website","url":"https:\/\/vitablanca.ma\/","name":"VitaBlanca.ma | Food supplements, health &amp; beauty in Morocco","description":"sell premium vitamins and supplements from USA &amp; Canada, New Zealand, Morocco (NOW Foods, Solgar, Manuka). Fast delivery anywhere in Morocco.","publisher":{"@id":"https:\/\/vitablanca.ma\/#organization"},"alternateName":"VitaBlanca.ma","potentialAction":[{"@type":"SearchAction","target":{"@type":"EntryPoint","urlTemplate":"https:\/\/vitablanca.ma\/?s={search_term_string}"},"query-input":{"@type":"PropertyValueSpecification","valueRequired":true,"valueName":"search_term_string"}}],"inLanguage":"en-US"},{"@type":"Organization","@id":"https:\/\/vitablanca.ma\/#organization","name":"VitaBlanca","url":"https:\/\/vitablanca.ma\/","logo":{"@type":"ImageObject","inLanguage":"en-US","@id":"https:\/\/vitablanca.ma\/#\/schema\/logo\/image\/","url":"https:\/\/vitablanca.ma\/wp-content\/uploads\/2025\/05\/cropped-vitablanca.png","contentUrl":"https:\/\/vitablanca.ma\/wp-content\/uploads\/2025\/05\/cropped-vitablanca.png","width":360,"height":67,"caption":"VitaBlanca"},"image":{"@id":"https:\/\/vitablanca.ma\/#\/schema\/logo\/image\/"},"sameAs":["https:\/\/www.facebook.com\/profile.php?id=61576678196717","https:\/\/www.tiktok.com\/@vitablanca.ma","https:\/\/www.instagram.com\/vitablanca.ma\/"]}]}},"jetpack_sharing_enabled":true,"_links":{"self":[{"href":"https:\/\/vitablanca.ma\/en\/wp-json\/wp\/v2\/product\/33085","targetHints":{"allow":["GET"]}}],"collection":[{"href":"https:\/\/vitablanca.ma\/en\/wp-json\/wp\/v2\/product"}],"about":[{"href":"https:\/\/vitablanca.ma\/en\/wp-json\/wp\/v2\/types\/product"}],"wp:featuredmedia":[{"embeddable":true,"href":"https:\/\/vitablanca.ma\/en\/wp-json\/wp\/v2\/media\/33081"}],"wp:attachment":[{"href":"https:\/\/vitablanca.ma\/en\/wp-json\/wp\/v2\/media?parent=33085"}],"wp:term":[{"taxonomy":"product_brand","embeddable":true,"href":"https:\/\/vitablanca.ma\/en\/wp-json\/wp\/v2\/product_brand?post=33085"},{"taxonomy":"product_cat","embeddable":true,"href":"https:\/\/vitablanca.ma\/en\/wp-json\/wp\/v2\/product_cat?post=33085"},{"taxonomy":"product_tag","embeddable":true,"href":"https:\/\/vitablanca.ma\/en\/wp-json\/wp\/v2\/product_tag?post=33085"}],"curies":[{"name":"wp","href":"https:\/\/api.w.org\/{rel}","templated":true}]}}