{"id":33080,"date":"2026-03-04T02:57:00","date_gmt":"2026-03-04T02:57:00","guid":{"rendered":"https:\/\/vitablanca.ma\/produit\/keratine-queen-ampoules-pour-cheveux-abimes-a-lhuile-dargan-13-ml-10-pieces-hydratantes-reparatrices-traitement-intensif\/"},"modified":"2026-03-06T03:38:46","modified_gmt":"2026-03-06T03:38:46","slug":"keratine-queen-ampoules-pour-cheveux-abimes-a-lhuile-dargan-13-ml-10-pieces-hydratantes-reparatrices-traitement-intensif","status":"publish","type":"product","link":"https:\/\/vitablanca.ma\/en\/product\/keratine-queen-ampoules-pour-cheveux-abimes-a-lhuile-dargan-13-ml-10-pieces-hydratantes-reparatrices-traitement-intensif\/","title":{"rendered":"Keratine queen Ampoules pour cheveux ab\u00eem\u00e9s \u00e0 l&rsquo;huile d&rsquo;argan (13 ml * 10 pi\u00e8ces) : hydratantes, r\u00e9paratrices, traitement intensif"},"content":{"rendered":"<p><span>Les ampoules pour cheveux ab\u00eem\u00e9s de Keratine Queen sont une solution intensive enrichie \u00e0 l\u2019huile d\u2019argan, con\u00e7ue pour hydrater, r\u00e9parer et revitaliser les cheveux. Chaque ampoule contient 13 ml de formule concentr\u00e9e, id\u00e9ale pour offrir un traitement intensif aux cheveux endommag\u00e9s. Gr\u00e2ce \u00e0 sa composition riche en k\u00e9ratine et en huile d\u2019argan, ce traitement nourrit en profondeur les cheveux, renforce leur structure et leur donne une apparence saine et \u00e9clatante. Utilisez r\u00e9guli\u00e8rement ces ampoules pour restaurer la vitalit\u00e9 de vos cheveux et retrouver une chevelure douce, soyeuse et pleine de vitalit\u00e9.<\/span><\/p>","protected":false},"excerpt":{"rendered":"<p>Les ampoules pour cheveux ab\u00eem\u00e9s de Keratine Queen sont une solution intensive enrichie \u00e0 l\u2019huile d\u2019argan, con\u00e7ue pour hydrater, r\u00e9parer et revitaliser les cheveux. Chaque ampoule contient 13 ml de formule concentr\u00e9e, id\u00e9ale pour offrir un traitement intensif aux cheveux endommag\u00e9s. Gr\u00e2ce \u00e0 sa composition riche en k\u00e9ratine et en huile d\u2019argan, ce traitement nourrit [&hellip;]<\/p>\n","protected":false},"featured_media":33077,"template":"","meta":{"om_disable_all_campaigns":false},"product_brand":[],"product_cat":[18,15],"product_tag":[],"class_list":{"0":"post-33080","1":"product","2":"type-product","3":"status-publish","4":"has-post-thumbnail","6":"product_cat-beaute-sante","7":"product_cat-beaute-sante-complements-alimentaires-soins-et-bien-etre-au-meilleur-prix","9":"first","10":"instock","11":"taxable","12":"shipping-taxable","13":"purchasable","14":"product-type-simple"},"yoast_head":"<!-- This site is optimized with the Yoast SEO plugin v27.5 - https:\/\/yoast.com\/product\/yoast-seo-wordpress\/ -->\n<title>Keratine queen Ampoules pour cheveux ab\u00eem\u00e9s \u00e0 l&#039;huile d&#039;argan (13 ml * 10 pi\u00e8ces) : hydratantes, r\u00e9paratrices, traitement intensif - Maroc Prix<\/title>\n<meta name=\"description\" content=\"Keratine queen Ampoules pour cheveux ab\u00eem\u00e9s \u00e0 l&#039;huile d&#039;argan (13 ml * 10 pi\u00e8ces) : hydratantes, r\u00e9paratrices, traitement intensif\" \/>\n<meta name=\"robots\" content=\"index, follow, max-snippet:-1, max-image-preview:large, max-video-preview:-1\" \/>\n<link rel=\"canonical\" href=\"https:\/\/vitablanca.ma\/en\/product\/keratine-queen-ampoules-pour-cheveux-abimes-a-lhuile-dargan-13-ml-10-pieces-hydratantes-reparatrices-traitement-intensif\/\" \/>\n<meta property=\"og:locale\" content=\"en_US\" \/>\n<meta property=\"og:type\" content=\"article\" \/>\n<meta property=\"og:title\" content=\"Keratine queen Ampoules pour cheveux ab\u00eem\u00e9s \u00e0 l&#039;huile d&#039;argan (13 ml * 10 pi\u00e8ces) : hydratantes, r\u00e9paratrices, traitement intensif - Maroc Prix\" \/>\n<meta property=\"og:description\" content=\"Keratine queen Ampoules pour cheveux ab\u00eem\u00e9s \u00e0 l&#039;huile d&#039;argan (13 ml * 10 pi\u00e8ces) : hydratantes, r\u00e9paratrices, traitement intensif\" \/>\n<meta property=\"og:url\" content=\"https:\/\/vitablanca.ma\/en\/product\/keratine-queen-ampoules-pour-cheveux-abimes-a-lhuile-dargan-13-ml-10-pieces-hydratantes-reparatrices-traitement-intensif\/\" \/>\n<meta property=\"og:site_name\" content=\"Vitablanca.ma &ndash; Sant&eacute;, vitalit&eacute; et bien-&ecirc;tre pour tous les Marocains\" \/>\n<meta property=\"article:publisher\" content=\"https:\/\/www.facebook.com\/profile.php?id=61576678196717\" \/>\n<meta property=\"article:modified_time\" content=\"2026-03-06T03:38:46+00:00\" \/>\n<meta property=\"og:image\" content=\"https:\/\/vitablanca.ma\/wp-content\/uploads\/2026\/03\/pdt2_8_0_6_1_700x700_AAABE67806.jpg\" \/>\n\t<meta property=\"og:image:width\" content=\"700\" \/>\n\t<meta property=\"og:image:height\" content=\"700\" \/>\n\t<meta property=\"og:image:type\" content=\"image\/jpeg\" \/>\n<meta name=\"twitter:card\" content=\"summary_large_image\" \/>\n<script type=\"application\/ld+json\" class=\"yoast-schema-graph\">{\"@context\":\"https:\\\/\\\/schema.org\",\"@graph\":[{\"@type\":[\"WebPage\",\"ItemPage\"],\"@id\":\"https:\\\/\\\/vitablanca.ma\\\/produit\\\/keratine-queen-ampoules-pour-cheveux-abimes-a-lhuile-dargan-13-ml-10-pieces-hydratantes-reparatrices-traitement-intensif\\\/\",\"url\":\"https:\\\/\\\/vitablanca.ma\\\/produit\\\/keratine-queen-ampoules-pour-cheveux-abimes-a-lhuile-dargan-13-ml-10-pieces-hydratantes-reparatrices-traitement-intensif\\\/\",\"name\":\"Keratine queen Ampoules pour cheveux ab\u00eem\u00e9s \u00e0 l'huile d'argan (13 ml * 10 pi\u00e8ces) : hydratantes, r\u00e9paratrices, traitement intensif - Maroc Prix\",\"isPartOf\":{\"@id\":\"https:\\\/\\\/vitablanca.ma\\\/#website\"},\"primaryImageOfPage\":{\"@id\":\"https:\\\/\\\/vitablanca.ma\\\/produit\\\/keratine-queen-ampoules-pour-cheveux-abimes-a-lhuile-dargan-13-ml-10-pieces-hydratantes-reparatrices-traitement-intensif\\\/#primaryimage\"},\"image\":{\"@id\":\"https:\\\/\\\/vitablanca.ma\\\/produit\\\/keratine-queen-ampoules-pour-cheveux-abimes-a-lhuile-dargan-13-ml-10-pieces-hydratantes-reparatrices-traitement-intensif\\\/#primaryimage\"},\"thumbnailUrl\":\"https:\\\/\\\/vitablanca.ma\\\/wp-content\\\/uploads\\\/2026\\\/03\\\/pdt2_8_0_6_1_700x700_AAABE67806.jpg\",\"datePublished\":\"2026-03-04T02:57:00+00:00\",\"dateModified\":\"2026-03-06T03:38:46+00:00\",\"description\":\"Keratine queen Ampoules pour cheveux ab\u00eem\u00e9s \u00e0 l'huile d'argan (13 ml * 10 pi\u00e8ces) : hydratantes, r\u00e9paratrices, traitement intensif\",\"breadcrumb\":{\"@id\":\"https:\\\/\\\/vitablanca.ma\\\/produit\\\/keratine-queen-ampoules-pour-cheveux-abimes-a-lhuile-dargan-13-ml-10-pieces-hydratantes-reparatrices-traitement-intensif\\\/#breadcrumb\"},\"inLanguage\":\"en-US\",\"potentialAction\":[{\"@type\":\"ReadAction\",\"target\":[\"https:\\\/\\\/vitablanca.ma\\\/produit\\\/keratine-queen-ampoules-pour-cheveux-abimes-a-lhuile-dargan-13-ml-10-pieces-hydratantes-reparatrices-traitement-intensif\\\/\"]}]},{\"@type\":\"ImageObject\",\"inLanguage\":\"en-US\",\"@id\":\"https:\\\/\\\/vitablanca.ma\\\/produit\\\/keratine-queen-ampoules-pour-cheveux-abimes-a-lhuile-dargan-13-ml-10-pieces-hydratantes-reparatrices-traitement-intensif\\\/#primaryimage\",\"url\":\"https:\\\/\\\/vitablanca.ma\\\/wp-content\\\/uploads\\\/2026\\\/03\\\/pdt2_8_0_6_1_700x700_AAABE67806.jpg\",\"contentUrl\":\"https:\\\/\\\/vitablanca.ma\\\/wp-content\\\/uploads\\\/2026\\\/03\\\/pdt2_8_0_6_1_700x700_AAABE67806.jpg\",\"width\":700,\"height\":700},{\"@type\":\"BreadcrumbList\",\"@id\":\"https:\\\/\\\/vitablanca.ma\\\/produit\\\/keratine-queen-ampoules-pour-cheveux-abimes-a-lhuile-dargan-13-ml-10-pieces-hydratantes-reparatrices-traitement-intensif\\\/#breadcrumb\",\"itemListElement\":[{\"@type\":\"ListItem\",\"position\":1,\"name\":\"Home\",\"item\":\"https:\\\/\\\/vitablanca.ma\\\/\"},{\"@type\":\"ListItem\",\"position\":2,\"name\":\"Tous Les Produits\",\"item\":\"https:\\\/\\\/vitablanca.ma\\\/tous-les-produits\\\/\"},{\"@type\":\"ListItem\",\"position\":3,\"name\":\"Keratine queen Ampoules pour cheveux ab\u00eem\u00e9s \u00e0 l&#8217;huile d&#8217;argan (13 ml * 10 pi\u00e8ces) : hydratantes, r\u00e9paratrices, traitement intensif\"}]},{\"@type\":\"WebSite\",\"@id\":\"https:\\\/\\\/vitablanca.ma\\\/#website\",\"url\":\"https:\\\/\\\/vitablanca.ma\\\/\",\"name\":\"VitaBlanca.ma | Compl\u00e9ments alimentaires, sant\u00e9 & beaut\u00e9 au Maroc\",\"description\":\"vendre vitamines et compl\u00e9ments premium des USA &amp; Canada, Nouvelle Z\u00e9lande,Maroc (NOW Foods, Solgar, Manuka). Livraison rapide partout au Maroc.\",\"publisher\":{\"@id\":\"https:\\\/\\\/vitablanca.ma\\\/#organization\"},\"alternateName\":\"VitaBlanca.ma\",\"potentialAction\":[{\"@type\":\"SearchAction\",\"target\":{\"@type\":\"EntryPoint\",\"urlTemplate\":\"https:\\\/\\\/vitablanca.ma\\\/?s={search_term_string}\"},\"query-input\":{\"@type\":\"PropertyValueSpecification\",\"valueRequired\":true,\"valueName\":\"search_term_string\"}}],\"inLanguage\":\"en-US\"},{\"@type\":\"Organization\",\"@id\":\"https:\\\/\\\/vitablanca.ma\\\/#organization\",\"name\":\"VitaBlanca\",\"url\":\"https:\\\/\\\/vitablanca.ma\\\/\",\"logo\":{\"@type\":\"ImageObject\",\"inLanguage\":\"en-US\",\"@id\":\"https:\\\/\\\/vitablanca.ma\\\/#\\\/schema\\\/logo\\\/image\\\/\",\"url\":\"https:\\\/\\\/vitablanca.ma\\\/wp-content\\\/uploads\\\/2025\\\/05\\\/cropped-vitablanca.png\",\"contentUrl\":\"https:\\\/\\\/vitablanca.ma\\\/wp-content\\\/uploads\\\/2025\\\/05\\\/cropped-vitablanca.png\",\"width\":360,\"height\":67,\"caption\":\"VitaBlanca\"},\"image\":{\"@id\":\"https:\\\/\\\/vitablanca.ma\\\/#\\\/schema\\\/logo\\\/image\\\/\"},\"sameAs\":[\"https:\\\/\\\/www.facebook.com\\\/profile.php?id=61576678196717\",\"https:\\\/\\\/www.tiktok.com\\\/@vitablanca.ma\",\"https:\\\/\\\/www.instagram.com\\\/vitablanca.ma\\\/\"]}]}<\/script>\n<!-- \/ Yoast SEO plugin. -->","yoast_head_json":{"title":"Keratine queen Ampoules pour cheveux ab\u00eem\u00e9s \u00e0 l'huile d'argan (13 ml * 10 pi\u00e8ces) : hydratantes, r\u00e9paratrices, traitement intensif - Maroc Prix","description":"Keratine queen Ampoules pour cheveux ab\u00eem\u00e9s \u00e0 l'huile d'argan (13 ml * 10 pi\u00e8ces) : hydratantes, r\u00e9paratrices, traitement intensif","robots":{"index":"index","follow":"follow","max-snippet":"max-snippet:-1","max-image-preview":"max-image-preview:large","max-video-preview":"max-video-preview:-1"},"canonical":"https:\/\/vitablanca.ma\/en\/product\/keratine-queen-ampoules-pour-cheveux-abimes-a-lhuile-dargan-13-ml-10-pieces-hydratantes-reparatrices-traitement-intensif\/","og_locale":"en_US","og_type":"article","og_title":"Keratine queen Ampoules pour cheveux ab\u00eem\u00e9s \u00e0 l'huile d'argan (13 ml * 10 pi\u00e8ces) : hydratantes, r\u00e9paratrices, traitement intensif - Maroc Prix","og_description":"Keratine queen Ampoules pour cheveux ab\u00eem\u00e9s \u00e0 l'huile d'argan (13 ml * 10 pi\u00e8ces) : hydratantes, r\u00e9paratrices, traitement intensif","og_url":"https:\/\/vitablanca.ma\/en\/product\/keratine-queen-ampoules-pour-cheveux-abimes-a-lhuile-dargan-13-ml-10-pieces-hydratantes-reparatrices-traitement-intensif\/","og_site_name":"Vitablanca.ma &ndash; Sant&eacute;, vitalit&eacute; et bien-&ecirc;tre pour tous les Marocains","article_publisher":"https:\/\/www.facebook.com\/profile.php?id=61576678196717","article_modified_time":"2026-03-06T03:38:46+00:00","og_image":[{"width":700,"height":700,"url":"https:\/\/vitablanca.ma\/wp-content\/uploads\/2026\/03\/pdt2_8_0_6_1_700x700_AAABE67806.jpg","type":"image\/jpeg"}],"twitter_card":"summary_large_image","schema":{"@context":"https:\/\/schema.org","@graph":[{"@type":["WebPage","ItemPage"],"@id":"https:\/\/vitablanca.ma\/produit\/keratine-queen-ampoules-pour-cheveux-abimes-a-lhuile-dargan-13-ml-10-pieces-hydratantes-reparatrices-traitement-intensif\/","url":"https:\/\/vitablanca.ma\/produit\/keratine-queen-ampoules-pour-cheveux-abimes-a-lhuile-dargan-13-ml-10-pieces-hydratantes-reparatrices-traitement-intensif\/","name":"Keratine queen Ampoules pour cheveux ab\u00eem\u00e9s \u00e0 l'huile d'argan (13 ml * 10 pi\u00e8ces) : hydratantes, r\u00e9paratrices, traitement intensif - Maroc Prix","isPartOf":{"@id":"https:\/\/vitablanca.ma\/#website"},"primaryImageOfPage":{"@id":"https:\/\/vitablanca.ma\/produit\/keratine-queen-ampoules-pour-cheveux-abimes-a-lhuile-dargan-13-ml-10-pieces-hydratantes-reparatrices-traitement-intensif\/#primaryimage"},"image":{"@id":"https:\/\/vitablanca.ma\/produit\/keratine-queen-ampoules-pour-cheveux-abimes-a-lhuile-dargan-13-ml-10-pieces-hydratantes-reparatrices-traitement-intensif\/#primaryimage"},"thumbnailUrl":"https:\/\/vitablanca.ma\/wp-content\/uploads\/2026\/03\/pdt2_8_0_6_1_700x700_AAABE67806.jpg","datePublished":"2026-03-04T02:57:00+00:00","dateModified":"2026-03-06T03:38:46+00:00","description":"Keratine queen Ampoules pour cheveux ab\u00eem\u00e9s \u00e0 l'huile d'argan (13 ml * 10 pi\u00e8ces) : hydratantes, r\u00e9paratrices, traitement intensif","breadcrumb":{"@id":"https:\/\/vitablanca.ma\/produit\/keratine-queen-ampoules-pour-cheveux-abimes-a-lhuile-dargan-13-ml-10-pieces-hydratantes-reparatrices-traitement-intensif\/#breadcrumb"},"inLanguage":"en-US","potentialAction":[{"@type":"ReadAction","target":["https:\/\/vitablanca.ma\/produit\/keratine-queen-ampoules-pour-cheveux-abimes-a-lhuile-dargan-13-ml-10-pieces-hydratantes-reparatrices-traitement-intensif\/"]}]},{"@type":"ImageObject","inLanguage":"en-US","@id":"https:\/\/vitablanca.ma\/produit\/keratine-queen-ampoules-pour-cheveux-abimes-a-lhuile-dargan-13-ml-10-pieces-hydratantes-reparatrices-traitement-intensif\/#primaryimage","url":"https:\/\/vitablanca.ma\/wp-content\/uploads\/2026\/03\/pdt2_8_0_6_1_700x700_AAABE67806.jpg","contentUrl":"https:\/\/vitablanca.ma\/wp-content\/uploads\/2026\/03\/pdt2_8_0_6_1_700x700_AAABE67806.jpg","width":700,"height":700},{"@type":"BreadcrumbList","@id":"https:\/\/vitablanca.ma\/produit\/keratine-queen-ampoules-pour-cheveux-abimes-a-lhuile-dargan-13-ml-10-pieces-hydratantes-reparatrices-traitement-intensif\/#breadcrumb","itemListElement":[{"@type":"ListItem","position":1,"name":"Home","item":"https:\/\/vitablanca.ma\/"},{"@type":"ListItem","position":2,"name":"Tous Les Produits","item":"https:\/\/vitablanca.ma\/tous-les-produits\/"},{"@type":"ListItem","position":3,"name":"Keratine queen Ampoules pour cheveux ab\u00eem\u00e9s \u00e0 l&#8217;huile d&#8217;argan (13 ml * 10 pi\u00e8ces) : hydratantes, r\u00e9paratrices, traitement intensif"}]},{"@type":"WebSite","@id":"https:\/\/vitablanca.ma\/#website","url":"https:\/\/vitablanca.ma\/","name":"VitaBlanca.ma | Food supplements, health &amp; beauty in Morocco","description":"sell premium vitamins and supplements from USA &amp; Canada, New Zealand, Morocco (NOW Foods, Solgar, Manuka). Fast delivery anywhere in Morocco.","publisher":{"@id":"https:\/\/vitablanca.ma\/#organization"},"alternateName":"VitaBlanca.ma","potentialAction":[{"@type":"SearchAction","target":{"@type":"EntryPoint","urlTemplate":"https:\/\/vitablanca.ma\/?s={search_term_string}"},"query-input":{"@type":"PropertyValueSpecification","valueRequired":true,"valueName":"search_term_string"}}],"inLanguage":"en-US"},{"@type":"Organization","@id":"https:\/\/vitablanca.ma\/#organization","name":"VitaBlanca","url":"https:\/\/vitablanca.ma\/","logo":{"@type":"ImageObject","inLanguage":"en-US","@id":"https:\/\/vitablanca.ma\/#\/schema\/logo\/image\/","url":"https:\/\/vitablanca.ma\/wp-content\/uploads\/2025\/05\/cropped-vitablanca.png","contentUrl":"https:\/\/vitablanca.ma\/wp-content\/uploads\/2025\/05\/cropped-vitablanca.png","width":360,"height":67,"caption":"VitaBlanca"},"image":{"@id":"https:\/\/vitablanca.ma\/#\/schema\/logo\/image\/"},"sameAs":["https:\/\/www.facebook.com\/profile.php?id=61576678196717","https:\/\/www.tiktok.com\/@vitablanca.ma","https:\/\/www.instagram.com\/vitablanca.ma\/"]}]}},"jetpack_sharing_enabled":true,"_links":{"self":[{"href":"https:\/\/vitablanca.ma\/en\/wp-json\/wp\/v2\/product\/33080","targetHints":{"allow":["GET"]}}],"collection":[{"href":"https:\/\/vitablanca.ma\/en\/wp-json\/wp\/v2\/product"}],"about":[{"href":"https:\/\/vitablanca.ma\/en\/wp-json\/wp\/v2\/types\/product"}],"wp:featuredmedia":[{"embeddable":true,"href":"https:\/\/vitablanca.ma\/en\/wp-json\/wp\/v2\/media\/33077"}],"wp:attachment":[{"href":"https:\/\/vitablanca.ma\/en\/wp-json\/wp\/v2\/media?parent=33080"}],"wp:term":[{"taxonomy":"product_brand","embeddable":true,"href":"https:\/\/vitablanca.ma\/en\/wp-json\/wp\/v2\/product_brand?post=33080"},{"taxonomy":"product_cat","embeddable":true,"href":"https:\/\/vitablanca.ma\/en\/wp-json\/wp\/v2\/product_cat?post=33080"},{"taxonomy":"product_tag","embeddable":true,"href":"https:\/\/vitablanca.ma\/en\/wp-json\/wp\/v2\/product_tag?post=33080"}],"curies":[{"name":"wp","href":"https:\/\/api.w.org\/{rel}","templated":true}]}}