{"id":33063,"date":"2026-03-04T02:42:03","date_gmt":"2026-03-04T02:42:03","guid":{"rendered":"https:\/\/vitablanca.ma\/produit\/badee-al-oud-black-parfum-oud-for-glory-pour-unisexe-lattafa-100-ml\/"},"modified":"2026-04-17T22:32:38","modified_gmt":"2026-04-17T22:32:38","slug":"badee-al-oud-black-parfum-oud-for-glory-pour-unisexe-lattafa-100-ml","status":"publish","type":"product","link":"https:\/\/vitablanca.ma\/en\/product\/badee-al-oud-black-parfum-oud-for-glory-pour-unisexe-lattafa-100-ml\/","title":{"rendered":"BADEE AL OUD BLACK PARFUM Oud For Glory Pour Unisexe &#8211; Lattafa 100 ml"},"content":{"rendered":"<p>Ce parfum prestigieux [ <strong>\u0628\u062f\u064a\u0639 \u0627\u0644\u0639\u0648\u062f ]\u00a0BADEE AL OUD BLACK PARFUM Lattafa de 100 ml<\/strong> offre une exp\u00e9rience luxueuse gr\u00e2ce \u00e0 son m\u00e9lange unique de notes de oud et de parfum noir. Son odeur intense et envo\u00fbtante vous emporte dans un monde raffin\u00e9 et \u00e9l\u00e9gant. Profitez de votre journ\u00e9e avec confiance et \u00e9l\u00e9gance gr\u00e2ce \u00e0 ce parfum haut de gamme.<\/p>\n<p><strong>Notes olfactives :<\/strong><\/p>\n<p><strong>Notes de t\u00eate:<\/strong> Lavande, Safran, Muscade<br \/>\n<strong>Notes de coeur:<\/strong> Oud, Patchouli<br \/>\n<strong>Notes de fond:<\/strong> Musc, Oud, Patchouli<\/p>\n","protected":false},"excerpt":{"rendered":"<p>Ce parfum prestigieux [ \u0628\u062f\u064a\u0639 \u0627\u0644\u0639\u0648\u062f ]\u00a0BADEE AL OUD BLACK PARFUM Lattafa de 100 ml offre une exp\u00e9rience luxueuse gr\u00e2ce \u00e0 son m\u00e9lange unique de notes de oud et de parfum noir. Son odeur intense et envo\u00fbtante vous emporte dans un monde raffin\u00e9 et \u00e9l\u00e9gant. Profitez de votre journ\u00e9e avec confiance et \u00e9l\u00e9gance gr\u00e2ce \u00e0 [&hellip;]<\/p>\n","protected":false},"featured_media":33060,"template":"","meta":{"om_disable_all_campaigns":false},"product_brand":[],"product_cat":[18,15,1091],"product_tag":[11734,11733,11738,11735,11739,11736,9561,7187,11737,11696],"class_list":{"0":"post-33063","1":"product","2":"type-product","3":"status-publish","4":"has-post-thumbnail","6":"product_cat-beaute-sante","7":"product_cat-beaute-sante-complements-alimentaires-soins-et-bien-etre-au-meilleur-prix","8":"product_cat-beaute-parfums-maroc-prix","9":"product_tag-badee-al-oud","10":"product_tag-lattafa","11":"product_tag-lattafa-oud-for-glory","12":"product_tag-oud-for-glory","13":"product_tag-parfum-arabe","14":"product_tag-parfum-lattafa","15":"product_tag-parfum-longue-tenue","16":"product_tag-parfum-oriental","17":"product_tag-parfum-oud","18":"product_tag-parfum-unisexe","20":"first","21":"instock","22":"taxable","23":"shipping-taxable","24":"purchasable","25":"product-type-simple"},"yoast_head":"<!-- This site is optimized with the Yoast SEO plugin v27.5 - https:\/\/yoast.com\/product\/yoast-seo-wordpress\/ -->\n<title>BADEE AL OUD BLACK PARFUM Oud - Lattafa - Maroc Prix<\/title>\n<meta name=\"description\" content=\"D\u00e9couvrez Badee Al Oud Oud For Glory de Lattafa 100 ml, un parfum unisexe oriental aux notes de safran, oud et patchouli. Une fragrance intense et \u00e9l\u00e9gante .\" \/>\n<meta name=\"robots\" content=\"index, follow, max-snippet:-1, max-image-preview:large, max-video-preview:-1\" \/>\n<link rel=\"canonical\" href=\"https:\/\/vitablanca.ma\/en\/product\/badee-al-oud-black-parfum-oud-for-glory-pour-unisexe-lattafa-100-ml\/\" \/>\n<meta property=\"og:locale\" content=\"en_US\" \/>\n<meta property=\"og:type\" content=\"article\" \/>\n<meta property=\"og:title\" content=\"BADEE AL OUD BLACK PARFUM Oud - Lattafa - Maroc Prix\" \/>\n<meta property=\"og:description\" content=\"D\u00e9couvrez Badee Al Oud Oud For Glory de Lattafa 100 ml, un parfum unisexe oriental aux notes de safran, oud et patchouli. Une fragrance intense et \u00e9l\u00e9gante .\" \/>\n<meta property=\"og:url\" content=\"https:\/\/vitablanca.ma\/en\/product\/badee-al-oud-black-parfum-oud-for-glory-pour-unisexe-lattafa-100-ml\/\" \/>\n<meta property=\"og:site_name\" content=\"Vitablanca.ma &ndash; Sant&eacute;, vitalit&eacute; et bien-&ecirc;tre pour tous les Marocains\" \/>\n<meta property=\"article:publisher\" content=\"https:\/\/www.facebook.com\/profile.php?id=61576678196717\" \/>\n<meta property=\"article:modified_time\" content=\"2026-04-17T22:32:38+00:00\" \/>\n<meta property=\"og:image\" content=\"https:\/\/vitablanca.ma\/wp-content\/uploads\/2026\/03\/BADEEALOUDBLACKPARFUMOudForGloryPourUnisexe-Lattafa100ml2.jpg\" \/>\n\t<meta property=\"og:image:width\" content=\"1080\" \/>\n\t<meta property=\"og:image:height\" content=\"1080\" \/>\n\t<meta property=\"og:image:type\" content=\"image\/jpeg\" \/>\n<meta name=\"twitter:card\" content=\"summary_large_image\" \/>\n<meta name=\"twitter:label1\" content=\"Est. reading time\" \/>\n\t<meta name=\"twitter:data1\" content=\"1 minute\" \/>\n<script type=\"application\/ld+json\" class=\"yoast-schema-graph\">{\"@context\":\"https:\\\/\\\/schema.org\",\"@graph\":[{\"@type\":[\"WebPage\",\"ItemPage\"],\"@id\":\"https:\\\/\\\/vitablanca.ma\\\/produit\\\/badee-al-oud-black-parfum-oud-for-glory-pour-unisexe-lattafa-100-ml\\\/\",\"url\":\"https:\\\/\\\/vitablanca.ma\\\/produit\\\/badee-al-oud-black-parfum-oud-for-glory-pour-unisexe-lattafa-100-ml\\\/\",\"name\":\"BADEE AL OUD BLACK PARFUM Oud - Lattafa - Maroc Prix\",\"isPartOf\":{\"@id\":\"https:\\\/\\\/vitablanca.ma\\\/#website\"},\"primaryImageOfPage\":{\"@id\":\"https:\\\/\\\/vitablanca.ma\\\/produit\\\/badee-al-oud-black-parfum-oud-for-glory-pour-unisexe-lattafa-100-ml\\\/#primaryimage\"},\"image\":{\"@id\":\"https:\\\/\\\/vitablanca.ma\\\/produit\\\/badee-al-oud-black-parfum-oud-for-glory-pour-unisexe-lattafa-100-ml\\\/#primaryimage\"},\"thumbnailUrl\":\"https:\\\/\\\/vitablanca.ma\\\/wp-content\\\/uploads\\\/2026\\\/03\\\/BADEEALOUDBLACKPARFUMOudForGloryPourUnisexe-Lattafa100ml2.jpg\",\"datePublished\":\"2026-03-04T02:42:03+00:00\",\"dateModified\":\"2026-04-17T22:32:38+00:00\",\"description\":\"D\u00e9couvrez Badee Al Oud Oud For Glory de Lattafa 100 ml, un parfum unisexe oriental aux notes de safran, oud et patchouli. Une fragrance intense et \u00e9l\u00e9gante .\",\"breadcrumb\":{\"@id\":\"https:\\\/\\\/vitablanca.ma\\\/produit\\\/badee-al-oud-black-parfum-oud-for-glory-pour-unisexe-lattafa-100-ml\\\/#breadcrumb\"},\"inLanguage\":\"en-US\",\"potentialAction\":[{\"@type\":\"ReadAction\",\"target\":[\"https:\\\/\\\/vitablanca.ma\\\/produit\\\/badee-al-oud-black-parfum-oud-for-glory-pour-unisexe-lattafa-100-ml\\\/\"]}]},{\"@type\":\"ImageObject\",\"inLanguage\":\"en-US\",\"@id\":\"https:\\\/\\\/vitablanca.ma\\\/produit\\\/badee-al-oud-black-parfum-oud-for-glory-pour-unisexe-lattafa-100-ml\\\/#primaryimage\",\"url\":\"https:\\\/\\\/vitablanca.ma\\\/wp-content\\\/uploads\\\/2026\\\/03\\\/BADEEALOUDBLACKPARFUMOudForGloryPourUnisexe-Lattafa100ml2.jpg\",\"contentUrl\":\"https:\\\/\\\/vitablanca.ma\\\/wp-content\\\/uploads\\\/2026\\\/03\\\/BADEEALOUDBLACKPARFUMOudForGloryPourUnisexe-Lattafa100ml2.jpg\",\"width\":1080,\"height\":1080},{\"@type\":\"BreadcrumbList\",\"@id\":\"https:\\\/\\\/vitablanca.ma\\\/produit\\\/badee-al-oud-black-parfum-oud-for-glory-pour-unisexe-lattafa-100-ml\\\/#breadcrumb\",\"itemListElement\":[{\"@type\":\"ListItem\",\"position\":1,\"name\":\"Home\",\"item\":\"https:\\\/\\\/vitablanca.ma\\\/\"},{\"@type\":\"ListItem\",\"position\":2,\"name\":\"Tous Les Produits\",\"item\":\"https:\\\/\\\/vitablanca.ma\\\/tous-les-produits\\\/\"},{\"@type\":\"ListItem\",\"position\":3,\"name\":\"BADEE AL OUD BLACK PARFUM Oud For Glory Pour Unisexe &#8211; Lattafa 100 ml\"}]},{\"@type\":\"WebSite\",\"@id\":\"https:\\\/\\\/vitablanca.ma\\\/#website\",\"url\":\"https:\\\/\\\/vitablanca.ma\\\/\",\"name\":\"VitaBlanca.ma | Compl\u00e9ments alimentaires, sant\u00e9 & beaut\u00e9 au Maroc\",\"description\":\"vendre vitamines et compl\u00e9ments premium des USA &amp; Canada, Nouvelle Z\u00e9lande,Maroc (NOW Foods, Solgar, Manuka). Livraison rapide partout au Maroc.\",\"publisher\":{\"@id\":\"https:\\\/\\\/vitablanca.ma\\\/#organization\"},\"alternateName\":\"VitaBlanca.ma\",\"potentialAction\":[{\"@type\":\"SearchAction\",\"target\":{\"@type\":\"EntryPoint\",\"urlTemplate\":\"https:\\\/\\\/vitablanca.ma\\\/?s={search_term_string}\"},\"query-input\":{\"@type\":\"PropertyValueSpecification\",\"valueRequired\":true,\"valueName\":\"search_term_string\"}}],\"inLanguage\":\"en-US\"},{\"@type\":\"Organization\",\"@id\":\"https:\\\/\\\/vitablanca.ma\\\/#organization\",\"name\":\"VitaBlanca\",\"url\":\"https:\\\/\\\/vitablanca.ma\\\/\",\"logo\":{\"@type\":\"ImageObject\",\"inLanguage\":\"en-US\",\"@id\":\"https:\\\/\\\/vitablanca.ma\\\/#\\\/schema\\\/logo\\\/image\\\/\",\"url\":\"https:\\\/\\\/vitablanca.ma\\\/wp-content\\\/uploads\\\/2025\\\/05\\\/cropped-vitablanca.png\",\"contentUrl\":\"https:\\\/\\\/vitablanca.ma\\\/wp-content\\\/uploads\\\/2025\\\/05\\\/cropped-vitablanca.png\",\"width\":360,\"height\":67,\"caption\":\"VitaBlanca\"},\"image\":{\"@id\":\"https:\\\/\\\/vitablanca.ma\\\/#\\\/schema\\\/logo\\\/image\\\/\"},\"sameAs\":[\"https:\\\/\\\/www.facebook.com\\\/profile.php?id=61576678196717\",\"https:\\\/\\\/www.tiktok.com\\\/@vitablanca.ma\",\"https:\\\/\\\/www.instagram.com\\\/vitablanca.ma\\\/\"]}]}<\/script>\n<!-- \/ Yoast SEO plugin. -->","yoast_head_json":{"title":"BADEE AL OUD BLACK PARFUM Oud - Lattafa - Maroc Prix","description":"D\u00e9couvrez Badee Al Oud Oud For Glory de Lattafa 100 ml, un parfum unisexe oriental aux notes de safran, oud et patchouli. Une fragrance intense et \u00e9l\u00e9gante .","robots":{"index":"index","follow":"follow","max-snippet":"max-snippet:-1","max-image-preview":"max-image-preview:large","max-video-preview":"max-video-preview:-1"},"canonical":"https:\/\/vitablanca.ma\/en\/product\/badee-al-oud-black-parfum-oud-for-glory-pour-unisexe-lattafa-100-ml\/","og_locale":"en_US","og_type":"article","og_title":"BADEE AL OUD BLACK PARFUM Oud - Lattafa - Maroc Prix","og_description":"D\u00e9couvrez Badee Al Oud Oud For Glory de Lattafa 100 ml, un parfum unisexe oriental aux notes de safran, oud et patchouli. Une fragrance intense et \u00e9l\u00e9gante .","og_url":"https:\/\/vitablanca.ma\/en\/product\/badee-al-oud-black-parfum-oud-for-glory-pour-unisexe-lattafa-100-ml\/","og_site_name":"Vitablanca.ma &ndash; Sant&eacute;, vitalit&eacute; et bien-&ecirc;tre pour tous les Marocains","article_publisher":"https:\/\/www.facebook.com\/profile.php?id=61576678196717","article_modified_time":"2026-04-17T22:32:38+00:00","og_image":[{"width":1080,"height":1080,"url":"https:\/\/vitablanca.ma\/wp-content\/uploads\/2026\/03\/BADEEALOUDBLACKPARFUMOudForGloryPourUnisexe-Lattafa100ml2.jpg","type":"image\/jpeg"}],"twitter_card":"summary_large_image","twitter_misc":{"Est. reading time":"1 minute"},"schema":{"@context":"https:\/\/schema.org","@graph":[{"@type":["WebPage","ItemPage"],"@id":"https:\/\/vitablanca.ma\/produit\/badee-al-oud-black-parfum-oud-for-glory-pour-unisexe-lattafa-100-ml\/","url":"https:\/\/vitablanca.ma\/produit\/badee-al-oud-black-parfum-oud-for-glory-pour-unisexe-lattafa-100-ml\/","name":"BADEE AL OUD BLACK PARFUM Oud - Lattafa - Maroc Prix","isPartOf":{"@id":"https:\/\/vitablanca.ma\/#website"},"primaryImageOfPage":{"@id":"https:\/\/vitablanca.ma\/produit\/badee-al-oud-black-parfum-oud-for-glory-pour-unisexe-lattafa-100-ml\/#primaryimage"},"image":{"@id":"https:\/\/vitablanca.ma\/produit\/badee-al-oud-black-parfum-oud-for-glory-pour-unisexe-lattafa-100-ml\/#primaryimage"},"thumbnailUrl":"https:\/\/vitablanca.ma\/wp-content\/uploads\/2026\/03\/BADEEALOUDBLACKPARFUMOudForGloryPourUnisexe-Lattafa100ml2.jpg","datePublished":"2026-03-04T02:42:03+00:00","dateModified":"2026-04-17T22:32:38+00:00","description":"D\u00e9couvrez Badee Al Oud Oud For Glory de Lattafa 100 ml, un parfum unisexe oriental aux notes de safran, oud et patchouli. Une fragrance intense et \u00e9l\u00e9gante .","breadcrumb":{"@id":"https:\/\/vitablanca.ma\/produit\/badee-al-oud-black-parfum-oud-for-glory-pour-unisexe-lattafa-100-ml\/#breadcrumb"},"inLanguage":"en-US","potentialAction":[{"@type":"ReadAction","target":["https:\/\/vitablanca.ma\/produit\/badee-al-oud-black-parfum-oud-for-glory-pour-unisexe-lattafa-100-ml\/"]}]},{"@type":"ImageObject","inLanguage":"en-US","@id":"https:\/\/vitablanca.ma\/produit\/badee-al-oud-black-parfum-oud-for-glory-pour-unisexe-lattafa-100-ml\/#primaryimage","url":"https:\/\/vitablanca.ma\/wp-content\/uploads\/2026\/03\/BADEEALOUDBLACKPARFUMOudForGloryPourUnisexe-Lattafa100ml2.jpg","contentUrl":"https:\/\/vitablanca.ma\/wp-content\/uploads\/2026\/03\/BADEEALOUDBLACKPARFUMOudForGloryPourUnisexe-Lattafa100ml2.jpg","width":1080,"height":1080},{"@type":"BreadcrumbList","@id":"https:\/\/vitablanca.ma\/produit\/badee-al-oud-black-parfum-oud-for-glory-pour-unisexe-lattafa-100-ml\/#breadcrumb","itemListElement":[{"@type":"ListItem","position":1,"name":"Home","item":"https:\/\/vitablanca.ma\/"},{"@type":"ListItem","position":2,"name":"Tous Les Produits","item":"https:\/\/vitablanca.ma\/tous-les-produits\/"},{"@type":"ListItem","position":3,"name":"BADEE AL OUD BLACK PARFUM Oud For Glory Pour Unisexe &#8211; Lattafa 100 ml"}]},{"@type":"WebSite","@id":"https:\/\/vitablanca.ma\/#website","url":"https:\/\/vitablanca.ma\/","name":"VitaBlanca.ma | Food supplements, health &amp; beauty in Morocco","description":"sell premium vitamins and supplements from USA &amp; Canada, New Zealand, Morocco (NOW Foods, Solgar, Manuka). Fast delivery anywhere in Morocco.","publisher":{"@id":"https:\/\/vitablanca.ma\/#organization"},"alternateName":"VitaBlanca.ma","potentialAction":[{"@type":"SearchAction","target":{"@type":"EntryPoint","urlTemplate":"https:\/\/vitablanca.ma\/?s={search_term_string}"},"query-input":{"@type":"PropertyValueSpecification","valueRequired":true,"valueName":"search_term_string"}}],"inLanguage":"en-US"},{"@type":"Organization","@id":"https:\/\/vitablanca.ma\/#organization","name":"VitaBlanca","url":"https:\/\/vitablanca.ma\/","logo":{"@type":"ImageObject","inLanguage":"en-US","@id":"https:\/\/vitablanca.ma\/#\/schema\/logo\/image\/","url":"https:\/\/vitablanca.ma\/wp-content\/uploads\/2025\/05\/cropped-vitablanca.png","contentUrl":"https:\/\/vitablanca.ma\/wp-content\/uploads\/2025\/05\/cropped-vitablanca.png","width":360,"height":67,"caption":"VitaBlanca"},"image":{"@id":"https:\/\/vitablanca.ma\/#\/schema\/logo\/image\/"},"sameAs":["https:\/\/www.facebook.com\/profile.php?id=61576678196717","https:\/\/www.tiktok.com\/@vitablanca.ma","https:\/\/www.instagram.com\/vitablanca.ma\/"]}]}},"jetpack_sharing_enabled":true,"_links":{"self":[{"href":"https:\/\/vitablanca.ma\/en\/wp-json\/wp\/v2\/product\/33063","targetHints":{"allow":["GET"]}}],"collection":[{"href":"https:\/\/vitablanca.ma\/en\/wp-json\/wp\/v2\/product"}],"about":[{"href":"https:\/\/vitablanca.ma\/en\/wp-json\/wp\/v2\/types\/product"}],"wp:featuredmedia":[{"embeddable":true,"href":"https:\/\/vitablanca.ma\/en\/wp-json\/wp\/v2\/media\/33060"}],"wp:attachment":[{"href":"https:\/\/vitablanca.ma\/en\/wp-json\/wp\/v2\/media?parent=33063"}],"wp:term":[{"taxonomy":"product_brand","embeddable":true,"href":"https:\/\/vitablanca.ma\/en\/wp-json\/wp\/v2\/product_brand?post=33063"},{"taxonomy":"product_cat","embeddable":true,"href":"https:\/\/vitablanca.ma\/en\/wp-json\/wp\/v2\/product_cat?post=33063"},{"taxonomy":"product_tag","embeddable":true,"href":"https:\/\/vitablanca.ma\/en\/wp-json\/wp\/v2\/product_tag?post=33063"}],"curies":[{"name":"wp","href":"https:\/\/api.w.org\/{rel}","templated":true}]}}