{"id":33052,"date":"2026-03-04T02:41:46","date_gmt":"2026-03-04T02:41:46","guid":{"rendered":"https:\/\/vitablanca.ma\/produit\/ana-al-malikah-eau-de-parfum-ard-al-zaafran-pour-femme-100ml\/"},"modified":"2026-03-15T23:08:26","modified_gmt":"2026-03-15T23:08:26","slug":"ana-al-malikah-eau-de-parfum-ard-al-zaafran-pour-femme-100ml","status":"publish","type":"product","link":"https:\/\/vitablanca.ma\/en\/product\/ana-al-malikah-eau-de-parfum-ard-al-zaafran-pour-femme-100ml\/","title":{"rendered":"ANA AL MALIKAH &#8211; EAU DE  PARFUM ARD AL ZAAFRAN Pour Femme  &#8211; 100ml"},"content":{"rendered":"<p class=\"MsoNormal\" style=\"margin-bottom: .0001pt; line-height: normal; vertical-align: baseline;\"><strong><span style=\"font-family: 'Arial','sans-serif'; color: #262626;\">Ana al Malikah<\/span><\/strong><span style=\"font-family: 'Arial','sans-serif'; color: #262626;\"> Eau de Parfum\u00a0 par <strong><span style=\"font-family: 'Arial','sans-serif';\">Ard Al Zaafaran <\/span><\/strong>est une eau de parfum douce et \u00e9pic\u00e9e avec un subtil \u00e9quilibre des notes florales, bois\u00e9es et \u00e9pic\u00e9es. <\/span><\/p>\n<p class=\"MsoNormal\" style=\"margin-bottom: .0001pt; line-height: normal; vertical-align: baseline;\"><span style=\"font-family: 'Arial','sans-serif'; color: #262626;\">La note de t\u00eate se caract\u00e9rise par des notes de th\u00e9 Earl Grey, de clou de girofle et de bergamote. <\/span><\/p>\n<p class=\"MsoNormal\" style=\"margin-bottom: .0001pt; line-height: normal; vertical-align: baseline;\"><span style=\"font-family: 'Arial','sans-serif'; color: #262626;\">Un duo floral d&rsquo;orange et de jasmin forme la note de c\u0153ur apportant chaleur et douceur. <\/span><\/p>\n<p class=\"MsoNormal\" style=\"margin-bottom: .0001pt; line-height: normal; vertical-align: baseline;\"><span style=\"font-family: 'Arial','sans-serif'; color: #262626;\">La base est magnifiquement orientale et bois\u00e9e avec Oudh, bois de Ga\u00efac et f\u00e8ves de Tonka. <\/span><\/p>\n<p class=\"MsoNormal\" style=\"margin-bottom: .0001pt; line-height: normal; vertical-align: baseline;\"><span style=\"font-family: 'Arial','sans-serif'; color: #262626;\">Une parure flatteuse, orientale et chaude qui parvient \u00e0 conserver un joli \u00e9quilibre entre les fleurs et les bois.<\/span><\/p>\n<p class=\"MsoNormal\" style=\"margin-bottom: .0001pt; line-height: normal; vertical-align: baseline;\"><strong><span style=\"font-family: 'Arial','sans-serif'; color: #262626;\">Fragrances notes <b><span style=\"font-family: 'Arial','sans-serif'; color: #262626; border: none windowtext 1.0pt; padding: 0cm;\">:<\/span><\/b><\/span><\/strong><\/p>\n<ul>\n<li class=\"MsoNormal\" style=\"line-height: normal; vertical-align: baseline;\"><b><span style=\"font-family: 'Arial','sans-serif'; color: #262626; border: none windowtext 1.0pt; padding: 0cm;\">Top notes:\u00a0<\/span><\/b><span style=\"font-family: 'Arial','sans-serif'; color: #262626; border: none windowtext 1.0pt; padding: 0cm;\">Cerise, Bergamote et Rose.<\/span><\/li>\n<li class=\"MsoNormal\" style=\"line-height: normal; vertical-align: baseline;\"><b><span style=\"font-family: 'Arial','sans-serif'; color: #262626; border: none windowtext 1.0pt; padding: 0cm;\">Notes de coeur :\u00a0<\/span><\/b><span style=\"font-family: 'Arial','sans-serif'; color: #262626; border: none windowtext 1.0pt; padding: 0cm;\">Pivoine, Fleur d&rsquo;oranger et Jasmin.<\/span><\/li>\n<li class=\"MsoNormal\" style=\"line-height: normal; vertical-align: baseline;\"><b><span style=\"font-family: 'Arial','sans-serif'; color: #262626; border: none windowtext 1.0pt; padding: 0cm;\">Note de fond :<\/span><\/b><span style=\"font-family: 'Arial','sans-serif'; color: #262626; border: none windowtext 1.0pt; padding: 0cm;\">\u00a0Musc.<\/span><\/li>\n<\/ul>","protected":false},"excerpt":{"rendered":"<p>Ana al Malikah Eau de Parfum\u00a0 par Ard Al Zaafaran est une eau de parfum douce et \u00e9pic\u00e9e avec un subtil \u00e9quilibre des notes florales, bois\u00e9es et \u00e9pic\u00e9es. La note de t\u00eate se caract\u00e9rise par des notes de th\u00e9 Earl Grey, de clou de girofle et de bergamote. Un duo floral d&rsquo;orange et de jasmin [&hellip;]<\/p>\n","protected":false},"featured_media":33048,"template":"","meta":{"om_disable_all_campaigns":false},"product_brand":[],"product_cat":[18,15,1091],"product_tag":[11747,11748,11750,11746,11571,11749,11745,11572,11595],"class_list":{"0":"post-33052","1":"product","2":"type-product","3":"status-publish","4":"has-post-thumbnail","6":"product_cat-beaute-sante","7":"product_cat-beaute-sante-complements-alimentaires-soins-et-bien-etre-au-meilleur-prix","8":"product_cat-beaute-parfums-maroc-prix","9":"product_tag-ana-al-malikah","10":"product_tag-ard-al-zaafaran","11":"product_tag-eau-de-parfum-femme-100ml","12":"product_tag-parfum-arabe-femme","13":"product_tag-parfum-femme-ard-al-zaafaran","14":"product_tag-parfum-femme-dubai","15":"product_tag-parfum-femme-longue-tenue","16":"product_tag-parfum-floral-femme","17":"product_tag-parfum-oriental-femme","19":"first","20":"outofstock","21":"taxable","22":"shipping-taxable","23":"purchasable","24":"product-type-simple"},"yoast_head":"<!-- This site is optimized with the Yoast SEO plugin v27.3 - https:\/\/yoast.com\/product\/yoast-seo-wordpress\/ -->\n<title>ANA AL MALIKAH - EAU DE PARFUM ARD - Maroc Prix<\/title>\n<meta name=\"description\" content=\"Ana Al Malikah Eau de Parfum pour femme 100ml par Ard Al Zaafaran. Un parfum oriental floral aux notes de cerise, rose et musc, \u00e9l\u00e9gant et longue tenue.\" \/>\n<meta name=\"robots\" content=\"index, follow, max-snippet:-1, max-image-preview:large, max-video-preview:-1\" \/>\n<link rel=\"canonical\" href=\"https:\/\/vitablanca.ma\/en\/product\/ana-al-malikah-eau-de-parfum-ard-al-zaafran-pour-femme-100ml\/\" \/>\n<meta property=\"og:locale\" content=\"en_US\" \/>\n<meta property=\"og:type\" content=\"article\" \/>\n<meta property=\"og:title\" content=\"ANA AL MALIKAH - EAU DE PARFUM ARD - Maroc Prix\" \/>\n<meta property=\"og:description\" content=\"Ana Al Malikah Eau de Parfum pour femme 100ml par Ard Al Zaafaran. Un parfum oriental floral aux notes de cerise, rose et musc, \u00e9l\u00e9gant et longue tenue.\" \/>\n<meta property=\"og:url\" content=\"https:\/\/vitablanca.ma\/en\/product\/ana-al-malikah-eau-de-parfum-ard-al-zaafran-pour-femme-100ml\/\" \/>\n<meta property=\"og:site_name\" content=\"Vitablanca.ma &ndash; Sant&eacute;, vitalit&eacute; et bien-&ecirc;tre pour tous les Marocains\" \/>\n<meta property=\"article:publisher\" content=\"https:\/\/www.facebook.com\/profile.php?id=61576678196717\" \/>\n<meta property=\"article:modified_time\" content=\"2026-03-15T23:08:26+00:00\" \/>\n<meta property=\"og:image\" content=\"https:\/\/vitablanca.ma\/wp-content\/uploads\/2026\/03\/ANA_MALIKA_2_db8f937e-82b7-49c4-83b0-ce3e732fc77f.jpg\" \/>\n\t<meta property=\"og:image:width\" content=\"1080\" \/>\n\t<meta property=\"og:image:height\" content=\"1080\" \/>\n\t<meta property=\"og:image:type\" content=\"image\/jpeg\" \/>\n<meta name=\"twitter:card\" content=\"summary_large_image\" \/>\n<meta name=\"twitter:label1\" content=\"Est. reading time\" \/>\n\t<meta name=\"twitter:data1\" content=\"1 minute\" \/>\n<script type=\"application\/ld+json\" class=\"yoast-schema-graph\">{\"@context\":\"https:\\\/\\\/schema.org\",\"@graph\":[{\"@type\":[\"WebPage\",\"ItemPage\"],\"@id\":\"https:\\\/\\\/vitablanca.ma\\\/produit\\\/ana-al-malikah-eau-de-parfum-ard-al-zaafran-pour-femme-100ml\\\/\",\"url\":\"https:\\\/\\\/vitablanca.ma\\\/produit\\\/ana-al-malikah-eau-de-parfum-ard-al-zaafran-pour-femme-100ml\\\/\",\"name\":\"ANA AL MALIKAH - EAU DE PARFUM ARD - Maroc Prix\",\"isPartOf\":{\"@id\":\"https:\\\/\\\/vitablanca.ma\\\/#website\"},\"primaryImageOfPage\":{\"@id\":\"https:\\\/\\\/vitablanca.ma\\\/produit\\\/ana-al-malikah-eau-de-parfum-ard-al-zaafran-pour-femme-100ml\\\/#primaryimage\"},\"image\":{\"@id\":\"https:\\\/\\\/vitablanca.ma\\\/produit\\\/ana-al-malikah-eau-de-parfum-ard-al-zaafran-pour-femme-100ml\\\/#primaryimage\"},\"thumbnailUrl\":\"https:\\\/\\\/vitablanca.ma\\\/wp-content\\\/uploads\\\/2026\\\/03\\\/ANA_MALIKA_2_db8f937e-82b7-49c4-83b0-ce3e732fc77f.jpg\",\"datePublished\":\"2026-03-04T02:41:46+00:00\",\"dateModified\":\"2026-03-15T23:08:26+00:00\",\"description\":\"Ana Al Malikah Eau de Parfum pour femme 100ml par Ard Al Zaafaran. Un parfum oriental floral aux notes de cerise, rose et musc, \u00e9l\u00e9gant et longue tenue.\",\"breadcrumb\":{\"@id\":\"https:\\\/\\\/vitablanca.ma\\\/produit\\\/ana-al-malikah-eau-de-parfum-ard-al-zaafran-pour-femme-100ml\\\/#breadcrumb\"},\"inLanguage\":\"en-US\",\"potentialAction\":[{\"@type\":\"ReadAction\",\"target\":[\"https:\\\/\\\/vitablanca.ma\\\/produit\\\/ana-al-malikah-eau-de-parfum-ard-al-zaafran-pour-femme-100ml\\\/\"]}]},{\"@type\":\"ImageObject\",\"inLanguage\":\"en-US\",\"@id\":\"https:\\\/\\\/vitablanca.ma\\\/produit\\\/ana-al-malikah-eau-de-parfum-ard-al-zaafran-pour-femme-100ml\\\/#primaryimage\",\"url\":\"https:\\\/\\\/vitablanca.ma\\\/wp-content\\\/uploads\\\/2026\\\/03\\\/ANA_MALIKA_2_db8f937e-82b7-49c4-83b0-ce3e732fc77f.jpg\",\"contentUrl\":\"https:\\\/\\\/vitablanca.ma\\\/wp-content\\\/uploads\\\/2026\\\/03\\\/ANA_MALIKA_2_db8f937e-82b7-49c4-83b0-ce3e732fc77f.jpg\",\"width\":1080,\"height\":1080},{\"@type\":\"BreadcrumbList\",\"@id\":\"https:\\\/\\\/vitablanca.ma\\\/produit\\\/ana-al-malikah-eau-de-parfum-ard-al-zaafran-pour-femme-100ml\\\/#breadcrumb\",\"itemListElement\":[{\"@type\":\"ListItem\",\"position\":1,\"name\":\"Home\",\"item\":\"https:\\\/\\\/vitablanca.ma\\\/\"},{\"@type\":\"ListItem\",\"position\":2,\"name\":\"Tous Les Produits\",\"item\":\"https:\\\/\\\/vitablanca.ma\\\/tous-les-produits\\\/\"},{\"@type\":\"ListItem\",\"position\":3,\"name\":\"ANA AL MALIKAH &#8211; EAU DE PARFUM ARD AL ZAAFRAN Pour Femme &#8211; 100ml\"}]},{\"@type\":\"WebSite\",\"@id\":\"https:\\\/\\\/vitablanca.ma\\\/#website\",\"url\":\"https:\\\/\\\/vitablanca.ma\\\/\",\"name\":\"VitaBlanca.ma | Compl\u00e9ments alimentaires, sant\u00e9 & beaut\u00e9 au Maroc\",\"description\":\"vendre vitamines et compl\u00e9ments premium des USA &amp; Canada, Nouvelle Z\u00e9lande,Maroc (NOW Foods, Solgar, Manuka). Livraison rapide partout au Maroc.\",\"publisher\":{\"@id\":\"https:\\\/\\\/vitablanca.ma\\\/#organization\"},\"alternateName\":\"VitaBlanca.ma\",\"potentialAction\":[{\"@type\":\"SearchAction\",\"target\":{\"@type\":\"EntryPoint\",\"urlTemplate\":\"https:\\\/\\\/vitablanca.ma\\\/?s={search_term_string}\"},\"query-input\":{\"@type\":\"PropertyValueSpecification\",\"valueRequired\":true,\"valueName\":\"search_term_string\"}}],\"inLanguage\":\"en-US\"},{\"@type\":\"Organization\",\"@id\":\"https:\\\/\\\/vitablanca.ma\\\/#organization\",\"name\":\"VitaBlanca\",\"url\":\"https:\\\/\\\/vitablanca.ma\\\/\",\"logo\":{\"@type\":\"ImageObject\",\"inLanguage\":\"en-US\",\"@id\":\"https:\\\/\\\/vitablanca.ma\\\/#\\\/schema\\\/logo\\\/image\\\/\",\"url\":\"https:\\\/\\\/vitablanca.ma\\\/wp-content\\\/uploads\\\/2025\\\/05\\\/cropped-vitablanca.png\",\"contentUrl\":\"https:\\\/\\\/vitablanca.ma\\\/wp-content\\\/uploads\\\/2025\\\/05\\\/cropped-vitablanca.png\",\"width\":360,\"height\":67,\"caption\":\"VitaBlanca\"},\"image\":{\"@id\":\"https:\\\/\\\/vitablanca.ma\\\/#\\\/schema\\\/logo\\\/image\\\/\"},\"sameAs\":[\"https:\\\/\\\/www.facebook.com\\\/profile.php?id=61576678196717\",\"https:\\\/\\\/www.tiktok.com\\\/@vitablanca.ma\",\"https:\\\/\\\/www.instagram.com\\\/vitablanca.ma\\\/\"]}]}<\/script>\n<!-- \/ Yoast SEO plugin. -->","yoast_head_json":{"title":"ANA AL MALIKAH - EAU DE PARFUM ARD - Maroc Prix","description":"Ana Al Malikah Eau de Parfum pour femme 100ml par Ard Al Zaafaran. Un parfum oriental floral aux notes de cerise, rose et musc, \u00e9l\u00e9gant et longue tenue.","robots":{"index":"index","follow":"follow","max-snippet":"max-snippet:-1","max-image-preview":"max-image-preview:large","max-video-preview":"max-video-preview:-1"},"canonical":"https:\/\/vitablanca.ma\/en\/product\/ana-al-malikah-eau-de-parfum-ard-al-zaafran-pour-femme-100ml\/","og_locale":"en_US","og_type":"article","og_title":"ANA AL MALIKAH - EAU DE PARFUM ARD - Maroc Prix","og_description":"Ana Al Malikah Eau de Parfum pour femme 100ml par Ard Al Zaafaran. Un parfum oriental floral aux notes de cerise, rose et musc, \u00e9l\u00e9gant et longue tenue.","og_url":"https:\/\/vitablanca.ma\/en\/product\/ana-al-malikah-eau-de-parfum-ard-al-zaafran-pour-femme-100ml\/","og_site_name":"Vitablanca.ma &ndash; Sant&eacute;, vitalit&eacute; et bien-&ecirc;tre pour tous les Marocains","article_publisher":"https:\/\/www.facebook.com\/profile.php?id=61576678196717","article_modified_time":"2026-03-15T23:08:26+00:00","og_image":[{"width":1080,"height":1080,"url":"https:\/\/vitablanca.ma\/wp-content\/uploads\/2026\/03\/ANA_MALIKA_2_db8f937e-82b7-49c4-83b0-ce3e732fc77f.jpg","type":"image\/jpeg"}],"twitter_card":"summary_large_image","twitter_misc":{"Est. reading time":"1 minute"},"schema":{"@context":"https:\/\/schema.org","@graph":[{"@type":["WebPage","ItemPage"],"@id":"https:\/\/vitablanca.ma\/produit\/ana-al-malikah-eau-de-parfum-ard-al-zaafran-pour-femme-100ml\/","url":"https:\/\/vitablanca.ma\/produit\/ana-al-malikah-eau-de-parfum-ard-al-zaafran-pour-femme-100ml\/","name":"ANA AL MALIKAH - EAU DE PARFUM ARD - Maroc Prix","isPartOf":{"@id":"https:\/\/vitablanca.ma\/#website"},"primaryImageOfPage":{"@id":"https:\/\/vitablanca.ma\/produit\/ana-al-malikah-eau-de-parfum-ard-al-zaafran-pour-femme-100ml\/#primaryimage"},"image":{"@id":"https:\/\/vitablanca.ma\/produit\/ana-al-malikah-eau-de-parfum-ard-al-zaafran-pour-femme-100ml\/#primaryimage"},"thumbnailUrl":"https:\/\/vitablanca.ma\/wp-content\/uploads\/2026\/03\/ANA_MALIKA_2_db8f937e-82b7-49c4-83b0-ce3e732fc77f.jpg","datePublished":"2026-03-04T02:41:46+00:00","dateModified":"2026-03-15T23:08:26+00:00","description":"Ana Al Malikah Eau de Parfum pour femme 100ml par Ard Al Zaafaran. Un parfum oriental floral aux notes de cerise, rose et musc, \u00e9l\u00e9gant et longue tenue.","breadcrumb":{"@id":"https:\/\/vitablanca.ma\/produit\/ana-al-malikah-eau-de-parfum-ard-al-zaafran-pour-femme-100ml\/#breadcrumb"},"inLanguage":"en-US","potentialAction":[{"@type":"ReadAction","target":["https:\/\/vitablanca.ma\/produit\/ana-al-malikah-eau-de-parfum-ard-al-zaafran-pour-femme-100ml\/"]}]},{"@type":"ImageObject","inLanguage":"en-US","@id":"https:\/\/vitablanca.ma\/produit\/ana-al-malikah-eau-de-parfum-ard-al-zaafran-pour-femme-100ml\/#primaryimage","url":"https:\/\/vitablanca.ma\/wp-content\/uploads\/2026\/03\/ANA_MALIKA_2_db8f937e-82b7-49c4-83b0-ce3e732fc77f.jpg","contentUrl":"https:\/\/vitablanca.ma\/wp-content\/uploads\/2026\/03\/ANA_MALIKA_2_db8f937e-82b7-49c4-83b0-ce3e732fc77f.jpg","width":1080,"height":1080},{"@type":"BreadcrumbList","@id":"https:\/\/vitablanca.ma\/produit\/ana-al-malikah-eau-de-parfum-ard-al-zaafran-pour-femme-100ml\/#breadcrumb","itemListElement":[{"@type":"ListItem","position":1,"name":"Home","item":"https:\/\/vitablanca.ma\/"},{"@type":"ListItem","position":2,"name":"Tous Les Produits","item":"https:\/\/vitablanca.ma\/tous-les-produits\/"},{"@type":"ListItem","position":3,"name":"ANA AL MALIKAH &#8211; EAU DE PARFUM ARD AL ZAAFRAN Pour Femme &#8211; 100ml"}]},{"@type":"WebSite","@id":"https:\/\/vitablanca.ma\/#website","url":"https:\/\/vitablanca.ma\/","name":"VitaBlanca.ma | Food supplements, health &amp; beauty in Morocco","description":"sell premium vitamins and supplements from USA &amp; Canada, New Zealand, Morocco (NOW Foods, Solgar, Manuka). Fast delivery anywhere in Morocco.","publisher":{"@id":"https:\/\/vitablanca.ma\/#organization"},"alternateName":"VitaBlanca.ma","potentialAction":[{"@type":"SearchAction","target":{"@type":"EntryPoint","urlTemplate":"https:\/\/vitablanca.ma\/?s={search_term_string}"},"query-input":{"@type":"PropertyValueSpecification","valueRequired":true,"valueName":"search_term_string"}}],"inLanguage":"en-US"},{"@type":"Organization","@id":"https:\/\/vitablanca.ma\/#organization","name":"VitaBlanca","url":"https:\/\/vitablanca.ma\/","logo":{"@type":"ImageObject","inLanguage":"en-US","@id":"https:\/\/vitablanca.ma\/#\/schema\/logo\/image\/","url":"https:\/\/vitablanca.ma\/wp-content\/uploads\/2025\/05\/cropped-vitablanca.png","contentUrl":"https:\/\/vitablanca.ma\/wp-content\/uploads\/2025\/05\/cropped-vitablanca.png","width":360,"height":67,"caption":"VitaBlanca"},"image":{"@id":"https:\/\/vitablanca.ma\/#\/schema\/logo\/image\/"},"sameAs":["https:\/\/www.facebook.com\/profile.php?id=61576678196717","https:\/\/www.tiktok.com\/@vitablanca.ma","https:\/\/www.instagram.com\/vitablanca.ma\/"]}]}},"jetpack_sharing_enabled":true,"_links":{"self":[{"href":"https:\/\/vitablanca.ma\/en\/wp-json\/wp\/v2\/product\/33052","targetHints":{"allow":["GET"]}}],"collection":[{"href":"https:\/\/vitablanca.ma\/en\/wp-json\/wp\/v2\/product"}],"about":[{"href":"https:\/\/vitablanca.ma\/en\/wp-json\/wp\/v2\/types\/product"}],"wp:featuredmedia":[{"embeddable":true,"href":"https:\/\/vitablanca.ma\/en\/wp-json\/wp\/v2\/media\/33048"}],"wp:attachment":[{"href":"https:\/\/vitablanca.ma\/en\/wp-json\/wp\/v2\/media?parent=33052"}],"wp:term":[{"taxonomy":"product_brand","embeddable":true,"href":"https:\/\/vitablanca.ma\/en\/wp-json\/wp\/v2\/product_brand?post=33052"},{"taxonomy":"product_cat","embeddable":true,"href":"https:\/\/vitablanca.ma\/en\/wp-json\/wp\/v2\/product_cat?post=33052"},{"taxonomy":"product_tag","embeddable":true,"href":"https:\/\/vitablanca.ma\/en\/wp-json\/wp\/v2\/product_tag?post=33052"}],"curies":[{"name":"wp","href":"https:\/\/api.w.org\/{rel}","templated":true}]}}