{"id":33043,"date":"2026-03-04T02:41:33","date_gmt":"2026-03-04T02:41:33","guid":{"rendered":"https:\/\/vitablanca.ma\/produit\/mousuf-eau-de-parfum-ard-al-zaafaran-unisexe-100ml\/"},"modified":"2026-04-17T22:32:31","modified_gmt":"2026-04-17T22:32:31","slug":"mousuf-eau-de-parfum-ard-al-zaafaran-unisexe-100ml","status":"publish","type":"product","link":"https:\/\/vitablanca.ma\/en\/product\/mousuf-eau-de-parfum-ard-al-zaafaran-unisexe-100ml\/","title":{"rendered":"MOUSUF EAU DE PARFUM ARD AL ZAAFARAN Unisexe &#8211; 100ml"},"content":{"rendered":"<p><span class=\"a-size-large product-title-word-break\">Eau de Parfum <strong>MOUSUF 100ml de Ard Al Zaafaran <\/strong>Attar Arabe de Dubai Pour Homme et Femme. Fragrance \u00e0 la Base de Raisin, Chocolat\u00e9, Oud Musqu\u00e9,\u00a0<\/span>Ar\u00f4me Floral et Caramel<\/p>\n<ul class=\"a-unordered-list a-vertical a-spacing-mini\">\n<li><span class=\"a-list-item\">EAU DE PARFUM MOUSUF :<\/span><span class=\"a-list-item\">\u00a0Log\u00e9 dans une tr\u00e8s belle bouteille de 100 ml par Ard Al Zaafaran avec un bouchon dor\u00e9. Un choix merveilleux comme cadeau ou pour votre propre usage quotidien<\/span><\/li>\n<li><span class=\"a-list-item\">NOTES DE PARFUM : L\u2019irr\u00e9sistible Oriental EDP m\u00e9lange des notes \u00e9nergisantes de Raisin, Chocolat\u00e9, Oud Musqu\u00e9, Ar\u00f4me Floral et Caramel\u00a0<\/span><span class=\"a-list-item\">pour cr\u00e9er un parfum audacieux et s\u00e9duisant<\/span><\/li>\n<li><span class=\"a-list-item\">STYLE : Si vous recherchez un parfum d\u2019hautes gammes par excellence pour les hommes et les femmes, c\u2019est un choix parfait<\/span><\/li>\n<li><span class=\"a-list-item\">UNISEXE : Attar gourmet, frais et l\u00e9ger adapt\u00e9 \u00e0 toutes les occasions et un choix parfait pour tous les groupes d\u2019\u00e2ge des femmes et des Hommes<\/span><\/li>\n<li><span class=\"a-list-item\">DURABLE : Une de nos meilleures eaux de parfum avec un parfum unique de longue dur\u00e9e. Odeur exclusive avec le meilleur ensilage et endurance<\/span><\/li>\n<li><span class=\"a-list-item\">INTENSE : Une EDP intense qui peut durer tr\u00e8s longtemps, raviver et rafra\u00eechir vos sens avec ce parfum sans compromis<\/span><\/li>\n<li><span class=\"a-list-item\">CADEAU : Un parfum \u00e9l\u00e9gant et frais, d\u00e9velopp\u00e9 pour les charmants. Pourrait \u00eatre un ajout parfait \u00e0 tous les ensembles-cadeaux<\/span><\/li>\n<li>PARFUM DUBAI : Parfum import\u00e9 de Duba\u00ef fabriqu\u00e9 aux Emirats Arabes Unis<\/li>\n<\/ul>\n<p class=\"MsoNormal\" style=\"margin-bottom: .0001pt; line-height: 115%;\"><b>Olfactory notes:<\/b><\/p>\n<p class=\"MsoNormal\" style=\"margin-bottom: .0001pt; line-height: 115%;\"><b>\u00a0<\/b><\/p>\n<p class=\"MsoNormal\" style=\"margin-bottom: .0001pt; line-height: 115%;\"><b>Top notes:<\/b> Raisins, Chocolat<\/p>\n<p class=\"MsoNormal\" style=\"margin-bottom: .0001pt; line-height: 115%;\"><b>Heart notes:<\/b> Musc, Oud<\/p>\n<p class=\"MsoNormal\" style=\"margin-bottom: .0001pt; line-height: 115%;\"><b>Base notes:<\/b> Caramel, Tabac, Notes Florales<\/p>\n<p class=\"MsoNormal\" style=\"margin-bottom: .0001pt; line-height: 115%;\"><b>Similaire : One Million Lucky<\/b><\/p>","protected":false},"excerpt":{"rendered":"<p>Eau de Parfum MOUSUF 100ml de Ard Al Zaafaran Attar Arabe de Dubai Pour Homme et Femme. Fragrance \u00e0 la Base de Raisin, Chocolat\u00e9, Oud Musqu\u00e9,\u00a0Ar\u00f4me Floral et Caramel EAU DE PARFUM MOUSUF :\u00a0Log\u00e9 dans une tr\u00e8s belle bouteille de 100 ml par Ard Al Zaafaran avec un bouchon dor\u00e9. Un choix merveilleux comme cadeau [&hellip;]<\/p>\n","protected":false},"featured_media":33037,"template":"","meta":{"om_disable_all_campaigns":false},"product_brand":[],"product_cat":[18,15,1091],"product_tag":[11575,11758,11760,11761,11756,6757,9561,11763,11762],"class_list":{"0":"post-33043","1":"product","2":"type-product","3":"status-publish","4":"has-post-thumbnail","6":"product_cat-beaute-sante","7":"product_cat-beaute-sante-complements-alimentaires-soins-et-bien-etre-au-meilleur-prix","8":"product_cat-beaute-parfums-maroc-prix","9":"product_tag-ard-al-zaafaran-parfum","10":"product_tag-eau-de-parfum-100ml","11":"product_tag-mousuf-ard-al-zaafaran","12":"product_tag-mousuf-parfum","13":"product_tag-parfum-dubai","14":"product_tag-parfum-gourmand","15":"product_tag-parfum-longue-tenue","16":"product_tag-parfum-raisin-chocolat","17":"product_tag-parfum-unisexe-oriental","19":"first","20":"instock","21":"taxable","22":"shipping-taxable","23":"purchasable","24":"product-type-simple"},"yoast_head":"<!-- This site is optimized with the Yoast SEO plugin v27.4 - https:\/\/yoast.com\/product\/yoast-seo-wordpress\/ -->\n<title>MOUSUF EAU DE PARFUM ARD AL ZAAFARAN - Maroc Prix<\/title>\n<meta name=\"description\" content=\"D\u00e9couvrez Mousuf Eau de Parfum Ard Al Zaafaran 100ml, un parfum unisexe oriental aux notes gourmandes de raisin, chocolat et musc avec une excellente tenue.\" \/>\n<meta name=\"robots\" content=\"index, follow, max-snippet:-1, max-image-preview:large, max-video-preview:-1\" \/>\n<link rel=\"canonical\" href=\"https:\/\/vitablanca.ma\/en\/product\/mousuf-eau-de-parfum-ard-al-zaafaran-unisexe-100ml\/\" \/>\n<meta property=\"og:locale\" content=\"en_US\" \/>\n<meta property=\"og:type\" content=\"article\" \/>\n<meta property=\"og:title\" content=\"MOUSUF EAU DE PARFUM ARD AL ZAAFARAN - Maroc Prix\" \/>\n<meta property=\"og:description\" content=\"D\u00e9couvrez Mousuf Eau de Parfum Ard Al Zaafaran 100ml, un parfum unisexe oriental aux notes gourmandes de raisin, chocolat et musc avec une excellente tenue.\" \/>\n<meta property=\"og:url\" content=\"https:\/\/vitablanca.ma\/en\/product\/mousuf-eau-de-parfum-ard-al-zaafaran-unisexe-100ml\/\" \/>\n<meta property=\"og:site_name\" content=\"Vitablanca.ma &ndash; Sant&eacute;, vitalit&eacute; et bien-&ecirc;tre pour tous les Marocains\" \/>\n<meta property=\"article:publisher\" content=\"https:\/\/www.facebook.com\/profile.php?id=61576678196717\" \/>\n<meta property=\"article:modified_time\" content=\"2026-04-17T22:32:31+00:00\" \/>\n<meta property=\"og:image\" content=\"https:\/\/vitablanca.ma\/wp-content\/uploads\/2026\/03\/MOUSUF_EAU_DE_PARFUM_ARD_AL_ZAAFARAN_-_100ml_1.jpg\" \/>\n\t<meta property=\"og:image:width\" content=\"1080\" \/>\n\t<meta property=\"og:image:height\" content=\"1080\" \/>\n\t<meta property=\"og:image:type\" content=\"image\/jpeg\" \/>\n<meta name=\"twitter:card\" content=\"summary_large_image\" \/>\n<meta name=\"twitter:label1\" content=\"Est. reading time\" \/>\n\t<meta name=\"twitter:data1\" content=\"2 minutes\" \/>\n<script type=\"application\/ld+json\" class=\"yoast-schema-graph\">{\"@context\":\"https:\\\/\\\/schema.org\",\"@graph\":[{\"@type\":[\"WebPage\",\"ItemPage\"],\"@id\":\"https:\\\/\\\/vitablanca.ma\\\/produit\\\/mousuf-eau-de-parfum-ard-al-zaafaran-unisexe-100ml\\\/\",\"url\":\"https:\\\/\\\/vitablanca.ma\\\/produit\\\/mousuf-eau-de-parfum-ard-al-zaafaran-unisexe-100ml\\\/\",\"name\":\"MOUSUF EAU DE PARFUM ARD AL ZAAFARAN - Maroc Prix\",\"isPartOf\":{\"@id\":\"https:\\\/\\\/vitablanca.ma\\\/#website\"},\"primaryImageOfPage\":{\"@id\":\"https:\\\/\\\/vitablanca.ma\\\/produit\\\/mousuf-eau-de-parfum-ard-al-zaafaran-unisexe-100ml\\\/#primaryimage\"},\"image\":{\"@id\":\"https:\\\/\\\/vitablanca.ma\\\/produit\\\/mousuf-eau-de-parfum-ard-al-zaafaran-unisexe-100ml\\\/#primaryimage\"},\"thumbnailUrl\":\"https:\\\/\\\/vitablanca.ma\\\/wp-content\\\/uploads\\\/2026\\\/03\\\/MOUSUF_EAU_DE_PARFUM_ARD_AL_ZAAFARAN_-_100ml_1.jpg\",\"datePublished\":\"2026-03-04T02:41:33+00:00\",\"dateModified\":\"2026-04-17T22:32:31+00:00\",\"description\":\"D\u00e9couvrez Mousuf Eau de Parfum Ard Al Zaafaran 100ml, un parfum unisexe oriental aux notes gourmandes de raisin, chocolat et musc avec une excellente tenue.\",\"breadcrumb\":{\"@id\":\"https:\\\/\\\/vitablanca.ma\\\/produit\\\/mousuf-eau-de-parfum-ard-al-zaafaran-unisexe-100ml\\\/#breadcrumb\"},\"inLanguage\":\"en-US\",\"potentialAction\":[{\"@type\":\"ReadAction\",\"target\":[\"https:\\\/\\\/vitablanca.ma\\\/produit\\\/mousuf-eau-de-parfum-ard-al-zaafaran-unisexe-100ml\\\/\"]}]},{\"@type\":\"ImageObject\",\"inLanguage\":\"en-US\",\"@id\":\"https:\\\/\\\/vitablanca.ma\\\/produit\\\/mousuf-eau-de-parfum-ard-al-zaafaran-unisexe-100ml\\\/#primaryimage\",\"url\":\"https:\\\/\\\/vitablanca.ma\\\/wp-content\\\/uploads\\\/2026\\\/03\\\/MOUSUF_EAU_DE_PARFUM_ARD_AL_ZAAFARAN_-_100ml_1.jpg\",\"contentUrl\":\"https:\\\/\\\/vitablanca.ma\\\/wp-content\\\/uploads\\\/2026\\\/03\\\/MOUSUF_EAU_DE_PARFUM_ARD_AL_ZAAFARAN_-_100ml_1.jpg\",\"width\":1080,\"height\":1080},{\"@type\":\"BreadcrumbList\",\"@id\":\"https:\\\/\\\/vitablanca.ma\\\/produit\\\/mousuf-eau-de-parfum-ard-al-zaafaran-unisexe-100ml\\\/#breadcrumb\",\"itemListElement\":[{\"@type\":\"ListItem\",\"position\":1,\"name\":\"Home\",\"item\":\"https:\\\/\\\/vitablanca.ma\\\/\"},{\"@type\":\"ListItem\",\"position\":2,\"name\":\"Tous Les Produits\",\"item\":\"https:\\\/\\\/vitablanca.ma\\\/tous-les-produits\\\/\"},{\"@type\":\"ListItem\",\"position\":3,\"name\":\"MOUSUF EAU DE PARFUM ARD AL ZAAFARAN Unisexe &#8211; 100ml\"}]},{\"@type\":\"WebSite\",\"@id\":\"https:\\\/\\\/vitablanca.ma\\\/#website\",\"url\":\"https:\\\/\\\/vitablanca.ma\\\/\",\"name\":\"VitaBlanca.ma | Compl\u00e9ments alimentaires, sant\u00e9 & beaut\u00e9 au Maroc\",\"description\":\"vendre vitamines et compl\u00e9ments premium des USA &amp; Canada, Nouvelle Z\u00e9lande,Maroc (NOW Foods, Solgar, Manuka). Livraison rapide partout au Maroc.\",\"publisher\":{\"@id\":\"https:\\\/\\\/vitablanca.ma\\\/#organization\"},\"alternateName\":\"VitaBlanca.ma\",\"potentialAction\":[{\"@type\":\"SearchAction\",\"target\":{\"@type\":\"EntryPoint\",\"urlTemplate\":\"https:\\\/\\\/vitablanca.ma\\\/?s={search_term_string}\"},\"query-input\":{\"@type\":\"PropertyValueSpecification\",\"valueRequired\":true,\"valueName\":\"search_term_string\"}}],\"inLanguage\":\"en-US\"},{\"@type\":\"Organization\",\"@id\":\"https:\\\/\\\/vitablanca.ma\\\/#organization\",\"name\":\"VitaBlanca\",\"url\":\"https:\\\/\\\/vitablanca.ma\\\/\",\"logo\":{\"@type\":\"ImageObject\",\"inLanguage\":\"en-US\",\"@id\":\"https:\\\/\\\/vitablanca.ma\\\/#\\\/schema\\\/logo\\\/image\\\/\",\"url\":\"https:\\\/\\\/vitablanca.ma\\\/wp-content\\\/uploads\\\/2025\\\/05\\\/cropped-vitablanca.png\",\"contentUrl\":\"https:\\\/\\\/vitablanca.ma\\\/wp-content\\\/uploads\\\/2025\\\/05\\\/cropped-vitablanca.png\",\"width\":360,\"height\":67,\"caption\":\"VitaBlanca\"},\"image\":{\"@id\":\"https:\\\/\\\/vitablanca.ma\\\/#\\\/schema\\\/logo\\\/image\\\/\"},\"sameAs\":[\"https:\\\/\\\/www.facebook.com\\\/profile.php?id=61576678196717\",\"https:\\\/\\\/www.tiktok.com\\\/@vitablanca.ma\",\"https:\\\/\\\/www.instagram.com\\\/vitablanca.ma\\\/\"]}]}<\/script>\n<!-- \/ Yoast SEO plugin. -->","yoast_head_json":{"title":"MOUSUF EAU DE PARFUM ARD AL ZAAFARAN - Maroc Prix","description":"D\u00e9couvrez Mousuf Eau de Parfum Ard Al Zaafaran 100ml, un parfum unisexe oriental aux notes gourmandes de raisin, chocolat et musc avec une excellente tenue.","robots":{"index":"index","follow":"follow","max-snippet":"max-snippet:-1","max-image-preview":"max-image-preview:large","max-video-preview":"max-video-preview:-1"},"canonical":"https:\/\/vitablanca.ma\/en\/product\/mousuf-eau-de-parfum-ard-al-zaafaran-unisexe-100ml\/","og_locale":"en_US","og_type":"article","og_title":"MOUSUF EAU DE PARFUM ARD AL ZAAFARAN - Maroc Prix","og_description":"D\u00e9couvrez Mousuf Eau de Parfum Ard Al Zaafaran 100ml, un parfum unisexe oriental aux notes gourmandes de raisin, chocolat et musc avec une excellente tenue.","og_url":"https:\/\/vitablanca.ma\/en\/product\/mousuf-eau-de-parfum-ard-al-zaafaran-unisexe-100ml\/","og_site_name":"Vitablanca.ma &ndash; Sant&eacute;, vitalit&eacute; et bien-&ecirc;tre pour tous les Marocains","article_publisher":"https:\/\/www.facebook.com\/profile.php?id=61576678196717","article_modified_time":"2026-04-17T22:32:31+00:00","og_image":[{"width":1080,"height":1080,"url":"https:\/\/vitablanca.ma\/wp-content\/uploads\/2026\/03\/MOUSUF_EAU_DE_PARFUM_ARD_AL_ZAAFARAN_-_100ml_1.jpg","type":"image\/jpeg"}],"twitter_card":"summary_large_image","twitter_misc":{"Est. reading time":"2 minutes"},"schema":{"@context":"https:\/\/schema.org","@graph":[{"@type":["WebPage","ItemPage"],"@id":"https:\/\/vitablanca.ma\/produit\/mousuf-eau-de-parfum-ard-al-zaafaran-unisexe-100ml\/","url":"https:\/\/vitablanca.ma\/produit\/mousuf-eau-de-parfum-ard-al-zaafaran-unisexe-100ml\/","name":"MOUSUF EAU DE PARFUM ARD AL ZAAFARAN - Maroc Prix","isPartOf":{"@id":"https:\/\/vitablanca.ma\/#website"},"primaryImageOfPage":{"@id":"https:\/\/vitablanca.ma\/produit\/mousuf-eau-de-parfum-ard-al-zaafaran-unisexe-100ml\/#primaryimage"},"image":{"@id":"https:\/\/vitablanca.ma\/produit\/mousuf-eau-de-parfum-ard-al-zaafaran-unisexe-100ml\/#primaryimage"},"thumbnailUrl":"https:\/\/vitablanca.ma\/wp-content\/uploads\/2026\/03\/MOUSUF_EAU_DE_PARFUM_ARD_AL_ZAAFARAN_-_100ml_1.jpg","datePublished":"2026-03-04T02:41:33+00:00","dateModified":"2026-04-17T22:32:31+00:00","description":"D\u00e9couvrez Mousuf Eau de Parfum Ard Al Zaafaran 100ml, un parfum unisexe oriental aux notes gourmandes de raisin, chocolat et musc avec une excellente tenue.","breadcrumb":{"@id":"https:\/\/vitablanca.ma\/produit\/mousuf-eau-de-parfum-ard-al-zaafaran-unisexe-100ml\/#breadcrumb"},"inLanguage":"en-US","potentialAction":[{"@type":"ReadAction","target":["https:\/\/vitablanca.ma\/produit\/mousuf-eau-de-parfum-ard-al-zaafaran-unisexe-100ml\/"]}]},{"@type":"ImageObject","inLanguage":"en-US","@id":"https:\/\/vitablanca.ma\/produit\/mousuf-eau-de-parfum-ard-al-zaafaran-unisexe-100ml\/#primaryimage","url":"https:\/\/vitablanca.ma\/wp-content\/uploads\/2026\/03\/MOUSUF_EAU_DE_PARFUM_ARD_AL_ZAAFARAN_-_100ml_1.jpg","contentUrl":"https:\/\/vitablanca.ma\/wp-content\/uploads\/2026\/03\/MOUSUF_EAU_DE_PARFUM_ARD_AL_ZAAFARAN_-_100ml_1.jpg","width":1080,"height":1080},{"@type":"BreadcrumbList","@id":"https:\/\/vitablanca.ma\/produit\/mousuf-eau-de-parfum-ard-al-zaafaran-unisexe-100ml\/#breadcrumb","itemListElement":[{"@type":"ListItem","position":1,"name":"Home","item":"https:\/\/vitablanca.ma\/"},{"@type":"ListItem","position":2,"name":"Tous Les Produits","item":"https:\/\/vitablanca.ma\/tous-les-produits\/"},{"@type":"ListItem","position":3,"name":"MOUSUF EAU DE PARFUM ARD AL ZAAFARAN Unisexe &#8211; 100ml"}]},{"@type":"WebSite","@id":"https:\/\/vitablanca.ma\/#website","url":"https:\/\/vitablanca.ma\/","name":"VitaBlanca.ma | Food supplements, health &amp; beauty in Morocco","description":"sell premium vitamins and supplements from USA &amp; Canada, New Zealand, Morocco (NOW Foods, Solgar, Manuka). Fast delivery anywhere in Morocco.","publisher":{"@id":"https:\/\/vitablanca.ma\/#organization"},"alternateName":"VitaBlanca.ma","potentialAction":[{"@type":"SearchAction","target":{"@type":"EntryPoint","urlTemplate":"https:\/\/vitablanca.ma\/?s={search_term_string}"},"query-input":{"@type":"PropertyValueSpecification","valueRequired":true,"valueName":"search_term_string"}}],"inLanguage":"en-US"},{"@type":"Organization","@id":"https:\/\/vitablanca.ma\/#organization","name":"VitaBlanca","url":"https:\/\/vitablanca.ma\/","logo":{"@type":"ImageObject","inLanguage":"en-US","@id":"https:\/\/vitablanca.ma\/#\/schema\/logo\/image\/","url":"https:\/\/vitablanca.ma\/wp-content\/uploads\/2025\/05\/cropped-vitablanca.png","contentUrl":"https:\/\/vitablanca.ma\/wp-content\/uploads\/2025\/05\/cropped-vitablanca.png","width":360,"height":67,"caption":"VitaBlanca"},"image":{"@id":"https:\/\/vitablanca.ma\/#\/schema\/logo\/image\/"},"sameAs":["https:\/\/www.facebook.com\/profile.php?id=61576678196717","https:\/\/www.tiktok.com\/@vitablanca.ma","https:\/\/www.instagram.com\/vitablanca.ma\/"]}]}},"jetpack_sharing_enabled":true,"_links":{"self":[{"href":"https:\/\/vitablanca.ma\/en\/wp-json\/wp\/v2\/product\/33043","targetHints":{"allow":["GET"]}}],"collection":[{"href":"https:\/\/vitablanca.ma\/en\/wp-json\/wp\/v2\/product"}],"about":[{"href":"https:\/\/vitablanca.ma\/en\/wp-json\/wp\/v2\/types\/product"}],"wp:featuredmedia":[{"embeddable":true,"href":"https:\/\/vitablanca.ma\/en\/wp-json\/wp\/v2\/media\/33037"}],"wp:attachment":[{"href":"https:\/\/vitablanca.ma\/en\/wp-json\/wp\/v2\/media?parent=33043"}],"wp:term":[{"taxonomy":"product_brand","embeddable":true,"href":"https:\/\/vitablanca.ma\/en\/wp-json\/wp\/v2\/product_brand?post=33043"},{"taxonomy":"product_cat","embeddable":true,"href":"https:\/\/vitablanca.ma\/en\/wp-json\/wp\/v2\/product_cat?post=33043"},{"taxonomy":"product_tag","embeddable":true,"href":"https:\/\/vitablanca.ma\/en\/wp-json\/wp\/v2\/product_tag?post=33043"}],"curies":[{"name":"wp","href":"https:\/\/api.w.org\/{rel}","templated":true}]}}