{"id":33036,"date":"2026-03-04T02:41:21","date_gmt":"2026-03-04T02:41:21","guid":{"rendered":"https:\/\/vitablanca.ma\/produit\/mousuf-wardi-parfum-ard-al-zaafaran-pour-femmes-100ml\/"},"modified":"2026-03-15T23:08:27","modified_gmt":"2026-03-15T23:08:27","slug":"mousuf-wardi-parfum-ard-al-zaafaran-pour-femmes-100ml","status":"publish","type":"product","link":"https:\/\/vitablanca.ma\/en\/product\/mousuf-wardi-parfum-ard-al-zaafaran-pour-femmes-100ml\/","title":{"rendered":"MOUSUF WARDI PARFUM ARD AL ZAAFARAN Pour Femmes &#8211; 100ml"},"content":{"rendered":"<p class=\"MsoNormal\" style=\"margin-bottom: .0001pt; line-height: 115%;\">Discover <b>Mousuf Wardi \u0645\u0648\u0635\u0648\u0641 \u0648\u0631\u062f\u064a ,<\/b> une eau de parfum pour femme irr\u00e9sistible et envo\u00fbtante. Ce parfum est un savant m\u00e9lange de notes de t\u00eate \u00e9nergisantes de litchi, de rhubarbe et de fraise, qui se fondent harmonieusement avec des notes de c\u0153ur de rose, de vanille et de pomme. Les notes de fond de musc blanc et de cashmeran ajoutent une touche de sensualit\u00e9 et de profondeur, cr\u00e9ant ainsi un parfum audacieux et s\u00e9duisant.<\/p>\n<p class=\"MsoNormal\" style=\"margin-bottom: .0001pt; line-height: 115%;\"><span style=\"font-size: 6.0pt; line-height: 115%;\">\u00a0<\/span><\/p>\n<p class=\"MsoNormal\" style=\"margin-bottom: .0001pt; line-height: 115%;\">The perfume <b>Mousuf Wardi<\/b> est pr\u00e9sent\u00e9 dans une magnifique bouteille de 100 ml par Ard Al Zaafaran avec un bouchon dor\u00e9, ce qui en fait un choix merveilleux comme cadeau pour vos proches ou pour votre propre usage quotidien, Le parfum a une excellernte tenue, avec un parfum unique qui dure longtemps, et peut \u00eatre port\u00e9 pour toutes les occasions.<\/p>\n<p class=\"MsoNormal\" style=\"margin-bottom: .0001pt; line-height: 115%;\"><span style=\"font-size: 6.0pt; line-height: 115%;\">\u00a0<\/span><\/p>\n<p class=\"MsoNormal\" style=\"margin-bottom: .0001pt; line-height: 115%;\"><b>Mousuf Wardi<\/b> est un attar arabe de Duba\u00ef pour femme, import\u00e9 des Emirats Arabes Unis. C&rsquo;est un parfum de haute qualit\u00e9 qui convient parfaitement aux femmes qui recherchent un parfum irr\u00e9sistible et unique. La combinaison de notes fruit\u00e9es et florales avec des notes de fond profondes et sensuelles cr\u00e9e un parfum qui est \u00e0 la fois doux et puissant, ferninin et audacieux.<\/p>\n<p class=\"MsoNormal\" style=\"margin-bottom: .0001pt; line-height: 115%;\"><span style=\"font-size: 6.0pt; line-height: 115%;\">\u00a0<\/span><\/p>\n<p class=\"MsoNormal\" style=\"margin-bottom: .0001pt; line-height: 115%;\"><b>Mousuf Wardi<\/b> est un parfum de qualit\u00e9 sup\u00e9rieure qui convient \u00e0 toutes les femmes qui recherchent un parfum qui dure longtemps et qui est \u00e0 la fois doux et audacieux. Sa pr\u00e9sentation elegante et son parfum unique en font un choix parfait pour toutes les occasions.<\/p>\n<p class=\"MsoNormal\" style=\"margin-bottom: .0001pt; line-height: 115%;\"><b>Olfactory notes:<\/b><\/p>\n<p class=\"MsoNormal\" style=\"margin-bottom: .0001pt; line-height: 115%;\"><b>\u00a0<\/b><\/p>\n<p class=\"MsoNormal\" style=\"margin-bottom: .0001pt; line-height: 115%;\"><b>Top notes: <\/b>Rhubarbe, Fraise et Litchi<b><\/b><\/p>\n<p class=\"MsoNormal\" style=\"margin-bottom: .0001pt; line-height: 115%;\"><b>Notes de coeur : <\/b>Rose, Vanille et Pomme<b><\/b><\/p>\n<p class=\"MsoNormal\" style=\"margin-bottom: .0001pt; line-height: 115%;\"><b>Base notes: <\/b>Musc blanc et Bois de cachemire.<\/p>","protected":false},"excerpt":{"rendered":"<p>D\u00e9couvrez Mousuf Wardi \u0645\u0648\u0635\u0648\u0641 \u0648\u0631\u062f\u064a , une eau de parfum pour femme irr\u00e9sistible et envo\u00fbtante. Ce parfum est un savant m\u00e9lange de notes de t\u00eate \u00e9nergisantes de litchi, de rhubarbe et de fraise, qui se fondent harmonieusement avec des notes de c\u0153ur de rose, de vanille et de pomme. Les notes de fond de musc [&hellip;]<\/p>\n","protected":false},"featured_media":33033,"template":"","meta":{"om_disable_all_campaigns":false},"product_brand":[],"product_cat":[18,15,1091],"product_tag":[11575,11750,11764,11746,11766,11571,11745,11765,11743],"class_list":{"0":"post-33036","1":"product","2":"type-product","3":"status-publish","4":"has-post-thumbnail","6":"product_cat-beaute-sante","7":"product_cat-beaute-sante-complements-alimentaires-soins-et-bien-etre-au-meilleur-prix","8":"product_cat-beaute-parfums-maroc-prix","9":"product_tag-ard-al-zaafaran-parfum","10":"product_tag-eau-de-parfum-femme-100ml","11":"product_tag-mousuf-wardi","12":"product_tag-parfum-arabe-femme","13":"product_tag-parfum-dubai-femme","14":"product_tag-parfum-femme-ard-al-zaafaran","15":"product_tag-parfum-femme-longue-tenue","16":"product_tag-parfum-floral-fruite-femme","17":"product_tag-parfum-rose-femme","19":"first","20":"outofstock","21":"taxable","22":"shipping-taxable","23":"purchasable","24":"product-type-simple"},"yoast_head":"<!-- This site is optimized with the Yoast SEO plugin v27.3 - https:\/\/yoast.com\/product\/yoast-seo-wordpress\/ -->\n<title>MOUSUF WARDI PARFUM ARD AL ZAAFARAN - Maroc Prix<\/title>\n<meta name=\"description\" content=\"D\u00e9couvrez Mousuf Wardi Eau de Parfum Ard Al Zaafaran 100ml, un parfum f\u00e9minin floral et fruit\u00e9 aux notes de rose, fruits rouges et musc pour une fragrance .\" \/>\n<meta name=\"robots\" content=\"index, follow, max-snippet:-1, max-image-preview:large, max-video-preview:-1\" \/>\n<link rel=\"canonical\" href=\"https:\/\/vitablanca.ma\/en\/product\/mousuf-wardi-parfum-ard-al-zaafaran-pour-femmes-100ml\/\" \/>\n<meta property=\"og:locale\" content=\"en_US\" \/>\n<meta property=\"og:type\" content=\"article\" \/>\n<meta property=\"og:title\" content=\"MOUSUF WARDI PARFUM ARD AL ZAAFARAN - Maroc Prix\" \/>\n<meta property=\"og:description\" content=\"D\u00e9couvrez Mousuf Wardi Eau de Parfum Ard Al Zaafaran 100ml, un parfum f\u00e9minin floral et fruit\u00e9 aux notes de rose, fruits rouges et musc pour une fragrance .\" \/>\n<meta property=\"og:url\" content=\"https:\/\/vitablanca.ma\/en\/product\/mousuf-wardi-parfum-ard-al-zaafaran-pour-femmes-100ml\/\" \/>\n<meta property=\"og:site_name\" content=\"Vitablanca.ma &ndash; Sant&eacute;, vitalit&eacute; et bien-&ecirc;tre pour tous les Marocains\" \/>\n<meta property=\"article:publisher\" content=\"https:\/\/www.facebook.com\/profile.php?id=61576678196717\" \/>\n<meta property=\"article:modified_time\" content=\"2026-03-15T23:08:27+00:00\" \/>\n<meta property=\"og:image\" content=\"https:\/\/vitablanca.ma\/wp-content\/uploads\/2026\/03\/2.MOUSUFWARDIPARFUMARDALZAAFARAN100ml.jpg\" \/>\n\t<meta property=\"og:image:width\" content=\"800\" \/>\n\t<meta property=\"og:image:height\" content=\"800\" \/>\n\t<meta property=\"og:image:type\" content=\"image\/jpeg\" \/>\n<meta name=\"twitter:card\" content=\"summary_large_image\" \/>\n<meta name=\"twitter:label1\" content=\"Est. reading time\" \/>\n\t<meta name=\"twitter:data1\" content=\"2 minutes\" \/>\n<script type=\"application\/ld+json\" class=\"yoast-schema-graph\">{\"@context\":\"https:\\\/\\\/schema.org\",\"@graph\":[{\"@type\":[\"WebPage\",\"ItemPage\"],\"@id\":\"https:\\\/\\\/vitablanca.ma\\\/produit\\\/mousuf-wardi-parfum-ard-al-zaafaran-pour-femmes-100ml\\\/\",\"url\":\"https:\\\/\\\/vitablanca.ma\\\/produit\\\/mousuf-wardi-parfum-ard-al-zaafaran-pour-femmes-100ml\\\/\",\"name\":\"MOUSUF WARDI PARFUM ARD AL ZAAFARAN - Maroc Prix\",\"isPartOf\":{\"@id\":\"https:\\\/\\\/vitablanca.ma\\\/#website\"},\"primaryImageOfPage\":{\"@id\":\"https:\\\/\\\/vitablanca.ma\\\/produit\\\/mousuf-wardi-parfum-ard-al-zaafaran-pour-femmes-100ml\\\/#primaryimage\"},\"image\":{\"@id\":\"https:\\\/\\\/vitablanca.ma\\\/produit\\\/mousuf-wardi-parfum-ard-al-zaafaran-pour-femmes-100ml\\\/#primaryimage\"},\"thumbnailUrl\":\"https:\\\/\\\/vitablanca.ma\\\/wp-content\\\/uploads\\\/2026\\\/03\\\/2.MOUSUFWARDIPARFUMARDALZAAFARAN100ml.jpg\",\"datePublished\":\"2026-03-04T02:41:21+00:00\",\"dateModified\":\"2026-03-15T23:08:27+00:00\",\"description\":\"D\u00e9couvrez Mousuf Wardi Eau de Parfum Ard Al Zaafaran 100ml, un parfum f\u00e9minin floral et fruit\u00e9 aux notes de rose, fruits rouges et musc pour une fragrance .\",\"breadcrumb\":{\"@id\":\"https:\\\/\\\/vitablanca.ma\\\/produit\\\/mousuf-wardi-parfum-ard-al-zaafaran-pour-femmes-100ml\\\/#breadcrumb\"},\"inLanguage\":\"en-US\",\"potentialAction\":[{\"@type\":\"ReadAction\",\"target\":[\"https:\\\/\\\/vitablanca.ma\\\/produit\\\/mousuf-wardi-parfum-ard-al-zaafaran-pour-femmes-100ml\\\/\"]}]},{\"@type\":\"ImageObject\",\"inLanguage\":\"en-US\",\"@id\":\"https:\\\/\\\/vitablanca.ma\\\/produit\\\/mousuf-wardi-parfum-ard-al-zaafaran-pour-femmes-100ml\\\/#primaryimage\",\"url\":\"https:\\\/\\\/vitablanca.ma\\\/wp-content\\\/uploads\\\/2026\\\/03\\\/2.MOUSUFWARDIPARFUMARDALZAAFARAN100ml.jpg\",\"contentUrl\":\"https:\\\/\\\/vitablanca.ma\\\/wp-content\\\/uploads\\\/2026\\\/03\\\/2.MOUSUFWARDIPARFUMARDALZAAFARAN100ml.jpg\",\"width\":800,\"height\":800},{\"@type\":\"BreadcrumbList\",\"@id\":\"https:\\\/\\\/vitablanca.ma\\\/produit\\\/mousuf-wardi-parfum-ard-al-zaafaran-pour-femmes-100ml\\\/#breadcrumb\",\"itemListElement\":[{\"@type\":\"ListItem\",\"position\":1,\"name\":\"Home\",\"item\":\"https:\\\/\\\/vitablanca.ma\\\/\"},{\"@type\":\"ListItem\",\"position\":2,\"name\":\"Tous Les Produits\",\"item\":\"https:\\\/\\\/vitablanca.ma\\\/tous-les-produits\\\/\"},{\"@type\":\"ListItem\",\"position\":3,\"name\":\"MOUSUF WARDI PARFUM ARD AL ZAAFARAN Pour Femmes &#8211; 100ml\"}]},{\"@type\":\"WebSite\",\"@id\":\"https:\\\/\\\/vitablanca.ma\\\/#website\",\"url\":\"https:\\\/\\\/vitablanca.ma\\\/\",\"name\":\"VitaBlanca.ma | Compl\u00e9ments alimentaires, sant\u00e9 & beaut\u00e9 au Maroc\",\"description\":\"vendre vitamines et compl\u00e9ments premium des USA &amp; Canada, Nouvelle Z\u00e9lande,Maroc (NOW Foods, Solgar, Manuka). Livraison rapide partout au Maroc.\",\"publisher\":{\"@id\":\"https:\\\/\\\/vitablanca.ma\\\/#organization\"},\"alternateName\":\"VitaBlanca.ma\",\"potentialAction\":[{\"@type\":\"SearchAction\",\"target\":{\"@type\":\"EntryPoint\",\"urlTemplate\":\"https:\\\/\\\/vitablanca.ma\\\/?s={search_term_string}\"},\"query-input\":{\"@type\":\"PropertyValueSpecification\",\"valueRequired\":true,\"valueName\":\"search_term_string\"}}],\"inLanguage\":\"en-US\"},{\"@type\":\"Organization\",\"@id\":\"https:\\\/\\\/vitablanca.ma\\\/#organization\",\"name\":\"VitaBlanca\",\"url\":\"https:\\\/\\\/vitablanca.ma\\\/\",\"logo\":{\"@type\":\"ImageObject\",\"inLanguage\":\"en-US\",\"@id\":\"https:\\\/\\\/vitablanca.ma\\\/#\\\/schema\\\/logo\\\/image\\\/\",\"url\":\"https:\\\/\\\/vitablanca.ma\\\/wp-content\\\/uploads\\\/2025\\\/05\\\/cropped-vitablanca.png\",\"contentUrl\":\"https:\\\/\\\/vitablanca.ma\\\/wp-content\\\/uploads\\\/2025\\\/05\\\/cropped-vitablanca.png\",\"width\":360,\"height\":67,\"caption\":\"VitaBlanca\"},\"image\":{\"@id\":\"https:\\\/\\\/vitablanca.ma\\\/#\\\/schema\\\/logo\\\/image\\\/\"},\"sameAs\":[\"https:\\\/\\\/www.facebook.com\\\/profile.php?id=61576678196717\",\"https:\\\/\\\/www.tiktok.com\\\/@vitablanca.ma\",\"https:\\\/\\\/www.instagram.com\\\/vitablanca.ma\\\/\"]}]}<\/script>\n<!-- \/ Yoast SEO plugin. -->","yoast_head_json":{"title":"MOUSUF WARDI PARFUM ARD AL ZAAFARAN - Maroc Prix","description":"D\u00e9couvrez Mousuf Wardi Eau de Parfum Ard Al Zaafaran 100ml, un parfum f\u00e9minin floral et fruit\u00e9 aux notes de rose, fruits rouges et musc pour une fragrance .","robots":{"index":"index","follow":"follow","max-snippet":"max-snippet:-1","max-image-preview":"max-image-preview:large","max-video-preview":"max-video-preview:-1"},"canonical":"https:\/\/vitablanca.ma\/en\/product\/mousuf-wardi-parfum-ard-al-zaafaran-pour-femmes-100ml\/","og_locale":"en_US","og_type":"article","og_title":"MOUSUF WARDI PARFUM ARD AL ZAAFARAN - Maroc Prix","og_description":"D\u00e9couvrez Mousuf Wardi Eau de Parfum Ard Al Zaafaran 100ml, un parfum f\u00e9minin floral et fruit\u00e9 aux notes de rose, fruits rouges et musc pour une fragrance .","og_url":"https:\/\/vitablanca.ma\/en\/product\/mousuf-wardi-parfum-ard-al-zaafaran-pour-femmes-100ml\/","og_site_name":"Vitablanca.ma &ndash; Sant&eacute;, vitalit&eacute; et bien-&ecirc;tre pour tous les Marocains","article_publisher":"https:\/\/www.facebook.com\/profile.php?id=61576678196717","article_modified_time":"2026-03-15T23:08:27+00:00","og_image":[{"width":800,"height":800,"url":"https:\/\/vitablanca.ma\/wp-content\/uploads\/2026\/03\/2.MOUSUFWARDIPARFUMARDALZAAFARAN100ml.jpg","type":"image\/jpeg"}],"twitter_card":"summary_large_image","twitter_misc":{"Est. reading time":"2 minutes"},"schema":{"@context":"https:\/\/schema.org","@graph":[{"@type":["WebPage","ItemPage"],"@id":"https:\/\/vitablanca.ma\/produit\/mousuf-wardi-parfum-ard-al-zaafaran-pour-femmes-100ml\/","url":"https:\/\/vitablanca.ma\/produit\/mousuf-wardi-parfum-ard-al-zaafaran-pour-femmes-100ml\/","name":"MOUSUF WARDI PARFUM ARD AL ZAAFARAN - Maroc Prix","isPartOf":{"@id":"https:\/\/vitablanca.ma\/#website"},"primaryImageOfPage":{"@id":"https:\/\/vitablanca.ma\/produit\/mousuf-wardi-parfum-ard-al-zaafaran-pour-femmes-100ml\/#primaryimage"},"image":{"@id":"https:\/\/vitablanca.ma\/produit\/mousuf-wardi-parfum-ard-al-zaafaran-pour-femmes-100ml\/#primaryimage"},"thumbnailUrl":"https:\/\/vitablanca.ma\/wp-content\/uploads\/2026\/03\/2.MOUSUFWARDIPARFUMARDALZAAFARAN100ml.jpg","datePublished":"2026-03-04T02:41:21+00:00","dateModified":"2026-03-15T23:08:27+00:00","description":"D\u00e9couvrez Mousuf Wardi Eau de Parfum Ard Al Zaafaran 100ml, un parfum f\u00e9minin floral et fruit\u00e9 aux notes de rose, fruits rouges et musc pour une fragrance .","breadcrumb":{"@id":"https:\/\/vitablanca.ma\/produit\/mousuf-wardi-parfum-ard-al-zaafaran-pour-femmes-100ml\/#breadcrumb"},"inLanguage":"en-US","potentialAction":[{"@type":"ReadAction","target":["https:\/\/vitablanca.ma\/produit\/mousuf-wardi-parfum-ard-al-zaafaran-pour-femmes-100ml\/"]}]},{"@type":"ImageObject","inLanguage":"en-US","@id":"https:\/\/vitablanca.ma\/produit\/mousuf-wardi-parfum-ard-al-zaafaran-pour-femmes-100ml\/#primaryimage","url":"https:\/\/vitablanca.ma\/wp-content\/uploads\/2026\/03\/2.MOUSUFWARDIPARFUMARDALZAAFARAN100ml.jpg","contentUrl":"https:\/\/vitablanca.ma\/wp-content\/uploads\/2026\/03\/2.MOUSUFWARDIPARFUMARDALZAAFARAN100ml.jpg","width":800,"height":800},{"@type":"BreadcrumbList","@id":"https:\/\/vitablanca.ma\/produit\/mousuf-wardi-parfum-ard-al-zaafaran-pour-femmes-100ml\/#breadcrumb","itemListElement":[{"@type":"ListItem","position":1,"name":"Home","item":"https:\/\/vitablanca.ma\/"},{"@type":"ListItem","position":2,"name":"Tous Les Produits","item":"https:\/\/vitablanca.ma\/tous-les-produits\/"},{"@type":"ListItem","position":3,"name":"MOUSUF WARDI PARFUM ARD AL ZAAFARAN Pour Femmes &#8211; 100ml"}]},{"@type":"WebSite","@id":"https:\/\/vitablanca.ma\/#website","url":"https:\/\/vitablanca.ma\/","name":"VitaBlanca.ma | Food supplements, health &amp; beauty in Morocco","description":"sell premium vitamins and supplements from USA &amp; Canada, New Zealand, Morocco (NOW Foods, Solgar, Manuka). Fast delivery anywhere in Morocco.","publisher":{"@id":"https:\/\/vitablanca.ma\/#organization"},"alternateName":"VitaBlanca.ma","potentialAction":[{"@type":"SearchAction","target":{"@type":"EntryPoint","urlTemplate":"https:\/\/vitablanca.ma\/?s={search_term_string}"},"query-input":{"@type":"PropertyValueSpecification","valueRequired":true,"valueName":"search_term_string"}}],"inLanguage":"en-US"},{"@type":"Organization","@id":"https:\/\/vitablanca.ma\/#organization","name":"VitaBlanca","url":"https:\/\/vitablanca.ma\/","logo":{"@type":"ImageObject","inLanguage":"en-US","@id":"https:\/\/vitablanca.ma\/#\/schema\/logo\/image\/","url":"https:\/\/vitablanca.ma\/wp-content\/uploads\/2025\/05\/cropped-vitablanca.png","contentUrl":"https:\/\/vitablanca.ma\/wp-content\/uploads\/2025\/05\/cropped-vitablanca.png","width":360,"height":67,"caption":"VitaBlanca"},"image":{"@id":"https:\/\/vitablanca.ma\/#\/schema\/logo\/image\/"},"sameAs":["https:\/\/www.facebook.com\/profile.php?id=61576678196717","https:\/\/www.tiktok.com\/@vitablanca.ma","https:\/\/www.instagram.com\/vitablanca.ma\/"]}]}},"jetpack_sharing_enabled":true,"_links":{"self":[{"href":"https:\/\/vitablanca.ma\/en\/wp-json\/wp\/v2\/product\/33036","targetHints":{"allow":["GET"]}}],"collection":[{"href":"https:\/\/vitablanca.ma\/en\/wp-json\/wp\/v2\/product"}],"about":[{"href":"https:\/\/vitablanca.ma\/en\/wp-json\/wp\/v2\/types\/product"}],"wp:featuredmedia":[{"embeddable":true,"href":"https:\/\/vitablanca.ma\/en\/wp-json\/wp\/v2\/media\/33033"}],"wp:attachment":[{"href":"https:\/\/vitablanca.ma\/en\/wp-json\/wp\/v2\/media?parent=33036"}],"wp:term":[{"taxonomy":"product_brand","embeddable":true,"href":"https:\/\/vitablanca.ma\/en\/wp-json\/wp\/v2\/product_brand?post=33036"},{"taxonomy":"product_cat","embeddable":true,"href":"https:\/\/vitablanca.ma\/en\/wp-json\/wp\/v2\/product_cat?post=33036"},{"taxonomy":"product_tag","embeddable":true,"href":"https:\/\/vitablanca.ma\/en\/wp-json\/wp\/v2\/product_tag?post=33036"}],"curies":[{"name":"wp","href":"https:\/\/api.w.org\/{rel}","templated":true}]}}