{"id":33003,"date":"2026-03-04T02:40:39","date_gmt":"2026-03-04T02:40:39","guid":{"rendered":"https:\/\/vitablanca.ma\/produit\/mousuf-daisy-parfum-ard-al-zaafaran-pour-femmes-100ml\/"},"modified":"2026-03-15T23:08:28","modified_gmt":"2026-03-15T23:08:28","slug":"mousuf-daisy-parfum-ard-al-zaafaran-pour-femmes-100ml","status":"publish","type":"product","link":"https:\/\/vitablanca.ma\/en\/product\/mousuf-daisy-parfum-ard-al-zaafaran-pour-femmes-100ml\/","title":{"rendered":"MOUSUF DAISY PARFUM ARD AL ZAAFARAN Pour Femmes &#8211; 100ml"},"content":{"rendered":"<p class=\"MsoNormal\"><b><span style=\"font-family: 'Arial','sans-serif';\">Mousuf Daisy<\/span><\/b><span style=\"font-family: 'Arial','sans-serif';\">, une eau de parfum f\u00e9minine sign\u00e9e <b>Ard Al Zaafaran<\/b>, qui incarne la fraicheur florale et la douceur fruit\u00e9e. Cette fragrance d\u00e9licate et \u00e9l\u00e9gante est id\u00e9ale pour les femmes en qu\u00eate. d&rsquo;une signature olfactive l\u00e9g\u00e8re et raffin\u00e9e.<\/span><\/p>\n<p class=\"MsoNormal\"><b><span style=\"font-family: 'Arial','sans-serif';\">Mousuf Daisy<\/span><\/b><span style=\"font-family: 'Arial','sans-serif';\"> s&rsquo;ouvre sur des notes de t\u00eate p\u00e9tillantes de myrtille et de poivre rose, offrant une fraicheur fruit\u00e9e et \u00e9pic\u00e9e. Le c\u0153ur d\u00e9voile un bouquet floral d\u00e9licat de jasmin et de marguerite, apportant une touche de f\u00e9minite et d&rsquo;elegance. Enfin, les notes de fond d&rsquo;ambre, de bois de cedre, de musc et de vanille conf\u00e9rent \u00e0 la fragrance une chaleur douce et enveloppante.<\/span><\/p>\n<p class=\"MsoNormal\"><b><span style=\"font-family: 'Arial','sans-serif';\">Mousuf Daisy<\/span><\/b><span style=\"font-family: 'Arial','sans-serif';\"> est le choix parfait pour les femmes qui recherchent une fragrance fraiche et florale, Id\u00e9ale pour le quotidien ou les occasions sp\u00e9ciales. Son sillage l\u00e9ger et sa composition harmonieuse en font une eau de parfum s\u00e9duisante el accessible.<\/span><\/p>\n<p class=\"MsoNormal\"><b><span style=\"font-family: 'Arial','sans-serif';\">Olfactory notes:<\/span><\/b><\/p>\n<ul>\n<li class=\"MsoNormal\"><b><span style=\"font-family: 'Arial','sans-serif';\">Top notes:<\/span><\/b><span style=\"font-family: 'Arial','sans-serif';\"> Myrtille, Poivre rose<\/span><\/li>\n<li class=\"MsoNormal\"><b><span style=\"font-family: 'Arial','sans-serif';\">Heart notes:<\/span><\/b><span style=\"font-family: 'Arial','sans-serif';\"> Jasmin, Marguerite<\/span><\/li>\n<li class=\"MsoNormal\"><b><span style=\"font-family: 'Arial','sans-serif';\">Base notes:<\/span><\/b><span style=\"font-family: 'Arial','sans-serif';\"> Ambre, Bois de c\u00e8dre, Musc, Vanille<\/span><\/li>\n<\/ul>","protected":false},"excerpt":{"rendered":"<p>Mousuf Daisy, une eau de parfum f\u00e9minine sign\u00e9e Ard Al Zaafaran, qui incarne la fraicheur florale et la douceur fruit\u00e9e. Cette fragrance d\u00e9licate et \u00e9l\u00e9gante est id\u00e9ale pour les femmes en qu\u00eate. d&rsquo;une signature olfactive l\u00e9g\u00e8re et raffin\u00e9e. Mousuf Daisy s&rsquo;ouvre sur des notes de t\u00eate p\u00e9tillantes de myrtille et de poivre rose, offrant une [&hellip;]<\/p>\n","protected":false},"featured_media":33000,"template":"","meta":{"om_disable_all_campaigns":false},"product_brand":[],"product_cat":[18,15,1091],"product_tag":[11575,7189,11574,11570,11577,11571,11572,11573,9561,11576],"class_list":{"0":"post-33003","1":"product","2":"type-product","3":"status-publish","4":"has-post-thumbnail","6":"product_cat-beaute-sante","7":"product_cat-beaute-sante-complements-alimentaires-soins-et-bien-etre-au-meilleur-prix","8":"product_cat-beaute-parfums-maroc-prix","9":"product_tag-ard-al-zaafaran-parfum","10":"product_tag-fragrance-feminine","11":"product_tag-mousuf-daisy-100-ml","12":"product_tag-mousuf-daisy-ard-al-zaafaran","13":"product_tag-parfum-elegant-femme","14":"product_tag-parfum-femme-ard-al-zaafaran","15":"product_tag-parfum-floral-femme","16":"product_tag-parfum-fruite-femme","17":"product_tag-parfum-longue-tenue","18":"product_tag-parfum-luxe-abordable","20":"first","21":"outofstock","22":"taxable","23":"shipping-taxable","24":"purchasable","25":"product-type-simple"},"yoast_head":"<!-- This site is optimized with the Yoast SEO plugin v27.3 - https:\/\/yoast.com\/product\/yoast-seo-wordpress\/ -->\n<title>MOUSUF DAISY PARFUM ARD 100ml - Maroc Prix<\/title>\n<meta name=\"description\" content=\"D\u00e9couvrez Mousuf Daisy Parfum Ard Al Zaafaran 100 ml, un parfum f\u00e9minin aux notes florales et fruit\u00e9es, id\u00e9al pour sublimer votre personnalit\u00e9 au quotidien.\" \/>\n<meta name=\"robots\" content=\"index, follow, max-snippet:-1, max-image-preview:large, max-video-preview:-1\" \/>\n<link rel=\"canonical\" href=\"https:\/\/vitablanca.ma\/en\/product\/mousuf-daisy-parfum-ard-al-zaafaran-pour-femmes-100ml\/\" \/>\n<meta property=\"og:locale\" content=\"en_US\" \/>\n<meta property=\"og:type\" content=\"article\" \/>\n<meta property=\"og:title\" content=\"MOUSUF DAISY PARFUM ARD 100ml - Maroc Prix\" \/>\n<meta property=\"og:description\" content=\"D\u00e9couvrez Mousuf Daisy Parfum Ard Al Zaafaran 100 ml, un parfum f\u00e9minin aux notes florales et fruit\u00e9es, id\u00e9al pour sublimer votre personnalit\u00e9 au quotidien.\" \/>\n<meta property=\"og:url\" content=\"https:\/\/vitablanca.ma\/en\/product\/mousuf-daisy-parfum-ard-al-zaafaran-pour-femmes-100ml\/\" \/>\n<meta property=\"og:site_name\" content=\"Vitablanca.ma &ndash; Sant&eacute;, vitalit&eacute; et bien-&ecirc;tre pour tous les Marocains\" \/>\n<meta property=\"article:publisher\" content=\"https:\/\/www.facebook.com\/profile.php?id=61576678196717\" \/>\n<meta property=\"article:modified_time\" content=\"2026-03-15T23:08:28+00:00\" \/>\n<meta property=\"og:image\" content=\"https:\/\/vitablanca.ma\/wp-content\/uploads\/2026\/03\/MOUSUFDAISYPARFUMARDALZAAFARANPourFemmes-100ml3.jpg\" \/>\n\t<meta property=\"og:image:width\" content=\"1080\" \/>\n\t<meta property=\"og:image:height\" content=\"1080\" \/>\n\t<meta property=\"og:image:type\" content=\"image\/jpeg\" \/>\n<meta name=\"twitter:card\" content=\"summary_large_image\" \/>\n<meta name=\"twitter:label1\" content=\"Est. reading time\" \/>\n\t<meta name=\"twitter:data1\" content=\"2 minutes\" \/>\n<script type=\"application\/ld+json\" class=\"yoast-schema-graph\">{\"@context\":\"https:\\\/\\\/schema.org\",\"@graph\":[{\"@type\":[\"WebPage\",\"ItemPage\"],\"@id\":\"https:\\\/\\\/vitablanca.ma\\\/produit\\\/mousuf-daisy-parfum-ard-al-zaafaran-pour-femmes-100ml\\\/\",\"url\":\"https:\\\/\\\/vitablanca.ma\\\/produit\\\/mousuf-daisy-parfum-ard-al-zaafaran-pour-femmes-100ml\\\/\",\"name\":\"MOUSUF DAISY PARFUM ARD 100ml - Maroc Prix\",\"isPartOf\":{\"@id\":\"https:\\\/\\\/vitablanca.ma\\\/#website\"},\"primaryImageOfPage\":{\"@id\":\"https:\\\/\\\/vitablanca.ma\\\/produit\\\/mousuf-daisy-parfum-ard-al-zaafaran-pour-femmes-100ml\\\/#primaryimage\"},\"image\":{\"@id\":\"https:\\\/\\\/vitablanca.ma\\\/produit\\\/mousuf-daisy-parfum-ard-al-zaafaran-pour-femmes-100ml\\\/#primaryimage\"},\"thumbnailUrl\":\"https:\\\/\\\/vitablanca.ma\\\/wp-content\\\/uploads\\\/2026\\\/03\\\/MOUSUFDAISYPARFUMARDALZAAFARANPourFemmes-100ml3.jpg\",\"datePublished\":\"2026-03-04T02:40:39+00:00\",\"dateModified\":\"2026-03-15T23:08:28+00:00\",\"description\":\"D\u00e9couvrez Mousuf Daisy Parfum Ard Al Zaafaran 100 ml, un parfum f\u00e9minin aux notes florales et fruit\u00e9es, id\u00e9al pour sublimer votre personnalit\u00e9 au quotidien.\",\"breadcrumb\":{\"@id\":\"https:\\\/\\\/vitablanca.ma\\\/produit\\\/mousuf-daisy-parfum-ard-al-zaafaran-pour-femmes-100ml\\\/#breadcrumb\"},\"inLanguage\":\"en-US\",\"potentialAction\":[{\"@type\":\"ReadAction\",\"target\":[\"https:\\\/\\\/vitablanca.ma\\\/produit\\\/mousuf-daisy-parfum-ard-al-zaafaran-pour-femmes-100ml\\\/\"]}]},{\"@type\":\"ImageObject\",\"inLanguage\":\"en-US\",\"@id\":\"https:\\\/\\\/vitablanca.ma\\\/produit\\\/mousuf-daisy-parfum-ard-al-zaafaran-pour-femmes-100ml\\\/#primaryimage\",\"url\":\"https:\\\/\\\/vitablanca.ma\\\/wp-content\\\/uploads\\\/2026\\\/03\\\/MOUSUFDAISYPARFUMARDALZAAFARANPourFemmes-100ml3.jpg\",\"contentUrl\":\"https:\\\/\\\/vitablanca.ma\\\/wp-content\\\/uploads\\\/2026\\\/03\\\/MOUSUFDAISYPARFUMARDALZAAFARANPourFemmes-100ml3.jpg\",\"width\":1080,\"height\":1080},{\"@type\":\"BreadcrumbList\",\"@id\":\"https:\\\/\\\/vitablanca.ma\\\/produit\\\/mousuf-daisy-parfum-ard-al-zaafaran-pour-femmes-100ml\\\/#breadcrumb\",\"itemListElement\":[{\"@type\":\"ListItem\",\"position\":1,\"name\":\"Home\",\"item\":\"https:\\\/\\\/vitablanca.ma\\\/\"},{\"@type\":\"ListItem\",\"position\":2,\"name\":\"Tous Les Produits\",\"item\":\"https:\\\/\\\/vitablanca.ma\\\/tous-les-produits\\\/\"},{\"@type\":\"ListItem\",\"position\":3,\"name\":\"MOUSUF DAISY PARFUM ARD AL ZAAFARAN Pour Femmes &#8211; 100ml\"}]},{\"@type\":\"WebSite\",\"@id\":\"https:\\\/\\\/vitablanca.ma\\\/#website\",\"url\":\"https:\\\/\\\/vitablanca.ma\\\/\",\"name\":\"VitaBlanca.ma | Compl\u00e9ments alimentaires, sant\u00e9 & beaut\u00e9 au Maroc\",\"description\":\"vendre vitamines et compl\u00e9ments premium des USA &amp; Canada, Nouvelle Z\u00e9lande,Maroc (NOW Foods, Solgar, Manuka). Livraison rapide partout au Maroc.\",\"publisher\":{\"@id\":\"https:\\\/\\\/vitablanca.ma\\\/#organization\"},\"alternateName\":\"VitaBlanca.ma\",\"potentialAction\":[{\"@type\":\"SearchAction\",\"target\":{\"@type\":\"EntryPoint\",\"urlTemplate\":\"https:\\\/\\\/vitablanca.ma\\\/?s={search_term_string}\"},\"query-input\":{\"@type\":\"PropertyValueSpecification\",\"valueRequired\":true,\"valueName\":\"search_term_string\"}}],\"inLanguage\":\"en-US\"},{\"@type\":\"Organization\",\"@id\":\"https:\\\/\\\/vitablanca.ma\\\/#organization\",\"name\":\"VitaBlanca\",\"url\":\"https:\\\/\\\/vitablanca.ma\\\/\",\"logo\":{\"@type\":\"ImageObject\",\"inLanguage\":\"en-US\",\"@id\":\"https:\\\/\\\/vitablanca.ma\\\/#\\\/schema\\\/logo\\\/image\\\/\",\"url\":\"https:\\\/\\\/vitablanca.ma\\\/wp-content\\\/uploads\\\/2025\\\/05\\\/cropped-vitablanca.png\",\"contentUrl\":\"https:\\\/\\\/vitablanca.ma\\\/wp-content\\\/uploads\\\/2025\\\/05\\\/cropped-vitablanca.png\",\"width\":360,\"height\":67,\"caption\":\"VitaBlanca\"},\"image\":{\"@id\":\"https:\\\/\\\/vitablanca.ma\\\/#\\\/schema\\\/logo\\\/image\\\/\"},\"sameAs\":[\"https:\\\/\\\/www.facebook.com\\\/profile.php?id=61576678196717\",\"https:\\\/\\\/www.tiktok.com\\\/@vitablanca.ma\",\"https:\\\/\\\/www.instagram.com\\\/vitablanca.ma\\\/\"]}]}<\/script>\n<!-- \/ Yoast SEO plugin. -->","yoast_head_json":{"title":"MOUSUF DAISY PARFUM ARD 100ml - Maroc Prix","description":"D\u00e9couvrez Mousuf Daisy Parfum Ard Al Zaafaran 100 ml, un parfum f\u00e9minin aux notes florales et fruit\u00e9es, id\u00e9al pour sublimer votre personnalit\u00e9 au quotidien.","robots":{"index":"index","follow":"follow","max-snippet":"max-snippet:-1","max-image-preview":"max-image-preview:large","max-video-preview":"max-video-preview:-1"},"canonical":"https:\/\/vitablanca.ma\/en\/product\/mousuf-daisy-parfum-ard-al-zaafaran-pour-femmes-100ml\/","og_locale":"en_US","og_type":"article","og_title":"MOUSUF DAISY PARFUM ARD 100ml - Maroc Prix","og_description":"D\u00e9couvrez Mousuf Daisy Parfum Ard Al Zaafaran 100 ml, un parfum f\u00e9minin aux notes florales et fruit\u00e9es, id\u00e9al pour sublimer votre personnalit\u00e9 au quotidien.","og_url":"https:\/\/vitablanca.ma\/en\/product\/mousuf-daisy-parfum-ard-al-zaafaran-pour-femmes-100ml\/","og_site_name":"Vitablanca.ma &ndash; Sant&eacute;, vitalit&eacute; et bien-&ecirc;tre pour tous les Marocains","article_publisher":"https:\/\/www.facebook.com\/profile.php?id=61576678196717","article_modified_time":"2026-03-15T23:08:28+00:00","og_image":[{"width":1080,"height":1080,"url":"https:\/\/vitablanca.ma\/wp-content\/uploads\/2026\/03\/MOUSUFDAISYPARFUMARDALZAAFARANPourFemmes-100ml3.jpg","type":"image\/jpeg"}],"twitter_card":"summary_large_image","twitter_misc":{"Est. reading time":"2 minutes"},"schema":{"@context":"https:\/\/schema.org","@graph":[{"@type":["WebPage","ItemPage"],"@id":"https:\/\/vitablanca.ma\/produit\/mousuf-daisy-parfum-ard-al-zaafaran-pour-femmes-100ml\/","url":"https:\/\/vitablanca.ma\/produit\/mousuf-daisy-parfum-ard-al-zaafaran-pour-femmes-100ml\/","name":"MOUSUF DAISY PARFUM ARD 100ml - Maroc Prix","isPartOf":{"@id":"https:\/\/vitablanca.ma\/#website"},"primaryImageOfPage":{"@id":"https:\/\/vitablanca.ma\/produit\/mousuf-daisy-parfum-ard-al-zaafaran-pour-femmes-100ml\/#primaryimage"},"image":{"@id":"https:\/\/vitablanca.ma\/produit\/mousuf-daisy-parfum-ard-al-zaafaran-pour-femmes-100ml\/#primaryimage"},"thumbnailUrl":"https:\/\/vitablanca.ma\/wp-content\/uploads\/2026\/03\/MOUSUFDAISYPARFUMARDALZAAFARANPourFemmes-100ml3.jpg","datePublished":"2026-03-04T02:40:39+00:00","dateModified":"2026-03-15T23:08:28+00:00","description":"D\u00e9couvrez Mousuf Daisy Parfum Ard Al Zaafaran 100 ml, un parfum f\u00e9minin aux notes florales et fruit\u00e9es, id\u00e9al pour sublimer votre personnalit\u00e9 au quotidien.","breadcrumb":{"@id":"https:\/\/vitablanca.ma\/produit\/mousuf-daisy-parfum-ard-al-zaafaran-pour-femmes-100ml\/#breadcrumb"},"inLanguage":"en-US","potentialAction":[{"@type":"ReadAction","target":["https:\/\/vitablanca.ma\/produit\/mousuf-daisy-parfum-ard-al-zaafaran-pour-femmes-100ml\/"]}]},{"@type":"ImageObject","inLanguage":"en-US","@id":"https:\/\/vitablanca.ma\/produit\/mousuf-daisy-parfum-ard-al-zaafaran-pour-femmes-100ml\/#primaryimage","url":"https:\/\/vitablanca.ma\/wp-content\/uploads\/2026\/03\/MOUSUFDAISYPARFUMARDALZAAFARANPourFemmes-100ml3.jpg","contentUrl":"https:\/\/vitablanca.ma\/wp-content\/uploads\/2026\/03\/MOUSUFDAISYPARFUMARDALZAAFARANPourFemmes-100ml3.jpg","width":1080,"height":1080},{"@type":"BreadcrumbList","@id":"https:\/\/vitablanca.ma\/produit\/mousuf-daisy-parfum-ard-al-zaafaran-pour-femmes-100ml\/#breadcrumb","itemListElement":[{"@type":"ListItem","position":1,"name":"Home","item":"https:\/\/vitablanca.ma\/"},{"@type":"ListItem","position":2,"name":"Tous Les Produits","item":"https:\/\/vitablanca.ma\/tous-les-produits\/"},{"@type":"ListItem","position":3,"name":"MOUSUF DAISY PARFUM ARD AL ZAAFARAN Pour Femmes &#8211; 100ml"}]},{"@type":"WebSite","@id":"https:\/\/vitablanca.ma\/#website","url":"https:\/\/vitablanca.ma\/","name":"VitaBlanca.ma | Food supplements, health &amp; beauty in Morocco","description":"sell premium vitamins and supplements from USA &amp; Canada, New Zealand, Morocco (NOW Foods, Solgar, Manuka). Fast delivery anywhere in Morocco.","publisher":{"@id":"https:\/\/vitablanca.ma\/#organization"},"alternateName":"VitaBlanca.ma","potentialAction":[{"@type":"SearchAction","target":{"@type":"EntryPoint","urlTemplate":"https:\/\/vitablanca.ma\/?s={search_term_string}"},"query-input":{"@type":"PropertyValueSpecification","valueRequired":true,"valueName":"search_term_string"}}],"inLanguage":"en-US"},{"@type":"Organization","@id":"https:\/\/vitablanca.ma\/#organization","name":"VitaBlanca","url":"https:\/\/vitablanca.ma\/","logo":{"@type":"ImageObject","inLanguage":"en-US","@id":"https:\/\/vitablanca.ma\/#\/schema\/logo\/image\/","url":"https:\/\/vitablanca.ma\/wp-content\/uploads\/2025\/05\/cropped-vitablanca.png","contentUrl":"https:\/\/vitablanca.ma\/wp-content\/uploads\/2025\/05\/cropped-vitablanca.png","width":360,"height":67,"caption":"VitaBlanca"},"image":{"@id":"https:\/\/vitablanca.ma\/#\/schema\/logo\/image\/"},"sameAs":["https:\/\/www.facebook.com\/profile.php?id=61576678196717","https:\/\/www.tiktok.com\/@vitablanca.ma","https:\/\/www.instagram.com\/vitablanca.ma\/"]}]}},"jetpack_sharing_enabled":true,"_links":{"self":[{"href":"https:\/\/vitablanca.ma\/en\/wp-json\/wp\/v2\/product\/33003","targetHints":{"allow":["GET"]}}],"collection":[{"href":"https:\/\/vitablanca.ma\/en\/wp-json\/wp\/v2\/product"}],"about":[{"href":"https:\/\/vitablanca.ma\/en\/wp-json\/wp\/v2\/types\/product"}],"wp:featuredmedia":[{"embeddable":true,"href":"https:\/\/vitablanca.ma\/en\/wp-json\/wp\/v2\/media\/33000"}],"wp:attachment":[{"href":"https:\/\/vitablanca.ma\/en\/wp-json\/wp\/v2\/media?parent=33003"}],"wp:term":[{"taxonomy":"product_brand","embeddable":true,"href":"https:\/\/vitablanca.ma\/en\/wp-json\/wp\/v2\/product_brand?post=33003"},{"taxonomy":"product_cat","embeddable":true,"href":"https:\/\/vitablanca.ma\/en\/wp-json\/wp\/v2\/product_cat?post=33003"},{"taxonomy":"product_tag","embeddable":true,"href":"https:\/\/vitablanca.ma\/en\/wp-json\/wp\/v2\/product_tag?post=33003"}],"curies":[{"name":"wp","href":"https:\/\/api.w.org\/{rel}","templated":true}]}}