{"id":330,"date":"2025-04-21T15:17:50","date_gmt":"2025-04-21T15:17:50","guid":{"rendered":"https:\/\/vitablanca.ma\/?post_type=product&#038;p=330"},"modified":"2025-08-30T21:28:53","modified_gmt":"2025-08-30T21:28:53","slug":"now-foods-ubiquinol-100-mg-120-gelules-souples","status":"publish","type":"product","link":"https:\/\/vitablanca.ma\/en\/product\/now-foods-ubiquinol-100-mg-120-gelules-souples\/","title":{"rendered":"Now Foods Ubiquinol 100 mg, 120 softgels"},"content":{"rendered":"<p>L\u2019ubiquinol est la forme r\u00e9duite et active neutralisant les radicaux libres de la coenzyme Q10 (CoQ10). La CoQ10 qui se trouve dans toutes les cellules du corps, avec des concentrations particuli\u00e8rement \u00e9lev\u00e9es dans le c\u0153ur, est essentielle \u00e0 la production d\u2019\u00e9nergie mitochondriale et fonctionne comme un puissant \u00e9liminateur de radicaux libres liposoluble. Ces propri\u00e9t\u00e9s font d\u2019ubiquinol un compl\u00e9ment id\u00e9al pour le soutien de la production d\u2019\u00e9nergie et pour la protection contre les radicaux libres dans le c\u0153ur, les structures vasculaires, le cerveau et les neurones. L\u2019ubiquinol s\u2019est r\u00e9v\u00e9l\u00e9 \u00eatre hautement biodisponible et l\u2019addition d\u2019huile TCM (triglyc\u00e9rides \u00e0 cha\u00eene moyenne) \u00e0 ce produit am\u00e9liore naturellement sa solubilit\u00e9 ainsi que son absorption intestinale, cr\u00e9ant ainsi un produit avec une valeur biologique sup\u00e9rieure.<\/p>\n<p>Large format<\/p>\n<p>Cardiovascular health<\/p>\n<p>\u00a0<\/p>\n<p>Active form of CoQ10<\/p>\n<p>highly bioavailable<\/p>\n<p>Made with Kaneka&#039;s premium Ubiquinol<\/p>\n<p>Food supplement<\/p>\n<p>General health<\/p>\n<p>Quality assured by compliance with GMP (Good Manufacturing Practices)<\/p>","protected":false},"excerpt":{"rendered":"<ul>\n<li>Large format<\/li>\n<li>Cardiovascular health<\/li>\n<li>Active form of CoQ10<\/li>\n<li>highly bioavailable<\/li>\n<li>Made with Kaneka&#039;s premium Ubiquinol<\/li>\n<\/ul>","protected":false},"featured_media":331,"template":"","meta":{"om_disable_all_campaigns":false},"product_brand":[],"product_cat":[18,3366,304,19],"product_tag":[181,88,129,126,93,91,388,726,346],"class_list":{"0":"post-330","1":"product","2":"type-product","3":"status-publish","4":"has-post-thumbnail","6":"product_cat-beaute-sante","7":"product_cat-complements-alimentaires-au-maroc-vitablanca","8":"product_cat-supplements-vitaminiques-mineraux-multiples","9":"product_cat-vitamines-supplements-dietetiques","10":"product_tag-complement-alimentaire","11":"product_tag-now-foods","12":"product_tag-now-foods-casa","13":"product_tag-now-foods-iherb","14":"product_tag-now-foods-jumia","15":"product_tag-now-foods-maroc","16":"product_tag-now-foods-maroc-avis","17":"product_tag-now-foods-maroc-prix","18":"product_tag-ubiquinol","20":"first","21":"instock","22":"sale","23":"taxable","24":"shipping-taxable","25":"purchasable","26":"product-type-simple"},"yoast_head":"<!-- This site is optimized with the Yoast SEO plugin v27.5 - https:\/\/yoast.com\/product\/yoast-seo-wordpress\/ -->\n<title>Now Foods Ubiquinol 100 mg, 120 G\u00e9lules- Maroc Prix<\/title>\n<meta name=\"description\" content=\"Achetez Now Foods Ubiquinol 100 mg au Maroc. Ces 120 g\u00e9lules souples offrent la forme active de CoQ10 pour un soutien cardiovasculaire.\" \/>\n<meta name=\"robots\" content=\"index, follow, max-snippet:-1, max-image-preview:large, max-video-preview:-1\" \/>\n<link rel=\"canonical\" href=\"https:\/\/vitablanca.ma\/en\/product\/now-foods-ubiquinol-100-mg-120-gelules-souples\/\" \/>\n<meta property=\"og:locale\" content=\"en_US\" \/>\n<meta property=\"og:type\" content=\"article\" \/>\n<meta property=\"og:title\" content=\"Now Foods Ubiquinol 100 mg, 120 G\u00e9lules- Maroc Prix\" \/>\n<meta property=\"og:description\" content=\"Achetez Now Foods Ubiquinol 100 mg au Maroc. Ces 120 g\u00e9lules souples offrent la forme active de CoQ10 pour un soutien cardiovasculaire.\" \/>\n<meta property=\"og:url\" content=\"https:\/\/vitablanca.ma\/en\/product\/now-foods-ubiquinol-100-mg-120-gelules-souples\/\" \/>\n<meta property=\"og:site_name\" content=\"Vitablanca.ma &ndash; Sant&eacute;, vitalit&eacute; et bien-&ecirc;tre pour tous les Marocains\" \/>\n<meta property=\"article:publisher\" content=\"https:\/\/www.facebook.com\/profile.php?id=61576678196717\" \/>\n<meta property=\"article:modified_time\" content=\"2025-08-30T21:28:53+00:00\" \/>\n<meta property=\"og:image\" content=\"https:\/\/vitablanca.ma\/wp-content\/uploads\/2025\/04\/now-foods-ubiquinol-100-mg-120-gelules.jpg\" \/>\n\t<meta property=\"og:image:width\" content=\"680\" \/>\n\t<meta property=\"og:image:height\" content=\"680\" \/>\n\t<meta property=\"og:image:type\" content=\"image\/jpeg\" \/>\n<meta name=\"twitter:card\" content=\"summary_large_image\" \/>\n<meta name=\"twitter:label1\" content=\"Est. reading time\" \/>\n\t<meta name=\"twitter:data1\" content=\"1 minute\" \/>\n<script type=\"application\/ld+json\" class=\"yoast-schema-graph\">{\"@context\":\"https:\\\/\\\/schema.org\",\"@graph\":[{\"@type\":[\"WebPage\",\"ItemPage\"],\"@id\":\"https:\\\/\\\/vitablanca.ma\\\/produit\\\/now-foods-ubiquinol-100-mg-120-gelules-souples\\\/\",\"url\":\"https:\\\/\\\/vitablanca.ma\\\/produit\\\/now-foods-ubiquinol-100-mg-120-gelules-souples\\\/\",\"name\":\"Now Foods Ubiquinol 100 mg, 120 G\u00e9lules- Maroc Prix\",\"isPartOf\":{\"@id\":\"https:\\\/\\\/vitablanca.ma\\\/#website\"},\"primaryImageOfPage\":{\"@id\":\"https:\\\/\\\/vitablanca.ma\\\/produit\\\/now-foods-ubiquinol-100-mg-120-gelules-souples\\\/#primaryimage\"},\"image\":{\"@id\":\"https:\\\/\\\/vitablanca.ma\\\/produit\\\/now-foods-ubiquinol-100-mg-120-gelules-souples\\\/#primaryimage\"},\"thumbnailUrl\":\"https:\\\/\\\/vitablanca.ma\\\/wp-content\\\/uploads\\\/2025\\\/04\\\/now-foods-ubiquinol-100-mg-120-gelules.jpg\",\"datePublished\":\"2025-04-21T15:17:50+00:00\",\"dateModified\":\"2025-08-30T21:28:53+00:00\",\"description\":\"Achetez Now Foods Ubiquinol 100 mg au Maroc. Ces 120 g\u00e9lules souples offrent la forme active de CoQ10 pour un soutien cardiovasculaire.\",\"breadcrumb\":{\"@id\":\"https:\\\/\\\/vitablanca.ma\\\/produit\\\/now-foods-ubiquinol-100-mg-120-gelules-souples\\\/#breadcrumb\"},\"inLanguage\":\"en-US\",\"potentialAction\":[{\"@type\":\"ReadAction\",\"target\":[\"https:\\\/\\\/vitablanca.ma\\\/produit\\\/now-foods-ubiquinol-100-mg-120-gelules-souples\\\/\"]}]},{\"@type\":\"ImageObject\",\"inLanguage\":\"en-US\",\"@id\":\"https:\\\/\\\/vitablanca.ma\\\/produit\\\/now-foods-ubiquinol-100-mg-120-gelules-souples\\\/#primaryimage\",\"url\":\"https:\\\/\\\/vitablanca.ma\\\/wp-content\\\/uploads\\\/2025\\\/04\\\/now-foods-ubiquinol-100-mg-120-gelules.jpg\",\"contentUrl\":\"https:\\\/\\\/vitablanca.ma\\\/wp-content\\\/uploads\\\/2025\\\/04\\\/now-foods-ubiquinol-100-mg-120-gelules.jpg\",\"width\":680,\"height\":680},{\"@type\":\"BreadcrumbList\",\"@id\":\"https:\\\/\\\/vitablanca.ma\\\/produit\\\/now-foods-ubiquinol-100-mg-120-gelules-souples\\\/#breadcrumb\",\"itemListElement\":[{\"@type\":\"ListItem\",\"position\":1,\"name\":\"Home\",\"item\":\"https:\\\/\\\/vitablanca.ma\\\/\"},{\"@type\":\"ListItem\",\"position\":2,\"name\":\"Tous Les Produits\",\"item\":\"https:\\\/\\\/vitablanca.ma\\\/tous-les-produits\\\/\"},{\"@type\":\"ListItem\",\"position\":3,\"name\":\"Now Foods Ubiquinol 100 mg, 120 g\u00e9lules souples\"}]},{\"@type\":\"WebSite\",\"@id\":\"https:\\\/\\\/vitablanca.ma\\\/#website\",\"url\":\"https:\\\/\\\/vitablanca.ma\\\/\",\"name\":\"VitaBlanca.ma | Compl\u00e9ments alimentaires, sant\u00e9 & beaut\u00e9 au Maroc\",\"description\":\"vendre vitamines et compl\u00e9ments premium des USA &amp; Canada, Nouvelle Z\u00e9lande,Maroc (NOW Foods, Solgar, Manuka). Livraison rapide partout au Maroc.\",\"publisher\":{\"@id\":\"https:\\\/\\\/vitablanca.ma\\\/#organization\"},\"alternateName\":\"VitaBlanca.ma\",\"potentialAction\":[{\"@type\":\"SearchAction\",\"target\":{\"@type\":\"EntryPoint\",\"urlTemplate\":\"https:\\\/\\\/vitablanca.ma\\\/?s={search_term_string}\"},\"query-input\":{\"@type\":\"PropertyValueSpecification\",\"valueRequired\":true,\"valueName\":\"search_term_string\"}}],\"inLanguage\":\"en-US\"},{\"@type\":\"Organization\",\"@id\":\"https:\\\/\\\/vitablanca.ma\\\/#organization\",\"name\":\"VitaBlanca\",\"url\":\"https:\\\/\\\/vitablanca.ma\\\/\",\"logo\":{\"@type\":\"ImageObject\",\"inLanguage\":\"en-US\",\"@id\":\"https:\\\/\\\/vitablanca.ma\\\/#\\\/schema\\\/logo\\\/image\\\/\",\"url\":\"https:\\\/\\\/vitablanca.ma\\\/wp-content\\\/uploads\\\/2025\\\/05\\\/cropped-vitablanca.png\",\"contentUrl\":\"https:\\\/\\\/vitablanca.ma\\\/wp-content\\\/uploads\\\/2025\\\/05\\\/cropped-vitablanca.png\",\"width\":360,\"height\":67,\"caption\":\"VitaBlanca\"},\"image\":{\"@id\":\"https:\\\/\\\/vitablanca.ma\\\/#\\\/schema\\\/logo\\\/image\\\/\"},\"sameAs\":[\"https:\\\/\\\/www.facebook.com\\\/profile.php?id=61576678196717\",\"https:\\\/\\\/www.tiktok.com\\\/@vitablanca.ma\",\"https:\\\/\\\/www.instagram.com\\\/vitablanca.ma\\\/\"]}]}<\/script>\n<!-- \/ Yoast SEO plugin. -->","yoast_head_json":{"title":"Now Foods Ubiquinol 100 mg, 120 Capsules - Morocco Price","description":"Buy Now Foods Ubiquinol 100 mg in Morocco. These 120 softgels provide the active form of CoQ10 for cardiovascular support.","robots":{"index":"index","follow":"follow","max-snippet":"max-snippet:-1","max-image-preview":"max-image-preview:large","max-video-preview":"max-video-preview:-1"},"canonical":"https:\/\/vitablanca.ma\/en\/product\/now-foods-ubiquinol-100-mg-120-gelules-souples\/","og_locale":"en_US","og_type":"article","og_title":"Now Foods Ubiquinol 100 mg, 120 G\u00e9lules- Maroc Prix","og_description":"Achetez Now Foods Ubiquinol 100 mg au Maroc. Ces 120 g\u00e9lules souples offrent la forme active de CoQ10 pour un soutien cardiovasculaire.","og_url":"https:\/\/vitablanca.ma\/en\/product\/now-foods-ubiquinol-100-mg-120-gelules-souples\/","og_site_name":"Vitablanca.ma &ndash; Sant&eacute;, vitalit&eacute; et bien-&ecirc;tre pour tous les Marocains","article_publisher":"https:\/\/www.facebook.com\/profile.php?id=61576678196717","article_modified_time":"2025-08-30T21:28:53+00:00","og_image":[{"width":680,"height":680,"url":"https:\/\/vitablanca.ma\/wp-content\/uploads\/2025\/04\/now-foods-ubiquinol-100-mg-120-gelules.jpg","type":"image\/jpeg"}],"twitter_card":"summary_large_image","twitter_misc":{"Est. reading time":"1 minute"},"schema":{"@context":"https:\/\/schema.org","@graph":[{"@type":["WebPage","ItemPage"],"@id":"https:\/\/vitablanca.ma\/produit\/now-foods-ubiquinol-100-mg-120-gelules-souples\/","url":"https:\/\/vitablanca.ma\/produit\/now-foods-ubiquinol-100-mg-120-gelules-souples\/","name":"Now Foods Ubiquinol 100 mg, 120 Capsules - Morocco Price","isPartOf":{"@id":"https:\/\/vitablanca.ma\/#website"},"primaryImageOfPage":{"@id":"https:\/\/vitablanca.ma\/produit\/now-foods-ubiquinol-100-mg-120-gelules-souples\/#primaryimage"},"image":{"@id":"https:\/\/vitablanca.ma\/produit\/now-foods-ubiquinol-100-mg-120-gelules-souples\/#primaryimage"},"thumbnailUrl":"https:\/\/vitablanca.ma\/wp-content\/uploads\/2025\/04\/now-foods-ubiquinol-100-mg-120-gelules.jpg","datePublished":"2025-04-21T15:17:50+00:00","dateModified":"2025-08-30T21:28:53+00:00","description":"Buy Now Foods Ubiquinol 100 mg in Morocco. These 120 softgels provide the active form of CoQ10 for cardiovascular support.","breadcrumb":{"@id":"https:\/\/vitablanca.ma\/produit\/now-foods-ubiquinol-100-mg-120-gelules-souples\/#breadcrumb"},"inLanguage":"en-US","potentialAction":[{"@type":"ReadAction","target":["https:\/\/vitablanca.ma\/produit\/now-foods-ubiquinol-100-mg-120-gelules-souples\/"]}]},{"@type":"ImageObject","inLanguage":"en-US","@id":"https:\/\/vitablanca.ma\/produit\/now-foods-ubiquinol-100-mg-120-gelules-souples\/#primaryimage","url":"https:\/\/vitablanca.ma\/wp-content\/uploads\/2025\/04\/now-foods-ubiquinol-100-mg-120-gelules.jpg","contentUrl":"https:\/\/vitablanca.ma\/wp-content\/uploads\/2025\/04\/now-foods-ubiquinol-100-mg-120-gelules.jpg","width":680,"height":680},{"@type":"BreadcrumbList","@id":"https:\/\/vitablanca.ma\/produit\/now-foods-ubiquinol-100-mg-120-gelules-souples\/#breadcrumb","itemListElement":[{"@type":"ListItem","position":1,"name":"Home","item":"https:\/\/vitablanca.ma\/"},{"@type":"ListItem","position":2,"name":"Tous Les Produits","item":"https:\/\/vitablanca.ma\/tous-les-produits\/"},{"@type":"ListItem","position":3,"name":"Now Foods Ubiquinol 100 mg, 120 g\u00e9lules souples"}]},{"@type":"WebSite","@id":"https:\/\/vitablanca.ma\/#website","url":"https:\/\/vitablanca.ma\/","name":"VitaBlanca.ma | Food supplements, health &amp; beauty in Morocco","description":"sell premium vitamins and supplements from USA &amp; Canada, New Zealand, Morocco (NOW Foods, Solgar, Manuka). Fast delivery anywhere in Morocco.","publisher":{"@id":"https:\/\/vitablanca.ma\/#organization"},"alternateName":"VitaBlanca.ma","potentialAction":[{"@type":"SearchAction","target":{"@type":"EntryPoint","urlTemplate":"https:\/\/vitablanca.ma\/?s={search_term_string}"},"query-input":{"@type":"PropertyValueSpecification","valueRequired":true,"valueName":"search_term_string"}}],"inLanguage":"en-US"},{"@type":"Organization","@id":"https:\/\/vitablanca.ma\/#organization","name":"VitaBlanca","url":"https:\/\/vitablanca.ma\/","logo":{"@type":"ImageObject","inLanguage":"en-US","@id":"https:\/\/vitablanca.ma\/#\/schema\/logo\/image\/","url":"https:\/\/vitablanca.ma\/wp-content\/uploads\/2025\/05\/cropped-vitablanca.png","contentUrl":"https:\/\/vitablanca.ma\/wp-content\/uploads\/2025\/05\/cropped-vitablanca.png","width":360,"height":67,"caption":"VitaBlanca"},"image":{"@id":"https:\/\/vitablanca.ma\/#\/schema\/logo\/image\/"},"sameAs":["https:\/\/www.facebook.com\/profile.php?id=61576678196717","https:\/\/www.tiktok.com\/@vitablanca.ma","https:\/\/www.instagram.com\/vitablanca.ma\/"]}]}},"jetpack_sharing_enabled":true,"_links":{"self":[{"href":"https:\/\/vitablanca.ma\/en\/wp-json\/wp\/v2\/product\/330","targetHints":{"allow":["GET"]}}],"collection":[{"href":"https:\/\/vitablanca.ma\/en\/wp-json\/wp\/v2\/product"}],"about":[{"href":"https:\/\/vitablanca.ma\/en\/wp-json\/wp\/v2\/types\/product"}],"wp:featuredmedia":[{"embeddable":true,"href":"https:\/\/vitablanca.ma\/en\/wp-json\/wp\/v2\/media\/331"}],"wp:attachment":[{"href":"https:\/\/vitablanca.ma\/en\/wp-json\/wp\/v2\/media?parent=330"}],"wp:term":[{"taxonomy":"product_brand","embeddable":true,"href":"https:\/\/vitablanca.ma\/en\/wp-json\/wp\/v2\/product_brand?post=330"},{"taxonomy":"product_cat","embeddable":true,"href":"https:\/\/vitablanca.ma\/en\/wp-json\/wp\/v2\/product_cat?post=330"},{"taxonomy":"product_tag","embeddable":true,"href":"https:\/\/vitablanca.ma\/en\/wp-json\/wp\/v2\/product_tag?post=330"}],"curies":[{"name":"wp","href":"https:\/\/api.w.org\/{rel}","templated":true}]}}