{"id":32999,"date":"2026-03-04T02:40:33","date_gmt":"2026-03-04T02:40:33","guid":{"rendered":"https:\/\/vitablanca.ma\/produit\/ameer-al-arab-imperium-eau-de-parfum-pour-homme-asdaaf-100ml\/"},"modified":"2026-03-15T23:08:28","modified_gmt":"2026-03-15T23:08:28","slug":"ameer-al-arab-imperium-eau-de-parfum-pour-homme-asdaaf-100ml","status":"publish","type":"product","link":"https:\/\/vitablanca.ma\/en\/product\/ameer-al-arab-imperium-eau-de-parfum-pour-homme-asdaaf-100ml\/","title":{"rendered":"Ameer Al Arab Imperium Eau De Parfum Pour Homme &#8211; ASDAAF 100ml"},"content":{"rendered":"<p>D\u00e9couvrez le charme envo\u00fbtant <strong>d&rsquo;Ameerat Al Arab [\u0623\u0645\u064a\u0631\u0629 \u0627\u0644\u0639\u0631\u0628] Imperium d&rsquo;Asdaaf. <\/strong>Ce parfum exquis d\u00e9bute par la fraicheur vivifiante de la bergamote, de la sauge et du gingembre, cr\u00e9ant une introduction \u00e9nergisante qui \u00e9veille les sens. En son c\u0153ur, le parfum r\u00e9v\u00e8le un m\u00e9lange sophistiqu\u00e9 de g\u00e9ranium, de cachemire et de pomme, ajoutant profondeur et \u00e9l\u00e9gance \u00e0 la composition. En persistant, les notes de fond d&rsquo;ambre, de bois de santal et de musc offrent une finition chaleureuse et sensuelle, vous enveloppant dans une \u00e9treinte r\u00e9confortante et s\u00e9duisante. Ameer Al Arab Imperium est une harmonie parfaite de fraicheur, de profondeur et de chaleur, ce qui en fait une experience vraiment inoubliable.<\/p>\n<p class=\"MsoNormal\"><b>Notes olfactives :<\/b><\/p>\n<ul>\n<li><strong>Notes de t\u00eate :\u00a0<\/strong>bergamote, sauge, gingembre<\/li>\n<li><strong>Notes de coeur : <\/strong>g\u00e9ranium, cachemire, pomme<\/li>\n<li><strong>Notes de fond : <\/strong>ambre, bois de santal et musc<\/li>\n<li><strong>Ce parfum rappelle : <\/strong>Invictus<\/li>\n<\/ul>\n","protected":false},"excerpt":{"rendered":"<p>D\u00e9couvrez le charme envo\u00fbtant d&rsquo;Ameerat Al Arab [\u0623\u0645\u064a\u0631\u0629 \u0627\u0644\u0639\u0631\u0628] Imperium d&rsquo;Asdaaf. Ce parfum exquis d\u00e9bute par la fraicheur vivifiante de la bergamote, de la sauge et du gingembre, cr\u00e9ant une introduction \u00e9nergisante qui \u00e9veille les sens. En son c\u0153ur, le parfum r\u00e9v\u00e8le un m\u00e9lange sophistiqu\u00e9 de g\u00e9ranium, de cachemire et de pomme, ajoutant profondeur et [&hellip;]<\/p>\n","protected":false},"featured_media":32994,"template":"","meta":{"om_disable_all_campaigns":false},"product_brand":[],"product_cat":[18,15,1091],"product_tag":[11584,11578,11580,7160,11581,11585,11582,11579,9561,11583],"class_list":{"0":"post-32999","1":"product","2":"type-product","3":"status-publish","4":"has-post-thumbnail","6":"product_cat-beaute-sante","7":"product_cat-beaute-sante-complements-alimentaires-soins-et-bien-etre-au-meilleur-prix","8":"product_cat-beaute-parfums-maroc-prix","9":"product_tag-ameer-al-arab-100-ml","10":"product_tag-ameer-al-arab-imperium","11":"product_tag-eau-de-parfum-homme","12":"product_tag-fragrance-masculine","13":"product_tag-parfum-boise-masculin","14":"product_tag-parfum-elegant-homme","15":"product_tag-parfum-epice-pour-homme","16":"product_tag-parfum-homme-asdaaf","17":"product_tag-parfum-longue-tenue","18":"product_tag-parfum-luxe-homme","20":"first","21":"outofstock","22":"taxable","23":"shipping-taxable","24":"purchasable","25":"product-type-simple"},"yoast_head":"<!-- This site is optimized with the Yoast SEO plugin v27.3 - https:\/\/yoast.com\/product\/yoast-seo-wordpress\/ -->\n<title>Ameer Al Arab Eau De Parfum Pour Homme 100ml - Maroc Prix<\/title>\n<meta name=\"description\" content=\"D\u00e9couvrez Ameer Al Arab Imperium Eau de Parfum 100 ml pour homme \u2013 ASDAAF, un parfum intense et masculin aux notes bois\u00e9es et \u00e9pic\u00e9es .\" \/>\n<meta name=\"robots\" content=\"index, follow, max-snippet:-1, max-image-preview:large, max-video-preview:-1\" \/>\n<link rel=\"canonical\" href=\"https:\/\/vitablanca.ma\/en\/product\/ameer-al-arab-imperium-eau-de-parfum-pour-homme-asdaaf-100ml\/\" \/>\n<meta property=\"og:locale\" content=\"en_US\" \/>\n<meta property=\"og:type\" content=\"article\" \/>\n<meta property=\"og:title\" content=\"Ameer Al Arab Eau De Parfum Pour Homme 100ml - Maroc Prix\" \/>\n<meta property=\"og:description\" content=\"D\u00e9couvrez Ameer Al Arab Imperium Eau de Parfum 100 ml pour homme \u2013 ASDAAF, un parfum intense et masculin aux notes bois\u00e9es et \u00e9pic\u00e9es .\" \/>\n<meta property=\"og:url\" content=\"https:\/\/vitablanca.ma\/en\/product\/ameer-al-arab-imperium-eau-de-parfum-pour-homme-asdaaf-100ml\/\" \/>\n<meta property=\"og:site_name\" content=\"Vitablanca.ma &ndash; Sant&eacute;, vitalit&eacute; et bien-&ecirc;tre pour tous les Marocains\" \/>\n<meta property=\"article:publisher\" content=\"https:\/\/www.facebook.com\/profile.php?id=61576678196717\" \/>\n<meta property=\"article:modified_time\" content=\"2026-03-15T23:08:28+00:00\" \/>\n<meta property=\"og:image\" content=\"https:\/\/vitablanca.ma\/wp-content\/uploads\/2026\/03\/AmeerAlArabImperiumEauDeParfum-ASDAAF100ml2.jpg\" \/>\n\t<meta property=\"og:image:width\" content=\"1080\" \/>\n\t<meta property=\"og:image:height\" content=\"1080\" \/>\n\t<meta property=\"og:image:type\" content=\"image\/jpeg\" \/>\n<meta name=\"twitter:card\" content=\"summary_large_image\" \/>\n<meta name=\"twitter:label1\" content=\"Est. reading time\" \/>\n\t<meta name=\"twitter:data1\" content=\"1 minute\" \/>\n<script type=\"application\/ld+json\" class=\"yoast-schema-graph\">{\"@context\":\"https:\\\/\\\/schema.org\",\"@graph\":[{\"@type\":[\"WebPage\",\"ItemPage\"],\"@id\":\"https:\\\/\\\/vitablanca.ma\\\/produit\\\/ameer-al-arab-imperium-eau-de-parfum-pour-homme-asdaaf-100ml\\\/\",\"url\":\"https:\\\/\\\/vitablanca.ma\\\/produit\\\/ameer-al-arab-imperium-eau-de-parfum-pour-homme-asdaaf-100ml\\\/\",\"name\":\"Ameer Al Arab Eau De Parfum Pour Homme 100ml - Maroc Prix\",\"isPartOf\":{\"@id\":\"https:\\\/\\\/vitablanca.ma\\\/#website\"},\"primaryImageOfPage\":{\"@id\":\"https:\\\/\\\/vitablanca.ma\\\/produit\\\/ameer-al-arab-imperium-eau-de-parfum-pour-homme-asdaaf-100ml\\\/#primaryimage\"},\"image\":{\"@id\":\"https:\\\/\\\/vitablanca.ma\\\/produit\\\/ameer-al-arab-imperium-eau-de-parfum-pour-homme-asdaaf-100ml\\\/#primaryimage\"},\"thumbnailUrl\":\"https:\\\/\\\/vitablanca.ma\\\/wp-content\\\/uploads\\\/2026\\\/03\\\/AmeerAlArabImperiumEauDeParfum-ASDAAF100ml2.jpg\",\"datePublished\":\"2026-03-04T02:40:33+00:00\",\"dateModified\":\"2026-03-15T23:08:28+00:00\",\"description\":\"D\u00e9couvrez Ameer Al Arab Imperium Eau de Parfum 100 ml pour homme \u2013 ASDAAF, un parfum intense et masculin aux notes bois\u00e9es et \u00e9pic\u00e9es .\",\"breadcrumb\":{\"@id\":\"https:\\\/\\\/vitablanca.ma\\\/produit\\\/ameer-al-arab-imperium-eau-de-parfum-pour-homme-asdaaf-100ml\\\/#breadcrumb\"},\"inLanguage\":\"en-US\",\"potentialAction\":[{\"@type\":\"ReadAction\",\"target\":[\"https:\\\/\\\/vitablanca.ma\\\/produit\\\/ameer-al-arab-imperium-eau-de-parfum-pour-homme-asdaaf-100ml\\\/\"]}]},{\"@type\":\"ImageObject\",\"inLanguage\":\"en-US\",\"@id\":\"https:\\\/\\\/vitablanca.ma\\\/produit\\\/ameer-al-arab-imperium-eau-de-parfum-pour-homme-asdaaf-100ml\\\/#primaryimage\",\"url\":\"https:\\\/\\\/vitablanca.ma\\\/wp-content\\\/uploads\\\/2026\\\/03\\\/AmeerAlArabImperiumEauDeParfum-ASDAAF100ml2.jpg\",\"contentUrl\":\"https:\\\/\\\/vitablanca.ma\\\/wp-content\\\/uploads\\\/2026\\\/03\\\/AmeerAlArabImperiumEauDeParfum-ASDAAF100ml2.jpg\",\"width\":1080,\"height\":1080},{\"@type\":\"BreadcrumbList\",\"@id\":\"https:\\\/\\\/vitablanca.ma\\\/produit\\\/ameer-al-arab-imperium-eau-de-parfum-pour-homme-asdaaf-100ml\\\/#breadcrumb\",\"itemListElement\":[{\"@type\":\"ListItem\",\"position\":1,\"name\":\"Home\",\"item\":\"https:\\\/\\\/vitablanca.ma\\\/\"},{\"@type\":\"ListItem\",\"position\":2,\"name\":\"Tous Les Produits\",\"item\":\"https:\\\/\\\/vitablanca.ma\\\/tous-les-produits\\\/\"},{\"@type\":\"ListItem\",\"position\":3,\"name\":\"Ameer Al Arab Imperium Eau De Parfum Pour Homme &#8211; ASDAAF 100ml\"}]},{\"@type\":\"WebSite\",\"@id\":\"https:\\\/\\\/vitablanca.ma\\\/#website\",\"url\":\"https:\\\/\\\/vitablanca.ma\\\/\",\"name\":\"VitaBlanca.ma | Compl\u00e9ments alimentaires, sant\u00e9 & beaut\u00e9 au Maroc\",\"description\":\"vendre vitamines et compl\u00e9ments premium des USA &amp; Canada, Nouvelle Z\u00e9lande,Maroc (NOW Foods, Solgar, Manuka). Livraison rapide partout au Maroc.\",\"publisher\":{\"@id\":\"https:\\\/\\\/vitablanca.ma\\\/#organization\"},\"alternateName\":\"VitaBlanca.ma\",\"potentialAction\":[{\"@type\":\"SearchAction\",\"target\":{\"@type\":\"EntryPoint\",\"urlTemplate\":\"https:\\\/\\\/vitablanca.ma\\\/?s={search_term_string}\"},\"query-input\":{\"@type\":\"PropertyValueSpecification\",\"valueRequired\":true,\"valueName\":\"search_term_string\"}}],\"inLanguage\":\"en-US\"},{\"@type\":\"Organization\",\"@id\":\"https:\\\/\\\/vitablanca.ma\\\/#organization\",\"name\":\"VitaBlanca\",\"url\":\"https:\\\/\\\/vitablanca.ma\\\/\",\"logo\":{\"@type\":\"ImageObject\",\"inLanguage\":\"en-US\",\"@id\":\"https:\\\/\\\/vitablanca.ma\\\/#\\\/schema\\\/logo\\\/image\\\/\",\"url\":\"https:\\\/\\\/vitablanca.ma\\\/wp-content\\\/uploads\\\/2025\\\/05\\\/cropped-vitablanca.png\",\"contentUrl\":\"https:\\\/\\\/vitablanca.ma\\\/wp-content\\\/uploads\\\/2025\\\/05\\\/cropped-vitablanca.png\",\"width\":360,\"height\":67,\"caption\":\"VitaBlanca\"},\"image\":{\"@id\":\"https:\\\/\\\/vitablanca.ma\\\/#\\\/schema\\\/logo\\\/image\\\/\"},\"sameAs\":[\"https:\\\/\\\/www.facebook.com\\\/profile.php?id=61576678196717\",\"https:\\\/\\\/www.tiktok.com\\\/@vitablanca.ma\",\"https:\\\/\\\/www.instagram.com\\\/vitablanca.ma\\\/\"]}]}<\/script>\n<!-- \/ Yoast SEO plugin. -->","yoast_head_json":{"title":"Ameer Al Arab Eau De Parfum Pour Homme 100ml - Maroc Prix","description":"D\u00e9couvrez Ameer Al Arab Imperium Eau de Parfum 100 ml pour homme \u2013 ASDAAF, un parfum intense et masculin aux notes bois\u00e9es et \u00e9pic\u00e9es .","robots":{"index":"index","follow":"follow","max-snippet":"max-snippet:-1","max-image-preview":"max-image-preview:large","max-video-preview":"max-video-preview:-1"},"canonical":"https:\/\/vitablanca.ma\/en\/product\/ameer-al-arab-imperium-eau-de-parfum-pour-homme-asdaaf-100ml\/","og_locale":"en_US","og_type":"article","og_title":"Ameer Al Arab Eau De Parfum Pour Homme 100ml - Maroc Prix","og_description":"D\u00e9couvrez Ameer Al Arab Imperium Eau de Parfum 100 ml pour homme \u2013 ASDAAF, un parfum intense et masculin aux notes bois\u00e9es et \u00e9pic\u00e9es .","og_url":"https:\/\/vitablanca.ma\/en\/product\/ameer-al-arab-imperium-eau-de-parfum-pour-homme-asdaaf-100ml\/","og_site_name":"Vitablanca.ma &ndash; Sant&eacute;, vitalit&eacute; et bien-&ecirc;tre pour tous les Marocains","article_publisher":"https:\/\/www.facebook.com\/profile.php?id=61576678196717","article_modified_time":"2026-03-15T23:08:28+00:00","og_image":[{"width":1080,"height":1080,"url":"https:\/\/vitablanca.ma\/wp-content\/uploads\/2026\/03\/AmeerAlArabImperiumEauDeParfum-ASDAAF100ml2.jpg","type":"image\/jpeg"}],"twitter_card":"summary_large_image","twitter_misc":{"Est. reading time":"1 minute"},"schema":{"@context":"https:\/\/schema.org","@graph":[{"@type":["WebPage","ItemPage"],"@id":"https:\/\/vitablanca.ma\/produit\/ameer-al-arab-imperium-eau-de-parfum-pour-homme-asdaaf-100ml\/","url":"https:\/\/vitablanca.ma\/produit\/ameer-al-arab-imperium-eau-de-parfum-pour-homme-asdaaf-100ml\/","name":"Ameer Al Arab Eau De Parfum Pour Homme 100ml - Maroc Prix","isPartOf":{"@id":"https:\/\/vitablanca.ma\/#website"},"primaryImageOfPage":{"@id":"https:\/\/vitablanca.ma\/produit\/ameer-al-arab-imperium-eau-de-parfum-pour-homme-asdaaf-100ml\/#primaryimage"},"image":{"@id":"https:\/\/vitablanca.ma\/produit\/ameer-al-arab-imperium-eau-de-parfum-pour-homme-asdaaf-100ml\/#primaryimage"},"thumbnailUrl":"https:\/\/vitablanca.ma\/wp-content\/uploads\/2026\/03\/AmeerAlArabImperiumEauDeParfum-ASDAAF100ml2.jpg","datePublished":"2026-03-04T02:40:33+00:00","dateModified":"2026-03-15T23:08:28+00:00","description":"D\u00e9couvrez Ameer Al Arab Imperium Eau de Parfum 100 ml pour homme \u2013 ASDAAF, un parfum intense et masculin aux notes bois\u00e9es et \u00e9pic\u00e9es .","breadcrumb":{"@id":"https:\/\/vitablanca.ma\/produit\/ameer-al-arab-imperium-eau-de-parfum-pour-homme-asdaaf-100ml\/#breadcrumb"},"inLanguage":"en-US","potentialAction":[{"@type":"ReadAction","target":["https:\/\/vitablanca.ma\/produit\/ameer-al-arab-imperium-eau-de-parfum-pour-homme-asdaaf-100ml\/"]}]},{"@type":"ImageObject","inLanguage":"en-US","@id":"https:\/\/vitablanca.ma\/produit\/ameer-al-arab-imperium-eau-de-parfum-pour-homme-asdaaf-100ml\/#primaryimage","url":"https:\/\/vitablanca.ma\/wp-content\/uploads\/2026\/03\/AmeerAlArabImperiumEauDeParfum-ASDAAF100ml2.jpg","contentUrl":"https:\/\/vitablanca.ma\/wp-content\/uploads\/2026\/03\/AmeerAlArabImperiumEauDeParfum-ASDAAF100ml2.jpg","width":1080,"height":1080},{"@type":"BreadcrumbList","@id":"https:\/\/vitablanca.ma\/produit\/ameer-al-arab-imperium-eau-de-parfum-pour-homme-asdaaf-100ml\/#breadcrumb","itemListElement":[{"@type":"ListItem","position":1,"name":"Home","item":"https:\/\/vitablanca.ma\/"},{"@type":"ListItem","position":2,"name":"Tous Les Produits","item":"https:\/\/vitablanca.ma\/tous-les-produits\/"},{"@type":"ListItem","position":3,"name":"Ameer Al Arab Imperium Eau De Parfum Pour Homme &#8211; ASDAAF 100ml"}]},{"@type":"WebSite","@id":"https:\/\/vitablanca.ma\/#website","url":"https:\/\/vitablanca.ma\/","name":"VitaBlanca.ma | Food supplements, health &amp; beauty in Morocco","description":"sell premium vitamins and supplements from USA &amp; Canada, New Zealand, Morocco (NOW Foods, Solgar, Manuka). Fast delivery anywhere in Morocco.","publisher":{"@id":"https:\/\/vitablanca.ma\/#organization"},"alternateName":"VitaBlanca.ma","potentialAction":[{"@type":"SearchAction","target":{"@type":"EntryPoint","urlTemplate":"https:\/\/vitablanca.ma\/?s={search_term_string}"},"query-input":{"@type":"PropertyValueSpecification","valueRequired":true,"valueName":"search_term_string"}}],"inLanguage":"en-US"},{"@type":"Organization","@id":"https:\/\/vitablanca.ma\/#organization","name":"VitaBlanca","url":"https:\/\/vitablanca.ma\/","logo":{"@type":"ImageObject","inLanguage":"en-US","@id":"https:\/\/vitablanca.ma\/#\/schema\/logo\/image\/","url":"https:\/\/vitablanca.ma\/wp-content\/uploads\/2025\/05\/cropped-vitablanca.png","contentUrl":"https:\/\/vitablanca.ma\/wp-content\/uploads\/2025\/05\/cropped-vitablanca.png","width":360,"height":67,"caption":"VitaBlanca"},"image":{"@id":"https:\/\/vitablanca.ma\/#\/schema\/logo\/image\/"},"sameAs":["https:\/\/www.facebook.com\/profile.php?id=61576678196717","https:\/\/www.tiktok.com\/@vitablanca.ma","https:\/\/www.instagram.com\/vitablanca.ma\/"]}]}},"jetpack_sharing_enabled":true,"_links":{"self":[{"href":"https:\/\/vitablanca.ma\/en\/wp-json\/wp\/v2\/product\/32999","targetHints":{"allow":["GET"]}}],"collection":[{"href":"https:\/\/vitablanca.ma\/en\/wp-json\/wp\/v2\/product"}],"about":[{"href":"https:\/\/vitablanca.ma\/en\/wp-json\/wp\/v2\/types\/product"}],"wp:featuredmedia":[{"embeddable":true,"href":"https:\/\/vitablanca.ma\/en\/wp-json\/wp\/v2\/media\/32994"}],"wp:attachment":[{"href":"https:\/\/vitablanca.ma\/en\/wp-json\/wp\/v2\/media?parent=32999"}],"wp:term":[{"taxonomy":"product_brand","embeddable":true,"href":"https:\/\/vitablanca.ma\/en\/wp-json\/wp\/v2\/product_brand?post=32999"},{"taxonomy":"product_cat","embeddable":true,"href":"https:\/\/vitablanca.ma\/en\/wp-json\/wp\/v2\/product_cat?post=32999"},{"taxonomy":"product_tag","embeddable":true,"href":"https:\/\/vitablanca.ma\/en\/wp-json\/wp\/v2\/product_tag?post=32999"}],"curies":[{"name":"wp","href":"https:\/\/api.w.org\/{rel}","templated":true}]}}