{"id":32975,"date":"2026-03-04T02:39:50","date_gmt":"2026-03-04T02:39:50","guid":{"rendered":"https:\/\/vitablanca.ma\/produit\/la-charmante-eau-de-parfum-maison-alhambra-pour-femme-et-homme-100ml\/"},"modified":"2026-04-17T22:32:42","modified_gmt":"2026-04-17T22:32:42","slug":"la-charmante-eau-de-parfum-maison-alhambra-pour-femme-et-homme-100ml","status":"publish","type":"product","link":"https:\/\/vitablanca.ma\/en\/product\/la-charmante-eau-de-parfum-maison-alhambra-pour-femme-et-homme-100ml\/","title":{"rendered":"LA CHARMANTE EAU DE PARFUM &#8211; MAISON ALHAMBRA Pour Femme Et Homme 100ml"},"content":{"rendered":"<p>La Charmante de Maison Alhambra est une eau de parfum f\u00e9minine de 100 ml, aux notes envo\u00fbtantes de fleur d&rsquo;oranger et de jasmin. Son c\u0153ur r\u00e9v\u00e8le des notes d\u00e9licates de rose et de vanille, tandis que ses notes de fond de musc blanc, de santal et de vanille cr\u00e9ent un sillage irr\u00e9sistible. Un parfum sophistiqu\u00e9 et intemporel pour toutes les occasions.<\/p>","protected":false},"excerpt":{"rendered":"<p>La Charmante de Maison Alhambra est une eau de parfum f\u00e9minine de 100 ml, aux notes envo\u00fbtantes de fleur d&rsquo;oranger et de jasmin. Son c\u0153ur r\u00e9v\u00e8le des notes d\u00e9licates de rose et de vanille, tandis que ses notes de fond de musc blanc, de santal et de vanille cr\u00e9ent un sillage irr\u00e9sistible. Un parfum sophistiqu\u00e9 [&hellip;]<\/p>\n","protected":false},"featured_media":32971,"template":"","meta":{"om_disable_all_campaigns":false},"product_brand":[],"product_cat":[18,15,1091],"product_tag":[11613,11615,11612,11617,11614,9561,11610,11618,11616,11599],"class_list":{"0":"post-32975","1":"product","2":"type-product","3":"status-publish","4":"has-post-thumbnail","6":"product_cat-beaute-sante","7":"product_cat-beaute-sante-complements-alimentaires-soins-et-bien-etre-au-meilleur-prix","8":"product_cat-beaute-parfums-maroc-prix","9":"product_tag-eau-de-parfum-floral-boise","10":"product_tag-fragrance-sophistiquee","11":"product_tag-la-charmante-maison-alhambra","12":"product_tag-maison-alhambra-la-charmante","13":"product_tag-parfum-elegant-unisexe","14":"product_tag-parfum-longue-tenue","15":"product_tag-parfum-luxe-100-ml","16":"product_tag-parfum-mixte","17":"product_tag-parfum-quotidien-homme-et-femme","18":"product_tag-parfum-unisexe-maison-alhambra","20":"first","21":"instock","22":"taxable","23":"shipping-taxable","24":"purchasable","25":"product-type-simple"},"yoast_head":"<!-- This site is optimized with the Yoast SEO plugin v27.4 - https:\/\/yoast.com\/product\/yoast-seo-wordpress\/ -->\n<title>LA CHARMANTE EAU DE PARFUM MAISON ALHAMBRA - Maroc<\/title>\n<meta name=\"description\" content=\"D\u00e9couvrez La Charmante Eau de Parfum 100 ml de Maison Alhambra, un parfum unisexe aux notes florales et bois\u00e9es, \u00e9l\u00e9gant et raffin\u00e9 .\" \/>\n<meta name=\"robots\" content=\"index, follow, max-snippet:-1, max-image-preview:large, max-video-preview:-1\" \/>\n<link rel=\"canonical\" href=\"https:\/\/vitablanca.ma\/en\/product\/la-charmante-eau-de-parfum-maison-alhambra-pour-femme-et-homme-100ml\/\" \/>\n<meta property=\"og:locale\" content=\"en_US\" \/>\n<meta property=\"og:type\" content=\"article\" \/>\n<meta property=\"og:title\" content=\"LA CHARMANTE EAU DE PARFUM MAISON ALHAMBRA - Maroc\" \/>\n<meta property=\"og:description\" content=\"D\u00e9couvrez La Charmante Eau de Parfum 100 ml de Maison Alhambra, un parfum unisexe aux notes florales et bois\u00e9es, \u00e9l\u00e9gant et raffin\u00e9 .\" \/>\n<meta property=\"og:url\" content=\"https:\/\/vitablanca.ma\/en\/product\/la-charmante-eau-de-parfum-maison-alhambra-pour-femme-et-homme-100ml\/\" \/>\n<meta property=\"og:site_name\" content=\"Vitablanca.ma &ndash; Sant&eacute;, vitalit&eacute; et bien-&ecirc;tre pour tous les Marocains\" \/>\n<meta property=\"article:publisher\" content=\"https:\/\/www.facebook.com\/profile.php?id=61576678196717\" \/>\n<meta property=\"article:modified_time\" content=\"2026-04-17T22:32:42+00:00\" \/>\n<meta property=\"og:image\" content=\"https:\/\/vitablanca.ma\/wp-content\/uploads\/2026\/03\/71Sc-a6DZKL._AC_UF1000_1000_QL80_22914a02-a923-43f6-bd9c-c9b76db1b2ca.jpg\" \/>\n\t<meta property=\"og:image:width\" content=\"1104\" \/>\n\t<meta property=\"og:image:height\" content=\"1000\" \/>\n\t<meta property=\"og:image:type\" content=\"image\/jpeg\" \/>\n<meta name=\"twitter:card\" content=\"summary_large_image\" \/>\n<meta name=\"twitter:label1\" content=\"Est. reading time\" \/>\n\t<meta name=\"twitter:data1\" content=\"1 minute\" \/>\n<script type=\"application\/ld+json\" class=\"yoast-schema-graph\">{\"@context\":\"https:\\\/\\\/schema.org\",\"@graph\":[{\"@type\":[\"WebPage\",\"ItemPage\"],\"@id\":\"https:\\\/\\\/vitablanca.ma\\\/produit\\\/la-charmante-eau-de-parfum-maison-alhambra-pour-femme-et-homme-100ml\\\/\",\"url\":\"https:\\\/\\\/vitablanca.ma\\\/produit\\\/la-charmante-eau-de-parfum-maison-alhambra-pour-femme-et-homme-100ml\\\/\",\"name\":\"LA CHARMANTE EAU DE PARFUM MAISON ALHAMBRA - Maroc\",\"isPartOf\":{\"@id\":\"https:\\\/\\\/vitablanca.ma\\\/#website\"},\"primaryImageOfPage\":{\"@id\":\"https:\\\/\\\/vitablanca.ma\\\/produit\\\/la-charmante-eau-de-parfum-maison-alhambra-pour-femme-et-homme-100ml\\\/#primaryimage\"},\"image\":{\"@id\":\"https:\\\/\\\/vitablanca.ma\\\/produit\\\/la-charmante-eau-de-parfum-maison-alhambra-pour-femme-et-homme-100ml\\\/#primaryimage\"},\"thumbnailUrl\":\"https:\\\/\\\/vitablanca.ma\\\/wp-content\\\/uploads\\\/2026\\\/03\\\/71Sc-a6DZKL._AC_UF1000_1000_QL80_22914a02-a923-43f6-bd9c-c9b76db1b2ca.jpg\",\"datePublished\":\"2026-03-04T02:39:50+00:00\",\"dateModified\":\"2026-04-17T22:32:42+00:00\",\"description\":\"D\u00e9couvrez La Charmante Eau de Parfum 100 ml de Maison Alhambra, un parfum unisexe aux notes florales et bois\u00e9es, \u00e9l\u00e9gant et raffin\u00e9 .\",\"breadcrumb\":{\"@id\":\"https:\\\/\\\/vitablanca.ma\\\/produit\\\/la-charmante-eau-de-parfum-maison-alhambra-pour-femme-et-homme-100ml\\\/#breadcrumb\"},\"inLanguage\":\"en-US\",\"potentialAction\":[{\"@type\":\"ReadAction\",\"target\":[\"https:\\\/\\\/vitablanca.ma\\\/produit\\\/la-charmante-eau-de-parfum-maison-alhambra-pour-femme-et-homme-100ml\\\/\"]}]},{\"@type\":\"ImageObject\",\"inLanguage\":\"en-US\",\"@id\":\"https:\\\/\\\/vitablanca.ma\\\/produit\\\/la-charmante-eau-de-parfum-maison-alhambra-pour-femme-et-homme-100ml\\\/#primaryimage\",\"url\":\"https:\\\/\\\/vitablanca.ma\\\/wp-content\\\/uploads\\\/2026\\\/03\\\/71Sc-a6DZKL._AC_UF1000_1000_QL80_22914a02-a923-43f6-bd9c-c9b76db1b2ca.jpg\",\"contentUrl\":\"https:\\\/\\\/vitablanca.ma\\\/wp-content\\\/uploads\\\/2026\\\/03\\\/71Sc-a6DZKL._AC_UF1000_1000_QL80_22914a02-a923-43f6-bd9c-c9b76db1b2ca.jpg\",\"width\":1104,\"height\":1000},{\"@type\":\"BreadcrumbList\",\"@id\":\"https:\\\/\\\/vitablanca.ma\\\/produit\\\/la-charmante-eau-de-parfum-maison-alhambra-pour-femme-et-homme-100ml\\\/#breadcrumb\",\"itemListElement\":[{\"@type\":\"ListItem\",\"position\":1,\"name\":\"Home\",\"item\":\"https:\\\/\\\/vitablanca.ma\\\/\"},{\"@type\":\"ListItem\",\"position\":2,\"name\":\"Tous Les Produits\",\"item\":\"https:\\\/\\\/vitablanca.ma\\\/tous-les-produits\\\/\"},{\"@type\":\"ListItem\",\"position\":3,\"name\":\"LA CHARMANTE EAU DE PARFUM &#8211; MAISON ALHAMBRA Pour Femme Et Homme 100ml\"}]},{\"@type\":\"WebSite\",\"@id\":\"https:\\\/\\\/vitablanca.ma\\\/#website\",\"url\":\"https:\\\/\\\/vitablanca.ma\\\/\",\"name\":\"VitaBlanca.ma | Compl\u00e9ments alimentaires, sant\u00e9 & beaut\u00e9 au Maroc\",\"description\":\"vendre vitamines et compl\u00e9ments premium des USA &amp; Canada, Nouvelle Z\u00e9lande,Maroc (NOW Foods, Solgar, Manuka). Livraison rapide partout au Maroc.\",\"publisher\":{\"@id\":\"https:\\\/\\\/vitablanca.ma\\\/#organization\"},\"alternateName\":\"VitaBlanca.ma\",\"potentialAction\":[{\"@type\":\"SearchAction\",\"target\":{\"@type\":\"EntryPoint\",\"urlTemplate\":\"https:\\\/\\\/vitablanca.ma\\\/?s={search_term_string}\"},\"query-input\":{\"@type\":\"PropertyValueSpecification\",\"valueRequired\":true,\"valueName\":\"search_term_string\"}}],\"inLanguage\":\"en-US\"},{\"@type\":\"Organization\",\"@id\":\"https:\\\/\\\/vitablanca.ma\\\/#organization\",\"name\":\"VitaBlanca\",\"url\":\"https:\\\/\\\/vitablanca.ma\\\/\",\"logo\":{\"@type\":\"ImageObject\",\"inLanguage\":\"en-US\",\"@id\":\"https:\\\/\\\/vitablanca.ma\\\/#\\\/schema\\\/logo\\\/image\\\/\",\"url\":\"https:\\\/\\\/vitablanca.ma\\\/wp-content\\\/uploads\\\/2025\\\/05\\\/cropped-vitablanca.png\",\"contentUrl\":\"https:\\\/\\\/vitablanca.ma\\\/wp-content\\\/uploads\\\/2025\\\/05\\\/cropped-vitablanca.png\",\"width\":360,\"height\":67,\"caption\":\"VitaBlanca\"},\"image\":{\"@id\":\"https:\\\/\\\/vitablanca.ma\\\/#\\\/schema\\\/logo\\\/image\\\/\"},\"sameAs\":[\"https:\\\/\\\/www.facebook.com\\\/profile.php?id=61576678196717\",\"https:\\\/\\\/www.tiktok.com\\\/@vitablanca.ma\",\"https:\\\/\\\/www.instagram.com\\\/vitablanca.ma\\\/\"]}]}<\/script>\n<!-- \/ Yoast SEO plugin. -->","yoast_head_json":{"title":"LA CHARMANTE EAU DE PARFUM MAISON ALHAMBRA - Maroc","description":"D\u00e9couvrez La Charmante Eau de Parfum 100 ml de Maison Alhambra, un parfum unisexe aux notes florales et bois\u00e9es, \u00e9l\u00e9gant et raffin\u00e9 .","robots":{"index":"index","follow":"follow","max-snippet":"max-snippet:-1","max-image-preview":"max-image-preview:large","max-video-preview":"max-video-preview:-1"},"canonical":"https:\/\/vitablanca.ma\/en\/product\/la-charmante-eau-de-parfum-maison-alhambra-pour-femme-et-homme-100ml\/","og_locale":"en_US","og_type":"article","og_title":"LA CHARMANTE EAU DE PARFUM MAISON ALHAMBRA - Maroc","og_description":"D\u00e9couvrez La Charmante Eau de Parfum 100 ml de Maison Alhambra, un parfum unisexe aux notes florales et bois\u00e9es, \u00e9l\u00e9gant et raffin\u00e9 .","og_url":"https:\/\/vitablanca.ma\/en\/product\/la-charmante-eau-de-parfum-maison-alhambra-pour-femme-et-homme-100ml\/","og_site_name":"Vitablanca.ma &ndash; Sant&eacute;, vitalit&eacute; et bien-&ecirc;tre pour tous les Marocains","article_publisher":"https:\/\/www.facebook.com\/profile.php?id=61576678196717","article_modified_time":"2026-04-17T22:32:42+00:00","og_image":[{"width":1104,"height":1000,"url":"https:\/\/vitablanca.ma\/wp-content\/uploads\/2026\/03\/71Sc-a6DZKL._AC_UF1000_1000_QL80_22914a02-a923-43f6-bd9c-c9b76db1b2ca.jpg","type":"image\/jpeg"}],"twitter_card":"summary_large_image","twitter_misc":{"Est. reading time":"1 minute"},"schema":{"@context":"https:\/\/schema.org","@graph":[{"@type":["WebPage","ItemPage"],"@id":"https:\/\/vitablanca.ma\/produit\/la-charmante-eau-de-parfum-maison-alhambra-pour-femme-et-homme-100ml\/","url":"https:\/\/vitablanca.ma\/produit\/la-charmante-eau-de-parfum-maison-alhambra-pour-femme-et-homme-100ml\/","name":"LA CHARMANTE EAU DE PARFUM MAISON ALHAMBRA - Maroc","isPartOf":{"@id":"https:\/\/vitablanca.ma\/#website"},"primaryImageOfPage":{"@id":"https:\/\/vitablanca.ma\/produit\/la-charmante-eau-de-parfum-maison-alhambra-pour-femme-et-homme-100ml\/#primaryimage"},"image":{"@id":"https:\/\/vitablanca.ma\/produit\/la-charmante-eau-de-parfum-maison-alhambra-pour-femme-et-homme-100ml\/#primaryimage"},"thumbnailUrl":"https:\/\/vitablanca.ma\/wp-content\/uploads\/2026\/03\/71Sc-a6DZKL._AC_UF1000_1000_QL80_22914a02-a923-43f6-bd9c-c9b76db1b2ca.jpg","datePublished":"2026-03-04T02:39:50+00:00","dateModified":"2026-04-17T22:32:42+00:00","description":"D\u00e9couvrez La Charmante Eau de Parfum 100 ml de Maison Alhambra, un parfum unisexe aux notes florales et bois\u00e9es, \u00e9l\u00e9gant et raffin\u00e9 .","breadcrumb":{"@id":"https:\/\/vitablanca.ma\/produit\/la-charmante-eau-de-parfum-maison-alhambra-pour-femme-et-homme-100ml\/#breadcrumb"},"inLanguage":"en-US","potentialAction":[{"@type":"ReadAction","target":["https:\/\/vitablanca.ma\/produit\/la-charmante-eau-de-parfum-maison-alhambra-pour-femme-et-homme-100ml\/"]}]},{"@type":"ImageObject","inLanguage":"en-US","@id":"https:\/\/vitablanca.ma\/produit\/la-charmante-eau-de-parfum-maison-alhambra-pour-femme-et-homme-100ml\/#primaryimage","url":"https:\/\/vitablanca.ma\/wp-content\/uploads\/2026\/03\/71Sc-a6DZKL._AC_UF1000_1000_QL80_22914a02-a923-43f6-bd9c-c9b76db1b2ca.jpg","contentUrl":"https:\/\/vitablanca.ma\/wp-content\/uploads\/2026\/03\/71Sc-a6DZKL._AC_UF1000_1000_QL80_22914a02-a923-43f6-bd9c-c9b76db1b2ca.jpg","width":1104,"height":1000},{"@type":"BreadcrumbList","@id":"https:\/\/vitablanca.ma\/produit\/la-charmante-eau-de-parfum-maison-alhambra-pour-femme-et-homme-100ml\/#breadcrumb","itemListElement":[{"@type":"ListItem","position":1,"name":"Home","item":"https:\/\/vitablanca.ma\/"},{"@type":"ListItem","position":2,"name":"Tous Les Produits","item":"https:\/\/vitablanca.ma\/tous-les-produits\/"},{"@type":"ListItem","position":3,"name":"LA CHARMANTE EAU DE PARFUM &#8211; MAISON ALHAMBRA Pour Femme Et Homme 100ml"}]},{"@type":"WebSite","@id":"https:\/\/vitablanca.ma\/#website","url":"https:\/\/vitablanca.ma\/","name":"VitaBlanca.ma | Food supplements, health &amp; beauty in Morocco","description":"sell premium vitamins and supplements from USA &amp; Canada, New Zealand, Morocco (NOW Foods, Solgar, Manuka). Fast delivery anywhere in Morocco.","publisher":{"@id":"https:\/\/vitablanca.ma\/#organization"},"alternateName":"VitaBlanca.ma","potentialAction":[{"@type":"SearchAction","target":{"@type":"EntryPoint","urlTemplate":"https:\/\/vitablanca.ma\/?s={search_term_string}"},"query-input":{"@type":"PropertyValueSpecification","valueRequired":true,"valueName":"search_term_string"}}],"inLanguage":"en-US"},{"@type":"Organization","@id":"https:\/\/vitablanca.ma\/#organization","name":"VitaBlanca","url":"https:\/\/vitablanca.ma\/","logo":{"@type":"ImageObject","inLanguage":"en-US","@id":"https:\/\/vitablanca.ma\/#\/schema\/logo\/image\/","url":"https:\/\/vitablanca.ma\/wp-content\/uploads\/2025\/05\/cropped-vitablanca.png","contentUrl":"https:\/\/vitablanca.ma\/wp-content\/uploads\/2025\/05\/cropped-vitablanca.png","width":360,"height":67,"caption":"VitaBlanca"},"image":{"@id":"https:\/\/vitablanca.ma\/#\/schema\/logo\/image\/"},"sameAs":["https:\/\/www.facebook.com\/profile.php?id=61576678196717","https:\/\/www.tiktok.com\/@vitablanca.ma","https:\/\/www.instagram.com\/vitablanca.ma\/"]}]}},"jetpack_sharing_enabled":true,"_links":{"self":[{"href":"https:\/\/vitablanca.ma\/en\/wp-json\/wp\/v2\/product\/32975","targetHints":{"allow":["GET"]}}],"collection":[{"href":"https:\/\/vitablanca.ma\/en\/wp-json\/wp\/v2\/product"}],"about":[{"href":"https:\/\/vitablanca.ma\/en\/wp-json\/wp\/v2\/types\/product"}],"wp:featuredmedia":[{"embeddable":true,"href":"https:\/\/vitablanca.ma\/en\/wp-json\/wp\/v2\/media\/32971"}],"wp:attachment":[{"href":"https:\/\/vitablanca.ma\/en\/wp-json\/wp\/v2\/media?parent=32975"}],"wp:term":[{"taxonomy":"product_brand","embeddable":true,"href":"https:\/\/vitablanca.ma\/en\/wp-json\/wp\/v2\/product_brand?post=32975"},{"taxonomy":"product_cat","embeddable":true,"href":"https:\/\/vitablanca.ma\/en\/wp-json\/wp\/v2\/product_cat?post=32975"},{"taxonomy":"product_tag","embeddable":true,"href":"https:\/\/vitablanca.ma\/en\/wp-json\/wp\/v2\/product_tag?post=32975"}],"curies":[{"name":"wp","href":"https:\/\/api.w.org\/{rel}","templated":true}]}}