{"id":32947,"date":"2026-03-04T02:38:48","date_gmt":"2026-03-04T02:38:48","guid":{"rendered":"https:\/\/vitablanca.ma\/produit\/maahir-gold-eau-de-parfum-pour-homme-lattafa-100ml\/"},"modified":"2026-03-15T23:08:28","modified_gmt":"2026-03-15T23:08:28","slug":"maahir-gold-eau-de-parfum-pour-homme-lattafa-100ml","status":"publish","type":"product","link":"https:\/\/vitablanca.ma\/en\/product\/maahir-gold-eau-de-parfum-pour-homme-lattafa-100ml\/","title":{"rendered":"MAAHIR GOLD EAU DE PARFUM Pour Homme &#8211; LATTAFA 100ml"},"content":{"rendered":"<p class=\"MsoNormal\" style=\"line-height: normal;\"><span style=\"font-family: 'Arial','sans-serif'; color: #262626;\">THE\u00a0<b>Maahir (<span dir=\"RTL\" lang=\"AR-SA\">\u0645\u0627\u0647\u0631<\/span>) Eau de Parfum<\/b>\u00a0of\u00a0<b>Lattafa<\/b>\u00a0est une fragrance unisexe raffin\u00e9e, lanc\u00e9e en 2020.\u00a0Elle se distingue par sa composition florale orientale, alliant fra\u00eecheur fruit\u00e9e et profondeur bois\u00e9e, id\u00e9ale pour les amateurs de parfums \u00e9l\u00e9gants.<\/span><\/p>\n<p class=\"MsoNormal\" style=\"line-height: normal;\"><b><span style=\"font-family: 'Arial','sans-serif'; color: #262626;\">Olfactory notes:<\/span><\/b><\/p>\n<ul type=\"disc\">\n<li class=\"MsoNormal\" style=\"color: black; line-height: normal;\"><b><span style=\"font-family: 'Arial','sans-serif'; color: #262626;\"><span style=\"color: windowtext;\">Top notes:<\/span><\/span><\/b><span style=\"font-family: 'Arial','sans-serif'; color: #262626;\"><span style=\"color: windowtext;\"> Fruits rouges, p\u00eache, bergamote<\/span><\/span><\/li>\n<li class=\"MsoNormal\" style=\"color: black; line-height: normal;\"><b><span style=\"font-family: 'Arial','sans-serif'; color: #262626;\"><span style=\"color: windowtext;\">Notes de coeur :<\/span><\/span><\/b><span style=\"font-family: 'Arial','sans-serif'; color: #262626;\"><span style=\"color: windowtext;\"> Jasmin, Pivoine, Lys Rouge<\/span><\/span><\/li>\n<li class=\"MsoNormal\" style=\"color: black; line-height: normal;\"><b><span style=\"font-family: 'Arial','sans-serif'; color: #262626;\"><span style=\"color: windowtext;\">Base notes:<\/span><\/span><\/b><span style=\"font-family: 'Arial','sans-serif'; color: #262626;\"><span style=\"color: windowtext;\"> Bois de santal, fleur de vanille, musc<\/span><\/span><\/li>\n<li class=\"MsoNormal\" style=\"color: black; line-height: normal;\"><b><span style=\"font-family: 'Arial','sans-serif'; color: #262626;\"><span style=\"color: windowtext;\">Similaire : More Than Words Xerjoff<\/span><\/span><\/b><\/li>\n<\/ul>","protected":false},"excerpt":{"rendered":"<p>Le\u00a0Maahir (\u0645\u0627\u0647\u0631) Eau de Parfum\u00a0de\u00a0Lattafa\u00a0est une fragrance unisexe raffin\u00e9e, lanc\u00e9e en 2020.\u00a0Elle se distingue par sa composition florale orientale, alliant fra\u00eecheur fruit\u00e9e et profondeur bois\u00e9e, id\u00e9ale pour les amateurs de parfums \u00e9l\u00e9gants. Notes olfactives : Notes de t\u00eate : Fruits rouges, p\u00eache, bergamote Notes de coeur : Jasmin, Pivoine, Lys Rouge Notes de fond : [&hellip;]<\/p>\n","protected":false},"featured_media":32944,"template":"","meta":{"om_disable_all_campaigns":false},"product_brand":[],"product_cat":[18,15,1091],"product_tag":[11644,11615,11642,11645,11647,11643,9561,11610,11646,11648],"class_list":{"0":"post-32947","1":"product","2":"type-product","3":"status-publish","4":"has-post-thumbnail","6":"product_cat-beaute-sante","7":"product_cat-beaute-sante-complements-alimentaires-soins-et-bien-etre-au-meilleur-prix","8":"product_cat-beaute-parfums-maroc-prix","9":"product_tag-eau-de-parfum-masculin","10":"product_tag-fragrance-sophistiquee","11":"product_tag-maahir-gold-lattafa","12":"product_tag-parfum-boise-oriental-homme","13":"product_tag-parfum-elegant-lattafa","14":"product_tag-parfum-homme-lattafa","15":"product_tag-parfum-longue-tenue","16":"product_tag-parfum-luxe-100-ml","17":"product_tag-parfum-quotidien-homme","18":"product_tag-parfum-viril-homme","20":"first","21":"outofstock","22":"taxable","23":"shipping-taxable","24":"purchasable","25":"product-type-simple"},"yoast_head":"<!-- This site is optimized with the Yoast SEO plugin v27.3 - https:\/\/yoast.com\/product\/yoast-seo-wordpress\/ -->\n<title>MAAHIR GOLD EAU DE PARFUM Pour Homme - Maroc Prix<\/title>\n<meta name=\"description\" content=\"D\u00e9couvrez Maahir Gold Eau de Parfum 100 ml de Lattafa pour homme, un parfum intense aux notes bois\u00e9es et orientales, con\u00e7u pour affirmer \u00e9l\u00e9gance .\" \/>\n<meta name=\"robots\" content=\"index, follow, max-snippet:-1, max-image-preview:large, max-video-preview:-1\" \/>\n<link rel=\"canonical\" href=\"https:\/\/vitablanca.ma\/en\/product\/maahir-gold-eau-de-parfum-pour-homme-lattafa-100ml\/\" \/>\n<meta property=\"og:locale\" content=\"en_US\" \/>\n<meta property=\"og:type\" content=\"article\" \/>\n<meta property=\"og:title\" content=\"MAAHIR GOLD EAU DE PARFUM Pour Homme - Maroc Prix\" \/>\n<meta property=\"og:description\" content=\"D\u00e9couvrez Maahir Gold Eau de Parfum 100 ml de Lattafa pour homme, un parfum intense aux notes bois\u00e9es et orientales, con\u00e7u pour affirmer \u00e9l\u00e9gance .\" \/>\n<meta property=\"og:url\" content=\"https:\/\/vitablanca.ma\/en\/product\/maahir-gold-eau-de-parfum-pour-homme-lattafa-100ml\/\" \/>\n<meta property=\"og:site_name\" content=\"Vitablanca.ma &ndash; Sant&eacute;, vitalit&eacute; et bien-&ecirc;tre pour tous les Marocains\" \/>\n<meta property=\"article:publisher\" content=\"https:\/\/www.facebook.com\/profile.php?id=61576678196717\" \/>\n<meta property=\"article:modified_time\" content=\"2026-03-15T23:08:28+00:00\" \/>\n<meta property=\"og:image\" content=\"https:\/\/vitablanca.ma\/wp-content\/uploads\/2026\/03\/MAAHIRGOLDEAUDEPARFUMPourHomme1.jpg\" \/>\n\t<meta property=\"og:image:width\" content=\"1080\" \/>\n\t<meta property=\"og:image:height\" content=\"1080\" \/>\n\t<meta property=\"og:image:type\" content=\"image\/jpeg\" \/>\n<meta name=\"twitter:card\" content=\"summary_large_image\" \/>\n<meta name=\"twitter:label1\" content=\"Est. reading time\" \/>\n\t<meta name=\"twitter:data1\" content=\"1 minute\" \/>\n<script type=\"application\/ld+json\" class=\"yoast-schema-graph\">{\"@context\":\"https:\\\/\\\/schema.org\",\"@graph\":[{\"@type\":[\"WebPage\",\"ItemPage\"],\"@id\":\"https:\\\/\\\/vitablanca.ma\\\/produit\\\/maahir-gold-eau-de-parfum-pour-homme-lattafa-100ml\\\/\",\"url\":\"https:\\\/\\\/vitablanca.ma\\\/produit\\\/maahir-gold-eau-de-parfum-pour-homme-lattafa-100ml\\\/\",\"name\":\"MAAHIR GOLD EAU DE PARFUM Pour Homme - Maroc Prix\",\"isPartOf\":{\"@id\":\"https:\\\/\\\/vitablanca.ma\\\/#website\"},\"primaryImageOfPage\":{\"@id\":\"https:\\\/\\\/vitablanca.ma\\\/produit\\\/maahir-gold-eau-de-parfum-pour-homme-lattafa-100ml\\\/#primaryimage\"},\"image\":{\"@id\":\"https:\\\/\\\/vitablanca.ma\\\/produit\\\/maahir-gold-eau-de-parfum-pour-homme-lattafa-100ml\\\/#primaryimage\"},\"thumbnailUrl\":\"https:\\\/\\\/vitablanca.ma\\\/wp-content\\\/uploads\\\/2026\\\/03\\\/MAAHIRGOLDEAUDEPARFUMPourHomme1.jpg\",\"datePublished\":\"2026-03-04T02:38:48+00:00\",\"dateModified\":\"2026-03-15T23:08:28+00:00\",\"description\":\"D\u00e9couvrez Maahir Gold Eau de Parfum 100 ml de Lattafa pour homme, un parfum intense aux notes bois\u00e9es et orientales, con\u00e7u pour affirmer \u00e9l\u00e9gance .\",\"breadcrumb\":{\"@id\":\"https:\\\/\\\/vitablanca.ma\\\/produit\\\/maahir-gold-eau-de-parfum-pour-homme-lattafa-100ml\\\/#breadcrumb\"},\"inLanguage\":\"en-US\",\"potentialAction\":[{\"@type\":\"ReadAction\",\"target\":[\"https:\\\/\\\/vitablanca.ma\\\/produit\\\/maahir-gold-eau-de-parfum-pour-homme-lattafa-100ml\\\/\"]}]},{\"@type\":\"ImageObject\",\"inLanguage\":\"en-US\",\"@id\":\"https:\\\/\\\/vitablanca.ma\\\/produit\\\/maahir-gold-eau-de-parfum-pour-homme-lattafa-100ml\\\/#primaryimage\",\"url\":\"https:\\\/\\\/vitablanca.ma\\\/wp-content\\\/uploads\\\/2026\\\/03\\\/MAAHIRGOLDEAUDEPARFUMPourHomme1.jpg\",\"contentUrl\":\"https:\\\/\\\/vitablanca.ma\\\/wp-content\\\/uploads\\\/2026\\\/03\\\/MAAHIRGOLDEAUDEPARFUMPourHomme1.jpg\",\"width\":1080,\"height\":1080},{\"@type\":\"BreadcrumbList\",\"@id\":\"https:\\\/\\\/vitablanca.ma\\\/produit\\\/maahir-gold-eau-de-parfum-pour-homme-lattafa-100ml\\\/#breadcrumb\",\"itemListElement\":[{\"@type\":\"ListItem\",\"position\":1,\"name\":\"Home\",\"item\":\"https:\\\/\\\/vitablanca.ma\\\/\"},{\"@type\":\"ListItem\",\"position\":2,\"name\":\"Tous Les Produits\",\"item\":\"https:\\\/\\\/vitablanca.ma\\\/tous-les-produits\\\/\"},{\"@type\":\"ListItem\",\"position\":3,\"name\":\"MAAHIR GOLD EAU DE PARFUM Pour Homme &#8211; LATTAFA 100ml\"}]},{\"@type\":\"WebSite\",\"@id\":\"https:\\\/\\\/vitablanca.ma\\\/#website\",\"url\":\"https:\\\/\\\/vitablanca.ma\\\/\",\"name\":\"VitaBlanca.ma | Compl\u00e9ments alimentaires, sant\u00e9 & beaut\u00e9 au Maroc\",\"description\":\"vendre vitamines et compl\u00e9ments premium des USA &amp; Canada, Nouvelle Z\u00e9lande,Maroc (NOW Foods, Solgar, Manuka). Livraison rapide partout au Maroc.\",\"publisher\":{\"@id\":\"https:\\\/\\\/vitablanca.ma\\\/#organization\"},\"alternateName\":\"VitaBlanca.ma\",\"potentialAction\":[{\"@type\":\"SearchAction\",\"target\":{\"@type\":\"EntryPoint\",\"urlTemplate\":\"https:\\\/\\\/vitablanca.ma\\\/?s={search_term_string}\"},\"query-input\":{\"@type\":\"PropertyValueSpecification\",\"valueRequired\":true,\"valueName\":\"search_term_string\"}}],\"inLanguage\":\"en-US\"},{\"@type\":\"Organization\",\"@id\":\"https:\\\/\\\/vitablanca.ma\\\/#organization\",\"name\":\"VitaBlanca\",\"url\":\"https:\\\/\\\/vitablanca.ma\\\/\",\"logo\":{\"@type\":\"ImageObject\",\"inLanguage\":\"en-US\",\"@id\":\"https:\\\/\\\/vitablanca.ma\\\/#\\\/schema\\\/logo\\\/image\\\/\",\"url\":\"https:\\\/\\\/vitablanca.ma\\\/wp-content\\\/uploads\\\/2025\\\/05\\\/cropped-vitablanca.png\",\"contentUrl\":\"https:\\\/\\\/vitablanca.ma\\\/wp-content\\\/uploads\\\/2025\\\/05\\\/cropped-vitablanca.png\",\"width\":360,\"height\":67,\"caption\":\"VitaBlanca\"},\"image\":{\"@id\":\"https:\\\/\\\/vitablanca.ma\\\/#\\\/schema\\\/logo\\\/image\\\/\"},\"sameAs\":[\"https:\\\/\\\/www.facebook.com\\\/profile.php?id=61576678196717\",\"https:\\\/\\\/www.tiktok.com\\\/@vitablanca.ma\",\"https:\\\/\\\/www.instagram.com\\\/vitablanca.ma\\\/\"]}]}<\/script>\n<!-- \/ Yoast SEO plugin. -->","yoast_head_json":{"title":"MAAHIR GOLD EAU DE PARFUM Pour Homme - Maroc Prix","description":"D\u00e9couvrez Maahir Gold Eau de Parfum 100 ml de Lattafa pour homme, un parfum intense aux notes bois\u00e9es et orientales, con\u00e7u pour affirmer \u00e9l\u00e9gance .","robots":{"index":"index","follow":"follow","max-snippet":"max-snippet:-1","max-image-preview":"max-image-preview:large","max-video-preview":"max-video-preview:-1"},"canonical":"https:\/\/vitablanca.ma\/en\/product\/maahir-gold-eau-de-parfum-pour-homme-lattafa-100ml\/","og_locale":"en_US","og_type":"article","og_title":"MAAHIR GOLD EAU DE PARFUM Pour Homme - Maroc Prix","og_description":"D\u00e9couvrez Maahir Gold Eau de Parfum 100 ml de Lattafa pour homme, un parfum intense aux notes bois\u00e9es et orientales, con\u00e7u pour affirmer \u00e9l\u00e9gance .","og_url":"https:\/\/vitablanca.ma\/en\/product\/maahir-gold-eau-de-parfum-pour-homme-lattafa-100ml\/","og_site_name":"Vitablanca.ma &ndash; Sant&eacute;, vitalit&eacute; et bien-&ecirc;tre pour tous les Marocains","article_publisher":"https:\/\/www.facebook.com\/profile.php?id=61576678196717","article_modified_time":"2026-03-15T23:08:28+00:00","og_image":[{"width":1080,"height":1080,"url":"https:\/\/vitablanca.ma\/wp-content\/uploads\/2026\/03\/MAAHIRGOLDEAUDEPARFUMPourHomme1.jpg","type":"image\/jpeg"}],"twitter_card":"summary_large_image","twitter_misc":{"Est. reading time":"1 minute"},"schema":{"@context":"https:\/\/schema.org","@graph":[{"@type":["WebPage","ItemPage"],"@id":"https:\/\/vitablanca.ma\/produit\/maahir-gold-eau-de-parfum-pour-homme-lattafa-100ml\/","url":"https:\/\/vitablanca.ma\/produit\/maahir-gold-eau-de-parfum-pour-homme-lattafa-100ml\/","name":"MAAHIR GOLD EAU DE PARFUM Pour Homme - Maroc Prix","isPartOf":{"@id":"https:\/\/vitablanca.ma\/#website"},"primaryImageOfPage":{"@id":"https:\/\/vitablanca.ma\/produit\/maahir-gold-eau-de-parfum-pour-homme-lattafa-100ml\/#primaryimage"},"image":{"@id":"https:\/\/vitablanca.ma\/produit\/maahir-gold-eau-de-parfum-pour-homme-lattafa-100ml\/#primaryimage"},"thumbnailUrl":"https:\/\/vitablanca.ma\/wp-content\/uploads\/2026\/03\/MAAHIRGOLDEAUDEPARFUMPourHomme1.jpg","datePublished":"2026-03-04T02:38:48+00:00","dateModified":"2026-03-15T23:08:28+00:00","description":"D\u00e9couvrez Maahir Gold Eau de Parfum 100 ml de Lattafa pour homme, un parfum intense aux notes bois\u00e9es et orientales, con\u00e7u pour affirmer \u00e9l\u00e9gance .","breadcrumb":{"@id":"https:\/\/vitablanca.ma\/produit\/maahir-gold-eau-de-parfum-pour-homme-lattafa-100ml\/#breadcrumb"},"inLanguage":"en-US","potentialAction":[{"@type":"ReadAction","target":["https:\/\/vitablanca.ma\/produit\/maahir-gold-eau-de-parfum-pour-homme-lattafa-100ml\/"]}]},{"@type":"ImageObject","inLanguage":"en-US","@id":"https:\/\/vitablanca.ma\/produit\/maahir-gold-eau-de-parfum-pour-homme-lattafa-100ml\/#primaryimage","url":"https:\/\/vitablanca.ma\/wp-content\/uploads\/2026\/03\/MAAHIRGOLDEAUDEPARFUMPourHomme1.jpg","contentUrl":"https:\/\/vitablanca.ma\/wp-content\/uploads\/2026\/03\/MAAHIRGOLDEAUDEPARFUMPourHomme1.jpg","width":1080,"height":1080},{"@type":"BreadcrumbList","@id":"https:\/\/vitablanca.ma\/produit\/maahir-gold-eau-de-parfum-pour-homme-lattafa-100ml\/#breadcrumb","itemListElement":[{"@type":"ListItem","position":1,"name":"Home","item":"https:\/\/vitablanca.ma\/"},{"@type":"ListItem","position":2,"name":"Tous Les Produits","item":"https:\/\/vitablanca.ma\/tous-les-produits\/"},{"@type":"ListItem","position":3,"name":"MAAHIR GOLD EAU DE PARFUM Pour Homme &#8211; LATTAFA 100ml"}]},{"@type":"WebSite","@id":"https:\/\/vitablanca.ma\/#website","url":"https:\/\/vitablanca.ma\/","name":"VitaBlanca.ma | Food supplements, health &amp; beauty in Morocco","description":"sell premium vitamins and supplements from USA &amp; Canada, New Zealand, Morocco (NOW Foods, Solgar, Manuka). Fast delivery anywhere in Morocco.","publisher":{"@id":"https:\/\/vitablanca.ma\/#organization"},"alternateName":"VitaBlanca.ma","potentialAction":[{"@type":"SearchAction","target":{"@type":"EntryPoint","urlTemplate":"https:\/\/vitablanca.ma\/?s={search_term_string}"},"query-input":{"@type":"PropertyValueSpecification","valueRequired":true,"valueName":"search_term_string"}}],"inLanguage":"en-US"},{"@type":"Organization","@id":"https:\/\/vitablanca.ma\/#organization","name":"VitaBlanca","url":"https:\/\/vitablanca.ma\/","logo":{"@type":"ImageObject","inLanguage":"en-US","@id":"https:\/\/vitablanca.ma\/#\/schema\/logo\/image\/","url":"https:\/\/vitablanca.ma\/wp-content\/uploads\/2025\/05\/cropped-vitablanca.png","contentUrl":"https:\/\/vitablanca.ma\/wp-content\/uploads\/2025\/05\/cropped-vitablanca.png","width":360,"height":67,"caption":"VitaBlanca"},"image":{"@id":"https:\/\/vitablanca.ma\/#\/schema\/logo\/image\/"},"sameAs":["https:\/\/www.facebook.com\/profile.php?id=61576678196717","https:\/\/www.tiktok.com\/@vitablanca.ma","https:\/\/www.instagram.com\/vitablanca.ma\/"]}]}},"jetpack_sharing_enabled":true,"_links":{"self":[{"href":"https:\/\/vitablanca.ma\/en\/wp-json\/wp\/v2\/product\/32947","targetHints":{"allow":["GET"]}}],"collection":[{"href":"https:\/\/vitablanca.ma\/en\/wp-json\/wp\/v2\/product"}],"about":[{"href":"https:\/\/vitablanca.ma\/en\/wp-json\/wp\/v2\/types\/product"}],"wp:featuredmedia":[{"embeddable":true,"href":"https:\/\/vitablanca.ma\/en\/wp-json\/wp\/v2\/media\/32944"}],"wp:attachment":[{"href":"https:\/\/vitablanca.ma\/en\/wp-json\/wp\/v2\/media?parent=32947"}],"wp:term":[{"taxonomy":"product_brand","embeddable":true,"href":"https:\/\/vitablanca.ma\/en\/wp-json\/wp\/v2\/product_brand?post=32947"},{"taxonomy":"product_cat","embeddable":true,"href":"https:\/\/vitablanca.ma\/en\/wp-json\/wp\/v2\/product_cat?post=32947"},{"taxonomy":"product_tag","embeddable":true,"href":"https:\/\/vitablanca.ma\/en\/wp-json\/wp\/v2\/product_tag?post=32947"}],"curies":[{"name":"wp","href":"https:\/\/api.w.org\/{rel}","templated":true}]}}