{"id":32943,"date":"2026-03-04T02:38:41","date_gmt":"2026-03-04T02:38:41","guid":{"rendered":"https:\/\/vitablanca.ma\/produit\/ajwad-pink-to-pink-eau-de-parfum-lattafa-pour-femme-100ml\/"},"modified":"2026-04-17T22:32:35","modified_gmt":"2026-04-17T22:32:35","slug":"ajwad-pink-to-pink-eau-de-parfum-lattafa-pour-femme-100ml","status":"publish","type":"product","link":"https:\/\/vitablanca.ma\/en\/product\/ajwad-pink-to-pink-eau-de-parfum-lattafa-pour-femme-100ml\/","title":{"rendered":"AJWAD PINK TO PINK EAU DE PARFUM LATTAFA Pour Femme \u2013 100ml"},"content":{"rendered":"<p class=\"MsoNormal\" style=\"line-height: normal;\"><b><span style=\"font-family: 'Arial','sans-serif'; color: #262626;\">AJWAD <span dir=\"RTL\" lang=\"AR-SA\">\u0623\u062c\u0648\u062f<\/span> Pink to Pink de Lattafa Perfumes <\/span><\/b><span style=\"font-family: 'Arial','sans-serif'; color: #262626;\">est un nouveau parfum captivant pour femmes et hommes, lanc\u00e9 en 2024. Ce parfum envo\u00fbtant s\u2019ouvre sur un m\u00e9lange vif et rafra\u00eechissant de goyave, de pamplemousse rose, de litchi et de poivre rose, cr\u00e9ant une entr\u00e9e vibrante et succulente. <\/span><\/p>\n<p class=\"MsoNormal\" style=\"line-height: normal;\"><span style=\"font-family: 'Arial','sans-serif'; color: #262626;\">Au fur et \u00e0 mesure que la fragrance se d\u00e9veloppe, les notes de c\u0153ur d\u00e9voilent un magnifique bouquet floral, m\u00ealant l\u2019\u00e9l\u00e9gance intemporelle de la rose, le charme d\u00e9licat de la pivoine et l\u2019allure gracieuse du magnolia. <\/span><\/p>\n<p class=\"MsoNormal\" style=\"line-height: normal;\"><span style=\"font-family: 'Arial','sans-serif'; color: #262626;\">En fond, des notes riches et chaleureuses de cuir, de musc, d\u2019ambre gris, de vanille et de mousse s\u2019unissent pour un final sensuel et persistant. <\/span><\/p>\n<p class=\"MsoNormal\" style=\"line-height: normal;\"><b><span style=\"font-family: 'Arial','sans-serif'; color: #262626;\">Ajwad Pink to Pink<\/span><\/b><span style=\"font-family: 'Arial','sans-serif'; color: #262626;\"> est une composition harmonieuse qui laisse une impression durable de sophistication et de charme.<\/span><\/p>\n<p><b><span style=\"font-family: 'Arial','sans-serif'; color: #262626;\">Notes du parfum :<\/span><\/b><\/p>\n<ul>\n<li><b><span style=\"font-family: 'Arial','sans-serif'; color: #262626;\">\u00a0<\/span><\/b><span style=\"font-family: 'Arial','sans-serif'; color: #262626;\"><b>Top notes:\u00a0<\/b>Pamplemousse rose, Poivre rose, Litchi<\/span><\/li>\n<li><span style=\"font-family: 'Arial','sans-serif'; color: #262626;\"><b>Heart notes:<\/b> Magnolia, Pivoine, Rose<\/span><\/li>\n<li><span style=\"font-family: 'Arial','sans-serif'; color: #262626;\"><b>Base notes:<\/b> Ambre gris, Vanille, Cuir, Mousse<\/span><\/li>\n<\/ul>","protected":false},"excerpt":{"rendered":"<p>AJWAD \u0623\u062c\u0648\u062f Pink to Pink de Lattafa Perfumes est un nouveau parfum captivant pour femmes et hommes, lanc\u00e9 en 2024. Ce parfum envo\u00fbtant s\u2019ouvre sur un m\u00e9lange vif et rafra\u00eechissant de goyave, de pamplemousse rose, de litchi et de poivre rose, cr\u00e9ant une entr\u00e9e vibrante et succulente. Au fur et \u00e0 mesure que la fragrance [&hellip;]<\/p>\n","protected":false},"featured_media":32940,"template":"","meta":{"om_disable_all_campaigns":false},"product_brand":[],"product_cat":[18,15,1091],"product_tag":[11711,11620,11615,11700,11692,11715,11713,11630,11587,11714,11710,11701,11691,11610,11628,11712,11709],"class_list":{"0":"post-32943","1":"product","2":"type-product","3":"status-publish","4":"has-post-thumbnail","6":"product_cat-beaute-sante","7":"product_cat-beaute-sante-complements-alimentaires-soins-et-bien-etre-au-meilleur-prix","8":"product_cat-beaute-parfums-maroc-prix","9":"product_tag-ajwad-pink-to-pink","10":"product_tag-eau-de-parfum-floral-fruite","11":"product_tag-fragrance-sophistiquee","12":"product_tag-parfum-chic","13":"product_tag-parfum-elegant-feminin","14":"product_tag-parfum-feminin-captivant","15":"product_tag-parfum-feminin-moderne","16":"product_tag-parfum-feminin-raffine","17":"product_tag-parfum-femme-lattafa","18":"product_tag-parfum-floral-delicat","19":"product_tag-parfum-glamour-femme","20":"product_tag-parfum-haut-de-gamme","21":"product_tag-parfum-longue-tenue-femme","22":"product_tag-parfum-luxe-100-ml","23":"product_tag-parfum-quotidien-feminin","24":"product_tag-parfum-seduisant-femme","25":"product_tag-parfum-signature-femme","27":"first","28":"instock","29":"taxable","30":"shipping-taxable","31":"purchasable","32":"product-type-simple"},"yoast_head":"<!-- This site is optimized with the Yoast SEO plugin v27.5 - https:\/\/yoast.com\/product\/yoast-seo-wordpress\/ -->\n<title>AJWAD PINK TO PINK EAU DE PARFUM LATTAFA - Maroc Prix<\/title>\n<meta name=\"description\" content=\"D\u00e9couvrez AJWAD Pink to Pink Eau de Parfum 100 ml pour femme \u2013 Lattafa, un parfum f\u00e9minin aux notes florales et fruit\u00e9es, \u00e9l\u00e9gant et raffin\u00e9 .\" \/>\n<meta name=\"robots\" content=\"index, follow, max-snippet:-1, max-image-preview:large, max-video-preview:-1\" \/>\n<link rel=\"canonical\" href=\"https:\/\/vitablanca.ma\/en\/product\/ajwad-pink-to-pink-eau-de-parfum-lattafa-pour-femme-100ml\/\" \/>\n<meta property=\"og:locale\" content=\"en_US\" \/>\n<meta property=\"og:type\" content=\"article\" \/>\n<meta property=\"og:title\" content=\"AJWAD PINK TO PINK EAU DE PARFUM LATTAFA - Maroc Prix\" \/>\n<meta property=\"og:description\" content=\"D\u00e9couvrez AJWAD Pink to Pink Eau de Parfum 100 ml pour femme \u2013 Lattafa, un parfum f\u00e9minin aux notes florales et fruit\u00e9es, \u00e9l\u00e9gant et raffin\u00e9 .\" \/>\n<meta property=\"og:url\" content=\"https:\/\/vitablanca.ma\/en\/product\/ajwad-pink-to-pink-eau-de-parfum-lattafa-pour-femme-100ml\/\" \/>\n<meta property=\"og:site_name\" content=\"Vitablanca.ma &ndash; Sant&eacute;, vitalit&eacute; et bien-&ecirc;tre pour tous les Marocains\" \/>\n<meta property=\"article:publisher\" content=\"https:\/\/www.facebook.com\/profile.php?id=61576678196717\" \/>\n<meta property=\"article:modified_time\" content=\"2026-04-17T22:32:35+00:00\" \/>\n<meta property=\"og:image\" content=\"https:\/\/vitablanca.ma\/wp-content\/uploads\/2026\/03\/AJWADPINKTOPINKEAUDEPARFUMLATTAFAPourFemmes_100ml2.jpg\" \/>\n\t<meta property=\"og:image:width\" content=\"1080\" \/>\n\t<meta property=\"og:image:height\" content=\"1080\" \/>\n\t<meta property=\"og:image:type\" content=\"image\/jpeg\" \/>\n<meta name=\"twitter:card\" content=\"summary_large_image\" \/>\n<meta name=\"twitter:label1\" content=\"Est. reading time\" \/>\n\t<meta name=\"twitter:data1\" content=\"1 minute\" \/>\n<script type=\"application\/ld+json\" class=\"yoast-schema-graph\">{\"@context\":\"https:\\\/\\\/schema.org\",\"@graph\":[{\"@type\":[\"WebPage\",\"ItemPage\"],\"@id\":\"https:\\\/\\\/vitablanca.ma\\\/produit\\\/ajwad-pink-to-pink-eau-de-parfum-lattafa-pour-femme-100ml\\\/\",\"url\":\"https:\\\/\\\/vitablanca.ma\\\/produit\\\/ajwad-pink-to-pink-eau-de-parfum-lattafa-pour-femme-100ml\\\/\",\"name\":\"AJWAD PINK TO PINK EAU DE PARFUM LATTAFA - Maroc Prix\",\"isPartOf\":{\"@id\":\"https:\\\/\\\/vitablanca.ma\\\/#website\"},\"primaryImageOfPage\":{\"@id\":\"https:\\\/\\\/vitablanca.ma\\\/produit\\\/ajwad-pink-to-pink-eau-de-parfum-lattafa-pour-femme-100ml\\\/#primaryimage\"},\"image\":{\"@id\":\"https:\\\/\\\/vitablanca.ma\\\/produit\\\/ajwad-pink-to-pink-eau-de-parfum-lattafa-pour-femme-100ml\\\/#primaryimage\"},\"thumbnailUrl\":\"https:\\\/\\\/vitablanca.ma\\\/wp-content\\\/uploads\\\/2026\\\/03\\\/AJWADPINKTOPINKEAUDEPARFUMLATTAFAPourFemmes_100ml2.jpg\",\"datePublished\":\"2026-03-04T02:38:41+00:00\",\"dateModified\":\"2026-04-17T22:32:35+00:00\",\"description\":\"D\u00e9couvrez AJWAD Pink to Pink Eau de Parfum 100 ml pour femme \u2013 Lattafa, un parfum f\u00e9minin aux notes florales et fruit\u00e9es, \u00e9l\u00e9gant et raffin\u00e9 .\",\"breadcrumb\":{\"@id\":\"https:\\\/\\\/vitablanca.ma\\\/produit\\\/ajwad-pink-to-pink-eau-de-parfum-lattafa-pour-femme-100ml\\\/#breadcrumb\"},\"inLanguage\":\"en-US\",\"potentialAction\":[{\"@type\":\"ReadAction\",\"target\":[\"https:\\\/\\\/vitablanca.ma\\\/produit\\\/ajwad-pink-to-pink-eau-de-parfum-lattafa-pour-femme-100ml\\\/\"]}]},{\"@type\":\"ImageObject\",\"inLanguage\":\"en-US\",\"@id\":\"https:\\\/\\\/vitablanca.ma\\\/produit\\\/ajwad-pink-to-pink-eau-de-parfum-lattafa-pour-femme-100ml\\\/#primaryimage\",\"url\":\"https:\\\/\\\/vitablanca.ma\\\/wp-content\\\/uploads\\\/2026\\\/03\\\/AJWADPINKTOPINKEAUDEPARFUMLATTAFAPourFemmes_100ml2.jpg\",\"contentUrl\":\"https:\\\/\\\/vitablanca.ma\\\/wp-content\\\/uploads\\\/2026\\\/03\\\/AJWADPINKTOPINKEAUDEPARFUMLATTAFAPourFemmes_100ml2.jpg\",\"width\":1080,\"height\":1080},{\"@type\":\"BreadcrumbList\",\"@id\":\"https:\\\/\\\/vitablanca.ma\\\/produit\\\/ajwad-pink-to-pink-eau-de-parfum-lattafa-pour-femme-100ml\\\/#breadcrumb\",\"itemListElement\":[{\"@type\":\"ListItem\",\"position\":1,\"name\":\"Home\",\"item\":\"https:\\\/\\\/vitablanca.ma\\\/\"},{\"@type\":\"ListItem\",\"position\":2,\"name\":\"Tous Les Produits\",\"item\":\"https:\\\/\\\/vitablanca.ma\\\/tous-les-produits\\\/\"},{\"@type\":\"ListItem\",\"position\":3,\"name\":\"AJWAD PINK TO PINK EAU DE PARFUM LATTAFA Pour Femme \u2013 100ml\"}]},{\"@type\":\"WebSite\",\"@id\":\"https:\\\/\\\/vitablanca.ma\\\/#website\",\"url\":\"https:\\\/\\\/vitablanca.ma\\\/\",\"name\":\"VitaBlanca.ma | Compl\u00e9ments alimentaires, sant\u00e9 & beaut\u00e9 au Maroc\",\"description\":\"vendre vitamines et compl\u00e9ments premium des USA &amp; Canada, Nouvelle Z\u00e9lande,Maroc (NOW Foods, Solgar, Manuka). Livraison rapide partout au Maroc.\",\"publisher\":{\"@id\":\"https:\\\/\\\/vitablanca.ma\\\/#organization\"},\"alternateName\":\"VitaBlanca.ma\",\"potentialAction\":[{\"@type\":\"SearchAction\",\"target\":{\"@type\":\"EntryPoint\",\"urlTemplate\":\"https:\\\/\\\/vitablanca.ma\\\/?s={search_term_string}\"},\"query-input\":{\"@type\":\"PropertyValueSpecification\",\"valueRequired\":true,\"valueName\":\"search_term_string\"}}],\"inLanguage\":\"en-US\"},{\"@type\":\"Organization\",\"@id\":\"https:\\\/\\\/vitablanca.ma\\\/#organization\",\"name\":\"VitaBlanca\",\"url\":\"https:\\\/\\\/vitablanca.ma\\\/\",\"logo\":{\"@type\":\"ImageObject\",\"inLanguage\":\"en-US\",\"@id\":\"https:\\\/\\\/vitablanca.ma\\\/#\\\/schema\\\/logo\\\/image\\\/\",\"url\":\"https:\\\/\\\/vitablanca.ma\\\/wp-content\\\/uploads\\\/2025\\\/05\\\/cropped-vitablanca.png\",\"contentUrl\":\"https:\\\/\\\/vitablanca.ma\\\/wp-content\\\/uploads\\\/2025\\\/05\\\/cropped-vitablanca.png\",\"width\":360,\"height\":67,\"caption\":\"VitaBlanca\"},\"image\":{\"@id\":\"https:\\\/\\\/vitablanca.ma\\\/#\\\/schema\\\/logo\\\/image\\\/\"},\"sameAs\":[\"https:\\\/\\\/www.facebook.com\\\/profile.php?id=61576678196717\",\"https:\\\/\\\/www.tiktok.com\\\/@vitablanca.ma\",\"https:\\\/\\\/www.instagram.com\\\/vitablanca.ma\\\/\"]}]}<\/script>\n<!-- \/ Yoast SEO plugin. -->","yoast_head_json":{"title":"AJWAD PINK TO PINK EAU DE PARFUM LATTAFA - Maroc Prix","description":"D\u00e9couvrez AJWAD Pink to Pink Eau de Parfum 100 ml pour femme \u2013 Lattafa, un parfum f\u00e9minin aux notes florales et fruit\u00e9es, \u00e9l\u00e9gant et raffin\u00e9 .","robots":{"index":"index","follow":"follow","max-snippet":"max-snippet:-1","max-image-preview":"max-image-preview:large","max-video-preview":"max-video-preview:-1"},"canonical":"https:\/\/vitablanca.ma\/en\/product\/ajwad-pink-to-pink-eau-de-parfum-lattafa-pour-femme-100ml\/","og_locale":"en_US","og_type":"article","og_title":"AJWAD PINK TO PINK EAU DE PARFUM LATTAFA - Maroc Prix","og_description":"D\u00e9couvrez AJWAD Pink to Pink Eau de Parfum 100 ml pour femme \u2013 Lattafa, un parfum f\u00e9minin aux notes florales et fruit\u00e9es, \u00e9l\u00e9gant et raffin\u00e9 .","og_url":"https:\/\/vitablanca.ma\/en\/product\/ajwad-pink-to-pink-eau-de-parfum-lattafa-pour-femme-100ml\/","og_site_name":"Vitablanca.ma &ndash; Sant&eacute;, vitalit&eacute; et bien-&ecirc;tre pour tous les Marocains","article_publisher":"https:\/\/www.facebook.com\/profile.php?id=61576678196717","article_modified_time":"2026-04-17T22:32:35+00:00","og_image":[{"width":1080,"height":1080,"url":"https:\/\/vitablanca.ma\/wp-content\/uploads\/2026\/03\/AJWADPINKTOPINKEAUDEPARFUMLATTAFAPourFemmes_100ml2.jpg","type":"image\/jpeg"}],"twitter_card":"summary_large_image","twitter_misc":{"Est. reading time":"1 minute"},"schema":{"@context":"https:\/\/schema.org","@graph":[{"@type":["WebPage","ItemPage"],"@id":"https:\/\/vitablanca.ma\/produit\/ajwad-pink-to-pink-eau-de-parfum-lattafa-pour-femme-100ml\/","url":"https:\/\/vitablanca.ma\/produit\/ajwad-pink-to-pink-eau-de-parfum-lattafa-pour-femme-100ml\/","name":"AJWAD PINK TO PINK EAU DE PARFUM LATTAFA - Maroc Prix","isPartOf":{"@id":"https:\/\/vitablanca.ma\/#website"},"primaryImageOfPage":{"@id":"https:\/\/vitablanca.ma\/produit\/ajwad-pink-to-pink-eau-de-parfum-lattafa-pour-femme-100ml\/#primaryimage"},"image":{"@id":"https:\/\/vitablanca.ma\/produit\/ajwad-pink-to-pink-eau-de-parfum-lattafa-pour-femme-100ml\/#primaryimage"},"thumbnailUrl":"https:\/\/vitablanca.ma\/wp-content\/uploads\/2026\/03\/AJWADPINKTOPINKEAUDEPARFUMLATTAFAPourFemmes_100ml2.jpg","datePublished":"2026-03-04T02:38:41+00:00","dateModified":"2026-04-17T22:32:35+00:00","description":"D\u00e9couvrez AJWAD Pink to Pink Eau de Parfum 100 ml pour femme \u2013 Lattafa, un parfum f\u00e9minin aux notes florales et fruit\u00e9es, \u00e9l\u00e9gant et raffin\u00e9 .","breadcrumb":{"@id":"https:\/\/vitablanca.ma\/produit\/ajwad-pink-to-pink-eau-de-parfum-lattafa-pour-femme-100ml\/#breadcrumb"},"inLanguage":"en-US","potentialAction":[{"@type":"ReadAction","target":["https:\/\/vitablanca.ma\/produit\/ajwad-pink-to-pink-eau-de-parfum-lattafa-pour-femme-100ml\/"]}]},{"@type":"ImageObject","inLanguage":"en-US","@id":"https:\/\/vitablanca.ma\/produit\/ajwad-pink-to-pink-eau-de-parfum-lattafa-pour-femme-100ml\/#primaryimage","url":"https:\/\/vitablanca.ma\/wp-content\/uploads\/2026\/03\/AJWADPINKTOPINKEAUDEPARFUMLATTAFAPourFemmes_100ml2.jpg","contentUrl":"https:\/\/vitablanca.ma\/wp-content\/uploads\/2026\/03\/AJWADPINKTOPINKEAUDEPARFUMLATTAFAPourFemmes_100ml2.jpg","width":1080,"height":1080},{"@type":"BreadcrumbList","@id":"https:\/\/vitablanca.ma\/produit\/ajwad-pink-to-pink-eau-de-parfum-lattafa-pour-femme-100ml\/#breadcrumb","itemListElement":[{"@type":"ListItem","position":1,"name":"Home","item":"https:\/\/vitablanca.ma\/"},{"@type":"ListItem","position":2,"name":"Tous Les Produits","item":"https:\/\/vitablanca.ma\/tous-les-produits\/"},{"@type":"ListItem","position":3,"name":"AJWAD PINK TO PINK EAU DE PARFUM LATTAFA Pour Femme \u2013 100ml"}]},{"@type":"WebSite","@id":"https:\/\/vitablanca.ma\/#website","url":"https:\/\/vitablanca.ma\/","name":"VitaBlanca.ma | Food supplements, health &amp; beauty in Morocco","description":"sell premium vitamins and supplements from USA &amp; Canada, New Zealand, Morocco (NOW Foods, Solgar, Manuka). Fast delivery anywhere in Morocco.","publisher":{"@id":"https:\/\/vitablanca.ma\/#organization"},"alternateName":"VitaBlanca.ma","potentialAction":[{"@type":"SearchAction","target":{"@type":"EntryPoint","urlTemplate":"https:\/\/vitablanca.ma\/?s={search_term_string}"},"query-input":{"@type":"PropertyValueSpecification","valueRequired":true,"valueName":"search_term_string"}}],"inLanguage":"en-US"},{"@type":"Organization","@id":"https:\/\/vitablanca.ma\/#organization","name":"VitaBlanca","url":"https:\/\/vitablanca.ma\/","logo":{"@type":"ImageObject","inLanguage":"en-US","@id":"https:\/\/vitablanca.ma\/#\/schema\/logo\/image\/","url":"https:\/\/vitablanca.ma\/wp-content\/uploads\/2025\/05\/cropped-vitablanca.png","contentUrl":"https:\/\/vitablanca.ma\/wp-content\/uploads\/2025\/05\/cropped-vitablanca.png","width":360,"height":67,"caption":"VitaBlanca"},"image":{"@id":"https:\/\/vitablanca.ma\/#\/schema\/logo\/image\/"},"sameAs":["https:\/\/www.facebook.com\/profile.php?id=61576678196717","https:\/\/www.tiktok.com\/@vitablanca.ma","https:\/\/www.instagram.com\/vitablanca.ma\/"]}]}},"jetpack_sharing_enabled":true,"_links":{"self":[{"href":"https:\/\/vitablanca.ma\/en\/wp-json\/wp\/v2\/product\/32943","targetHints":{"allow":["GET"]}}],"collection":[{"href":"https:\/\/vitablanca.ma\/en\/wp-json\/wp\/v2\/product"}],"about":[{"href":"https:\/\/vitablanca.ma\/en\/wp-json\/wp\/v2\/types\/product"}],"wp:featuredmedia":[{"embeddable":true,"href":"https:\/\/vitablanca.ma\/en\/wp-json\/wp\/v2\/media\/32940"}],"wp:attachment":[{"href":"https:\/\/vitablanca.ma\/en\/wp-json\/wp\/v2\/media?parent=32943"}],"wp:term":[{"taxonomy":"product_brand","embeddable":true,"href":"https:\/\/vitablanca.ma\/en\/wp-json\/wp\/v2\/product_brand?post=32943"},{"taxonomy":"product_cat","embeddable":true,"href":"https:\/\/vitablanca.ma\/en\/wp-json\/wp\/v2\/product_cat?post=32943"},{"taxonomy":"product_tag","embeddable":true,"href":"https:\/\/vitablanca.ma\/en\/wp-json\/wp\/v2\/product_tag?post=32943"}],"curies":[{"name":"wp","href":"https:\/\/api.w.org\/{rel}","templated":true}]}}