{"id":32925,"date":"2026-03-04T02:38:13","date_gmt":"2026-03-04T02:38:13","guid":{"rendered":"https:\/\/vitablanca.ma\/produit\/olivia-de-maison-alhambra-eau-de-parfum-80ml\/"},"modified":"2026-03-15T23:08:30","modified_gmt":"2026-03-15T23:08:30","slug":"olivia-de-maison-alhambra-eau-de-parfum-80ml","status":"publish","type":"product","link":"https:\/\/vitablanca.ma\/en\/product\/olivia-de-maison-alhambra-eau-de-parfum-80ml\/","title":{"rendered":"OLIVIA DE MAISON ALHAMBRA EAU DE PARFUM &#8211; 80ml"},"content":{"rendered":"<p><strong>Olivia de Maison Alhambra est un parfum f\u00e9minin <\/strong>aux notes bois\u00e9es et florales.<br \/>\nD\u00e9couvrez l&rsquo;essence irr\u00e9sistible d&rsquo;Olivia, un parfum qui capture la f\u00e9minit\u00e9 et l&rsquo;\u00e9l\u00e9gance dans un parfum unique. Les notes de t\u00eate de jasmin, gingembre, lys et mandarine ouvrent votre exp\u00e9rience olfactive avec une fra\u00eecheur vive et une d\u00e9licate touche florale. Au c\u0153ur du parfum, l&rsquo;association inattendue du sel et de la vanille ajoute profondeur et sensualit\u00e9 \u00e0 la fragrance, cr\u00e9ant une harmonie enveloppante. Les notes de fond de santal et d&rsquo;ambre gris compl\u00e8tent cette composition, laissant une impression durable d&rsquo;\u00e9l\u00e9gance et de raffinement. Olivia est plus qu&rsquo;un parfum, c&rsquo;est une exp\u00e9rience sensorielle qui vous enveloppe d&rsquo;un c\u0103lin de f\u00e9minit\u00e9 et de style intemporel. D\u00e9couvrez le pouvoir d&rsquo;Olivia et laissez vous transporter dans un voyage de s\u00e9duction et de charme.<\/p>\n<p class=\"MsoNormal\"><b>Olfactory notes:<\/b><\/p>\n<p><strong>Notes de t\u00eate: <\/strong>jasmin, gingembre, lys, mandarine<br \/>\n<strong>Notes de c\u0153ur: <\/strong>sel, vanille<br \/>\n<strong>Notes de fond:<\/strong> sandale, gris ambre<br \/>\n<strong>Ce parfum rappelle:<\/strong> Olympea Paco Rabanne<br \/>\n<strong>Ceux qui aiment ce parfum aiment aussi: <\/strong>Good Girl, Balck Opium, La Vie Est Belle<\/p>","protected":false},"excerpt":{"rendered":"<p>Olivia de Maison Alhambra est un parfum f\u00e9minin aux notes bois\u00e9es et florales. D\u00e9couvrez l&rsquo;essence irr\u00e9sistible d&rsquo;Olivia, un parfum qui capture la f\u00e9minit\u00e9 et l&rsquo;\u00e9l\u00e9gance dans un parfum unique. Les notes de t\u00eate de jasmin, gingembre, lys et mandarine ouvrent votre exp\u00e9rience olfactive avec une fra\u00eecheur vive et une d\u00e9licate touche florale. Au c\u0153ur du [&hellip;]<\/p>\n","protected":false},"featured_media":32922,"template":"","meta":{"om_disable_all_campaigns":false},"product_brand":[],"product_cat":[18,15,1091],"product_tag":[11620,11615,11690,11694,11692,11630,11627,11691,11693,11591],"class_list":{"0":"post-32925","1":"product","2":"type-product","3":"status-publish","4":"has-post-thumbnail","6":"product_cat-beaute-sante","7":"product_cat-beaute-sante-complements-alimentaires-soins-et-bien-etre-au-meilleur-prix","8":"product_cat-beaute-parfums-maroc-prix","9":"product_tag-eau-de-parfum-floral-fruite","10":"product_tag-fragrance-sophistiquee","11":"product_tag-olivia-maison-alhambra","12":"product_tag-parfum-chic-femme","13":"product_tag-parfum-elegant-feminin","14":"product_tag-parfum-feminin-raffine","15":"product_tag-parfum-femme-maison-alhambra","16":"product_tag-parfum-longue-tenue-femme","17":"product_tag-parfum-luxe-80-ml","18":"product_tag-parfum-quotidien-femme","20":"first","21":"outofstock","22":"taxable","23":"shipping-taxable","24":"purchasable","25":"product-type-simple"},"yoast_head":"<!-- This site is optimized with the Yoast SEO plugin v27.3 - https:\/\/yoast.com\/product\/yoast-seo-wordpress\/ -->\n<title>OLIVIA DE MAISON ALHAMBRA DE PARFUM - 80ml - Maroc Prix<\/title>\n<meta name=\"description\" content=\"D\u00e9couvrez Olivia Eau de Parfum 80 ml de Maison Alhambra, un parfum f\u00e9minin aux notes florales et fruit\u00e9es, \u00e9l\u00e9gant et raffin\u00e9 .\" \/>\n<meta name=\"robots\" content=\"index, follow, max-snippet:-1, max-image-preview:large, max-video-preview:-1\" \/>\n<link rel=\"canonical\" href=\"https:\/\/vitablanca.ma\/en\/product\/olivia-de-maison-alhambra-eau-de-parfum-80ml\/\" \/>\n<meta property=\"og:locale\" content=\"en_US\" \/>\n<meta property=\"og:type\" content=\"article\" \/>\n<meta property=\"og:title\" content=\"OLIVIA DE MAISON ALHAMBRA DE PARFUM - 80ml - Maroc Prix\" \/>\n<meta property=\"og:description\" content=\"D\u00e9couvrez Olivia Eau de Parfum 80 ml de Maison Alhambra, un parfum f\u00e9minin aux notes florales et fruit\u00e9es, \u00e9l\u00e9gant et raffin\u00e9 .\" \/>\n<meta property=\"og:url\" content=\"https:\/\/vitablanca.ma\/en\/product\/olivia-de-maison-alhambra-eau-de-parfum-80ml\/\" \/>\n<meta property=\"og:site_name\" content=\"Vitablanca.ma &ndash; Sant&eacute;, vitalit&eacute; et bien-&ecirc;tre pour tous les Marocains\" \/>\n<meta property=\"article:publisher\" content=\"https:\/\/www.facebook.com\/profile.php?id=61576678196717\" \/>\n<meta property=\"article:modified_time\" content=\"2026-03-15T23:08:30+00:00\" \/>\n<meta property=\"og:image\" content=\"https:\/\/vitablanca.ma\/wp-content\/uploads\/2026\/03\/OliviaEauDeParfum80ml1.jpg\" \/>\n\t<meta property=\"og:image:width\" content=\"720\" \/>\n\t<meta property=\"og:image:height\" content=\"720\" \/>\n\t<meta property=\"og:image:type\" content=\"image\/jpeg\" \/>\n<meta name=\"twitter:card\" content=\"summary_large_image\" \/>\n<meta name=\"twitter:label1\" content=\"Est. reading time\" \/>\n\t<meta name=\"twitter:data1\" content=\"2 minutes\" \/>\n<script type=\"application\/ld+json\" class=\"yoast-schema-graph\">{\"@context\":\"https:\\\/\\\/schema.org\",\"@graph\":[{\"@type\":[\"WebPage\",\"ItemPage\"],\"@id\":\"https:\\\/\\\/vitablanca.ma\\\/produit\\\/olivia-de-maison-alhambra-eau-de-parfum-80ml\\\/\",\"url\":\"https:\\\/\\\/vitablanca.ma\\\/produit\\\/olivia-de-maison-alhambra-eau-de-parfum-80ml\\\/\",\"name\":\"OLIVIA DE MAISON ALHAMBRA DE PARFUM - 80ml - Maroc Prix\",\"isPartOf\":{\"@id\":\"https:\\\/\\\/vitablanca.ma\\\/#website\"},\"primaryImageOfPage\":{\"@id\":\"https:\\\/\\\/vitablanca.ma\\\/produit\\\/olivia-de-maison-alhambra-eau-de-parfum-80ml\\\/#primaryimage\"},\"image\":{\"@id\":\"https:\\\/\\\/vitablanca.ma\\\/produit\\\/olivia-de-maison-alhambra-eau-de-parfum-80ml\\\/#primaryimage\"},\"thumbnailUrl\":\"https:\\\/\\\/vitablanca.ma\\\/wp-content\\\/uploads\\\/2026\\\/03\\\/OliviaEauDeParfum80ml1.jpg\",\"datePublished\":\"2026-03-04T02:38:13+00:00\",\"dateModified\":\"2026-03-15T23:08:30+00:00\",\"description\":\"D\u00e9couvrez Olivia Eau de Parfum 80 ml de Maison Alhambra, un parfum f\u00e9minin aux notes florales et fruit\u00e9es, \u00e9l\u00e9gant et raffin\u00e9 .\",\"breadcrumb\":{\"@id\":\"https:\\\/\\\/vitablanca.ma\\\/produit\\\/olivia-de-maison-alhambra-eau-de-parfum-80ml\\\/#breadcrumb\"},\"inLanguage\":\"en-US\",\"potentialAction\":[{\"@type\":\"ReadAction\",\"target\":[\"https:\\\/\\\/vitablanca.ma\\\/produit\\\/olivia-de-maison-alhambra-eau-de-parfum-80ml\\\/\"]}]},{\"@type\":\"ImageObject\",\"inLanguage\":\"en-US\",\"@id\":\"https:\\\/\\\/vitablanca.ma\\\/produit\\\/olivia-de-maison-alhambra-eau-de-parfum-80ml\\\/#primaryimage\",\"url\":\"https:\\\/\\\/vitablanca.ma\\\/wp-content\\\/uploads\\\/2026\\\/03\\\/OliviaEauDeParfum80ml1.jpg\",\"contentUrl\":\"https:\\\/\\\/vitablanca.ma\\\/wp-content\\\/uploads\\\/2026\\\/03\\\/OliviaEauDeParfum80ml1.jpg\",\"width\":720,\"height\":720},{\"@type\":\"BreadcrumbList\",\"@id\":\"https:\\\/\\\/vitablanca.ma\\\/produit\\\/olivia-de-maison-alhambra-eau-de-parfum-80ml\\\/#breadcrumb\",\"itemListElement\":[{\"@type\":\"ListItem\",\"position\":1,\"name\":\"Home\",\"item\":\"https:\\\/\\\/vitablanca.ma\\\/\"},{\"@type\":\"ListItem\",\"position\":2,\"name\":\"Tous Les Produits\",\"item\":\"https:\\\/\\\/vitablanca.ma\\\/tous-les-produits\\\/\"},{\"@type\":\"ListItem\",\"position\":3,\"name\":\"OLIVIA DE MAISON ALHAMBRA EAU DE PARFUM &#8211; 80ml\"}]},{\"@type\":\"WebSite\",\"@id\":\"https:\\\/\\\/vitablanca.ma\\\/#website\",\"url\":\"https:\\\/\\\/vitablanca.ma\\\/\",\"name\":\"VitaBlanca.ma | Compl\u00e9ments alimentaires, sant\u00e9 & beaut\u00e9 au Maroc\",\"description\":\"vendre vitamines et compl\u00e9ments premium des USA &amp; Canada, Nouvelle Z\u00e9lande,Maroc (NOW Foods, Solgar, Manuka). Livraison rapide partout au Maroc.\",\"publisher\":{\"@id\":\"https:\\\/\\\/vitablanca.ma\\\/#organization\"},\"alternateName\":\"VitaBlanca.ma\",\"potentialAction\":[{\"@type\":\"SearchAction\",\"target\":{\"@type\":\"EntryPoint\",\"urlTemplate\":\"https:\\\/\\\/vitablanca.ma\\\/?s={search_term_string}\"},\"query-input\":{\"@type\":\"PropertyValueSpecification\",\"valueRequired\":true,\"valueName\":\"search_term_string\"}}],\"inLanguage\":\"en-US\"},{\"@type\":\"Organization\",\"@id\":\"https:\\\/\\\/vitablanca.ma\\\/#organization\",\"name\":\"VitaBlanca\",\"url\":\"https:\\\/\\\/vitablanca.ma\\\/\",\"logo\":{\"@type\":\"ImageObject\",\"inLanguage\":\"en-US\",\"@id\":\"https:\\\/\\\/vitablanca.ma\\\/#\\\/schema\\\/logo\\\/image\\\/\",\"url\":\"https:\\\/\\\/vitablanca.ma\\\/wp-content\\\/uploads\\\/2025\\\/05\\\/cropped-vitablanca.png\",\"contentUrl\":\"https:\\\/\\\/vitablanca.ma\\\/wp-content\\\/uploads\\\/2025\\\/05\\\/cropped-vitablanca.png\",\"width\":360,\"height\":67,\"caption\":\"VitaBlanca\"},\"image\":{\"@id\":\"https:\\\/\\\/vitablanca.ma\\\/#\\\/schema\\\/logo\\\/image\\\/\"},\"sameAs\":[\"https:\\\/\\\/www.facebook.com\\\/profile.php?id=61576678196717\",\"https:\\\/\\\/www.tiktok.com\\\/@vitablanca.ma\",\"https:\\\/\\\/www.instagram.com\\\/vitablanca.ma\\\/\"]}]}<\/script>\n<!-- \/ Yoast SEO plugin. -->","yoast_head_json":{"title":"OLIVIA DE MAISON ALHAMBRA DE PARFUM - 80ml - Maroc Prix","description":"D\u00e9couvrez Olivia Eau de Parfum 80 ml de Maison Alhambra, un parfum f\u00e9minin aux notes florales et fruit\u00e9es, \u00e9l\u00e9gant et raffin\u00e9 .","robots":{"index":"index","follow":"follow","max-snippet":"max-snippet:-1","max-image-preview":"max-image-preview:large","max-video-preview":"max-video-preview:-1"},"canonical":"https:\/\/vitablanca.ma\/en\/product\/olivia-de-maison-alhambra-eau-de-parfum-80ml\/","og_locale":"en_US","og_type":"article","og_title":"OLIVIA DE MAISON ALHAMBRA DE PARFUM - 80ml - Maroc Prix","og_description":"D\u00e9couvrez Olivia Eau de Parfum 80 ml de Maison Alhambra, un parfum f\u00e9minin aux notes florales et fruit\u00e9es, \u00e9l\u00e9gant et raffin\u00e9 .","og_url":"https:\/\/vitablanca.ma\/en\/product\/olivia-de-maison-alhambra-eau-de-parfum-80ml\/","og_site_name":"Vitablanca.ma &ndash; Sant&eacute;, vitalit&eacute; et bien-&ecirc;tre pour tous les Marocains","article_publisher":"https:\/\/www.facebook.com\/profile.php?id=61576678196717","article_modified_time":"2026-03-15T23:08:30+00:00","og_image":[{"width":720,"height":720,"url":"https:\/\/vitablanca.ma\/wp-content\/uploads\/2026\/03\/OliviaEauDeParfum80ml1.jpg","type":"image\/jpeg"}],"twitter_card":"summary_large_image","twitter_misc":{"Est. reading time":"2 minutes"},"schema":{"@context":"https:\/\/schema.org","@graph":[{"@type":["WebPage","ItemPage"],"@id":"https:\/\/vitablanca.ma\/produit\/olivia-de-maison-alhambra-eau-de-parfum-80ml\/","url":"https:\/\/vitablanca.ma\/produit\/olivia-de-maison-alhambra-eau-de-parfum-80ml\/","name":"OLIVIA DE MAISON ALHAMBRA DE PARFUM - 80ml - Maroc Prix","isPartOf":{"@id":"https:\/\/vitablanca.ma\/#website"},"primaryImageOfPage":{"@id":"https:\/\/vitablanca.ma\/produit\/olivia-de-maison-alhambra-eau-de-parfum-80ml\/#primaryimage"},"image":{"@id":"https:\/\/vitablanca.ma\/produit\/olivia-de-maison-alhambra-eau-de-parfum-80ml\/#primaryimage"},"thumbnailUrl":"https:\/\/vitablanca.ma\/wp-content\/uploads\/2026\/03\/OliviaEauDeParfum80ml1.jpg","datePublished":"2026-03-04T02:38:13+00:00","dateModified":"2026-03-15T23:08:30+00:00","description":"D\u00e9couvrez Olivia Eau de Parfum 80 ml de Maison Alhambra, un parfum f\u00e9minin aux notes florales et fruit\u00e9es, \u00e9l\u00e9gant et raffin\u00e9 .","breadcrumb":{"@id":"https:\/\/vitablanca.ma\/produit\/olivia-de-maison-alhambra-eau-de-parfum-80ml\/#breadcrumb"},"inLanguage":"en-US","potentialAction":[{"@type":"ReadAction","target":["https:\/\/vitablanca.ma\/produit\/olivia-de-maison-alhambra-eau-de-parfum-80ml\/"]}]},{"@type":"ImageObject","inLanguage":"en-US","@id":"https:\/\/vitablanca.ma\/produit\/olivia-de-maison-alhambra-eau-de-parfum-80ml\/#primaryimage","url":"https:\/\/vitablanca.ma\/wp-content\/uploads\/2026\/03\/OliviaEauDeParfum80ml1.jpg","contentUrl":"https:\/\/vitablanca.ma\/wp-content\/uploads\/2026\/03\/OliviaEauDeParfum80ml1.jpg","width":720,"height":720},{"@type":"BreadcrumbList","@id":"https:\/\/vitablanca.ma\/produit\/olivia-de-maison-alhambra-eau-de-parfum-80ml\/#breadcrumb","itemListElement":[{"@type":"ListItem","position":1,"name":"Home","item":"https:\/\/vitablanca.ma\/"},{"@type":"ListItem","position":2,"name":"Tous Les Produits","item":"https:\/\/vitablanca.ma\/tous-les-produits\/"},{"@type":"ListItem","position":3,"name":"OLIVIA DE MAISON ALHAMBRA EAU DE PARFUM &#8211; 80ml"}]},{"@type":"WebSite","@id":"https:\/\/vitablanca.ma\/#website","url":"https:\/\/vitablanca.ma\/","name":"VitaBlanca.ma | Food supplements, health &amp; beauty in Morocco","description":"sell premium vitamins and supplements from USA &amp; Canada, New Zealand, Morocco (NOW Foods, Solgar, Manuka). Fast delivery anywhere in Morocco.","publisher":{"@id":"https:\/\/vitablanca.ma\/#organization"},"alternateName":"VitaBlanca.ma","potentialAction":[{"@type":"SearchAction","target":{"@type":"EntryPoint","urlTemplate":"https:\/\/vitablanca.ma\/?s={search_term_string}"},"query-input":{"@type":"PropertyValueSpecification","valueRequired":true,"valueName":"search_term_string"}}],"inLanguage":"en-US"},{"@type":"Organization","@id":"https:\/\/vitablanca.ma\/#organization","name":"VitaBlanca","url":"https:\/\/vitablanca.ma\/","logo":{"@type":"ImageObject","inLanguage":"en-US","@id":"https:\/\/vitablanca.ma\/#\/schema\/logo\/image\/","url":"https:\/\/vitablanca.ma\/wp-content\/uploads\/2025\/05\/cropped-vitablanca.png","contentUrl":"https:\/\/vitablanca.ma\/wp-content\/uploads\/2025\/05\/cropped-vitablanca.png","width":360,"height":67,"caption":"VitaBlanca"},"image":{"@id":"https:\/\/vitablanca.ma\/#\/schema\/logo\/image\/"},"sameAs":["https:\/\/www.facebook.com\/profile.php?id=61576678196717","https:\/\/www.tiktok.com\/@vitablanca.ma","https:\/\/www.instagram.com\/vitablanca.ma\/"]}]}},"jetpack_sharing_enabled":true,"_links":{"self":[{"href":"https:\/\/vitablanca.ma\/en\/wp-json\/wp\/v2\/product\/32925","targetHints":{"allow":["GET"]}}],"collection":[{"href":"https:\/\/vitablanca.ma\/en\/wp-json\/wp\/v2\/product"}],"about":[{"href":"https:\/\/vitablanca.ma\/en\/wp-json\/wp\/v2\/types\/product"}],"wp:featuredmedia":[{"embeddable":true,"href":"https:\/\/vitablanca.ma\/en\/wp-json\/wp\/v2\/media\/32922"}],"wp:attachment":[{"href":"https:\/\/vitablanca.ma\/en\/wp-json\/wp\/v2\/media?parent=32925"}],"wp:term":[{"taxonomy":"product_brand","embeddable":true,"href":"https:\/\/vitablanca.ma\/en\/wp-json\/wp\/v2\/product_brand?post=32925"},{"taxonomy":"product_cat","embeddable":true,"href":"https:\/\/vitablanca.ma\/en\/wp-json\/wp\/v2\/product_cat?post=32925"},{"taxonomy":"product_tag","embeddable":true,"href":"https:\/\/vitablanca.ma\/en\/wp-json\/wp\/v2\/product_tag?post=32925"}],"curies":[{"name":"wp","href":"https:\/\/api.w.org\/{rel}","templated":true}]}}