{"id":32837,"date":"2026-03-04T02:35:36","date_gmt":"2026-03-04T02:35:36","guid":{"rendered":"https:\/\/vitablanca.ma\/produit\/afnan-dynamisez-votre-journee-eau-de-parfum-unisexe-100ml\/"},"modified":"2026-04-17T22:32:48","modified_gmt":"2026-04-17T22:32:48","slug":"afnan-dynamisez-votre-journee-eau-de-parfum-unisexe-100ml","status":"publish","type":"product","link":"https:\/\/vitablanca.ma\/en\/product\/afnan-dynamisez-votre-journee-eau-de-parfum-unisexe-100ml\/","title":{"rendered":"AFNAN \u2013 Dynamisez votre journ\u00e9e Eau de Parfum Unisexe \u2013 100ml"},"content":{"rendered":"<p><strong>9am Eau De Parfum d\u2019Afnan \u2013 Une symphonie vibrante de fra\u00eecheur et d\u2019\u00e9l\u00e9gance\u00a0\u00bb<\/strong><\/p>\n<p>Commencez votre journ\u00e9e avec l\u2019\u00e9nergie vivifiante de\u00a0<strong>l\u2019eau de parfum 9am d\u2019Afnan<\/strong>\u00a0, un parfum rafra\u00eechissant et sophistiqu\u00e9 con\u00e7u pour captiver et \u00e9gayer. Ce parfum exquis est un m\u00e9lange harmonieux d\u2019agrumes acidul\u00e9s, de fleurs \u00e9l\u00e9gantes et de notes bois\u00e9es enveloppantes, ce qui en fait le choix id\u00e9al pour ceux qui appr\u00e9cient un ar\u00f4me \u00e9quilibr\u00e9 et raffin\u00e9.<\/p>\n<h3><strong>Pyramide des parfums :<\/strong><\/h3>\n<ul>\n<li><strong>Top notes:<\/strong>\u00a0Citron, Mandarine, Poivre rose<\/li>\n<li><strong>Heart notes:<\/strong>\u00a0Lavande, Pomme verte, Fleur d\u2019oranger, Rose<\/li>\n<li><strong>Base notes:<\/strong>\u00a0Musc, Mousse, C\u00e8dre, Patchouli<\/li>\n<\/ul>\n<p>La fragrance s\u2019ouvre sur une explosion de notes de\u00a0<strong>citron<\/strong>\u00a0,\u00a0<strong>de mandarine<\/strong>\u00a0and of\u00a0<strong>pink pepper<\/strong>\u00a0, cr\u00e9ant une entr\u00e9e vibrante et rafra\u00eechissante. Le c\u0153ur d\u00e9voile un d\u00e9licieux m\u00e9lange de\u00a0<strong>lavande<\/strong>\u00a0,\u00a0<strong>de pomme verte<\/strong>\u00a0,\u00a0<strong>de fleur d\u2019oranger<\/strong>\u00a0And\u00a0<strong>de rose<\/strong>\u00a0, apportant une \u00e9l\u00e9gance fruit\u00e9e et florale. Le fond offre un final chaleureux et sophistiqu\u00e9, avec la douce sensualit\u00e9 du\u00a0<strong>musc<\/strong>\u00a0, la douceur terreuse de\u00a0<strong>la mousse<\/strong>\u00a0et la richesse du\u00a0<strong>c\u00e8dre<\/strong>\u00a0And\u00a0<strong>du patchouli<\/strong>\u00a0.<\/p>\n<h3><strong>Pourquoi choisir 9am by Afnan ?<\/strong><\/h3>\n<ul>\n<li><strong>Frais et polyvalent :<\/strong>\u00a0un parfum de jour parfait pour toutes les occasions, offrant un \u00e9quilibre de notes d\u2019agrumes, florales et bois\u00e9es.<\/li>\n<li><strong>\u00c9l\u00e9gance longue dur\u00e9e :<\/strong>\u00a0Con\u00e7u avec des ingr\u00e9dients de premi\u00e8re qualit\u00e9 pour garantir une fra\u00eecheur et un charme durables.<\/li>\n<li><strong>Attrait unisexe :<\/strong>\u00a0con\u00e7u pour compl\u00e9ter le style des hommes et des femmes.<\/li>\n<li><strong>Design moderne :<\/strong>\u00a0Enferm\u00e9 dans un flacon \u00e9l\u00e9gant et contemporain qui refl\u00e8te son essence vibrante et sophistiqu\u00e9e.<\/li>\n<\/ul>\n<p><strong>L\u2019eau de parfum 9am d\u2019Afnan<\/strong>\u00a0est plus qu\u2019un parfum\u00a0: c\u2019est une exp\u00e9rience \u00e9nergisante qui incarne la fra\u00eecheur, l\u2019\u00e9l\u00e9gance et le charme. Commencez chaque journ\u00e9e sur une note vibrante avec ce parfum captivant.<\/p>","protected":false},"excerpt":{"rendered":"<p>9am Eau De Parfum d\u2019Afnan \u2013 Une symphonie vibrante de fra\u00eecheur et d\u2019\u00e9l\u00e9gance\u00a0\u00bb Commencez votre journ\u00e9e avec l\u2019\u00e9nergie vivifiante de\u00a0l\u2019eau de parfum 9am d\u2019Afnan\u00a0, un parfum rafra\u00eechissant et sophistiqu\u00e9 con\u00e7u pour captiver et \u00e9gayer. Ce parfum exquis est un m\u00e9lange harmonieux d\u2019agrumes acidul\u00e9s, de fleurs \u00e9l\u00e9gantes et de notes bois\u00e9es enveloppantes, ce qui en fait [&hellip;]<\/p>\n","protected":false},"featured_media":32834,"template":"","meta":{"om_disable_all_campaigns":false},"product_brand":[],"product_cat":[18,15,1091],"product_tag":[11892,11893,3251,11894,11895,11862,6755,6393,9562,11696],"class_list":{"0":"post-32837","1":"product","2":"type-product","3":"status-publish","4":"has-post-thumbnail","6":"product_cat-beaute-sante","7":"product_cat-beaute-sante-complements-alimentaires-soins-et-bien-etre-au-meilleur-prix","8":"product_cat-beaute-parfums-maroc-prix","9":"product_tag-afnan","10":"product_tag-dynamisez-votre-journee","11":"product_tag-eau-de-parfum","12":"product_tag-fragrance-fruitee","13":"product_tag-parfum-captivant","14":"product_tag-parfum-durable","15":"product_tag-parfum-floral","16":"product_tag-parfum-frais","17":"product_tag-parfum-luxe","18":"product_tag-parfum-unisexe","20":"first","21":"instock","22":"taxable","23":"shipping-taxable","24":"purchasable","25":"product-type-simple"},"yoast_head":"<!-- This site is optimized with the Yoast SEO plugin v27.5 - https:\/\/yoast.com\/product\/yoast-seo-wordpress\/ -->\n<title>AFNAN \u2013 Dynamisez votre journ\u00e9e 100ml - Maroc Prix<\/title>\n<meta name=\"description\" content=\"Afnan Dynamisez Votre Journ\u00e9e Eau de Parfum 100ml pour hommes et femmes. Fragrance unisexe fra\u00eeche et vivifiante aux notes fruit\u00e9es .\" \/>\n<meta name=\"robots\" content=\"index, follow, max-snippet:-1, max-image-preview:large, max-video-preview:-1\" \/>\n<link rel=\"canonical\" href=\"https:\/\/vitablanca.ma\/en\/product\/afnan-dynamisez-votre-journee-eau-de-parfum-unisexe-100ml\/\" \/>\n<meta property=\"og:locale\" content=\"en_US\" \/>\n<meta property=\"og:type\" content=\"article\" \/>\n<meta property=\"og:title\" content=\"AFNAN \u2013 Dynamisez votre journ\u00e9e 100ml - Maroc Prix\" \/>\n<meta property=\"og:description\" content=\"Afnan Dynamisez Votre Journ\u00e9e Eau de Parfum 100ml pour hommes et femmes. Fragrance unisexe fra\u00eeche et vivifiante aux notes fruit\u00e9es .\" \/>\n<meta property=\"og:url\" content=\"https:\/\/vitablanca.ma\/en\/product\/afnan-dynamisez-votre-journee-eau-de-parfum-unisexe-100ml\/\" \/>\n<meta property=\"og:site_name\" content=\"Vitablanca.ma &ndash; Sant&eacute;, vitalit&eacute; et bien-&ecirc;tre pour tous les Marocains\" \/>\n<meta property=\"article:publisher\" content=\"https:\/\/www.facebook.com\/profile.php?id=61576678196717\" \/>\n<meta property=\"article:modified_time\" content=\"2026-04-17T22:32:48+00:00\" \/>\n<meta property=\"og:image\" content=\"https:\/\/vitablanca.ma\/wp-content\/uploads\/2026\/03\/AFNAN_DynamisezvotrejourneeEaudeParfumUnisexe_100ml2.jpg\" \/>\n\t<meta property=\"og:image:width\" content=\"1080\" \/>\n\t<meta property=\"og:image:height\" content=\"1080\" \/>\n\t<meta property=\"og:image:type\" content=\"image\/jpeg\" \/>\n<meta name=\"twitter:card\" content=\"summary_large_image\" \/>\n<meta name=\"twitter:label1\" content=\"Est. reading time\" \/>\n\t<meta name=\"twitter:data1\" content=\"2 minutes\" \/>\n<script type=\"application\/ld+json\" class=\"yoast-schema-graph\">{\"@context\":\"https:\\\/\\\/schema.org\",\"@graph\":[{\"@type\":[\"WebPage\",\"ItemPage\"],\"@id\":\"https:\\\/\\\/vitablanca.ma\\\/produit\\\/afnan-dynamisez-votre-journee-eau-de-parfum-unisexe-100ml\\\/\",\"url\":\"https:\\\/\\\/vitablanca.ma\\\/produit\\\/afnan-dynamisez-votre-journee-eau-de-parfum-unisexe-100ml\\\/\",\"name\":\"AFNAN \u2013 Dynamisez votre journ\u00e9e 100ml - Maroc Prix\",\"isPartOf\":{\"@id\":\"https:\\\/\\\/vitablanca.ma\\\/#website\"},\"primaryImageOfPage\":{\"@id\":\"https:\\\/\\\/vitablanca.ma\\\/produit\\\/afnan-dynamisez-votre-journee-eau-de-parfum-unisexe-100ml\\\/#primaryimage\"},\"image\":{\"@id\":\"https:\\\/\\\/vitablanca.ma\\\/produit\\\/afnan-dynamisez-votre-journee-eau-de-parfum-unisexe-100ml\\\/#primaryimage\"},\"thumbnailUrl\":\"https:\\\/\\\/vitablanca.ma\\\/wp-content\\\/uploads\\\/2026\\\/03\\\/AFNAN_DynamisezvotrejourneeEaudeParfumUnisexe_100ml2.jpg\",\"datePublished\":\"2026-03-04T02:35:36+00:00\",\"dateModified\":\"2026-04-17T22:32:48+00:00\",\"description\":\"Afnan Dynamisez Votre Journ\u00e9e Eau de Parfum 100ml pour hommes et femmes. Fragrance unisexe fra\u00eeche et vivifiante aux notes fruit\u00e9es .\",\"breadcrumb\":{\"@id\":\"https:\\\/\\\/vitablanca.ma\\\/produit\\\/afnan-dynamisez-votre-journee-eau-de-parfum-unisexe-100ml\\\/#breadcrumb\"},\"inLanguage\":\"en-US\",\"potentialAction\":[{\"@type\":\"ReadAction\",\"target\":[\"https:\\\/\\\/vitablanca.ma\\\/produit\\\/afnan-dynamisez-votre-journee-eau-de-parfum-unisexe-100ml\\\/\"]}]},{\"@type\":\"ImageObject\",\"inLanguage\":\"en-US\",\"@id\":\"https:\\\/\\\/vitablanca.ma\\\/produit\\\/afnan-dynamisez-votre-journee-eau-de-parfum-unisexe-100ml\\\/#primaryimage\",\"url\":\"https:\\\/\\\/vitablanca.ma\\\/wp-content\\\/uploads\\\/2026\\\/03\\\/AFNAN_DynamisezvotrejourneeEaudeParfumUnisexe_100ml2.jpg\",\"contentUrl\":\"https:\\\/\\\/vitablanca.ma\\\/wp-content\\\/uploads\\\/2026\\\/03\\\/AFNAN_DynamisezvotrejourneeEaudeParfumUnisexe_100ml2.jpg\",\"width\":1080,\"height\":1080},{\"@type\":\"BreadcrumbList\",\"@id\":\"https:\\\/\\\/vitablanca.ma\\\/produit\\\/afnan-dynamisez-votre-journee-eau-de-parfum-unisexe-100ml\\\/#breadcrumb\",\"itemListElement\":[{\"@type\":\"ListItem\",\"position\":1,\"name\":\"Home\",\"item\":\"https:\\\/\\\/vitablanca.ma\\\/\"},{\"@type\":\"ListItem\",\"position\":2,\"name\":\"Tous Les Produits\",\"item\":\"https:\\\/\\\/vitablanca.ma\\\/tous-les-produits\\\/\"},{\"@type\":\"ListItem\",\"position\":3,\"name\":\"AFNAN \u2013 Dynamisez votre journ\u00e9e Eau de Parfum Unisexe \u2013 100ml\"}]},{\"@type\":\"WebSite\",\"@id\":\"https:\\\/\\\/vitablanca.ma\\\/#website\",\"url\":\"https:\\\/\\\/vitablanca.ma\\\/\",\"name\":\"VitaBlanca.ma | Compl\u00e9ments alimentaires, sant\u00e9 & beaut\u00e9 au Maroc\",\"description\":\"vendre vitamines et compl\u00e9ments premium des USA &amp; Canada, Nouvelle Z\u00e9lande,Maroc (NOW Foods, Solgar, Manuka). Livraison rapide partout au Maroc.\",\"publisher\":{\"@id\":\"https:\\\/\\\/vitablanca.ma\\\/#organization\"},\"alternateName\":\"VitaBlanca.ma\",\"potentialAction\":[{\"@type\":\"SearchAction\",\"target\":{\"@type\":\"EntryPoint\",\"urlTemplate\":\"https:\\\/\\\/vitablanca.ma\\\/?s={search_term_string}\"},\"query-input\":{\"@type\":\"PropertyValueSpecification\",\"valueRequired\":true,\"valueName\":\"search_term_string\"}}],\"inLanguage\":\"en-US\"},{\"@type\":\"Organization\",\"@id\":\"https:\\\/\\\/vitablanca.ma\\\/#organization\",\"name\":\"VitaBlanca\",\"url\":\"https:\\\/\\\/vitablanca.ma\\\/\",\"logo\":{\"@type\":\"ImageObject\",\"inLanguage\":\"en-US\",\"@id\":\"https:\\\/\\\/vitablanca.ma\\\/#\\\/schema\\\/logo\\\/image\\\/\",\"url\":\"https:\\\/\\\/vitablanca.ma\\\/wp-content\\\/uploads\\\/2025\\\/05\\\/cropped-vitablanca.png\",\"contentUrl\":\"https:\\\/\\\/vitablanca.ma\\\/wp-content\\\/uploads\\\/2025\\\/05\\\/cropped-vitablanca.png\",\"width\":360,\"height\":67,\"caption\":\"VitaBlanca\"},\"image\":{\"@id\":\"https:\\\/\\\/vitablanca.ma\\\/#\\\/schema\\\/logo\\\/image\\\/\"},\"sameAs\":[\"https:\\\/\\\/www.facebook.com\\\/profile.php?id=61576678196717\",\"https:\\\/\\\/www.tiktok.com\\\/@vitablanca.ma\",\"https:\\\/\\\/www.instagram.com\\\/vitablanca.ma\\\/\"]}]}<\/script>\n<!-- \/ Yoast SEO plugin. -->","yoast_head_json":{"title":"AFNAN \u2013 Dynamisez votre journ\u00e9e 100ml - Maroc Prix","description":"Afnan Dynamisez Votre Journ\u00e9e Eau de Parfum 100ml pour hommes et femmes. Fragrance unisexe fra\u00eeche et vivifiante aux notes fruit\u00e9es .","robots":{"index":"index","follow":"follow","max-snippet":"max-snippet:-1","max-image-preview":"max-image-preview:large","max-video-preview":"max-video-preview:-1"},"canonical":"https:\/\/vitablanca.ma\/en\/product\/afnan-dynamisez-votre-journee-eau-de-parfum-unisexe-100ml\/","og_locale":"en_US","og_type":"article","og_title":"AFNAN \u2013 Dynamisez votre journ\u00e9e 100ml - Maroc Prix","og_description":"Afnan Dynamisez Votre Journ\u00e9e Eau de Parfum 100ml pour hommes et femmes. Fragrance unisexe fra\u00eeche et vivifiante aux notes fruit\u00e9es .","og_url":"https:\/\/vitablanca.ma\/en\/product\/afnan-dynamisez-votre-journee-eau-de-parfum-unisexe-100ml\/","og_site_name":"Vitablanca.ma &ndash; Sant&eacute;, vitalit&eacute; et bien-&ecirc;tre pour tous les Marocains","article_publisher":"https:\/\/www.facebook.com\/profile.php?id=61576678196717","article_modified_time":"2026-04-17T22:32:48+00:00","og_image":[{"width":1080,"height":1080,"url":"https:\/\/vitablanca.ma\/wp-content\/uploads\/2026\/03\/AFNAN_DynamisezvotrejourneeEaudeParfumUnisexe_100ml2.jpg","type":"image\/jpeg"}],"twitter_card":"summary_large_image","twitter_misc":{"Est. reading time":"2 minutes"},"schema":{"@context":"https:\/\/schema.org","@graph":[{"@type":["WebPage","ItemPage"],"@id":"https:\/\/vitablanca.ma\/produit\/afnan-dynamisez-votre-journee-eau-de-parfum-unisexe-100ml\/","url":"https:\/\/vitablanca.ma\/produit\/afnan-dynamisez-votre-journee-eau-de-parfum-unisexe-100ml\/","name":"AFNAN \u2013 Dynamisez votre journ\u00e9e 100ml - Maroc Prix","isPartOf":{"@id":"https:\/\/vitablanca.ma\/#website"},"primaryImageOfPage":{"@id":"https:\/\/vitablanca.ma\/produit\/afnan-dynamisez-votre-journee-eau-de-parfum-unisexe-100ml\/#primaryimage"},"image":{"@id":"https:\/\/vitablanca.ma\/produit\/afnan-dynamisez-votre-journee-eau-de-parfum-unisexe-100ml\/#primaryimage"},"thumbnailUrl":"https:\/\/vitablanca.ma\/wp-content\/uploads\/2026\/03\/AFNAN_DynamisezvotrejourneeEaudeParfumUnisexe_100ml2.jpg","datePublished":"2026-03-04T02:35:36+00:00","dateModified":"2026-04-17T22:32:48+00:00","description":"Afnan Dynamisez Votre Journ\u00e9e Eau de Parfum 100ml pour hommes et femmes. Fragrance unisexe fra\u00eeche et vivifiante aux notes fruit\u00e9es .","breadcrumb":{"@id":"https:\/\/vitablanca.ma\/produit\/afnan-dynamisez-votre-journee-eau-de-parfum-unisexe-100ml\/#breadcrumb"},"inLanguage":"en-US","potentialAction":[{"@type":"ReadAction","target":["https:\/\/vitablanca.ma\/produit\/afnan-dynamisez-votre-journee-eau-de-parfum-unisexe-100ml\/"]}]},{"@type":"ImageObject","inLanguage":"en-US","@id":"https:\/\/vitablanca.ma\/produit\/afnan-dynamisez-votre-journee-eau-de-parfum-unisexe-100ml\/#primaryimage","url":"https:\/\/vitablanca.ma\/wp-content\/uploads\/2026\/03\/AFNAN_DynamisezvotrejourneeEaudeParfumUnisexe_100ml2.jpg","contentUrl":"https:\/\/vitablanca.ma\/wp-content\/uploads\/2026\/03\/AFNAN_DynamisezvotrejourneeEaudeParfumUnisexe_100ml2.jpg","width":1080,"height":1080},{"@type":"BreadcrumbList","@id":"https:\/\/vitablanca.ma\/produit\/afnan-dynamisez-votre-journee-eau-de-parfum-unisexe-100ml\/#breadcrumb","itemListElement":[{"@type":"ListItem","position":1,"name":"Home","item":"https:\/\/vitablanca.ma\/"},{"@type":"ListItem","position":2,"name":"Tous Les Produits","item":"https:\/\/vitablanca.ma\/tous-les-produits\/"},{"@type":"ListItem","position":3,"name":"AFNAN \u2013 Dynamisez votre journ\u00e9e Eau de Parfum Unisexe \u2013 100ml"}]},{"@type":"WebSite","@id":"https:\/\/vitablanca.ma\/#website","url":"https:\/\/vitablanca.ma\/","name":"VitaBlanca.ma | Food supplements, health &amp; beauty in Morocco","description":"sell premium vitamins and supplements from USA &amp; Canada, New Zealand, Morocco (NOW Foods, Solgar, Manuka). Fast delivery anywhere in Morocco.","publisher":{"@id":"https:\/\/vitablanca.ma\/#organization"},"alternateName":"VitaBlanca.ma","potentialAction":[{"@type":"SearchAction","target":{"@type":"EntryPoint","urlTemplate":"https:\/\/vitablanca.ma\/?s={search_term_string}"},"query-input":{"@type":"PropertyValueSpecification","valueRequired":true,"valueName":"search_term_string"}}],"inLanguage":"en-US"},{"@type":"Organization","@id":"https:\/\/vitablanca.ma\/#organization","name":"VitaBlanca","url":"https:\/\/vitablanca.ma\/","logo":{"@type":"ImageObject","inLanguage":"en-US","@id":"https:\/\/vitablanca.ma\/#\/schema\/logo\/image\/","url":"https:\/\/vitablanca.ma\/wp-content\/uploads\/2025\/05\/cropped-vitablanca.png","contentUrl":"https:\/\/vitablanca.ma\/wp-content\/uploads\/2025\/05\/cropped-vitablanca.png","width":360,"height":67,"caption":"VitaBlanca"},"image":{"@id":"https:\/\/vitablanca.ma\/#\/schema\/logo\/image\/"},"sameAs":["https:\/\/www.facebook.com\/profile.php?id=61576678196717","https:\/\/www.tiktok.com\/@vitablanca.ma","https:\/\/www.instagram.com\/vitablanca.ma\/"]}]}},"jetpack_sharing_enabled":true,"_links":{"self":[{"href":"https:\/\/vitablanca.ma\/en\/wp-json\/wp\/v2\/product\/32837","targetHints":{"allow":["GET"]}}],"collection":[{"href":"https:\/\/vitablanca.ma\/en\/wp-json\/wp\/v2\/product"}],"about":[{"href":"https:\/\/vitablanca.ma\/en\/wp-json\/wp\/v2\/types\/product"}],"wp:featuredmedia":[{"embeddable":true,"href":"https:\/\/vitablanca.ma\/en\/wp-json\/wp\/v2\/media\/32834"}],"wp:attachment":[{"href":"https:\/\/vitablanca.ma\/en\/wp-json\/wp\/v2\/media?parent=32837"}],"wp:term":[{"taxonomy":"product_brand","embeddable":true,"href":"https:\/\/vitablanca.ma\/en\/wp-json\/wp\/v2\/product_brand?post=32837"},{"taxonomy":"product_cat","embeddable":true,"href":"https:\/\/vitablanca.ma\/en\/wp-json\/wp\/v2\/product_cat?post=32837"},{"taxonomy":"product_tag","embeddable":true,"href":"https:\/\/vitablanca.ma\/en\/wp-json\/wp\/v2\/product_tag?post=32837"}],"curies":[{"name":"wp","href":"https:\/\/api.w.org\/{rel}","templated":true}]}}