{"id":32825,"date":"2026-03-04T02:35:16","date_gmt":"2026-03-04T02:35:16","guid":{"rendered":"https:\/\/vitablanca.ma\/produit\/afnan-9am-dive-une-elegance-aquatique-rafraichissanter-eau-de-parfum-unisexe-100ml\/"},"modified":"2026-04-17T22:32:47","modified_gmt":"2026-04-17T22:32:47","slug":"afnan-9am-dive-une-elegance-aquatique-rafraichissanter-eau-de-parfum-unisexe-100ml","status":"publish","type":"product","link":"https:\/\/vitablanca.ma\/en\/product\/afnan-9am-dive-une-elegance-aquatique-rafraichissanter-eau-de-parfum-unisexe-100ml\/","title":{"rendered":"AFNAN \u2013 9AM Dive une \u00e9l\u00e9gance aquatique rafra\u00eechissanter Eau de Parfum Unisexe \u2013 100ml"},"content":{"rendered":"<p><strong>9AM Dive Eau de Parfum Spray 100ML par Afnan \u2013 Plongez dans la fra\u00eecheur et la sophistication\u00a0\u00bb<\/strong><\/p>\n<p>Sublimez votre exp\u00e9rience olfactive avec\u00a0<strong>9AM Dive d\u2019Afnan<\/strong>\u00a0, un m\u00e9lange captivant de fra\u00eecheur, d\u2019\u00e9pices et de profondeur. Ce parfum vivifiant s\u2019ouvre sur une explosion acidul\u00e9e de\u00a0<strong>menthe, de citron, de cassis et de poivre rose<\/strong>\u00a0, \u00e9veillant vos sens avec une introduction vive et rafra\u00eechissante. Le c\u0153ur se d\u00e9voile sur une harmonie unique de\u00a0<strong>pomme croquante, d\u2019encens fum\u00e9 et de c\u00e8dre<\/strong>\u00a0, ajoutant un m\u00e9lange audacieux et \u00e9quilibr\u00e9 de notes fruit\u00e9es et bois\u00e9es.<\/p>\n<p>\u00c0 mesure que le parfum s\u2019intensifie, le fond r\u00e9v\u00e8le une fusion luxueuse de\u00a0<strong>patchouli terreux, de gingembre \u00e9pic\u00e9, de bois de santal cr\u00e9meux et de jasmin d\u00e9licat<\/strong>\u00a0, cr\u00e9ant une impression douce, chaleureuse et durable. Parfait en toute occasion, ce parfum polyvalent est id\u00e9al pour ceux qui appr\u00e9cient les senteurs fra\u00eeches et \u00e9pic\u00e9es avec un fond bois\u00e9 audacieux et une touche d\u2019\u00e9l\u00e9gance florale.<\/p>\n<p><strong>Fragrance Notes:<\/strong><\/p>\n<ul>\n<li><strong>Top notes:<\/strong>\u00a0Menthe, Citron, Cassis, Poivre rose<\/li>\n<li><strong>Heart notes:<\/strong>\u00a0Pomme, Encens, C\u00e8dre<\/li>\n<li><strong>Base notes:<\/strong>\u00a0Patchouli, gingembre, bois de santal, jasmin<\/li>\n<\/ul>\n<p>Plongez dans la sophistication avec 9AM Dive, le parfum ultime pour ceux qui aiment la fra\u00eecheur et l\u2019audace.<\/p>","protected":false},"excerpt":{"rendered":"<p>9AM Dive Eau de Parfum Spray 100ML par Afnan \u2013 Plongez dans la fra\u00eecheur et la sophistication\u00a0\u00bb Sublimez votre exp\u00e9rience olfactive avec\u00a09AM Dive d\u2019Afnan\u00a0, un m\u00e9lange captivant de fra\u00eecheur, d\u2019\u00e9pices et de profondeur. Ce parfum vivifiant s\u2019ouvre sur une explosion acidul\u00e9e de\u00a0menthe, de citron, de cassis et de poivre rose\u00a0, \u00e9veillant vos sens avec une [&hellip;]<\/p>\n","protected":false},"featured_media":32822,"template":"","meta":{"om_disable_all_campaigns":false},"product_brand":[],"product_cat":[18,15,1091],"product_tag":[11900,11892,3251,11901,11862,6393,7696,9562,11902,11696],"class_list":{"0":"post-32825","1":"product","2":"type-product","3":"status-publish","4":"has-post-thumbnail","6":"product_cat-beaute-sante","7":"product_cat-beaute-sante-complements-alimentaires-soins-et-bien-etre-au-meilleur-prix","8":"product_cat-beaute-parfums-maroc-prix","9":"product_tag-9am-dive","10":"product_tag-afnan","11":"product_tag-eau-de-parfum","12":"product_tag-parfum-aquatique","13":"product_tag-parfum-durable","14":"product_tag-parfum-frais","15":"product_tag-parfum-leger","16":"product_tag-parfum-luxe","17":"product_tag-parfum-rafraichissant","18":"product_tag-parfum-unisexe","20":"first","21":"instock","22":"taxable","23":"shipping-taxable","24":"purchasable","25":"product-type-simple"},"yoast_head":"<!-- This site is optimized with the Yoast SEO plugin v27.5 - https:\/\/yoast.com\/product\/yoast-seo-wordpress\/ -->\n<title>AFNAN \u2013 9AM Dive Eau de Parfum Unisexe \u2013 100ml - Maroc Prix<\/title>\n<meta name=\"description\" content=\"Afnan 9AM Dive Eau de Parfum 100ml pour hommes et femmes. Fragrance unisexe l\u00e9g\u00e8re et aquatique, parfaite pour un look frais et revitalisant .\" \/>\n<meta name=\"robots\" content=\"index, follow, max-snippet:-1, max-image-preview:large, max-video-preview:-1\" \/>\n<link rel=\"canonical\" href=\"https:\/\/vitablanca.ma\/en\/product\/afnan-9am-dive-une-elegance-aquatique-rafraichissanter-eau-de-parfum-unisexe-100ml\/\" \/>\n<meta property=\"og:locale\" content=\"en_US\" \/>\n<meta property=\"og:type\" content=\"article\" \/>\n<meta property=\"og:title\" content=\"AFNAN \u2013 9AM Dive Eau de Parfum Unisexe \u2013 100ml - Maroc Prix\" \/>\n<meta property=\"og:description\" content=\"Afnan 9AM Dive Eau de Parfum 100ml pour hommes et femmes. Fragrance unisexe l\u00e9g\u00e8re et aquatique, parfaite pour un look frais et revitalisant .\" \/>\n<meta property=\"og:url\" content=\"https:\/\/vitablanca.ma\/en\/product\/afnan-9am-dive-une-elegance-aquatique-rafraichissanter-eau-de-parfum-unisexe-100ml\/\" \/>\n<meta property=\"og:site_name\" content=\"Vitablanca.ma &ndash; Sant&eacute;, vitalit&eacute; et bien-&ecirc;tre pour tous les Marocains\" \/>\n<meta property=\"article:publisher\" content=\"https:\/\/www.facebook.com\/profile.php?id=61576678196717\" \/>\n<meta property=\"article:modified_time\" content=\"2026-04-17T22:32:47+00:00\" \/>\n<meta property=\"og:image\" content=\"https:\/\/vitablanca.ma\/wp-content\/uploads\/2026\/03\/AFNAN_9AMDiveuneeleganceaquatiquerafraichissanterEaudeParfumUnisexe_100ml1.jpg\" \/>\n\t<meta property=\"og:image:width\" content=\"1080\" \/>\n\t<meta property=\"og:image:height\" content=\"1080\" \/>\n\t<meta property=\"og:image:type\" content=\"image\/jpeg\" \/>\n<meta name=\"twitter:card\" content=\"summary_large_image\" \/>\n<meta name=\"twitter:label1\" content=\"Est. reading time\" \/>\n\t<meta name=\"twitter:data1\" content=\"2 minutes\" \/>\n<script type=\"application\/ld+json\" class=\"yoast-schema-graph\">{\"@context\":\"https:\\\/\\\/schema.org\",\"@graph\":[{\"@type\":[\"WebPage\",\"ItemPage\"],\"@id\":\"https:\\\/\\\/vitablanca.ma\\\/produit\\\/afnan-9am-dive-une-elegance-aquatique-rafraichissanter-eau-de-parfum-unisexe-100ml\\\/\",\"url\":\"https:\\\/\\\/vitablanca.ma\\\/produit\\\/afnan-9am-dive-une-elegance-aquatique-rafraichissanter-eau-de-parfum-unisexe-100ml\\\/\",\"name\":\"AFNAN \u2013 9AM Dive Eau de Parfum Unisexe \u2013 100ml - Maroc Prix\",\"isPartOf\":{\"@id\":\"https:\\\/\\\/vitablanca.ma\\\/#website\"},\"primaryImageOfPage\":{\"@id\":\"https:\\\/\\\/vitablanca.ma\\\/produit\\\/afnan-9am-dive-une-elegance-aquatique-rafraichissanter-eau-de-parfum-unisexe-100ml\\\/#primaryimage\"},\"image\":{\"@id\":\"https:\\\/\\\/vitablanca.ma\\\/produit\\\/afnan-9am-dive-une-elegance-aquatique-rafraichissanter-eau-de-parfum-unisexe-100ml\\\/#primaryimage\"},\"thumbnailUrl\":\"https:\\\/\\\/vitablanca.ma\\\/wp-content\\\/uploads\\\/2026\\\/03\\\/AFNAN_9AMDiveuneeleganceaquatiquerafraichissanterEaudeParfumUnisexe_100ml1.jpg\",\"datePublished\":\"2026-03-04T02:35:16+00:00\",\"dateModified\":\"2026-04-17T22:32:47+00:00\",\"description\":\"Afnan 9AM Dive Eau de Parfum 100ml pour hommes et femmes. Fragrance unisexe l\u00e9g\u00e8re et aquatique, parfaite pour un look frais et revitalisant .\",\"breadcrumb\":{\"@id\":\"https:\\\/\\\/vitablanca.ma\\\/produit\\\/afnan-9am-dive-une-elegance-aquatique-rafraichissanter-eau-de-parfum-unisexe-100ml\\\/#breadcrumb\"},\"inLanguage\":\"en-US\",\"potentialAction\":[{\"@type\":\"ReadAction\",\"target\":[\"https:\\\/\\\/vitablanca.ma\\\/produit\\\/afnan-9am-dive-une-elegance-aquatique-rafraichissanter-eau-de-parfum-unisexe-100ml\\\/\"]}]},{\"@type\":\"ImageObject\",\"inLanguage\":\"en-US\",\"@id\":\"https:\\\/\\\/vitablanca.ma\\\/produit\\\/afnan-9am-dive-une-elegance-aquatique-rafraichissanter-eau-de-parfum-unisexe-100ml\\\/#primaryimage\",\"url\":\"https:\\\/\\\/vitablanca.ma\\\/wp-content\\\/uploads\\\/2026\\\/03\\\/AFNAN_9AMDiveuneeleganceaquatiquerafraichissanterEaudeParfumUnisexe_100ml1.jpg\",\"contentUrl\":\"https:\\\/\\\/vitablanca.ma\\\/wp-content\\\/uploads\\\/2026\\\/03\\\/AFNAN_9AMDiveuneeleganceaquatiquerafraichissanterEaudeParfumUnisexe_100ml1.jpg\",\"width\":1080,\"height\":1080},{\"@type\":\"BreadcrumbList\",\"@id\":\"https:\\\/\\\/vitablanca.ma\\\/produit\\\/afnan-9am-dive-une-elegance-aquatique-rafraichissanter-eau-de-parfum-unisexe-100ml\\\/#breadcrumb\",\"itemListElement\":[{\"@type\":\"ListItem\",\"position\":1,\"name\":\"Home\",\"item\":\"https:\\\/\\\/vitablanca.ma\\\/\"},{\"@type\":\"ListItem\",\"position\":2,\"name\":\"Tous Les Produits\",\"item\":\"https:\\\/\\\/vitablanca.ma\\\/tous-les-produits\\\/\"},{\"@type\":\"ListItem\",\"position\":3,\"name\":\"AFNAN \u2013 9AM Dive une \u00e9l\u00e9gance aquatique rafra\u00eechissanter Eau de Parfum Unisexe \u2013 100ml\"}]},{\"@type\":\"WebSite\",\"@id\":\"https:\\\/\\\/vitablanca.ma\\\/#website\",\"url\":\"https:\\\/\\\/vitablanca.ma\\\/\",\"name\":\"VitaBlanca.ma | Compl\u00e9ments alimentaires, sant\u00e9 & beaut\u00e9 au Maroc\",\"description\":\"vendre vitamines et compl\u00e9ments premium des USA &amp; Canada, Nouvelle Z\u00e9lande,Maroc (NOW Foods, Solgar, Manuka). Livraison rapide partout au Maroc.\",\"publisher\":{\"@id\":\"https:\\\/\\\/vitablanca.ma\\\/#organization\"},\"alternateName\":\"VitaBlanca.ma\",\"potentialAction\":[{\"@type\":\"SearchAction\",\"target\":{\"@type\":\"EntryPoint\",\"urlTemplate\":\"https:\\\/\\\/vitablanca.ma\\\/?s={search_term_string}\"},\"query-input\":{\"@type\":\"PropertyValueSpecification\",\"valueRequired\":true,\"valueName\":\"search_term_string\"}}],\"inLanguage\":\"en-US\"},{\"@type\":\"Organization\",\"@id\":\"https:\\\/\\\/vitablanca.ma\\\/#organization\",\"name\":\"VitaBlanca\",\"url\":\"https:\\\/\\\/vitablanca.ma\\\/\",\"logo\":{\"@type\":\"ImageObject\",\"inLanguage\":\"en-US\",\"@id\":\"https:\\\/\\\/vitablanca.ma\\\/#\\\/schema\\\/logo\\\/image\\\/\",\"url\":\"https:\\\/\\\/vitablanca.ma\\\/wp-content\\\/uploads\\\/2025\\\/05\\\/cropped-vitablanca.png\",\"contentUrl\":\"https:\\\/\\\/vitablanca.ma\\\/wp-content\\\/uploads\\\/2025\\\/05\\\/cropped-vitablanca.png\",\"width\":360,\"height\":67,\"caption\":\"VitaBlanca\"},\"image\":{\"@id\":\"https:\\\/\\\/vitablanca.ma\\\/#\\\/schema\\\/logo\\\/image\\\/\"},\"sameAs\":[\"https:\\\/\\\/www.facebook.com\\\/profile.php?id=61576678196717\",\"https:\\\/\\\/www.tiktok.com\\\/@vitablanca.ma\",\"https:\\\/\\\/www.instagram.com\\\/vitablanca.ma\\\/\"]}]}<\/script>\n<!-- \/ Yoast SEO plugin. -->","yoast_head_json":{"title":"AFNAN \u2013 9AM Dive Eau de Parfum Unisexe \u2013 100ml - Maroc Prix","description":"Afnan 9AM Dive Eau de Parfum 100ml pour hommes et femmes. Fragrance unisexe l\u00e9g\u00e8re et aquatique, parfaite pour un look frais et revitalisant .","robots":{"index":"index","follow":"follow","max-snippet":"max-snippet:-1","max-image-preview":"max-image-preview:large","max-video-preview":"max-video-preview:-1"},"canonical":"https:\/\/vitablanca.ma\/en\/product\/afnan-9am-dive-une-elegance-aquatique-rafraichissanter-eau-de-parfum-unisexe-100ml\/","og_locale":"en_US","og_type":"article","og_title":"AFNAN \u2013 9AM Dive Eau de Parfum Unisexe \u2013 100ml - Maroc Prix","og_description":"Afnan 9AM Dive Eau de Parfum 100ml pour hommes et femmes. Fragrance unisexe l\u00e9g\u00e8re et aquatique, parfaite pour un look frais et revitalisant .","og_url":"https:\/\/vitablanca.ma\/en\/product\/afnan-9am-dive-une-elegance-aquatique-rafraichissanter-eau-de-parfum-unisexe-100ml\/","og_site_name":"Vitablanca.ma &ndash; Sant&eacute;, vitalit&eacute; et bien-&ecirc;tre pour tous les Marocains","article_publisher":"https:\/\/www.facebook.com\/profile.php?id=61576678196717","article_modified_time":"2026-04-17T22:32:47+00:00","og_image":[{"width":1080,"height":1080,"url":"https:\/\/vitablanca.ma\/wp-content\/uploads\/2026\/03\/AFNAN_9AMDiveuneeleganceaquatiquerafraichissanterEaudeParfumUnisexe_100ml1.jpg","type":"image\/jpeg"}],"twitter_card":"summary_large_image","twitter_misc":{"Est. reading time":"2 minutes"},"schema":{"@context":"https:\/\/schema.org","@graph":[{"@type":["WebPage","ItemPage"],"@id":"https:\/\/vitablanca.ma\/produit\/afnan-9am-dive-une-elegance-aquatique-rafraichissanter-eau-de-parfum-unisexe-100ml\/","url":"https:\/\/vitablanca.ma\/produit\/afnan-9am-dive-une-elegance-aquatique-rafraichissanter-eau-de-parfum-unisexe-100ml\/","name":"AFNAN \u2013 9AM Dive Eau de Parfum Unisexe \u2013 100ml - Maroc Prix","isPartOf":{"@id":"https:\/\/vitablanca.ma\/#website"},"primaryImageOfPage":{"@id":"https:\/\/vitablanca.ma\/produit\/afnan-9am-dive-une-elegance-aquatique-rafraichissanter-eau-de-parfum-unisexe-100ml\/#primaryimage"},"image":{"@id":"https:\/\/vitablanca.ma\/produit\/afnan-9am-dive-une-elegance-aquatique-rafraichissanter-eau-de-parfum-unisexe-100ml\/#primaryimage"},"thumbnailUrl":"https:\/\/vitablanca.ma\/wp-content\/uploads\/2026\/03\/AFNAN_9AMDiveuneeleganceaquatiquerafraichissanterEaudeParfumUnisexe_100ml1.jpg","datePublished":"2026-03-04T02:35:16+00:00","dateModified":"2026-04-17T22:32:47+00:00","description":"Afnan 9AM Dive Eau de Parfum 100ml pour hommes et femmes. Fragrance unisexe l\u00e9g\u00e8re et aquatique, parfaite pour un look frais et revitalisant .","breadcrumb":{"@id":"https:\/\/vitablanca.ma\/produit\/afnan-9am-dive-une-elegance-aquatique-rafraichissanter-eau-de-parfum-unisexe-100ml\/#breadcrumb"},"inLanguage":"en-US","potentialAction":[{"@type":"ReadAction","target":["https:\/\/vitablanca.ma\/produit\/afnan-9am-dive-une-elegance-aquatique-rafraichissanter-eau-de-parfum-unisexe-100ml\/"]}]},{"@type":"ImageObject","inLanguage":"en-US","@id":"https:\/\/vitablanca.ma\/produit\/afnan-9am-dive-une-elegance-aquatique-rafraichissanter-eau-de-parfum-unisexe-100ml\/#primaryimage","url":"https:\/\/vitablanca.ma\/wp-content\/uploads\/2026\/03\/AFNAN_9AMDiveuneeleganceaquatiquerafraichissanterEaudeParfumUnisexe_100ml1.jpg","contentUrl":"https:\/\/vitablanca.ma\/wp-content\/uploads\/2026\/03\/AFNAN_9AMDiveuneeleganceaquatiquerafraichissanterEaudeParfumUnisexe_100ml1.jpg","width":1080,"height":1080},{"@type":"BreadcrumbList","@id":"https:\/\/vitablanca.ma\/produit\/afnan-9am-dive-une-elegance-aquatique-rafraichissanter-eau-de-parfum-unisexe-100ml\/#breadcrumb","itemListElement":[{"@type":"ListItem","position":1,"name":"Home","item":"https:\/\/vitablanca.ma\/"},{"@type":"ListItem","position":2,"name":"Tous Les Produits","item":"https:\/\/vitablanca.ma\/tous-les-produits\/"},{"@type":"ListItem","position":3,"name":"AFNAN \u2013 9AM Dive une \u00e9l\u00e9gance aquatique rafra\u00eechissanter Eau de Parfum Unisexe \u2013 100ml"}]},{"@type":"WebSite","@id":"https:\/\/vitablanca.ma\/#website","url":"https:\/\/vitablanca.ma\/","name":"VitaBlanca.ma | Food supplements, health &amp; beauty in Morocco","description":"sell premium vitamins and supplements from USA &amp; Canada, New Zealand, Morocco (NOW Foods, Solgar, Manuka). Fast delivery anywhere in Morocco.","publisher":{"@id":"https:\/\/vitablanca.ma\/#organization"},"alternateName":"VitaBlanca.ma","potentialAction":[{"@type":"SearchAction","target":{"@type":"EntryPoint","urlTemplate":"https:\/\/vitablanca.ma\/?s={search_term_string}"},"query-input":{"@type":"PropertyValueSpecification","valueRequired":true,"valueName":"search_term_string"}}],"inLanguage":"en-US"},{"@type":"Organization","@id":"https:\/\/vitablanca.ma\/#organization","name":"VitaBlanca","url":"https:\/\/vitablanca.ma\/","logo":{"@type":"ImageObject","inLanguage":"en-US","@id":"https:\/\/vitablanca.ma\/#\/schema\/logo\/image\/","url":"https:\/\/vitablanca.ma\/wp-content\/uploads\/2025\/05\/cropped-vitablanca.png","contentUrl":"https:\/\/vitablanca.ma\/wp-content\/uploads\/2025\/05\/cropped-vitablanca.png","width":360,"height":67,"caption":"VitaBlanca"},"image":{"@id":"https:\/\/vitablanca.ma\/#\/schema\/logo\/image\/"},"sameAs":["https:\/\/www.facebook.com\/profile.php?id=61576678196717","https:\/\/www.tiktok.com\/@vitablanca.ma","https:\/\/www.instagram.com\/vitablanca.ma\/"]}]}},"jetpack_sharing_enabled":true,"_links":{"self":[{"href":"https:\/\/vitablanca.ma\/en\/wp-json\/wp\/v2\/product\/32825","targetHints":{"allow":["GET"]}}],"collection":[{"href":"https:\/\/vitablanca.ma\/en\/wp-json\/wp\/v2\/product"}],"about":[{"href":"https:\/\/vitablanca.ma\/en\/wp-json\/wp\/v2\/types\/product"}],"wp:featuredmedia":[{"embeddable":true,"href":"https:\/\/vitablanca.ma\/en\/wp-json\/wp\/v2\/media\/32822"}],"wp:attachment":[{"href":"https:\/\/vitablanca.ma\/en\/wp-json\/wp\/v2\/media?parent=32825"}],"wp:term":[{"taxonomy":"product_brand","embeddable":true,"href":"https:\/\/vitablanca.ma\/en\/wp-json\/wp\/v2\/product_brand?post=32825"},{"taxonomy":"product_cat","embeddable":true,"href":"https:\/\/vitablanca.ma\/en\/wp-json\/wp\/v2\/product_cat?post=32825"},{"taxonomy":"product_tag","embeddable":true,"href":"https:\/\/vitablanca.ma\/en\/wp-json\/wp\/v2\/product_tag?post=32825"}],"curies":[{"name":"wp","href":"https:\/\/api.w.org\/{rel}","templated":true}]}}