{"id":32685,"date":"2026-03-04T02:30:41","date_gmt":"2026-03-04T02:30:41","guid":{"rendered":"https:\/\/vitablanca.ma\/produit\/night-club-green-tweed-eau-de-parfum-fragrance-world-pour-homme-100ml\/"},"modified":"2026-04-17T22:32:42","modified_gmt":"2026-04-17T22:32:42","slug":"night-club-green-tweed-eau-de-parfum-fragrance-world-pour-homme-100ml","status":"publish","type":"product","link":"https:\/\/vitablanca.ma\/en\/product\/night-club-green-tweed-eau-de-parfum-fragrance-world-pour-homme-100ml\/","title":{"rendered":"Night Club GREEN TWEED Eau De Parfum Fragrance World Pour Homme \u2013 100ml"},"content":{"rendered":"<p class=\"MsoNormal\"><b>Night Club Green Tweed de Fragrance World<\/b> capture l\u2019essence des paysages irlandais luxuriants, de la fra\u00eecheur matinale et de l\u2019assurance naturelle. Inspir\u00e9 par l\u2019\u00e9l\u00e9gance du<b> Green <\/b>Irish Tweed de Creed, ce parfum allie nature et raffinement.<\/p>\n<p class=\"MsoNormal\">S\u2019ouvre sur une explosion de verveine citronn\u00e9e, adoucie par la finesse de l\u2019iris, offrant une entr\u00e9e en mati\u00e8re nelle et soign\u00e9e, comme un costume fraichement repass\u00e9 sur un homme \u00e9l\u00e9gant.<\/p>\n<p class=\"MsoNormal\">Le c\u0153ur se devoile avec des feuilles de violette verte, ajoutant une note terreuse et l\u00e9g\u00e8rement florale, a la fois moderne et organique, evoquant une promenade printaniere.<\/p>\n<p class=\"MsoNormal\">Le fond est riche et onctueux, o\u00f9 la chaleur du santal rencontre la sophistication de l\u2019ambroxan, laissant un sillage subtil mais persistant, symbole d\u2019une masculinit\u00e9 intemporelle.<\/p>\n<p><strong>Olfactory notes:<\/strong><\/p>\n<p><strong>Top notes<\/strong>\u00a0: Verveine odorante et Iris<br \/>\n<strong>Heart notes<\/strong>\u00a0: Feuille de violette<br \/>\n<strong>Base notes<\/strong>\u00a0: Bois de santal et Ambroxan.<\/p>\n<p><strong>Gender<\/strong>\u00a0: Masculin.<\/p>","protected":false},"excerpt":{"rendered":"<p>Night Club Green Tweed de Fragrance World capture l\u2019essence des paysages irlandais luxuriants, de la fra\u00eecheur matinale et de l\u2019assurance naturelle. Inspir\u00e9 par l\u2019\u00e9l\u00e9gance du Green Irish Tweed de Creed, ce parfum allie nature et raffinement. S\u2019ouvre sur une explosion de verveine citronn\u00e9e, adoucie par la finesse de l\u2019iris, offrant une entr\u00e9e en mati\u00e8re nelle [&hellip;]<\/p>\n","protected":false},"featured_media":32681,"template":"","meta":{"om_disable_all_campaigns":false},"product_brand":[],"product_cat":[18,15,1091],"product_tag":[3251,11905,11906,11888,11862,6719,6393,6970,9562,11605],"class_list":{"0":"post-32685","1":"product","2":"type-product","3":"status-publish","4":"has-post-thumbnail","6":"product_cat-beaute-sante","7":"product_cat-beaute-sante-complements-alimentaires-soins-et-bien-etre-au-meilleur-prix","8":"product_cat-beaute-parfums-maroc-prix","9":"product_tag-eau-de-parfum","10":"product_tag-fragrance-world","11":"product_tag-night-club-green-tweed","12":"product_tag-parfum-boise","13":"product_tag-parfum-durable","14":"product_tag-parfum-elegant","15":"product_tag-parfum-frais","16":"product_tag-parfum-homme","17":"product_tag-parfum-luxe","18":"product_tag-parfum-sophistique","20":"first","21":"instock","22":"taxable","23":"shipping-taxable","24":"purchasable","25":"product-type-simple"},"yoast_head":"<!-- This site is optimized with the Yoast SEO plugin v27.5 - https:\/\/yoast.com\/product\/yoast-seo-wordpress\/ -->\n<title>Night Club GREEN TWEED Eau De Parfum \u2013 100ml - Maroc Prix<\/title>\n<meta name=\"description\" content=\"Night Club Green Tweed Eau de Parfum 100ml par Fragrance World pour hommes. Fragrance masculine fra\u00eeche et \u00e9l\u00e9gante avec des notes bois\u00e9es et herbac\u00e9es .\" \/>\n<meta name=\"robots\" content=\"index, follow, max-snippet:-1, max-image-preview:large, max-video-preview:-1\" \/>\n<link rel=\"canonical\" href=\"https:\/\/vitablanca.ma\/en\/product\/night-club-green-tweed-eau-de-parfum-fragrance-world-pour-homme-100ml\/\" \/>\n<meta property=\"og:locale\" content=\"en_US\" \/>\n<meta property=\"og:type\" content=\"article\" \/>\n<meta property=\"og:title\" content=\"Night Club GREEN TWEED Eau De Parfum \u2013 100ml - Maroc Prix\" \/>\n<meta property=\"og:description\" content=\"Night Club Green Tweed Eau de Parfum 100ml par Fragrance World pour hommes. Fragrance masculine fra\u00eeche et \u00e9l\u00e9gante avec des notes bois\u00e9es et herbac\u00e9es .\" \/>\n<meta property=\"og:url\" content=\"https:\/\/vitablanca.ma\/en\/product\/night-club-green-tweed-eau-de-parfum-fragrance-world-pour-homme-100ml\/\" \/>\n<meta property=\"og:site_name\" content=\"Vitablanca.ma &ndash; Sant&eacute;, vitalit&eacute; et bien-&ecirc;tre pour tous les Marocains\" \/>\n<meta property=\"article:publisher\" content=\"https:\/\/www.facebook.com\/profile.php?id=61576678196717\" \/>\n<meta property=\"article:modified_time\" content=\"2026-04-17T22:32:42+00:00\" \/>\n<meta property=\"og:image\" content=\"https:\/\/vitablanca.ma\/wp-content\/uploads\/2026\/03\/NightClubGREENTWEED1.jpg\" \/>\n\t<meta property=\"og:image:width\" content=\"1080\" \/>\n\t<meta property=\"og:image:height\" content=\"1080\" \/>\n\t<meta property=\"og:image:type\" content=\"image\/jpeg\" \/>\n<meta name=\"twitter:card\" content=\"summary_large_image\" \/>\n<meta name=\"twitter:label1\" content=\"Est. reading time\" \/>\n\t<meta name=\"twitter:data1\" content=\"1 minute\" \/>\n<script type=\"application\/ld+json\" class=\"yoast-schema-graph\">{\"@context\":\"https:\\\/\\\/schema.org\",\"@graph\":[{\"@type\":[\"WebPage\",\"ItemPage\"],\"@id\":\"https:\\\/\\\/vitablanca.ma\\\/produit\\\/night-club-green-tweed-eau-de-parfum-fragrance-world-pour-homme-100ml\\\/\",\"url\":\"https:\\\/\\\/vitablanca.ma\\\/produit\\\/night-club-green-tweed-eau-de-parfum-fragrance-world-pour-homme-100ml\\\/\",\"name\":\"Night Club GREEN TWEED Eau De Parfum \u2013 100ml - Maroc Prix\",\"isPartOf\":{\"@id\":\"https:\\\/\\\/vitablanca.ma\\\/#website\"},\"primaryImageOfPage\":{\"@id\":\"https:\\\/\\\/vitablanca.ma\\\/produit\\\/night-club-green-tweed-eau-de-parfum-fragrance-world-pour-homme-100ml\\\/#primaryimage\"},\"image\":{\"@id\":\"https:\\\/\\\/vitablanca.ma\\\/produit\\\/night-club-green-tweed-eau-de-parfum-fragrance-world-pour-homme-100ml\\\/#primaryimage\"},\"thumbnailUrl\":\"https:\\\/\\\/vitablanca.ma\\\/wp-content\\\/uploads\\\/2026\\\/03\\\/NightClubGREENTWEED1.jpg\",\"datePublished\":\"2026-03-04T02:30:41+00:00\",\"dateModified\":\"2026-04-17T22:32:42+00:00\",\"description\":\"Night Club Green Tweed Eau de Parfum 100ml par Fragrance World pour hommes. Fragrance masculine fra\u00eeche et \u00e9l\u00e9gante avec des notes bois\u00e9es et herbac\u00e9es .\",\"breadcrumb\":{\"@id\":\"https:\\\/\\\/vitablanca.ma\\\/produit\\\/night-club-green-tweed-eau-de-parfum-fragrance-world-pour-homme-100ml\\\/#breadcrumb\"},\"inLanguage\":\"en-US\",\"potentialAction\":[{\"@type\":\"ReadAction\",\"target\":[\"https:\\\/\\\/vitablanca.ma\\\/produit\\\/night-club-green-tweed-eau-de-parfum-fragrance-world-pour-homme-100ml\\\/\"]}]},{\"@type\":\"ImageObject\",\"inLanguage\":\"en-US\",\"@id\":\"https:\\\/\\\/vitablanca.ma\\\/produit\\\/night-club-green-tweed-eau-de-parfum-fragrance-world-pour-homme-100ml\\\/#primaryimage\",\"url\":\"https:\\\/\\\/vitablanca.ma\\\/wp-content\\\/uploads\\\/2026\\\/03\\\/NightClubGREENTWEED1.jpg\",\"contentUrl\":\"https:\\\/\\\/vitablanca.ma\\\/wp-content\\\/uploads\\\/2026\\\/03\\\/NightClubGREENTWEED1.jpg\",\"width\":1080,\"height\":1080},{\"@type\":\"BreadcrumbList\",\"@id\":\"https:\\\/\\\/vitablanca.ma\\\/produit\\\/night-club-green-tweed-eau-de-parfum-fragrance-world-pour-homme-100ml\\\/#breadcrumb\",\"itemListElement\":[{\"@type\":\"ListItem\",\"position\":1,\"name\":\"Home\",\"item\":\"https:\\\/\\\/vitablanca.ma\\\/\"},{\"@type\":\"ListItem\",\"position\":2,\"name\":\"Tous Les Produits\",\"item\":\"https:\\\/\\\/vitablanca.ma\\\/tous-les-produits\\\/\"},{\"@type\":\"ListItem\",\"position\":3,\"name\":\"Night Club GREEN TWEED Eau De Parfum Fragrance World Pour Homme \u2013 100ml\"}]},{\"@type\":\"WebSite\",\"@id\":\"https:\\\/\\\/vitablanca.ma\\\/#website\",\"url\":\"https:\\\/\\\/vitablanca.ma\\\/\",\"name\":\"VitaBlanca.ma | Compl\u00e9ments alimentaires, sant\u00e9 & beaut\u00e9 au Maroc\",\"description\":\"vendre vitamines et compl\u00e9ments premium des USA &amp; Canada, Nouvelle Z\u00e9lande,Maroc (NOW Foods, Solgar, Manuka). Livraison rapide partout au Maroc.\",\"publisher\":{\"@id\":\"https:\\\/\\\/vitablanca.ma\\\/#organization\"},\"alternateName\":\"VitaBlanca.ma\",\"potentialAction\":[{\"@type\":\"SearchAction\",\"target\":{\"@type\":\"EntryPoint\",\"urlTemplate\":\"https:\\\/\\\/vitablanca.ma\\\/?s={search_term_string}\"},\"query-input\":{\"@type\":\"PropertyValueSpecification\",\"valueRequired\":true,\"valueName\":\"search_term_string\"}}],\"inLanguage\":\"en-US\"},{\"@type\":\"Organization\",\"@id\":\"https:\\\/\\\/vitablanca.ma\\\/#organization\",\"name\":\"VitaBlanca\",\"url\":\"https:\\\/\\\/vitablanca.ma\\\/\",\"logo\":{\"@type\":\"ImageObject\",\"inLanguage\":\"en-US\",\"@id\":\"https:\\\/\\\/vitablanca.ma\\\/#\\\/schema\\\/logo\\\/image\\\/\",\"url\":\"https:\\\/\\\/vitablanca.ma\\\/wp-content\\\/uploads\\\/2025\\\/05\\\/cropped-vitablanca.png\",\"contentUrl\":\"https:\\\/\\\/vitablanca.ma\\\/wp-content\\\/uploads\\\/2025\\\/05\\\/cropped-vitablanca.png\",\"width\":360,\"height\":67,\"caption\":\"VitaBlanca\"},\"image\":{\"@id\":\"https:\\\/\\\/vitablanca.ma\\\/#\\\/schema\\\/logo\\\/image\\\/\"},\"sameAs\":[\"https:\\\/\\\/www.facebook.com\\\/profile.php?id=61576678196717\",\"https:\\\/\\\/www.tiktok.com\\\/@vitablanca.ma\",\"https:\\\/\\\/www.instagram.com\\\/vitablanca.ma\\\/\"]}]}<\/script>\n<!-- \/ Yoast SEO plugin. -->","yoast_head_json":{"title":"Night Club GREEN TWEED Eau De Parfum \u2013 100ml - Maroc Prix","description":"Night Club Green Tweed Eau de Parfum 100ml par Fragrance World pour hommes. Fragrance masculine fra\u00eeche et \u00e9l\u00e9gante avec des notes bois\u00e9es et herbac\u00e9es .","robots":{"index":"index","follow":"follow","max-snippet":"max-snippet:-1","max-image-preview":"max-image-preview:large","max-video-preview":"max-video-preview:-1"},"canonical":"https:\/\/vitablanca.ma\/en\/product\/night-club-green-tweed-eau-de-parfum-fragrance-world-pour-homme-100ml\/","og_locale":"en_US","og_type":"article","og_title":"Night Club GREEN TWEED Eau De Parfum \u2013 100ml - Maroc Prix","og_description":"Night Club Green Tweed Eau de Parfum 100ml par Fragrance World pour hommes. Fragrance masculine fra\u00eeche et \u00e9l\u00e9gante avec des notes bois\u00e9es et herbac\u00e9es .","og_url":"https:\/\/vitablanca.ma\/en\/product\/night-club-green-tweed-eau-de-parfum-fragrance-world-pour-homme-100ml\/","og_site_name":"Vitablanca.ma &ndash; Sant&eacute;, vitalit&eacute; et bien-&ecirc;tre pour tous les Marocains","article_publisher":"https:\/\/www.facebook.com\/profile.php?id=61576678196717","article_modified_time":"2026-04-17T22:32:42+00:00","og_image":[{"width":1080,"height":1080,"url":"https:\/\/vitablanca.ma\/wp-content\/uploads\/2026\/03\/NightClubGREENTWEED1.jpg","type":"image\/jpeg"}],"twitter_card":"summary_large_image","twitter_misc":{"Est. reading time":"1 minute"},"schema":{"@context":"https:\/\/schema.org","@graph":[{"@type":["WebPage","ItemPage"],"@id":"https:\/\/vitablanca.ma\/produit\/night-club-green-tweed-eau-de-parfum-fragrance-world-pour-homme-100ml\/","url":"https:\/\/vitablanca.ma\/produit\/night-club-green-tweed-eau-de-parfum-fragrance-world-pour-homme-100ml\/","name":"Night Club GREEN TWEED Eau De Parfum \u2013 100ml - Maroc Prix","isPartOf":{"@id":"https:\/\/vitablanca.ma\/#website"},"primaryImageOfPage":{"@id":"https:\/\/vitablanca.ma\/produit\/night-club-green-tweed-eau-de-parfum-fragrance-world-pour-homme-100ml\/#primaryimage"},"image":{"@id":"https:\/\/vitablanca.ma\/produit\/night-club-green-tweed-eau-de-parfum-fragrance-world-pour-homme-100ml\/#primaryimage"},"thumbnailUrl":"https:\/\/vitablanca.ma\/wp-content\/uploads\/2026\/03\/NightClubGREENTWEED1.jpg","datePublished":"2026-03-04T02:30:41+00:00","dateModified":"2026-04-17T22:32:42+00:00","description":"Night Club Green Tweed Eau de Parfum 100ml par Fragrance World pour hommes. Fragrance masculine fra\u00eeche et \u00e9l\u00e9gante avec des notes bois\u00e9es et herbac\u00e9es .","breadcrumb":{"@id":"https:\/\/vitablanca.ma\/produit\/night-club-green-tweed-eau-de-parfum-fragrance-world-pour-homme-100ml\/#breadcrumb"},"inLanguage":"en-US","potentialAction":[{"@type":"ReadAction","target":["https:\/\/vitablanca.ma\/produit\/night-club-green-tweed-eau-de-parfum-fragrance-world-pour-homme-100ml\/"]}]},{"@type":"ImageObject","inLanguage":"en-US","@id":"https:\/\/vitablanca.ma\/produit\/night-club-green-tweed-eau-de-parfum-fragrance-world-pour-homme-100ml\/#primaryimage","url":"https:\/\/vitablanca.ma\/wp-content\/uploads\/2026\/03\/NightClubGREENTWEED1.jpg","contentUrl":"https:\/\/vitablanca.ma\/wp-content\/uploads\/2026\/03\/NightClubGREENTWEED1.jpg","width":1080,"height":1080},{"@type":"BreadcrumbList","@id":"https:\/\/vitablanca.ma\/produit\/night-club-green-tweed-eau-de-parfum-fragrance-world-pour-homme-100ml\/#breadcrumb","itemListElement":[{"@type":"ListItem","position":1,"name":"Home","item":"https:\/\/vitablanca.ma\/"},{"@type":"ListItem","position":2,"name":"Tous Les Produits","item":"https:\/\/vitablanca.ma\/tous-les-produits\/"},{"@type":"ListItem","position":3,"name":"Night Club GREEN TWEED Eau De Parfum Fragrance World Pour Homme \u2013 100ml"}]},{"@type":"WebSite","@id":"https:\/\/vitablanca.ma\/#website","url":"https:\/\/vitablanca.ma\/","name":"VitaBlanca.ma | Food supplements, health &amp; beauty in Morocco","description":"sell premium vitamins and supplements from USA &amp; Canada, New Zealand, Morocco (NOW Foods, Solgar, Manuka). Fast delivery anywhere in Morocco.","publisher":{"@id":"https:\/\/vitablanca.ma\/#organization"},"alternateName":"VitaBlanca.ma","potentialAction":[{"@type":"SearchAction","target":{"@type":"EntryPoint","urlTemplate":"https:\/\/vitablanca.ma\/?s={search_term_string}"},"query-input":{"@type":"PropertyValueSpecification","valueRequired":true,"valueName":"search_term_string"}}],"inLanguage":"en-US"},{"@type":"Organization","@id":"https:\/\/vitablanca.ma\/#organization","name":"VitaBlanca","url":"https:\/\/vitablanca.ma\/","logo":{"@type":"ImageObject","inLanguage":"en-US","@id":"https:\/\/vitablanca.ma\/#\/schema\/logo\/image\/","url":"https:\/\/vitablanca.ma\/wp-content\/uploads\/2025\/05\/cropped-vitablanca.png","contentUrl":"https:\/\/vitablanca.ma\/wp-content\/uploads\/2025\/05\/cropped-vitablanca.png","width":360,"height":67,"caption":"VitaBlanca"},"image":{"@id":"https:\/\/vitablanca.ma\/#\/schema\/logo\/image\/"},"sameAs":["https:\/\/www.facebook.com\/profile.php?id=61576678196717","https:\/\/www.tiktok.com\/@vitablanca.ma","https:\/\/www.instagram.com\/vitablanca.ma\/"]}]}},"jetpack_sharing_enabled":true,"_links":{"self":[{"href":"https:\/\/vitablanca.ma\/en\/wp-json\/wp\/v2\/product\/32685","targetHints":{"allow":["GET"]}}],"collection":[{"href":"https:\/\/vitablanca.ma\/en\/wp-json\/wp\/v2\/product"}],"about":[{"href":"https:\/\/vitablanca.ma\/en\/wp-json\/wp\/v2\/types\/product"}],"wp:featuredmedia":[{"embeddable":true,"href":"https:\/\/vitablanca.ma\/en\/wp-json\/wp\/v2\/media\/32681"}],"wp:attachment":[{"href":"https:\/\/vitablanca.ma\/en\/wp-json\/wp\/v2\/media?parent=32685"}],"wp:term":[{"taxonomy":"product_brand","embeddable":true,"href":"https:\/\/vitablanca.ma\/en\/wp-json\/wp\/v2\/product_brand?post=32685"},{"taxonomy":"product_cat","embeddable":true,"href":"https:\/\/vitablanca.ma\/en\/wp-json\/wp\/v2\/product_cat?post=32685"},{"taxonomy":"product_tag","embeddable":true,"href":"https:\/\/vitablanca.ma\/en\/wp-json\/wp\/v2\/product_tag?post=32685"}],"curies":[{"name":"wp","href":"https:\/\/api.w.org\/{rel}","templated":true}]}}