{"id":32680,"date":"2026-03-04T02:30:25","date_gmt":"2026-03-04T02:30:25","guid":{"rendered":"https:\/\/vitablanca.ma\/produit\/night-club-silky-eau-de-parfum-fragrance-world-pour-femme-100ml\/"},"modified":"2026-04-17T22:32:42","modified_gmt":"2026-04-17T22:32:42","slug":"night-club-silky-eau-de-parfum-fragrance-world-pour-femme-100ml","status":"publish","type":"product","link":"https:\/\/vitablanca.ma\/en\/product\/night-club-silky-eau-de-parfum-fragrance-world-pour-femme-100ml\/","title":{"rendered":"Night Club SILKY Eau De Parfum Fragrance World Pour Femme \u2013 100ml"},"content":{"rendered":"<p class=\"MsoNormal\">Discover <strong>Night Club Silky <\/strong>of <strong>Fragrance World,<\/strong> l\u2019eau de parfum unisex qui incarne l\u2019\u00e9legarice sensuelle de la nuit. Con\u00e7ue pour celles qui aiment s\u00e9duire avec discr\u00e9tion et charme, cette fragrance enveloppante et sophistiqu\u00e9e s\u2019ouvre sur un bouquet hypnotique de magnolia cr\u00e9meux, d\u2019osmanthus velout\u00e9 et d\u2019une touche \u00e9pic\u00e9e de safran, annon\u00e7ant un coeur intense et f\u00e9minin.<\/p>\n<p class=\"MsoNormal\">\nLe c\u0153ur vibre de la sensualit\u00e9 enivrante de la tub\u00e9reuse, de la douceur exotique du fruit de la passion et des nuances sombres du patchouli et du oud, dans un m\u00e9lange magn\u00e9tique et enveloppant. Le sillage final est chaleureux, mystique et persistant: musc blanc, vanille de Madagascar, ambroxan, myrrhe, encens et bois de c\u00e8dre se fondent dans un fond profond\u00e9ment s\u00e9duisant et myst\u00e9rieux.<\/p>\n<p class=\"MsoNormal\">\nId\u00e9al pour les occasions sp\u00e9ciales, une after party glamour ou un diner aux chandelles, <strong>Night Club Silky <\/strong>est le parfum unisex id\u00e9al pour laisser une impression inoubliable. Une essence florale orientale aux accents ambr\u00e9s, fruit\u00e9s et bois\u00e9s, con\u00e7ue pour unisex modernes, raffin\u00e9es et charismatiques.<\/p>\n<p><strong>Olfactory notes:<\/strong><\/p>\n<p><strong>Top notes<\/strong>\u00a0: Magnolia, Osmanthus et Safran<br \/>\n<strong>Heart notes<\/strong>\u00a0: Tub\u00e9reuse, Patchouli, Fruit de la passion et Oud<br \/>\n<strong>Base notes<\/strong>\u00a0: Musc, Vanille de Madagascar, Ambroxan, Myrrhe, Encens et C\u00e8dre.<\/p>\n<p><strong>Gender<\/strong>\u00a0: F\u00e9minin.<\/p>","protected":false},"excerpt":{"rendered":"<p>D\u00e9couvrez Night Club Silky de Fragrance World, l\u2019eau de parfum unisex qui incarne l\u2019\u00e9legarice sensuelle de la nuit. Con\u00e7ue pour celles qui aiment s\u00e9duire avec discr\u00e9tion et charme, cette fragrance enveloppante et sophistiqu\u00e9e s\u2019ouvre sur un bouquet hypnotique de magnolia cr\u00e9meux, d\u2019osmanthus velout\u00e9 et d\u2019une touche \u00e9pic\u00e9e de safran, annon\u00e7ant un coeur intense et f\u00e9minin. [&hellip;]<\/p>\n","protected":false},"featured_media":32675,"template":"","meta":{"om_disable_all_campaigns":false},"product_brand":[],"product_cat":[18,15,1091],"product_tag":[3251,11905,11907,11862,6719,6969,6755,6738,9562,11856],"class_list":{"0":"post-32680","1":"product","2":"type-product","3":"status-publish","4":"has-post-thumbnail","6":"product_cat-beaute-sante","7":"product_cat-beaute-sante-complements-alimentaires-soins-et-bien-etre-au-meilleur-prix","8":"product_cat-beaute-parfums-maroc-prix","9":"product_tag-eau-de-parfum","10":"product_tag-fragrance-world","11":"product_tag-night-club-silky","12":"product_tag-parfum-durable","13":"product_tag-parfum-elegant","14":"product_tag-parfum-femme","15":"product_tag-parfum-floral","16":"product_tag-parfum-fruite","17":"product_tag-parfum-luxe","18":"product_tag-parfum-raffine","20":"first","21":"instock","22":"taxable","23":"shipping-taxable","24":"purchasable","25":"product-type-simple"},"yoast_head":"<!-- This site is optimized with the Yoast SEO plugin v27.5 - https:\/\/yoast.com\/product\/yoast-seo-wordpress\/ -->\n<title>Night Club SILKY Eau De Parfum Fragrance \u2013 100ml - Maroc Prix<\/title>\n<meta name=\"description\" content=\"Night Club Silky Eau de Parfum 100ml par Fragrance World pour femmes. Fragrance f\u00e9minine d\u00e9licate et s\u00e9duisante aux notes florales et fruit\u00e9es .\" \/>\n<meta name=\"robots\" content=\"index, follow, max-snippet:-1, max-image-preview:large, max-video-preview:-1\" \/>\n<link rel=\"canonical\" href=\"https:\/\/vitablanca.ma\/en\/product\/night-club-silky-eau-de-parfum-fragrance-world-pour-femme-100ml\/\" \/>\n<meta property=\"og:locale\" content=\"en_US\" \/>\n<meta property=\"og:type\" content=\"article\" \/>\n<meta property=\"og:title\" content=\"Night Club SILKY Eau De Parfum Fragrance \u2013 100ml - Maroc Prix\" \/>\n<meta property=\"og:description\" content=\"Night Club Silky Eau de Parfum 100ml par Fragrance World pour femmes. Fragrance f\u00e9minine d\u00e9licate et s\u00e9duisante aux notes florales et fruit\u00e9es .\" \/>\n<meta property=\"og:url\" content=\"https:\/\/vitablanca.ma\/en\/product\/night-club-silky-eau-de-parfum-fragrance-world-pour-femme-100ml\/\" \/>\n<meta property=\"og:site_name\" content=\"Vitablanca.ma &ndash; Sant&eacute;, vitalit&eacute; et bien-&ecirc;tre pour tous les Marocains\" \/>\n<meta property=\"article:publisher\" content=\"https:\/\/www.facebook.com\/profile.php?id=61576678196717\" \/>\n<meta property=\"article:modified_time\" content=\"2026-04-17T22:32:42+00:00\" \/>\n<meta property=\"og:image\" content=\"https:\/\/vitablanca.ma\/wp-content\/uploads\/2026\/03\/NightClubSILKY4.jpg\" \/>\n\t<meta property=\"og:image:width\" content=\"1080\" \/>\n\t<meta property=\"og:image:height\" content=\"1080\" \/>\n\t<meta property=\"og:image:type\" content=\"image\/jpeg\" \/>\n<meta name=\"twitter:card\" content=\"summary_large_image\" \/>\n<meta name=\"twitter:label1\" content=\"Est. reading time\" \/>\n\t<meta name=\"twitter:data1\" content=\"2 minutes\" \/>\n<script type=\"application\/ld+json\" class=\"yoast-schema-graph\">{\"@context\":\"https:\\\/\\\/schema.org\",\"@graph\":[{\"@type\":[\"WebPage\",\"ItemPage\"],\"@id\":\"https:\\\/\\\/vitablanca.ma\\\/produit\\\/night-club-silky-eau-de-parfum-fragrance-world-pour-femme-100ml\\\/\",\"url\":\"https:\\\/\\\/vitablanca.ma\\\/produit\\\/night-club-silky-eau-de-parfum-fragrance-world-pour-femme-100ml\\\/\",\"name\":\"Night Club SILKY Eau De Parfum Fragrance \u2013 100ml - Maroc Prix\",\"isPartOf\":{\"@id\":\"https:\\\/\\\/vitablanca.ma\\\/#website\"},\"primaryImageOfPage\":{\"@id\":\"https:\\\/\\\/vitablanca.ma\\\/produit\\\/night-club-silky-eau-de-parfum-fragrance-world-pour-femme-100ml\\\/#primaryimage\"},\"image\":{\"@id\":\"https:\\\/\\\/vitablanca.ma\\\/produit\\\/night-club-silky-eau-de-parfum-fragrance-world-pour-femme-100ml\\\/#primaryimage\"},\"thumbnailUrl\":\"https:\\\/\\\/vitablanca.ma\\\/wp-content\\\/uploads\\\/2026\\\/03\\\/NightClubSILKY4.jpg\",\"datePublished\":\"2026-03-04T02:30:25+00:00\",\"dateModified\":\"2026-04-17T22:32:42+00:00\",\"description\":\"Night Club Silky Eau de Parfum 100ml par Fragrance World pour femmes. Fragrance f\u00e9minine d\u00e9licate et s\u00e9duisante aux notes florales et fruit\u00e9es .\",\"breadcrumb\":{\"@id\":\"https:\\\/\\\/vitablanca.ma\\\/produit\\\/night-club-silky-eau-de-parfum-fragrance-world-pour-femme-100ml\\\/#breadcrumb\"},\"inLanguage\":\"en-US\",\"potentialAction\":[{\"@type\":\"ReadAction\",\"target\":[\"https:\\\/\\\/vitablanca.ma\\\/produit\\\/night-club-silky-eau-de-parfum-fragrance-world-pour-femme-100ml\\\/\"]}]},{\"@type\":\"ImageObject\",\"inLanguage\":\"en-US\",\"@id\":\"https:\\\/\\\/vitablanca.ma\\\/produit\\\/night-club-silky-eau-de-parfum-fragrance-world-pour-femme-100ml\\\/#primaryimage\",\"url\":\"https:\\\/\\\/vitablanca.ma\\\/wp-content\\\/uploads\\\/2026\\\/03\\\/NightClubSILKY4.jpg\",\"contentUrl\":\"https:\\\/\\\/vitablanca.ma\\\/wp-content\\\/uploads\\\/2026\\\/03\\\/NightClubSILKY4.jpg\",\"width\":1080,\"height\":1080},{\"@type\":\"BreadcrumbList\",\"@id\":\"https:\\\/\\\/vitablanca.ma\\\/produit\\\/night-club-silky-eau-de-parfum-fragrance-world-pour-femme-100ml\\\/#breadcrumb\",\"itemListElement\":[{\"@type\":\"ListItem\",\"position\":1,\"name\":\"Home\",\"item\":\"https:\\\/\\\/vitablanca.ma\\\/\"},{\"@type\":\"ListItem\",\"position\":2,\"name\":\"Tous Les Produits\",\"item\":\"https:\\\/\\\/vitablanca.ma\\\/tous-les-produits\\\/\"},{\"@type\":\"ListItem\",\"position\":3,\"name\":\"Night Club SILKY Eau De Parfum Fragrance World Pour Femme \u2013 100ml\"}]},{\"@type\":\"WebSite\",\"@id\":\"https:\\\/\\\/vitablanca.ma\\\/#website\",\"url\":\"https:\\\/\\\/vitablanca.ma\\\/\",\"name\":\"VitaBlanca.ma | Compl\u00e9ments alimentaires, sant\u00e9 & beaut\u00e9 au Maroc\",\"description\":\"vendre vitamines et compl\u00e9ments premium des USA &amp; Canada, Nouvelle Z\u00e9lande,Maroc (NOW Foods, Solgar, Manuka). Livraison rapide partout au Maroc.\",\"publisher\":{\"@id\":\"https:\\\/\\\/vitablanca.ma\\\/#organization\"},\"alternateName\":\"VitaBlanca.ma\",\"potentialAction\":[{\"@type\":\"SearchAction\",\"target\":{\"@type\":\"EntryPoint\",\"urlTemplate\":\"https:\\\/\\\/vitablanca.ma\\\/?s={search_term_string}\"},\"query-input\":{\"@type\":\"PropertyValueSpecification\",\"valueRequired\":true,\"valueName\":\"search_term_string\"}}],\"inLanguage\":\"en-US\"},{\"@type\":\"Organization\",\"@id\":\"https:\\\/\\\/vitablanca.ma\\\/#organization\",\"name\":\"VitaBlanca\",\"url\":\"https:\\\/\\\/vitablanca.ma\\\/\",\"logo\":{\"@type\":\"ImageObject\",\"inLanguage\":\"en-US\",\"@id\":\"https:\\\/\\\/vitablanca.ma\\\/#\\\/schema\\\/logo\\\/image\\\/\",\"url\":\"https:\\\/\\\/vitablanca.ma\\\/wp-content\\\/uploads\\\/2025\\\/05\\\/cropped-vitablanca.png\",\"contentUrl\":\"https:\\\/\\\/vitablanca.ma\\\/wp-content\\\/uploads\\\/2025\\\/05\\\/cropped-vitablanca.png\",\"width\":360,\"height\":67,\"caption\":\"VitaBlanca\"},\"image\":{\"@id\":\"https:\\\/\\\/vitablanca.ma\\\/#\\\/schema\\\/logo\\\/image\\\/\"},\"sameAs\":[\"https:\\\/\\\/www.facebook.com\\\/profile.php?id=61576678196717\",\"https:\\\/\\\/www.tiktok.com\\\/@vitablanca.ma\",\"https:\\\/\\\/www.instagram.com\\\/vitablanca.ma\\\/\"]}]}<\/script>\n<!-- \/ Yoast SEO plugin. -->","yoast_head_json":{"title":"Night Club SILKY Eau De Parfum Fragrance \u2013 100ml - Maroc Prix","description":"Night Club Silky Eau de Parfum 100ml par Fragrance World pour femmes. Fragrance f\u00e9minine d\u00e9licate et s\u00e9duisante aux notes florales et fruit\u00e9es .","robots":{"index":"index","follow":"follow","max-snippet":"max-snippet:-1","max-image-preview":"max-image-preview:large","max-video-preview":"max-video-preview:-1"},"canonical":"https:\/\/vitablanca.ma\/en\/product\/night-club-silky-eau-de-parfum-fragrance-world-pour-femme-100ml\/","og_locale":"en_US","og_type":"article","og_title":"Night Club SILKY Eau De Parfum Fragrance \u2013 100ml - Maroc Prix","og_description":"Night Club Silky Eau de Parfum 100ml par Fragrance World pour femmes. Fragrance f\u00e9minine d\u00e9licate et s\u00e9duisante aux notes florales et fruit\u00e9es .","og_url":"https:\/\/vitablanca.ma\/en\/product\/night-club-silky-eau-de-parfum-fragrance-world-pour-femme-100ml\/","og_site_name":"Vitablanca.ma &ndash; Sant&eacute;, vitalit&eacute; et bien-&ecirc;tre pour tous les Marocains","article_publisher":"https:\/\/www.facebook.com\/profile.php?id=61576678196717","article_modified_time":"2026-04-17T22:32:42+00:00","og_image":[{"width":1080,"height":1080,"url":"https:\/\/vitablanca.ma\/wp-content\/uploads\/2026\/03\/NightClubSILKY4.jpg","type":"image\/jpeg"}],"twitter_card":"summary_large_image","twitter_misc":{"Est. reading time":"2 minutes"},"schema":{"@context":"https:\/\/schema.org","@graph":[{"@type":["WebPage","ItemPage"],"@id":"https:\/\/vitablanca.ma\/produit\/night-club-silky-eau-de-parfum-fragrance-world-pour-femme-100ml\/","url":"https:\/\/vitablanca.ma\/produit\/night-club-silky-eau-de-parfum-fragrance-world-pour-femme-100ml\/","name":"Night Club SILKY Eau De Parfum Fragrance \u2013 100ml - Maroc Prix","isPartOf":{"@id":"https:\/\/vitablanca.ma\/#website"},"primaryImageOfPage":{"@id":"https:\/\/vitablanca.ma\/produit\/night-club-silky-eau-de-parfum-fragrance-world-pour-femme-100ml\/#primaryimage"},"image":{"@id":"https:\/\/vitablanca.ma\/produit\/night-club-silky-eau-de-parfum-fragrance-world-pour-femme-100ml\/#primaryimage"},"thumbnailUrl":"https:\/\/vitablanca.ma\/wp-content\/uploads\/2026\/03\/NightClubSILKY4.jpg","datePublished":"2026-03-04T02:30:25+00:00","dateModified":"2026-04-17T22:32:42+00:00","description":"Night Club Silky Eau de Parfum 100ml par Fragrance World pour femmes. Fragrance f\u00e9minine d\u00e9licate et s\u00e9duisante aux notes florales et fruit\u00e9es .","breadcrumb":{"@id":"https:\/\/vitablanca.ma\/produit\/night-club-silky-eau-de-parfum-fragrance-world-pour-femme-100ml\/#breadcrumb"},"inLanguage":"en-US","potentialAction":[{"@type":"ReadAction","target":["https:\/\/vitablanca.ma\/produit\/night-club-silky-eau-de-parfum-fragrance-world-pour-femme-100ml\/"]}]},{"@type":"ImageObject","inLanguage":"en-US","@id":"https:\/\/vitablanca.ma\/produit\/night-club-silky-eau-de-parfum-fragrance-world-pour-femme-100ml\/#primaryimage","url":"https:\/\/vitablanca.ma\/wp-content\/uploads\/2026\/03\/NightClubSILKY4.jpg","contentUrl":"https:\/\/vitablanca.ma\/wp-content\/uploads\/2026\/03\/NightClubSILKY4.jpg","width":1080,"height":1080},{"@type":"BreadcrumbList","@id":"https:\/\/vitablanca.ma\/produit\/night-club-silky-eau-de-parfum-fragrance-world-pour-femme-100ml\/#breadcrumb","itemListElement":[{"@type":"ListItem","position":1,"name":"Home","item":"https:\/\/vitablanca.ma\/"},{"@type":"ListItem","position":2,"name":"Tous Les Produits","item":"https:\/\/vitablanca.ma\/tous-les-produits\/"},{"@type":"ListItem","position":3,"name":"Night Club SILKY Eau De Parfum Fragrance World Pour Femme \u2013 100ml"}]},{"@type":"WebSite","@id":"https:\/\/vitablanca.ma\/#website","url":"https:\/\/vitablanca.ma\/","name":"VitaBlanca.ma | Food supplements, health &amp; beauty in Morocco","description":"sell premium vitamins and supplements from USA &amp; Canada, New Zealand, Morocco (NOW Foods, Solgar, Manuka). Fast delivery anywhere in Morocco.","publisher":{"@id":"https:\/\/vitablanca.ma\/#organization"},"alternateName":"VitaBlanca.ma","potentialAction":[{"@type":"SearchAction","target":{"@type":"EntryPoint","urlTemplate":"https:\/\/vitablanca.ma\/?s={search_term_string}"},"query-input":{"@type":"PropertyValueSpecification","valueRequired":true,"valueName":"search_term_string"}}],"inLanguage":"en-US"},{"@type":"Organization","@id":"https:\/\/vitablanca.ma\/#organization","name":"VitaBlanca","url":"https:\/\/vitablanca.ma\/","logo":{"@type":"ImageObject","inLanguage":"en-US","@id":"https:\/\/vitablanca.ma\/#\/schema\/logo\/image\/","url":"https:\/\/vitablanca.ma\/wp-content\/uploads\/2025\/05\/cropped-vitablanca.png","contentUrl":"https:\/\/vitablanca.ma\/wp-content\/uploads\/2025\/05\/cropped-vitablanca.png","width":360,"height":67,"caption":"VitaBlanca"},"image":{"@id":"https:\/\/vitablanca.ma\/#\/schema\/logo\/image\/"},"sameAs":["https:\/\/www.facebook.com\/profile.php?id=61576678196717","https:\/\/www.tiktok.com\/@vitablanca.ma","https:\/\/www.instagram.com\/vitablanca.ma\/"]}]}},"jetpack_sharing_enabled":true,"_links":{"self":[{"href":"https:\/\/vitablanca.ma\/en\/wp-json\/wp\/v2\/product\/32680","targetHints":{"allow":["GET"]}}],"collection":[{"href":"https:\/\/vitablanca.ma\/en\/wp-json\/wp\/v2\/product"}],"about":[{"href":"https:\/\/vitablanca.ma\/en\/wp-json\/wp\/v2\/types\/product"}],"wp:featuredmedia":[{"embeddable":true,"href":"https:\/\/vitablanca.ma\/en\/wp-json\/wp\/v2\/media\/32675"}],"wp:attachment":[{"href":"https:\/\/vitablanca.ma\/en\/wp-json\/wp\/v2\/media?parent=32680"}],"wp:term":[{"taxonomy":"product_brand","embeddable":true,"href":"https:\/\/vitablanca.ma\/en\/wp-json\/wp\/v2\/product_brand?post=32680"},{"taxonomy":"product_cat","embeddable":true,"href":"https:\/\/vitablanca.ma\/en\/wp-json\/wp\/v2\/product_cat?post=32680"},{"taxonomy":"product_tag","embeddable":true,"href":"https:\/\/vitablanca.ma\/en\/wp-json\/wp\/v2\/product_tag?post=32680"}],"curies":[{"name":"wp","href":"https:\/\/api.w.org\/{rel}","templated":true}]}}