{"id":32376,"date":"2026-03-04T02:21:42","date_gmt":"2026-03-04T02:21:42","guid":{"rendered":"https:\/\/vitablanca.ma\/produit\/galactic-men-lntense-maison-alhambra-eau-de-parfum-pour-homme-100ml\/"},"modified":"2026-03-15T23:08:38","modified_gmt":"2026-03-15T23:08:38","slug":"galactic-men-lntense-maison-alhambra-eau-de-parfum-pour-homme-100ml","status":"publish","type":"product","link":"https:\/\/vitablanca.ma\/en\/product\/galactic-men-lntense-maison-alhambra-eau-de-parfum-pour-homme-100ml\/","title":{"rendered":"GALACTIC MEN LNTENSE &#8211; Maison Alhambra Eau de Parfum Pour Homme &#8211; 100ml"},"content":{"rendered":"<p class=\"MsoNormal\" style=\"margin-bottom: .0001pt; line-height: normal; background: white; vertical-align: baseline;\"><b><span style=\"font-family: 'Arial','sans-serif'; color: #262626; border: none windowtext 1.0pt; padding: 0cm;\">Galactic Men Intense<\/span><\/b><span style=\"font-family: 'Arial','sans-serif'; color: #262626;\">\u00a0of\u00a0<b><span style=\"border: none windowtext 1.0pt; padding: 0cm;\">Maison Alhambra<\/span><\/b>, une eau de parfum masculine de 100 ml qui incarne l\u2019\u00e9l\u00e9gance et la sophistication. Cette fragrance est id\u00e9ale pour l\u2019homme moderne en qu\u00eate d\u2019un parfum chaleureux et m\u00e9morable.<\/span><\/p>\n<p class=\"MsoNormal\" style=\"margin-bottom: .0001pt; line-height: normal; background: white; vertical-align: baseline;\"><b><span style=\"font-family: 'Arial','sans-serif'; color: #262626; border: none windowtext 1.0pt; padding: 0cm;\">Galactic Men Intense<\/span><\/b><span style=\"font-family: 'Arial','sans-serif'; color: #262626;\">\u00a0s\u2019ouvre sur des notes de t\u00eate de feuilles de tabac et de miel, offrant une premi\u00e8re impression douce et chaleureuse. Le c\u0153ur du parfum r\u00e9v\u00e8le des accords de patchouli, de vanille et de cacao, ajoutant une profondeur gourmande et s\u00e9duisante.<\/span><\/p>\n<p class=\"MsoNormal\" style=\"margin-bottom: .0001pt; line-height: normal; background: white; vertical-align: baseline;\"><span style=\"font-family: 'Arial','sans-serif'; color: #262626;\">\u00a0Les notes de fond combinent des nuances cuir\u00e9es et orientales, avec du labdanum fran\u00e7ais, de l\u2019ambre et du styrax, cr\u00e9ant un sillage riche et persistant.<\/span><\/p>\n<p class=\"MsoNormal\" style=\"margin-bottom: .0001pt; line-height: normal; background: white; vertical-align: baseline;\"><span style=\"font-family: 'Arial','sans-serif'; color: #262626;\">Cette composition harmonieuse fait de <strong>Galactic Men Intense<\/strong> le choix parfait pour les hommes souhaitant affirmer leur pr\u00e9sence avec une touche de sophistication et de chaleur<\/span><\/p>\n<p class=\"MsoNormal\" style=\"margin-bottom: .0001pt; line-height: normal; background: white; vertical-align: baseline;\"><span style=\"font-family: 'Arial','sans-serif'; color: #262626;\">\u00a0<\/span><\/p>\n<p class=\"MsoNormal\" style=\"margin-bottom: .0001pt; line-height: normal; background: white; vertical-align: baseline;\"><strong><span style=\"font-family: 'Arial','sans-serif'; color: #262626;\">Olfactory notes:<\/span><\/strong><\/p>\n<ul>\n<li class=\"MsoNormal\" style=\"line-height: normal; background: white; vertical-align: baseline;\"><b><span style=\"font-family: 'Arial','sans-serif'; color: #262626; border: none windowtext 1.0pt; padding: 0cm;\">Top notes<\/span><\/b><span style=\"font-family: 'Arial','sans-serif'; color: #262626;\">\u00a0: Feuilles de tabac, Miel<\/span><\/li>\n<li class=\"MsoNormal\" style=\"line-height: normal; background: white; vertical-align: baseline;\"><b><span style=\"font-family: 'Arial','sans-serif'; color: #262626; border: none windowtext 1.0pt; padding: 0cm;\">Heart notes<\/span><\/b><span style=\"font-family: 'Arial','sans-serif'; color: #262626;\">\u00a0: Patchouli, Vanille, Cacao<\/span><\/li>\n<li class=\"MsoNormal\" style=\"line-height: normal; background: white; vertical-align: baseline;\"><b><span style=\"font-family: 'Arial','sans-serif'; color: #262626; border: none windowtext 1.0pt; padding: 0cm;\">Base notes<\/span><\/b><span style=\"font-family: 'Arial','sans-serif'; color: #262626;\">\u00a0: Labdanum fran\u00e7ais, Ambre, Styrax<\/span><\/li>\n<\/ul>","protected":false},"excerpt":{"rendered":"<p>Galactic Men Intense\u00a0de\u00a0Maison Alhambra, une eau de parfum masculine de 100 ml qui incarne l\u2019\u00e9l\u00e9gance et la sophistication. Cette fragrance est id\u00e9ale pour l\u2019homme moderne en qu\u00eate d\u2019un parfum chaleureux et m\u00e9morable. Galactic Men Intense\u00a0s\u2019ouvre sur des notes de t\u00eate de feuilles de tabac et de miel, offrant une premi\u00e8re impression douce et chaleureuse. Le [&hellip;]<\/p>\n","protected":false},"featured_media":32372,"template":"","meta":{"om_disable_all_campaigns":false},"product_brand":[],"product_cat":[18,15,1091],"product_tag":[11644,11615,11716,11717,11601,11721,11585,11686,11610,11720,11688,11719,11718],"class_list":{"0":"post-32376","1":"product","2":"type-product","3":"status-publish","4":"has-post-thumbnail","6":"product_cat-beaute-sante","7":"product_cat-beaute-sante-complements-alimentaires-soins-et-bien-etre-au-meilleur-prix","8":"product_cat-beaute-parfums-maroc-prix","9":"product_tag-eau-de-parfum-masculin","10":"product_tag-fragrance-sophistiquee","11":"product_tag-galactic-men-lntense","12":"product_tag-maison-alhambra-parfum-homme","13":"product_tag-parfum-boise-epice","14":"product_tag-parfum-chic-homme","15":"product_tag-parfum-elegant-homme","16":"product_tag-parfum-longue-tenue-homme","17":"product_tag-parfum-luxe-100-ml","18":"product_tag-parfum-moderne-masculin","19":"product_tag-parfum-quotidien-masculin","20":"product_tag-parfum-signature-homme","21":"product_tag-parfum-viril","23":"first","24":"outofstock","25":"taxable","26":"shipping-taxable","27":"purchasable","28":"product-type-simple"},"yoast_head":"<!-- This site is optimized with the Yoast SEO plugin v27.3 - https:\/\/yoast.com\/product\/yoast-seo-wordpress\/ -->\n<title>GALACTIC MEN LNTENSE - Maison Alhambra - Maroc Prix<\/title>\n<meta name=\"description\" content=\"D\u00e9couvrez Galactic Men Lntense Eau de Parfum 100 ml de Maison Alhambra pour homme, un parfum masculin intense aux notes bois\u00e9es et \u00e9pic\u00e9es .\" \/>\n<meta name=\"robots\" content=\"index, follow, max-snippet:-1, max-image-preview:large, max-video-preview:-1\" \/>\n<link rel=\"canonical\" href=\"https:\/\/vitablanca.ma\/en\/product\/galactic-men-lntense-maison-alhambra-eau-de-parfum-pour-homme-100ml\/\" \/>\n<meta property=\"og:locale\" content=\"en_US\" \/>\n<meta property=\"og:type\" content=\"article\" \/>\n<meta property=\"og:title\" content=\"GALACTIC MEN LNTENSE - Maison Alhambra - Maroc Prix\" \/>\n<meta property=\"og:description\" content=\"D\u00e9couvrez Galactic Men Lntense Eau de Parfum 100 ml de Maison Alhambra pour homme, un parfum masculin intense aux notes bois\u00e9es et \u00e9pic\u00e9es .\" \/>\n<meta property=\"og:url\" content=\"https:\/\/vitablanca.ma\/en\/product\/galactic-men-lntense-maison-alhambra-eau-de-parfum-pour-homme-100ml\/\" \/>\n<meta property=\"og:site_name\" content=\"Vitablanca.ma &ndash; Sant&eacute;, vitalit&eacute; et bien-&ecirc;tre pour tous les Marocains\" \/>\n<meta property=\"article:publisher\" content=\"https:\/\/www.facebook.com\/profile.php?id=61576678196717\" \/>\n<meta property=\"article:modified_time\" content=\"2026-03-15T23:08:38+00:00\" \/>\n<meta property=\"og:image\" content=\"https:\/\/vitablanca.ma\/wp-content\/uploads\/2026\/03\/GALACTICMENLNTENSE4.jpg\" \/>\n\t<meta property=\"og:image:width\" content=\"1080\" \/>\n\t<meta property=\"og:image:height\" content=\"1080\" \/>\n\t<meta property=\"og:image:type\" content=\"image\/jpeg\" \/>\n<meta name=\"twitter:card\" content=\"summary_large_image\" \/>\n<meta name=\"twitter:label1\" content=\"Est. reading time\" \/>\n\t<meta name=\"twitter:data1\" content=\"1 minute\" \/>\n<script type=\"application\/ld+json\" class=\"yoast-schema-graph\">{\"@context\":\"https:\\\/\\\/schema.org\",\"@graph\":[{\"@type\":[\"WebPage\",\"ItemPage\"],\"@id\":\"https:\\\/\\\/vitablanca.ma\\\/produit\\\/galactic-men-lntense-maison-alhambra-eau-de-parfum-pour-homme-100ml\\\/\",\"url\":\"https:\\\/\\\/vitablanca.ma\\\/produit\\\/galactic-men-lntense-maison-alhambra-eau-de-parfum-pour-homme-100ml\\\/\",\"name\":\"GALACTIC MEN LNTENSE - Maison Alhambra - Maroc Prix\",\"isPartOf\":{\"@id\":\"https:\\\/\\\/vitablanca.ma\\\/#website\"},\"primaryImageOfPage\":{\"@id\":\"https:\\\/\\\/vitablanca.ma\\\/produit\\\/galactic-men-lntense-maison-alhambra-eau-de-parfum-pour-homme-100ml\\\/#primaryimage\"},\"image\":{\"@id\":\"https:\\\/\\\/vitablanca.ma\\\/produit\\\/galactic-men-lntense-maison-alhambra-eau-de-parfum-pour-homme-100ml\\\/#primaryimage\"},\"thumbnailUrl\":\"https:\\\/\\\/vitablanca.ma\\\/wp-content\\\/uploads\\\/2026\\\/03\\\/GALACTICMENLNTENSE4.jpg\",\"datePublished\":\"2026-03-04T02:21:42+00:00\",\"dateModified\":\"2026-03-15T23:08:38+00:00\",\"description\":\"D\u00e9couvrez Galactic Men Lntense Eau de Parfum 100 ml de Maison Alhambra pour homme, un parfum masculin intense aux notes bois\u00e9es et \u00e9pic\u00e9es .\",\"breadcrumb\":{\"@id\":\"https:\\\/\\\/vitablanca.ma\\\/produit\\\/galactic-men-lntense-maison-alhambra-eau-de-parfum-pour-homme-100ml\\\/#breadcrumb\"},\"inLanguage\":\"en-US\",\"potentialAction\":[{\"@type\":\"ReadAction\",\"target\":[\"https:\\\/\\\/vitablanca.ma\\\/produit\\\/galactic-men-lntense-maison-alhambra-eau-de-parfum-pour-homme-100ml\\\/\"]}]},{\"@type\":\"ImageObject\",\"inLanguage\":\"en-US\",\"@id\":\"https:\\\/\\\/vitablanca.ma\\\/produit\\\/galactic-men-lntense-maison-alhambra-eau-de-parfum-pour-homme-100ml\\\/#primaryimage\",\"url\":\"https:\\\/\\\/vitablanca.ma\\\/wp-content\\\/uploads\\\/2026\\\/03\\\/GALACTICMENLNTENSE4.jpg\",\"contentUrl\":\"https:\\\/\\\/vitablanca.ma\\\/wp-content\\\/uploads\\\/2026\\\/03\\\/GALACTICMENLNTENSE4.jpg\",\"width\":1080,\"height\":1080},{\"@type\":\"BreadcrumbList\",\"@id\":\"https:\\\/\\\/vitablanca.ma\\\/produit\\\/galactic-men-lntense-maison-alhambra-eau-de-parfum-pour-homme-100ml\\\/#breadcrumb\",\"itemListElement\":[{\"@type\":\"ListItem\",\"position\":1,\"name\":\"Home\",\"item\":\"https:\\\/\\\/vitablanca.ma\\\/\"},{\"@type\":\"ListItem\",\"position\":2,\"name\":\"Tous Les Produits\",\"item\":\"https:\\\/\\\/vitablanca.ma\\\/tous-les-produits\\\/\"},{\"@type\":\"ListItem\",\"position\":3,\"name\":\"GALACTIC MEN LNTENSE &#8211; Maison Alhambra Eau de Parfum Pour Homme &#8211; 100ml\"}]},{\"@type\":\"WebSite\",\"@id\":\"https:\\\/\\\/vitablanca.ma\\\/#website\",\"url\":\"https:\\\/\\\/vitablanca.ma\\\/\",\"name\":\"VitaBlanca.ma | Compl\u00e9ments alimentaires, sant\u00e9 & beaut\u00e9 au Maroc\",\"description\":\"vendre vitamines et compl\u00e9ments premium des USA &amp; Canada, Nouvelle Z\u00e9lande,Maroc (NOW Foods, Solgar, Manuka). Livraison rapide partout au Maroc.\",\"publisher\":{\"@id\":\"https:\\\/\\\/vitablanca.ma\\\/#organization\"},\"alternateName\":\"VitaBlanca.ma\",\"potentialAction\":[{\"@type\":\"SearchAction\",\"target\":{\"@type\":\"EntryPoint\",\"urlTemplate\":\"https:\\\/\\\/vitablanca.ma\\\/?s={search_term_string}\"},\"query-input\":{\"@type\":\"PropertyValueSpecification\",\"valueRequired\":true,\"valueName\":\"search_term_string\"}}],\"inLanguage\":\"en-US\"},{\"@type\":\"Organization\",\"@id\":\"https:\\\/\\\/vitablanca.ma\\\/#organization\",\"name\":\"VitaBlanca\",\"url\":\"https:\\\/\\\/vitablanca.ma\\\/\",\"logo\":{\"@type\":\"ImageObject\",\"inLanguage\":\"en-US\",\"@id\":\"https:\\\/\\\/vitablanca.ma\\\/#\\\/schema\\\/logo\\\/image\\\/\",\"url\":\"https:\\\/\\\/vitablanca.ma\\\/wp-content\\\/uploads\\\/2025\\\/05\\\/cropped-vitablanca.png\",\"contentUrl\":\"https:\\\/\\\/vitablanca.ma\\\/wp-content\\\/uploads\\\/2025\\\/05\\\/cropped-vitablanca.png\",\"width\":360,\"height\":67,\"caption\":\"VitaBlanca\"},\"image\":{\"@id\":\"https:\\\/\\\/vitablanca.ma\\\/#\\\/schema\\\/logo\\\/image\\\/\"},\"sameAs\":[\"https:\\\/\\\/www.facebook.com\\\/profile.php?id=61576678196717\",\"https:\\\/\\\/www.tiktok.com\\\/@vitablanca.ma\",\"https:\\\/\\\/www.instagram.com\\\/vitablanca.ma\\\/\"]}]}<\/script>\n<!-- \/ Yoast SEO plugin. -->","yoast_head_json":{"title":"GALACTIC MEN LNTENSE - Maison Alhambra - Maroc Prix","description":"D\u00e9couvrez Galactic Men Lntense Eau de Parfum 100 ml de Maison Alhambra pour homme, un parfum masculin intense aux notes bois\u00e9es et \u00e9pic\u00e9es .","robots":{"index":"index","follow":"follow","max-snippet":"max-snippet:-1","max-image-preview":"max-image-preview:large","max-video-preview":"max-video-preview:-1"},"canonical":"https:\/\/vitablanca.ma\/en\/product\/galactic-men-lntense-maison-alhambra-eau-de-parfum-pour-homme-100ml\/","og_locale":"en_US","og_type":"article","og_title":"GALACTIC MEN LNTENSE - Maison Alhambra - Maroc Prix","og_description":"D\u00e9couvrez Galactic Men Lntense Eau de Parfum 100 ml de Maison Alhambra pour homme, un parfum masculin intense aux notes bois\u00e9es et \u00e9pic\u00e9es .","og_url":"https:\/\/vitablanca.ma\/en\/product\/galactic-men-lntense-maison-alhambra-eau-de-parfum-pour-homme-100ml\/","og_site_name":"Vitablanca.ma &ndash; Sant&eacute;, vitalit&eacute; et bien-&ecirc;tre pour tous les Marocains","article_publisher":"https:\/\/www.facebook.com\/profile.php?id=61576678196717","article_modified_time":"2026-03-15T23:08:38+00:00","og_image":[{"width":1080,"height":1080,"url":"https:\/\/vitablanca.ma\/wp-content\/uploads\/2026\/03\/GALACTICMENLNTENSE4.jpg","type":"image\/jpeg"}],"twitter_card":"summary_large_image","twitter_misc":{"Est. reading time":"1 minute"},"schema":{"@context":"https:\/\/schema.org","@graph":[{"@type":["WebPage","ItemPage"],"@id":"https:\/\/vitablanca.ma\/produit\/galactic-men-lntense-maison-alhambra-eau-de-parfum-pour-homme-100ml\/","url":"https:\/\/vitablanca.ma\/produit\/galactic-men-lntense-maison-alhambra-eau-de-parfum-pour-homme-100ml\/","name":"GALACTIC MEN LNTENSE - Maison Alhambra - Maroc Prix","isPartOf":{"@id":"https:\/\/vitablanca.ma\/#website"},"primaryImageOfPage":{"@id":"https:\/\/vitablanca.ma\/produit\/galactic-men-lntense-maison-alhambra-eau-de-parfum-pour-homme-100ml\/#primaryimage"},"image":{"@id":"https:\/\/vitablanca.ma\/produit\/galactic-men-lntense-maison-alhambra-eau-de-parfum-pour-homme-100ml\/#primaryimage"},"thumbnailUrl":"https:\/\/vitablanca.ma\/wp-content\/uploads\/2026\/03\/GALACTICMENLNTENSE4.jpg","datePublished":"2026-03-04T02:21:42+00:00","dateModified":"2026-03-15T23:08:38+00:00","description":"D\u00e9couvrez Galactic Men Lntense Eau de Parfum 100 ml de Maison Alhambra pour homme, un parfum masculin intense aux notes bois\u00e9es et \u00e9pic\u00e9es .","breadcrumb":{"@id":"https:\/\/vitablanca.ma\/produit\/galactic-men-lntense-maison-alhambra-eau-de-parfum-pour-homme-100ml\/#breadcrumb"},"inLanguage":"en-US","potentialAction":[{"@type":"ReadAction","target":["https:\/\/vitablanca.ma\/produit\/galactic-men-lntense-maison-alhambra-eau-de-parfum-pour-homme-100ml\/"]}]},{"@type":"ImageObject","inLanguage":"en-US","@id":"https:\/\/vitablanca.ma\/produit\/galactic-men-lntense-maison-alhambra-eau-de-parfum-pour-homme-100ml\/#primaryimage","url":"https:\/\/vitablanca.ma\/wp-content\/uploads\/2026\/03\/GALACTICMENLNTENSE4.jpg","contentUrl":"https:\/\/vitablanca.ma\/wp-content\/uploads\/2026\/03\/GALACTICMENLNTENSE4.jpg","width":1080,"height":1080},{"@type":"BreadcrumbList","@id":"https:\/\/vitablanca.ma\/produit\/galactic-men-lntense-maison-alhambra-eau-de-parfum-pour-homme-100ml\/#breadcrumb","itemListElement":[{"@type":"ListItem","position":1,"name":"Home","item":"https:\/\/vitablanca.ma\/"},{"@type":"ListItem","position":2,"name":"Tous Les Produits","item":"https:\/\/vitablanca.ma\/tous-les-produits\/"},{"@type":"ListItem","position":3,"name":"GALACTIC MEN LNTENSE &#8211; Maison Alhambra Eau de Parfum Pour Homme &#8211; 100ml"}]},{"@type":"WebSite","@id":"https:\/\/vitablanca.ma\/#website","url":"https:\/\/vitablanca.ma\/","name":"VitaBlanca.ma | Food supplements, health &amp; beauty in Morocco","description":"sell premium vitamins and supplements from USA &amp; Canada, New Zealand, Morocco (NOW Foods, Solgar, Manuka). Fast delivery anywhere in Morocco.","publisher":{"@id":"https:\/\/vitablanca.ma\/#organization"},"alternateName":"VitaBlanca.ma","potentialAction":[{"@type":"SearchAction","target":{"@type":"EntryPoint","urlTemplate":"https:\/\/vitablanca.ma\/?s={search_term_string}"},"query-input":{"@type":"PropertyValueSpecification","valueRequired":true,"valueName":"search_term_string"}}],"inLanguage":"en-US"},{"@type":"Organization","@id":"https:\/\/vitablanca.ma\/#organization","name":"VitaBlanca","url":"https:\/\/vitablanca.ma\/","logo":{"@type":"ImageObject","inLanguage":"en-US","@id":"https:\/\/vitablanca.ma\/#\/schema\/logo\/image\/","url":"https:\/\/vitablanca.ma\/wp-content\/uploads\/2025\/05\/cropped-vitablanca.png","contentUrl":"https:\/\/vitablanca.ma\/wp-content\/uploads\/2025\/05\/cropped-vitablanca.png","width":360,"height":67,"caption":"VitaBlanca"},"image":{"@id":"https:\/\/vitablanca.ma\/#\/schema\/logo\/image\/"},"sameAs":["https:\/\/www.facebook.com\/profile.php?id=61576678196717","https:\/\/www.tiktok.com\/@vitablanca.ma","https:\/\/www.instagram.com\/vitablanca.ma\/"]}]}},"jetpack_sharing_enabled":true,"_links":{"self":[{"href":"https:\/\/vitablanca.ma\/en\/wp-json\/wp\/v2\/product\/32376","targetHints":{"allow":["GET"]}}],"collection":[{"href":"https:\/\/vitablanca.ma\/en\/wp-json\/wp\/v2\/product"}],"about":[{"href":"https:\/\/vitablanca.ma\/en\/wp-json\/wp\/v2\/types\/product"}],"wp:featuredmedia":[{"embeddable":true,"href":"https:\/\/vitablanca.ma\/en\/wp-json\/wp\/v2\/media\/32372"}],"wp:attachment":[{"href":"https:\/\/vitablanca.ma\/en\/wp-json\/wp\/v2\/media?parent=32376"}],"wp:term":[{"taxonomy":"product_brand","embeddable":true,"href":"https:\/\/vitablanca.ma\/en\/wp-json\/wp\/v2\/product_brand?post=32376"},{"taxonomy":"product_cat","embeddable":true,"href":"https:\/\/vitablanca.ma\/en\/wp-json\/wp\/v2\/product_cat?post=32376"},{"taxonomy":"product_tag","embeddable":true,"href":"https:\/\/vitablanca.ma\/en\/wp-json\/wp\/v2\/product_tag?post=32376"}],"curies":[{"name":"wp","href":"https:\/\/api.w.org\/{rel}","templated":true}]}}