{"id":32129,"date":"2026-03-04T02:13:43","date_gmt":"2026-03-04T02:13:43","guid":{"rendered":"https:\/\/vitablanca.ma\/produit\/maahir-black-edition-eau-de-parfum-pour-homme-lattafa-100ml\/"},"modified":"2026-04-17T22:32:35","modified_gmt":"2026-04-17T22:32:35","slug":"maahir-black-edition-eau-de-parfum-pour-homme-lattafa-100ml","status":"publish","type":"product","link":"https:\/\/vitablanca.ma\/en\/product\/maahir-black-edition-eau-de-parfum-pour-homme-lattafa-100ml\/","title":{"rendered":"Maahir Black Edition Eau De Parfum Pour Homme &#8211; LATTAFA 100ml"},"content":{"rendered":"<p class=\"MsoNormal\"><span class=\"notranslate\"><b><span style=\"font-family: 'Arial','sans-serif';color: #262626;border: solid #EBEBEB 1.0pt;padding: 0cm;background: #F9F9F9\">Maahir Black<\/span><\/b><\/span><span style=\"font-family: 'Arial','sans-serif';color: #262626;background: #F9F9F9\"><span style=\"float: none\"> <strong>Edition<\/strong> of\u00a0<\/span><span class=\"notranslate\"><b><span style=\"border: solid #EBEBEB 1.0pt;padding: 0cm\"><span>LATTAFA<\/span><\/span><\/b><\/span><span style=\"float: none\">\u00a0est un parfum qui ouvre la porte au monde myst\u00e9rieux de l\u2019Orient, plein de notes riches et \u00e9pic\u00e9es. Son luxe de niche r\u00e9side dans une combinaison raffin\u00e9e d\u2019ingr\u00e9dients, domin\u00e9e par le pr\u00e9cieux bois d\u2019agar (oud), compl\u00e9t\u00e9e par des \u00e9pices, des r\u00e9sines et du bois riche<\/span>.<\/span><\/p>\n<p class=\"MsoNormal\"><span class=\"relative\"><b><span style=\"font-family: 'Arial','sans-serif';color: #262626\">Olfactory notes:<\/span><\/b><\/span><span style=\"font-family: 'Arial','sans-serif';color: #262626;background: #F9F9F9\"><\/span><\/p>\n<ul>\n<li class=\"MsoNormal\"><span style=\"font-family: 'Arial','sans-serif';color: #262626\"><strong>Top notes:<\/strong> Bergamote, Romarin, Violette<\/span><\/li>\n<li class=\"MsoNormal\"><span style=\"font-family: 'Arial','sans-serif';color: #262626\"><strong>Heart notes:<\/strong> Ambre gris, racine d\u2019iris, labdanum, myrrhe, oliban, vanille<\/span><\/li>\n<li class=\"MsoNormal\"><span style=\"font-family: 'Arial','sans-serif';color: #262626\"><strong>Base notes:<\/strong> C\u00e8dre, Oud, Patchouli, Sandale, Peau, Fum\u00e9e<\/span><\/li>\n<li class=\"MsoNormal\" style=\"font-weight: bold\"><strong><span style=\"font-family: 'Arial','sans-serif';color: #262626\">Similaire : Terroni Orto Parisi<\/span><\/strong><\/li>\n<\/ul>","protected":false},"excerpt":{"rendered":"<p>Maahir Black Edition de\u00a0LATTAFA\u00a0est un parfum qui ouvre la porte au monde myst\u00e9rieux de l\u2019Orient, plein de notes riches et \u00e9pic\u00e9es. Son luxe de niche r\u00e9side dans une combinaison raffin\u00e9e d\u2019ingr\u00e9dients, domin\u00e9e par le pr\u00e9cieux bois d\u2019agar (oud), compl\u00e9t\u00e9e par des \u00e9pices, des r\u00e9sines et du bois riche. Notes olfactives : Notes de t\u00eate : [&hellip;]<\/p>\n","protected":false},"featured_media":32125,"template":"","meta":{"om_disable_all_campaigns":false},"product_brand":[],"product_cat":[18,15,1091],"product_tag":[],"class_list":{"0":"post-32129","1":"product","2":"type-product","3":"status-publish","4":"has-post-thumbnail","6":"product_cat-beaute-sante","7":"product_cat-beaute-sante-complements-alimentaires-soins-et-bien-etre-au-meilleur-prix","8":"product_cat-beaute-parfums-maroc-prix","10":"first","11":"instock","12":"taxable","13":"shipping-taxable","14":"purchasable","15":"product-type-simple"},"yoast_head":"<!-- This site is optimized with the Yoast SEO plugin v27.5 - https:\/\/yoast.com\/product\/yoast-seo-wordpress\/ -->\n<title>Maahir Black Edition Eau De Parfum Pour Homme - LATTAFA 100ml - Maroc Prix<\/title>\n<meta name=\"description\" content=\"Maahir Black Edition Eau De Parfum Pour Homme - LATTAFA 100ml\" \/>\n<meta name=\"robots\" content=\"index, follow, max-snippet:-1, max-image-preview:large, max-video-preview:-1\" \/>\n<link rel=\"canonical\" href=\"https:\/\/vitablanca.ma\/en\/product\/maahir-black-edition-eau-de-parfum-pour-homme-lattafa-100ml\/\" \/>\n<meta property=\"og:locale\" content=\"en_US\" \/>\n<meta property=\"og:type\" content=\"article\" \/>\n<meta property=\"og:title\" content=\"Maahir Black Edition Eau De Parfum Pour Homme - LATTAFA 100ml - Maroc Prix\" \/>\n<meta property=\"og:description\" content=\"Maahir Black Edition Eau De Parfum Pour Homme - LATTAFA 100ml\" \/>\n<meta property=\"og:url\" content=\"https:\/\/vitablanca.ma\/en\/product\/maahir-black-edition-eau-de-parfum-pour-homme-lattafa-100ml\/\" \/>\n<meta property=\"og:site_name\" content=\"Vitablanca.ma &ndash; Sant&eacute;, vitalit&eacute; et bien-&ecirc;tre pour tous les Marocains\" \/>\n<meta property=\"article:publisher\" content=\"https:\/\/www.facebook.com\/profile.php?id=61576678196717\" \/>\n<meta property=\"article:modified_time\" content=\"2026-04-17T22:32:35+00:00\" \/>\n<meta property=\"og:image\" content=\"https:\/\/vitablanca.ma\/wp-content\/uploads\/2026\/03\/MaahirBlackEditionEauDeParfumPourHomme-LATTAFA100ml2.jpg\" \/>\n\t<meta property=\"og:image:width\" content=\"1080\" \/>\n\t<meta property=\"og:image:height\" content=\"1080\" \/>\n\t<meta property=\"og:image:type\" content=\"image\/jpeg\" \/>\n<meta name=\"twitter:card\" content=\"summary_large_image\" \/>\n<script type=\"application\/ld+json\" class=\"yoast-schema-graph\">{\"@context\":\"https:\\\/\\\/schema.org\",\"@graph\":[{\"@type\":[\"WebPage\",\"ItemPage\"],\"@id\":\"https:\\\/\\\/vitablanca.ma\\\/produit\\\/maahir-black-edition-eau-de-parfum-pour-homme-lattafa-100ml\\\/\",\"url\":\"https:\\\/\\\/vitablanca.ma\\\/produit\\\/maahir-black-edition-eau-de-parfum-pour-homme-lattafa-100ml\\\/\",\"name\":\"Maahir Black Edition Eau De Parfum Pour Homme - LATTAFA 100ml - Maroc Prix\",\"isPartOf\":{\"@id\":\"https:\\\/\\\/vitablanca.ma\\\/#website\"},\"primaryImageOfPage\":{\"@id\":\"https:\\\/\\\/vitablanca.ma\\\/produit\\\/maahir-black-edition-eau-de-parfum-pour-homme-lattafa-100ml\\\/#primaryimage\"},\"image\":{\"@id\":\"https:\\\/\\\/vitablanca.ma\\\/produit\\\/maahir-black-edition-eau-de-parfum-pour-homme-lattafa-100ml\\\/#primaryimage\"},\"thumbnailUrl\":\"https:\\\/\\\/vitablanca.ma\\\/wp-content\\\/uploads\\\/2026\\\/03\\\/MaahirBlackEditionEauDeParfumPourHomme-LATTAFA100ml2.jpg\",\"datePublished\":\"2026-03-04T02:13:43+00:00\",\"dateModified\":\"2026-04-17T22:32:35+00:00\",\"description\":\"Maahir Black Edition Eau De Parfum Pour Homme - LATTAFA 100ml\",\"breadcrumb\":{\"@id\":\"https:\\\/\\\/vitablanca.ma\\\/produit\\\/maahir-black-edition-eau-de-parfum-pour-homme-lattafa-100ml\\\/#breadcrumb\"},\"inLanguage\":\"en-US\",\"potentialAction\":[{\"@type\":\"ReadAction\",\"target\":[\"https:\\\/\\\/vitablanca.ma\\\/produit\\\/maahir-black-edition-eau-de-parfum-pour-homme-lattafa-100ml\\\/\"]}]},{\"@type\":\"ImageObject\",\"inLanguage\":\"en-US\",\"@id\":\"https:\\\/\\\/vitablanca.ma\\\/produit\\\/maahir-black-edition-eau-de-parfum-pour-homme-lattafa-100ml\\\/#primaryimage\",\"url\":\"https:\\\/\\\/vitablanca.ma\\\/wp-content\\\/uploads\\\/2026\\\/03\\\/MaahirBlackEditionEauDeParfumPourHomme-LATTAFA100ml2.jpg\",\"contentUrl\":\"https:\\\/\\\/vitablanca.ma\\\/wp-content\\\/uploads\\\/2026\\\/03\\\/MaahirBlackEditionEauDeParfumPourHomme-LATTAFA100ml2.jpg\",\"width\":1080,\"height\":1080},{\"@type\":\"BreadcrumbList\",\"@id\":\"https:\\\/\\\/vitablanca.ma\\\/produit\\\/maahir-black-edition-eau-de-parfum-pour-homme-lattafa-100ml\\\/#breadcrumb\",\"itemListElement\":[{\"@type\":\"ListItem\",\"position\":1,\"name\":\"Home\",\"item\":\"https:\\\/\\\/vitablanca.ma\\\/\"},{\"@type\":\"ListItem\",\"position\":2,\"name\":\"Tous Les Produits\",\"item\":\"https:\\\/\\\/vitablanca.ma\\\/tous-les-produits\\\/\"},{\"@type\":\"ListItem\",\"position\":3,\"name\":\"Maahir Black Edition Eau De Parfum Pour Homme &#8211; LATTAFA 100ml\"}]},{\"@type\":\"WebSite\",\"@id\":\"https:\\\/\\\/vitablanca.ma\\\/#website\",\"url\":\"https:\\\/\\\/vitablanca.ma\\\/\",\"name\":\"VitaBlanca.ma | Compl\u00e9ments alimentaires, sant\u00e9 & beaut\u00e9 au Maroc\",\"description\":\"vendre vitamines et compl\u00e9ments premium des USA &amp; Canada, Nouvelle Z\u00e9lande,Maroc (NOW Foods, Solgar, Manuka). Livraison rapide partout au Maroc.\",\"publisher\":{\"@id\":\"https:\\\/\\\/vitablanca.ma\\\/#organization\"},\"alternateName\":\"VitaBlanca.ma\",\"potentialAction\":[{\"@type\":\"SearchAction\",\"target\":{\"@type\":\"EntryPoint\",\"urlTemplate\":\"https:\\\/\\\/vitablanca.ma\\\/?s={search_term_string}\"},\"query-input\":{\"@type\":\"PropertyValueSpecification\",\"valueRequired\":true,\"valueName\":\"search_term_string\"}}],\"inLanguage\":\"en-US\"},{\"@type\":\"Organization\",\"@id\":\"https:\\\/\\\/vitablanca.ma\\\/#organization\",\"name\":\"VitaBlanca\",\"url\":\"https:\\\/\\\/vitablanca.ma\\\/\",\"logo\":{\"@type\":\"ImageObject\",\"inLanguage\":\"en-US\",\"@id\":\"https:\\\/\\\/vitablanca.ma\\\/#\\\/schema\\\/logo\\\/image\\\/\",\"url\":\"https:\\\/\\\/vitablanca.ma\\\/wp-content\\\/uploads\\\/2025\\\/05\\\/cropped-vitablanca.png\",\"contentUrl\":\"https:\\\/\\\/vitablanca.ma\\\/wp-content\\\/uploads\\\/2025\\\/05\\\/cropped-vitablanca.png\",\"width\":360,\"height\":67,\"caption\":\"VitaBlanca\"},\"image\":{\"@id\":\"https:\\\/\\\/vitablanca.ma\\\/#\\\/schema\\\/logo\\\/image\\\/\"},\"sameAs\":[\"https:\\\/\\\/www.facebook.com\\\/profile.php?id=61576678196717\",\"https:\\\/\\\/www.tiktok.com\\\/@vitablanca.ma\",\"https:\\\/\\\/www.instagram.com\\\/vitablanca.ma\\\/\"]}]}<\/script>\n<!-- \/ Yoast SEO plugin. -->","yoast_head_json":{"title":"Maahir Black Edition Eau De Parfum Pour Homme - LATTAFA 100ml - Maroc Prix","description":"Maahir Black Edition Eau De Parfum Pour Homme - LATTAFA 100ml","robots":{"index":"index","follow":"follow","max-snippet":"max-snippet:-1","max-image-preview":"max-image-preview:large","max-video-preview":"max-video-preview:-1"},"canonical":"https:\/\/vitablanca.ma\/en\/product\/maahir-black-edition-eau-de-parfum-pour-homme-lattafa-100ml\/","og_locale":"en_US","og_type":"article","og_title":"Maahir Black Edition Eau De Parfum Pour Homme - LATTAFA 100ml - Maroc Prix","og_description":"Maahir Black Edition Eau De Parfum Pour Homme - LATTAFA 100ml","og_url":"https:\/\/vitablanca.ma\/en\/product\/maahir-black-edition-eau-de-parfum-pour-homme-lattafa-100ml\/","og_site_name":"Vitablanca.ma &ndash; Sant&eacute;, vitalit&eacute; et bien-&ecirc;tre pour tous les Marocains","article_publisher":"https:\/\/www.facebook.com\/profile.php?id=61576678196717","article_modified_time":"2026-04-17T22:32:35+00:00","og_image":[{"width":1080,"height":1080,"url":"https:\/\/vitablanca.ma\/wp-content\/uploads\/2026\/03\/MaahirBlackEditionEauDeParfumPourHomme-LATTAFA100ml2.jpg","type":"image\/jpeg"}],"twitter_card":"summary_large_image","schema":{"@context":"https:\/\/schema.org","@graph":[{"@type":["WebPage","ItemPage"],"@id":"https:\/\/vitablanca.ma\/produit\/maahir-black-edition-eau-de-parfum-pour-homme-lattafa-100ml\/","url":"https:\/\/vitablanca.ma\/produit\/maahir-black-edition-eau-de-parfum-pour-homme-lattafa-100ml\/","name":"Maahir Black Edition Eau De Parfum Pour Homme - LATTAFA 100ml - Maroc Prix","isPartOf":{"@id":"https:\/\/vitablanca.ma\/#website"},"primaryImageOfPage":{"@id":"https:\/\/vitablanca.ma\/produit\/maahir-black-edition-eau-de-parfum-pour-homme-lattafa-100ml\/#primaryimage"},"image":{"@id":"https:\/\/vitablanca.ma\/produit\/maahir-black-edition-eau-de-parfum-pour-homme-lattafa-100ml\/#primaryimage"},"thumbnailUrl":"https:\/\/vitablanca.ma\/wp-content\/uploads\/2026\/03\/MaahirBlackEditionEauDeParfumPourHomme-LATTAFA100ml2.jpg","datePublished":"2026-03-04T02:13:43+00:00","dateModified":"2026-04-17T22:32:35+00:00","description":"Maahir Black Edition Eau De Parfum Pour Homme - LATTAFA 100ml","breadcrumb":{"@id":"https:\/\/vitablanca.ma\/produit\/maahir-black-edition-eau-de-parfum-pour-homme-lattafa-100ml\/#breadcrumb"},"inLanguage":"en-US","potentialAction":[{"@type":"ReadAction","target":["https:\/\/vitablanca.ma\/produit\/maahir-black-edition-eau-de-parfum-pour-homme-lattafa-100ml\/"]}]},{"@type":"ImageObject","inLanguage":"en-US","@id":"https:\/\/vitablanca.ma\/produit\/maahir-black-edition-eau-de-parfum-pour-homme-lattafa-100ml\/#primaryimage","url":"https:\/\/vitablanca.ma\/wp-content\/uploads\/2026\/03\/MaahirBlackEditionEauDeParfumPourHomme-LATTAFA100ml2.jpg","contentUrl":"https:\/\/vitablanca.ma\/wp-content\/uploads\/2026\/03\/MaahirBlackEditionEauDeParfumPourHomme-LATTAFA100ml2.jpg","width":1080,"height":1080},{"@type":"BreadcrumbList","@id":"https:\/\/vitablanca.ma\/produit\/maahir-black-edition-eau-de-parfum-pour-homme-lattafa-100ml\/#breadcrumb","itemListElement":[{"@type":"ListItem","position":1,"name":"Home","item":"https:\/\/vitablanca.ma\/"},{"@type":"ListItem","position":2,"name":"Tous Les Produits","item":"https:\/\/vitablanca.ma\/tous-les-produits\/"},{"@type":"ListItem","position":3,"name":"Maahir Black Edition Eau De Parfum Pour Homme &#8211; LATTAFA 100ml"}]},{"@type":"WebSite","@id":"https:\/\/vitablanca.ma\/#website","url":"https:\/\/vitablanca.ma\/","name":"VitaBlanca.ma | Food supplements, health &amp; beauty in Morocco","description":"sell premium vitamins and supplements from USA &amp; Canada, New Zealand, Morocco (NOW Foods, Solgar, Manuka). Fast delivery anywhere in Morocco.","publisher":{"@id":"https:\/\/vitablanca.ma\/#organization"},"alternateName":"VitaBlanca.ma","potentialAction":[{"@type":"SearchAction","target":{"@type":"EntryPoint","urlTemplate":"https:\/\/vitablanca.ma\/?s={search_term_string}"},"query-input":{"@type":"PropertyValueSpecification","valueRequired":true,"valueName":"search_term_string"}}],"inLanguage":"en-US"},{"@type":"Organization","@id":"https:\/\/vitablanca.ma\/#organization","name":"VitaBlanca","url":"https:\/\/vitablanca.ma\/","logo":{"@type":"ImageObject","inLanguage":"en-US","@id":"https:\/\/vitablanca.ma\/#\/schema\/logo\/image\/","url":"https:\/\/vitablanca.ma\/wp-content\/uploads\/2025\/05\/cropped-vitablanca.png","contentUrl":"https:\/\/vitablanca.ma\/wp-content\/uploads\/2025\/05\/cropped-vitablanca.png","width":360,"height":67,"caption":"VitaBlanca"},"image":{"@id":"https:\/\/vitablanca.ma\/#\/schema\/logo\/image\/"},"sameAs":["https:\/\/www.facebook.com\/profile.php?id=61576678196717","https:\/\/www.tiktok.com\/@vitablanca.ma","https:\/\/www.instagram.com\/vitablanca.ma\/"]}]}},"jetpack_sharing_enabled":true,"_links":{"self":[{"href":"https:\/\/vitablanca.ma\/en\/wp-json\/wp\/v2\/product\/32129","targetHints":{"allow":["GET"]}}],"collection":[{"href":"https:\/\/vitablanca.ma\/en\/wp-json\/wp\/v2\/product"}],"about":[{"href":"https:\/\/vitablanca.ma\/en\/wp-json\/wp\/v2\/types\/product"}],"wp:featuredmedia":[{"embeddable":true,"href":"https:\/\/vitablanca.ma\/en\/wp-json\/wp\/v2\/media\/32125"}],"wp:attachment":[{"href":"https:\/\/vitablanca.ma\/en\/wp-json\/wp\/v2\/media?parent=32129"}],"wp:term":[{"taxonomy":"product_brand","embeddable":true,"href":"https:\/\/vitablanca.ma\/en\/wp-json\/wp\/v2\/product_brand?post=32129"},{"taxonomy":"product_cat","embeddable":true,"href":"https:\/\/vitablanca.ma\/en\/wp-json\/wp\/v2\/product_cat?post=32129"},{"taxonomy":"product_tag","embeddable":true,"href":"https:\/\/vitablanca.ma\/en\/wp-json\/wp\/v2\/product_tag?post=32129"}],"curies":[{"name":"wp","href":"https:\/\/api.w.org\/{rel}","templated":true}]}}