{"id":32005,"date":"2026-03-04T02:10:28","date_gmt":"2026-03-04T02:10:28","guid":{"rendered":"https:\/\/vitablanca.ma\/produit\/qaaed-eau-de-parfum-lattafa-pour-homme-100ml\/"},"modified":"2026-03-15T23:08:44","modified_gmt":"2026-03-15T23:08:44","slug":"qaaed-eau-de-parfum-lattafa-pour-homme-100ml","status":"publish","type":"product","link":"https:\/\/vitablanca.ma\/en\/product\/qaaed-eau-de-parfum-lattafa-pour-homme-100ml\/","title":{"rendered":"Qaa\u2019ed Eau de Parfum Lattafa Pour Homme &#8211; 100ml"},"content":{"rendered":"<p style=\"margin: 0cm;margin-bottom: .0001pt;background: white;vertical-align: baseline\"><strong><span style=\"font-size: 11.0pt;font-family: 'Arial','sans-serif';color: #262626;border: none windowtext 1.0pt;padding: 0cm;background: white\">Qaa\u2019ed (<span lang=\"AR-SA\" dir=\"RTL\">\u0642\u0627\u0626\u062f<\/span><span dir=\"LTR\"><\/span><span dir=\"LTR\"><\/span><span lang=\"AR-SA\"><span dir=\"LTR\"><\/span><span dir=\"LTR\"><\/span>\u200e<\/span>)<\/span><\/strong><span style=\"font-size: 11.0pt;font-family: 'Arial','sans-serif';color: #262626;background: white\"><span style=\"text-align: start;float: none\">\u00a0of\u00a0<\/span><\/span><b><span style=\"font-size: 11.0pt;font-family: 'Arial','sans-serif';color: #262626\"><a href=\"https:\/\/parfumstore.ma\/lattafa\/\" style=\"line-height: inherit;text-align: start\"><span style=\"color: #262626;border: none windowtext 1.0pt;padding: 0cm;background: white\">Lattafa<\/span><\/a><\/span><\/b><span style=\"font-size: 11.0pt;font-family: 'Arial','sans-serif';color: #262626;background: white\"><span style=\"text-align: start;float: none\">\u00a0eau de parfum orientale avec du caract\u00e8re, de l\u2019intensit\u00e9. Exotique, ultra chaleureuse et infiniment enveloppante. Un Sillage \u00e9pic\u00e9 voluptueux, authentique et addictif viendra s\u2019envelopper et se renforcer d\u2019un voile de vanille cuir\u00e9e, d\u2019un bois de santal cr\u00e9meux et d\u2019un souffle d\u2019Oud hypnotique. Les ingr\u00e9dients sont minutieusement choisis pour cr\u00e9er une fragrance digne de la tradition arabe.<\/span><\/span><\/p>\n<p style=\"margin: 0cm;margin-bottom: .0001pt;background: white;vertical-align: baseline\"><span style=\"font-size: 11.0pt;font-family: 'Arial','sans-serif';color: #262626\"><br \/><span style=\"background: white\"><span style=\"text-align: start;float: none\">Le flacon dor\u00e9 au design moderne et luxueux se distingue par son raffinement ultime, \u00e0 l\u2019image de l\u2019\u00e9lixir qu\u2019il abrite. D\u00e8s les premi\u00e8res notes, ce parfum livre une interpr\u00e9tation in\u00e9dite des \u00e9pices orientales qui donne un voyage olfactif vers le Moyent-Orient.<\/span><\/span><\/span><\/p>\n<p style=\"margin: 0cm;margin-bottom: .0001pt;background: white;vertical-align: baseline\"><span style=\"font-size: 11.0pt;font-family: 'Arial','sans-serif';color: #262626\"><br \/><span style=\"background: white\"><span style=\"text-align: start;float: none\">Les notes de t\u00eate de\u00a0<\/span><strong style=\"line-height: inherit;text-align: start\"><span style=\"font-family: 'Arial','sans-serif';border: none windowtext 1.0pt;padding: 0cm\">Qaa\u2019ed (<span lang=\"AR-SA\" dir=\"RTL\">\u0642\u0627\u0626\u062f<\/span><span dir=\"LTR\"><\/span><span dir=\"LTR\"><\/span><span lang=\"AR-SA\"><span dir=\"LTR\"><\/span><span dir=\"LTR\"><\/span>\u200e<\/span>)<\/span><\/strong><span style=\"text-align: start;float: none\"> sont la Safran, Noix de Muscade, \u00c9corce de Cannelle, Cardamome. Ensuite aux c\u0153urs de la fragrance les notes sont le bois d\u2019oud et le bois de santal. Les notes de fond sont ambre, la vanille et le cuir. Vous \u00eates unique et votre parfum aussi.<\/span><\/span><\/span><\/p>\n<p style=\"margin: 0cm;margin-bottom: .0001pt;background: white;vertical-align: baseline\">\u00a0<\/p>\n<p style=\"margin: 0cm;margin-bottom: .0001pt;background: white;vertical-align: baseline\"><b><span style=\"font-size: 11.0pt;font-family: 'Arial','sans-serif';color: #262626\">Olfactory notes:<\/span><\/b><\/p>\n<p style=\"margin: 0cm;margin-bottom: .0001pt;background: white;vertical-align: baseline\">\u00a0<\/p>\n<p class=\"MsoNormal\" style=\"margin-bottom: .0001pt;line-height: normal;background: white;vertical-align: baseline\"><b><span style=\"font-family: 'Arial','sans-serif';color: #262626;border: none windowtext 1.0pt;padding: 0cm\">Top notes:<\/span><\/b><span style=\"font-family: 'Arial','sans-serif';color: #262626;border: none windowtext 1.0pt;padding: 0cm\">\u00a0Cannelle, Cardamome, Bergamote<\/span><span style=\"font-family: 'Arial','sans-serif';color: #262626\"><\/span><\/p>\n<p class=\"MsoNormal\" style=\"margin-bottom: .0001pt;line-height: normal;background: white;vertical-align: baseline\"><b><span style=\"font-family: 'Arial','sans-serif';color: #262626;border: none windowtext 1.0pt;padding: 0cm\">Heart notes:<\/span><\/b><span style=\"font-family: 'Arial','sans-serif';color: #262626;border: none windowtext 1.0pt;padding: 0cm\">\u00a0Safran, bois de santal, c\u00e8dre, \u0153illet<\/span><span style=\"font-family: 'Arial','sans-serif';color: #262626\"><\/span><\/p>\n<p class=\"MsoNormal\" style=\"margin-bottom: .0001pt;line-height: normal;background: white;vertical-align: baseline\"><b><span style=\"font-family: 'Arial','sans-serif';color: #262626;border: none windowtext 1.0pt;padding: 0cm\">Base notes:<\/span><\/b><span style=\"font-family: 'Arial','sans-serif';color: #262626;border: none windowtext 1.0pt;padding: 0cm\">\u00a0Bois d\u2019agar (Oud), Vanille, Cuir, Ambre<\/span><span style=\"font-family: 'Arial','sans-serif';color: #262626\"><\/span><\/p>\n<p class=\"MsoNormal\" style=\"margin-bottom: .0001pt;line-height: normal;background: white;vertical-align: baseline\"><b><span style=\"font-family: 'Arial','sans-serif';color: #262626;border: none windowtext 1.0pt;padding: 0cm\">Similaire:\u00a0Nuit D\u2019issey<\/span><\/b><span style=\"font-family: 'Arial','sans-serif';color: #262626\"><\/span><\/p>","protected":false},"excerpt":{"rendered":"<p>Qaa\u2019ed (\u0642\u0627\u0626\u062f\u200e)\u00a0de\u00a0Lattafa\u00a0eau de parfum orientale avec du caract\u00e8re, de l\u2019intensit\u00e9. Exotique, ultra chaleureuse et infiniment enveloppante. Un Sillage \u00e9pic\u00e9 voluptueux, authentique et addictif viendra s\u2019envelopper et se renforcer d\u2019un voile de vanille cuir\u00e9e, d\u2019un bois de santal cr\u00e9meux et d\u2019un souffle d\u2019Oud hypnotique. Les ingr\u00e9dients sont minutieusement choisis pour cr\u00e9er une fragrance digne de la [&hellip;]<\/p>\n","protected":false},"featured_media":31998,"template":"","meta":{"om_disable_all_campaigns":false},"product_brand":[],"product_cat":[18,15,1091],"product_tag":[],"class_list":{"0":"post-32005","1":"product","2":"type-product","3":"status-publish","4":"has-post-thumbnail","6":"product_cat-beaute-sante","7":"product_cat-beaute-sante-complements-alimentaires-soins-et-bien-etre-au-meilleur-prix","8":"product_cat-beaute-parfums-maroc-prix","10":"first","11":"outofstock","12":"taxable","13":"shipping-taxable","14":"purchasable","15":"product-type-simple"},"yoast_head":"<!-- This site is optimized with the Yoast SEO plugin v27.3 - https:\/\/yoast.com\/product\/yoast-seo-wordpress\/ -->\n<title>Qaa\u2019ed Eau de Parfum Lattafa Pour Homme - 100ml - Maroc Prix<\/title>\n<meta name=\"description\" content=\"Qaa\u2019ed Eau de Parfum Lattafa Pour Homme - 100ml\" \/>\n<meta name=\"robots\" content=\"index, follow, max-snippet:-1, max-image-preview:large, max-video-preview:-1\" \/>\n<link rel=\"canonical\" href=\"https:\/\/vitablanca.ma\/en\/product\/qaaed-eau-de-parfum-lattafa-pour-homme-100ml\/\" \/>\n<meta property=\"og:locale\" content=\"en_US\" \/>\n<meta property=\"og:type\" content=\"article\" \/>\n<meta property=\"og:title\" content=\"Qaa\u2019ed Eau de Parfum Lattafa Pour Homme - 100ml - Maroc Prix\" \/>\n<meta property=\"og:description\" content=\"Qaa\u2019ed Eau de Parfum Lattafa Pour Homme - 100ml\" \/>\n<meta property=\"og:url\" content=\"https:\/\/vitablanca.ma\/en\/product\/qaaed-eau-de-parfum-lattafa-pour-homme-100ml\/\" \/>\n<meta property=\"og:site_name\" content=\"Vitablanca.ma &ndash; Sant&eacute;, vitalit&eacute; et bien-&ecirc;tre pour tous les Marocains\" \/>\n<meta property=\"article:publisher\" content=\"https:\/\/www.facebook.com\/profile.php?id=61576678196717\" \/>\n<meta property=\"article:modified_time\" content=\"2026-03-15T23:08:44+00:00\" \/>\n<meta property=\"og:image\" content=\"https:\/\/vitablanca.ma\/wp-content\/uploads\/2026\/03\/Qaa_edEaudeParfumLattafaPourHomme-100ml5_1.jpg\" \/>\n\t<meta property=\"og:image:width\" content=\"1080\" \/>\n\t<meta property=\"og:image:height\" content=\"1080\" \/>\n\t<meta property=\"og:image:type\" content=\"image\/jpeg\" \/>\n<meta name=\"twitter:card\" content=\"summary_large_image\" \/>\n<meta name=\"twitter:label1\" content=\"Est. reading time\" \/>\n\t<meta name=\"twitter:data1\" content=\"1 minute\" \/>\n<script type=\"application\/ld+json\" class=\"yoast-schema-graph\">{\"@context\":\"https:\\\/\\\/schema.org\",\"@graph\":[{\"@type\":[\"WebPage\",\"ItemPage\"],\"@id\":\"https:\\\/\\\/vitablanca.ma\\\/produit\\\/qaaed-eau-de-parfum-lattafa-pour-homme-100ml\\\/\",\"url\":\"https:\\\/\\\/vitablanca.ma\\\/produit\\\/qaaed-eau-de-parfum-lattafa-pour-homme-100ml\\\/\",\"name\":\"Qaa\u2019ed Eau de Parfum Lattafa Pour Homme - 100ml - Maroc Prix\",\"isPartOf\":{\"@id\":\"https:\\\/\\\/vitablanca.ma\\\/#website\"},\"primaryImageOfPage\":{\"@id\":\"https:\\\/\\\/vitablanca.ma\\\/produit\\\/qaaed-eau-de-parfum-lattafa-pour-homme-100ml\\\/#primaryimage\"},\"image\":{\"@id\":\"https:\\\/\\\/vitablanca.ma\\\/produit\\\/qaaed-eau-de-parfum-lattafa-pour-homme-100ml\\\/#primaryimage\"},\"thumbnailUrl\":\"https:\\\/\\\/vitablanca.ma\\\/wp-content\\\/uploads\\\/2026\\\/03\\\/Qaa_edEaudeParfumLattafaPourHomme-100ml5_1.jpg\",\"datePublished\":\"2026-03-04T02:10:28+00:00\",\"dateModified\":\"2026-03-15T23:08:44+00:00\",\"description\":\"Qaa\u2019ed Eau de Parfum Lattafa Pour Homme - 100ml\",\"breadcrumb\":{\"@id\":\"https:\\\/\\\/vitablanca.ma\\\/produit\\\/qaaed-eau-de-parfum-lattafa-pour-homme-100ml\\\/#breadcrumb\"},\"inLanguage\":\"en-US\",\"potentialAction\":[{\"@type\":\"ReadAction\",\"target\":[\"https:\\\/\\\/vitablanca.ma\\\/produit\\\/qaaed-eau-de-parfum-lattafa-pour-homme-100ml\\\/\"]}]},{\"@type\":\"ImageObject\",\"inLanguage\":\"en-US\",\"@id\":\"https:\\\/\\\/vitablanca.ma\\\/produit\\\/qaaed-eau-de-parfum-lattafa-pour-homme-100ml\\\/#primaryimage\",\"url\":\"https:\\\/\\\/vitablanca.ma\\\/wp-content\\\/uploads\\\/2026\\\/03\\\/Qaa_edEaudeParfumLattafaPourHomme-100ml5_1.jpg\",\"contentUrl\":\"https:\\\/\\\/vitablanca.ma\\\/wp-content\\\/uploads\\\/2026\\\/03\\\/Qaa_edEaudeParfumLattafaPourHomme-100ml5_1.jpg\",\"width\":1080,\"height\":1080},{\"@type\":\"BreadcrumbList\",\"@id\":\"https:\\\/\\\/vitablanca.ma\\\/produit\\\/qaaed-eau-de-parfum-lattafa-pour-homme-100ml\\\/#breadcrumb\",\"itemListElement\":[{\"@type\":\"ListItem\",\"position\":1,\"name\":\"Home\",\"item\":\"https:\\\/\\\/vitablanca.ma\\\/\"},{\"@type\":\"ListItem\",\"position\":2,\"name\":\"Tous Les Produits\",\"item\":\"https:\\\/\\\/vitablanca.ma\\\/tous-les-produits\\\/\"},{\"@type\":\"ListItem\",\"position\":3,\"name\":\"Qaa\u2019ed Eau de Parfum Lattafa Pour Homme &#8211; 100ml\"}]},{\"@type\":\"WebSite\",\"@id\":\"https:\\\/\\\/vitablanca.ma\\\/#website\",\"url\":\"https:\\\/\\\/vitablanca.ma\\\/\",\"name\":\"VitaBlanca.ma | Compl\u00e9ments alimentaires, sant\u00e9 & beaut\u00e9 au Maroc\",\"description\":\"vendre vitamines et compl\u00e9ments premium des USA &amp; Canada, Nouvelle Z\u00e9lande,Maroc (NOW Foods, Solgar, Manuka). Livraison rapide partout au Maroc.\",\"publisher\":{\"@id\":\"https:\\\/\\\/vitablanca.ma\\\/#organization\"},\"alternateName\":\"VitaBlanca.ma\",\"potentialAction\":[{\"@type\":\"SearchAction\",\"target\":{\"@type\":\"EntryPoint\",\"urlTemplate\":\"https:\\\/\\\/vitablanca.ma\\\/?s={search_term_string}\"},\"query-input\":{\"@type\":\"PropertyValueSpecification\",\"valueRequired\":true,\"valueName\":\"search_term_string\"}}],\"inLanguage\":\"en-US\"},{\"@type\":\"Organization\",\"@id\":\"https:\\\/\\\/vitablanca.ma\\\/#organization\",\"name\":\"VitaBlanca\",\"url\":\"https:\\\/\\\/vitablanca.ma\\\/\",\"logo\":{\"@type\":\"ImageObject\",\"inLanguage\":\"en-US\",\"@id\":\"https:\\\/\\\/vitablanca.ma\\\/#\\\/schema\\\/logo\\\/image\\\/\",\"url\":\"https:\\\/\\\/vitablanca.ma\\\/wp-content\\\/uploads\\\/2025\\\/05\\\/cropped-vitablanca.png\",\"contentUrl\":\"https:\\\/\\\/vitablanca.ma\\\/wp-content\\\/uploads\\\/2025\\\/05\\\/cropped-vitablanca.png\",\"width\":360,\"height\":67,\"caption\":\"VitaBlanca\"},\"image\":{\"@id\":\"https:\\\/\\\/vitablanca.ma\\\/#\\\/schema\\\/logo\\\/image\\\/\"},\"sameAs\":[\"https:\\\/\\\/www.facebook.com\\\/profile.php?id=61576678196717\",\"https:\\\/\\\/www.tiktok.com\\\/@vitablanca.ma\",\"https:\\\/\\\/www.instagram.com\\\/vitablanca.ma\\\/\"]}]}<\/script>\n<!-- \/ Yoast SEO plugin. -->","yoast_head_json":{"title":"Qaa\u2019ed Eau de Parfum Lattafa Pour Homme - 100ml - Maroc Prix","description":"Qaa\u2019ed Eau de Parfum Lattafa Pour Homme - 100ml","robots":{"index":"index","follow":"follow","max-snippet":"max-snippet:-1","max-image-preview":"max-image-preview:large","max-video-preview":"max-video-preview:-1"},"canonical":"https:\/\/vitablanca.ma\/en\/product\/qaaed-eau-de-parfum-lattafa-pour-homme-100ml\/","og_locale":"en_US","og_type":"article","og_title":"Qaa\u2019ed Eau de Parfum Lattafa Pour Homme - 100ml - Maroc Prix","og_description":"Qaa\u2019ed Eau de Parfum Lattafa Pour Homme - 100ml","og_url":"https:\/\/vitablanca.ma\/en\/product\/qaaed-eau-de-parfum-lattafa-pour-homme-100ml\/","og_site_name":"Vitablanca.ma &ndash; Sant&eacute;, vitalit&eacute; et bien-&ecirc;tre pour tous les Marocains","article_publisher":"https:\/\/www.facebook.com\/profile.php?id=61576678196717","article_modified_time":"2026-03-15T23:08:44+00:00","og_image":[{"width":1080,"height":1080,"url":"https:\/\/vitablanca.ma\/wp-content\/uploads\/2026\/03\/Qaa_edEaudeParfumLattafaPourHomme-100ml5_1.jpg","type":"image\/jpeg"}],"twitter_card":"summary_large_image","twitter_misc":{"Est. reading time":"1 minute"},"schema":{"@context":"https:\/\/schema.org","@graph":[{"@type":["WebPage","ItemPage"],"@id":"https:\/\/vitablanca.ma\/produit\/qaaed-eau-de-parfum-lattafa-pour-homme-100ml\/","url":"https:\/\/vitablanca.ma\/produit\/qaaed-eau-de-parfum-lattafa-pour-homme-100ml\/","name":"Qaa\u2019ed Eau de Parfum Lattafa Pour Homme - 100ml - Maroc Prix","isPartOf":{"@id":"https:\/\/vitablanca.ma\/#website"},"primaryImageOfPage":{"@id":"https:\/\/vitablanca.ma\/produit\/qaaed-eau-de-parfum-lattafa-pour-homme-100ml\/#primaryimage"},"image":{"@id":"https:\/\/vitablanca.ma\/produit\/qaaed-eau-de-parfum-lattafa-pour-homme-100ml\/#primaryimage"},"thumbnailUrl":"https:\/\/vitablanca.ma\/wp-content\/uploads\/2026\/03\/Qaa_edEaudeParfumLattafaPourHomme-100ml5_1.jpg","datePublished":"2026-03-04T02:10:28+00:00","dateModified":"2026-03-15T23:08:44+00:00","description":"Qaa\u2019ed Eau de Parfum Lattafa Pour Homme - 100ml","breadcrumb":{"@id":"https:\/\/vitablanca.ma\/produit\/qaaed-eau-de-parfum-lattafa-pour-homme-100ml\/#breadcrumb"},"inLanguage":"en-US","potentialAction":[{"@type":"ReadAction","target":["https:\/\/vitablanca.ma\/produit\/qaaed-eau-de-parfum-lattafa-pour-homme-100ml\/"]}]},{"@type":"ImageObject","inLanguage":"en-US","@id":"https:\/\/vitablanca.ma\/produit\/qaaed-eau-de-parfum-lattafa-pour-homme-100ml\/#primaryimage","url":"https:\/\/vitablanca.ma\/wp-content\/uploads\/2026\/03\/Qaa_edEaudeParfumLattafaPourHomme-100ml5_1.jpg","contentUrl":"https:\/\/vitablanca.ma\/wp-content\/uploads\/2026\/03\/Qaa_edEaudeParfumLattafaPourHomme-100ml5_1.jpg","width":1080,"height":1080},{"@type":"BreadcrumbList","@id":"https:\/\/vitablanca.ma\/produit\/qaaed-eau-de-parfum-lattafa-pour-homme-100ml\/#breadcrumb","itemListElement":[{"@type":"ListItem","position":1,"name":"Home","item":"https:\/\/vitablanca.ma\/"},{"@type":"ListItem","position":2,"name":"Tous Les Produits","item":"https:\/\/vitablanca.ma\/tous-les-produits\/"},{"@type":"ListItem","position":3,"name":"Qaa\u2019ed Eau de Parfum Lattafa Pour Homme &#8211; 100ml"}]},{"@type":"WebSite","@id":"https:\/\/vitablanca.ma\/#website","url":"https:\/\/vitablanca.ma\/","name":"VitaBlanca.ma | Food supplements, health &amp; beauty in Morocco","description":"sell premium vitamins and supplements from USA &amp; Canada, New Zealand, Morocco (NOW Foods, Solgar, Manuka). Fast delivery anywhere in Morocco.","publisher":{"@id":"https:\/\/vitablanca.ma\/#organization"},"alternateName":"VitaBlanca.ma","potentialAction":[{"@type":"SearchAction","target":{"@type":"EntryPoint","urlTemplate":"https:\/\/vitablanca.ma\/?s={search_term_string}"},"query-input":{"@type":"PropertyValueSpecification","valueRequired":true,"valueName":"search_term_string"}}],"inLanguage":"en-US"},{"@type":"Organization","@id":"https:\/\/vitablanca.ma\/#organization","name":"VitaBlanca","url":"https:\/\/vitablanca.ma\/","logo":{"@type":"ImageObject","inLanguage":"en-US","@id":"https:\/\/vitablanca.ma\/#\/schema\/logo\/image\/","url":"https:\/\/vitablanca.ma\/wp-content\/uploads\/2025\/05\/cropped-vitablanca.png","contentUrl":"https:\/\/vitablanca.ma\/wp-content\/uploads\/2025\/05\/cropped-vitablanca.png","width":360,"height":67,"caption":"VitaBlanca"},"image":{"@id":"https:\/\/vitablanca.ma\/#\/schema\/logo\/image\/"},"sameAs":["https:\/\/www.facebook.com\/profile.php?id=61576678196717","https:\/\/www.tiktok.com\/@vitablanca.ma","https:\/\/www.instagram.com\/vitablanca.ma\/"]}]}},"jetpack_sharing_enabled":true,"_links":{"self":[{"href":"https:\/\/vitablanca.ma\/en\/wp-json\/wp\/v2\/product\/32005","targetHints":{"allow":["GET"]}}],"collection":[{"href":"https:\/\/vitablanca.ma\/en\/wp-json\/wp\/v2\/product"}],"about":[{"href":"https:\/\/vitablanca.ma\/en\/wp-json\/wp\/v2\/types\/product"}],"wp:featuredmedia":[{"embeddable":true,"href":"https:\/\/vitablanca.ma\/en\/wp-json\/wp\/v2\/media\/31998"}],"wp:attachment":[{"href":"https:\/\/vitablanca.ma\/en\/wp-json\/wp\/v2\/media?parent=32005"}],"wp:term":[{"taxonomy":"product_brand","embeddable":true,"href":"https:\/\/vitablanca.ma\/en\/wp-json\/wp\/v2\/product_brand?post=32005"},{"taxonomy":"product_cat","embeddable":true,"href":"https:\/\/vitablanca.ma\/en\/wp-json\/wp\/v2\/product_cat?post=32005"},{"taxonomy":"product_tag","embeddable":true,"href":"https:\/\/vitablanca.ma\/en\/wp-json\/wp\/v2\/product_tag?post=32005"}],"curies":[{"name":"wp","href":"https:\/\/api.w.org\/{rel}","templated":true}]}}