{"id":31552,"date":"2026-03-04T01:58:50","date_gmt":"2026-03-04T01:58:50","guid":{"rendered":"https:\/\/vitablanca.ma\/produit\/hawas-ice-eau-de-parfum-rasasi-pour-homme-100ml\/"},"modified":"2026-04-17T22:32:46","modified_gmt":"2026-04-17T22:32:46","slug":"hawas-ice-eau-de-parfum-rasasi-pour-homme-100ml","status":"publish","type":"product","link":"https:\/\/vitablanca.ma\/en\/product\/hawas-ice-eau-de-parfum-rasasi-pour-homme-100ml\/","title":{"rendered":"HAWAS ICE Eau de Parfum RASASI Pour Homme &#8211; 100ml"},"content":{"rendered":"<p class=\"MsoNormal\"><span style=\"font-family: 'Arial','sans-serif';color: #262626\">L\u2019eau de parfum <b>Hawas Ice (\u0647\u0648\u0633)<\/b>\u00a0of <b>Rasasi<\/b> est un parfum revigorant qui associe l\u2019intensit\u00e9 fra\u00eeche des fruits glac\u00e9s \u00e0 la chaleur des notes bois\u00e9es profondes. <\/span><\/p>\n<p class=\"MsoNormal\"><span style=\"font-family: 'Arial','sans-serif';color: #262626\">Con\u00e7u pour les hommes qui assument leurs ambitions sans crainte, ce parfum est une explosion d\u2019\u00e9nergie rafraichissante, parfaite pour ceux qui aiment l\u2019aventure et aspirent \u00e0 la grandeur.<\/span><\/p>\n<p class=\"MsoNormal\"><span style=\"font-family: 'Arial','sans-serif';color: #262626\">\u00a0<b>Notes olfactives\u00a0:<\/b><\/span><\/p>\n<ul>\n<li class=\"MsoNormal\">\n<b><span style=\"font-family: 'Arial','sans-serif';color: #262626\">Top notes:<\/span><\/b><span style=\"font-family: 'Arial','sans-serif';color: #262626\"> Pomme, Citron, Bergamote, Anis<\/span>\n<\/li>\n<li class=\"MsoNormal\">\n<b><span style=\"font-family: 'Arial','sans-serif';color: #262626\">Heart notes:<\/span><\/b><span style=\"font-family: 'Arial','sans-serif';color: #262626\"> Prune, Fleur d\u2019Oranger, Cardamome<\/span>\n<\/li>\n<li class=\"MsoNormal\">\n<b><span style=\"font-family: 'Arial','sans-serif';color: #262626\">Base notes:<\/span><\/b><span style=\"font-family: 'Arial','sans-serif';color: #262626\"> Mousse, Ambre, Musc, Bois Flott\u00e9<\/span>\n<\/li>\n<li class=\"MsoNormal\"><b><span style=\"font-family: 'Arial','sans-serif';color: #262626\">Ce parfum rappelle : Invictus Aqua (2018) Rabanne<\/span><\/b><\/li>\n<\/ul>\n<p style=\"margin-bottom: 6.0pt;line-height: 18.0pt;background: white\" class=\"MsoNormal\"><strong><span style=\"font-family: 'Arial','sans-serif';color: #262626;background: white\">Gender :<\/span><\/strong><span style=\"font-family: 'Arial','sans-serif';color: #262626;background: white\"><span style=\"text-align: start;float: none\">\u00a0Masculin \u2013 Famille Aromatique<\/span><\/span><b><span style=\"font-family: 'Arial','sans-serif';color: #262626\"><\/span><\/b><\/p>","protected":false},"excerpt":{"rendered":"<p>L\u2019eau de parfum Hawas Ice (\u0647\u0648\u0633)\u00a0de Rasasi est un parfum revigorant qui associe l\u2019intensit\u00e9 fra\u00eeche des fruits glac\u00e9s \u00e0 la chaleur des notes bois\u00e9es profondes. Con\u00e7u pour les hommes qui assument leurs ambitions sans crainte, ce parfum est une explosion d\u2019\u00e9nergie rafraichissante, parfaite pour ceux qui aiment l\u2019aventure et aspirent \u00e0 la grandeur. \u00a0Notes olfactives\u00a0: [&hellip;]<\/p>\n","protected":false},"featured_media":31547,"template":"","meta":{"om_disable_all_campaigns":false},"product_brand":[],"product_cat":[18,15,1091],"product_tag":[],"class_list":{"0":"post-31552","1":"product","2":"type-product","3":"status-publish","4":"has-post-thumbnail","6":"product_cat-beaute-sante","7":"product_cat-beaute-sante-complements-alimentaires-soins-et-bien-etre-au-meilleur-prix","8":"product_cat-beaute-parfums-maroc-prix","10":"first","11":"instock","12":"taxable","13":"shipping-taxable","14":"purchasable","15":"product-type-simple"},"yoast_head":"<!-- This site is optimized with the Yoast SEO plugin v27.5 - https:\/\/yoast.com\/product\/yoast-seo-wordpress\/ -->\n<title>HAWAS ICE Eau de Parfum RASASI Pour Homme - 100ml - Maroc Prix<\/title>\n<meta name=\"description\" content=\"HAWAS ICE Eau de Parfum RASASI Pour Homme - 100ml\" \/>\n<meta name=\"robots\" content=\"index, follow, max-snippet:-1, max-image-preview:large, max-video-preview:-1\" \/>\n<link rel=\"canonical\" href=\"https:\/\/vitablanca.ma\/en\/product\/hawas-ice-eau-de-parfum-rasasi-pour-homme-100ml\/\" \/>\n<meta property=\"og:locale\" content=\"en_US\" \/>\n<meta property=\"og:type\" content=\"article\" \/>\n<meta property=\"og:title\" content=\"HAWAS ICE Eau de Parfum RASASI Pour Homme - 100ml - Maroc Prix\" \/>\n<meta property=\"og:description\" content=\"HAWAS ICE Eau de Parfum RASASI Pour Homme - 100ml\" \/>\n<meta property=\"og:url\" content=\"https:\/\/vitablanca.ma\/en\/product\/hawas-ice-eau-de-parfum-rasasi-pour-homme-100ml\/\" \/>\n<meta property=\"og:site_name\" content=\"Vitablanca.ma &ndash; Sant&eacute;, vitalit&eacute; et bien-&ecirc;tre pour tous les Marocains\" \/>\n<meta property=\"article:publisher\" content=\"https:\/\/www.facebook.com\/profile.php?id=61576678196717\" \/>\n<meta property=\"article:modified_time\" content=\"2026-04-17T22:32:46+00:00\" \/>\n<meta property=\"og:image\" content=\"https:\/\/vitablanca.ma\/wp-content\/uploads\/2026\/03\/HAWAS_ICE_Eau_de_Parfum_RASASI_Pour_Homme_-_100ml_1.jpg\" \/>\n\t<meta property=\"og:image:width\" content=\"1080\" \/>\n\t<meta property=\"og:image:height\" content=\"1080\" \/>\n\t<meta property=\"og:image:type\" content=\"image\/jpeg\" \/>\n<meta name=\"twitter:card\" content=\"summary_large_image\" \/>\n<script type=\"application\/ld+json\" class=\"yoast-schema-graph\">{\"@context\":\"https:\\\/\\\/schema.org\",\"@graph\":[{\"@type\":[\"WebPage\",\"ItemPage\"],\"@id\":\"https:\\\/\\\/vitablanca.ma\\\/produit\\\/hawas-ice-eau-de-parfum-rasasi-pour-homme-100ml\\\/\",\"url\":\"https:\\\/\\\/vitablanca.ma\\\/produit\\\/hawas-ice-eau-de-parfum-rasasi-pour-homme-100ml\\\/\",\"name\":\"HAWAS ICE Eau de Parfum RASASI Pour Homme - 100ml - Maroc Prix\",\"isPartOf\":{\"@id\":\"https:\\\/\\\/vitablanca.ma\\\/#website\"},\"primaryImageOfPage\":{\"@id\":\"https:\\\/\\\/vitablanca.ma\\\/produit\\\/hawas-ice-eau-de-parfum-rasasi-pour-homme-100ml\\\/#primaryimage\"},\"image\":{\"@id\":\"https:\\\/\\\/vitablanca.ma\\\/produit\\\/hawas-ice-eau-de-parfum-rasasi-pour-homme-100ml\\\/#primaryimage\"},\"thumbnailUrl\":\"https:\\\/\\\/vitablanca.ma\\\/wp-content\\\/uploads\\\/2026\\\/03\\\/HAWAS_ICE_Eau_de_Parfum_RASASI_Pour_Homme_-_100ml_1.jpg\",\"datePublished\":\"2026-03-04T01:58:50+00:00\",\"dateModified\":\"2026-04-17T22:32:46+00:00\",\"description\":\"HAWAS ICE Eau de Parfum RASASI Pour Homme - 100ml\",\"breadcrumb\":{\"@id\":\"https:\\\/\\\/vitablanca.ma\\\/produit\\\/hawas-ice-eau-de-parfum-rasasi-pour-homme-100ml\\\/#breadcrumb\"},\"inLanguage\":\"en-US\",\"potentialAction\":[{\"@type\":\"ReadAction\",\"target\":[\"https:\\\/\\\/vitablanca.ma\\\/produit\\\/hawas-ice-eau-de-parfum-rasasi-pour-homme-100ml\\\/\"]}]},{\"@type\":\"ImageObject\",\"inLanguage\":\"en-US\",\"@id\":\"https:\\\/\\\/vitablanca.ma\\\/produit\\\/hawas-ice-eau-de-parfum-rasasi-pour-homme-100ml\\\/#primaryimage\",\"url\":\"https:\\\/\\\/vitablanca.ma\\\/wp-content\\\/uploads\\\/2026\\\/03\\\/HAWAS_ICE_Eau_de_Parfum_RASASI_Pour_Homme_-_100ml_1.jpg\",\"contentUrl\":\"https:\\\/\\\/vitablanca.ma\\\/wp-content\\\/uploads\\\/2026\\\/03\\\/HAWAS_ICE_Eau_de_Parfum_RASASI_Pour_Homme_-_100ml_1.jpg\",\"width\":1080,\"height\":1080},{\"@type\":\"BreadcrumbList\",\"@id\":\"https:\\\/\\\/vitablanca.ma\\\/produit\\\/hawas-ice-eau-de-parfum-rasasi-pour-homme-100ml\\\/#breadcrumb\",\"itemListElement\":[{\"@type\":\"ListItem\",\"position\":1,\"name\":\"Home\",\"item\":\"https:\\\/\\\/vitablanca.ma\\\/\"},{\"@type\":\"ListItem\",\"position\":2,\"name\":\"Tous Les Produits\",\"item\":\"https:\\\/\\\/vitablanca.ma\\\/tous-les-produits\\\/\"},{\"@type\":\"ListItem\",\"position\":3,\"name\":\"HAWAS ICE Eau de Parfum RASASI Pour Homme &#8211; 100ml\"}]},{\"@type\":\"WebSite\",\"@id\":\"https:\\\/\\\/vitablanca.ma\\\/#website\",\"url\":\"https:\\\/\\\/vitablanca.ma\\\/\",\"name\":\"VitaBlanca.ma | Compl\u00e9ments alimentaires, sant\u00e9 & beaut\u00e9 au Maroc\",\"description\":\"vendre vitamines et compl\u00e9ments premium des USA &amp; Canada, Nouvelle Z\u00e9lande,Maroc (NOW Foods, Solgar, Manuka). Livraison rapide partout au Maroc.\",\"publisher\":{\"@id\":\"https:\\\/\\\/vitablanca.ma\\\/#organization\"},\"alternateName\":\"VitaBlanca.ma\",\"potentialAction\":[{\"@type\":\"SearchAction\",\"target\":{\"@type\":\"EntryPoint\",\"urlTemplate\":\"https:\\\/\\\/vitablanca.ma\\\/?s={search_term_string}\"},\"query-input\":{\"@type\":\"PropertyValueSpecification\",\"valueRequired\":true,\"valueName\":\"search_term_string\"}}],\"inLanguage\":\"en-US\"},{\"@type\":\"Organization\",\"@id\":\"https:\\\/\\\/vitablanca.ma\\\/#organization\",\"name\":\"VitaBlanca\",\"url\":\"https:\\\/\\\/vitablanca.ma\\\/\",\"logo\":{\"@type\":\"ImageObject\",\"inLanguage\":\"en-US\",\"@id\":\"https:\\\/\\\/vitablanca.ma\\\/#\\\/schema\\\/logo\\\/image\\\/\",\"url\":\"https:\\\/\\\/vitablanca.ma\\\/wp-content\\\/uploads\\\/2025\\\/05\\\/cropped-vitablanca.png\",\"contentUrl\":\"https:\\\/\\\/vitablanca.ma\\\/wp-content\\\/uploads\\\/2025\\\/05\\\/cropped-vitablanca.png\",\"width\":360,\"height\":67,\"caption\":\"VitaBlanca\"},\"image\":{\"@id\":\"https:\\\/\\\/vitablanca.ma\\\/#\\\/schema\\\/logo\\\/image\\\/\"},\"sameAs\":[\"https:\\\/\\\/www.facebook.com\\\/profile.php?id=61576678196717\",\"https:\\\/\\\/www.tiktok.com\\\/@vitablanca.ma\",\"https:\\\/\\\/www.instagram.com\\\/vitablanca.ma\\\/\"]}]}<\/script>\n<!-- \/ Yoast SEO plugin. -->","yoast_head_json":{"title":"HAWAS ICE Eau de Parfum RASASI Pour Homme - 100ml - Maroc Prix","description":"HAWAS ICE Eau de Parfum RASASI Pour Homme - 100ml","robots":{"index":"index","follow":"follow","max-snippet":"max-snippet:-1","max-image-preview":"max-image-preview:large","max-video-preview":"max-video-preview:-1"},"canonical":"https:\/\/vitablanca.ma\/en\/product\/hawas-ice-eau-de-parfum-rasasi-pour-homme-100ml\/","og_locale":"en_US","og_type":"article","og_title":"HAWAS ICE Eau de Parfum RASASI Pour Homme - 100ml - Maroc Prix","og_description":"HAWAS ICE Eau de Parfum RASASI Pour Homme - 100ml","og_url":"https:\/\/vitablanca.ma\/en\/product\/hawas-ice-eau-de-parfum-rasasi-pour-homme-100ml\/","og_site_name":"Vitablanca.ma &ndash; Sant&eacute;, vitalit&eacute; et bien-&ecirc;tre pour tous les Marocains","article_publisher":"https:\/\/www.facebook.com\/profile.php?id=61576678196717","article_modified_time":"2026-04-17T22:32:46+00:00","og_image":[{"width":1080,"height":1080,"url":"https:\/\/vitablanca.ma\/wp-content\/uploads\/2026\/03\/HAWAS_ICE_Eau_de_Parfum_RASASI_Pour_Homme_-_100ml_1.jpg","type":"image\/jpeg"}],"twitter_card":"summary_large_image","schema":{"@context":"https:\/\/schema.org","@graph":[{"@type":["WebPage","ItemPage"],"@id":"https:\/\/vitablanca.ma\/produit\/hawas-ice-eau-de-parfum-rasasi-pour-homme-100ml\/","url":"https:\/\/vitablanca.ma\/produit\/hawas-ice-eau-de-parfum-rasasi-pour-homme-100ml\/","name":"HAWAS ICE Eau de Parfum RASASI Pour Homme - 100ml - Maroc Prix","isPartOf":{"@id":"https:\/\/vitablanca.ma\/#website"},"primaryImageOfPage":{"@id":"https:\/\/vitablanca.ma\/produit\/hawas-ice-eau-de-parfum-rasasi-pour-homme-100ml\/#primaryimage"},"image":{"@id":"https:\/\/vitablanca.ma\/produit\/hawas-ice-eau-de-parfum-rasasi-pour-homme-100ml\/#primaryimage"},"thumbnailUrl":"https:\/\/vitablanca.ma\/wp-content\/uploads\/2026\/03\/HAWAS_ICE_Eau_de_Parfum_RASASI_Pour_Homme_-_100ml_1.jpg","datePublished":"2026-03-04T01:58:50+00:00","dateModified":"2026-04-17T22:32:46+00:00","description":"HAWAS ICE Eau de Parfum RASASI Pour Homme - 100ml","breadcrumb":{"@id":"https:\/\/vitablanca.ma\/produit\/hawas-ice-eau-de-parfum-rasasi-pour-homme-100ml\/#breadcrumb"},"inLanguage":"en-US","potentialAction":[{"@type":"ReadAction","target":["https:\/\/vitablanca.ma\/produit\/hawas-ice-eau-de-parfum-rasasi-pour-homme-100ml\/"]}]},{"@type":"ImageObject","inLanguage":"en-US","@id":"https:\/\/vitablanca.ma\/produit\/hawas-ice-eau-de-parfum-rasasi-pour-homme-100ml\/#primaryimage","url":"https:\/\/vitablanca.ma\/wp-content\/uploads\/2026\/03\/HAWAS_ICE_Eau_de_Parfum_RASASI_Pour_Homme_-_100ml_1.jpg","contentUrl":"https:\/\/vitablanca.ma\/wp-content\/uploads\/2026\/03\/HAWAS_ICE_Eau_de_Parfum_RASASI_Pour_Homme_-_100ml_1.jpg","width":1080,"height":1080},{"@type":"BreadcrumbList","@id":"https:\/\/vitablanca.ma\/produit\/hawas-ice-eau-de-parfum-rasasi-pour-homme-100ml\/#breadcrumb","itemListElement":[{"@type":"ListItem","position":1,"name":"Home","item":"https:\/\/vitablanca.ma\/"},{"@type":"ListItem","position":2,"name":"Tous Les Produits","item":"https:\/\/vitablanca.ma\/tous-les-produits\/"},{"@type":"ListItem","position":3,"name":"HAWAS ICE Eau de Parfum RASASI Pour Homme &#8211; 100ml"}]},{"@type":"WebSite","@id":"https:\/\/vitablanca.ma\/#website","url":"https:\/\/vitablanca.ma\/","name":"VitaBlanca.ma | Food supplements, health &amp; beauty in Morocco","description":"sell premium vitamins and supplements from USA &amp; Canada, New Zealand, Morocco (NOW Foods, Solgar, Manuka). Fast delivery anywhere in Morocco.","publisher":{"@id":"https:\/\/vitablanca.ma\/#organization"},"alternateName":"VitaBlanca.ma","potentialAction":[{"@type":"SearchAction","target":{"@type":"EntryPoint","urlTemplate":"https:\/\/vitablanca.ma\/?s={search_term_string}"},"query-input":{"@type":"PropertyValueSpecification","valueRequired":true,"valueName":"search_term_string"}}],"inLanguage":"en-US"},{"@type":"Organization","@id":"https:\/\/vitablanca.ma\/#organization","name":"VitaBlanca","url":"https:\/\/vitablanca.ma\/","logo":{"@type":"ImageObject","inLanguage":"en-US","@id":"https:\/\/vitablanca.ma\/#\/schema\/logo\/image\/","url":"https:\/\/vitablanca.ma\/wp-content\/uploads\/2025\/05\/cropped-vitablanca.png","contentUrl":"https:\/\/vitablanca.ma\/wp-content\/uploads\/2025\/05\/cropped-vitablanca.png","width":360,"height":67,"caption":"VitaBlanca"},"image":{"@id":"https:\/\/vitablanca.ma\/#\/schema\/logo\/image\/"},"sameAs":["https:\/\/www.facebook.com\/profile.php?id=61576678196717","https:\/\/www.tiktok.com\/@vitablanca.ma","https:\/\/www.instagram.com\/vitablanca.ma\/"]}]}},"jetpack_sharing_enabled":true,"_links":{"self":[{"href":"https:\/\/vitablanca.ma\/en\/wp-json\/wp\/v2\/product\/31552","targetHints":{"allow":["GET"]}}],"collection":[{"href":"https:\/\/vitablanca.ma\/en\/wp-json\/wp\/v2\/product"}],"about":[{"href":"https:\/\/vitablanca.ma\/en\/wp-json\/wp\/v2\/types\/product"}],"wp:featuredmedia":[{"embeddable":true,"href":"https:\/\/vitablanca.ma\/en\/wp-json\/wp\/v2\/media\/31547"}],"wp:attachment":[{"href":"https:\/\/vitablanca.ma\/en\/wp-json\/wp\/v2\/media?parent=31552"}],"wp:term":[{"taxonomy":"product_brand","embeddable":true,"href":"https:\/\/vitablanca.ma\/en\/wp-json\/wp\/v2\/product_brand?post=31552"},{"taxonomy":"product_cat","embeddable":true,"href":"https:\/\/vitablanca.ma\/en\/wp-json\/wp\/v2\/product_cat?post=31552"},{"taxonomy":"product_tag","embeddable":true,"href":"https:\/\/vitablanca.ma\/en\/wp-json\/wp\/v2\/product_tag?post=31552"}],"curies":[{"name":"wp","href":"https:\/\/api.w.org\/{rel}","templated":true}]}}