{"id":31546,"date":"2026-03-04T01:58:42","date_gmt":"2026-03-04T01:58:42","guid":{"rendered":"https:\/\/vitablanca.ma\/produit\/jorge-di-profumo-deep-blue-de-maison-alhambra-pour-homme-100ml\/"},"modified":"2026-04-17T22:32:21","modified_gmt":"2026-04-17T22:32:21","slug":"jorge-di-profumo-deep-blue-de-maison-alhambra-pour-homme-100ml","status":"publish","type":"product","link":"https:\/\/vitablanca.ma\/en\/product\/jorge-di-profumo-deep-blue-de-maison-alhambra-pour-homme-100ml\/","title":{"rendered":"JORGE DI PROFUMO DEEP BLUE de Maison Alhambra Pour Homme &#8211; 100ml"},"content":{"rendered":"<p class=\"MsoNormal\"><span class=\"ng-star-inserted\"><span style=\"font-family: 'Arial','sans-serif';color: #262626;border: none windowtext 1.0pt;padding: 0cm;background: white\">Discover\u00a0<\/span><b><span style=\"font-style: inherit;font-variant: inherit;font-weight: inherit;line-height: inherit\">Jorge Di Profumo Deep Blue Maison Alhambra<\/span><\/b><span style=\"line-height: inherit;text-align: start\">\u00a0\u2013 l\u2019alternative luxueuse et incroyablement abordable au tr\u00e8s c\u00e9l\u00e8bre Acqua di Gi\u00f2 Profondo de Giorgio Armani, aussi recherch\u00e9 sous le nom <b>Jorge Di Profumo<\/b> Eau de Parfum Maison Alhambra.\u00a0<\/span><\/span><\/p>\n<p class=\"MsoNormal\"><span class=\"ng-star-inserted\"><span style=\"font-family: 'Arial','sans-serif';color: #262626;border: none windowtext 1.0pt;padding: 0cm;background: white\">Ce chef-d\u2019\u0153uvre olfactif est une symphonie captivante d\u2019accords frais, marins et aromatiques, sign\u00e9e Maison Alhambra. <\/span><\/span><\/p>\n<p class=\"MsoNormal\"><span class=\"ng-star-inserted\"><span style=\"font-family: 'Arial','sans-serif';color: #262626;border: none windowtext 1.0pt;padding: 0cm;background: white\">Disponible en flacon 100% original, Ce parfum est con\u00e7u pour l\u2019homme moderne au Maroc qui cherche \u00e0 laisser une empreinte fra\u00eeche et sophistiqu\u00e9e avec une fragrance distinctive.<\/span><\/span><\/p>\n<p class=\"MsoNormal\"><b><span style=\"font-family: 'Arial','sans-serif';color: #262626;background: white\">Olfactory notes:<\/span><\/b><span class=\"ng-star-inserted\"><span style=\"font-family: 'Arial','sans-serif';color: #262626;border: none windowtext 1.0pt;padding: 0cm;background: white\"><\/span><\/span><\/p>\n<p class=\"MsoNormal\" style=\"margin-bottom: .0001pt;line-height: normal;background: white;vertical-align: baseline\"><b><span style=\"font-family: 'Arial','sans-serif';color: #262626;border: none windowtext 1.0pt;padding: 0cm\">Top Notes:<\/span><\/b><span style=\"font-family: 'Arial','sans-serif';color: #262626;border: none windowtext 1.0pt;padding: 0cm\">\u00a0Notes Marines, Aquozone, Bergamote, Mandarine Verte<\/span><span style=\"font-family: 'Arial','sans-serif';color: #262626\"><\/span><\/p>\n<p class=\"MsoNormal\" style=\"margin-bottom: .0001pt;line-height: normal;background: white;vertical-align: baseline\"><b><span style=\"font-family: 'Arial','sans-serif';color: #262626;border: none windowtext 1.0pt;padding: 0cm\">Heart Notes:<\/span><\/b><span style=\"font-family: 'Arial','sans-serif';color: #262626;border: none windowtext 1.0pt;padding: 0cm\">\u00a0Romarin, Lavande, Cypr\u00e8s, Lentisque (Mastic)<\/span><span style=\"font-family: 'Arial','sans-serif';color: #262626\"><\/span><\/p>\n<p class=\"MsoNormal\" style=\"margin-bottom: .0001pt;line-height: normal;background: white;vertical-align: baseline\"><b><span style=\"font-family: 'Arial','sans-serif';color: #262626;border: none windowtext 1.0pt;padding: 0cm\">Base Notes:<\/span><\/b><span style=\"font-family: 'Arial','sans-serif';color: #262626;border: none windowtext 1.0pt;padding: 0cm\">\u00a0Notes Min\u00e9rales, Musc, Ambre, Patchouli<\/span><span style=\"font-family: 'Arial','sans-serif';color: #262626\"><\/span><\/p>\n<p class=\"MsoNormal\" style=\"margin-bottom: .0001pt;line-height: normal;background: white;vertical-align: baseline\"><b><span style=\"font-family: 'Arial','sans-serif';color: #262626;border: none windowtext 1.0pt;padding: 0cm\">L\u2019alternative abordable \u00e0 Acqua di Gi\u00f2 Profondo<\/span><\/b><span style=\"font-family: 'Arial','sans-serif';color: #262626\"><\/span><\/p>","protected":false},"excerpt":{"rendered":"<p>D\u00e9couvrez\u00a0Jorge Di Profumo Deep Blue Maison Alhambra\u00a0\u2013 l\u2019alternative luxueuse et incroyablement abordable au tr\u00e8s c\u00e9l\u00e8bre Acqua di Gi\u00f2 Profondo de Giorgio Armani, aussi recherch\u00e9 sous le nom Jorge Di Profumo Eau de Parfum Maison Alhambra.\u00a0 Ce chef-d\u2019\u0153uvre olfactif est une symphonie captivante d\u2019accords frais, marins et aromatiques, sign\u00e9e Maison Alhambra. Disponible en flacon 100% original, [&hellip;]<\/p>\n","protected":false},"featured_media":31540,"template":"","meta":{"om_disable_all_campaigns":false},"product_brand":[],"product_cat":[18,15,1091],"product_tag":[],"class_list":{"0":"post-31546","1":"product","2":"type-product","3":"status-publish","4":"has-post-thumbnail","6":"product_cat-beaute-sante","7":"product_cat-beaute-sante-complements-alimentaires-soins-et-bien-etre-au-meilleur-prix","8":"product_cat-beaute-parfums-maroc-prix","10":"first","11":"instock","12":"taxable","13":"shipping-taxable","14":"purchasable","15":"product-type-simple"},"yoast_head":"<!-- This site is optimized with the Yoast SEO plugin v27.5 - https:\/\/yoast.com\/product\/yoast-seo-wordpress\/ -->\n<title>JORGE DI PROFUMO DEEP BLUE de Maison Alhambra Pour Homme - 100ml - Maroc Prix<\/title>\n<meta name=\"description\" content=\"JORGE DI PROFUMO DEEP BLUE de Maison Alhambra Pour Homme - 100ml\" \/>\n<meta name=\"robots\" content=\"index, follow, max-snippet:-1, max-image-preview:large, max-video-preview:-1\" \/>\n<link rel=\"canonical\" href=\"https:\/\/vitablanca.ma\/en\/product\/jorge-di-profumo-deep-blue-de-maison-alhambra-pour-homme-100ml\/\" \/>\n<meta property=\"og:locale\" content=\"en_US\" \/>\n<meta property=\"og:type\" content=\"article\" \/>\n<meta property=\"og:title\" content=\"JORGE DI PROFUMO DEEP BLUE de Maison Alhambra Pour Homme - 100ml - Maroc Prix\" \/>\n<meta property=\"og:description\" content=\"JORGE DI PROFUMO DEEP BLUE de Maison Alhambra Pour Homme - 100ml\" \/>\n<meta property=\"og:url\" content=\"https:\/\/vitablanca.ma\/en\/product\/jorge-di-profumo-deep-blue-de-maison-alhambra-pour-homme-100ml\/\" \/>\n<meta property=\"og:site_name\" content=\"Vitablanca.ma &ndash; Sant&eacute;, vitalit&eacute; et bien-&ecirc;tre pour tous les Marocains\" \/>\n<meta property=\"article:publisher\" content=\"https:\/\/www.facebook.com\/profile.php?id=61576678196717\" \/>\n<meta property=\"article:modified_time\" content=\"2026-04-17T22:32:21+00:00\" \/>\n<meta property=\"og:image\" content=\"https:\/\/vitablanca.ma\/wp-content\/uploads\/2026\/03\/JORGE_DI_PROFUMO_DEEP_BLUE_de_Maison_Alhambra_Pour_Homme_-_100ml_5.jpg\" \/>\n\t<meta property=\"og:image:width\" content=\"1080\" \/>\n\t<meta property=\"og:image:height\" content=\"1080\" \/>\n\t<meta property=\"og:image:type\" content=\"image\/jpeg\" \/>\n<meta name=\"twitter:card\" content=\"summary_large_image\" \/>\n<meta name=\"twitter:label1\" content=\"Est. reading time\" \/>\n\t<meta name=\"twitter:data1\" content=\"1 minute\" \/>\n<script type=\"application\/ld+json\" class=\"yoast-schema-graph\">{\"@context\":\"https:\\\/\\\/schema.org\",\"@graph\":[{\"@type\":[\"WebPage\",\"ItemPage\"],\"@id\":\"https:\\\/\\\/vitablanca.ma\\\/produit\\\/jorge-di-profumo-deep-blue-de-maison-alhambra-pour-homme-100ml\\\/\",\"url\":\"https:\\\/\\\/vitablanca.ma\\\/produit\\\/jorge-di-profumo-deep-blue-de-maison-alhambra-pour-homme-100ml\\\/\",\"name\":\"JORGE DI PROFUMO DEEP BLUE de Maison Alhambra Pour Homme - 100ml - Maroc Prix\",\"isPartOf\":{\"@id\":\"https:\\\/\\\/vitablanca.ma\\\/#website\"},\"primaryImageOfPage\":{\"@id\":\"https:\\\/\\\/vitablanca.ma\\\/produit\\\/jorge-di-profumo-deep-blue-de-maison-alhambra-pour-homme-100ml\\\/#primaryimage\"},\"image\":{\"@id\":\"https:\\\/\\\/vitablanca.ma\\\/produit\\\/jorge-di-profumo-deep-blue-de-maison-alhambra-pour-homme-100ml\\\/#primaryimage\"},\"thumbnailUrl\":\"https:\\\/\\\/vitablanca.ma\\\/wp-content\\\/uploads\\\/2026\\\/03\\\/JORGE_DI_PROFUMO_DEEP_BLUE_de_Maison_Alhambra_Pour_Homme_-_100ml_5.jpg\",\"datePublished\":\"2026-03-04T01:58:42+00:00\",\"dateModified\":\"2026-04-17T22:32:21+00:00\",\"description\":\"JORGE DI PROFUMO DEEP BLUE de Maison Alhambra Pour Homme - 100ml\",\"breadcrumb\":{\"@id\":\"https:\\\/\\\/vitablanca.ma\\\/produit\\\/jorge-di-profumo-deep-blue-de-maison-alhambra-pour-homme-100ml\\\/#breadcrumb\"},\"inLanguage\":\"en-US\",\"potentialAction\":[{\"@type\":\"ReadAction\",\"target\":[\"https:\\\/\\\/vitablanca.ma\\\/produit\\\/jorge-di-profumo-deep-blue-de-maison-alhambra-pour-homme-100ml\\\/\"]}]},{\"@type\":\"ImageObject\",\"inLanguage\":\"en-US\",\"@id\":\"https:\\\/\\\/vitablanca.ma\\\/produit\\\/jorge-di-profumo-deep-blue-de-maison-alhambra-pour-homme-100ml\\\/#primaryimage\",\"url\":\"https:\\\/\\\/vitablanca.ma\\\/wp-content\\\/uploads\\\/2026\\\/03\\\/JORGE_DI_PROFUMO_DEEP_BLUE_de_Maison_Alhambra_Pour_Homme_-_100ml_5.jpg\",\"contentUrl\":\"https:\\\/\\\/vitablanca.ma\\\/wp-content\\\/uploads\\\/2026\\\/03\\\/JORGE_DI_PROFUMO_DEEP_BLUE_de_Maison_Alhambra_Pour_Homme_-_100ml_5.jpg\",\"width\":1080,\"height\":1080},{\"@type\":\"BreadcrumbList\",\"@id\":\"https:\\\/\\\/vitablanca.ma\\\/produit\\\/jorge-di-profumo-deep-blue-de-maison-alhambra-pour-homme-100ml\\\/#breadcrumb\",\"itemListElement\":[{\"@type\":\"ListItem\",\"position\":1,\"name\":\"Home\",\"item\":\"https:\\\/\\\/vitablanca.ma\\\/\"},{\"@type\":\"ListItem\",\"position\":2,\"name\":\"Tous Les Produits\",\"item\":\"https:\\\/\\\/vitablanca.ma\\\/tous-les-produits\\\/\"},{\"@type\":\"ListItem\",\"position\":3,\"name\":\"JORGE DI PROFUMO DEEP BLUE de Maison Alhambra Pour Homme &#8211; 100ml\"}]},{\"@type\":\"WebSite\",\"@id\":\"https:\\\/\\\/vitablanca.ma\\\/#website\",\"url\":\"https:\\\/\\\/vitablanca.ma\\\/\",\"name\":\"VitaBlanca.ma | Compl\u00e9ments alimentaires, sant\u00e9 & beaut\u00e9 au Maroc\",\"description\":\"vendre vitamines et compl\u00e9ments premium des USA &amp; Canada, Nouvelle Z\u00e9lande,Maroc (NOW Foods, Solgar, Manuka). Livraison rapide partout au Maroc.\",\"publisher\":{\"@id\":\"https:\\\/\\\/vitablanca.ma\\\/#organization\"},\"alternateName\":\"VitaBlanca.ma\",\"potentialAction\":[{\"@type\":\"SearchAction\",\"target\":{\"@type\":\"EntryPoint\",\"urlTemplate\":\"https:\\\/\\\/vitablanca.ma\\\/?s={search_term_string}\"},\"query-input\":{\"@type\":\"PropertyValueSpecification\",\"valueRequired\":true,\"valueName\":\"search_term_string\"}}],\"inLanguage\":\"en-US\"},{\"@type\":\"Organization\",\"@id\":\"https:\\\/\\\/vitablanca.ma\\\/#organization\",\"name\":\"VitaBlanca\",\"url\":\"https:\\\/\\\/vitablanca.ma\\\/\",\"logo\":{\"@type\":\"ImageObject\",\"inLanguage\":\"en-US\",\"@id\":\"https:\\\/\\\/vitablanca.ma\\\/#\\\/schema\\\/logo\\\/image\\\/\",\"url\":\"https:\\\/\\\/vitablanca.ma\\\/wp-content\\\/uploads\\\/2025\\\/05\\\/cropped-vitablanca.png\",\"contentUrl\":\"https:\\\/\\\/vitablanca.ma\\\/wp-content\\\/uploads\\\/2025\\\/05\\\/cropped-vitablanca.png\",\"width\":360,\"height\":67,\"caption\":\"VitaBlanca\"},\"image\":{\"@id\":\"https:\\\/\\\/vitablanca.ma\\\/#\\\/schema\\\/logo\\\/image\\\/\"},\"sameAs\":[\"https:\\\/\\\/www.facebook.com\\\/profile.php?id=61576678196717\",\"https:\\\/\\\/www.tiktok.com\\\/@vitablanca.ma\",\"https:\\\/\\\/www.instagram.com\\\/vitablanca.ma\\\/\"]}]}<\/script>\n<!-- \/ Yoast SEO plugin. -->","yoast_head_json":{"title":"JORGE DI PROFUMO DEEP BLUE de Maison Alhambra Pour Homme - 100ml - Maroc Prix","description":"JORGE DI PROFUMO DEEP BLUE de Maison Alhambra Pour Homme - 100ml","robots":{"index":"index","follow":"follow","max-snippet":"max-snippet:-1","max-image-preview":"max-image-preview:large","max-video-preview":"max-video-preview:-1"},"canonical":"https:\/\/vitablanca.ma\/en\/product\/jorge-di-profumo-deep-blue-de-maison-alhambra-pour-homme-100ml\/","og_locale":"en_US","og_type":"article","og_title":"JORGE DI PROFUMO DEEP BLUE de Maison Alhambra Pour Homme - 100ml - Maroc Prix","og_description":"JORGE DI PROFUMO DEEP BLUE de Maison Alhambra Pour Homme - 100ml","og_url":"https:\/\/vitablanca.ma\/en\/product\/jorge-di-profumo-deep-blue-de-maison-alhambra-pour-homme-100ml\/","og_site_name":"Vitablanca.ma &ndash; Sant&eacute;, vitalit&eacute; et bien-&ecirc;tre pour tous les Marocains","article_publisher":"https:\/\/www.facebook.com\/profile.php?id=61576678196717","article_modified_time":"2026-04-17T22:32:21+00:00","og_image":[{"width":1080,"height":1080,"url":"https:\/\/vitablanca.ma\/wp-content\/uploads\/2026\/03\/JORGE_DI_PROFUMO_DEEP_BLUE_de_Maison_Alhambra_Pour_Homme_-_100ml_5.jpg","type":"image\/jpeg"}],"twitter_card":"summary_large_image","twitter_misc":{"Est. reading time":"1 minute"},"schema":{"@context":"https:\/\/schema.org","@graph":[{"@type":["WebPage","ItemPage"],"@id":"https:\/\/vitablanca.ma\/produit\/jorge-di-profumo-deep-blue-de-maison-alhambra-pour-homme-100ml\/","url":"https:\/\/vitablanca.ma\/produit\/jorge-di-profumo-deep-blue-de-maison-alhambra-pour-homme-100ml\/","name":"JORGE DI PROFUMO DEEP BLUE de Maison Alhambra Pour Homme - 100ml - Maroc Prix","isPartOf":{"@id":"https:\/\/vitablanca.ma\/#website"},"primaryImageOfPage":{"@id":"https:\/\/vitablanca.ma\/produit\/jorge-di-profumo-deep-blue-de-maison-alhambra-pour-homme-100ml\/#primaryimage"},"image":{"@id":"https:\/\/vitablanca.ma\/produit\/jorge-di-profumo-deep-blue-de-maison-alhambra-pour-homme-100ml\/#primaryimage"},"thumbnailUrl":"https:\/\/vitablanca.ma\/wp-content\/uploads\/2026\/03\/JORGE_DI_PROFUMO_DEEP_BLUE_de_Maison_Alhambra_Pour_Homme_-_100ml_5.jpg","datePublished":"2026-03-04T01:58:42+00:00","dateModified":"2026-04-17T22:32:21+00:00","description":"JORGE DI PROFUMO DEEP BLUE de Maison Alhambra Pour Homme - 100ml","breadcrumb":{"@id":"https:\/\/vitablanca.ma\/produit\/jorge-di-profumo-deep-blue-de-maison-alhambra-pour-homme-100ml\/#breadcrumb"},"inLanguage":"en-US","potentialAction":[{"@type":"ReadAction","target":["https:\/\/vitablanca.ma\/produit\/jorge-di-profumo-deep-blue-de-maison-alhambra-pour-homme-100ml\/"]}]},{"@type":"ImageObject","inLanguage":"en-US","@id":"https:\/\/vitablanca.ma\/produit\/jorge-di-profumo-deep-blue-de-maison-alhambra-pour-homme-100ml\/#primaryimage","url":"https:\/\/vitablanca.ma\/wp-content\/uploads\/2026\/03\/JORGE_DI_PROFUMO_DEEP_BLUE_de_Maison_Alhambra_Pour_Homme_-_100ml_5.jpg","contentUrl":"https:\/\/vitablanca.ma\/wp-content\/uploads\/2026\/03\/JORGE_DI_PROFUMO_DEEP_BLUE_de_Maison_Alhambra_Pour_Homme_-_100ml_5.jpg","width":1080,"height":1080},{"@type":"BreadcrumbList","@id":"https:\/\/vitablanca.ma\/produit\/jorge-di-profumo-deep-blue-de-maison-alhambra-pour-homme-100ml\/#breadcrumb","itemListElement":[{"@type":"ListItem","position":1,"name":"Home","item":"https:\/\/vitablanca.ma\/"},{"@type":"ListItem","position":2,"name":"Tous Les Produits","item":"https:\/\/vitablanca.ma\/tous-les-produits\/"},{"@type":"ListItem","position":3,"name":"JORGE DI PROFUMO DEEP BLUE de Maison Alhambra Pour Homme &#8211; 100ml"}]},{"@type":"WebSite","@id":"https:\/\/vitablanca.ma\/#website","url":"https:\/\/vitablanca.ma\/","name":"VitaBlanca.ma | Food supplements, health &amp; beauty in Morocco","description":"sell premium vitamins and supplements from USA &amp; Canada, New Zealand, Morocco (NOW Foods, Solgar, Manuka). Fast delivery anywhere in Morocco.","publisher":{"@id":"https:\/\/vitablanca.ma\/#organization"},"alternateName":"VitaBlanca.ma","potentialAction":[{"@type":"SearchAction","target":{"@type":"EntryPoint","urlTemplate":"https:\/\/vitablanca.ma\/?s={search_term_string}"},"query-input":{"@type":"PropertyValueSpecification","valueRequired":true,"valueName":"search_term_string"}}],"inLanguage":"en-US"},{"@type":"Organization","@id":"https:\/\/vitablanca.ma\/#organization","name":"VitaBlanca","url":"https:\/\/vitablanca.ma\/","logo":{"@type":"ImageObject","inLanguage":"en-US","@id":"https:\/\/vitablanca.ma\/#\/schema\/logo\/image\/","url":"https:\/\/vitablanca.ma\/wp-content\/uploads\/2025\/05\/cropped-vitablanca.png","contentUrl":"https:\/\/vitablanca.ma\/wp-content\/uploads\/2025\/05\/cropped-vitablanca.png","width":360,"height":67,"caption":"VitaBlanca"},"image":{"@id":"https:\/\/vitablanca.ma\/#\/schema\/logo\/image\/"},"sameAs":["https:\/\/www.facebook.com\/profile.php?id=61576678196717","https:\/\/www.tiktok.com\/@vitablanca.ma","https:\/\/www.instagram.com\/vitablanca.ma\/"]}]}},"jetpack_sharing_enabled":true,"_links":{"self":[{"href":"https:\/\/vitablanca.ma\/en\/wp-json\/wp\/v2\/product\/31546","targetHints":{"allow":["GET"]}}],"collection":[{"href":"https:\/\/vitablanca.ma\/en\/wp-json\/wp\/v2\/product"}],"about":[{"href":"https:\/\/vitablanca.ma\/en\/wp-json\/wp\/v2\/types\/product"}],"wp:featuredmedia":[{"embeddable":true,"href":"https:\/\/vitablanca.ma\/en\/wp-json\/wp\/v2\/media\/31540"}],"wp:attachment":[{"href":"https:\/\/vitablanca.ma\/en\/wp-json\/wp\/v2\/media?parent=31546"}],"wp:term":[{"taxonomy":"product_brand","embeddable":true,"href":"https:\/\/vitablanca.ma\/en\/wp-json\/wp\/v2\/product_brand?post=31546"},{"taxonomy":"product_cat","embeddable":true,"href":"https:\/\/vitablanca.ma\/en\/wp-json\/wp\/v2\/product_cat?post=31546"},{"taxonomy":"product_tag","embeddable":true,"href":"https:\/\/vitablanca.ma\/en\/wp-json\/wp\/v2\/product_tag?post=31546"}],"curies":[{"name":"wp","href":"https:\/\/api.w.org\/{rel}","templated":true}]}}