{"id":31496,"date":"2026-03-04T01:57:33","date_gmt":"2026-03-04T01:57:33","guid":{"rendered":"https:\/\/vitablanca.ma\/produit\/velvet-musk-eau-de-parfum-pour-homme-et-femme-lattafa-100ml\/"},"modified":"2026-04-17T22:32:31","modified_gmt":"2026-04-17T22:32:31","slug":"velvet-musk-eau-de-parfum-pour-homme-et-femme-lattafa-100ml","status":"publish","type":"product","link":"https:\/\/vitablanca.ma\/en\/product\/velvet-musk-eau-de-parfum-pour-homme-et-femme-lattafa-100ml\/","title":{"rendered":"VELVET MUSK EAU DE PARFUM POUR Homme et Femme &#8211; LATTAFA 100ml"},"content":{"rendered":"<p><strong>Velvet Musk \u0641\u0644\u0641\u062a \u0645\u0633\u0643<\/strong> de Lattafa, une eau de parfum unisexe de 100 ml, incarne l\u2019\u00e9l\u00e9gance et la sophistication. Ce parfum offre une exp\u00e9rience olfactive luxueuse, m\u00ealant des notes florales fra\u00eeches et musqu\u00e9es pour un sillage captivant et intemporel.<\/p>","protected":false},"excerpt":{"rendered":"<p>Velvet Musk \u0641\u0644\u0641\u062a \u0645\u0633\u0643 de Lattafa, une eau de parfum unisexe de 100 ml, incarne l\u2019\u00e9l\u00e9gance et la sophistication. Ce parfum offre une exp\u00e9rience olfactive luxueuse, m\u00ealant des notes florales fra\u00eeches et musqu\u00e9es pour un sillage captivant et intemporel.<\/p>","protected":false},"featured_media":31492,"template":"","meta":{"om_disable_all_campaigns":false},"product_brand":[],"product_cat":[18,15,1091],"product_tag":[],"class_list":{"0":"post-31496","1":"product","2":"type-product","3":"status-publish","4":"has-post-thumbnail","6":"product_cat-beaute-sante","7":"product_cat-beaute-sante-complements-alimentaires-soins-et-bien-etre-au-meilleur-prix","8":"product_cat-beaute-parfums-maroc-prix","10":"first","11":"instock","12":"taxable","13":"shipping-taxable","14":"purchasable","15":"product-type-simple"},"yoast_head":"<!-- This site is optimized with the Yoast SEO plugin v27.5 - https:\/\/yoast.com\/product\/yoast-seo-wordpress\/ -->\n<title>VELVET MUSK EAU DE PARFUM POUR Homme et Femme - LATTAFA 100ml - Maroc Prix<\/title>\n<meta name=\"description\" content=\"VELVET MUSK EAU DE PARFUM POUR Homme et Femme - LATTAFA 100ml\" \/>\n<meta name=\"robots\" content=\"index, follow, max-snippet:-1, max-image-preview:large, max-video-preview:-1\" \/>\n<link rel=\"canonical\" href=\"https:\/\/vitablanca.ma\/en\/product\/velvet-musk-eau-de-parfum-pour-homme-et-femme-lattafa-100ml\/\" \/>\n<meta property=\"og:locale\" content=\"en_US\" \/>\n<meta property=\"og:type\" content=\"article\" \/>\n<meta property=\"og:title\" content=\"VELVET MUSK EAU DE PARFUM POUR Homme et Femme - LATTAFA 100ml - Maroc Prix\" \/>\n<meta property=\"og:description\" content=\"VELVET MUSK EAU DE PARFUM POUR Homme et Femme - LATTAFA 100ml\" \/>\n<meta property=\"og:url\" content=\"https:\/\/vitablanca.ma\/en\/product\/velvet-musk-eau-de-parfum-pour-homme-et-femme-lattafa-100ml\/\" \/>\n<meta property=\"og:site_name\" content=\"Vitablanca.ma &ndash; Sant&eacute;, vitalit&eacute; et bien-&ecirc;tre pour tous les Marocains\" \/>\n<meta property=\"article:publisher\" content=\"https:\/\/www.facebook.com\/profile.php?id=61576678196717\" \/>\n<meta property=\"article:modified_time\" content=\"2026-04-17T22:32:31+00:00\" \/>\n<meta property=\"og:image\" content=\"https:\/\/vitablanca.ma\/wp-content\/uploads\/2026\/03\/VELVETMUSK5.jpg\" \/>\n\t<meta property=\"og:image:width\" content=\"2560\" \/>\n\t<meta property=\"og:image:height\" content=\"2560\" \/>\n\t<meta property=\"og:image:type\" content=\"image\/jpeg\" \/>\n<meta name=\"twitter:card\" content=\"summary_large_image\" \/>\n<script type=\"application\/ld+json\" class=\"yoast-schema-graph\">{\"@context\":\"https:\\\/\\\/schema.org\",\"@graph\":[{\"@type\":[\"WebPage\",\"ItemPage\"],\"@id\":\"https:\\\/\\\/vitablanca.ma\\\/produit\\\/velvet-musk-eau-de-parfum-pour-homme-et-femme-lattafa-100ml\\\/\",\"url\":\"https:\\\/\\\/vitablanca.ma\\\/produit\\\/velvet-musk-eau-de-parfum-pour-homme-et-femme-lattafa-100ml\\\/\",\"name\":\"VELVET MUSK EAU DE PARFUM POUR Homme et Femme - LATTAFA 100ml - Maroc Prix\",\"isPartOf\":{\"@id\":\"https:\\\/\\\/vitablanca.ma\\\/#website\"},\"primaryImageOfPage\":{\"@id\":\"https:\\\/\\\/vitablanca.ma\\\/produit\\\/velvet-musk-eau-de-parfum-pour-homme-et-femme-lattafa-100ml\\\/#primaryimage\"},\"image\":{\"@id\":\"https:\\\/\\\/vitablanca.ma\\\/produit\\\/velvet-musk-eau-de-parfum-pour-homme-et-femme-lattafa-100ml\\\/#primaryimage\"},\"thumbnailUrl\":\"https:\\\/\\\/vitablanca.ma\\\/wp-content\\\/uploads\\\/2026\\\/03\\\/VELVETMUSK5.jpg\",\"datePublished\":\"2026-03-04T01:57:33+00:00\",\"dateModified\":\"2026-04-17T22:32:31+00:00\",\"description\":\"VELVET MUSK EAU DE PARFUM POUR Homme et Femme - LATTAFA 100ml\",\"breadcrumb\":{\"@id\":\"https:\\\/\\\/vitablanca.ma\\\/produit\\\/velvet-musk-eau-de-parfum-pour-homme-et-femme-lattafa-100ml\\\/#breadcrumb\"},\"inLanguage\":\"en-US\",\"potentialAction\":[{\"@type\":\"ReadAction\",\"target\":[\"https:\\\/\\\/vitablanca.ma\\\/produit\\\/velvet-musk-eau-de-parfum-pour-homme-et-femme-lattafa-100ml\\\/\"]}]},{\"@type\":\"ImageObject\",\"inLanguage\":\"en-US\",\"@id\":\"https:\\\/\\\/vitablanca.ma\\\/produit\\\/velvet-musk-eau-de-parfum-pour-homme-et-femme-lattafa-100ml\\\/#primaryimage\",\"url\":\"https:\\\/\\\/vitablanca.ma\\\/wp-content\\\/uploads\\\/2026\\\/03\\\/VELVETMUSK5.jpg\",\"contentUrl\":\"https:\\\/\\\/vitablanca.ma\\\/wp-content\\\/uploads\\\/2026\\\/03\\\/VELVETMUSK5.jpg\",\"width\":2560,\"height\":2560},{\"@type\":\"BreadcrumbList\",\"@id\":\"https:\\\/\\\/vitablanca.ma\\\/produit\\\/velvet-musk-eau-de-parfum-pour-homme-et-femme-lattafa-100ml\\\/#breadcrumb\",\"itemListElement\":[{\"@type\":\"ListItem\",\"position\":1,\"name\":\"Home\",\"item\":\"https:\\\/\\\/vitablanca.ma\\\/\"},{\"@type\":\"ListItem\",\"position\":2,\"name\":\"Tous Les Produits\",\"item\":\"https:\\\/\\\/vitablanca.ma\\\/tous-les-produits\\\/\"},{\"@type\":\"ListItem\",\"position\":3,\"name\":\"VELVET MUSK EAU DE PARFUM POUR Homme et Femme &#8211; LATTAFA 100ml\"}]},{\"@type\":\"WebSite\",\"@id\":\"https:\\\/\\\/vitablanca.ma\\\/#website\",\"url\":\"https:\\\/\\\/vitablanca.ma\\\/\",\"name\":\"VitaBlanca.ma | Compl\u00e9ments alimentaires, sant\u00e9 & beaut\u00e9 au Maroc\",\"description\":\"vendre vitamines et compl\u00e9ments premium des USA &amp; Canada, Nouvelle Z\u00e9lande,Maroc (NOW Foods, Solgar, Manuka). Livraison rapide partout au Maroc.\",\"publisher\":{\"@id\":\"https:\\\/\\\/vitablanca.ma\\\/#organization\"},\"alternateName\":\"VitaBlanca.ma\",\"potentialAction\":[{\"@type\":\"SearchAction\",\"target\":{\"@type\":\"EntryPoint\",\"urlTemplate\":\"https:\\\/\\\/vitablanca.ma\\\/?s={search_term_string}\"},\"query-input\":{\"@type\":\"PropertyValueSpecification\",\"valueRequired\":true,\"valueName\":\"search_term_string\"}}],\"inLanguage\":\"en-US\"},{\"@type\":\"Organization\",\"@id\":\"https:\\\/\\\/vitablanca.ma\\\/#organization\",\"name\":\"VitaBlanca\",\"url\":\"https:\\\/\\\/vitablanca.ma\\\/\",\"logo\":{\"@type\":\"ImageObject\",\"inLanguage\":\"en-US\",\"@id\":\"https:\\\/\\\/vitablanca.ma\\\/#\\\/schema\\\/logo\\\/image\\\/\",\"url\":\"https:\\\/\\\/vitablanca.ma\\\/wp-content\\\/uploads\\\/2025\\\/05\\\/cropped-vitablanca.png\",\"contentUrl\":\"https:\\\/\\\/vitablanca.ma\\\/wp-content\\\/uploads\\\/2025\\\/05\\\/cropped-vitablanca.png\",\"width\":360,\"height\":67,\"caption\":\"VitaBlanca\"},\"image\":{\"@id\":\"https:\\\/\\\/vitablanca.ma\\\/#\\\/schema\\\/logo\\\/image\\\/\"},\"sameAs\":[\"https:\\\/\\\/www.facebook.com\\\/profile.php?id=61576678196717\",\"https:\\\/\\\/www.tiktok.com\\\/@vitablanca.ma\",\"https:\\\/\\\/www.instagram.com\\\/vitablanca.ma\\\/\"]}]}<\/script>\n<!-- \/ Yoast SEO plugin. -->","yoast_head_json":{"title":"VELVET MUSK EAU DE PARFUM POUR Homme et Femme - LATTAFA 100ml - Maroc Prix","description":"VELVET MUSK EAU DE PARFUM POUR Homme et Femme - LATTAFA 100ml","robots":{"index":"index","follow":"follow","max-snippet":"max-snippet:-1","max-image-preview":"max-image-preview:large","max-video-preview":"max-video-preview:-1"},"canonical":"https:\/\/vitablanca.ma\/en\/product\/velvet-musk-eau-de-parfum-pour-homme-et-femme-lattafa-100ml\/","og_locale":"en_US","og_type":"article","og_title":"VELVET MUSK EAU DE PARFUM POUR Homme et Femme - LATTAFA 100ml - Maroc Prix","og_description":"VELVET MUSK EAU DE PARFUM POUR Homme et Femme - LATTAFA 100ml","og_url":"https:\/\/vitablanca.ma\/en\/product\/velvet-musk-eau-de-parfum-pour-homme-et-femme-lattafa-100ml\/","og_site_name":"Vitablanca.ma &ndash; Sant&eacute;, vitalit&eacute; et bien-&ecirc;tre pour tous les Marocains","article_publisher":"https:\/\/www.facebook.com\/profile.php?id=61576678196717","article_modified_time":"2026-04-17T22:32:31+00:00","og_image":[{"width":2560,"height":2560,"url":"https:\/\/vitablanca.ma\/wp-content\/uploads\/2026\/03\/VELVETMUSK5.jpg","type":"image\/jpeg"}],"twitter_card":"summary_large_image","schema":{"@context":"https:\/\/schema.org","@graph":[{"@type":["WebPage","ItemPage"],"@id":"https:\/\/vitablanca.ma\/produit\/velvet-musk-eau-de-parfum-pour-homme-et-femme-lattafa-100ml\/","url":"https:\/\/vitablanca.ma\/produit\/velvet-musk-eau-de-parfum-pour-homme-et-femme-lattafa-100ml\/","name":"VELVET MUSK EAU DE PARFUM POUR Homme et Femme - LATTAFA 100ml - Maroc Prix","isPartOf":{"@id":"https:\/\/vitablanca.ma\/#website"},"primaryImageOfPage":{"@id":"https:\/\/vitablanca.ma\/produit\/velvet-musk-eau-de-parfum-pour-homme-et-femme-lattafa-100ml\/#primaryimage"},"image":{"@id":"https:\/\/vitablanca.ma\/produit\/velvet-musk-eau-de-parfum-pour-homme-et-femme-lattafa-100ml\/#primaryimage"},"thumbnailUrl":"https:\/\/vitablanca.ma\/wp-content\/uploads\/2026\/03\/VELVETMUSK5.jpg","datePublished":"2026-03-04T01:57:33+00:00","dateModified":"2026-04-17T22:32:31+00:00","description":"VELVET MUSK EAU DE PARFUM POUR Homme et Femme - LATTAFA 100ml","breadcrumb":{"@id":"https:\/\/vitablanca.ma\/produit\/velvet-musk-eau-de-parfum-pour-homme-et-femme-lattafa-100ml\/#breadcrumb"},"inLanguage":"en-US","potentialAction":[{"@type":"ReadAction","target":["https:\/\/vitablanca.ma\/produit\/velvet-musk-eau-de-parfum-pour-homme-et-femme-lattafa-100ml\/"]}]},{"@type":"ImageObject","inLanguage":"en-US","@id":"https:\/\/vitablanca.ma\/produit\/velvet-musk-eau-de-parfum-pour-homme-et-femme-lattafa-100ml\/#primaryimage","url":"https:\/\/vitablanca.ma\/wp-content\/uploads\/2026\/03\/VELVETMUSK5.jpg","contentUrl":"https:\/\/vitablanca.ma\/wp-content\/uploads\/2026\/03\/VELVETMUSK5.jpg","width":2560,"height":2560},{"@type":"BreadcrumbList","@id":"https:\/\/vitablanca.ma\/produit\/velvet-musk-eau-de-parfum-pour-homme-et-femme-lattafa-100ml\/#breadcrumb","itemListElement":[{"@type":"ListItem","position":1,"name":"Home","item":"https:\/\/vitablanca.ma\/"},{"@type":"ListItem","position":2,"name":"Tous Les Produits","item":"https:\/\/vitablanca.ma\/tous-les-produits\/"},{"@type":"ListItem","position":3,"name":"VELVET MUSK EAU DE PARFUM POUR Homme et Femme &#8211; LATTAFA 100ml"}]},{"@type":"WebSite","@id":"https:\/\/vitablanca.ma\/#website","url":"https:\/\/vitablanca.ma\/","name":"VitaBlanca.ma | Food supplements, health &amp; beauty in Morocco","description":"sell premium vitamins and supplements from USA &amp; Canada, New Zealand, Morocco (NOW Foods, Solgar, Manuka). Fast delivery anywhere in Morocco.","publisher":{"@id":"https:\/\/vitablanca.ma\/#organization"},"alternateName":"VitaBlanca.ma","potentialAction":[{"@type":"SearchAction","target":{"@type":"EntryPoint","urlTemplate":"https:\/\/vitablanca.ma\/?s={search_term_string}"},"query-input":{"@type":"PropertyValueSpecification","valueRequired":true,"valueName":"search_term_string"}}],"inLanguage":"en-US"},{"@type":"Organization","@id":"https:\/\/vitablanca.ma\/#organization","name":"VitaBlanca","url":"https:\/\/vitablanca.ma\/","logo":{"@type":"ImageObject","inLanguage":"en-US","@id":"https:\/\/vitablanca.ma\/#\/schema\/logo\/image\/","url":"https:\/\/vitablanca.ma\/wp-content\/uploads\/2025\/05\/cropped-vitablanca.png","contentUrl":"https:\/\/vitablanca.ma\/wp-content\/uploads\/2025\/05\/cropped-vitablanca.png","width":360,"height":67,"caption":"VitaBlanca"},"image":{"@id":"https:\/\/vitablanca.ma\/#\/schema\/logo\/image\/"},"sameAs":["https:\/\/www.facebook.com\/profile.php?id=61576678196717","https:\/\/www.tiktok.com\/@vitablanca.ma","https:\/\/www.instagram.com\/vitablanca.ma\/"]}]}},"jetpack_sharing_enabled":true,"_links":{"self":[{"href":"https:\/\/vitablanca.ma\/en\/wp-json\/wp\/v2\/product\/31496","targetHints":{"allow":["GET"]}}],"collection":[{"href":"https:\/\/vitablanca.ma\/en\/wp-json\/wp\/v2\/product"}],"about":[{"href":"https:\/\/vitablanca.ma\/en\/wp-json\/wp\/v2\/types\/product"}],"wp:featuredmedia":[{"embeddable":true,"href":"https:\/\/vitablanca.ma\/en\/wp-json\/wp\/v2\/media\/31492"}],"wp:attachment":[{"href":"https:\/\/vitablanca.ma\/en\/wp-json\/wp\/v2\/media?parent=31496"}],"wp:term":[{"taxonomy":"product_brand","embeddable":true,"href":"https:\/\/vitablanca.ma\/en\/wp-json\/wp\/v2\/product_brand?post=31496"},{"taxonomy":"product_cat","embeddable":true,"href":"https:\/\/vitablanca.ma\/en\/wp-json\/wp\/v2\/product_cat?post=31496"},{"taxonomy":"product_tag","embeddable":true,"href":"https:\/\/vitablanca.ma\/en\/wp-json\/wp\/v2\/product_tag?post=31496"}],"curies":[{"name":"wp","href":"https:\/\/api.w.org\/{rel}","templated":true}]}}