{"id":31491,"date":"2026-03-04T01:57:25","date_gmt":"2026-03-04T01:57:25","guid":{"rendered":"https:\/\/vitablanca.ma\/produit\/al-sayaad-ard-al-azaafaran-eau-de-parfum-pour-femmes-100ml\/"},"modified":"2026-04-17T22:32:21","modified_gmt":"2026-04-17T22:32:21","slug":"al-sayaad-ard-al-azaafaran-eau-de-parfum-pour-femmes-100ml","status":"publish","type":"product","link":"https:\/\/vitablanca.ma\/en\/product\/al-sayaad-ard-al-azaafaran-eau-de-parfum-pour-femmes-100ml\/","title":{"rendered":"AL SAYAAD ARD AL AZAAFARAN EAU DE PARFUM Pour Femmes \u2013 100ml"},"content":{"rendered":"<p><span><strong>L\u2019eau de parfum Al Sayaad \u0627\u0644\u0635\u064a\u0627\u062f<\/strong> d\u2019ARD AL ZAAFARAN offre une exp\u00e9rience olfactive inoubliable. Avec ses notes sophistiqu\u00e9es, son design \u00e9l\u00e9gant et une formule persistante, ce parfum devient l\u2019expression parfaite de la femme moderne. Adapt\u00e9 \u00e0 toutes les occasions, Al Sayaad c\u00e9l\u00e8bre la gr\u00e2ce et la s\u00e9duction, faisant de chaque instant une exp\u00e9rience olfactive remarquable.<\/span><\/p>\n<p class=\"MsoNormal\"><b>Olfactory notes:<\/b><\/p>\n<ul>\n<li>\n<strong>\u00a0Fragrance envo\u00fbtante<\/strong> : un m\u00e9lange subtil de notes florales et orientales pour une pr\u00e9sence inoubliable<\/li>\n<li>\n<strong>\u00a0Contenance 100 m<\/strong>l : un flacon g\u00e9n\u00e9reux pour une exp\u00e9rience olfactive prolong\u00e9e<\/li>\n<li>\n<strong>\u00a0Design \u00e9l\u00e9gant<\/strong> : pr\u00e9sentation sophistiqu\u00e9e refl\u00e9tant la modernit\u00e9 et l\u2019\u00e9l\u00e9gance<\/li>\n<li>\n<strong>Longue dur\u00e9e<\/strong> : formule persistante pour une empreinte olfactive qui perdure<\/li>\n<li>Notes sophistiqu\u00e9es : une harmonie de senteurs qui \u00e9voquent la gr\u00e2ce et la f\u00e9minit\u00e9 raffin\u00e9e<\/li>\n<\/ul>","protected":false},"excerpt":{"rendered":"<p>L\u2019eau de parfum Al Sayaad \u0627\u0644\u0635\u064a\u0627\u062f d\u2019ARD AL ZAAFARAN offre une exp\u00e9rience olfactive inoubliable. Avec ses notes sophistiqu\u00e9es, son design \u00e9l\u00e9gant et une formule persistante, ce parfum devient l\u2019expression parfaite de la femme moderne. Adapt\u00e9 \u00e0 toutes les occasions, Al Sayaad c\u00e9l\u00e8bre la gr\u00e2ce et la s\u00e9duction, faisant de chaque instant une exp\u00e9rience olfactive remarquable. [&hellip;]<\/p>\n","protected":false},"featured_media":31488,"template":"","meta":{"om_disable_all_campaigns":false},"product_brand":[],"product_cat":[18,15,1091],"product_tag":[],"class_list":{"0":"post-31491","1":"product","2":"type-product","3":"status-publish","4":"has-post-thumbnail","6":"product_cat-beaute-sante","7":"product_cat-beaute-sante-complements-alimentaires-soins-et-bien-etre-au-meilleur-prix","8":"product_cat-beaute-parfums-maroc-prix","10":"first","11":"instock","12":"taxable","13":"shipping-taxable","14":"purchasable","15":"product-type-simple"},"yoast_head":"<!-- This site is optimized with the Yoast SEO plugin v27.5 - https:\/\/yoast.com\/product\/yoast-seo-wordpress\/ -->\n<title>AL SAYAAD ARD AL AZAAFARAN EAU DE PARFUM Pour Femmes \u2013 100ml - Maroc Prix<\/title>\n<meta name=\"description\" content=\"AL SAYAAD ARD AL AZAAFARAN EAU DE PARFUM Pour Femmes \u2013 100ml\" \/>\n<meta name=\"robots\" content=\"index, follow, max-snippet:-1, max-image-preview:large, max-video-preview:-1\" \/>\n<link rel=\"canonical\" href=\"https:\/\/vitablanca.ma\/en\/product\/al-sayaad-ard-al-azaafaran-eau-de-parfum-pour-femmes-100ml\/\" \/>\n<meta property=\"og:locale\" content=\"en_US\" \/>\n<meta property=\"og:type\" content=\"article\" \/>\n<meta property=\"og:title\" content=\"AL SAYAAD ARD AL AZAAFARAN EAU DE PARFUM Pour Femmes \u2013 100ml - Maroc Prix\" \/>\n<meta property=\"og:description\" content=\"AL SAYAAD ARD AL AZAAFARAN EAU DE PARFUM Pour Femmes \u2013 100ml\" \/>\n<meta property=\"og:url\" content=\"https:\/\/vitablanca.ma\/en\/product\/al-sayaad-ard-al-azaafaran-eau-de-parfum-pour-femmes-100ml\/\" \/>\n<meta property=\"og:site_name\" content=\"Vitablanca.ma &ndash; Sant&eacute;, vitalit&eacute; et bien-&ecirc;tre pour tous les Marocains\" \/>\n<meta property=\"article:publisher\" content=\"https:\/\/www.facebook.com\/profile.php?id=61576678196717\" \/>\n<meta property=\"article:modified_time\" content=\"2026-04-17T22:32:21+00:00\" \/>\n<meta property=\"og:image\" content=\"https:\/\/vitablanca.ma\/wp-content\/uploads\/2026\/03\/ALSAYAADPHOTOSHOP.jpg\" \/>\n\t<meta property=\"og:image:width\" content=\"1104\" \/>\n\t<meta property=\"og:image:height\" content=\"1000\" \/>\n\t<meta property=\"og:image:type\" content=\"image\/jpeg\" \/>\n<meta name=\"twitter:card\" content=\"summary_large_image\" \/>\n<meta name=\"twitter:label1\" content=\"Est. reading time\" \/>\n\t<meta name=\"twitter:data1\" content=\"1 minute\" \/>\n<script type=\"application\/ld+json\" class=\"yoast-schema-graph\">{\"@context\":\"https:\\\/\\\/schema.org\",\"@graph\":[{\"@type\":[\"WebPage\",\"ItemPage\"],\"@id\":\"https:\\\/\\\/vitablanca.ma\\\/produit\\\/al-sayaad-ard-al-azaafaran-eau-de-parfum-pour-femmes-100ml\\\/\",\"url\":\"https:\\\/\\\/vitablanca.ma\\\/produit\\\/al-sayaad-ard-al-azaafaran-eau-de-parfum-pour-femmes-100ml\\\/\",\"name\":\"AL SAYAAD ARD AL AZAAFARAN EAU DE PARFUM Pour Femmes \u2013 100ml - Maroc Prix\",\"isPartOf\":{\"@id\":\"https:\\\/\\\/vitablanca.ma\\\/#website\"},\"primaryImageOfPage\":{\"@id\":\"https:\\\/\\\/vitablanca.ma\\\/produit\\\/al-sayaad-ard-al-azaafaran-eau-de-parfum-pour-femmes-100ml\\\/#primaryimage\"},\"image\":{\"@id\":\"https:\\\/\\\/vitablanca.ma\\\/produit\\\/al-sayaad-ard-al-azaafaran-eau-de-parfum-pour-femmes-100ml\\\/#primaryimage\"},\"thumbnailUrl\":\"https:\\\/\\\/vitablanca.ma\\\/wp-content\\\/uploads\\\/2026\\\/03\\\/ALSAYAADPHOTOSHOP.jpg\",\"datePublished\":\"2026-03-04T01:57:25+00:00\",\"dateModified\":\"2026-04-17T22:32:21+00:00\",\"description\":\"AL SAYAAD ARD AL AZAAFARAN EAU DE PARFUM Pour Femmes \u2013 100ml\",\"breadcrumb\":{\"@id\":\"https:\\\/\\\/vitablanca.ma\\\/produit\\\/al-sayaad-ard-al-azaafaran-eau-de-parfum-pour-femmes-100ml\\\/#breadcrumb\"},\"inLanguage\":\"en-US\",\"potentialAction\":[{\"@type\":\"ReadAction\",\"target\":[\"https:\\\/\\\/vitablanca.ma\\\/produit\\\/al-sayaad-ard-al-azaafaran-eau-de-parfum-pour-femmes-100ml\\\/\"]}]},{\"@type\":\"ImageObject\",\"inLanguage\":\"en-US\",\"@id\":\"https:\\\/\\\/vitablanca.ma\\\/produit\\\/al-sayaad-ard-al-azaafaran-eau-de-parfum-pour-femmes-100ml\\\/#primaryimage\",\"url\":\"https:\\\/\\\/vitablanca.ma\\\/wp-content\\\/uploads\\\/2026\\\/03\\\/ALSAYAADPHOTOSHOP.jpg\",\"contentUrl\":\"https:\\\/\\\/vitablanca.ma\\\/wp-content\\\/uploads\\\/2026\\\/03\\\/ALSAYAADPHOTOSHOP.jpg\",\"width\":1104,\"height\":1000},{\"@type\":\"BreadcrumbList\",\"@id\":\"https:\\\/\\\/vitablanca.ma\\\/produit\\\/al-sayaad-ard-al-azaafaran-eau-de-parfum-pour-femmes-100ml\\\/#breadcrumb\",\"itemListElement\":[{\"@type\":\"ListItem\",\"position\":1,\"name\":\"Home\",\"item\":\"https:\\\/\\\/vitablanca.ma\\\/\"},{\"@type\":\"ListItem\",\"position\":2,\"name\":\"Tous Les Produits\",\"item\":\"https:\\\/\\\/vitablanca.ma\\\/tous-les-produits\\\/\"},{\"@type\":\"ListItem\",\"position\":3,\"name\":\"AL SAYAAD ARD AL AZAAFARAN EAU DE PARFUM Pour Femmes \u2013 100ml\"}]},{\"@type\":\"WebSite\",\"@id\":\"https:\\\/\\\/vitablanca.ma\\\/#website\",\"url\":\"https:\\\/\\\/vitablanca.ma\\\/\",\"name\":\"VitaBlanca.ma | Compl\u00e9ments alimentaires, sant\u00e9 & beaut\u00e9 au Maroc\",\"description\":\"vendre vitamines et compl\u00e9ments premium des USA &amp; Canada, Nouvelle Z\u00e9lande,Maroc (NOW Foods, Solgar, Manuka). Livraison rapide partout au Maroc.\",\"publisher\":{\"@id\":\"https:\\\/\\\/vitablanca.ma\\\/#organization\"},\"alternateName\":\"VitaBlanca.ma\",\"potentialAction\":[{\"@type\":\"SearchAction\",\"target\":{\"@type\":\"EntryPoint\",\"urlTemplate\":\"https:\\\/\\\/vitablanca.ma\\\/?s={search_term_string}\"},\"query-input\":{\"@type\":\"PropertyValueSpecification\",\"valueRequired\":true,\"valueName\":\"search_term_string\"}}],\"inLanguage\":\"en-US\"},{\"@type\":\"Organization\",\"@id\":\"https:\\\/\\\/vitablanca.ma\\\/#organization\",\"name\":\"VitaBlanca\",\"url\":\"https:\\\/\\\/vitablanca.ma\\\/\",\"logo\":{\"@type\":\"ImageObject\",\"inLanguage\":\"en-US\",\"@id\":\"https:\\\/\\\/vitablanca.ma\\\/#\\\/schema\\\/logo\\\/image\\\/\",\"url\":\"https:\\\/\\\/vitablanca.ma\\\/wp-content\\\/uploads\\\/2025\\\/05\\\/cropped-vitablanca.png\",\"contentUrl\":\"https:\\\/\\\/vitablanca.ma\\\/wp-content\\\/uploads\\\/2025\\\/05\\\/cropped-vitablanca.png\",\"width\":360,\"height\":67,\"caption\":\"VitaBlanca\"},\"image\":{\"@id\":\"https:\\\/\\\/vitablanca.ma\\\/#\\\/schema\\\/logo\\\/image\\\/\"},\"sameAs\":[\"https:\\\/\\\/www.facebook.com\\\/profile.php?id=61576678196717\",\"https:\\\/\\\/www.tiktok.com\\\/@vitablanca.ma\",\"https:\\\/\\\/www.instagram.com\\\/vitablanca.ma\\\/\"]}]}<\/script>\n<!-- \/ Yoast SEO plugin. -->","yoast_head_json":{"title":"AL SAYAAD ARD AL AZAAFARAN EAU DE PARFUM Pour Femmes \u2013 100ml - Maroc Prix","description":"AL SAYAAD ARD AL AZAAFARAN EAU DE PARFUM Pour Femmes \u2013 100ml","robots":{"index":"index","follow":"follow","max-snippet":"max-snippet:-1","max-image-preview":"max-image-preview:large","max-video-preview":"max-video-preview:-1"},"canonical":"https:\/\/vitablanca.ma\/en\/product\/al-sayaad-ard-al-azaafaran-eau-de-parfum-pour-femmes-100ml\/","og_locale":"en_US","og_type":"article","og_title":"AL SAYAAD ARD AL AZAAFARAN EAU DE PARFUM Pour Femmes \u2013 100ml - Maroc Prix","og_description":"AL SAYAAD ARD AL AZAAFARAN EAU DE PARFUM Pour Femmes \u2013 100ml","og_url":"https:\/\/vitablanca.ma\/en\/product\/al-sayaad-ard-al-azaafaran-eau-de-parfum-pour-femmes-100ml\/","og_site_name":"Vitablanca.ma &ndash; Sant&eacute;, vitalit&eacute; et bien-&ecirc;tre pour tous les Marocains","article_publisher":"https:\/\/www.facebook.com\/profile.php?id=61576678196717","article_modified_time":"2026-04-17T22:32:21+00:00","og_image":[{"width":1104,"height":1000,"url":"https:\/\/vitablanca.ma\/wp-content\/uploads\/2026\/03\/ALSAYAADPHOTOSHOP.jpg","type":"image\/jpeg"}],"twitter_card":"summary_large_image","twitter_misc":{"Est. reading time":"1 minute"},"schema":{"@context":"https:\/\/schema.org","@graph":[{"@type":["WebPage","ItemPage"],"@id":"https:\/\/vitablanca.ma\/produit\/al-sayaad-ard-al-azaafaran-eau-de-parfum-pour-femmes-100ml\/","url":"https:\/\/vitablanca.ma\/produit\/al-sayaad-ard-al-azaafaran-eau-de-parfum-pour-femmes-100ml\/","name":"AL SAYAAD ARD AL AZAAFARAN EAU DE PARFUM Pour Femmes \u2013 100ml - Maroc Prix","isPartOf":{"@id":"https:\/\/vitablanca.ma\/#website"},"primaryImageOfPage":{"@id":"https:\/\/vitablanca.ma\/produit\/al-sayaad-ard-al-azaafaran-eau-de-parfum-pour-femmes-100ml\/#primaryimage"},"image":{"@id":"https:\/\/vitablanca.ma\/produit\/al-sayaad-ard-al-azaafaran-eau-de-parfum-pour-femmes-100ml\/#primaryimage"},"thumbnailUrl":"https:\/\/vitablanca.ma\/wp-content\/uploads\/2026\/03\/ALSAYAADPHOTOSHOP.jpg","datePublished":"2026-03-04T01:57:25+00:00","dateModified":"2026-04-17T22:32:21+00:00","description":"AL SAYAAD ARD AL AZAAFARAN EAU DE PARFUM Pour Femmes \u2013 100ml","breadcrumb":{"@id":"https:\/\/vitablanca.ma\/produit\/al-sayaad-ard-al-azaafaran-eau-de-parfum-pour-femmes-100ml\/#breadcrumb"},"inLanguage":"en-US","potentialAction":[{"@type":"ReadAction","target":["https:\/\/vitablanca.ma\/produit\/al-sayaad-ard-al-azaafaran-eau-de-parfum-pour-femmes-100ml\/"]}]},{"@type":"ImageObject","inLanguage":"en-US","@id":"https:\/\/vitablanca.ma\/produit\/al-sayaad-ard-al-azaafaran-eau-de-parfum-pour-femmes-100ml\/#primaryimage","url":"https:\/\/vitablanca.ma\/wp-content\/uploads\/2026\/03\/ALSAYAADPHOTOSHOP.jpg","contentUrl":"https:\/\/vitablanca.ma\/wp-content\/uploads\/2026\/03\/ALSAYAADPHOTOSHOP.jpg","width":1104,"height":1000},{"@type":"BreadcrumbList","@id":"https:\/\/vitablanca.ma\/produit\/al-sayaad-ard-al-azaafaran-eau-de-parfum-pour-femmes-100ml\/#breadcrumb","itemListElement":[{"@type":"ListItem","position":1,"name":"Home","item":"https:\/\/vitablanca.ma\/"},{"@type":"ListItem","position":2,"name":"Tous Les Produits","item":"https:\/\/vitablanca.ma\/tous-les-produits\/"},{"@type":"ListItem","position":3,"name":"AL SAYAAD ARD AL AZAAFARAN EAU DE PARFUM Pour Femmes \u2013 100ml"}]},{"@type":"WebSite","@id":"https:\/\/vitablanca.ma\/#website","url":"https:\/\/vitablanca.ma\/","name":"VitaBlanca.ma | Food supplements, health &amp; beauty in Morocco","description":"sell premium vitamins and supplements from USA &amp; Canada, New Zealand, Morocco (NOW Foods, Solgar, Manuka). Fast delivery anywhere in Morocco.","publisher":{"@id":"https:\/\/vitablanca.ma\/#organization"},"alternateName":"VitaBlanca.ma","potentialAction":[{"@type":"SearchAction","target":{"@type":"EntryPoint","urlTemplate":"https:\/\/vitablanca.ma\/?s={search_term_string}"},"query-input":{"@type":"PropertyValueSpecification","valueRequired":true,"valueName":"search_term_string"}}],"inLanguage":"en-US"},{"@type":"Organization","@id":"https:\/\/vitablanca.ma\/#organization","name":"VitaBlanca","url":"https:\/\/vitablanca.ma\/","logo":{"@type":"ImageObject","inLanguage":"en-US","@id":"https:\/\/vitablanca.ma\/#\/schema\/logo\/image\/","url":"https:\/\/vitablanca.ma\/wp-content\/uploads\/2025\/05\/cropped-vitablanca.png","contentUrl":"https:\/\/vitablanca.ma\/wp-content\/uploads\/2025\/05\/cropped-vitablanca.png","width":360,"height":67,"caption":"VitaBlanca"},"image":{"@id":"https:\/\/vitablanca.ma\/#\/schema\/logo\/image\/"},"sameAs":["https:\/\/www.facebook.com\/profile.php?id=61576678196717","https:\/\/www.tiktok.com\/@vitablanca.ma","https:\/\/www.instagram.com\/vitablanca.ma\/"]}]}},"jetpack_sharing_enabled":true,"_links":{"self":[{"href":"https:\/\/vitablanca.ma\/en\/wp-json\/wp\/v2\/product\/31491","targetHints":{"allow":["GET"]}}],"collection":[{"href":"https:\/\/vitablanca.ma\/en\/wp-json\/wp\/v2\/product"}],"about":[{"href":"https:\/\/vitablanca.ma\/en\/wp-json\/wp\/v2\/types\/product"}],"wp:featuredmedia":[{"embeddable":true,"href":"https:\/\/vitablanca.ma\/en\/wp-json\/wp\/v2\/media\/31488"}],"wp:attachment":[{"href":"https:\/\/vitablanca.ma\/en\/wp-json\/wp\/v2\/media?parent=31491"}],"wp:term":[{"taxonomy":"product_brand","embeddable":true,"href":"https:\/\/vitablanca.ma\/en\/wp-json\/wp\/v2\/product_brand?post=31491"},{"taxonomy":"product_cat","embeddable":true,"href":"https:\/\/vitablanca.ma\/en\/wp-json\/wp\/v2\/product_cat?post=31491"},{"taxonomy":"product_tag","embeddable":true,"href":"https:\/\/vitablanca.ma\/en\/wp-json\/wp\/v2\/product_tag?post=31491"}],"curies":[{"name":"wp","href":"https:\/\/api.w.org\/{rel}","templated":true}]}}