{"id":31416,"date":"2026-03-04T01:55:34","date_gmt":"2026-03-04T01:55:34","guid":{"rendered":"https:\/\/vitablanca.ma\/produit\/badee-al-oud-noble-blush-eau-de-parfum-pour-femmes-lattafa-100ml\/"},"modified":"2026-04-17T22:32:36","modified_gmt":"2026-04-17T22:32:36","slug":"badee-al-oud-noble-blush-eau-de-parfum-pour-femmes-lattafa-100ml","status":"publish","type":"product","link":"https:\/\/vitablanca.ma\/en\/product\/badee-al-oud-noble-blush-eau-de-parfum-pour-femmes-lattafa-100ml\/","title":{"rendered":"BADEE AL OUD NOBLE BLUSH Eau De Parfum Pour Femmes &#8211; Lattafa 100ml"},"content":{"rendered":"<p style=\"margin-bottom: .0001pt;line-height: 115%\" class=\"MsoNormal\">D\u00e9couvrez le charme envo\u00fbtant de <b>Badee Al Oud Noble Blush <strong>[\u0628\u062f\u064a\u0639 \u0627\u0644\u0639\u0648\u062f]<\/strong><\/b>, un parfum qui capture l\u2019essence d\u2019un r\u00eave doux el fantasme. Avec une note de t\u00eate de lait de rose d\u00e9licat, ce parfum s\u2019ouvre sur une touche douce el romantique. Les notes de c\u0153ur d\u2019amande et de meringue apportent une richesse d\u00e9licieusement douce et cr\u00e9meuse, tandis que les notes de fond de bois de santal, de vanille et de musc ajoutent chaleur et profondeur, cr\u00e9ant une finition velout\u00e9e irr\u00e9sistible. <span style=\"font-size: 8.0pt;line-height: 115%\"><\/span><\/p>\n<p style=\"margin-bottom: .0001pt;line-height: 115%\" class=\"MsoNormal\">Parfaitement con\u00e7u pour \u00e9voquer un sentiment d\u2019\u00e9merveillement, Noble Blush est un v\u00e9ritable d\u00e9lice de la collection <b>Badee Al Oud<\/b>, transformant chaque instant en une bouff\u00e9e de pur enchantement.<\/p>\n<p style=\"margin-bottom: .0001pt;line-height: 115%\" class=\"MsoNormal\">\u00a0<\/p>\n<p style=\"margin-bottom: .0001pt;line-height: 115%\" class=\"MsoNormal\"><strong>Notes olfactives :<\/strong><\/p>\n<p style=\"margin-bottom: .0001pt;line-height: 115%\" class=\"MsoNormal\">\u00a0<\/p>\n<p class=\"MsoNormal\" style=\"margin-bottom: .0001pt;line-height: 115%\"><b>Notes de t\u00eate :<\/b> Lait de rose<\/p>\n<p class=\"MsoNormal\" style=\"margin-bottom: .0001pt;line-height: 115%\"><b>Notes de c\u0153ur :<\/b> Amande, Meringue<\/p>\n<p class=\"MsoNormal\" style=\"margin-bottom: .0001pt;line-height: 115%\"><b>Notes de fond :<\/b> Bois de santal, Vanille, Musc<\/p>\n<p class=\"MsoNormal\" style=\"margin-bottom: .0001pt;line-height: 115%\"><b><span lang=\"EN-US\">Ce parfum rappelled :<\/span><\/b><span lang=\"EN-US\"> Zukhruf Pink Zimaya, Good Girl Blush Carolina Herrera<\/span><\/p>\n","protected":false},"excerpt":{"rendered":"<p>D\u00e9couvrez le charme envo\u00fbtant de Badee Al Oud Noble Blush [\u0628\u062f\u064a\u0639 \u0627\u0644\u0639\u0648\u062f], un parfum qui capture l\u2019essence d\u2019un r\u00eave doux el fantasme. Avec une note de t\u00eate de lait de rose d\u00e9licat, ce parfum s\u2019ouvre sur une touche douce el romantique. Les notes de c\u0153ur d\u2019amande et de meringue apportent une richesse d\u00e9licieusement douce et [&hellip;]<\/p>\n","protected":false},"featured_media":31413,"template":"","meta":{"om_disable_all_campaigns":false},"product_brand":[],"product_cat":[18,15,1091],"product_tag":[],"class_list":{"0":"post-31416","1":"product","2":"type-product","3":"status-publish","4":"has-post-thumbnail","6":"product_cat-beaute-sante","7":"product_cat-beaute-sante-complements-alimentaires-soins-et-bien-etre-au-meilleur-prix","8":"product_cat-beaute-parfums-maroc-prix","10":"first","11":"instock","12":"taxable","13":"shipping-taxable","14":"purchasable","15":"product-type-simple"},"yoast_head":"<!-- This site is optimized with the Yoast SEO plugin v27.5 - https:\/\/yoast.com\/product\/yoast-seo-wordpress\/ -->\n<title>BADEE AL OUD NOBLE BLUSH Eau De Parfum Pour Femmes - Lattafa 100ml - Maroc Prix<\/title>\n<meta name=\"description\" content=\"BADEE AL OUD NOBLE BLUSH Eau De Parfum Pour Femmes - Lattafa 100ml\" \/>\n<meta name=\"robots\" content=\"index, follow, max-snippet:-1, max-image-preview:large, max-video-preview:-1\" \/>\n<link rel=\"canonical\" href=\"https:\/\/vitablanca.ma\/en\/product\/badee-al-oud-noble-blush-eau-de-parfum-pour-femmes-lattafa-100ml\/\" \/>\n<meta property=\"og:locale\" content=\"en_US\" \/>\n<meta property=\"og:type\" content=\"article\" \/>\n<meta property=\"og:title\" content=\"BADEE AL OUD NOBLE BLUSH Eau De Parfum Pour Femmes - Lattafa 100ml - Maroc Prix\" \/>\n<meta property=\"og:description\" content=\"BADEE AL OUD NOBLE BLUSH Eau De Parfum Pour Femmes - Lattafa 100ml\" \/>\n<meta property=\"og:url\" content=\"https:\/\/vitablanca.ma\/en\/product\/badee-al-oud-noble-blush-eau-de-parfum-pour-femmes-lattafa-100ml\/\" \/>\n<meta property=\"og:site_name\" content=\"Vitablanca.ma &ndash; Sant&eacute;, vitalit&eacute; et bien-&ecirc;tre pour tous les Marocains\" \/>\n<meta property=\"article:publisher\" content=\"https:\/\/www.facebook.com\/profile.php?id=61576678196717\" \/>\n<meta property=\"article:modified_time\" content=\"2026-04-17T22:32:36+00:00\" \/>\n<meta property=\"og:image\" content=\"https:\/\/vitablanca.ma\/wp-content\/uploads\/2026\/03\/BADEEALOUDNOBLEBLUSHEauDeParfumPourFemmes-Lattafa100ml1.jpg\" \/>\n\t<meta property=\"og:image:width\" content=\"1080\" \/>\n\t<meta property=\"og:image:height\" content=\"1080\" \/>\n\t<meta property=\"og:image:type\" content=\"image\/jpeg\" \/>\n<meta name=\"twitter:card\" content=\"summary_large_image\" \/>\n<meta name=\"twitter:label1\" content=\"Est. reading time\" \/>\n\t<meta name=\"twitter:data1\" content=\"1 minute\" \/>\n<script type=\"application\/ld+json\" class=\"yoast-schema-graph\">{\"@context\":\"https:\\\/\\\/schema.org\",\"@graph\":[{\"@type\":[\"WebPage\",\"ItemPage\"],\"@id\":\"https:\\\/\\\/vitablanca.ma\\\/produit\\\/badee-al-oud-noble-blush-eau-de-parfum-pour-femmes-lattafa-100ml\\\/\",\"url\":\"https:\\\/\\\/vitablanca.ma\\\/produit\\\/badee-al-oud-noble-blush-eau-de-parfum-pour-femmes-lattafa-100ml\\\/\",\"name\":\"BADEE AL OUD NOBLE BLUSH Eau De Parfum Pour Femmes - Lattafa 100ml - Maroc Prix\",\"isPartOf\":{\"@id\":\"https:\\\/\\\/vitablanca.ma\\\/#website\"},\"primaryImageOfPage\":{\"@id\":\"https:\\\/\\\/vitablanca.ma\\\/produit\\\/badee-al-oud-noble-blush-eau-de-parfum-pour-femmes-lattafa-100ml\\\/#primaryimage\"},\"image\":{\"@id\":\"https:\\\/\\\/vitablanca.ma\\\/produit\\\/badee-al-oud-noble-blush-eau-de-parfum-pour-femmes-lattafa-100ml\\\/#primaryimage\"},\"thumbnailUrl\":\"https:\\\/\\\/vitablanca.ma\\\/wp-content\\\/uploads\\\/2026\\\/03\\\/BADEEALOUDNOBLEBLUSHEauDeParfumPourFemmes-Lattafa100ml1.jpg\",\"datePublished\":\"2026-03-04T01:55:34+00:00\",\"dateModified\":\"2026-04-17T22:32:36+00:00\",\"description\":\"BADEE AL OUD NOBLE BLUSH Eau De Parfum Pour Femmes - Lattafa 100ml\",\"breadcrumb\":{\"@id\":\"https:\\\/\\\/vitablanca.ma\\\/produit\\\/badee-al-oud-noble-blush-eau-de-parfum-pour-femmes-lattafa-100ml\\\/#breadcrumb\"},\"inLanguage\":\"en-US\",\"potentialAction\":[{\"@type\":\"ReadAction\",\"target\":[\"https:\\\/\\\/vitablanca.ma\\\/produit\\\/badee-al-oud-noble-blush-eau-de-parfum-pour-femmes-lattafa-100ml\\\/\"]}]},{\"@type\":\"ImageObject\",\"inLanguage\":\"en-US\",\"@id\":\"https:\\\/\\\/vitablanca.ma\\\/produit\\\/badee-al-oud-noble-blush-eau-de-parfum-pour-femmes-lattafa-100ml\\\/#primaryimage\",\"url\":\"https:\\\/\\\/vitablanca.ma\\\/wp-content\\\/uploads\\\/2026\\\/03\\\/BADEEALOUDNOBLEBLUSHEauDeParfumPourFemmes-Lattafa100ml1.jpg\",\"contentUrl\":\"https:\\\/\\\/vitablanca.ma\\\/wp-content\\\/uploads\\\/2026\\\/03\\\/BADEEALOUDNOBLEBLUSHEauDeParfumPourFemmes-Lattafa100ml1.jpg\",\"width\":1080,\"height\":1080},{\"@type\":\"BreadcrumbList\",\"@id\":\"https:\\\/\\\/vitablanca.ma\\\/produit\\\/badee-al-oud-noble-blush-eau-de-parfum-pour-femmes-lattafa-100ml\\\/#breadcrumb\",\"itemListElement\":[{\"@type\":\"ListItem\",\"position\":1,\"name\":\"Home\",\"item\":\"https:\\\/\\\/vitablanca.ma\\\/\"},{\"@type\":\"ListItem\",\"position\":2,\"name\":\"Tous Les Produits\",\"item\":\"https:\\\/\\\/vitablanca.ma\\\/tous-les-produits\\\/\"},{\"@type\":\"ListItem\",\"position\":3,\"name\":\"BADEE AL OUD NOBLE BLUSH Eau De Parfum Pour Femmes &#8211; Lattafa 100ml\"}]},{\"@type\":\"WebSite\",\"@id\":\"https:\\\/\\\/vitablanca.ma\\\/#website\",\"url\":\"https:\\\/\\\/vitablanca.ma\\\/\",\"name\":\"VitaBlanca.ma | Compl\u00e9ments alimentaires, sant\u00e9 & beaut\u00e9 au Maroc\",\"description\":\"vendre vitamines et compl\u00e9ments premium des USA &amp; Canada, Nouvelle Z\u00e9lande,Maroc (NOW Foods, Solgar, Manuka). Livraison rapide partout au Maroc.\",\"publisher\":{\"@id\":\"https:\\\/\\\/vitablanca.ma\\\/#organization\"},\"alternateName\":\"VitaBlanca.ma\",\"potentialAction\":[{\"@type\":\"SearchAction\",\"target\":{\"@type\":\"EntryPoint\",\"urlTemplate\":\"https:\\\/\\\/vitablanca.ma\\\/?s={search_term_string}\"},\"query-input\":{\"@type\":\"PropertyValueSpecification\",\"valueRequired\":true,\"valueName\":\"search_term_string\"}}],\"inLanguage\":\"en-US\"},{\"@type\":\"Organization\",\"@id\":\"https:\\\/\\\/vitablanca.ma\\\/#organization\",\"name\":\"VitaBlanca\",\"url\":\"https:\\\/\\\/vitablanca.ma\\\/\",\"logo\":{\"@type\":\"ImageObject\",\"inLanguage\":\"en-US\",\"@id\":\"https:\\\/\\\/vitablanca.ma\\\/#\\\/schema\\\/logo\\\/image\\\/\",\"url\":\"https:\\\/\\\/vitablanca.ma\\\/wp-content\\\/uploads\\\/2025\\\/05\\\/cropped-vitablanca.png\",\"contentUrl\":\"https:\\\/\\\/vitablanca.ma\\\/wp-content\\\/uploads\\\/2025\\\/05\\\/cropped-vitablanca.png\",\"width\":360,\"height\":67,\"caption\":\"VitaBlanca\"},\"image\":{\"@id\":\"https:\\\/\\\/vitablanca.ma\\\/#\\\/schema\\\/logo\\\/image\\\/\"},\"sameAs\":[\"https:\\\/\\\/www.facebook.com\\\/profile.php?id=61576678196717\",\"https:\\\/\\\/www.tiktok.com\\\/@vitablanca.ma\",\"https:\\\/\\\/www.instagram.com\\\/vitablanca.ma\\\/\"]}]}<\/script>\n<!-- \/ Yoast SEO plugin. -->","yoast_head_json":{"title":"BADEE AL OUD NOBLE BLUSH Eau De Parfum Pour Femmes - Lattafa 100ml - Maroc Prix","description":"BADEE AL OUD NOBLE BLUSH Eau De Parfum Pour Femmes - Lattafa 100ml","robots":{"index":"index","follow":"follow","max-snippet":"max-snippet:-1","max-image-preview":"max-image-preview:large","max-video-preview":"max-video-preview:-1"},"canonical":"https:\/\/vitablanca.ma\/en\/product\/badee-al-oud-noble-blush-eau-de-parfum-pour-femmes-lattafa-100ml\/","og_locale":"en_US","og_type":"article","og_title":"BADEE AL OUD NOBLE BLUSH Eau De Parfum Pour Femmes - Lattafa 100ml - Maroc Prix","og_description":"BADEE AL OUD NOBLE BLUSH Eau De Parfum Pour Femmes - Lattafa 100ml","og_url":"https:\/\/vitablanca.ma\/en\/product\/badee-al-oud-noble-blush-eau-de-parfum-pour-femmes-lattafa-100ml\/","og_site_name":"Vitablanca.ma &ndash; Sant&eacute;, vitalit&eacute; et bien-&ecirc;tre pour tous les Marocains","article_publisher":"https:\/\/www.facebook.com\/profile.php?id=61576678196717","article_modified_time":"2026-04-17T22:32:36+00:00","og_image":[{"width":1080,"height":1080,"url":"https:\/\/vitablanca.ma\/wp-content\/uploads\/2026\/03\/BADEEALOUDNOBLEBLUSHEauDeParfumPourFemmes-Lattafa100ml1.jpg","type":"image\/jpeg"}],"twitter_card":"summary_large_image","twitter_misc":{"Est. reading time":"1 minute"},"schema":{"@context":"https:\/\/schema.org","@graph":[{"@type":["WebPage","ItemPage"],"@id":"https:\/\/vitablanca.ma\/produit\/badee-al-oud-noble-blush-eau-de-parfum-pour-femmes-lattafa-100ml\/","url":"https:\/\/vitablanca.ma\/produit\/badee-al-oud-noble-blush-eau-de-parfum-pour-femmes-lattafa-100ml\/","name":"BADEE AL OUD NOBLE BLUSH Eau De Parfum Pour Femmes - Lattafa 100ml - Maroc Prix","isPartOf":{"@id":"https:\/\/vitablanca.ma\/#website"},"primaryImageOfPage":{"@id":"https:\/\/vitablanca.ma\/produit\/badee-al-oud-noble-blush-eau-de-parfum-pour-femmes-lattafa-100ml\/#primaryimage"},"image":{"@id":"https:\/\/vitablanca.ma\/produit\/badee-al-oud-noble-blush-eau-de-parfum-pour-femmes-lattafa-100ml\/#primaryimage"},"thumbnailUrl":"https:\/\/vitablanca.ma\/wp-content\/uploads\/2026\/03\/BADEEALOUDNOBLEBLUSHEauDeParfumPourFemmes-Lattafa100ml1.jpg","datePublished":"2026-03-04T01:55:34+00:00","dateModified":"2026-04-17T22:32:36+00:00","description":"BADEE AL OUD NOBLE BLUSH Eau De Parfum Pour Femmes - Lattafa 100ml","breadcrumb":{"@id":"https:\/\/vitablanca.ma\/produit\/badee-al-oud-noble-blush-eau-de-parfum-pour-femmes-lattafa-100ml\/#breadcrumb"},"inLanguage":"en-US","potentialAction":[{"@type":"ReadAction","target":["https:\/\/vitablanca.ma\/produit\/badee-al-oud-noble-blush-eau-de-parfum-pour-femmes-lattafa-100ml\/"]}]},{"@type":"ImageObject","inLanguage":"en-US","@id":"https:\/\/vitablanca.ma\/produit\/badee-al-oud-noble-blush-eau-de-parfum-pour-femmes-lattafa-100ml\/#primaryimage","url":"https:\/\/vitablanca.ma\/wp-content\/uploads\/2026\/03\/BADEEALOUDNOBLEBLUSHEauDeParfumPourFemmes-Lattafa100ml1.jpg","contentUrl":"https:\/\/vitablanca.ma\/wp-content\/uploads\/2026\/03\/BADEEALOUDNOBLEBLUSHEauDeParfumPourFemmes-Lattafa100ml1.jpg","width":1080,"height":1080},{"@type":"BreadcrumbList","@id":"https:\/\/vitablanca.ma\/produit\/badee-al-oud-noble-blush-eau-de-parfum-pour-femmes-lattafa-100ml\/#breadcrumb","itemListElement":[{"@type":"ListItem","position":1,"name":"Home","item":"https:\/\/vitablanca.ma\/"},{"@type":"ListItem","position":2,"name":"Tous Les Produits","item":"https:\/\/vitablanca.ma\/tous-les-produits\/"},{"@type":"ListItem","position":3,"name":"BADEE AL OUD NOBLE BLUSH Eau De Parfum Pour Femmes &#8211; Lattafa 100ml"}]},{"@type":"WebSite","@id":"https:\/\/vitablanca.ma\/#website","url":"https:\/\/vitablanca.ma\/","name":"VitaBlanca.ma | Food supplements, health &amp; beauty in Morocco","description":"sell premium vitamins and supplements from USA &amp; Canada, New Zealand, Morocco (NOW Foods, Solgar, Manuka). Fast delivery anywhere in Morocco.","publisher":{"@id":"https:\/\/vitablanca.ma\/#organization"},"alternateName":"VitaBlanca.ma","potentialAction":[{"@type":"SearchAction","target":{"@type":"EntryPoint","urlTemplate":"https:\/\/vitablanca.ma\/?s={search_term_string}"},"query-input":{"@type":"PropertyValueSpecification","valueRequired":true,"valueName":"search_term_string"}}],"inLanguage":"en-US"},{"@type":"Organization","@id":"https:\/\/vitablanca.ma\/#organization","name":"VitaBlanca","url":"https:\/\/vitablanca.ma\/","logo":{"@type":"ImageObject","inLanguage":"en-US","@id":"https:\/\/vitablanca.ma\/#\/schema\/logo\/image\/","url":"https:\/\/vitablanca.ma\/wp-content\/uploads\/2025\/05\/cropped-vitablanca.png","contentUrl":"https:\/\/vitablanca.ma\/wp-content\/uploads\/2025\/05\/cropped-vitablanca.png","width":360,"height":67,"caption":"VitaBlanca"},"image":{"@id":"https:\/\/vitablanca.ma\/#\/schema\/logo\/image\/"},"sameAs":["https:\/\/www.facebook.com\/profile.php?id=61576678196717","https:\/\/www.tiktok.com\/@vitablanca.ma","https:\/\/www.instagram.com\/vitablanca.ma\/"]}]}},"jetpack_sharing_enabled":true,"_links":{"self":[{"href":"https:\/\/vitablanca.ma\/en\/wp-json\/wp\/v2\/product\/31416","targetHints":{"allow":["GET"]}}],"collection":[{"href":"https:\/\/vitablanca.ma\/en\/wp-json\/wp\/v2\/product"}],"about":[{"href":"https:\/\/vitablanca.ma\/en\/wp-json\/wp\/v2\/types\/product"}],"wp:featuredmedia":[{"embeddable":true,"href":"https:\/\/vitablanca.ma\/en\/wp-json\/wp\/v2\/media\/31413"}],"wp:attachment":[{"href":"https:\/\/vitablanca.ma\/en\/wp-json\/wp\/v2\/media?parent=31416"}],"wp:term":[{"taxonomy":"product_brand","embeddable":true,"href":"https:\/\/vitablanca.ma\/en\/wp-json\/wp\/v2\/product_brand?post=31416"},{"taxonomy":"product_cat","embeddable":true,"href":"https:\/\/vitablanca.ma\/en\/wp-json\/wp\/v2\/product_cat?post=31416"},{"taxonomy":"product_tag","embeddable":true,"href":"https:\/\/vitablanca.ma\/en\/wp-json\/wp\/v2\/product_tag?post=31416"}],"curies":[{"name":"wp","href":"https:\/\/api.w.org\/{rel}","templated":true}]}}