{"id":31412,"date":"2026-03-04T01:55:28","date_gmt":"2026-03-04T01:55:28","guid":{"rendered":"https:\/\/vitablanca.ma\/produit\/opulent-oud-noir-eau-de-parfum-lattafa-pour-homme-100ml\/"},"modified":"2026-04-17T22:32:21","modified_gmt":"2026-04-17T22:32:21","slug":"opulent-oud-noir-eau-de-parfum-lattafa-pour-homme-100ml","status":"publish","type":"product","link":"https:\/\/vitablanca.ma\/en\/product\/opulent-oud-noir-eau-de-parfum-lattafa-pour-homme-100ml\/","title":{"rendered":"Opulent Oud Noir Eau de Parfum LATTAFA Pour Homme &#8211; 100ml"},"content":{"rendered":"<p style=\"margin-bottom: .0001pt;line-height: 115%\" class=\"MsoNormal\"><b>Opulent Oud de Lattafa<\/b> Perfumes est un parfum Ambre. Opulent Oud a \u00e9t\u00e9 lanc\u00e9 en 2018.<\/p>\n<p style=\"margin-bottom: .0001pt;line-height: 115%\" class=\"MsoNormal\"><span>L\u2019extrait de Parfum s\u2019applique avec la plus grande subtilit\u00e9. Gr\u00e2ce \u00e0 son applicateur spray vaporisateur, d\u00e9posez d\u00e9licatement le Parfum sur les points de pulsation : creux du d\u00e9collet\u00e9, derri\u00e8re les oreilles, base de la nuque, naissances de cheveux. Parfum Opulent Bleu Oud est inspir\u00e9 par l\u2019art de la s\u00e9duction et l\u2019acte irr\u00e9sistible de se rapprocher. Le parfum oriental pour elle et lui est con\u00e7u pour susciter un pouvoir de s\u00e9duction cach\u00e9 qui enveloppe l\u2019homme et la femme qui le porte avec une allure captivante. Le parfum est irr\u00e9sistiblement attrayant, fascinant.<\/span><\/p>\n<p style=\"margin-bottom: .0001pt;line-height: 115%\" class=\"MsoNormal\">\u00a0<\/p>\n<p style=\"margin-bottom: .0001pt;line-height: 115%\" class=\"MsoNormal\"><b>Olfactory notes:<\/b><\/p>\n<ul>\n<li>\n<strong>Note de t\u00eate :<\/strong><span>\u00a0<\/span>Safran, Agrumes, Notes fleuries<\/li>\n<li>\n<strong>Note de c\u0153ur :<\/strong><span>\u00a0<\/span>Ambre, Caramel, Bois d\u2019agar (Oud)<\/li>\n<li>\n<strong>Note de fond :<\/strong><span>\u00a0<\/span>Musc, Vanille, R\u00e9sines, Notes bois\u00e9es, Patchouli<\/li>\n<\/ul>","protected":false},"excerpt":{"rendered":"<p>Opulent Oud de Lattafa Perfumes est un parfum Ambre. Opulent Oud a \u00e9t\u00e9 lanc\u00e9 en 2018. L\u2019extrait de Parfum s\u2019applique avec la plus grande subtilit\u00e9. Gr\u00e2ce \u00e0 son applicateur spray vaporisateur, d\u00e9posez d\u00e9licatement le Parfum sur les points de pulsation : creux du d\u00e9collet\u00e9, derri\u00e8re les oreilles, base de la nuque, naissances de cheveux. Parfum [&hellip;]<\/p>\n","protected":false},"featured_media":31405,"template":"","meta":{"om_disable_all_campaigns":false},"product_brand":[],"product_cat":[18,15,1091],"product_tag":[],"class_list":{"0":"post-31412","1":"product","2":"type-product","3":"status-publish","4":"has-post-thumbnail","6":"product_cat-beaute-sante","7":"product_cat-beaute-sante-complements-alimentaires-soins-et-bien-etre-au-meilleur-prix","8":"product_cat-beaute-parfums-maroc-prix","10":"first","11":"instock","12":"taxable","13":"shipping-taxable","14":"purchasable","15":"product-type-simple"},"yoast_head":"<!-- This site is optimized with the Yoast SEO plugin v27.5 - https:\/\/yoast.com\/product\/yoast-seo-wordpress\/ -->\n<title>Opulent Oud Noir Eau de Parfum LATTAFA Pour Homme - 100ml - Maroc Prix<\/title>\n<meta name=\"description\" content=\"Opulent Oud Noir Eau de Parfum LATTAFA Pour Homme - 100ml\" \/>\n<meta name=\"robots\" content=\"index, follow, max-snippet:-1, max-image-preview:large, max-video-preview:-1\" \/>\n<link rel=\"canonical\" href=\"https:\/\/vitablanca.ma\/en\/product\/opulent-oud-noir-eau-de-parfum-lattafa-pour-homme-100ml\/\" \/>\n<meta property=\"og:locale\" content=\"en_US\" \/>\n<meta property=\"og:type\" content=\"article\" \/>\n<meta property=\"og:title\" content=\"Opulent Oud Noir Eau de Parfum LATTAFA Pour Homme - 100ml - Maroc Prix\" \/>\n<meta property=\"og:description\" content=\"Opulent Oud Noir Eau de Parfum LATTAFA Pour Homme - 100ml\" \/>\n<meta property=\"og:url\" content=\"https:\/\/vitablanca.ma\/en\/product\/opulent-oud-noir-eau-de-parfum-lattafa-pour-homme-100ml\/\" \/>\n<meta property=\"og:site_name\" content=\"Vitablanca.ma &ndash; Sant&eacute;, vitalit&eacute; et bien-&ecirc;tre pour tous les Marocains\" \/>\n<meta property=\"article:publisher\" content=\"https:\/\/www.facebook.com\/profile.php?id=61576678196717\" \/>\n<meta property=\"article:modified_time\" content=\"2026-04-17T22:32:21+00:00\" \/>\n<meta property=\"og:image\" content=\"https:\/\/vitablanca.ma\/wp-content\/uploads\/2026\/03\/OpulentOud4.jpg\" \/>\n\t<meta property=\"og:image:width\" content=\"1080\" \/>\n\t<meta property=\"og:image:height\" content=\"1080\" \/>\n\t<meta property=\"og:image:type\" content=\"image\/jpeg\" \/>\n<meta name=\"twitter:card\" content=\"summary_large_image\" \/>\n<meta name=\"twitter:label1\" content=\"Est. reading time\" \/>\n\t<meta name=\"twitter:data1\" content=\"1 minute\" \/>\n<script type=\"application\/ld+json\" class=\"yoast-schema-graph\">{\"@context\":\"https:\\\/\\\/schema.org\",\"@graph\":[{\"@type\":[\"WebPage\",\"ItemPage\"],\"@id\":\"https:\\\/\\\/vitablanca.ma\\\/produit\\\/opulent-oud-noir-eau-de-parfum-lattafa-pour-homme-100ml\\\/\",\"url\":\"https:\\\/\\\/vitablanca.ma\\\/produit\\\/opulent-oud-noir-eau-de-parfum-lattafa-pour-homme-100ml\\\/\",\"name\":\"Opulent Oud Noir Eau de Parfum LATTAFA Pour Homme - 100ml - Maroc Prix\",\"isPartOf\":{\"@id\":\"https:\\\/\\\/vitablanca.ma\\\/#website\"},\"primaryImageOfPage\":{\"@id\":\"https:\\\/\\\/vitablanca.ma\\\/produit\\\/opulent-oud-noir-eau-de-parfum-lattafa-pour-homme-100ml\\\/#primaryimage\"},\"image\":{\"@id\":\"https:\\\/\\\/vitablanca.ma\\\/produit\\\/opulent-oud-noir-eau-de-parfum-lattafa-pour-homme-100ml\\\/#primaryimage\"},\"thumbnailUrl\":\"https:\\\/\\\/vitablanca.ma\\\/wp-content\\\/uploads\\\/2026\\\/03\\\/OpulentOud4.jpg\",\"datePublished\":\"2026-03-04T01:55:28+00:00\",\"dateModified\":\"2026-04-17T22:32:21+00:00\",\"description\":\"Opulent Oud Noir Eau de Parfum LATTAFA Pour Homme - 100ml\",\"breadcrumb\":{\"@id\":\"https:\\\/\\\/vitablanca.ma\\\/produit\\\/opulent-oud-noir-eau-de-parfum-lattafa-pour-homme-100ml\\\/#breadcrumb\"},\"inLanguage\":\"en-US\",\"potentialAction\":[{\"@type\":\"ReadAction\",\"target\":[\"https:\\\/\\\/vitablanca.ma\\\/produit\\\/opulent-oud-noir-eau-de-parfum-lattafa-pour-homme-100ml\\\/\"]}]},{\"@type\":\"ImageObject\",\"inLanguage\":\"en-US\",\"@id\":\"https:\\\/\\\/vitablanca.ma\\\/produit\\\/opulent-oud-noir-eau-de-parfum-lattafa-pour-homme-100ml\\\/#primaryimage\",\"url\":\"https:\\\/\\\/vitablanca.ma\\\/wp-content\\\/uploads\\\/2026\\\/03\\\/OpulentOud4.jpg\",\"contentUrl\":\"https:\\\/\\\/vitablanca.ma\\\/wp-content\\\/uploads\\\/2026\\\/03\\\/OpulentOud4.jpg\",\"width\":1080,\"height\":1080},{\"@type\":\"BreadcrumbList\",\"@id\":\"https:\\\/\\\/vitablanca.ma\\\/produit\\\/opulent-oud-noir-eau-de-parfum-lattafa-pour-homme-100ml\\\/#breadcrumb\",\"itemListElement\":[{\"@type\":\"ListItem\",\"position\":1,\"name\":\"Home\",\"item\":\"https:\\\/\\\/vitablanca.ma\\\/\"},{\"@type\":\"ListItem\",\"position\":2,\"name\":\"Tous Les Produits\",\"item\":\"https:\\\/\\\/vitablanca.ma\\\/tous-les-produits\\\/\"},{\"@type\":\"ListItem\",\"position\":3,\"name\":\"Opulent Oud Noir Eau de Parfum LATTAFA Pour Homme &#8211; 100ml\"}]},{\"@type\":\"WebSite\",\"@id\":\"https:\\\/\\\/vitablanca.ma\\\/#website\",\"url\":\"https:\\\/\\\/vitablanca.ma\\\/\",\"name\":\"VitaBlanca.ma | Compl\u00e9ments alimentaires, sant\u00e9 & beaut\u00e9 au Maroc\",\"description\":\"vendre vitamines et compl\u00e9ments premium des USA &amp; Canada, Nouvelle Z\u00e9lande,Maroc (NOW Foods, Solgar, Manuka). Livraison rapide partout au Maroc.\",\"publisher\":{\"@id\":\"https:\\\/\\\/vitablanca.ma\\\/#organization\"},\"alternateName\":\"VitaBlanca.ma\",\"potentialAction\":[{\"@type\":\"SearchAction\",\"target\":{\"@type\":\"EntryPoint\",\"urlTemplate\":\"https:\\\/\\\/vitablanca.ma\\\/?s={search_term_string}\"},\"query-input\":{\"@type\":\"PropertyValueSpecification\",\"valueRequired\":true,\"valueName\":\"search_term_string\"}}],\"inLanguage\":\"en-US\"},{\"@type\":\"Organization\",\"@id\":\"https:\\\/\\\/vitablanca.ma\\\/#organization\",\"name\":\"VitaBlanca\",\"url\":\"https:\\\/\\\/vitablanca.ma\\\/\",\"logo\":{\"@type\":\"ImageObject\",\"inLanguage\":\"en-US\",\"@id\":\"https:\\\/\\\/vitablanca.ma\\\/#\\\/schema\\\/logo\\\/image\\\/\",\"url\":\"https:\\\/\\\/vitablanca.ma\\\/wp-content\\\/uploads\\\/2025\\\/05\\\/cropped-vitablanca.png\",\"contentUrl\":\"https:\\\/\\\/vitablanca.ma\\\/wp-content\\\/uploads\\\/2025\\\/05\\\/cropped-vitablanca.png\",\"width\":360,\"height\":67,\"caption\":\"VitaBlanca\"},\"image\":{\"@id\":\"https:\\\/\\\/vitablanca.ma\\\/#\\\/schema\\\/logo\\\/image\\\/\"},\"sameAs\":[\"https:\\\/\\\/www.facebook.com\\\/profile.php?id=61576678196717\",\"https:\\\/\\\/www.tiktok.com\\\/@vitablanca.ma\",\"https:\\\/\\\/www.instagram.com\\\/vitablanca.ma\\\/\"]}]}<\/script>\n<!-- \/ Yoast SEO plugin. -->","yoast_head_json":{"title":"Opulent Oud Noir Eau de Parfum LATTAFA Pour Homme - 100ml - Maroc Prix","description":"Opulent Oud Noir Eau de Parfum LATTAFA Pour Homme - 100ml","robots":{"index":"index","follow":"follow","max-snippet":"max-snippet:-1","max-image-preview":"max-image-preview:large","max-video-preview":"max-video-preview:-1"},"canonical":"https:\/\/vitablanca.ma\/en\/product\/opulent-oud-noir-eau-de-parfum-lattafa-pour-homme-100ml\/","og_locale":"en_US","og_type":"article","og_title":"Opulent Oud Noir Eau de Parfum LATTAFA Pour Homme - 100ml - Maroc Prix","og_description":"Opulent Oud Noir Eau de Parfum LATTAFA Pour Homme - 100ml","og_url":"https:\/\/vitablanca.ma\/en\/product\/opulent-oud-noir-eau-de-parfum-lattafa-pour-homme-100ml\/","og_site_name":"Vitablanca.ma &ndash; Sant&eacute;, vitalit&eacute; et bien-&ecirc;tre pour tous les Marocains","article_publisher":"https:\/\/www.facebook.com\/profile.php?id=61576678196717","article_modified_time":"2026-04-17T22:32:21+00:00","og_image":[{"width":1080,"height":1080,"url":"https:\/\/vitablanca.ma\/wp-content\/uploads\/2026\/03\/OpulentOud4.jpg","type":"image\/jpeg"}],"twitter_card":"summary_large_image","twitter_misc":{"Est. reading time":"1 minute"},"schema":{"@context":"https:\/\/schema.org","@graph":[{"@type":["WebPage","ItemPage"],"@id":"https:\/\/vitablanca.ma\/produit\/opulent-oud-noir-eau-de-parfum-lattafa-pour-homme-100ml\/","url":"https:\/\/vitablanca.ma\/produit\/opulent-oud-noir-eau-de-parfum-lattafa-pour-homme-100ml\/","name":"Opulent Oud Noir Eau de Parfum LATTAFA Pour Homme - 100ml - Maroc Prix","isPartOf":{"@id":"https:\/\/vitablanca.ma\/#website"},"primaryImageOfPage":{"@id":"https:\/\/vitablanca.ma\/produit\/opulent-oud-noir-eau-de-parfum-lattafa-pour-homme-100ml\/#primaryimage"},"image":{"@id":"https:\/\/vitablanca.ma\/produit\/opulent-oud-noir-eau-de-parfum-lattafa-pour-homme-100ml\/#primaryimage"},"thumbnailUrl":"https:\/\/vitablanca.ma\/wp-content\/uploads\/2026\/03\/OpulentOud4.jpg","datePublished":"2026-03-04T01:55:28+00:00","dateModified":"2026-04-17T22:32:21+00:00","description":"Opulent Oud Noir Eau de Parfum LATTAFA Pour Homme - 100ml","breadcrumb":{"@id":"https:\/\/vitablanca.ma\/produit\/opulent-oud-noir-eau-de-parfum-lattafa-pour-homme-100ml\/#breadcrumb"},"inLanguage":"en-US","potentialAction":[{"@type":"ReadAction","target":["https:\/\/vitablanca.ma\/produit\/opulent-oud-noir-eau-de-parfum-lattafa-pour-homme-100ml\/"]}]},{"@type":"ImageObject","inLanguage":"en-US","@id":"https:\/\/vitablanca.ma\/produit\/opulent-oud-noir-eau-de-parfum-lattafa-pour-homme-100ml\/#primaryimage","url":"https:\/\/vitablanca.ma\/wp-content\/uploads\/2026\/03\/OpulentOud4.jpg","contentUrl":"https:\/\/vitablanca.ma\/wp-content\/uploads\/2026\/03\/OpulentOud4.jpg","width":1080,"height":1080},{"@type":"BreadcrumbList","@id":"https:\/\/vitablanca.ma\/produit\/opulent-oud-noir-eau-de-parfum-lattafa-pour-homme-100ml\/#breadcrumb","itemListElement":[{"@type":"ListItem","position":1,"name":"Home","item":"https:\/\/vitablanca.ma\/"},{"@type":"ListItem","position":2,"name":"Tous Les Produits","item":"https:\/\/vitablanca.ma\/tous-les-produits\/"},{"@type":"ListItem","position":3,"name":"Opulent Oud Noir Eau de Parfum LATTAFA Pour Homme &#8211; 100ml"}]},{"@type":"WebSite","@id":"https:\/\/vitablanca.ma\/#website","url":"https:\/\/vitablanca.ma\/","name":"VitaBlanca.ma | Food supplements, health &amp; beauty in Morocco","description":"sell premium vitamins and supplements from USA &amp; Canada, New Zealand, Morocco (NOW Foods, Solgar, Manuka). Fast delivery anywhere in Morocco.","publisher":{"@id":"https:\/\/vitablanca.ma\/#organization"},"alternateName":"VitaBlanca.ma","potentialAction":[{"@type":"SearchAction","target":{"@type":"EntryPoint","urlTemplate":"https:\/\/vitablanca.ma\/?s={search_term_string}"},"query-input":{"@type":"PropertyValueSpecification","valueRequired":true,"valueName":"search_term_string"}}],"inLanguage":"en-US"},{"@type":"Organization","@id":"https:\/\/vitablanca.ma\/#organization","name":"VitaBlanca","url":"https:\/\/vitablanca.ma\/","logo":{"@type":"ImageObject","inLanguage":"en-US","@id":"https:\/\/vitablanca.ma\/#\/schema\/logo\/image\/","url":"https:\/\/vitablanca.ma\/wp-content\/uploads\/2025\/05\/cropped-vitablanca.png","contentUrl":"https:\/\/vitablanca.ma\/wp-content\/uploads\/2025\/05\/cropped-vitablanca.png","width":360,"height":67,"caption":"VitaBlanca"},"image":{"@id":"https:\/\/vitablanca.ma\/#\/schema\/logo\/image\/"},"sameAs":["https:\/\/www.facebook.com\/profile.php?id=61576678196717","https:\/\/www.tiktok.com\/@vitablanca.ma","https:\/\/www.instagram.com\/vitablanca.ma\/"]}]}},"jetpack_sharing_enabled":true,"_links":{"self":[{"href":"https:\/\/vitablanca.ma\/en\/wp-json\/wp\/v2\/product\/31412","targetHints":{"allow":["GET"]}}],"collection":[{"href":"https:\/\/vitablanca.ma\/en\/wp-json\/wp\/v2\/product"}],"about":[{"href":"https:\/\/vitablanca.ma\/en\/wp-json\/wp\/v2\/types\/product"}],"wp:featuredmedia":[{"embeddable":true,"href":"https:\/\/vitablanca.ma\/en\/wp-json\/wp\/v2\/media\/31405"}],"wp:attachment":[{"href":"https:\/\/vitablanca.ma\/en\/wp-json\/wp\/v2\/media?parent=31412"}],"wp:term":[{"taxonomy":"product_brand","embeddable":true,"href":"https:\/\/vitablanca.ma\/en\/wp-json\/wp\/v2\/product_brand?post=31412"},{"taxonomy":"product_cat","embeddable":true,"href":"https:\/\/vitablanca.ma\/en\/wp-json\/wp\/v2\/product_cat?post=31412"},{"taxonomy":"product_tag","embeddable":true,"href":"https:\/\/vitablanca.ma\/en\/wp-json\/wp\/v2\/product_tag?post=31412"}],"curies":[{"name":"wp","href":"https:\/\/api.w.org\/{rel}","templated":true}]}}