{"id":31384,"date":"2026-03-04T01:54:48","date_gmt":"2026-03-04T01:54:48","guid":{"rendered":"https:\/\/vitablanca.ma\/produit\/vulcan-sable-eau-de-parfum-french-avenue-pour-homme-100-ml\/"},"modified":"2026-04-17T22:32:45","modified_gmt":"2026-04-17T22:32:45","slug":"vulcan-sable-eau-de-parfum-french-avenue-pour-homme-100-ml","status":"publish","type":"product","link":"https:\/\/vitablanca.ma\/en\/product\/vulcan-sable-eau-de-parfum-french-avenue-pour-homme-100-ml\/","title":{"rendered":"VULCAN SABLE  Eau de Parfum FRENCH AVENUE Pour Homme &#8211; 100 ml"},"content":{"rendered":"<p style=\"margin-bottom: .0001pt;line-height: 150%\" class=\"MsoNormal\"><strong>VULCAN SABLE<\/strong> of <strong>FRENCH AVENUE<\/strong> est un parfum audacieux et \u00e9nigmatique qui mele des accords riches et chaleureux \u00e0 des notes bois\u00e9es profondes. Inspir\u00e9e par l\u2019intensit\u00e9 brute des \u00e9l\u00e9ments, cette Eau de Parfum incarne la confiance, la sensualit\u00e9 et une \u00e9legance intemporelle.<\/p>\n<p style=\"margin-bottom: .0001pt;line-height: 150%\" class=\"MsoNormal\">D\u00e8s l\u2019ouverture, un souffle enivrant de whisky, de coriandre et de mandarine \u00e9voque une chaleur intrigante. Des touch\u00e9s de s\u00e9same el d\u2019anis apportent une nuance exotique et \u00e9pic\u00e9e, pour une introduction inoubliable.<\/p>\n<p style=\"margin-bottom: .0001pt;line-height: 150%\" class=\"MsoNormal\">Le co\u0153ur du parfum r\u00e9v\u00e8le une richesse luxueuse le cacao fond dans un m\u00e9lange onctueux de bois de santal et de cashmeran, d\u00e9voilant une facette velout\u00e9e et l\u00e9g\u00e8rement fum\u00e9e, myst\u00e9rieuse et captivante.<\/p>\n<p style=\"margin-bottom: .0001pt;line-height: 150%\" class=\"MsoNormal\">En fond, la f\u00e8ve tonka, le benjoin et la vanille s\u2019unissent harmonieusement \u00e0 l\u2019extrait de c\u00e8dre blanc, au patchouli et au bois de cachemire, laissant dans leur sillage une chaleur bois\u00e9e sensuelle et une profondeur r\u00e9sineuse persistante.<\/p>\n<p style=\"margin-bottom: .0001pt;line-height: 150%\" class=\"MsoNormal\">\u00a0<\/p>\n<p style=\"margin-bottom: .0001pt;line-height: 150%\" class=\"MsoNormal\"><b>Olfactory notes:<\/b><\/p>\n<ul>\n<li class=\"MsoNormal\" style=\"line-height: 150%\">\n<b>Top notes:<\/b> Whisky, coriandre, mandarine, s\u00e9same, anis<\/li>\n<li class=\"MsoNormal\" style=\"line-height: 150%\">\n<b>Heart notes:<\/b> Cacao, bois de santal, cashmeran<\/li>\n<li class=\"MsoNormal\" style=\"line-height: 150%\">\n<b>Base notes:<\/b> F\u00e8ve tonka, benjoin, styrax, extrait de c\u00e8dre blanc, patchouli, vanille,\u00a0bois de cachemire<\/li>\n<\/ul>","protected":false},"excerpt":{"rendered":"<p>VULCAN SABLE de FRENCH AVENUE est un parfum audacieux et \u00e9nigmatique qui mele des accords riches et chaleureux \u00e0 des notes bois\u00e9es profondes. Inspir\u00e9e par l\u2019intensit\u00e9 brute des \u00e9l\u00e9ments, cette Eau de Parfum incarne la confiance, la sensualit\u00e9 et une \u00e9legance intemporelle. D\u00e8s l\u2019ouverture, un souffle enivrant de whisky, de coriandre et de mandarine \u00e9voque [&hellip;]<\/p>\n","protected":false},"featured_media":31378,"template":"","meta":{"om_disable_all_campaigns":false},"product_brand":[],"product_cat":[18,15,1091],"product_tag":[],"class_list":{"0":"post-31384","1":"product","2":"type-product","3":"status-publish","4":"has-post-thumbnail","6":"product_cat-beaute-sante","7":"product_cat-beaute-sante-complements-alimentaires-soins-et-bien-etre-au-meilleur-prix","8":"product_cat-beaute-parfums-maroc-prix","10":"first","11":"instock","12":"taxable","13":"shipping-taxable","14":"purchasable","15":"product-type-simple"},"yoast_head":"<!-- This site is optimized with the Yoast SEO plugin v27.5 - https:\/\/yoast.com\/product\/yoast-seo-wordpress\/ -->\n<title>VULCAN SABLE Eau de Parfum FRENCH AVENUE Pour Homme - 100 ml - Maroc Prix<\/title>\n<meta name=\"description\" content=\"VULCAN SABLE Eau de Parfum FRENCH AVENUE Pour Homme - 100 ml\" \/>\n<meta name=\"robots\" content=\"index, follow, max-snippet:-1, max-image-preview:large, max-video-preview:-1\" \/>\n<link rel=\"canonical\" href=\"https:\/\/vitablanca.ma\/en\/product\/vulcan-sable-eau-de-parfum-french-avenue-pour-homme-100-ml\/\" \/>\n<meta property=\"og:locale\" content=\"en_US\" \/>\n<meta property=\"og:type\" content=\"article\" \/>\n<meta property=\"og:title\" content=\"VULCAN SABLE Eau de Parfum FRENCH AVENUE Pour Homme - 100 ml - Maroc Prix\" \/>\n<meta property=\"og:description\" content=\"VULCAN SABLE Eau de Parfum FRENCH AVENUE Pour Homme - 100 ml\" \/>\n<meta property=\"og:url\" content=\"https:\/\/vitablanca.ma\/en\/product\/vulcan-sable-eau-de-parfum-french-avenue-pour-homme-100-ml\/\" \/>\n<meta property=\"og:site_name\" content=\"Vitablanca.ma &ndash; Sant&eacute;, vitalit&eacute; et bien-&ecirc;tre pour tous les Marocains\" \/>\n<meta property=\"article:publisher\" content=\"https:\/\/www.facebook.com\/profile.php?id=61576678196717\" \/>\n<meta property=\"article:modified_time\" content=\"2026-04-17T22:32:45+00:00\" \/>\n<meta property=\"og:image\" content=\"https:\/\/vitablanca.ma\/wp-content\/uploads\/2026\/03\/VULCANSABLEEaudeParfumFRENCHAVENUEPourHomme-100ml1.jpg\" \/>\n\t<meta property=\"og:image:width\" content=\"1080\" \/>\n\t<meta property=\"og:image:height\" content=\"1080\" \/>\n\t<meta property=\"og:image:type\" content=\"image\/jpeg\" \/>\n<meta name=\"twitter:card\" content=\"summary_large_image\" \/>\n<meta name=\"twitter:label1\" content=\"Est. reading time\" \/>\n\t<meta name=\"twitter:data1\" content=\"1 minute\" \/>\n<script type=\"application\/ld+json\" class=\"yoast-schema-graph\">{\"@context\":\"https:\\\/\\\/schema.org\",\"@graph\":[{\"@type\":[\"WebPage\",\"ItemPage\"],\"@id\":\"https:\\\/\\\/vitablanca.ma\\\/produit\\\/vulcan-sable-eau-de-parfum-french-avenue-pour-homme-100-ml\\\/\",\"url\":\"https:\\\/\\\/vitablanca.ma\\\/produit\\\/vulcan-sable-eau-de-parfum-french-avenue-pour-homme-100-ml\\\/\",\"name\":\"VULCAN SABLE Eau de Parfum FRENCH AVENUE Pour Homme - 100 ml - Maroc Prix\",\"isPartOf\":{\"@id\":\"https:\\\/\\\/vitablanca.ma\\\/#website\"},\"primaryImageOfPage\":{\"@id\":\"https:\\\/\\\/vitablanca.ma\\\/produit\\\/vulcan-sable-eau-de-parfum-french-avenue-pour-homme-100-ml\\\/#primaryimage\"},\"image\":{\"@id\":\"https:\\\/\\\/vitablanca.ma\\\/produit\\\/vulcan-sable-eau-de-parfum-french-avenue-pour-homme-100-ml\\\/#primaryimage\"},\"thumbnailUrl\":\"https:\\\/\\\/vitablanca.ma\\\/wp-content\\\/uploads\\\/2026\\\/03\\\/VULCANSABLEEaudeParfumFRENCHAVENUEPourHomme-100ml1.jpg\",\"datePublished\":\"2026-03-04T01:54:48+00:00\",\"dateModified\":\"2026-04-17T22:32:45+00:00\",\"description\":\"VULCAN SABLE Eau de Parfum FRENCH AVENUE Pour Homme - 100 ml\",\"breadcrumb\":{\"@id\":\"https:\\\/\\\/vitablanca.ma\\\/produit\\\/vulcan-sable-eau-de-parfum-french-avenue-pour-homme-100-ml\\\/#breadcrumb\"},\"inLanguage\":\"en-US\",\"potentialAction\":[{\"@type\":\"ReadAction\",\"target\":[\"https:\\\/\\\/vitablanca.ma\\\/produit\\\/vulcan-sable-eau-de-parfum-french-avenue-pour-homme-100-ml\\\/\"]}]},{\"@type\":\"ImageObject\",\"inLanguage\":\"en-US\",\"@id\":\"https:\\\/\\\/vitablanca.ma\\\/produit\\\/vulcan-sable-eau-de-parfum-french-avenue-pour-homme-100-ml\\\/#primaryimage\",\"url\":\"https:\\\/\\\/vitablanca.ma\\\/wp-content\\\/uploads\\\/2026\\\/03\\\/VULCANSABLEEaudeParfumFRENCHAVENUEPourHomme-100ml1.jpg\",\"contentUrl\":\"https:\\\/\\\/vitablanca.ma\\\/wp-content\\\/uploads\\\/2026\\\/03\\\/VULCANSABLEEaudeParfumFRENCHAVENUEPourHomme-100ml1.jpg\",\"width\":1080,\"height\":1080},{\"@type\":\"BreadcrumbList\",\"@id\":\"https:\\\/\\\/vitablanca.ma\\\/produit\\\/vulcan-sable-eau-de-parfum-french-avenue-pour-homme-100-ml\\\/#breadcrumb\",\"itemListElement\":[{\"@type\":\"ListItem\",\"position\":1,\"name\":\"Home\",\"item\":\"https:\\\/\\\/vitablanca.ma\\\/\"},{\"@type\":\"ListItem\",\"position\":2,\"name\":\"Tous Les Produits\",\"item\":\"https:\\\/\\\/vitablanca.ma\\\/tous-les-produits\\\/\"},{\"@type\":\"ListItem\",\"position\":3,\"name\":\"VULCAN SABLE Eau de Parfum FRENCH AVENUE Pour Homme &#8211; 100 ml\"}]},{\"@type\":\"WebSite\",\"@id\":\"https:\\\/\\\/vitablanca.ma\\\/#website\",\"url\":\"https:\\\/\\\/vitablanca.ma\\\/\",\"name\":\"VitaBlanca.ma | Compl\u00e9ments alimentaires, sant\u00e9 & beaut\u00e9 au Maroc\",\"description\":\"vendre vitamines et compl\u00e9ments premium des USA &amp; Canada, Nouvelle Z\u00e9lande,Maroc (NOW Foods, Solgar, Manuka). Livraison rapide partout au Maroc.\",\"publisher\":{\"@id\":\"https:\\\/\\\/vitablanca.ma\\\/#organization\"},\"alternateName\":\"VitaBlanca.ma\",\"potentialAction\":[{\"@type\":\"SearchAction\",\"target\":{\"@type\":\"EntryPoint\",\"urlTemplate\":\"https:\\\/\\\/vitablanca.ma\\\/?s={search_term_string}\"},\"query-input\":{\"@type\":\"PropertyValueSpecification\",\"valueRequired\":true,\"valueName\":\"search_term_string\"}}],\"inLanguage\":\"en-US\"},{\"@type\":\"Organization\",\"@id\":\"https:\\\/\\\/vitablanca.ma\\\/#organization\",\"name\":\"VitaBlanca\",\"url\":\"https:\\\/\\\/vitablanca.ma\\\/\",\"logo\":{\"@type\":\"ImageObject\",\"inLanguage\":\"en-US\",\"@id\":\"https:\\\/\\\/vitablanca.ma\\\/#\\\/schema\\\/logo\\\/image\\\/\",\"url\":\"https:\\\/\\\/vitablanca.ma\\\/wp-content\\\/uploads\\\/2025\\\/05\\\/cropped-vitablanca.png\",\"contentUrl\":\"https:\\\/\\\/vitablanca.ma\\\/wp-content\\\/uploads\\\/2025\\\/05\\\/cropped-vitablanca.png\",\"width\":360,\"height\":67,\"caption\":\"VitaBlanca\"},\"image\":{\"@id\":\"https:\\\/\\\/vitablanca.ma\\\/#\\\/schema\\\/logo\\\/image\\\/\"},\"sameAs\":[\"https:\\\/\\\/www.facebook.com\\\/profile.php?id=61576678196717\",\"https:\\\/\\\/www.tiktok.com\\\/@vitablanca.ma\",\"https:\\\/\\\/www.instagram.com\\\/vitablanca.ma\\\/\"]}]}<\/script>\n<!-- \/ Yoast SEO plugin. -->","yoast_head_json":{"title":"VULCAN SABLE Eau de Parfum FRENCH AVENUE Pour Homme - 100 ml - Maroc Prix","description":"VULCAN SABLE Eau de Parfum FRENCH AVENUE Pour Homme - 100 ml","robots":{"index":"index","follow":"follow","max-snippet":"max-snippet:-1","max-image-preview":"max-image-preview:large","max-video-preview":"max-video-preview:-1"},"canonical":"https:\/\/vitablanca.ma\/en\/product\/vulcan-sable-eau-de-parfum-french-avenue-pour-homme-100-ml\/","og_locale":"en_US","og_type":"article","og_title":"VULCAN SABLE Eau de Parfum FRENCH AVENUE Pour Homme - 100 ml - Maroc Prix","og_description":"VULCAN SABLE Eau de Parfum FRENCH AVENUE Pour Homme - 100 ml","og_url":"https:\/\/vitablanca.ma\/en\/product\/vulcan-sable-eau-de-parfum-french-avenue-pour-homme-100-ml\/","og_site_name":"Vitablanca.ma &ndash; Sant&eacute;, vitalit&eacute; et bien-&ecirc;tre pour tous les Marocains","article_publisher":"https:\/\/www.facebook.com\/profile.php?id=61576678196717","article_modified_time":"2026-04-17T22:32:45+00:00","og_image":[{"width":1080,"height":1080,"url":"https:\/\/vitablanca.ma\/wp-content\/uploads\/2026\/03\/VULCANSABLEEaudeParfumFRENCHAVENUEPourHomme-100ml1.jpg","type":"image\/jpeg"}],"twitter_card":"summary_large_image","twitter_misc":{"Est. reading time":"1 minute"},"schema":{"@context":"https:\/\/schema.org","@graph":[{"@type":["WebPage","ItemPage"],"@id":"https:\/\/vitablanca.ma\/produit\/vulcan-sable-eau-de-parfum-french-avenue-pour-homme-100-ml\/","url":"https:\/\/vitablanca.ma\/produit\/vulcan-sable-eau-de-parfum-french-avenue-pour-homme-100-ml\/","name":"VULCAN SABLE Eau de Parfum FRENCH AVENUE Pour Homme - 100 ml - Maroc Prix","isPartOf":{"@id":"https:\/\/vitablanca.ma\/#website"},"primaryImageOfPage":{"@id":"https:\/\/vitablanca.ma\/produit\/vulcan-sable-eau-de-parfum-french-avenue-pour-homme-100-ml\/#primaryimage"},"image":{"@id":"https:\/\/vitablanca.ma\/produit\/vulcan-sable-eau-de-parfum-french-avenue-pour-homme-100-ml\/#primaryimage"},"thumbnailUrl":"https:\/\/vitablanca.ma\/wp-content\/uploads\/2026\/03\/VULCANSABLEEaudeParfumFRENCHAVENUEPourHomme-100ml1.jpg","datePublished":"2026-03-04T01:54:48+00:00","dateModified":"2026-04-17T22:32:45+00:00","description":"VULCAN SABLE Eau de Parfum FRENCH AVENUE Pour Homme - 100 ml","breadcrumb":{"@id":"https:\/\/vitablanca.ma\/produit\/vulcan-sable-eau-de-parfum-french-avenue-pour-homme-100-ml\/#breadcrumb"},"inLanguage":"en-US","potentialAction":[{"@type":"ReadAction","target":["https:\/\/vitablanca.ma\/produit\/vulcan-sable-eau-de-parfum-french-avenue-pour-homme-100-ml\/"]}]},{"@type":"ImageObject","inLanguage":"en-US","@id":"https:\/\/vitablanca.ma\/produit\/vulcan-sable-eau-de-parfum-french-avenue-pour-homme-100-ml\/#primaryimage","url":"https:\/\/vitablanca.ma\/wp-content\/uploads\/2026\/03\/VULCANSABLEEaudeParfumFRENCHAVENUEPourHomme-100ml1.jpg","contentUrl":"https:\/\/vitablanca.ma\/wp-content\/uploads\/2026\/03\/VULCANSABLEEaudeParfumFRENCHAVENUEPourHomme-100ml1.jpg","width":1080,"height":1080},{"@type":"BreadcrumbList","@id":"https:\/\/vitablanca.ma\/produit\/vulcan-sable-eau-de-parfum-french-avenue-pour-homme-100-ml\/#breadcrumb","itemListElement":[{"@type":"ListItem","position":1,"name":"Home","item":"https:\/\/vitablanca.ma\/"},{"@type":"ListItem","position":2,"name":"Tous Les Produits","item":"https:\/\/vitablanca.ma\/tous-les-produits\/"},{"@type":"ListItem","position":3,"name":"VULCAN SABLE Eau de Parfum FRENCH AVENUE Pour Homme &#8211; 100 ml"}]},{"@type":"WebSite","@id":"https:\/\/vitablanca.ma\/#website","url":"https:\/\/vitablanca.ma\/","name":"VitaBlanca.ma | Food supplements, health &amp; beauty in Morocco","description":"sell premium vitamins and supplements from USA &amp; Canada, New Zealand, Morocco (NOW Foods, Solgar, Manuka). Fast delivery anywhere in Morocco.","publisher":{"@id":"https:\/\/vitablanca.ma\/#organization"},"alternateName":"VitaBlanca.ma","potentialAction":[{"@type":"SearchAction","target":{"@type":"EntryPoint","urlTemplate":"https:\/\/vitablanca.ma\/?s={search_term_string}"},"query-input":{"@type":"PropertyValueSpecification","valueRequired":true,"valueName":"search_term_string"}}],"inLanguage":"en-US"},{"@type":"Organization","@id":"https:\/\/vitablanca.ma\/#organization","name":"VitaBlanca","url":"https:\/\/vitablanca.ma\/","logo":{"@type":"ImageObject","inLanguage":"en-US","@id":"https:\/\/vitablanca.ma\/#\/schema\/logo\/image\/","url":"https:\/\/vitablanca.ma\/wp-content\/uploads\/2025\/05\/cropped-vitablanca.png","contentUrl":"https:\/\/vitablanca.ma\/wp-content\/uploads\/2025\/05\/cropped-vitablanca.png","width":360,"height":67,"caption":"VitaBlanca"},"image":{"@id":"https:\/\/vitablanca.ma\/#\/schema\/logo\/image\/"},"sameAs":["https:\/\/www.facebook.com\/profile.php?id=61576678196717","https:\/\/www.tiktok.com\/@vitablanca.ma","https:\/\/www.instagram.com\/vitablanca.ma\/"]}]}},"jetpack_sharing_enabled":true,"_links":{"self":[{"href":"https:\/\/vitablanca.ma\/en\/wp-json\/wp\/v2\/product\/31384","targetHints":{"allow":["GET"]}}],"collection":[{"href":"https:\/\/vitablanca.ma\/en\/wp-json\/wp\/v2\/product"}],"about":[{"href":"https:\/\/vitablanca.ma\/en\/wp-json\/wp\/v2\/types\/product"}],"wp:featuredmedia":[{"embeddable":true,"href":"https:\/\/vitablanca.ma\/en\/wp-json\/wp\/v2\/media\/31378"}],"wp:attachment":[{"href":"https:\/\/vitablanca.ma\/en\/wp-json\/wp\/v2\/media?parent=31384"}],"wp:term":[{"taxonomy":"product_brand","embeddable":true,"href":"https:\/\/vitablanca.ma\/en\/wp-json\/wp\/v2\/product_brand?post=31384"},{"taxonomy":"product_cat","embeddable":true,"href":"https:\/\/vitablanca.ma\/en\/wp-json\/wp\/v2\/product_cat?post=31384"},{"taxonomy":"product_tag","embeddable":true,"href":"https:\/\/vitablanca.ma\/en\/wp-json\/wp\/v2\/product_tag?post=31384"}],"curies":[{"name":"wp","href":"https:\/\/api.w.org\/{rel}","templated":true}]}}