{"id":31334,"date":"2026-03-04T01:53:33","date_gmt":"2026-03-04T01:53:33","guid":{"rendered":"https:\/\/vitablanca.ma\/produit\/oud-mood-eau-de-parfum-pour-homme-et-femme-lattafa-100ml\/"},"modified":"2026-03-15T23:08:52","modified_gmt":"2026-03-15T23:08:52","slug":"oud-mood-eau-de-parfum-pour-homme-et-femme-lattafa-100ml","status":"publish","type":"product","link":"https:\/\/vitablanca.ma\/en\/product\/oud-mood-eau-de-parfum-pour-homme-et-femme-lattafa-100ml\/","title":{"rendered":"OUD MOOD EAU DE PARFUM Pour Homme et Femme &#8211; LATTAFA 100ml"},"content":{"rendered":"<p>THE <strong>parfum Oud Mood <\/strong>est un parfum de la marque <strong>Lattafa<\/strong>. Il appartient \u00e0 la famille des parfums orientaux bois\u00e9s. Chaud et sensuel, c&rsquo;est un parfum mixte qui s\u00e9duira \u00e0 la fois les hommes et les femmes. Les fragrances du parfum Oud Mood sont dominees par des notes d&rsquo;oud, de patchouli et de caramel. On rel\u00e8ve aussi des notes de piment, de rose et de safran qui subliment le caractere oriental de ce parfum. Sa douceur sensuelle lui vient de l&rsquo;utilisation de musc, d&rsquo;encens, de r\u00e9sines que l&rsquo;on per\u00e7oit en noles de fond.\u00a0<br \/>Dans ce parfum oriental, la note bois\u00e9e de l&rsquo;oud est utilis\u00e9e en note de coeur et constitue sa touche originale. Elle s&rsquo;associe \u00e0 la perfection \u00e0 la rose, un ingr\u00e9dient incontournable des parfums orientaux\u00a0<br \/>La combinaison de Oud Mood donne un parfum puissant el envo\u00fbtant, qui s\u00e9duit les hommes et femmes au caract\u00e8re affirm\u00e9. A la fois v\u00e9g\u00e9tal, puissant et sauvage il est repr\u00e9sentatif des parfums sensuels propres \u00e0 l&rsquo;Orient. Veritable arme de s\u00e9duction, il laisse derri\u00e8re lui un sillon bois\u00e9 et musqu\u00e9\u00a0<br \/>Le Oud Mood de Lattafa tire sa richesse de l&rsquo;essence mythique de l&rsquo;Orient: le bois d&rsquo;oud. le bois d&rsquo;oud est une r\u00e9sine produite par l&rsquo;arbre et d\u00e9gage une forte odeur. la transformation de l&rsquo;oud en huile essentielle est le fruit d&rsquo;un long processus sur plusieurs semaines. Apr\u00e8s avoir macer\u00e9e dans l&rsquo;eau, elle est distill\u00e9e, ce qui permet d&rsquo;obtenir une essence bois\u00e9e et puissante. Cet ingr\u00e9dient naturel \u00e9tait particuli\u00e8rement appr\u00e9ci\u00e9 des princesses arabes qui l&rsquo;utilisaient pour parfumer leurs v\u00eatements. Vous aussi vous ne pourrez plus vous en passer de ce magnifique parfum <strong>oud mood de Lattafa.<\/strong><\/p>\n<p class=\"MsoNormal\"><b>Olfactory notes:<\/b><\/p>\n<p><strong>Notes de t\u00eate:<\/strong> Rangoon Creeper, Jasmin Sambac\u00a0<br \/><strong>Notes de coeur:<\/strong> Jasmin, Tub\u00e9reuse, Ylang Ylang\u00a0<br \/><strong>Notes de fond:<\/strong> Benjoin, Iris, Musc, Santal\u00a0<br \/><strong>Dupe:<\/strong> Gucci Bloom Profumo Di Fiori<\/p>","protected":false},"excerpt":{"rendered":"<p>Le parfum Oud Mood est un parfum de la marque Lattafa. Il appartient \u00e0 la famille des parfums orientaux bois\u00e9s. Chaud et sensuel, c&rsquo;est un parfum mixte qui s\u00e9duira \u00e0 la fois les hommes et les femmes. Les fragrances du parfum Oud Mood sont dominees par des notes d&rsquo;oud, de patchouli et de caramel. On [&hellip;]<\/p>\n","protected":false},"featured_media":31331,"template":"","meta":{"om_disable_all_campaigns":false},"product_brand":[],"product_cat":[18,15,1091],"product_tag":[],"class_list":{"0":"post-31334","1":"product","2":"type-product","3":"status-publish","4":"has-post-thumbnail","6":"product_cat-beaute-sante","7":"product_cat-beaute-sante-complements-alimentaires-soins-et-bien-etre-au-meilleur-prix","8":"product_cat-beaute-parfums-maroc-prix","10":"first","11":"outofstock","12":"taxable","13":"shipping-taxable","14":"purchasable","15":"product-type-simple"},"yoast_head":"<!-- This site is optimized with the Yoast SEO plugin v27.3 - https:\/\/yoast.com\/product\/yoast-seo-wordpress\/ -->\n<title>OUD MOOD EAU DE PARFUM Pour Homme et Femme - LATTAFA 100ml - Maroc Prix<\/title>\n<meta name=\"description\" content=\"OUD MOOD EAU DE PARFUM Pour Homme et Femme - LATTAFA 100ml\" \/>\n<meta name=\"robots\" content=\"index, follow, max-snippet:-1, max-image-preview:large, max-video-preview:-1\" \/>\n<link rel=\"canonical\" href=\"https:\/\/vitablanca.ma\/en\/product\/oud-mood-eau-de-parfum-pour-homme-et-femme-lattafa-100ml\/\" \/>\n<meta property=\"og:locale\" content=\"en_US\" \/>\n<meta property=\"og:type\" content=\"article\" \/>\n<meta property=\"og:title\" content=\"OUD MOOD EAU DE PARFUM Pour Homme et Femme - LATTAFA 100ml - Maroc Prix\" \/>\n<meta property=\"og:description\" content=\"OUD MOOD EAU DE PARFUM Pour Homme et Femme - LATTAFA 100ml\" \/>\n<meta property=\"og:url\" content=\"https:\/\/vitablanca.ma\/en\/product\/oud-mood-eau-de-parfum-pour-homme-et-femme-lattafa-100ml\/\" \/>\n<meta property=\"og:site_name\" content=\"Vitablanca.ma &ndash; Sant&eacute;, vitalit&eacute; et bien-&ecirc;tre pour tous les Marocains\" \/>\n<meta property=\"article:publisher\" content=\"https:\/\/www.facebook.com\/profile.php?id=61576678196717\" \/>\n<meta property=\"article:modified_time\" content=\"2026-03-15T23:08:52+00:00\" \/>\n<meta property=\"og:image\" content=\"https:\/\/vitablanca.ma\/wp-content\/uploads\/2026\/03\/1-107.jpg\" \/>\n\t<meta property=\"og:image:width\" content=\"2560\" \/>\n\t<meta property=\"og:image:height\" content=\"2560\" \/>\n\t<meta property=\"og:image:type\" content=\"image\/jpeg\" \/>\n<meta name=\"twitter:card\" content=\"summary_large_image\" \/>\n<meta name=\"twitter:label1\" content=\"Est. reading time\" \/>\n\t<meta name=\"twitter:data1\" content=\"2 minutes\" \/>\n<script type=\"application\/ld+json\" class=\"yoast-schema-graph\">{\"@context\":\"https:\\\/\\\/schema.org\",\"@graph\":[{\"@type\":[\"WebPage\",\"ItemPage\"],\"@id\":\"https:\\\/\\\/vitablanca.ma\\\/produit\\\/oud-mood-eau-de-parfum-pour-homme-et-femme-lattafa-100ml\\\/\",\"url\":\"https:\\\/\\\/vitablanca.ma\\\/produit\\\/oud-mood-eau-de-parfum-pour-homme-et-femme-lattafa-100ml\\\/\",\"name\":\"OUD MOOD EAU DE PARFUM Pour Homme et Femme - LATTAFA 100ml - Maroc Prix\",\"isPartOf\":{\"@id\":\"https:\\\/\\\/vitablanca.ma\\\/#website\"},\"primaryImageOfPage\":{\"@id\":\"https:\\\/\\\/vitablanca.ma\\\/produit\\\/oud-mood-eau-de-parfum-pour-homme-et-femme-lattafa-100ml\\\/#primaryimage\"},\"image\":{\"@id\":\"https:\\\/\\\/vitablanca.ma\\\/produit\\\/oud-mood-eau-de-parfum-pour-homme-et-femme-lattafa-100ml\\\/#primaryimage\"},\"thumbnailUrl\":\"https:\\\/\\\/vitablanca.ma\\\/wp-content\\\/uploads\\\/2026\\\/03\\\/1-107.jpg\",\"datePublished\":\"2026-03-04T01:53:33+00:00\",\"dateModified\":\"2026-03-15T23:08:52+00:00\",\"description\":\"OUD MOOD EAU DE PARFUM Pour Homme et Femme - LATTAFA 100ml\",\"breadcrumb\":{\"@id\":\"https:\\\/\\\/vitablanca.ma\\\/produit\\\/oud-mood-eau-de-parfum-pour-homme-et-femme-lattafa-100ml\\\/#breadcrumb\"},\"inLanguage\":\"en-US\",\"potentialAction\":[{\"@type\":\"ReadAction\",\"target\":[\"https:\\\/\\\/vitablanca.ma\\\/produit\\\/oud-mood-eau-de-parfum-pour-homme-et-femme-lattafa-100ml\\\/\"]}]},{\"@type\":\"ImageObject\",\"inLanguage\":\"en-US\",\"@id\":\"https:\\\/\\\/vitablanca.ma\\\/produit\\\/oud-mood-eau-de-parfum-pour-homme-et-femme-lattafa-100ml\\\/#primaryimage\",\"url\":\"https:\\\/\\\/vitablanca.ma\\\/wp-content\\\/uploads\\\/2026\\\/03\\\/1-107.jpg\",\"contentUrl\":\"https:\\\/\\\/vitablanca.ma\\\/wp-content\\\/uploads\\\/2026\\\/03\\\/1-107.jpg\",\"width\":2560,\"height\":2560},{\"@type\":\"BreadcrumbList\",\"@id\":\"https:\\\/\\\/vitablanca.ma\\\/produit\\\/oud-mood-eau-de-parfum-pour-homme-et-femme-lattafa-100ml\\\/#breadcrumb\",\"itemListElement\":[{\"@type\":\"ListItem\",\"position\":1,\"name\":\"Home\",\"item\":\"https:\\\/\\\/vitablanca.ma\\\/\"},{\"@type\":\"ListItem\",\"position\":2,\"name\":\"Tous Les Produits\",\"item\":\"https:\\\/\\\/vitablanca.ma\\\/tous-les-produits\\\/\"},{\"@type\":\"ListItem\",\"position\":3,\"name\":\"OUD MOOD EAU DE PARFUM Pour Homme et Femme &#8211; LATTAFA 100ml\"}]},{\"@type\":\"WebSite\",\"@id\":\"https:\\\/\\\/vitablanca.ma\\\/#website\",\"url\":\"https:\\\/\\\/vitablanca.ma\\\/\",\"name\":\"VitaBlanca.ma | Compl\u00e9ments alimentaires, sant\u00e9 & beaut\u00e9 au Maroc\",\"description\":\"vendre vitamines et compl\u00e9ments premium des USA &amp; Canada, Nouvelle Z\u00e9lande,Maroc (NOW Foods, Solgar, Manuka). Livraison rapide partout au Maroc.\",\"publisher\":{\"@id\":\"https:\\\/\\\/vitablanca.ma\\\/#organization\"},\"alternateName\":\"VitaBlanca.ma\",\"potentialAction\":[{\"@type\":\"SearchAction\",\"target\":{\"@type\":\"EntryPoint\",\"urlTemplate\":\"https:\\\/\\\/vitablanca.ma\\\/?s={search_term_string}\"},\"query-input\":{\"@type\":\"PropertyValueSpecification\",\"valueRequired\":true,\"valueName\":\"search_term_string\"}}],\"inLanguage\":\"en-US\"},{\"@type\":\"Organization\",\"@id\":\"https:\\\/\\\/vitablanca.ma\\\/#organization\",\"name\":\"VitaBlanca\",\"url\":\"https:\\\/\\\/vitablanca.ma\\\/\",\"logo\":{\"@type\":\"ImageObject\",\"inLanguage\":\"en-US\",\"@id\":\"https:\\\/\\\/vitablanca.ma\\\/#\\\/schema\\\/logo\\\/image\\\/\",\"url\":\"https:\\\/\\\/vitablanca.ma\\\/wp-content\\\/uploads\\\/2025\\\/05\\\/cropped-vitablanca.png\",\"contentUrl\":\"https:\\\/\\\/vitablanca.ma\\\/wp-content\\\/uploads\\\/2025\\\/05\\\/cropped-vitablanca.png\",\"width\":360,\"height\":67,\"caption\":\"VitaBlanca\"},\"image\":{\"@id\":\"https:\\\/\\\/vitablanca.ma\\\/#\\\/schema\\\/logo\\\/image\\\/\"},\"sameAs\":[\"https:\\\/\\\/www.facebook.com\\\/profile.php?id=61576678196717\",\"https:\\\/\\\/www.tiktok.com\\\/@vitablanca.ma\",\"https:\\\/\\\/www.instagram.com\\\/vitablanca.ma\\\/\"]}]}<\/script>\n<!-- \/ Yoast SEO plugin. -->","yoast_head_json":{"title":"OUD MOOD EAU DE PARFUM Pour Homme et Femme - LATTAFA 100ml - Maroc Prix","description":"OUD MOOD EAU DE PARFUM Pour Homme et Femme - LATTAFA 100ml","robots":{"index":"index","follow":"follow","max-snippet":"max-snippet:-1","max-image-preview":"max-image-preview:large","max-video-preview":"max-video-preview:-1"},"canonical":"https:\/\/vitablanca.ma\/en\/product\/oud-mood-eau-de-parfum-pour-homme-et-femme-lattafa-100ml\/","og_locale":"en_US","og_type":"article","og_title":"OUD MOOD EAU DE PARFUM Pour Homme et Femme - LATTAFA 100ml - Maroc Prix","og_description":"OUD MOOD EAU DE PARFUM Pour Homme et Femme - LATTAFA 100ml","og_url":"https:\/\/vitablanca.ma\/en\/product\/oud-mood-eau-de-parfum-pour-homme-et-femme-lattafa-100ml\/","og_site_name":"Vitablanca.ma &ndash; Sant&eacute;, vitalit&eacute; et bien-&ecirc;tre pour tous les Marocains","article_publisher":"https:\/\/www.facebook.com\/profile.php?id=61576678196717","article_modified_time":"2026-03-15T23:08:52+00:00","og_image":[{"width":2560,"height":2560,"url":"https:\/\/vitablanca.ma\/wp-content\/uploads\/2026\/03\/1-107.jpg","type":"image\/jpeg"}],"twitter_card":"summary_large_image","twitter_misc":{"Est. reading time":"2 minutes"},"schema":{"@context":"https:\/\/schema.org","@graph":[{"@type":["WebPage","ItemPage"],"@id":"https:\/\/vitablanca.ma\/produit\/oud-mood-eau-de-parfum-pour-homme-et-femme-lattafa-100ml\/","url":"https:\/\/vitablanca.ma\/produit\/oud-mood-eau-de-parfum-pour-homme-et-femme-lattafa-100ml\/","name":"OUD MOOD EAU DE PARFUM Pour Homme et Femme - LATTAFA 100ml - Maroc Prix","isPartOf":{"@id":"https:\/\/vitablanca.ma\/#website"},"primaryImageOfPage":{"@id":"https:\/\/vitablanca.ma\/produit\/oud-mood-eau-de-parfum-pour-homme-et-femme-lattafa-100ml\/#primaryimage"},"image":{"@id":"https:\/\/vitablanca.ma\/produit\/oud-mood-eau-de-parfum-pour-homme-et-femme-lattafa-100ml\/#primaryimage"},"thumbnailUrl":"https:\/\/vitablanca.ma\/wp-content\/uploads\/2026\/03\/1-107.jpg","datePublished":"2026-03-04T01:53:33+00:00","dateModified":"2026-03-15T23:08:52+00:00","description":"OUD MOOD EAU DE PARFUM Pour Homme et Femme - LATTAFA 100ml","breadcrumb":{"@id":"https:\/\/vitablanca.ma\/produit\/oud-mood-eau-de-parfum-pour-homme-et-femme-lattafa-100ml\/#breadcrumb"},"inLanguage":"en-US","potentialAction":[{"@type":"ReadAction","target":["https:\/\/vitablanca.ma\/produit\/oud-mood-eau-de-parfum-pour-homme-et-femme-lattafa-100ml\/"]}]},{"@type":"ImageObject","inLanguage":"en-US","@id":"https:\/\/vitablanca.ma\/produit\/oud-mood-eau-de-parfum-pour-homme-et-femme-lattafa-100ml\/#primaryimage","url":"https:\/\/vitablanca.ma\/wp-content\/uploads\/2026\/03\/1-107.jpg","contentUrl":"https:\/\/vitablanca.ma\/wp-content\/uploads\/2026\/03\/1-107.jpg","width":2560,"height":2560},{"@type":"BreadcrumbList","@id":"https:\/\/vitablanca.ma\/produit\/oud-mood-eau-de-parfum-pour-homme-et-femme-lattafa-100ml\/#breadcrumb","itemListElement":[{"@type":"ListItem","position":1,"name":"Home","item":"https:\/\/vitablanca.ma\/"},{"@type":"ListItem","position":2,"name":"Tous Les Produits","item":"https:\/\/vitablanca.ma\/tous-les-produits\/"},{"@type":"ListItem","position":3,"name":"OUD MOOD EAU DE PARFUM Pour Homme et Femme &#8211; LATTAFA 100ml"}]},{"@type":"WebSite","@id":"https:\/\/vitablanca.ma\/#website","url":"https:\/\/vitablanca.ma\/","name":"VitaBlanca.ma | Food supplements, health &amp; beauty in Morocco","description":"sell premium vitamins and supplements from USA &amp; Canada, New Zealand, Morocco (NOW Foods, Solgar, Manuka). Fast delivery anywhere in Morocco.","publisher":{"@id":"https:\/\/vitablanca.ma\/#organization"},"alternateName":"VitaBlanca.ma","potentialAction":[{"@type":"SearchAction","target":{"@type":"EntryPoint","urlTemplate":"https:\/\/vitablanca.ma\/?s={search_term_string}"},"query-input":{"@type":"PropertyValueSpecification","valueRequired":true,"valueName":"search_term_string"}}],"inLanguage":"en-US"},{"@type":"Organization","@id":"https:\/\/vitablanca.ma\/#organization","name":"VitaBlanca","url":"https:\/\/vitablanca.ma\/","logo":{"@type":"ImageObject","inLanguage":"en-US","@id":"https:\/\/vitablanca.ma\/#\/schema\/logo\/image\/","url":"https:\/\/vitablanca.ma\/wp-content\/uploads\/2025\/05\/cropped-vitablanca.png","contentUrl":"https:\/\/vitablanca.ma\/wp-content\/uploads\/2025\/05\/cropped-vitablanca.png","width":360,"height":67,"caption":"VitaBlanca"},"image":{"@id":"https:\/\/vitablanca.ma\/#\/schema\/logo\/image\/"},"sameAs":["https:\/\/www.facebook.com\/profile.php?id=61576678196717","https:\/\/www.tiktok.com\/@vitablanca.ma","https:\/\/www.instagram.com\/vitablanca.ma\/"]}]}},"jetpack_sharing_enabled":true,"_links":{"self":[{"href":"https:\/\/vitablanca.ma\/en\/wp-json\/wp\/v2\/product\/31334","targetHints":{"allow":["GET"]}}],"collection":[{"href":"https:\/\/vitablanca.ma\/en\/wp-json\/wp\/v2\/product"}],"about":[{"href":"https:\/\/vitablanca.ma\/en\/wp-json\/wp\/v2\/types\/product"}],"wp:featuredmedia":[{"embeddable":true,"href":"https:\/\/vitablanca.ma\/en\/wp-json\/wp\/v2\/media\/31331"}],"wp:attachment":[{"href":"https:\/\/vitablanca.ma\/en\/wp-json\/wp\/v2\/media?parent=31334"}],"wp:term":[{"taxonomy":"product_brand","embeddable":true,"href":"https:\/\/vitablanca.ma\/en\/wp-json\/wp\/v2\/product_brand?post=31334"},{"taxonomy":"product_cat","embeddable":true,"href":"https:\/\/vitablanca.ma\/en\/wp-json\/wp\/v2\/product_cat?post=31334"},{"taxonomy":"product_tag","embeddable":true,"href":"https:\/\/vitablanca.ma\/en\/wp-json\/wp\/v2\/product_tag?post=31334"}],"curies":[{"name":"wp","href":"https:\/\/api.w.org\/{rel}","templated":true}]}}