{"id":31275,"date":"2026-03-04T01:51:42","date_gmt":"2026-03-04T01:51:42","guid":{"rendered":"https:\/\/vitablanca.ma\/produit\/qaed-al-fursan-noir-eau-de-parfum-pour-homme-lattafa-90ml\/"},"modified":"2026-04-17T22:32:24","modified_gmt":"2026-04-17T22:32:24","slug":"qaed-al-fursan-noir-eau-de-parfum-pour-homme-lattafa-90ml","status":"publish","type":"product","link":"https:\/\/vitablanca.ma\/en\/product\/qaed-al-fursan-noir-eau-de-parfum-pour-homme-lattafa-90ml\/","title":{"rendered":"QAED AL FURSAN NOIR EAU DE PARFUM Pour Homme &#8211; LATTAFA 90ml"},"content":{"rendered":"<p><strong>Qaed Al Fursan<\/strong> <strong>[\u0642\u0627\u0626\u062f \u0627\u0644\u0641\u0631\u0633\u0627\u0646] <\/strong>Par <strong>Lattafa Perfumes <\/strong>est une fragrance Aromatique pour hommes et femmes lanc\u00e9e en 2016. Les notes de t\u00eate sont Ananas et Safran, les notes de coeur sont Jasmin et Sapin baumier, les notes de fond sont Ambre, C\u00e8dre et Bois d\u2019Agar (Oud). Une essence riche et complexe qui offre une sensation luxueuse et durable.<\/p>\n<p style=\"margin-bottom: .0001pt;line-height: 115%\" class=\"MsoNormal\"><b>Notes olfactives :<\/b><\/p>\n<p style=\"margin-bottom: .0001pt;line-height: 115%\" class=\"MsoNormal\"><b>\u00a0<\/b><\/p>\n<p style=\"margin-bottom: .0001pt;line-height: 150%\" class=\"MsoNormal\"><b>Notes de t\u00eate : <\/b>Baies sauvages, goudron de bouleau, notes bois\u00e9es, pomme et bergamote<b><\/b><\/p>\n<p style=\"margin-bottom: .0001pt;line-height: 150%\" class=\"MsoNormal\"><b>Notes de c\u0153ur : <\/b>Jasmin, Patchouli, Notes Bois\u00e9es, Rose et Notes Florales<b><\/b><\/p>\n<p style=\"margin-bottom: .0001pt;line-height: 150%\" class=\"MsoNormal\"><b>Notes de fond : <\/b>Musc, Ambre Gris, Mousse De Ch\u00eane et Vanille<b><\/b><\/p>\n<p style=\"margin-bottom: .0001pt;line-height: 150%\" class=\"MsoNormal\"><b>Dupe : Now RAVE, Black XS<\/b><\/p>\n","protected":false},"excerpt":{"rendered":"<p>Qaed Al Fursan [\u0642\u0627\u0626\u062f \u0627\u0644\u0641\u0631\u0633\u0627\u0646] Par Lattafa Perfumes est une fragrance Aromatique pour hommes et femmes lanc\u00e9e en 2016. Les notes de t\u00eate sont Ananas et Safran, les notes de coeur sont Jasmin et Sapin baumier, les notes de fond sont Ambre, C\u00e8dre et Bois d\u2019Agar (Oud). Une essence riche et complexe qui offre une [&hellip;]<\/p>\n","protected":false},"featured_media":31271,"template":"","meta":{"om_disable_all_campaigns":false},"product_brand":[],"product_cat":[18,15,1091],"product_tag":[],"class_list":{"0":"post-31275","1":"product","2":"type-product","3":"status-publish","4":"has-post-thumbnail","6":"product_cat-beaute-sante","7":"product_cat-beaute-sante-complements-alimentaires-soins-et-bien-etre-au-meilleur-prix","8":"product_cat-beaute-parfums-maroc-prix","10":"first","11":"instock","12":"taxable","13":"shipping-taxable","14":"purchasable","15":"product-type-simple"},"yoast_head":"<!-- This site is optimized with the Yoast SEO plugin v27.5 - https:\/\/yoast.com\/product\/yoast-seo-wordpress\/ -->\n<title>QAED AL FURSAN NOIR EAU DE PARFUM Pour Homme - LATTAFA 90ml - Maroc Prix<\/title>\n<meta name=\"description\" content=\"QAED AL FURSAN NOIR EAU DE PARFUM Pour Homme - LATTAFA 90ml\" \/>\n<meta name=\"robots\" content=\"index, follow, max-snippet:-1, max-image-preview:large, max-video-preview:-1\" \/>\n<link rel=\"canonical\" href=\"https:\/\/vitablanca.ma\/en\/product\/qaed-al-fursan-noir-eau-de-parfum-pour-homme-lattafa-90ml\/\" \/>\n<meta property=\"og:locale\" content=\"en_US\" \/>\n<meta property=\"og:type\" content=\"article\" \/>\n<meta property=\"og:title\" content=\"QAED AL FURSAN NOIR EAU DE PARFUM Pour Homme - LATTAFA 90ml - Maroc Prix\" \/>\n<meta property=\"og:description\" content=\"QAED AL FURSAN NOIR EAU DE PARFUM Pour Homme - LATTAFA 90ml\" \/>\n<meta property=\"og:url\" content=\"https:\/\/vitablanca.ma\/en\/product\/qaed-al-fursan-noir-eau-de-parfum-pour-homme-lattafa-90ml\/\" \/>\n<meta property=\"og:site_name\" content=\"Vitablanca.ma &ndash; Sant&eacute;, vitalit&eacute; et bien-&ecirc;tre pour tous les Marocains\" \/>\n<meta property=\"article:publisher\" content=\"https:\/\/www.facebook.com\/profile.php?id=61576678196717\" \/>\n<meta property=\"article:modified_time\" content=\"2026-04-17T22:32:24+00:00\" \/>\n<meta property=\"og:image\" content=\"https:\/\/vitablanca.ma\/wp-content\/uploads\/2026\/03\/QAED_AL_FURSAN_2.jpg\" \/>\n\t<meta property=\"og:image:width\" content=\"1080\" \/>\n\t<meta property=\"og:image:height\" content=\"1080\" \/>\n\t<meta property=\"og:image:type\" content=\"image\/jpeg\" \/>\n<meta name=\"twitter:card\" content=\"summary_large_image\" \/>\n<meta name=\"twitter:label1\" content=\"Est. reading time\" \/>\n\t<meta name=\"twitter:data1\" content=\"1 minute\" \/>\n<script type=\"application\/ld+json\" class=\"yoast-schema-graph\">{\"@context\":\"https:\\\/\\\/schema.org\",\"@graph\":[{\"@type\":[\"WebPage\",\"ItemPage\"],\"@id\":\"https:\\\/\\\/vitablanca.ma\\\/produit\\\/qaed-al-fursan-noir-eau-de-parfum-pour-homme-lattafa-90ml\\\/\",\"url\":\"https:\\\/\\\/vitablanca.ma\\\/produit\\\/qaed-al-fursan-noir-eau-de-parfum-pour-homme-lattafa-90ml\\\/\",\"name\":\"QAED AL FURSAN NOIR EAU DE PARFUM Pour Homme - LATTAFA 90ml - Maroc Prix\",\"isPartOf\":{\"@id\":\"https:\\\/\\\/vitablanca.ma\\\/#website\"},\"primaryImageOfPage\":{\"@id\":\"https:\\\/\\\/vitablanca.ma\\\/produit\\\/qaed-al-fursan-noir-eau-de-parfum-pour-homme-lattafa-90ml\\\/#primaryimage\"},\"image\":{\"@id\":\"https:\\\/\\\/vitablanca.ma\\\/produit\\\/qaed-al-fursan-noir-eau-de-parfum-pour-homme-lattafa-90ml\\\/#primaryimage\"},\"thumbnailUrl\":\"https:\\\/\\\/vitablanca.ma\\\/wp-content\\\/uploads\\\/2026\\\/03\\\/QAED_AL_FURSAN_2.jpg\",\"datePublished\":\"2026-03-04T01:51:42+00:00\",\"dateModified\":\"2026-04-17T22:32:24+00:00\",\"description\":\"QAED AL FURSAN NOIR EAU DE PARFUM Pour Homme - LATTAFA 90ml\",\"breadcrumb\":{\"@id\":\"https:\\\/\\\/vitablanca.ma\\\/produit\\\/qaed-al-fursan-noir-eau-de-parfum-pour-homme-lattafa-90ml\\\/#breadcrumb\"},\"inLanguage\":\"en-US\",\"potentialAction\":[{\"@type\":\"ReadAction\",\"target\":[\"https:\\\/\\\/vitablanca.ma\\\/produit\\\/qaed-al-fursan-noir-eau-de-parfum-pour-homme-lattafa-90ml\\\/\"]}]},{\"@type\":\"ImageObject\",\"inLanguage\":\"en-US\",\"@id\":\"https:\\\/\\\/vitablanca.ma\\\/produit\\\/qaed-al-fursan-noir-eau-de-parfum-pour-homme-lattafa-90ml\\\/#primaryimage\",\"url\":\"https:\\\/\\\/vitablanca.ma\\\/wp-content\\\/uploads\\\/2026\\\/03\\\/QAED_AL_FURSAN_2.jpg\",\"contentUrl\":\"https:\\\/\\\/vitablanca.ma\\\/wp-content\\\/uploads\\\/2026\\\/03\\\/QAED_AL_FURSAN_2.jpg\",\"width\":1080,\"height\":1080},{\"@type\":\"BreadcrumbList\",\"@id\":\"https:\\\/\\\/vitablanca.ma\\\/produit\\\/qaed-al-fursan-noir-eau-de-parfum-pour-homme-lattafa-90ml\\\/#breadcrumb\",\"itemListElement\":[{\"@type\":\"ListItem\",\"position\":1,\"name\":\"Home\",\"item\":\"https:\\\/\\\/vitablanca.ma\\\/\"},{\"@type\":\"ListItem\",\"position\":2,\"name\":\"Tous Les Produits\",\"item\":\"https:\\\/\\\/vitablanca.ma\\\/tous-les-produits\\\/\"},{\"@type\":\"ListItem\",\"position\":3,\"name\":\"QAED AL FURSAN NOIR EAU DE PARFUM Pour Homme &#8211; LATTAFA 90ml\"}]},{\"@type\":\"WebSite\",\"@id\":\"https:\\\/\\\/vitablanca.ma\\\/#website\",\"url\":\"https:\\\/\\\/vitablanca.ma\\\/\",\"name\":\"VitaBlanca.ma | Compl\u00e9ments alimentaires, sant\u00e9 & beaut\u00e9 au Maroc\",\"description\":\"vendre vitamines et compl\u00e9ments premium des USA &amp; Canada, Nouvelle Z\u00e9lande,Maroc (NOW Foods, Solgar, Manuka). Livraison rapide partout au Maroc.\",\"publisher\":{\"@id\":\"https:\\\/\\\/vitablanca.ma\\\/#organization\"},\"alternateName\":\"VitaBlanca.ma\",\"potentialAction\":[{\"@type\":\"SearchAction\",\"target\":{\"@type\":\"EntryPoint\",\"urlTemplate\":\"https:\\\/\\\/vitablanca.ma\\\/?s={search_term_string}\"},\"query-input\":{\"@type\":\"PropertyValueSpecification\",\"valueRequired\":true,\"valueName\":\"search_term_string\"}}],\"inLanguage\":\"en-US\"},{\"@type\":\"Organization\",\"@id\":\"https:\\\/\\\/vitablanca.ma\\\/#organization\",\"name\":\"VitaBlanca\",\"url\":\"https:\\\/\\\/vitablanca.ma\\\/\",\"logo\":{\"@type\":\"ImageObject\",\"inLanguage\":\"en-US\",\"@id\":\"https:\\\/\\\/vitablanca.ma\\\/#\\\/schema\\\/logo\\\/image\\\/\",\"url\":\"https:\\\/\\\/vitablanca.ma\\\/wp-content\\\/uploads\\\/2025\\\/05\\\/cropped-vitablanca.png\",\"contentUrl\":\"https:\\\/\\\/vitablanca.ma\\\/wp-content\\\/uploads\\\/2025\\\/05\\\/cropped-vitablanca.png\",\"width\":360,\"height\":67,\"caption\":\"VitaBlanca\"},\"image\":{\"@id\":\"https:\\\/\\\/vitablanca.ma\\\/#\\\/schema\\\/logo\\\/image\\\/\"},\"sameAs\":[\"https:\\\/\\\/www.facebook.com\\\/profile.php?id=61576678196717\",\"https:\\\/\\\/www.tiktok.com\\\/@vitablanca.ma\",\"https:\\\/\\\/www.instagram.com\\\/vitablanca.ma\\\/\"]}]}<\/script>\n<!-- \/ Yoast SEO plugin. -->","yoast_head_json":{"title":"QAED AL FURSAN NOIR EAU DE PARFUM Pour Homme - LATTAFA 90ml - Maroc Prix","description":"QAED AL FURSAN NOIR EAU DE PARFUM Pour Homme - LATTAFA 90ml","robots":{"index":"index","follow":"follow","max-snippet":"max-snippet:-1","max-image-preview":"max-image-preview:large","max-video-preview":"max-video-preview:-1"},"canonical":"https:\/\/vitablanca.ma\/en\/product\/qaed-al-fursan-noir-eau-de-parfum-pour-homme-lattafa-90ml\/","og_locale":"en_US","og_type":"article","og_title":"QAED AL FURSAN NOIR EAU DE PARFUM Pour Homme - LATTAFA 90ml - Maroc Prix","og_description":"QAED AL FURSAN NOIR EAU DE PARFUM Pour Homme - LATTAFA 90ml","og_url":"https:\/\/vitablanca.ma\/en\/product\/qaed-al-fursan-noir-eau-de-parfum-pour-homme-lattafa-90ml\/","og_site_name":"Vitablanca.ma &ndash; Sant&eacute;, vitalit&eacute; et bien-&ecirc;tre pour tous les Marocains","article_publisher":"https:\/\/www.facebook.com\/profile.php?id=61576678196717","article_modified_time":"2026-04-17T22:32:24+00:00","og_image":[{"width":1080,"height":1080,"url":"https:\/\/vitablanca.ma\/wp-content\/uploads\/2026\/03\/QAED_AL_FURSAN_2.jpg","type":"image\/jpeg"}],"twitter_card":"summary_large_image","twitter_misc":{"Est. reading time":"1 minute"},"schema":{"@context":"https:\/\/schema.org","@graph":[{"@type":["WebPage","ItemPage"],"@id":"https:\/\/vitablanca.ma\/produit\/qaed-al-fursan-noir-eau-de-parfum-pour-homme-lattafa-90ml\/","url":"https:\/\/vitablanca.ma\/produit\/qaed-al-fursan-noir-eau-de-parfum-pour-homme-lattafa-90ml\/","name":"QAED AL FURSAN NOIR EAU DE PARFUM Pour Homme - LATTAFA 90ml - Maroc Prix","isPartOf":{"@id":"https:\/\/vitablanca.ma\/#website"},"primaryImageOfPage":{"@id":"https:\/\/vitablanca.ma\/produit\/qaed-al-fursan-noir-eau-de-parfum-pour-homme-lattafa-90ml\/#primaryimage"},"image":{"@id":"https:\/\/vitablanca.ma\/produit\/qaed-al-fursan-noir-eau-de-parfum-pour-homme-lattafa-90ml\/#primaryimage"},"thumbnailUrl":"https:\/\/vitablanca.ma\/wp-content\/uploads\/2026\/03\/QAED_AL_FURSAN_2.jpg","datePublished":"2026-03-04T01:51:42+00:00","dateModified":"2026-04-17T22:32:24+00:00","description":"QAED AL FURSAN NOIR EAU DE PARFUM Pour Homme - LATTAFA 90ml","breadcrumb":{"@id":"https:\/\/vitablanca.ma\/produit\/qaed-al-fursan-noir-eau-de-parfum-pour-homme-lattafa-90ml\/#breadcrumb"},"inLanguage":"en-US","potentialAction":[{"@type":"ReadAction","target":["https:\/\/vitablanca.ma\/produit\/qaed-al-fursan-noir-eau-de-parfum-pour-homme-lattafa-90ml\/"]}]},{"@type":"ImageObject","inLanguage":"en-US","@id":"https:\/\/vitablanca.ma\/produit\/qaed-al-fursan-noir-eau-de-parfum-pour-homme-lattafa-90ml\/#primaryimage","url":"https:\/\/vitablanca.ma\/wp-content\/uploads\/2026\/03\/QAED_AL_FURSAN_2.jpg","contentUrl":"https:\/\/vitablanca.ma\/wp-content\/uploads\/2026\/03\/QAED_AL_FURSAN_2.jpg","width":1080,"height":1080},{"@type":"BreadcrumbList","@id":"https:\/\/vitablanca.ma\/produit\/qaed-al-fursan-noir-eau-de-parfum-pour-homme-lattafa-90ml\/#breadcrumb","itemListElement":[{"@type":"ListItem","position":1,"name":"Home","item":"https:\/\/vitablanca.ma\/"},{"@type":"ListItem","position":2,"name":"Tous Les Produits","item":"https:\/\/vitablanca.ma\/tous-les-produits\/"},{"@type":"ListItem","position":3,"name":"QAED AL FURSAN NOIR EAU DE PARFUM Pour Homme &#8211; LATTAFA 90ml"}]},{"@type":"WebSite","@id":"https:\/\/vitablanca.ma\/#website","url":"https:\/\/vitablanca.ma\/","name":"VitaBlanca.ma | Food supplements, health &amp; beauty in Morocco","description":"sell premium vitamins and supplements from USA &amp; Canada, New Zealand, Morocco (NOW Foods, Solgar, Manuka). Fast delivery anywhere in Morocco.","publisher":{"@id":"https:\/\/vitablanca.ma\/#organization"},"alternateName":"VitaBlanca.ma","potentialAction":[{"@type":"SearchAction","target":{"@type":"EntryPoint","urlTemplate":"https:\/\/vitablanca.ma\/?s={search_term_string}"},"query-input":{"@type":"PropertyValueSpecification","valueRequired":true,"valueName":"search_term_string"}}],"inLanguage":"en-US"},{"@type":"Organization","@id":"https:\/\/vitablanca.ma\/#organization","name":"VitaBlanca","url":"https:\/\/vitablanca.ma\/","logo":{"@type":"ImageObject","inLanguage":"en-US","@id":"https:\/\/vitablanca.ma\/#\/schema\/logo\/image\/","url":"https:\/\/vitablanca.ma\/wp-content\/uploads\/2025\/05\/cropped-vitablanca.png","contentUrl":"https:\/\/vitablanca.ma\/wp-content\/uploads\/2025\/05\/cropped-vitablanca.png","width":360,"height":67,"caption":"VitaBlanca"},"image":{"@id":"https:\/\/vitablanca.ma\/#\/schema\/logo\/image\/"},"sameAs":["https:\/\/www.facebook.com\/profile.php?id=61576678196717","https:\/\/www.tiktok.com\/@vitablanca.ma","https:\/\/www.instagram.com\/vitablanca.ma\/"]}]}},"jetpack_sharing_enabled":true,"_links":{"self":[{"href":"https:\/\/vitablanca.ma\/en\/wp-json\/wp\/v2\/product\/31275","targetHints":{"allow":["GET"]}}],"collection":[{"href":"https:\/\/vitablanca.ma\/en\/wp-json\/wp\/v2\/product"}],"about":[{"href":"https:\/\/vitablanca.ma\/en\/wp-json\/wp\/v2\/types\/product"}],"wp:featuredmedia":[{"embeddable":true,"href":"https:\/\/vitablanca.ma\/en\/wp-json\/wp\/v2\/media\/31271"}],"wp:attachment":[{"href":"https:\/\/vitablanca.ma\/en\/wp-json\/wp\/v2\/media?parent=31275"}],"wp:term":[{"taxonomy":"product_brand","embeddable":true,"href":"https:\/\/vitablanca.ma\/en\/wp-json\/wp\/v2\/product_brand?post=31275"},{"taxonomy":"product_cat","embeddable":true,"href":"https:\/\/vitablanca.ma\/en\/wp-json\/wp\/v2\/product_cat?post=31275"},{"taxonomy":"product_tag","embeddable":true,"href":"https:\/\/vitablanca.ma\/en\/wp-json\/wp\/v2\/product_tag?post=31275"}],"curies":[{"name":"wp","href":"https:\/\/api.w.org\/{rel}","templated":true}]}}