{"id":31270,"date":"2026-03-04T01:51:35","date_gmt":"2026-03-04T01:51:35","guid":{"rendered":"https:\/\/vitablanca.ma\/produit\/qidwah-eau-de-parfum-pour-homme-ard-al-zaafaran-100ml\/"},"modified":"2026-03-15T23:08:53","modified_gmt":"2026-03-15T23:08:53","slug":"qidwah-eau-de-parfum-pour-homme-ard-al-zaafaran-100ml","status":"publish","type":"product","link":"https:\/\/vitablanca.ma\/en\/product\/qidwah-eau-de-parfum-pour-homme-ard-al-zaafaran-100ml\/","title":{"rendered":"QIDWAH EAU DE PARFUM POUR Homme &#8211; ARD AL ZAAFARAN 100ml"},"content":{"rendered":"<p><strong>Qidwah \u0642\u062f\u0648\u0629, de la collection Lattafa &#8211; Ard Al Zaafaran,<\/strong> est un parfum oriental bois\u00e9 qui incarne l&rsquo;\u00e9quilibre parfait entre la fra\u00eecheur des agrumes, la chaleur des notes florales \u00e9pic\u00e9es et la profondeur des notes bois\u00e9es. Ce parfum polyvalent convient aussi bien aux hommes qu&rsquo;aux femmes, offrant une sensualit\u00e9 et un myst\u00e8re particuliers. Cr\u00e9\u00e9 pour ceux qui recherchent une exp\u00e9rience olfactive sophistiqu\u00e9e et captivante, Qidwah est un parfum qui ne passera pas inaper\u00e7u. Offrant une longue tenue, ce parfum est parfait en toute occasion et laissera une impression durable gr\u00e2ce \u00e0 sa composition riche et \u00e9l\u00e9gante. Laissez Qidwah vous enchanter et laissez votre empreinte olfactive partout o\u00f9 vous allez.<\/p>\n<p class=\"MsoNormal\"><b>Olfactory notes:<\/b><\/p>\n<p><strong>Notes de t\u00eate:<\/strong> Orange, Citron .<br \/><strong>Notes de coeur:<\/strong> Jasmin, Rose, Fleur d&rsquo;Oranger, Cannelle, Cardamome .<br \/><strong>Notes de fond: <\/strong>Bois de santal, vanille, bois de cachemire, patchouli, ambre, musc .<\/p>","protected":false},"excerpt":{"rendered":"<p>Qidwah \u0642\u062f\u0648\u0629, de la collection Lattafa &#8211; Ard Al Zaafaran, est un parfum oriental bois\u00e9 qui incarne l&rsquo;\u00e9quilibre parfait entre la fra\u00eecheur des agrumes, la chaleur des notes florales \u00e9pic\u00e9es et la profondeur des notes bois\u00e9es. Ce parfum polyvalent convient aussi bien aux hommes qu&rsquo;aux femmes, offrant une sensualit\u00e9 et un myst\u00e8re particuliers. Cr\u00e9\u00e9 pour [&hellip;]<\/p>\n","protected":false},"featured_media":31267,"template":"","meta":{"om_disable_all_campaigns":false},"product_brand":[],"product_cat":[18,15,1091],"product_tag":[],"class_list":{"0":"post-31270","1":"product","2":"type-product","3":"status-publish","4":"has-post-thumbnail","6":"product_cat-beaute-sante","7":"product_cat-beaute-sante-complements-alimentaires-soins-et-bien-etre-au-meilleur-prix","8":"product_cat-beaute-parfums-maroc-prix","10":"first","11":"outofstock","12":"taxable","13":"shipping-taxable","14":"purchasable","15":"product-type-simple"},"yoast_head":"<!-- This site is optimized with the Yoast SEO plugin v27.3 - https:\/\/yoast.com\/product\/yoast-seo-wordpress\/ -->\n<title>QIDWAH EAU DE PARFUM POUR Homme - ARD AL ZAAFARAN 100ml - Maroc Prix<\/title>\n<meta name=\"description\" content=\"QIDWAH EAU DE PARFUM POUR Homme - ARD AL ZAAFARAN 100ml\" \/>\n<meta name=\"robots\" content=\"index, follow, max-snippet:-1, max-image-preview:large, max-video-preview:-1\" \/>\n<link rel=\"canonical\" href=\"https:\/\/vitablanca.ma\/en\/product\/qidwah-eau-de-parfum-pour-homme-ard-al-zaafaran-100ml\/\" \/>\n<meta property=\"og:locale\" content=\"en_US\" \/>\n<meta property=\"og:type\" content=\"article\" \/>\n<meta property=\"og:title\" content=\"QIDWAH EAU DE PARFUM POUR Homme - ARD AL ZAAFARAN 100ml - Maroc Prix\" \/>\n<meta property=\"og:description\" content=\"QIDWAH EAU DE PARFUM POUR Homme - ARD AL ZAAFARAN 100ml\" \/>\n<meta property=\"og:url\" content=\"https:\/\/vitablanca.ma\/en\/product\/qidwah-eau-de-parfum-pour-homme-ard-al-zaafaran-100ml\/\" \/>\n<meta property=\"og:site_name\" content=\"Vitablanca.ma &ndash; Sant&eacute;, vitalit&eacute; et bien-&ecirc;tre pour tous les Marocains\" \/>\n<meta property=\"article:publisher\" content=\"https:\/\/www.facebook.com\/profile.php?id=61576678196717\" \/>\n<meta property=\"article:modified_time\" content=\"2026-03-15T23:08:53+00:00\" \/>\n<meta property=\"og:image\" content=\"https:\/\/vitablanca.ma\/wp-content\/uploads\/2026\/03\/QIDWAH1.jpg\" \/>\n\t<meta property=\"og:image:width\" content=\"1012\" \/>\n\t<meta property=\"og:image:height\" content=\"1012\" \/>\n\t<meta property=\"og:image:type\" content=\"image\/jpeg\" \/>\n<meta name=\"twitter:card\" content=\"summary_large_image\" \/>\n<meta name=\"twitter:label1\" content=\"Est. reading time\" \/>\n\t<meta name=\"twitter:data1\" content=\"1 minute\" \/>\n<script type=\"application\/ld+json\" class=\"yoast-schema-graph\">{\"@context\":\"https:\\\/\\\/schema.org\",\"@graph\":[{\"@type\":[\"WebPage\",\"ItemPage\"],\"@id\":\"https:\\\/\\\/vitablanca.ma\\\/produit\\\/qidwah-eau-de-parfum-pour-homme-ard-al-zaafaran-100ml\\\/\",\"url\":\"https:\\\/\\\/vitablanca.ma\\\/produit\\\/qidwah-eau-de-parfum-pour-homme-ard-al-zaafaran-100ml\\\/\",\"name\":\"QIDWAH EAU DE PARFUM POUR Homme - ARD AL ZAAFARAN 100ml - Maroc Prix\",\"isPartOf\":{\"@id\":\"https:\\\/\\\/vitablanca.ma\\\/#website\"},\"primaryImageOfPage\":{\"@id\":\"https:\\\/\\\/vitablanca.ma\\\/produit\\\/qidwah-eau-de-parfum-pour-homme-ard-al-zaafaran-100ml\\\/#primaryimage\"},\"image\":{\"@id\":\"https:\\\/\\\/vitablanca.ma\\\/produit\\\/qidwah-eau-de-parfum-pour-homme-ard-al-zaafaran-100ml\\\/#primaryimage\"},\"thumbnailUrl\":\"https:\\\/\\\/vitablanca.ma\\\/wp-content\\\/uploads\\\/2026\\\/03\\\/QIDWAH1.jpg\",\"datePublished\":\"2026-03-04T01:51:35+00:00\",\"dateModified\":\"2026-03-15T23:08:53+00:00\",\"description\":\"QIDWAH EAU DE PARFUM POUR Homme - ARD AL ZAAFARAN 100ml\",\"breadcrumb\":{\"@id\":\"https:\\\/\\\/vitablanca.ma\\\/produit\\\/qidwah-eau-de-parfum-pour-homme-ard-al-zaafaran-100ml\\\/#breadcrumb\"},\"inLanguage\":\"en-US\",\"potentialAction\":[{\"@type\":\"ReadAction\",\"target\":[\"https:\\\/\\\/vitablanca.ma\\\/produit\\\/qidwah-eau-de-parfum-pour-homme-ard-al-zaafaran-100ml\\\/\"]}]},{\"@type\":\"ImageObject\",\"inLanguage\":\"en-US\",\"@id\":\"https:\\\/\\\/vitablanca.ma\\\/produit\\\/qidwah-eau-de-parfum-pour-homme-ard-al-zaafaran-100ml\\\/#primaryimage\",\"url\":\"https:\\\/\\\/vitablanca.ma\\\/wp-content\\\/uploads\\\/2026\\\/03\\\/QIDWAH1.jpg\",\"contentUrl\":\"https:\\\/\\\/vitablanca.ma\\\/wp-content\\\/uploads\\\/2026\\\/03\\\/QIDWAH1.jpg\",\"width\":1012,\"height\":1012},{\"@type\":\"BreadcrumbList\",\"@id\":\"https:\\\/\\\/vitablanca.ma\\\/produit\\\/qidwah-eau-de-parfum-pour-homme-ard-al-zaafaran-100ml\\\/#breadcrumb\",\"itemListElement\":[{\"@type\":\"ListItem\",\"position\":1,\"name\":\"Home\",\"item\":\"https:\\\/\\\/vitablanca.ma\\\/\"},{\"@type\":\"ListItem\",\"position\":2,\"name\":\"Tous Les Produits\",\"item\":\"https:\\\/\\\/vitablanca.ma\\\/tous-les-produits\\\/\"},{\"@type\":\"ListItem\",\"position\":3,\"name\":\"QIDWAH EAU DE PARFUM POUR Homme &#8211; ARD AL ZAAFARAN 100ml\"}]},{\"@type\":\"WebSite\",\"@id\":\"https:\\\/\\\/vitablanca.ma\\\/#website\",\"url\":\"https:\\\/\\\/vitablanca.ma\\\/\",\"name\":\"VitaBlanca.ma | Compl\u00e9ments alimentaires, sant\u00e9 & beaut\u00e9 au Maroc\",\"description\":\"vendre vitamines et compl\u00e9ments premium des USA &amp; Canada, Nouvelle Z\u00e9lande,Maroc (NOW Foods, Solgar, Manuka). Livraison rapide partout au Maroc.\",\"publisher\":{\"@id\":\"https:\\\/\\\/vitablanca.ma\\\/#organization\"},\"alternateName\":\"VitaBlanca.ma\",\"potentialAction\":[{\"@type\":\"SearchAction\",\"target\":{\"@type\":\"EntryPoint\",\"urlTemplate\":\"https:\\\/\\\/vitablanca.ma\\\/?s={search_term_string}\"},\"query-input\":{\"@type\":\"PropertyValueSpecification\",\"valueRequired\":true,\"valueName\":\"search_term_string\"}}],\"inLanguage\":\"en-US\"},{\"@type\":\"Organization\",\"@id\":\"https:\\\/\\\/vitablanca.ma\\\/#organization\",\"name\":\"VitaBlanca\",\"url\":\"https:\\\/\\\/vitablanca.ma\\\/\",\"logo\":{\"@type\":\"ImageObject\",\"inLanguage\":\"en-US\",\"@id\":\"https:\\\/\\\/vitablanca.ma\\\/#\\\/schema\\\/logo\\\/image\\\/\",\"url\":\"https:\\\/\\\/vitablanca.ma\\\/wp-content\\\/uploads\\\/2025\\\/05\\\/cropped-vitablanca.png\",\"contentUrl\":\"https:\\\/\\\/vitablanca.ma\\\/wp-content\\\/uploads\\\/2025\\\/05\\\/cropped-vitablanca.png\",\"width\":360,\"height\":67,\"caption\":\"VitaBlanca\"},\"image\":{\"@id\":\"https:\\\/\\\/vitablanca.ma\\\/#\\\/schema\\\/logo\\\/image\\\/\"},\"sameAs\":[\"https:\\\/\\\/www.facebook.com\\\/profile.php?id=61576678196717\",\"https:\\\/\\\/www.tiktok.com\\\/@vitablanca.ma\",\"https:\\\/\\\/www.instagram.com\\\/vitablanca.ma\\\/\"]}]}<\/script>\n<!-- \/ Yoast SEO plugin. -->","yoast_head_json":{"title":"QIDWAH EAU DE PARFUM POUR Homme - ARD AL ZAAFARAN 100ml - Maroc Prix","description":"QIDWAH EAU DE PARFUM POUR Homme - ARD AL ZAAFARAN 100ml","robots":{"index":"index","follow":"follow","max-snippet":"max-snippet:-1","max-image-preview":"max-image-preview:large","max-video-preview":"max-video-preview:-1"},"canonical":"https:\/\/vitablanca.ma\/en\/product\/qidwah-eau-de-parfum-pour-homme-ard-al-zaafaran-100ml\/","og_locale":"en_US","og_type":"article","og_title":"QIDWAH EAU DE PARFUM POUR Homme - ARD AL ZAAFARAN 100ml - Maroc Prix","og_description":"QIDWAH EAU DE PARFUM POUR Homme - ARD AL ZAAFARAN 100ml","og_url":"https:\/\/vitablanca.ma\/en\/product\/qidwah-eau-de-parfum-pour-homme-ard-al-zaafaran-100ml\/","og_site_name":"Vitablanca.ma &ndash; Sant&eacute;, vitalit&eacute; et bien-&ecirc;tre pour tous les Marocains","article_publisher":"https:\/\/www.facebook.com\/profile.php?id=61576678196717","article_modified_time":"2026-03-15T23:08:53+00:00","og_image":[{"width":1012,"height":1012,"url":"https:\/\/vitablanca.ma\/wp-content\/uploads\/2026\/03\/QIDWAH1.jpg","type":"image\/jpeg"}],"twitter_card":"summary_large_image","twitter_misc":{"Est. reading time":"1 minute"},"schema":{"@context":"https:\/\/schema.org","@graph":[{"@type":["WebPage","ItemPage"],"@id":"https:\/\/vitablanca.ma\/produit\/qidwah-eau-de-parfum-pour-homme-ard-al-zaafaran-100ml\/","url":"https:\/\/vitablanca.ma\/produit\/qidwah-eau-de-parfum-pour-homme-ard-al-zaafaran-100ml\/","name":"QIDWAH EAU DE PARFUM POUR Homme - ARD AL ZAAFARAN 100ml - Maroc Prix","isPartOf":{"@id":"https:\/\/vitablanca.ma\/#website"},"primaryImageOfPage":{"@id":"https:\/\/vitablanca.ma\/produit\/qidwah-eau-de-parfum-pour-homme-ard-al-zaafaran-100ml\/#primaryimage"},"image":{"@id":"https:\/\/vitablanca.ma\/produit\/qidwah-eau-de-parfum-pour-homme-ard-al-zaafaran-100ml\/#primaryimage"},"thumbnailUrl":"https:\/\/vitablanca.ma\/wp-content\/uploads\/2026\/03\/QIDWAH1.jpg","datePublished":"2026-03-04T01:51:35+00:00","dateModified":"2026-03-15T23:08:53+00:00","description":"QIDWAH EAU DE PARFUM POUR Homme - ARD AL ZAAFARAN 100ml","breadcrumb":{"@id":"https:\/\/vitablanca.ma\/produit\/qidwah-eau-de-parfum-pour-homme-ard-al-zaafaran-100ml\/#breadcrumb"},"inLanguage":"en-US","potentialAction":[{"@type":"ReadAction","target":["https:\/\/vitablanca.ma\/produit\/qidwah-eau-de-parfum-pour-homme-ard-al-zaafaran-100ml\/"]}]},{"@type":"ImageObject","inLanguage":"en-US","@id":"https:\/\/vitablanca.ma\/produit\/qidwah-eau-de-parfum-pour-homme-ard-al-zaafaran-100ml\/#primaryimage","url":"https:\/\/vitablanca.ma\/wp-content\/uploads\/2026\/03\/QIDWAH1.jpg","contentUrl":"https:\/\/vitablanca.ma\/wp-content\/uploads\/2026\/03\/QIDWAH1.jpg","width":1012,"height":1012},{"@type":"BreadcrumbList","@id":"https:\/\/vitablanca.ma\/produit\/qidwah-eau-de-parfum-pour-homme-ard-al-zaafaran-100ml\/#breadcrumb","itemListElement":[{"@type":"ListItem","position":1,"name":"Home","item":"https:\/\/vitablanca.ma\/"},{"@type":"ListItem","position":2,"name":"Tous Les Produits","item":"https:\/\/vitablanca.ma\/tous-les-produits\/"},{"@type":"ListItem","position":3,"name":"QIDWAH EAU DE PARFUM POUR Homme &#8211; ARD AL ZAAFARAN 100ml"}]},{"@type":"WebSite","@id":"https:\/\/vitablanca.ma\/#website","url":"https:\/\/vitablanca.ma\/","name":"VitaBlanca.ma | Food supplements, health &amp; beauty in Morocco","description":"sell premium vitamins and supplements from USA &amp; Canada, New Zealand, Morocco (NOW Foods, Solgar, Manuka). Fast delivery anywhere in Morocco.","publisher":{"@id":"https:\/\/vitablanca.ma\/#organization"},"alternateName":"VitaBlanca.ma","potentialAction":[{"@type":"SearchAction","target":{"@type":"EntryPoint","urlTemplate":"https:\/\/vitablanca.ma\/?s={search_term_string}"},"query-input":{"@type":"PropertyValueSpecification","valueRequired":true,"valueName":"search_term_string"}}],"inLanguage":"en-US"},{"@type":"Organization","@id":"https:\/\/vitablanca.ma\/#organization","name":"VitaBlanca","url":"https:\/\/vitablanca.ma\/","logo":{"@type":"ImageObject","inLanguage":"en-US","@id":"https:\/\/vitablanca.ma\/#\/schema\/logo\/image\/","url":"https:\/\/vitablanca.ma\/wp-content\/uploads\/2025\/05\/cropped-vitablanca.png","contentUrl":"https:\/\/vitablanca.ma\/wp-content\/uploads\/2025\/05\/cropped-vitablanca.png","width":360,"height":67,"caption":"VitaBlanca"},"image":{"@id":"https:\/\/vitablanca.ma\/#\/schema\/logo\/image\/"},"sameAs":["https:\/\/www.facebook.com\/profile.php?id=61576678196717","https:\/\/www.tiktok.com\/@vitablanca.ma","https:\/\/www.instagram.com\/vitablanca.ma\/"]}]}},"jetpack_sharing_enabled":true,"_links":{"self":[{"href":"https:\/\/vitablanca.ma\/en\/wp-json\/wp\/v2\/product\/31270","targetHints":{"allow":["GET"]}}],"collection":[{"href":"https:\/\/vitablanca.ma\/en\/wp-json\/wp\/v2\/product"}],"about":[{"href":"https:\/\/vitablanca.ma\/en\/wp-json\/wp\/v2\/types\/product"}],"wp:featuredmedia":[{"embeddable":true,"href":"https:\/\/vitablanca.ma\/en\/wp-json\/wp\/v2\/media\/31267"}],"wp:attachment":[{"href":"https:\/\/vitablanca.ma\/en\/wp-json\/wp\/v2\/media?parent=31270"}],"wp:term":[{"taxonomy":"product_brand","embeddable":true,"href":"https:\/\/vitablanca.ma\/en\/wp-json\/wp\/v2\/product_brand?post=31270"},{"taxonomy":"product_cat","embeddable":true,"href":"https:\/\/vitablanca.ma\/en\/wp-json\/wp\/v2\/product_cat?post=31270"},{"taxonomy":"product_tag","embeddable":true,"href":"https:\/\/vitablanca.ma\/en\/wp-json\/wp\/v2\/product_tag?post=31270"}],"curies":[{"name":"wp","href":"https:\/\/api.w.org\/{rel}","templated":true}]}}