{"id":31258,"date":"2026-03-04T01:51:18","date_gmt":"2026-03-04T01:51:18","guid":{"rendered":"https:\/\/vitablanca.ma\/produit\/hawas-kobra-for-him-eau-de-parfum-rasasi-pour-homme-100ml\/"},"modified":"2026-04-17T22:32:47","modified_gmt":"2026-04-17T22:32:47","slug":"hawas-kobra-for-him-eau-de-parfum-rasasi-pour-homme-100ml","status":"publish","type":"product","link":"https:\/\/vitablanca.ma\/en\/product\/hawas-kobra-for-him-eau-de-parfum-rasasi-pour-homme-100ml\/","title":{"rendered":"HAWAS KOBRA For Him Eau de Parfum RASASI Pour Homme &#8211; 100ml"},"content":{"rendered":"<p class=\"MsoNormal\"><span style=\"font-family: 'Arial','sans-serif';color: #3a3a3a;background: white\">Le flacon de\u00a0<\/span><strong style=\"text-align: start\"><span style=\"font-family: 'Arial','sans-serif'\">Hawas Kobra For Him<\/span><\/strong><span style=\"text-align: start;float: none\">\u00a0(\u0647\u0648\u0633) s\u00e9duit par sa sobri\u00e9t\u00e9 et son \u00e9l\u00e9gance. Enti\u00e8rement noir mat, il incarne la puissance et le myst\u00e8re, tandis que son bouchon textur\u00e9, orn\u00e9 d\u2019un cordage noir, souligne l\u2019allure virile et moderne de cette cr\u00e9ation <b>Rasasi.<\/b><\/span><\/p>\n<p class=\"MsoNormal\"><span style=\"font-family: 'Arial','sans-serif';color: #3a3a3a;background: white\">Ce parfum s\u2019ouvre sur une fra\u00eecheur vive et \u00e9pic\u00e9e, se poursuit par un c\u0153ur aromatique et \u00e9pic\u00e9, puis s\u2019ancre dans une base chaude et bois\u00e9e, id\u00e9ale pour l\u2019homme qui aime marquer sa pr\u00e9sence avec \u00e9l\u00e9gance et intensit\u00e9.<\/span><b><span style=\"font-family: 'Arial','sans-serif';color: #262626\"><\/span><\/b><\/p>\n<p class=\"MsoNormal\"><b><span style=\"font-family: 'Arial','sans-serif';color: #262626\">Notes olfactives\u00a0:<\/span><\/b><span style=\"font-family: 'Arial','sans-serif';color: #262626\"><\/span><\/p>\n<ul>\n<li style=\"line-height: normal;background: white\" class=\"MsoNormal\">\n<b><span style=\"font-family: 'Arial','sans-serif';color: #3a3a3a\">Top notes:<\/span><\/b><span style=\"font-family: 'Arial','sans-serif';color: #3a3a3a\">\u00a0Gingembre, Bergamote, Tangerine<\/span>\n<\/li>\n<li style=\"line-height: normal;background: white\" class=\"MsoNormal\">\n<b><span style=\"font-family: 'Arial','sans-serif';color: #3a3a3a\">Heart notes:<\/span><\/b><span style=\"font-family: 'Arial','sans-serif';color: #3a3a3a\">\u00a0Cannelle, N\u00e9roli, Th\u00e9 vert<\/span>\n<\/li>\n<li style=\"line-height: normal;background: white\" class=\"MsoNormal\">\n<b><span style=\"font-family: 'Arial','sans-serif';color: #3a3a3a\">Base notes:<\/span><\/b><span style=\"font-family: 'Arial','sans-serif';color: #3a3a3a\"> Musc, Notes bois\u00e9es, Ambre<\/span>\n<\/li>\n<\/ul>\n<p style=\"margin-bottom: 6.0pt;line-height: 18.0pt;background: white\" class=\"MsoNormal\"><strong><span style=\"font-family: 'Arial','sans-serif';color: #262626;background: white\">Gender :<\/span><\/strong><span style=\"font-family: 'Arial','sans-serif';color: #262626;background: white\"><span style=\"text-align: start;float: none\">\u00a0Masculin \u2013 Famille Aromatique<\/span><\/span><b><span style=\"font-family: 'Arial','sans-serif';color: #262626\"><\/span><\/b><\/p>","protected":false},"excerpt":{"rendered":"<p>Le flacon de\u00a0Hawas Kobra For Him\u00a0(\u0647\u0648\u0633) s\u00e9duit par sa sobri\u00e9t\u00e9 et son \u00e9l\u00e9gance. Enti\u00e8rement noir mat, il incarne la puissance et le myst\u00e8re, tandis que son bouchon textur\u00e9, orn\u00e9 d\u2019un cordage noir, souligne l\u2019allure virile et moderne de cette cr\u00e9ation Rasasi. Ce parfum s\u2019ouvre sur une fra\u00eecheur vive et \u00e9pic\u00e9e, se poursuit par un c\u0153ur [&hellip;]<\/p>\n","protected":false},"featured_media":31253,"template":"","meta":{"om_disable_all_campaigns":false},"product_brand":[],"product_cat":[18,15,1091],"product_tag":[],"class_list":{"0":"post-31258","1":"product","2":"type-product","3":"status-publish","4":"has-post-thumbnail","6":"product_cat-beaute-sante","7":"product_cat-beaute-sante-complements-alimentaires-soins-et-bien-etre-au-meilleur-prix","8":"product_cat-beaute-parfums-maroc-prix","10":"first","11":"instock","12":"taxable","13":"shipping-taxable","14":"purchasable","15":"product-type-simple"},"yoast_head":"<!-- This site is optimized with the Yoast SEO plugin v27.5 - https:\/\/yoast.com\/product\/yoast-seo-wordpress\/ -->\n<title>HAWAS KOBRA For Him Eau de Parfum RASASI Pour Homme - 100ml - Maroc Prix<\/title>\n<meta name=\"description\" content=\"HAWAS KOBRA For Him Eau de Parfum RASASI Pour Homme - 100ml\" \/>\n<meta name=\"robots\" content=\"index, follow, max-snippet:-1, max-image-preview:large, max-video-preview:-1\" \/>\n<link rel=\"canonical\" href=\"https:\/\/vitablanca.ma\/en\/product\/hawas-kobra-for-him-eau-de-parfum-rasasi-pour-homme-100ml\/\" \/>\n<meta property=\"og:locale\" content=\"en_US\" \/>\n<meta property=\"og:type\" content=\"article\" \/>\n<meta property=\"og:title\" content=\"HAWAS KOBRA For Him Eau de Parfum RASASI Pour Homme - 100ml - Maroc Prix\" \/>\n<meta property=\"og:description\" content=\"HAWAS KOBRA For Him Eau de Parfum RASASI Pour Homme - 100ml\" \/>\n<meta property=\"og:url\" content=\"https:\/\/vitablanca.ma\/en\/product\/hawas-kobra-for-him-eau-de-parfum-rasasi-pour-homme-100ml\/\" \/>\n<meta property=\"og:site_name\" content=\"Vitablanca.ma &ndash; Sant&eacute;, vitalit&eacute; et bien-&ecirc;tre pour tous les Marocains\" \/>\n<meta property=\"article:publisher\" content=\"https:\/\/www.facebook.com\/profile.php?id=61576678196717\" \/>\n<meta property=\"article:modified_time\" content=\"2026-04-17T22:32:47+00:00\" \/>\n<meta property=\"og:image\" content=\"https:\/\/vitablanca.ma\/wp-content\/uploads\/2026\/03\/HAWAS_KOBRA_For_Him_Eau_de_Parfum_RASASI_Pour_Homme_-_100ml_1.jpg\" \/>\n\t<meta property=\"og:image:width\" content=\"1080\" \/>\n\t<meta property=\"og:image:height\" content=\"1080\" \/>\n\t<meta property=\"og:image:type\" content=\"image\/jpeg\" \/>\n<meta name=\"twitter:card\" content=\"summary_large_image\" \/>\n<meta name=\"twitter:label1\" content=\"Est. reading time\" \/>\n\t<meta name=\"twitter:data1\" content=\"1 minute\" \/>\n<script type=\"application\/ld+json\" class=\"yoast-schema-graph\">{\"@context\":\"https:\\\/\\\/schema.org\",\"@graph\":[{\"@type\":[\"WebPage\",\"ItemPage\"],\"@id\":\"https:\\\/\\\/vitablanca.ma\\\/produit\\\/hawas-kobra-for-him-eau-de-parfum-rasasi-pour-homme-100ml\\\/\",\"url\":\"https:\\\/\\\/vitablanca.ma\\\/produit\\\/hawas-kobra-for-him-eau-de-parfum-rasasi-pour-homme-100ml\\\/\",\"name\":\"HAWAS KOBRA For Him Eau de Parfum RASASI Pour Homme - 100ml - Maroc Prix\",\"isPartOf\":{\"@id\":\"https:\\\/\\\/vitablanca.ma\\\/#website\"},\"primaryImageOfPage\":{\"@id\":\"https:\\\/\\\/vitablanca.ma\\\/produit\\\/hawas-kobra-for-him-eau-de-parfum-rasasi-pour-homme-100ml\\\/#primaryimage\"},\"image\":{\"@id\":\"https:\\\/\\\/vitablanca.ma\\\/produit\\\/hawas-kobra-for-him-eau-de-parfum-rasasi-pour-homme-100ml\\\/#primaryimage\"},\"thumbnailUrl\":\"https:\\\/\\\/vitablanca.ma\\\/wp-content\\\/uploads\\\/2026\\\/03\\\/HAWAS_KOBRA_For_Him_Eau_de_Parfum_RASASI_Pour_Homme_-_100ml_1.jpg\",\"datePublished\":\"2026-03-04T01:51:18+00:00\",\"dateModified\":\"2026-04-17T22:32:47+00:00\",\"description\":\"HAWAS KOBRA For Him Eau de Parfum RASASI Pour Homme - 100ml\",\"breadcrumb\":{\"@id\":\"https:\\\/\\\/vitablanca.ma\\\/produit\\\/hawas-kobra-for-him-eau-de-parfum-rasasi-pour-homme-100ml\\\/#breadcrumb\"},\"inLanguage\":\"en-US\",\"potentialAction\":[{\"@type\":\"ReadAction\",\"target\":[\"https:\\\/\\\/vitablanca.ma\\\/produit\\\/hawas-kobra-for-him-eau-de-parfum-rasasi-pour-homme-100ml\\\/\"]}]},{\"@type\":\"ImageObject\",\"inLanguage\":\"en-US\",\"@id\":\"https:\\\/\\\/vitablanca.ma\\\/produit\\\/hawas-kobra-for-him-eau-de-parfum-rasasi-pour-homme-100ml\\\/#primaryimage\",\"url\":\"https:\\\/\\\/vitablanca.ma\\\/wp-content\\\/uploads\\\/2026\\\/03\\\/HAWAS_KOBRA_For_Him_Eau_de_Parfum_RASASI_Pour_Homme_-_100ml_1.jpg\",\"contentUrl\":\"https:\\\/\\\/vitablanca.ma\\\/wp-content\\\/uploads\\\/2026\\\/03\\\/HAWAS_KOBRA_For_Him_Eau_de_Parfum_RASASI_Pour_Homme_-_100ml_1.jpg\",\"width\":1080,\"height\":1080},{\"@type\":\"BreadcrumbList\",\"@id\":\"https:\\\/\\\/vitablanca.ma\\\/produit\\\/hawas-kobra-for-him-eau-de-parfum-rasasi-pour-homme-100ml\\\/#breadcrumb\",\"itemListElement\":[{\"@type\":\"ListItem\",\"position\":1,\"name\":\"Home\",\"item\":\"https:\\\/\\\/vitablanca.ma\\\/\"},{\"@type\":\"ListItem\",\"position\":2,\"name\":\"Tous Les Produits\",\"item\":\"https:\\\/\\\/vitablanca.ma\\\/tous-les-produits\\\/\"},{\"@type\":\"ListItem\",\"position\":3,\"name\":\"HAWAS KOBRA For Him Eau de Parfum RASASI Pour Homme &#8211; 100ml\"}]},{\"@type\":\"WebSite\",\"@id\":\"https:\\\/\\\/vitablanca.ma\\\/#website\",\"url\":\"https:\\\/\\\/vitablanca.ma\\\/\",\"name\":\"VitaBlanca.ma | Compl\u00e9ments alimentaires, sant\u00e9 & beaut\u00e9 au Maroc\",\"description\":\"vendre vitamines et compl\u00e9ments premium des USA &amp; Canada, Nouvelle Z\u00e9lande,Maroc (NOW Foods, Solgar, Manuka). Livraison rapide partout au Maroc.\",\"publisher\":{\"@id\":\"https:\\\/\\\/vitablanca.ma\\\/#organization\"},\"alternateName\":\"VitaBlanca.ma\",\"potentialAction\":[{\"@type\":\"SearchAction\",\"target\":{\"@type\":\"EntryPoint\",\"urlTemplate\":\"https:\\\/\\\/vitablanca.ma\\\/?s={search_term_string}\"},\"query-input\":{\"@type\":\"PropertyValueSpecification\",\"valueRequired\":true,\"valueName\":\"search_term_string\"}}],\"inLanguage\":\"en-US\"},{\"@type\":\"Organization\",\"@id\":\"https:\\\/\\\/vitablanca.ma\\\/#organization\",\"name\":\"VitaBlanca\",\"url\":\"https:\\\/\\\/vitablanca.ma\\\/\",\"logo\":{\"@type\":\"ImageObject\",\"inLanguage\":\"en-US\",\"@id\":\"https:\\\/\\\/vitablanca.ma\\\/#\\\/schema\\\/logo\\\/image\\\/\",\"url\":\"https:\\\/\\\/vitablanca.ma\\\/wp-content\\\/uploads\\\/2025\\\/05\\\/cropped-vitablanca.png\",\"contentUrl\":\"https:\\\/\\\/vitablanca.ma\\\/wp-content\\\/uploads\\\/2025\\\/05\\\/cropped-vitablanca.png\",\"width\":360,\"height\":67,\"caption\":\"VitaBlanca\"},\"image\":{\"@id\":\"https:\\\/\\\/vitablanca.ma\\\/#\\\/schema\\\/logo\\\/image\\\/\"},\"sameAs\":[\"https:\\\/\\\/www.facebook.com\\\/profile.php?id=61576678196717\",\"https:\\\/\\\/www.tiktok.com\\\/@vitablanca.ma\",\"https:\\\/\\\/www.instagram.com\\\/vitablanca.ma\\\/\"]}]}<\/script>\n<!-- \/ Yoast SEO plugin. -->","yoast_head_json":{"title":"HAWAS KOBRA For Him Eau de Parfum RASASI Pour Homme - 100ml - Maroc Prix","description":"HAWAS KOBRA For Him Eau de Parfum RASASI Pour Homme - 100ml","robots":{"index":"index","follow":"follow","max-snippet":"max-snippet:-1","max-image-preview":"max-image-preview:large","max-video-preview":"max-video-preview:-1"},"canonical":"https:\/\/vitablanca.ma\/en\/product\/hawas-kobra-for-him-eau-de-parfum-rasasi-pour-homme-100ml\/","og_locale":"en_US","og_type":"article","og_title":"HAWAS KOBRA For Him Eau de Parfum RASASI Pour Homme - 100ml - Maroc Prix","og_description":"HAWAS KOBRA For Him Eau de Parfum RASASI Pour Homme - 100ml","og_url":"https:\/\/vitablanca.ma\/en\/product\/hawas-kobra-for-him-eau-de-parfum-rasasi-pour-homme-100ml\/","og_site_name":"Vitablanca.ma &ndash; Sant&eacute;, vitalit&eacute; et bien-&ecirc;tre pour tous les Marocains","article_publisher":"https:\/\/www.facebook.com\/profile.php?id=61576678196717","article_modified_time":"2026-04-17T22:32:47+00:00","og_image":[{"width":1080,"height":1080,"url":"https:\/\/vitablanca.ma\/wp-content\/uploads\/2026\/03\/HAWAS_KOBRA_For_Him_Eau_de_Parfum_RASASI_Pour_Homme_-_100ml_1.jpg","type":"image\/jpeg"}],"twitter_card":"summary_large_image","twitter_misc":{"Est. reading time":"1 minute"},"schema":{"@context":"https:\/\/schema.org","@graph":[{"@type":["WebPage","ItemPage"],"@id":"https:\/\/vitablanca.ma\/produit\/hawas-kobra-for-him-eau-de-parfum-rasasi-pour-homme-100ml\/","url":"https:\/\/vitablanca.ma\/produit\/hawas-kobra-for-him-eau-de-parfum-rasasi-pour-homme-100ml\/","name":"HAWAS KOBRA For Him Eau de Parfum RASASI Pour Homme - 100ml - Maroc Prix","isPartOf":{"@id":"https:\/\/vitablanca.ma\/#website"},"primaryImageOfPage":{"@id":"https:\/\/vitablanca.ma\/produit\/hawas-kobra-for-him-eau-de-parfum-rasasi-pour-homme-100ml\/#primaryimage"},"image":{"@id":"https:\/\/vitablanca.ma\/produit\/hawas-kobra-for-him-eau-de-parfum-rasasi-pour-homme-100ml\/#primaryimage"},"thumbnailUrl":"https:\/\/vitablanca.ma\/wp-content\/uploads\/2026\/03\/HAWAS_KOBRA_For_Him_Eau_de_Parfum_RASASI_Pour_Homme_-_100ml_1.jpg","datePublished":"2026-03-04T01:51:18+00:00","dateModified":"2026-04-17T22:32:47+00:00","description":"HAWAS KOBRA For Him Eau de Parfum RASASI Pour Homme - 100ml","breadcrumb":{"@id":"https:\/\/vitablanca.ma\/produit\/hawas-kobra-for-him-eau-de-parfum-rasasi-pour-homme-100ml\/#breadcrumb"},"inLanguage":"en-US","potentialAction":[{"@type":"ReadAction","target":["https:\/\/vitablanca.ma\/produit\/hawas-kobra-for-him-eau-de-parfum-rasasi-pour-homme-100ml\/"]}]},{"@type":"ImageObject","inLanguage":"en-US","@id":"https:\/\/vitablanca.ma\/produit\/hawas-kobra-for-him-eau-de-parfum-rasasi-pour-homme-100ml\/#primaryimage","url":"https:\/\/vitablanca.ma\/wp-content\/uploads\/2026\/03\/HAWAS_KOBRA_For_Him_Eau_de_Parfum_RASASI_Pour_Homme_-_100ml_1.jpg","contentUrl":"https:\/\/vitablanca.ma\/wp-content\/uploads\/2026\/03\/HAWAS_KOBRA_For_Him_Eau_de_Parfum_RASASI_Pour_Homme_-_100ml_1.jpg","width":1080,"height":1080},{"@type":"BreadcrumbList","@id":"https:\/\/vitablanca.ma\/produit\/hawas-kobra-for-him-eau-de-parfum-rasasi-pour-homme-100ml\/#breadcrumb","itemListElement":[{"@type":"ListItem","position":1,"name":"Home","item":"https:\/\/vitablanca.ma\/"},{"@type":"ListItem","position":2,"name":"Tous Les Produits","item":"https:\/\/vitablanca.ma\/tous-les-produits\/"},{"@type":"ListItem","position":3,"name":"HAWAS KOBRA For Him Eau de Parfum RASASI Pour Homme &#8211; 100ml"}]},{"@type":"WebSite","@id":"https:\/\/vitablanca.ma\/#website","url":"https:\/\/vitablanca.ma\/","name":"VitaBlanca.ma | Food supplements, health &amp; beauty in Morocco","description":"sell premium vitamins and supplements from USA &amp; Canada, New Zealand, Morocco (NOW Foods, Solgar, Manuka). Fast delivery anywhere in Morocco.","publisher":{"@id":"https:\/\/vitablanca.ma\/#organization"},"alternateName":"VitaBlanca.ma","potentialAction":[{"@type":"SearchAction","target":{"@type":"EntryPoint","urlTemplate":"https:\/\/vitablanca.ma\/?s={search_term_string}"},"query-input":{"@type":"PropertyValueSpecification","valueRequired":true,"valueName":"search_term_string"}}],"inLanguage":"en-US"},{"@type":"Organization","@id":"https:\/\/vitablanca.ma\/#organization","name":"VitaBlanca","url":"https:\/\/vitablanca.ma\/","logo":{"@type":"ImageObject","inLanguage":"en-US","@id":"https:\/\/vitablanca.ma\/#\/schema\/logo\/image\/","url":"https:\/\/vitablanca.ma\/wp-content\/uploads\/2025\/05\/cropped-vitablanca.png","contentUrl":"https:\/\/vitablanca.ma\/wp-content\/uploads\/2025\/05\/cropped-vitablanca.png","width":360,"height":67,"caption":"VitaBlanca"},"image":{"@id":"https:\/\/vitablanca.ma\/#\/schema\/logo\/image\/"},"sameAs":["https:\/\/www.facebook.com\/profile.php?id=61576678196717","https:\/\/www.tiktok.com\/@vitablanca.ma","https:\/\/www.instagram.com\/vitablanca.ma\/"]}]}},"jetpack_sharing_enabled":true,"_links":{"self":[{"href":"https:\/\/vitablanca.ma\/en\/wp-json\/wp\/v2\/product\/31258","targetHints":{"allow":["GET"]}}],"collection":[{"href":"https:\/\/vitablanca.ma\/en\/wp-json\/wp\/v2\/product"}],"about":[{"href":"https:\/\/vitablanca.ma\/en\/wp-json\/wp\/v2\/types\/product"}],"wp:featuredmedia":[{"embeddable":true,"href":"https:\/\/vitablanca.ma\/en\/wp-json\/wp\/v2\/media\/31253"}],"wp:attachment":[{"href":"https:\/\/vitablanca.ma\/en\/wp-json\/wp\/v2\/media?parent=31258"}],"wp:term":[{"taxonomy":"product_brand","embeddable":true,"href":"https:\/\/vitablanca.ma\/en\/wp-json\/wp\/v2\/product_brand?post=31258"},{"taxonomy":"product_cat","embeddable":true,"href":"https:\/\/vitablanca.ma\/en\/wp-json\/wp\/v2\/product_cat?post=31258"},{"taxonomy":"product_tag","embeddable":true,"href":"https:\/\/vitablanca.ma\/en\/wp-json\/wp\/v2\/product_tag?post=31258"}],"curies":[{"name":"wp","href":"https:\/\/api.w.org\/{rel}","templated":true}]}}