{"id":31242,"date":"2026-03-04T01:50:50","date_gmt":"2026-03-04T01:50:50","guid":{"rendered":"https:\/\/vitablanca.ma\/produit\/maison-alhambra-your-touch-intense-eau-de-parfum-unisexe-100ml\/"},"modified":"2026-03-15T23:08:53","modified_gmt":"2026-03-15T23:08:53","slug":"maison-alhambra-your-touch-intense-eau-de-parfum-unisexe-100ml","status":"publish","type":"product","link":"https:\/\/vitablanca.ma\/en\/product\/maison-alhambra-your-touch-intense-eau-de-parfum-unisexe-100ml\/","title":{"rendered":"MAISON ALHAMBRA &#8211; YOUR TOUCH INTENSE EAU DE PARFUM Unisexe &#8211; 100ml"},"content":{"rendered":"<p><strong>Your Touch Intense Maison Alhambra Parfum Unisexe 100ml<\/strong><\/p>\n<p>Puissant, addictif et naturellement magn\u00e9tique,<strong> Your Touch Intense <\/strong>of <strong>Maison Alhambra<\/strong> est un parfum profond, chaleureux et textur\u00e9, con\u00e7u pour ceux qui marquent les esprits. C&rsquo;est une symphonie de contrastes : doux et audacieux, sucr\u00e9 et \u00e9pic\u00e9, onctueux et robuste.<\/p>\n<p>Le parfum s&rsquo;ouvre sur une touche vibrante de violette, de poivre rose et de gen\u00e9vrier, cr\u00e9ant une entr\u00e9e fra\u00eeche et aromatique aux notes poivr\u00e9es. En c\u0153ur, un m\u00e9lange inattendu de caramel, de sauge sclar\u00e9e, de lavande et d&rsquo;une pointe de cannelle apporte chaleur et intrigue, sophistiqu\u00e9 et d\u00e9licieusement audacieux. La base r\u00e9v\u00e8le son v\u00e9ritable caract\u00e8re avec du daim, de la f\u00e8ve tonka, de la vanille et de l&rsquo;ambre, enveloppant la peau d&rsquo;un fini doux et sensuel qui dure des heures.<\/p>\n<p>Parfait pour les soir\u00e9es ou les saisons plus fra\u00eeches, Your Touch Intense est une d\u00e9claration moderne d&rsquo;\u00e9l\u00e9gance, de charme et de complexit\u00e9.<\/p>\n<p class=\"MsoNormal\"><b>Olfactory notes:<\/b><\/p>\n<p class=\"MsoNormal\" style=\"margin-bottom: .0001pt;line-height: 115%\"><b>Top notes: <\/b>Violette, Poivre rose, Gen\u00e9vrier<b><\/b><\/p>\n<p class=\"MsoNormal\" style=\"margin-bottom: .0001pt;line-height: 115%\"><b>Heart notes: <\/b>Caramel, Sauge sclar\u00e9e, Lavande, Cannelle<b><\/b><\/p>\n<p class=\"MsoNormal\" style=\"margin-bottom: .0001pt;line-height: 115%\"><b>Base notes: <\/b>Daim, F\u00e8ve tonka, Vanille, Ambre<b><\/b><\/p>","protected":false},"excerpt":{"rendered":"<p>Your Touch Intense Maison Alhambra Parfum Unisexe 100ml Puissant, addictif et naturellement magn\u00e9tique, Your Touch Intense de Maison Alhambra est un parfum profond, chaleureux et textur\u00e9, con\u00e7u pour ceux qui marquent les esprits. C&rsquo;est une symphonie de contrastes : doux et audacieux, sucr\u00e9 et \u00e9pic\u00e9, onctueux et robuste. Le parfum s&rsquo;ouvre sur une touche vibrante [&hellip;]<\/p>\n","protected":false},"featured_media":31238,"template":"","meta":{"om_disable_all_campaigns":false},"product_brand":[],"product_cat":[18,15,1091],"product_tag":[],"class_list":{"0":"post-31242","1":"product","2":"type-product","3":"status-publish","4":"has-post-thumbnail","6":"product_cat-beaute-sante","7":"product_cat-beaute-sante-complements-alimentaires-soins-et-bien-etre-au-meilleur-prix","8":"product_cat-beaute-parfums-maroc-prix","10":"first","11":"outofstock","12":"taxable","13":"shipping-taxable","14":"purchasable","15":"product-type-simple"},"yoast_head":"<!-- This site is optimized with the Yoast SEO plugin v27.3 - https:\/\/yoast.com\/product\/yoast-seo-wordpress\/ -->\n<title>MAISON ALHAMBRA - YOUR TOUCH INTENSE EAU DE PARFUM Unisexe - 100ml - Maroc Prix<\/title>\n<meta name=\"description\" content=\"MAISON ALHAMBRA - YOUR TOUCH INTENSE EAU DE PARFUM Unisexe - 100ml\" \/>\n<meta name=\"robots\" content=\"index, follow, max-snippet:-1, max-image-preview:large, max-video-preview:-1\" \/>\n<link rel=\"canonical\" href=\"https:\/\/vitablanca.ma\/en\/product\/maison-alhambra-your-touch-intense-eau-de-parfum-unisexe-100ml\/\" \/>\n<meta property=\"og:locale\" content=\"en_US\" \/>\n<meta property=\"og:type\" content=\"article\" \/>\n<meta property=\"og:title\" content=\"MAISON ALHAMBRA - YOUR TOUCH INTENSE EAU DE PARFUM Unisexe - 100ml - Maroc Prix\" \/>\n<meta property=\"og:description\" content=\"MAISON ALHAMBRA - YOUR TOUCH INTENSE EAU DE PARFUM Unisexe - 100ml\" \/>\n<meta property=\"og:url\" content=\"https:\/\/vitablanca.ma\/en\/product\/maison-alhambra-your-touch-intense-eau-de-parfum-unisexe-100ml\/\" \/>\n<meta property=\"og:site_name\" content=\"Vitablanca.ma &ndash; Sant&eacute;, vitalit&eacute; et bien-&ecirc;tre pour tous les Marocains\" \/>\n<meta property=\"article:publisher\" content=\"https:\/\/www.facebook.com\/profile.php?id=61576678196717\" \/>\n<meta property=\"article:modified_time\" content=\"2026-03-15T23:08:53+00:00\" \/>\n<meta property=\"og:image\" content=\"https:\/\/vitablanca.ma\/wp-content\/uploads\/2026\/03\/MAISON_ALHAMBRA_-_YOUR_TOUCH_INTENSE_EAU_DE_PARFUM_Pour_Hommes_-_100ml_1_1.jpg\" \/>\n\t<meta property=\"og:image:width\" content=\"1080\" \/>\n\t<meta property=\"og:image:height\" content=\"1080\" \/>\n\t<meta property=\"og:image:type\" content=\"image\/jpeg\" \/>\n<meta name=\"twitter:card\" content=\"summary_large_image\" \/>\n<meta name=\"twitter:label1\" content=\"Est. reading time\" \/>\n\t<meta name=\"twitter:data1\" content=\"1 minute\" \/>\n<script type=\"application\/ld+json\" class=\"yoast-schema-graph\">{\"@context\":\"https:\\\/\\\/schema.org\",\"@graph\":[{\"@type\":[\"WebPage\",\"ItemPage\"],\"@id\":\"https:\\\/\\\/vitablanca.ma\\\/produit\\\/maison-alhambra-your-touch-intense-eau-de-parfum-unisexe-100ml\\\/\",\"url\":\"https:\\\/\\\/vitablanca.ma\\\/produit\\\/maison-alhambra-your-touch-intense-eau-de-parfum-unisexe-100ml\\\/\",\"name\":\"MAISON ALHAMBRA - YOUR TOUCH INTENSE EAU DE PARFUM Unisexe - 100ml - Maroc Prix\",\"isPartOf\":{\"@id\":\"https:\\\/\\\/vitablanca.ma\\\/#website\"},\"primaryImageOfPage\":{\"@id\":\"https:\\\/\\\/vitablanca.ma\\\/produit\\\/maison-alhambra-your-touch-intense-eau-de-parfum-unisexe-100ml\\\/#primaryimage\"},\"image\":{\"@id\":\"https:\\\/\\\/vitablanca.ma\\\/produit\\\/maison-alhambra-your-touch-intense-eau-de-parfum-unisexe-100ml\\\/#primaryimage\"},\"thumbnailUrl\":\"https:\\\/\\\/vitablanca.ma\\\/wp-content\\\/uploads\\\/2026\\\/03\\\/MAISON_ALHAMBRA_-_YOUR_TOUCH_INTENSE_EAU_DE_PARFUM_Pour_Hommes_-_100ml_1_1.jpg\",\"datePublished\":\"2026-03-04T01:50:50+00:00\",\"dateModified\":\"2026-03-15T23:08:53+00:00\",\"description\":\"MAISON ALHAMBRA - YOUR TOUCH INTENSE EAU DE PARFUM Unisexe - 100ml\",\"breadcrumb\":{\"@id\":\"https:\\\/\\\/vitablanca.ma\\\/produit\\\/maison-alhambra-your-touch-intense-eau-de-parfum-unisexe-100ml\\\/#breadcrumb\"},\"inLanguage\":\"en-US\",\"potentialAction\":[{\"@type\":\"ReadAction\",\"target\":[\"https:\\\/\\\/vitablanca.ma\\\/produit\\\/maison-alhambra-your-touch-intense-eau-de-parfum-unisexe-100ml\\\/\"]}]},{\"@type\":\"ImageObject\",\"inLanguage\":\"en-US\",\"@id\":\"https:\\\/\\\/vitablanca.ma\\\/produit\\\/maison-alhambra-your-touch-intense-eau-de-parfum-unisexe-100ml\\\/#primaryimage\",\"url\":\"https:\\\/\\\/vitablanca.ma\\\/wp-content\\\/uploads\\\/2026\\\/03\\\/MAISON_ALHAMBRA_-_YOUR_TOUCH_INTENSE_EAU_DE_PARFUM_Pour_Hommes_-_100ml_1_1.jpg\",\"contentUrl\":\"https:\\\/\\\/vitablanca.ma\\\/wp-content\\\/uploads\\\/2026\\\/03\\\/MAISON_ALHAMBRA_-_YOUR_TOUCH_INTENSE_EAU_DE_PARFUM_Pour_Hommes_-_100ml_1_1.jpg\",\"width\":1080,\"height\":1080},{\"@type\":\"BreadcrumbList\",\"@id\":\"https:\\\/\\\/vitablanca.ma\\\/produit\\\/maison-alhambra-your-touch-intense-eau-de-parfum-unisexe-100ml\\\/#breadcrumb\",\"itemListElement\":[{\"@type\":\"ListItem\",\"position\":1,\"name\":\"Home\",\"item\":\"https:\\\/\\\/vitablanca.ma\\\/\"},{\"@type\":\"ListItem\",\"position\":2,\"name\":\"Tous Les Produits\",\"item\":\"https:\\\/\\\/vitablanca.ma\\\/tous-les-produits\\\/\"},{\"@type\":\"ListItem\",\"position\":3,\"name\":\"MAISON ALHAMBRA &#8211; YOUR TOUCH INTENSE EAU DE PARFUM Unisexe &#8211; 100ml\"}]},{\"@type\":\"WebSite\",\"@id\":\"https:\\\/\\\/vitablanca.ma\\\/#website\",\"url\":\"https:\\\/\\\/vitablanca.ma\\\/\",\"name\":\"VitaBlanca.ma | Compl\u00e9ments alimentaires, sant\u00e9 & beaut\u00e9 au Maroc\",\"description\":\"vendre vitamines et compl\u00e9ments premium des USA &amp; Canada, Nouvelle Z\u00e9lande,Maroc (NOW Foods, Solgar, Manuka). Livraison rapide partout au Maroc.\",\"publisher\":{\"@id\":\"https:\\\/\\\/vitablanca.ma\\\/#organization\"},\"alternateName\":\"VitaBlanca.ma\",\"potentialAction\":[{\"@type\":\"SearchAction\",\"target\":{\"@type\":\"EntryPoint\",\"urlTemplate\":\"https:\\\/\\\/vitablanca.ma\\\/?s={search_term_string}\"},\"query-input\":{\"@type\":\"PropertyValueSpecification\",\"valueRequired\":true,\"valueName\":\"search_term_string\"}}],\"inLanguage\":\"en-US\"},{\"@type\":\"Organization\",\"@id\":\"https:\\\/\\\/vitablanca.ma\\\/#organization\",\"name\":\"VitaBlanca\",\"url\":\"https:\\\/\\\/vitablanca.ma\\\/\",\"logo\":{\"@type\":\"ImageObject\",\"inLanguage\":\"en-US\",\"@id\":\"https:\\\/\\\/vitablanca.ma\\\/#\\\/schema\\\/logo\\\/image\\\/\",\"url\":\"https:\\\/\\\/vitablanca.ma\\\/wp-content\\\/uploads\\\/2025\\\/05\\\/cropped-vitablanca.png\",\"contentUrl\":\"https:\\\/\\\/vitablanca.ma\\\/wp-content\\\/uploads\\\/2025\\\/05\\\/cropped-vitablanca.png\",\"width\":360,\"height\":67,\"caption\":\"VitaBlanca\"},\"image\":{\"@id\":\"https:\\\/\\\/vitablanca.ma\\\/#\\\/schema\\\/logo\\\/image\\\/\"},\"sameAs\":[\"https:\\\/\\\/www.facebook.com\\\/profile.php?id=61576678196717\",\"https:\\\/\\\/www.tiktok.com\\\/@vitablanca.ma\",\"https:\\\/\\\/www.instagram.com\\\/vitablanca.ma\\\/\"]}]}<\/script>\n<!-- \/ Yoast SEO plugin. -->","yoast_head_json":{"title":"MAISON ALHAMBRA - YOUR TOUCH INTENSE EAU DE PARFUM Unisexe - 100ml - Maroc Prix","description":"MAISON ALHAMBRA - YOUR TOUCH INTENSE EAU DE PARFUM Unisexe - 100ml","robots":{"index":"index","follow":"follow","max-snippet":"max-snippet:-1","max-image-preview":"max-image-preview:large","max-video-preview":"max-video-preview:-1"},"canonical":"https:\/\/vitablanca.ma\/en\/product\/maison-alhambra-your-touch-intense-eau-de-parfum-unisexe-100ml\/","og_locale":"en_US","og_type":"article","og_title":"MAISON ALHAMBRA - YOUR TOUCH INTENSE EAU DE PARFUM Unisexe - 100ml - Maroc Prix","og_description":"MAISON ALHAMBRA - YOUR TOUCH INTENSE EAU DE PARFUM Unisexe - 100ml","og_url":"https:\/\/vitablanca.ma\/en\/product\/maison-alhambra-your-touch-intense-eau-de-parfum-unisexe-100ml\/","og_site_name":"Vitablanca.ma &ndash; Sant&eacute;, vitalit&eacute; et bien-&ecirc;tre pour tous les Marocains","article_publisher":"https:\/\/www.facebook.com\/profile.php?id=61576678196717","article_modified_time":"2026-03-15T23:08:53+00:00","og_image":[{"width":1080,"height":1080,"url":"https:\/\/vitablanca.ma\/wp-content\/uploads\/2026\/03\/MAISON_ALHAMBRA_-_YOUR_TOUCH_INTENSE_EAU_DE_PARFUM_Pour_Hommes_-_100ml_1_1.jpg","type":"image\/jpeg"}],"twitter_card":"summary_large_image","twitter_misc":{"Est. reading time":"1 minute"},"schema":{"@context":"https:\/\/schema.org","@graph":[{"@type":["WebPage","ItemPage"],"@id":"https:\/\/vitablanca.ma\/produit\/maison-alhambra-your-touch-intense-eau-de-parfum-unisexe-100ml\/","url":"https:\/\/vitablanca.ma\/produit\/maison-alhambra-your-touch-intense-eau-de-parfum-unisexe-100ml\/","name":"MAISON ALHAMBRA - YOUR TOUCH INTENSE EAU DE PARFUM Unisexe - 100ml - Maroc Prix","isPartOf":{"@id":"https:\/\/vitablanca.ma\/#website"},"primaryImageOfPage":{"@id":"https:\/\/vitablanca.ma\/produit\/maison-alhambra-your-touch-intense-eau-de-parfum-unisexe-100ml\/#primaryimage"},"image":{"@id":"https:\/\/vitablanca.ma\/produit\/maison-alhambra-your-touch-intense-eau-de-parfum-unisexe-100ml\/#primaryimage"},"thumbnailUrl":"https:\/\/vitablanca.ma\/wp-content\/uploads\/2026\/03\/MAISON_ALHAMBRA_-_YOUR_TOUCH_INTENSE_EAU_DE_PARFUM_Pour_Hommes_-_100ml_1_1.jpg","datePublished":"2026-03-04T01:50:50+00:00","dateModified":"2026-03-15T23:08:53+00:00","description":"MAISON ALHAMBRA - YOUR TOUCH INTENSE EAU DE PARFUM Unisexe - 100ml","breadcrumb":{"@id":"https:\/\/vitablanca.ma\/produit\/maison-alhambra-your-touch-intense-eau-de-parfum-unisexe-100ml\/#breadcrumb"},"inLanguage":"en-US","potentialAction":[{"@type":"ReadAction","target":["https:\/\/vitablanca.ma\/produit\/maison-alhambra-your-touch-intense-eau-de-parfum-unisexe-100ml\/"]}]},{"@type":"ImageObject","inLanguage":"en-US","@id":"https:\/\/vitablanca.ma\/produit\/maison-alhambra-your-touch-intense-eau-de-parfum-unisexe-100ml\/#primaryimage","url":"https:\/\/vitablanca.ma\/wp-content\/uploads\/2026\/03\/MAISON_ALHAMBRA_-_YOUR_TOUCH_INTENSE_EAU_DE_PARFUM_Pour_Hommes_-_100ml_1_1.jpg","contentUrl":"https:\/\/vitablanca.ma\/wp-content\/uploads\/2026\/03\/MAISON_ALHAMBRA_-_YOUR_TOUCH_INTENSE_EAU_DE_PARFUM_Pour_Hommes_-_100ml_1_1.jpg","width":1080,"height":1080},{"@type":"BreadcrumbList","@id":"https:\/\/vitablanca.ma\/produit\/maison-alhambra-your-touch-intense-eau-de-parfum-unisexe-100ml\/#breadcrumb","itemListElement":[{"@type":"ListItem","position":1,"name":"Home","item":"https:\/\/vitablanca.ma\/"},{"@type":"ListItem","position":2,"name":"Tous Les Produits","item":"https:\/\/vitablanca.ma\/tous-les-produits\/"},{"@type":"ListItem","position":3,"name":"MAISON ALHAMBRA &#8211; YOUR TOUCH INTENSE EAU DE PARFUM Unisexe &#8211; 100ml"}]},{"@type":"WebSite","@id":"https:\/\/vitablanca.ma\/#website","url":"https:\/\/vitablanca.ma\/","name":"VitaBlanca.ma | Food supplements, health &amp; beauty in Morocco","description":"sell premium vitamins and supplements from USA &amp; Canada, New Zealand, Morocco (NOW Foods, Solgar, Manuka). Fast delivery anywhere in Morocco.","publisher":{"@id":"https:\/\/vitablanca.ma\/#organization"},"alternateName":"VitaBlanca.ma","potentialAction":[{"@type":"SearchAction","target":{"@type":"EntryPoint","urlTemplate":"https:\/\/vitablanca.ma\/?s={search_term_string}"},"query-input":{"@type":"PropertyValueSpecification","valueRequired":true,"valueName":"search_term_string"}}],"inLanguage":"en-US"},{"@type":"Organization","@id":"https:\/\/vitablanca.ma\/#organization","name":"VitaBlanca","url":"https:\/\/vitablanca.ma\/","logo":{"@type":"ImageObject","inLanguage":"en-US","@id":"https:\/\/vitablanca.ma\/#\/schema\/logo\/image\/","url":"https:\/\/vitablanca.ma\/wp-content\/uploads\/2025\/05\/cropped-vitablanca.png","contentUrl":"https:\/\/vitablanca.ma\/wp-content\/uploads\/2025\/05\/cropped-vitablanca.png","width":360,"height":67,"caption":"VitaBlanca"},"image":{"@id":"https:\/\/vitablanca.ma\/#\/schema\/logo\/image\/"},"sameAs":["https:\/\/www.facebook.com\/profile.php?id=61576678196717","https:\/\/www.tiktok.com\/@vitablanca.ma","https:\/\/www.instagram.com\/vitablanca.ma\/"]}]}},"jetpack_sharing_enabled":true,"_links":{"self":[{"href":"https:\/\/vitablanca.ma\/en\/wp-json\/wp\/v2\/product\/31242","targetHints":{"allow":["GET"]}}],"collection":[{"href":"https:\/\/vitablanca.ma\/en\/wp-json\/wp\/v2\/product"}],"about":[{"href":"https:\/\/vitablanca.ma\/en\/wp-json\/wp\/v2\/types\/product"}],"wp:featuredmedia":[{"embeddable":true,"href":"https:\/\/vitablanca.ma\/en\/wp-json\/wp\/v2\/media\/31238"}],"wp:attachment":[{"href":"https:\/\/vitablanca.ma\/en\/wp-json\/wp\/v2\/media?parent=31242"}],"wp:term":[{"taxonomy":"product_brand","embeddable":true,"href":"https:\/\/vitablanca.ma\/en\/wp-json\/wp\/v2\/product_brand?post=31242"},{"taxonomy":"product_cat","embeddable":true,"href":"https:\/\/vitablanca.ma\/en\/wp-json\/wp\/v2\/product_cat?post=31242"},{"taxonomy":"product_tag","embeddable":true,"href":"https:\/\/vitablanca.ma\/en\/wp-json\/wp\/v2\/product_tag?post=31242"}],"curies":[{"name":"wp","href":"https:\/\/api.w.org\/{rel}","templated":true}]}}