{"id":31213,"date":"2026-03-04T01:50:01","date_gmt":"2026-03-04T01:50:01","guid":{"rendered":"https:\/\/vitablanca.ma\/produit\/pink-eclipse-eau-de-parfum-maison-alhambra-pour-femme-100ml\/"},"modified":"2026-04-17T22:32:41","modified_gmt":"2026-04-17T22:32:41","slug":"pink-eclipse-eau-de-parfum-maison-alhambra-pour-femme-100ml","status":"publish","type":"product","link":"https:\/\/vitablanca.ma\/en\/product\/pink-eclipse-eau-de-parfum-maison-alhambra-pour-femme-100ml\/","title":{"rendered":"PINK ECLIPSE EAU DE PARFUM &#8211; MAISON ALHAMBRA Pour Femme 100ml"},"content":{"rendered":"<p><strong>PINK ECLIPSE EAU DE PARFUM MAISON ALHAMBRA 100ml <\/strong>en vaporisateur vibrante, con\u00e7ue<strong> pour les femmes<\/strong>, offrant une fragrance radieuse et captivante. La fragrance s\u2019ouvre sur un m\u00e9lange vif et rafra\u00eechissant de bergamote, de mandarine et de poire, offrant une entr\u00e9e en mati\u00e8re fruit\u00e9e et exaltante. En c\u0153ur, une harmonie florale de fleur d\u2019oranger, de jasmin et de n\u00e9roli se d\u00e9voile, apportant \u00e9l\u00e9gance et sophistication. Le fond est une douce et chaleureuse \u00e9treinte de vanille, de benjoin, de musc et d\u2019ambre, cr\u00e9ant un final doux et sensuel. Pink Eclipse est parfait pour celles qui appr\u00e9cient un parfum \u00e9quilibr\u00e9 et polyvalent, parfait en toute occasion.<\/p>\n<p class=\"MsoNormal\"><b>Olfactory notes:<\/b><\/p>\n<p><strong>Top notes<\/strong>: bergamote, mandarine, poire<\/p>\n<p><strong>Notes de coeur<\/strong>: fleur d\u2019oranger, jasmin, n\u00e9roli<\/p>\n<p><strong>Base notes<\/strong>: vanille, benjoin, musc, ambre<\/p>","protected":false},"excerpt":{"rendered":"<p>PINK ECLIPSE EAU DE PARFUM MAISON ALHAMBRA 100ml en vaporisateur vibrante, con\u00e7ue pour les femmes, offrant une fragrance radieuse et captivante. La fragrance s\u2019ouvre sur un m\u00e9lange vif et rafra\u00eechissant de bergamote, de mandarine et de poire, offrant une entr\u00e9e en mati\u00e8re fruit\u00e9e et exaltante. En c\u0153ur, une harmonie florale de fleur d\u2019oranger, de jasmin [&hellip;]<\/p>\n","protected":false},"featured_media":31210,"template":"","meta":{"om_disable_all_campaigns":false},"product_brand":[],"product_cat":[18,15,1091],"product_tag":[],"class_list":{"0":"post-31213","1":"product","2":"type-product","3":"status-publish","4":"has-post-thumbnail","6":"product_cat-beaute-sante","7":"product_cat-beaute-sante-complements-alimentaires-soins-et-bien-etre-au-meilleur-prix","8":"product_cat-beaute-parfums-maroc-prix","10":"first","11":"instock","12":"taxable","13":"shipping-taxable","14":"purchasable","15":"product-type-simple"},"yoast_head":"<!-- This site is optimized with the Yoast SEO plugin v27.5 - https:\/\/yoast.com\/product\/yoast-seo-wordpress\/ -->\n<title>PINK ECLIPSE EAU DE PARFUM - MAISON ALHAMBRA Pour Femme 100ml - Maroc Prix<\/title>\n<meta name=\"description\" content=\"PINK ECLIPSE EAU DE PARFUM - MAISON ALHAMBRA Pour Femme 100ml\" \/>\n<meta name=\"robots\" content=\"index, follow, max-snippet:-1, max-image-preview:large, max-video-preview:-1\" \/>\n<link rel=\"canonical\" href=\"https:\/\/vitablanca.ma\/en\/product\/pink-eclipse-eau-de-parfum-maison-alhambra-pour-femme-100ml\/\" \/>\n<meta property=\"og:locale\" content=\"en_US\" \/>\n<meta property=\"og:type\" content=\"article\" \/>\n<meta property=\"og:title\" content=\"PINK ECLIPSE EAU DE PARFUM - MAISON ALHAMBRA Pour Femme 100ml - Maroc Prix\" \/>\n<meta property=\"og:description\" content=\"PINK ECLIPSE EAU DE PARFUM - MAISON ALHAMBRA Pour Femme 100ml\" \/>\n<meta property=\"og:url\" content=\"https:\/\/vitablanca.ma\/en\/product\/pink-eclipse-eau-de-parfum-maison-alhambra-pour-femme-100ml\/\" \/>\n<meta property=\"og:site_name\" content=\"Vitablanca.ma &ndash; Sant&eacute;, vitalit&eacute; et bien-&ecirc;tre pour tous les Marocains\" \/>\n<meta property=\"article:publisher\" content=\"https:\/\/www.facebook.com\/profile.php?id=61576678196717\" \/>\n<meta property=\"article:modified_time\" content=\"2026-04-17T22:32:41+00:00\" \/>\n<meta property=\"og:image\" content=\"https:\/\/vitablanca.ma\/wp-content\/uploads\/2026\/03\/PINKECLIPSE.jpg\" \/>\n\t<meta property=\"og:image:width\" content=\"720\" \/>\n\t<meta property=\"og:image:height\" content=\"560\" \/>\n\t<meta property=\"og:image:type\" content=\"image\/jpeg\" \/>\n<meta name=\"twitter:card\" content=\"summary_large_image\" \/>\n<meta name=\"twitter:label1\" content=\"Est. reading time\" \/>\n\t<meta name=\"twitter:data1\" content=\"1 minute\" \/>\n<script type=\"application\/ld+json\" class=\"yoast-schema-graph\">{\"@context\":\"https:\\\/\\\/schema.org\",\"@graph\":[{\"@type\":[\"WebPage\",\"ItemPage\"],\"@id\":\"https:\\\/\\\/vitablanca.ma\\\/produit\\\/pink-eclipse-eau-de-parfum-maison-alhambra-pour-femme-100ml\\\/\",\"url\":\"https:\\\/\\\/vitablanca.ma\\\/produit\\\/pink-eclipse-eau-de-parfum-maison-alhambra-pour-femme-100ml\\\/\",\"name\":\"PINK ECLIPSE EAU DE PARFUM - MAISON ALHAMBRA Pour Femme 100ml - Maroc Prix\",\"isPartOf\":{\"@id\":\"https:\\\/\\\/vitablanca.ma\\\/#website\"},\"primaryImageOfPage\":{\"@id\":\"https:\\\/\\\/vitablanca.ma\\\/produit\\\/pink-eclipse-eau-de-parfum-maison-alhambra-pour-femme-100ml\\\/#primaryimage\"},\"image\":{\"@id\":\"https:\\\/\\\/vitablanca.ma\\\/produit\\\/pink-eclipse-eau-de-parfum-maison-alhambra-pour-femme-100ml\\\/#primaryimage\"},\"thumbnailUrl\":\"https:\\\/\\\/vitablanca.ma\\\/wp-content\\\/uploads\\\/2026\\\/03\\\/PINKECLIPSE.jpg\",\"datePublished\":\"2026-03-04T01:50:01+00:00\",\"dateModified\":\"2026-04-17T22:32:41+00:00\",\"description\":\"PINK ECLIPSE EAU DE PARFUM - MAISON ALHAMBRA Pour Femme 100ml\",\"breadcrumb\":{\"@id\":\"https:\\\/\\\/vitablanca.ma\\\/produit\\\/pink-eclipse-eau-de-parfum-maison-alhambra-pour-femme-100ml\\\/#breadcrumb\"},\"inLanguage\":\"en-US\",\"potentialAction\":[{\"@type\":\"ReadAction\",\"target\":[\"https:\\\/\\\/vitablanca.ma\\\/produit\\\/pink-eclipse-eau-de-parfum-maison-alhambra-pour-femme-100ml\\\/\"]}]},{\"@type\":\"ImageObject\",\"inLanguage\":\"en-US\",\"@id\":\"https:\\\/\\\/vitablanca.ma\\\/produit\\\/pink-eclipse-eau-de-parfum-maison-alhambra-pour-femme-100ml\\\/#primaryimage\",\"url\":\"https:\\\/\\\/vitablanca.ma\\\/wp-content\\\/uploads\\\/2026\\\/03\\\/PINKECLIPSE.jpg\",\"contentUrl\":\"https:\\\/\\\/vitablanca.ma\\\/wp-content\\\/uploads\\\/2026\\\/03\\\/PINKECLIPSE.jpg\",\"width\":720,\"height\":560},{\"@type\":\"BreadcrumbList\",\"@id\":\"https:\\\/\\\/vitablanca.ma\\\/produit\\\/pink-eclipse-eau-de-parfum-maison-alhambra-pour-femme-100ml\\\/#breadcrumb\",\"itemListElement\":[{\"@type\":\"ListItem\",\"position\":1,\"name\":\"Home\",\"item\":\"https:\\\/\\\/vitablanca.ma\\\/\"},{\"@type\":\"ListItem\",\"position\":2,\"name\":\"Tous Les Produits\",\"item\":\"https:\\\/\\\/vitablanca.ma\\\/tous-les-produits\\\/\"},{\"@type\":\"ListItem\",\"position\":3,\"name\":\"PINK ECLIPSE EAU DE PARFUM &#8211; MAISON ALHAMBRA Pour Femme 100ml\"}]},{\"@type\":\"WebSite\",\"@id\":\"https:\\\/\\\/vitablanca.ma\\\/#website\",\"url\":\"https:\\\/\\\/vitablanca.ma\\\/\",\"name\":\"VitaBlanca.ma | Compl\u00e9ments alimentaires, sant\u00e9 & beaut\u00e9 au Maroc\",\"description\":\"vendre vitamines et compl\u00e9ments premium des USA &amp; Canada, Nouvelle Z\u00e9lande,Maroc (NOW Foods, Solgar, Manuka). Livraison rapide partout au Maroc.\",\"publisher\":{\"@id\":\"https:\\\/\\\/vitablanca.ma\\\/#organization\"},\"alternateName\":\"VitaBlanca.ma\",\"potentialAction\":[{\"@type\":\"SearchAction\",\"target\":{\"@type\":\"EntryPoint\",\"urlTemplate\":\"https:\\\/\\\/vitablanca.ma\\\/?s={search_term_string}\"},\"query-input\":{\"@type\":\"PropertyValueSpecification\",\"valueRequired\":true,\"valueName\":\"search_term_string\"}}],\"inLanguage\":\"en-US\"},{\"@type\":\"Organization\",\"@id\":\"https:\\\/\\\/vitablanca.ma\\\/#organization\",\"name\":\"VitaBlanca\",\"url\":\"https:\\\/\\\/vitablanca.ma\\\/\",\"logo\":{\"@type\":\"ImageObject\",\"inLanguage\":\"en-US\",\"@id\":\"https:\\\/\\\/vitablanca.ma\\\/#\\\/schema\\\/logo\\\/image\\\/\",\"url\":\"https:\\\/\\\/vitablanca.ma\\\/wp-content\\\/uploads\\\/2025\\\/05\\\/cropped-vitablanca.png\",\"contentUrl\":\"https:\\\/\\\/vitablanca.ma\\\/wp-content\\\/uploads\\\/2025\\\/05\\\/cropped-vitablanca.png\",\"width\":360,\"height\":67,\"caption\":\"VitaBlanca\"},\"image\":{\"@id\":\"https:\\\/\\\/vitablanca.ma\\\/#\\\/schema\\\/logo\\\/image\\\/\"},\"sameAs\":[\"https:\\\/\\\/www.facebook.com\\\/profile.php?id=61576678196717\",\"https:\\\/\\\/www.tiktok.com\\\/@vitablanca.ma\",\"https:\\\/\\\/www.instagram.com\\\/vitablanca.ma\\\/\"]}]}<\/script>\n<!-- \/ Yoast SEO plugin. -->","yoast_head_json":{"title":"PINK ECLIPSE EAU DE PARFUM - MAISON ALHAMBRA Pour Femme 100ml - Maroc Prix","description":"PINK ECLIPSE EAU DE PARFUM - MAISON ALHAMBRA Pour Femme 100ml","robots":{"index":"index","follow":"follow","max-snippet":"max-snippet:-1","max-image-preview":"max-image-preview:large","max-video-preview":"max-video-preview:-1"},"canonical":"https:\/\/vitablanca.ma\/en\/product\/pink-eclipse-eau-de-parfum-maison-alhambra-pour-femme-100ml\/","og_locale":"en_US","og_type":"article","og_title":"PINK ECLIPSE EAU DE PARFUM - MAISON ALHAMBRA Pour Femme 100ml - Maroc Prix","og_description":"PINK ECLIPSE EAU DE PARFUM - MAISON ALHAMBRA Pour Femme 100ml","og_url":"https:\/\/vitablanca.ma\/en\/product\/pink-eclipse-eau-de-parfum-maison-alhambra-pour-femme-100ml\/","og_site_name":"Vitablanca.ma &ndash; Sant&eacute;, vitalit&eacute; et bien-&ecirc;tre pour tous les Marocains","article_publisher":"https:\/\/www.facebook.com\/profile.php?id=61576678196717","article_modified_time":"2026-04-17T22:32:41+00:00","og_image":[{"width":720,"height":560,"url":"https:\/\/vitablanca.ma\/wp-content\/uploads\/2026\/03\/PINKECLIPSE.jpg","type":"image\/jpeg"}],"twitter_card":"summary_large_image","twitter_misc":{"Est. reading time":"1 minute"},"schema":{"@context":"https:\/\/schema.org","@graph":[{"@type":["WebPage","ItemPage"],"@id":"https:\/\/vitablanca.ma\/produit\/pink-eclipse-eau-de-parfum-maison-alhambra-pour-femme-100ml\/","url":"https:\/\/vitablanca.ma\/produit\/pink-eclipse-eau-de-parfum-maison-alhambra-pour-femme-100ml\/","name":"PINK ECLIPSE EAU DE PARFUM - MAISON ALHAMBRA Pour Femme 100ml - Maroc Prix","isPartOf":{"@id":"https:\/\/vitablanca.ma\/#website"},"primaryImageOfPage":{"@id":"https:\/\/vitablanca.ma\/produit\/pink-eclipse-eau-de-parfum-maison-alhambra-pour-femme-100ml\/#primaryimage"},"image":{"@id":"https:\/\/vitablanca.ma\/produit\/pink-eclipse-eau-de-parfum-maison-alhambra-pour-femme-100ml\/#primaryimage"},"thumbnailUrl":"https:\/\/vitablanca.ma\/wp-content\/uploads\/2026\/03\/PINKECLIPSE.jpg","datePublished":"2026-03-04T01:50:01+00:00","dateModified":"2026-04-17T22:32:41+00:00","description":"PINK ECLIPSE EAU DE PARFUM - MAISON ALHAMBRA Pour Femme 100ml","breadcrumb":{"@id":"https:\/\/vitablanca.ma\/produit\/pink-eclipse-eau-de-parfum-maison-alhambra-pour-femme-100ml\/#breadcrumb"},"inLanguage":"en-US","potentialAction":[{"@type":"ReadAction","target":["https:\/\/vitablanca.ma\/produit\/pink-eclipse-eau-de-parfum-maison-alhambra-pour-femme-100ml\/"]}]},{"@type":"ImageObject","inLanguage":"en-US","@id":"https:\/\/vitablanca.ma\/produit\/pink-eclipse-eau-de-parfum-maison-alhambra-pour-femme-100ml\/#primaryimage","url":"https:\/\/vitablanca.ma\/wp-content\/uploads\/2026\/03\/PINKECLIPSE.jpg","contentUrl":"https:\/\/vitablanca.ma\/wp-content\/uploads\/2026\/03\/PINKECLIPSE.jpg","width":720,"height":560},{"@type":"BreadcrumbList","@id":"https:\/\/vitablanca.ma\/produit\/pink-eclipse-eau-de-parfum-maison-alhambra-pour-femme-100ml\/#breadcrumb","itemListElement":[{"@type":"ListItem","position":1,"name":"Home","item":"https:\/\/vitablanca.ma\/"},{"@type":"ListItem","position":2,"name":"Tous Les Produits","item":"https:\/\/vitablanca.ma\/tous-les-produits\/"},{"@type":"ListItem","position":3,"name":"PINK ECLIPSE EAU DE PARFUM &#8211; MAISON ALHAMBRA Pour Femme 100ml"}]},{"@type":"WebSite","@id":"https:\/\/vitablanca.ma\/#website","url":"https:\/\/vitablanca.ma\/","name":"VitaBlanca.ma | Food supplements, health &amp; beauty in Morocco","description":"sell premium vitamins and supplements from USA &amp; Canada, New Zealand, Morocco (NOW Foods, Solgar, Manuka). Fast delivery anywhere in Morocco.","publisher":{"@id":"https:\/\/vitablanca.ma\/#organization"},"alternateName":"VitaBlanca.ma","potentialAction":[{"@type":"SearchAction","target":{"@type":"EntryPoint","urlTemplate":"https:\/\/vitablanca.ma\/?s={search_term_string}"},"query-input":{"@type":"PropertyValueSpecification","valueRequired":true,"valueName":"search_term_string"}}],"inLanguage":"en-US"},{"@type":"Organization","@id":"https:\/\/vitablanca.ma\/#organization","name":"VitaBlanca","url":"https:\/\/vitablanca.ma\/","logo":{"@type":"ImageObject","inLanguage":"en-US","@id":"https:\/\/vitablanca.ma\/#\/schema\/logo\/image\/","url":"https:\/\/vitablanca.ma\/wp-content\/uploads\/2025\/05\/cropped-vitablanca.png","contentUrl":"https:\/\/vitablanca.ma\/wp-content\/uploads\/2025\/05\/cropped-vitablanca.png","width":360,"height":67,"caption":"VitaBlanca"},"image":{"@id":"https:\/\/vitablanca.ma\/#\/schema\/logo\/image\/"},"sameAs":["https:\/\/www.facebook.com\/profile.php?id=61576678196717","https:\/\/www.tiktok.com\/@vitablanca.ma","https:\/\/www.instagram.com\/vitablanca.ma\/"]}]}},"jetpack_sharing_enabled":true,"_links":{"self":[{"href":"https:\/\/vitablanca.ma\/en\/wp-json\/wp\/v2\/product\/31213","targetHints":{"allow":["GET"]}}],"collection":[{"href":"https:\/\/vitablanca.ma\/en\/wp-json\/wp\/v2\/product"}],"about":[{"href":"https:\/\/vitablanca.ma\/en\/wp-json\/wp\/v2\/types\/product"}],"wp:featuredmedia":[{"embeddable":true,"href":"https:\/\/vitablanca.ma\/en\/wp-json\/wp\/v2\/media\/31210"}],"wp:attachment":[{"href":"https:\/\/vitablanca.ma\/en\/wp-json\/wp\/v2\/media?parent=31213"}],"wp:term":[{"taxonomy":"product_brand","embeddable":true,"href":"https:\/\/vitablanca.ma\/en\/wp-json\/wp\/v2\/product_brand?post=31213"},{"taxonomy":"product_cat","embeddable":true,"href":"https:\/\/vitablanca.ma\/en\/wp-json\/wp\/v2\/product_cat?post=31213"},{"taxonomy":"product_tag","embeddable":true,"href":"https:\/\/vitablanca.ma\/en\/wp-json\/wp\/v2\/product_tag?post=31213"}],"curies":[{"name":"wp","href":"https:\/\/api.w.org\/{rel}","templated":true}]}}